{"id":10,"date":"2019-06-17T14:09:49","date_gmt":"2019-06-17T12:09:49","guid":{"rendered":"https:\/\/lethiguel.com\/de\/?page_id=10"},"modified":"2020-10-05T14:37:46","modified_gmt":"2020-10-05T12:37:46","slug":"accueil","status":"publish","type":"page","link":"https:\/\/lethiguel.com\/de\/","title":{"rendered":"Startseite"},"content":{"rendered":"<section class=\"wpb-content-wrapper\"><p>[vc_row type=&#8220;vc_default&#8220; el_class=&#8220;bloc-girafe-tablette-mobile-al&#8220;][vc_column][\/vc_column][\/vc_row][vc_row type=&#8220;vc_default&#8220; full_width=&#8220;stretch_row&#8220; el_class=&#8220;bloc-girafe-al&#8220;][vc_column animation=&#8220;fadeInDown&#8220;][vc_row_inner][vc_column_inner el_class=&#8220;bloc-1-girage&#8220; width=&#8220;1\/3&#8243;][vc_column_text el_class=&#8220;texteblanc&#8220;]<\/p>\n<h3>Lethiguel ist eine franz\u00f6sische Hightech-Marke f\u00fcr thermische L\u00f6sungen.<\/h3>\n<p>Das Unternehmen konzipiert, produziert und liefert K\u00fchl- und Heizl\u00f6sungen f\u00fcr die Leichtmetallgussindustrie.<\/p>\n<p>Ein Team von 40 Mitarbeitern widmet sich voll und ganz der Unterst\u00fctzung und Belieferung anspruchsvoller Unternehmen in einem anspruchsvollen Markt.<\/p>\n<p>Durch seine Innovation und sein Engagement hat sich Lethiguel als Unternehmen einen ausgezeichneten Ruf erworben, der sich als zuverl\u00e4ssiger Partner und vertrauensw\u00fcrdiger L\u00f6sungsanbieter f\u00fcr die globale Gie\u00dfereiindustrie erwiesen hat.[\/vc_column_text][vc_btn title=&#8220;More&#8220; style=&#8220;outline-custom&#8220; outline_custom_color=&#8220;#ffffff&#8220; outline_custom_hover_background=&#8220;#ffffff&#8220; outline_custom_hover_text=&#8220;#565656&#8243; shape=&#8220;round&#8220; css=&#8220;.vc_custom_1561393458204{margin-bottom: 30px !important;}&#8220; link=&#8220;url:https%3A%2F%2Flethiguel.com\/de%2Fcontact.html|title:Contact||&#8220;][\/vc_column_inner][vc_column_inner width=&#8220;2\/3&#8243;][\/vc_column_inner][\/vc_row_inner][\/vc_column][\/vc_row][vc_row type=&#8220;vc_default&#8220; equal_height=&#8220;yes&#8220; el_class=&#8220;ensemble-bloc-gris-sombre-produit-home-page&#8220;][vc_column width=&#8220;1\/2&#8243; animation=&#8220;fadeInLeft&#8220;][vc_column_text]<\/p>\n<h3>Heizl\u00f6sungen<\/h3>\n<p>[\/vc_column_text][vc_separator color=&#8220;custom&#8220; accent_color=&#8220;#cccccc&#8220; css=&#8220;.vc_custom_1560777974819{margin-top: -15px !important;}&#8220;][vc_row_inner][vc_column_inner el_class=&#8220;bloc-gris-sombre&#8220; width=&#8220;1\/2&#8243;][vc_single_image image=&#8220;353&#8243; img_size=&#8220;full&#8220; alignment=&#8220;center&#8220; onclick=&#8220;custom_link&#8220; link=&#8220;https:\/\/lethiguel.com\/de\/heiz-entgasungsstation-twiga.html&#8220; el_class=&#8220;blocimg&#8220;][vc_column_text el_class=&#8220;texteblanc&#8220;]<\/p>\n<h3 style=\"text-align: center;\"><span style=\"color: #cf302d;\">Twiga<\/span><\/h3>\n<p>Twiga ist die neueste Lethiguel <strong>Aluminium Warmhaltestation<\/strong> . Entwickelt zur Optimierung des Arbeitsraumes und des Energieverbrauchs, Twiga kann an jede Art von Transportpfanne angepasst werden und kann dank eines adaptiven Deckelhalters mit <strong class=\"d2b\">Entgasungssystem<\/strong> angeboten werden. Montiert mit Lethiguel\u00a0<a href=\"https:\/\/lethiguel.com\/de\/tauchheizkoerper-thermal-power.html\">Tauchheizk\u00f6rper<\/a>, Twiga erm\u00f6glicht eine hohe Aufheizgeschwindigkeit und geringe W\u00e4rmeverluste.[\/vc_column_text][vc_btn title=&#8220;Mehr erfahren&#8220; style=&#8220;custom&#8220; custom_background=&#8220;#ffffff&#8220; custom_text=&#8220;#383838&#8243; shape=&#8220;round&#8220; align=&#8220;center&#8220; link=&#8220;url:https%3A%2F%2Flethiguel.com%2Fde%2Fheiz-entgasungsstation-twiga.html|title:WattMobil||&#8220; el_class=&#8220;btn-home&#8220;][\/vc_column_inner][vc_column_inner el_class=&#8220;bloc-gris-sombre&#8220; width=&#8220;1\/2&#8243;][vc_single_image image=&#8220;337&#8243; img_size=&#8220;full&#8220; alignment=&#8220;center&#8220; onclick=&#8220;custom_link&#8220; link=&#8220;https:\/\/lethiguel.com\/de\/aluminium-warmhalteofenlinie-al-clean.html&#8220; el_class=&#8220;blocimg&#8220;][vc_column_text el_class=&#8220;texteblanc&#8220;]<\/p>\n<h3 style=\"text-align: center;\"><span style=\"color: #cf302d;\">Al Clean<\/span><\/h3>\n<p>Al Clean ist Lethiguel <strong class=\"d2b\">Aluminium-Warmhalteofen<\/strong>. Entwickelt zur Optimierung der Aluminiumqualit\u00e4t und des Energieverbrauchs, Al Clean verwendet das effizienteste Heizsystem auf dem Markt, um einen sehr niedrigen Energieverbrauch und eine hohe Heizgeschwindigkeit zu kombinieren. Montiert mit <a href=\"https:\/\/lethiguel.com\/de\/tauchheizkoerper-thermal-power.html\">Lethiguel Tauchheizk\u00f6rper<\/a>, Al Clean optimiert die <strong class=\"d2b\">Qualit\u00e4t von Aluminium<\/strong>.[\/vc_column_text][vc_btn title=&#8220;Mehr erfahren&#8220; style=&#8220;custom&#8220; custom_background=&#8220;#ffffff&#8220; custom_text=&#8220;#383838&#8243; shape=&#8220;round&#8220; align=&#8220;center&#8220; link=&#8220;url:https%3A%2F%2Flethiguel.com%2Fde%2Faluminium-warmhalteofenlinie-al-clean.html|title:Al%20Clean||&#8220; el_class=&#8220;btn-home&#8220;][\/vc_column_inner][\/vc_row_inner][\/vc_column][vc_column width=&#8220;1\/2&#8243; animation=&#8220;fadeInRight&#8220;][vc_column_text]<\/p>\n<h3>K\u00fchlungsl\u00f6sungen<\/h3>\n<p>[\/vc_column_text][vc_separator color=&#8220;custom&#8220; accent_color=&#8220;#cccccc&#8220; css=&#8220;.vc_custom_1560777981537{margin-top: -15px !important;}&#8220;][vc_row_inner][vc_column_inner el_class=&#8220;bloc-gris-sombre&#8220; width=&#8220;1\/2&#8243;][vc_single_image image=&#8220;475&#8243; img_size=&#8220;full&#8220; alignment=&#8220;center&#8220; onclick=&#8220;custom_link&#8220; link=&#8220;https:\/\/lethiguel.com\/de\/spotcool-evolution.html&#8220; el_class=&#8220;blocimg&#8220;][vc_column_text el_class=&#8220;texteblanc&#8220;]<\/p>\n<h3 style=\"text-align: center;\"><span style=\"color: #009fe1;\">SpotCool Evolution<\/span><\/h3>\n<p>SpotCool Evolution ist die Lethiguel Antwort auf die neuesten Transformationen von Markt und Technologie bei <strong class=\"d2b\">K\u00fchll\u00f6sungen<\/strong> in der <strong class=\"d2b\">Gie\u00dfereiindustrie<\/strong>. Diese Maschine integriert die Essenz der Innovation in der <strong class=\"d2b\">M2M-Kommunikation<\/strong> (Machine-to-Machine), mit <strong class=\"d2b\">DCM-Daten\u00fcbertragung<\/strong> von acht Messstellen, einschlie\u00dflich Durchfluss und Druck f\u00fcr jeden Kreis, Zuluft- und HD-Pumpe Eingangsdruck, Wasserleitf\u00e4higkeit.[\/vc_column_text][vc_btn title=&#8220;Mehr erfahren&#8220; style=&#8220;custom&#8220; custom_background=&#8220;#ffffff&#8220; custom_text=&#8220;#383838&#8243; shape=&#8220;round&#8220; align=&#8220;center&#8220; link=&#8220;url:https%3A%2F%2Flethiguel.com%2Fde%2Fspotcool-evolution.html|title:SpotCool%20Evolution||&#8220; el_class=&#8220;btn-home&#8220;][\/vc_column_inner][vc_column_inner el_class=&#8220;bloc-gris-sombre&#8220; width=&#8220;1\/2&#8243;][vc_single_image image=&#8220;270&#8243; img_size=&#8220;full&#8220; alignment=&#8220;center&#8220; onclick=&#8220;custom_link&#8220; link=&#8220;https:\/\/lethiguel.com\/de\/wasser-durchfluss-kontrollsystem.html&#8220; el_class=&#8220;blocimg&#8220;][vc_column_text el_class=&#8220;texteblanc&#8220;]<\/p>\n<h3 style=\"text-align: center;\"><span style=\"color: #009fe1;\">FlowMaster<\/span><\/h3>\n<p>Langj\u00e4hrige Erfahrung in <strong class=\"d2b\">Jet Cooling Technologie<\/strong> hilft Lethiguel bei der Entwicklung eines FlowMaster Systems, das es erm\u00f6glicht, die <a href=\"https:\/\/lethiguel.com\/de\/jet-cooler-giesserei-kuhlsystem.html\">Jet Cooling<\/a> Anwendern, um den Str\u00f6mungszustand in Echtzeit und f\u00fcr alle K\u00fchlstellen pr\u00e4zise zu \u00fcberwachen. Auf diese Weise wird die vorbeugende Instandhaltung einfacher und vorausschauender, wodurch wertvolle Ressourcen f\u00fcr die Druckgie\u00dfer eingespart und eine hohe Produktivit\u00e4t erm\u00f6glicht wird.[\/vc_column_text][vc_btn title=&#8220;Mehr erfahren&#8220; style=&#8220;custom&#8220; custom_background=&#8220;#ffffff&#8220; custom_text=&#8220;#383838&#8243; shape=&#8220;round&#8220; align=&#8220;center&#8220; link=&#8220;url:https%3A%2F%2Flethiguel.com%2Fde%2Fwasser-durchfluss-kontrollsystem.html|title:Manifolds||&#8220; el_class=&#8220;btn-home&#8220;][\/vc_column_inner][\/vc_row_inner][\/vc_column][\/vc_row][vc_row type=&#8220;vc_default&#8220; full_width=&#8220;stretch_row&#8220; el_class=&#8220;pingouin-al&#8220;][vc_column][\/vc_column][\/vc_row]<\/p>\n<\/section>","protected":false},"excerpt":{"rendered":"<p>[vc_row type=&#8220;vc_default&#8220; el_class=&#8220;bloc-girafe-tablette-mobile-al&#8220;][vc_column][\/vc_column][\/vc_row][vc_row type=&#8220;vc_default&#8220; full_width=&#8220;stretch_row&#8220; el_class=&#8220;bloc-girafe-al&#8220;][vc_column animation=&#8220;fadeInDown&#8220;][vc_row_inner][vc_column_inner el_class=&#8220;bloc-1-girage&#8220; width=&#8220;1\/3&#8243;][vc_column_text el_class=&#8220;texteblanc&#8220;] Lethiguel ist eine franz\u00f6sische Hightech-Marke f\u00fcr thermische L\u00f6sungen. Das Unternehmen konzipiert, produziert und liefert K\u00fchl- und Heizl\u00f6sungen f\u00fcr die Leichtmetallgussindustrie. Ein Team von 40 Mitarbeitern widmet sich voll und ganz der Unterst\u00fctzung und Belieferung anspruchsvoller Unternehmen in einem anspruchsvollen Markt. Durch seine Innovation und sein&hellip;<\/p>\n","protected":false},"author":1,"featured_media":0,"parent":0,"menu_order":0,"comment_status":"closed","ping_status":"closed","template":"","meta":{"footnotes":""},"class_list":["post-10","page","type-page","status-publish","hentry","description-off"],"yoast_head":"<!-- This site is optimized with the Yoast SEO plugin v27.4 - https:\/\/yoast.com\/product\/yoast-seo-wordpress\/ -->\n<title>Lethiguel<\/title>\n<meta name=\"description\" content=\"Wir bieten integrierte thermische L\u00f6sungen f\u00fcr weltweiten Aluminium druckguss und Gie\u00dferei. Wir m\u00f6chten Ihre Effizienz und Produktivit\u00e4t optimieren.\" \/>\n<meta name=\"robots\" content=\"index, follow, max-snippet:-1, max-image-preview:large, max-video-preview:-1\" \/>\n<link rel=\"canonical\" href=\"https:\/\/lethiguel.com\/de\/\" \/>\n<meta property=\"og:locale\" content=\"de_DE\" \/>\n<meta property=\"og:type\" content=\"article\" \/>\n<meta property=\"og:title\" content=\"Lethiguel\" \/>\n<meta property=\"og:description\" content=\"Wir bieten integrierte thermische L\u00f6sungen f\u00fcr weltweiten Aluminium druckguss und Gie\u00dferei. Wir m\u00f6chten Ihre Effizienz und Produktivit\u00e4t optimieren.\" \/>\n<meta property=\"og:url\" content=\"https:\/\/lethiguel.com\/de\/\" \/>\n<meta property=\"og:site_name\" content=\"Lethiguel Deutsch\" \/>\n<meta property=\"article:modified_time\" content=\"2020-10-05T12:37:46+00:00\" \/>\n<meta name=\"twitter:card\" content=\"summary_large_image\" \/>\n<meta name=\"twitter:label1\" content=\"Gesch\u00e4tzte Lesezeit\" \/>\n\t<meta name=\"twitter:data1\" content=\"4\u00a0Minuten\" \/>\n<script type=\"application\/ld+json\" class=\"yoast-schema-graph\">{\"@context\":\"https:\\\/\\\/schema.org\",\"@graph\":[{\"@type\":\"WebPage\",\"@id\":\"https:\\\/\\\/lethiguel.com\\\/de\\\/\",\"url\":\"https:\\\/\\\/lethiguel.com\\\/de\\\/\",\"name\":\"Lethiguel\",\"isPartOf\":{\"@id\":\"https:\\\/\\\/lethiguel.com\\\/de\\\/#website\"},\"datePublished\":\"2019-06-17T12:09:49+00:00\",\"dateModified\":\"2020-10-05T12:37:46+00:00\",\"description\":\"Wir bieten integrierte thermische L\u00f6sungen f\u00fcr weltweiten Aluminium druckguss und Gie\u00dferei. Wir m\u00f6chten Ihre Effizienz und Produktivit\u00e4t optimieren.\",\"breadcrumb\":{\"@id\":\"https:\\\/\\\/lethiguel.com\\\/de\\\/#breadcrumb\"},\"inLanguage\":\"de\",\"potentialAction\":[{\"@type\":\"ReadAction\",\"target\":[\"https:\\\/\\\/lethiguel.com\\\/de\\\/\"]}]},{\"@type\":\"BreadcrumbList\",\"@id\":\"https:\\\/\\\/lethiguel.com\\\/de\\\/#breadcrumb\",\"itemListElement\":[{\"@type\":\"ListItem\",\"position\":1,\"name\":\"Accueil\",\"item\":\"https:\\\/\\\/lethiguel.com\\\/de\\\/\"},{\"@type\":\"ListItem\",\"position\":2,\"name\":\"Startseite\"}]},{\"@type\":\"WebSite\",\"@id\":\"https:\\\/\\\/lethiguel.com\\\/de\\\/#website\",\"url\":\"https:\\\/\\\/lethiguel.com\\\/de\\\/\",\"name\":\"Lethiguel Deutsch\",\"description\":\"Heating and cooling solutions\",\"potentialAction\":[{\"@type\":\"SearchAction\",\"target\":{\"@type\":\"EntryPoint\",\"urlTemplate\":\"https:\\\/\\\/lethiguel.com\\\/de\\\/?s={search_term_string}\"},\"query-input\":{\"@type\":\"PropertyValueSpecification\",\"valueRequired\":true,\"valueName\":\"search_term_string\"}}],\"inLanguage\":\"de\"}]}<\/script>\n<!-- \/ Yoast SEO plugin. -->","yoast_head_json":{"title":"Lethiguel","description":"Wir bieten integrierte thermische L\u00f6sungen f\u00fcr weltweiten Aluminium druckguss und Gie\u00dferei. Wir m\u00f6chten Ihre Effizienz und Produktivit\u00e4t optimieren.","robots":{"index":"index","follow":"follow","max-snippet":"max-snippet:-1","max-image-preview":"max-image-preview:large","max-video-preview":"max-video-preview:-1"},"canonical":"https:\/\/lethiguel.com\/de\/","og_locale":"de_DE","og_type":"article","og_title":"Lethiguel","og_description":"Wir bieten integrierte thermische L\u00f6sungen f\u00fcr weltweiten Aluminium druckguss und Gie\u00dferei. Wir m\u00f6chten Ihre Effizienz und Produktivit\u00e4t optimieren.","og_url":"https:\/\/lethiguel.com\/de\/","og_site_name":"Lethiguel Deutsch","article_modified_time":"2020-10-05T12:37:46+00:00","twitter_card":"summary_large_image","twitter_misc":{"Gesch\u00e4tzte Lesezeit":"4\u00a0Minuten"},"schema":{"@context":"https:\/\/schema.org","@graph":[{"@type":"WebPage","@id":"https:\/\/lethiguel.com\/de\/","url":"https:\/\/lethiguel.com\/de\/","name":"Lethiguel","isPartOf":{"@id":"https:\/\/lethiguel.com\/de\/#website"},"datePublished":"2019-06-17T12:09:49+00:00","dateModified":"2020-10-05T12:37:46+00:00","description":"Wir bieten integrierte thermische L\u00f6sungen f\u00fcr weltweiten Aluminium druckguss und Gie\u00dferei. Wir m\u00f6chten Ihre Effizienz und Produktivit\u00e4t optimieren.","breadcrumb":{"@id":"https:\/\/lethiguel.com\/de\/#breadcrumb"},"inLanguage":"de","potentialAction":[{"@type":"ReadAction","target":["https:\/\/lethiguel.com\/de\/"]}]},{"@type":"BreadcrumbList","@id":"https:\/\/lethiguel.com\/de\/#breadcrumb","itemListElement":[{"@type":"ListItem","position":1,"name":"Accueil","item":"https:\/\/lethiguel.com\/de\/"},{"@type":"ListItem","position":2,"name":"Startseite"}]},{"@type":"WebSite","@id":"https:\/\/lethiguel.com\/de\/#website","url":"https:\/\/lethiguel.com\/de\/","name":"Lethiguel Deutsch","description":"Heating and cooling solutions","potentialAction":[{"@type":"SearchAction","target":{"@type":"EntryPoint","urlTemplate":"https:\/\/lethiguel.com\/de\/?s={search_term_string}"},"query-input":{"@type":"PropertyValueSpecification","valueRequired":true,"valueName":"search_term_string"}}],"inLanguage":"de"}]}},"_links":{"self":[{"href":"https:\/\/lethiguel.com\/de\/wp-json\/wp\/v2\/pages\/10","targetHints":{"allow":["GET"]}}],"collection":[{"href":"https:\/\/lethiguel.com\/de\/wp-json\/wp\/v2\/pages"}],"about":[{"href":"https:\/\/lethiguel.com\/de\/wp-json\/wp\/v2\/types\/page"}],"author":[{"embeddable":true,"href":"https:\/\/lethiguel.com\/de\/wp-json\/wp\/v2\/users\/1"}],"replies":[{"embeddable":true,"href":"https:\/\/lethiguel.com\/de\/wp-json\/wp\/v2\/comments?post=10"}],"version-history":[{"count":87,"href":"https:\/\/lethiguel.com\/de\/wp-json\/wp\/v2\/pages\/10\/revisions"}],"predecessor-version":[{"id":1803,"href":"https:\/\/lethiguel.com\/de\/wp-json\/wp\/v2\/pages\/10\/revisions\/1803"}],"wp:attachment":[{"href":"https:\/\/lethiguel.com\/de\/wp-json\/wp\/v2\/media?parent=10"}],"curies":[{"name":"wp","href":"https:\/\/api.w.org\/{rel}","templated":true}]}}