{"id":1036,"date":"2020-07-15T13:06:08","date_gmt":"2020-07-15T11:06:08","guid":{"rendered":"https:\/\/lethiguel.com\/de\/?page_id=1036"},"modified":"2020-07-15T13:36:52","modified_gmt":"2020-07-15T11:36:52","slug":"wattmobil-case-study","status":"publish","type":"page","link":"https:\/\/lethiguel.com\/de\/wattmobil-case-study.html","title":{"rendered":"WattMobil Fallstudie"},"content":{"rendered":"<section class=\"wpb-content-wrapper\"><p>[vc_row][vc_column width=&#8220;1\/2&#8243;][vc_column_text]<\/p>\n<h2>Aktuelle Ausgabe:<\/h2>\n<p>[\/vc_column_text][vc_separator color=&#8220;custom&#8220; align=&#8220;align_left&#8220; border_width=&#8220;2&#8243; el_width=&#8220;20&#8243; accent_color=&#8220;#dd3333&#8243; css=&#8220;.vc_custom_1571141349566{margin-top: -20px !important;}&#8220;][vc_column_text css=&#8220;.vc_custom_1594810657786{padding-bottom: 40px !important;}&#8220;]Ofenwartung f\u00fcr Aluminium in der Druckgussgie\u00dferei. Der Ofen wird auf einem ein Heizgew\u00f6lbe gewartet. Nach Abschluss der Wartung dauert es vier Stunden, um bis auf die Gie\u00dftemperatur (675 \u00b0C) zu erhitzen.[\/vc_column_text][vc_column_text]<\/p>\n<h2>Ofen-Info:<\/h2>\n<p>[\/vc_column_text][vc_separator color=&#8220;custom&#8220; align=&#8220;align_left&#8220; border_width=&#8220;2&#8243; el_width=&#8220;20&#8243; accent_color=&#8220;#dd3333&#8243; css=&#8220;.vc_custom_1571141476428{margin-top: -20px !important;}&#8220;][vc_column_text css=&#8220;.vc_custom_1594810678333{padding-bottom: 40px !important;}&#8220;]<\/p>\n<ul>\n<li>Ofenkapazit\u00e4t: 1500 kg<\/li>\n<li>Gie\u00dftemperatur: 675 \u00b0C<\/li>\n<li>Ofentyp: Heizst\u00e4be<\/li>\n<\/ul>\n<p>[\/vc_column_text][vc_column_text]<\/p>\n<h2>Lethiguels L\u00f6sung<\/h2>\n<p>[\/vc_column_text][vc_separator color=&#8220;custom&#8220; align=&#8220;align_left&#8220; border_width=&#8220;2&#8243; el_width=&#8220;20&#8243; accent_color=&#8220;#dd3333&#8243; css=&#8220;.vc_custom_1571141724896{margin-top: -20px !important;}&#8220;][vc_column_text css=&#8220;.vc_custom_1594810695215{padding-bottom: 40px !important;}&#8220;]WattMobil mit einem 14 kW Thermal Power Heizer<\/p>\n<p>Der Heizer wurde um 09.40 Uhr mit 636 \u00b0C gestartet[\/vc_column_text][\/vc_column][vc_column width=&#8220;1\/2&#8243;][vc_single_image image=&#8220;1072&#8243; img_size=&#8220;400&#215;400&#8243; alignment=&#8220;center&#8220;][vc_row_inner][vc_column_inner][vc_single_image image=&#8220;1074&#8243; img_size=&#8220;400&#215;400&#8243; alignment=&#8220;center&#8220;][\/vc_column_inner][\/vc_row_inner][\/vc_column][\/vc_row][vc_row][vc_column][vc_column_text css=&#8220;.vc_custom_1571141821209{margin-top: -20px !important;}&#8220;]<\/p>\n<h2>Results:<\/h2>\n<p>[\/vc_column_text][vc_separator color=&#8220;custom&#8220; align=&#8220;align_left&#8220; border_width=&#8220;2&#8243; el_width=&#8220;20&#8243; accent_color=&#8220;#dd3333&#8243; css=&#8220;.vc_custom_1571141909431{margin-top: -20px !important;}&#8220;][vc_single_image image=&#8220;1592&#8243; img_size=&#8220;full&#8220; alignment=&#8220;center&#8220; onclick=&#8220;zoom&#8220;][vc_column_text]<span style=\"color: #ff0000;\"><strong>Rote Linie: Mit WattMobil, gestartet um 09.40 Uhr<\/strong><\/span><\/p>\n<p><span style=\"color: #0000ff;\"><strong>Blaue Linie: Ohne WattMobil<\/strong><\/span><\/p>\n<p><span style=\"color: #339966;\"><strong>Gr\u00fcne Linie: Mit WattMobil, gestartet von Beginn an<\/strong><\/span>[\/vc_column_text][vc_column_text]Es dauerte 1 Stunde 20 Minuten, um die Gie\u00dftemperatur zu erreichen und die Produktion wieder aufzunehmen.<\/p>\n<p>Im Vergleich zur bestehenden L\u00f6sung reduzierte das WattMobil die Wartungszeit auf 2 Stunden und 40 Min. anstatt 7 Stunden![\/vc_column_text][vc_row_inner][vc_column_inner][vc_column_text]<\/p>\n<h2>Vorschl\u00e4ge:<\/h2>\n<p>[\/vc_column_text][vc_separator color=&#8220;custom&#8220; align=&#8220;align_left&#8220; border_width=&#8220;2&#8243; el_width=&#8220;20&#8243; accent_color=&#8220;#dd3333&#8243; css=&#8220;.vc_custom_1571144258514{margin-top: -20px !important;}&#8220;][vc_column_text]Durch den Einsatz des Heizers w\u00e4hrend der Wartung konnten wir den Temperaturabfall reduzieren und die Produktion fr\u00fcher wiederaufnehmen[\/vc_column_text][\/vc_column_inner][\/vc_row_inner][vc_row_inner][vc_column_inner][\/vc_column_inner][\/vc_row_inner][\/vc_column][\/vc_row][vc_row][vc_column][vc_single_image image=&#8220;1593&#8243; img_size=&#8220;500&#215;500&#8243; alignment=&#8220;center&#8220; css=&#8220;.vc_custom_1594811128667{margin-top: 40px !important;}&#8220;][vc_btn title=&#8220;Mehr Informationen&#8220; align=&#8220;center&#8220; link=&#8220;url:https%3A%2F%2Flethiguel.com%2Fde%2Fwattmobil-ofentemperatur-aufrechterhaltende.html||target:%20_blank|&#8220;][vc_empty_space]<div class=\"dt-fancy-separator\" style=\"width: 100%;\"><div class=\"dt-fancy-title\"><span class=\"separator-holder separator-left\"><\/span>Das k\u00f6nnte Sie interessieren<span class=\"separator-holder separator-right\"><\/span><\/div><\/div>[\/vc_column][vc_column][\/vc_column][\/vc_row]<\/p>\n<\/section>","protected":false},"excerpt":{"rendered":"<p>[vc_row][vc_column width=&#8220;1\/2&#8243;][vc_column_text] Aktuelle Ausgabe: [\/vc_column_text][vc_separator color=&#8220;custom&#8220; align=&#8220;align_left&#8220; border_width=&#8220;2&#8243; el_width=&#8220;20&#8243; accent_color=&#8220;#dd3333&#8243; css=&#8220;.vc_custom_1571141349566{margin-top: -20px !important;}&#8220;][vc_column_text css=&#8220;.vc_custom_1594810657786{padding-bottom: 40px !important;}&#8220;]Ofenwartung f\u00fcr Aluminium in der Druckgussgie\u00dferei. Der Ofen wird auf einem ein Heizgew\u00f6lbe gewartet. Nach Abschluss der Wartung dauert es vier Stunden, um bis auf die Gie\u00dftemperatur (675 \u00b0C) zu erhitzen.[\/vc_column_text][vc_column_text] Ofen-Info: [\/vc_column_text][vc_separator color=&#8220;custom&#8220; align=&#8220;align_left&#8220; border_width=&#8220;2&#8243; el_width=&#8220;20&#8243; accent_color=&#8220;#dd3333&#8243; css=&#8220;.vc_custom_1571141476428{margin-top: -20px&hellip;<\/p>\n","protected":false},"author":2,"featured_media":0,"parent":0,"menu_order":0,"comment_status":"closed","ping_status":"closed","template":"","meta":{"footnotes":""},"class_list":["post-1036","page","type-page","status-publish","hentry","description-off"],"yoast_head":"<!-- This site is optimized with the Yoast SEO plugin v27.4 - https:\/\/yoast.com\/product\/yoast-seo-wordpress\/ -->\n<title>Lethiguel<\/title>\n<meta name=\"robots\" content=\"index, follow, max-snippet:-1, max-image-preview:large, max-video-preview:-1\" \/>\n<link rel=\"canonical\" href=\"https:\/\/lethiguel.com\/de\/wattmobil-case-study.html\" \/>\n<meta property=\"og:locale\" content=\"de_DE\" \/>\n<meta property=\"og:type\" content=\"article\" \/>\n<meta property=\"og:title\" content=\"Lethiguel\" \/>\n<meta property=\"og:description\" content=\"[vc_row][vc_column width=&#8220;1\/2&#8243;][vc_column_text] Aktuelle Ausgabe: [\/vc_column_text][vc_separator color=&#8220;custom&#8220; align=&#8220;align_left&#8220; border_width=&#8220;2&#8243; el_width=&#8220;20&#8243; accent_color=&#8220;#dd3333&#8243; css=&#8220;.vc_custom_1571141349566{margin-top: -20px !important;}&#8220;][vc_column_text css=&#8220;.vc_custom_1594810657786{padding-bottom: 40px !important;}&#8220;]Ofenwartung f\u00fcr Aluminium in der Druckgussgie\u00dferei. Der Ofen wird auf einem ein Heizgew\u00f6lbe gewartet. Nach Abschluss der Wartung dauert es vier Stunden, um bis auf die Gie\u00dftemperatur (675 \u00b0C) zu erhitzen.[\/vc_column_text][vc_column_text] Ofen-Info: [\/vc_column_text][vc_separator color=&#8220;custom&#8220; align=&#8220;align_left&#8220; border_width=&#8220;2&#8243; el_width=&#8220;20&#8243; accent_color=&#8220;#dd3333&#8243; css=&#8220;.vc_custom_1571141476428{margin-top: -20px&hellip;\" \/>\n<meta property=\"og:url\" content=\"https:\/\/lethiguel.com\/de\/wattmobil-case-study.html\" \/>\n<meta property=\"og:site_name\" content=\"Lethiguel Deutsch\" \/>\n<meta property=\"article:modified_time\" content=\"2020-07-15T11:36:52+00:00\" \/>\n<meta name=\"twitter:card\" content=\"summary_large_image\" \/>\n<meta name=\"twitter:label1\" content=\"Gesch\u00e4tzte Lesezeit\" \/>\n\t<meta name=\"twitter:data1\" content=\"3\u00a0Minuten\" \/>\n<script type=\"application\/ld+json\" class=\"yoast-schema-graph\">{\"@context\":\"https:\\\/\\\/schema.org\",\"@graph\":[{\"@type\":\"WebPage\",\"@id\":\"https:\\\/\\\/lethiguel.com\\\/de\\\/wattmobil-case-study.html\",\"url\":\"https:\\\/\\\/lethiguel.com\\\/de\\\/wattmobil-case-study.html\",\"name\":\"Lethiguel\",\"isPartOf\":{\"@id\":\"https:\\\/\\\/lethiguel.com\\\/de\\\/#website\"},\"datePublished\":\"2020-07-15T11:06:08+00:00\",\"dateModified\":\"2020-07-15T11:36:52+00:00\",\"breadcrumb\":{\"@id\":\"https:\\\/\\\/lethiguel.com\\\/de\\\/wattmobil-case-study.html#breadcrumb\"},\"inLanguage\":\"de\",\"potentialAction\":[{\"@type\":\"ReadAction\",\"target\":[\"https:\\\/\\\/lethiguel.com\\\/de\\\/wattmobil-case-study.html\"]}]},{\"@type\":\"BreadcrumbList\",\"@id\":\"https:\\\/\\\/lethiguel.com\\\/de\\\/wattmobil-case-study.html#breadcrumb\",\"itemListElement\":[{\"@type\":\"ListItem\",\"position\":1,\"name\":\"Accueil\",\"item\":\"https:\\\/\\\/lethiguel.com\\\/de\\\/\"},{\"@type\":\"ListItem\",\"position\":2,\"name\":\"WattMobil Fallstudie\"}]},{\"@type\":\"WebSite\",\"@id\":\"https:\\\/\\\/lethiguel.com\\\/de\\\/#website\",\"url\":\"https:\\\/\\\/lethiguel.com\\\/de\\\/\",\"name\":\"Lethiguel Deutsch\",\"description\":\"Heating and cooling solutions\",\"potentialAction\":[{\"@type\":\"SearchAction\",\"target\":{\"@type\":\"EntryPoint\",\"urlTemplate\":\"https:\\\/\\\/lethiguel.com\\\/de\\\/?s={search_term_string}\"},\"query-input\":{\"@type\":\"PropertyValueSpecification\",\"valueRequired\":true,\"valueName\":\"search_term_string\"}}],\"inLanguage\":\"de\"}]}<\/script>\n<!-- \/ Yoast SEO plugin. -->","yoast_head_json":{"title":"Lethiguel","robots":{"index":"index","follow":"follow","max-snippet":"max-snippet:-1","max-image-preview":"max-image-preview:large","max-video-preview":"max-video-preview:-1"},"canonical":"https:\/\/lethiguel.com\/de\/wattmobil-case-study.html","og_locale":"de_DE","og_type":"article","og_title":"Lethiguel","og_description":"[vc_row][vc_column width=&#8220;1\/2&#8243;][vc_column_text] Aktuelle Ausgabe: [\/vc_column_text][vc_separator color=&#8220;custom&#8220; align=&#8220;align_left&#8220; border_width=&#8220;2&#8243; el_width=&#8220;20&#8243; accent_color=&#8220;#dd3333&#8243; css=&#8220;.vc_custom_1571141349566{margin-top: -20px !important;}&#8220;][vc_column_text css=&#8220;.vc_custom_1594810657786{padding-bottom: 40px !important;}&#8220;]Ofenwartung f\u00fcr Aluminium in der Druckgussgie\u00dferei. Der Ofen wird auf einem ein Heizgew\u00f6lbe gewartet. Nach Abschluss der Wartung dauert es vier Stunden, um bis auf die Gie\u00dftemperatur (675 \u00b0C) zu erhitzen.[\/vc_column_text][vc_column_text] Ofen-Info: [\/vc_column_text][vc_separator color=&#8220;custom&#8220; align=&#8220;align_left&#8220; border_width=&#8220;2&#8243; el_width=&#8220;20&#8243; accent_color=&#8220;#dd3333&#8243; css=&#8220;.vc_custom_1571141476428{margin-top: -20px&hellip;","og_url":"https:\/\/lethiguel.com\/de\/wattmobil-case-study.html","og_site_name":"Lethiguel Deutsch","article_modified_time":"2020-07-15T11:36:52+00:00","twitter_card":"summary_large_image","twitter_misc":{"Gesch\u00e4tzte Lesezeit":"3\u00a0Minuten"},"schema":{"@context":"https:\/\/schema.org","@graph":[{"@type":"WebPage","@id":"https:\/\/lethiguel.com\/de\/wattmobil-case-study.html","url":"https:\/\/lethiguel.com\/de\/wattmobil-case-study.html","name":"Lethiguel","isPartOf":{"@id":"https:\/\/lethiguel.com\/de\/#website"},"datePublished":"2020-07-15T11:06:08+00:00","dateModified":"2020-07-15T11:36:52+00:00","breadcrumb":{"@id":"https:\/\/lethiguel.com\/de\/wattmobil-case-study.html#breadcrumb"},"inLanguage":"de","potentialAction":[{"@type":"ReadAction","target":["https:\/\/lethiguel.com\/de\/wattmobil-case-study.html"]}]},{"@type":"BreadcrumbList","@id":"https:\/\/lethiguel.com\/de\/wattmobil-case-study.html#breadcrumb","itemListElement":[{"@type":"ListItem","position":1,"name":"Accueil","item":"https:\/\/lethiguel.com\/de\/"},{"@type":"ListItem","position":2,"name":"WattMobil Fallstudie"}]},{"@type":"WebSite","@id":"https:\/\/lethiguel.com\/de\/#website","url":"https:\/\/lethiguel.com\/de\/","name":"Lethiguel Deutsch","description":"Heating and cooling solutions","potentialAction":[{"@type":"SearchAction","target":{"@type":"EntryPoint","urlTemplate":"https:\/\/lethiguel.com\/de\/?s={search_term_string}"},"query-input":{"@type":"PropertyValueSpecification","valueRequired":true,"valueName":"search_term_string"}}],"inLanguage":"de"}]}},"_links":{"self":[{"href":"https:\/\/lethiguel.com\/de\/wp-json\/wp\/v2\/pages\/1036","targetHints":{"allow":["GET"]}}],"collection":[{"href":"https:\/\/lethiguel.com\/de\/wp-json\/wp\/v2\/pages"}],"about":[{"href":"https:\/\/lethiguel.com\/de\/wp-json\/wp\/v2\/types\/page"}],"author":[{"embeddable":true,"href":"https:\/\/lethiguel.com\/de\/wp-json\/wp\/v2\/users\/2"}],"replies":[{"embeddable":true,"href":"https:\/\/lethiguel.com\/de\/wp-json\/wp\/v2\/comments?post=1036"}],"version-history":[{"count":61,"href":"https:\/\/lethiguel.com\/de\/wp-json\/wp\/v2\/pages\/1036\/revisions"}],"predecessor-version":[{"id":1603,"href":"https:\/\/lethiguel.com\/de\/wp-json\/wp\/v2\/pages\/1036\/revisions\/1603"}],"wp:attachment":[{"href":"https:\/\/lethiguel.com\/de\/wp-json\/wp\/v2\/media?parent=1036"}],"curies":[{"name":"wp","href":"https:\/\/api.w.org\/{rel}","templated":true}]}}