{"id":1624,"date":"2020-07-15T14:41:32","date_gmt":"2020-07-15T12:41:32","guid":{"rendered":"https:\/\/lethiguel.com\/de\/?page_id=1624"},"modified":"2020-10-19T11:14:08","modified_gmt":"2020-10-19T09:14:08","slug":"aluminium-warmhalteofenlinie-fallstudie","status":"publish","type":"page","link":"https:\/\/lethiguel.com\/de\/aluminium-warmhalteofenlinie-fallstudie.html","title":{"rendered":"Aluminium-Warmhalteofenlinie Fallstudie"},"content":{"rendered":"<section class=\"wpb-content-wrapper\"><p>[vc_row][vc_column]<div class=\"dt-fancy-separator\" style=\"width: 100%;\"><div class=\"dt-fancy-title\"><span class=\"separator-holder separator-left\"><\/span>Eine Fallstudie in der Druckgussindustrie<span class=\"separator-holder separator-right\"><\/span><\/div><\/div>[vc_column_text css=&#8220;.vc_custom_1594815640246{padding-top: 20px !important;}&#8220;]<\/p>\n<p style=\"text-align: center;\">Die Entwicklung und Untersuchung eines Halteofens auf der Grundlage technischer Spezifikationen<\/p>\n<p>[\/vc_column_text][vc_single_image image=&#8220;1626&#8243; img_size=&#8220;600&#215;300&#8243; alignment=&#8220;center&#8220;][vc_column_text]<\/p>\n<h3 style=\"text-align: center;\">Technische Spezifikationen:<\/h3>\n<p style=\"text-align: center;\">Gegossene Teile: 25 kg<\/p>\n<p style=\"text-align: center;\">Tauchsystem: 35 kg-Pfanne<\/p>\n<p style=\"text-align: center;\">F\u00fcllsystem: 600 kg-Transferpfannen<\/p>\n<p style=\"text-align: center;\">Halteverm\u00f6gen: 3000 kg<\/p>\n<p style=\"text-align: center;\">Maximale Metalltemperatur \u00b0C: 700 \u00b0C<\/p>\n<p style=\"text-align: center;\">Arbeitstemperatur \u00b0C: zwischen 650 \u00b0C und 680 \u00b0C<\/p>\n<p style=\"text-align: center;\">Tauchpegel einstellbar<\/p>\n<p>[\/vc_column_text][vc_separator][vc_column_text]<\/p>\n<h3 style=\"text-align: center;\">Schwierigkeiten:<\/h3>\n<p style=\"text-align: center;\">Einfache Kommunikation mit anderen Ger\u00e4ten<\/p>\n<p style=\"text-align: center;\">Einfache Kommunikation mit den Bedienern<\/p>\n<p style=\"text-align: center;\">Einfache Reinigung des Bades und des gesamten Ofens, ohne das Heizsystem zu entfernen<\/p>\n<p style=\"text-align: center;\">Temperaturregulierung \u00b0C +\/- 2 \u00b0C<\/p>\n<p style=\"text-align: center;\">Hohe Aluminiumqualit\u00e4t<\/p>\n<p style=\"text-align: center;\">Geringer Stromverbrauch<\/p>\n<p>[\/vc_column_text][vc_single_image image=&#8220;894&#8243; img_size=&#8220;600&#215;300&#8243; alignment=&#8220;center&#8220;][vc_separator][\/vc_column][\/vc_row][vc_row][vc_column][vc_column_text]<\/p>\n<h3 style=\"text-align: center;\">Unsere L\u00f6sungen:<\/h3>\n<p style=\"text-align: center;\">Lethiguel, LH3000 \u2013 Halteofen<\/p>\n<p style=\"text-align: center;\">Kapazit\u00e4t: 3000 kg<\/p>\n<p style=\"text-align: center;\">Arbeitskapazit\u00e4t: 1300kg<\/p>\n<p style=\"text-align: center;\">Heizsystem: 3 x 15 kW Tauchheizers<\/p>\n<p style=\"text-align: center;\">Regulierungssystem: SIEMENS PLC S7-1500, PID \/ PFC Regelkreis<\/p>\n<p style=\"text-align: center;\">HMI: SIEMENS TP 12&#8220;<\/p>\n<p style=\"text-align: center;\">Turmleuchten f\u00fcr Aluminiumniveau + Turmleuchten f\u00fcr Prozessstatus<\/p>\n<p style=\"text-align: center;\">Verstellbare F\u00fc\u00dfe<\/p>\n<p>[\/vc_column_text][vc_row_inner][vc_column_inner width=&#8220;1\/3&#8243;][vc_single_image image=&#8220;1629&#8243; img_size=&#8220;400&#215;300&#8243; alignment=&#8220;center&#8220;][\/vc_column_inner][vc_column_inner width=&#8220;1\/3&#8243;][vc_single_image image=&#8220;1627&#8243; img_size=&#8220;400&#215;300&#8243; alignment=&#8220;center&#8220;][\/vc_column_inner][vc_column_inner width=&#8220;1\/3&#8243;][vc_single_image image=&#8220;1628&#8243; img_size=&#8220;400&#215;300&#8243; alignment=&#8220;center&#8220;][\/vc_column_inner][\/vc_row_inner][vc_separator][vc_column_text]<\/p>\n<h3 style=\"text-align: center;\">Ergebnisse:<\/h3>\n<p>[\/vc_column_text][vc_single_image image=&#8220;1616&#8243; img_size=&#8220;full&#8220; alignment=&#8220;center&#8220; css=&#8220;.vc_custom_1594816673888{padding-top: -20px !important;}&#8220;][vc_single_image image=&#8220;1630&#8243; img_size=&#8220;full&#8220; alignment=&#8220;center&#8220;][vc_column_text]<\/p>\n<p style=\"text-align: center;\">Die durchschnittliche Schwankung betr\u00e4gt etwa 0,54 \u00b0C und kleine Schwankungen (bis zu 6 \u00b0C) treten auf, wenn der Ofen bef\u00fcllt wird. Um diese Schwankungen zu vermeiden, ist es dringend empfehlenswert, den Ofen mit Aluminium, das sich auf der gleichen Haltetemperatur befindet, zu bef\u00fcllen. Das Regulierungsziel wird mit unserem System erf\u00fcllt.<\/p>\n<p style=\"text-align: center;\">Energieverbrauch und Temperaturanstieg.<\/p>\n<p style=\"text-align: center;\">Der Ofen verbraucht etwa 18 kW, um eine Temperatur von 680 \u00b0C zu halten, wenn er voll ist. Die 27 zus\u00e4tzlich installierten kW k\u00f6nnen dann verwendet werden, um die Temperatur um 25-30 \u00b0C \/ h (3000 kg) oder 40 \u00b0C \/ h (2100 kg) zu erh\u00f6hen.<\/p>\n<p>[\/vc_column_text][vc_single_image image=&#8220;1631&#8243; img_size=&#8220;full&#8220; alignment=&#8220;center&#8220;][vc_column_text]<\/p>\n<p style=\"text-align: center;\">Ein &#8222;Eco-Modus&#8220; ist installiert, um den Energieverbrauch w\u00e4hrend des Produktionsstopps zu senken. Die Energieeinsparung betr\u00e4gt rund 150 kW \/ h f\u00fcr einen vollst\u00e4ndigen Stopp \u00fcber das Wochenende.<\/p>\n<p>[\/vc_column_text][\/vc_column][\/vc_row][vc_row][vc_column]<div class=\"dt-fancy-separator\" style=\"width: 100%;\"><div class=\"dt-fancy-title\"><span class=\"separator-holder separator-left\"><\/span>Das k\u00f6nnte Sie interessieren<span class=\"separator-holder separator-right\"><\/span><\/div><\/div>[vc_empty_space][\/vc_column][\/vc_row]<\/p>\n<\/section>","protected":false},"excerpt":{"rendered":"<p>[vc_row][vc_column][vc_column_text css=&#8220;.vc_custom_1594815640246{padding-top: 20px !important;}&#8220;] Die Entwicklung und Untersuchung eines Halteofens auf der Grundlage technischer Spezifikationen [\/vc_column_text][vc_single_image image=&#8220;1626&#8243; img_size=&#8220;600&#215;300&#8243; alignment=&#8220;center&#8220;][vc_column_text] Technische Spezifikationen: Gegossene Teile: 25 kg Tauchsystem: 35 kg-Pfanne F\u00fcllsystem: 600 kg-Transferpfannen Halteverm\u00f6gen: 3000 kg Maximale Metalltemperatur \u00b0C: 700 \u00b0C Arbeitstemperatur \u00b0C: zwischen 650 \u00b0C und 680 \u00b0C Tauchpegel einstellbar [\/vc_column_text][vc_separator][vc_column_text] Schwierigkeiten: Einfache Kommunikation mit anderen&hellip;<\/p>\n","protected":false},"author":2,"featured_media":0,"parent":0,"menu_order":0,"comment_status":"closed","ping_status":"closed","template":"","meta":{"footnotes":""},"class_list":["post-1624","page","type-page","status-publish","hentry","description-off"],"yoast_head":"<!-- This site is optimized with the Yoast SEO plugin v27.4 - https:\/\/yoast.com\/product\/yoast-seo-wordpress\/ -->\n<title>Lethiguel<\/title>\n<meta name=\"description\" content=\"Eine Fallstudie in der druckgussindustrie. Wir haben eine Studie zum Aluminiumhalteofen entwickelt, die auf technischen Spezifikationen basiert. Suche nach mehr!\" \/>\n<meta name=\"robots\" content=\"index, follow, max-snippet:-1, max-image-preview:large, max-video-preview:-1\" \/>\n<link rel=\"canonical\" href=\"https:\/\/lethiguel.com\/de\/aluminium-warmhalteofenlinie-fallstudie.html\" \/>\n<meta property=\"og:locale\" content=\"de_DE\" \/>\n<meta property=\"og:type\" content=\"article\" \/>\n<meta property=\"og:title\" content=\"Lethiguel\" \/>\n<meta property=\"og:description\" content=\"Eine Fallstudie in der druckgussindustrie. Wir haben eine Studie zum Aluminiumhalteofen entwickelt, die auf technischen Spezifikationen basiert. Suche nach mehr!\" \/>\n<meta property=\"og:url\" content=\"https:\/\/lethiguel.com\/de\/aluminium-warmhalteofenlinie-fallstudie.html\" \/>\n<meta property=\"og:site_name\" content=\"Lethiguel Deutsch\" \/>\n<meta property=\"article:modified_time\" content=\"2020-10-19T09:14:08+00:00\" \/>\n<meta name=\"twitter:card\" content=\"summary_large_image\" \/>\n<meta name=\"twitter:label1\" content=\"Gesch\u00e4tzte Lesezeit\" \/>\n\t<meta name=\"twitter:data1\" content=\"2\u00a0Minuten\" \/>\n<script type=\"application\/ld+json\" class=\"yoast-schema-graph\">{\"@context\":\"https:\\\/\\\/schema.org\",\"@graph\":[{\"@type\":\"WebPage\",\"@id\":\"https:\\\/\\\/lethiguel.com\\\/de\\\/aluminium-warmhalteofenlinie-fallstudie.html\",\"url\":\"https:\\\/\\\/lethiguel.com\\\/de\\\/aluminium-warmhalteofenlinie-fallstudie.html\",\"name\":\"Lethiguel\",\"isPartOf\":{\"@id\":\"https:\\\/\\\/lethiguel.com\\\/de\\\/#website\"},\"datePublished\":\"2020-07-15T12:41:32+00:00\",\"dateModified\":\"2020-10-19T09:14:08+00:00\",\"description\":\"Eine Fallstudie in der druckgussindustrie. Wir haben eine Studie zum Aluminiumhalteofen entwickelt, die auf technischen Spezifikationen basiert. Suche nach mehr!\",\"breadcrumb\":{\"@id\":\"https:\\\/\\\/lethiguel.com\\\/de\\\/aluminium-warmhalteofenlinie-fallstudie.html#breadcrumb\"},\"inLanguage\":\"de\",\"potentialAction\":[{\"@type\":\"ReadAction\",\"target\":[\"https:\\\/\\\/lethiguel.com\\\/de\\\/aluminium-warmhalteofenlinie-fallstudie.html\"]}]},{\"@type\":\"BreadcrumbList\",\"@id\":\"https:\\\/\\\/lethiguel.com\\\/de\\\/aluminium-warmhalteofenlinie-fallstudie.html#breadcrumb\",\"itemListElement\":[{\"@type\":\"ListItem\",\"position\":1,\"name\":\"Accueil\",\"item\":\"https:\\\/\\\/lethiguel.com\\\/de\\\/\"},{\"@type\":\"ListItem\",\"position\":2,\"name\":\"Aluminium-Warmhalteofenlinie Fallstudie\"}]},{\"@type\":\"WebSite\",\"@id\":\"https:\\\/\\\/lethiguel.com\\\/de\\\/#website\",\"url\":\"https:\\\/\\\/lethiguel.com\\\/de\\\/\",\"name\":\"Lethiguel Deutsch\",\"description\":\"Heating and cooling solutions\",\"potentialAction\":[{\"@type\":\"SearchAction\",\"target\":{\"@type\":\"EntryPoint\",\"urlTemplate\":\"https:\\\/\\\/lethiguel.com\\\/de\\\/?s={search_term_string}\"},\"query-input\":{\"@type\":\"PropertyValueSpecification\",\"valueRequired\":true,\"valueName\":\"search_term_string\"}}],\"inLanguage\":\"de\"}]}<\/script>\n<!-- \/ Yoast SEO plugin. -->","yoast_head_json":{"title":"Lethiguel","description":"Eine Fallstudie in der druckgussindustrie. Wir haben eine Studie zum Aluminiumhalteofen entwickelt, die auf technischen Spezifikationen basiert. Suche nach mehr!","robots":{"index":"index","follow":"follow","max-snippet":"max-snippet:-1","max-image-preview":"max-image-preview:large","max-video-preview":"max-video-preview:-1"},"canonical":"https:\/\/lethiguel.com\/de\/aluminium-warmhalteofenlinie-fallstudie.html","og_locale":"de_DE","og_type":"article","og_title":"Lethiguel","og_description":"Eine Fallstudie in der druckgussindustrie. Wir haben eine Studie zum Aluminiumhalteofen entwickelt, die auf technischen Spezifikationen basiert. Suche nach mehr!","og_url":"https:\/\/lethiguel.com\/de\/aluminium-warmhalteofenlinie-fallstudie.html","og_site_name":"Lethiguel Deutsch","article_modified_time":"2020-10-19T09:14:08+00:00","twitter_card":"summary_large_image","twitter_misc":{"Gesch\u00e4tzte Lesezeit":"2\u00a0Minuten"},"schema":{"@context":"https:\/\/schema.org","@graph":[{"@type":"WebPage","@id":"https:\/\/lethiguel.com\/de\/aluminium-warmhalteofenlinie-fallstudie.html","url":"https:\/\/lethiguel.com\/de\/aluminium-warmhalteofenlinie-fallstudie.html","name":"Lethiguel","isPartOf":{"@id":"https:\/\/lethiguel.com\/de\/#website"},"datePublished":"2020-07-15T12:41:32+00:00","dateModified":"2020-10-19T09:14:08+00:00","description":"Eine Fallstudie in der druckgussindustrie. Wir haben eine Studie zum Aluminiumhalteofen entwickelt, die auf technischen Spezifikationen basiert. Suche nach mehr!","breadcrumb":{"@id":"https:\/\/lethiguel.com\/de\/aluminium-warmhalteofenlinie-fallstudie.html#breadcrumb"},"inLanguage":"de","potentialAction":[{"@type":"ReadAction","target":["https:\/\/lethiguel.com\/de\/aluminium-warmhalteofenlinie-fallstudie.html"]}]},{"@type":"BreadcrumbList","@id":"https:\/\/lethiguel.com\/de\/aluminium-warmhalteofenlinie-fallstudie.html#breadcrumb","itemListElement":[{"@type":"ListItem","position":1,"name":"Accueil","item":"https:\/\/lethiguel.com\/de\/"},{"@type":"ListItem","position":2,"name":"Aluminium-Warmhalteofenlinie Fallstudie"}]},{"@type":"WebSite","@id":"https:\/\/lethiguel.com\/de\/#website","url":"https:\/\/lethiguel.com\/de\/","name":"Lethiguel Deutsch","description":"Heating and cooling solutions","potentialAction":[{"@type":"SearchAction","target":{"@type":"EntryPoint","urlTemplate":"https:\/\/lethiguel.com\/de\/?s={search_term_string}"},"query-input":{"@type":"PropertyValueSpecification","valueRequired":true,"valueName":"search_term_string"}}],"inLanguage":"de"}]}},"_links":{"self":[{"href":"https:\/\/lethiguel.com\/de\/wp-json\/wp\/v2\/pages\/1624","targetHints":{"allow":["GET"]}}],"collection":[{"href":"https:\/\/lethiguel.com\/de\/wp-json\/wp\/v2\/pages"}],"about":[{"href":"https:\/\/lethiguel.com\/de\/wp-json\/wp\/v2\/types\/page"}],"author":[{"embeddable":true,"href":"https:\/\/lethiguel.com\/de\/wp-json\/wp\/v2\/users\/2"}],"replies":[{"embeddable":true,"href":"https:\/\/lethiguel.com\/de\/wp-json\/wp\/v2\/comments?post=1624"}],"version-history":[{"count":2,"href":"https:\/\/lethiguel.com\/de\/wp-json\/wp\/v2\/pages\/1624\/revisions"}],"predecessor-version":[{"id":1633,"href":"https:\/\/lethiguel.com\/de\/wp-json\/wp\/v2\/pages\/1624\/revisions\/1633"}],"wp:attachment":[{"href":"https:\/\/lethiguel.com\/de\/wp-json\/wp\/v2\/media?parent=1624"}],"curies":[{"name":"wp","href":"https:\/\/api.w.org\/{rel}","templated":true}]}}