{"id":1645,"date":"2020-07-21T11:34:13","date_gmt":"2020-07-21T09:34:13","guid":{"rendered":"https:\/\/lethiguel.com\/de\/?page_id=1645"},"modified":"2020-10-19T14:50:59","modified_gmt":"2020-10-19T12:50:59","slug":"fallstudie-jet-cooling","status":"publish","type":"page","link":"https:\/\/lethiguel.com\/de\/fallstudie-jet-cooling.html","title":{"rendered":"Jet Cooling Fallstudie"},"content":{"rendered":"<section class=\"wpb-content-wrapper\"><p>[vc_row][vc_column]<div class=\"dt-fancy-separator\" style=\"width: 100%;\"><div class=\"dt-fancy-title\"><span class=\"separator-holder separator-left\"><\/span>Eine Fallstudie zur Jet Cooling-Technologie<span class=\"separator-holder separator-right\"><\/span><\/div><\/div>[vc_empty_space][vc_column_text]<\/p>\n<p style=\"text-align: center;\">Jet Cooling ist eine Technologie, die sich dem Umgang mit Hotspots widmet. Dank hoher Druckkapazit\u00e4t und sequentieller K\u00fchlung erm\u00f6glicht sie das Angleichen der Matrizentemperatur und das Abk\u00fchlen von hei\u00dfen Bereichen durch das Erreichen von Kernstiften und Eins\u00e4tzen, wodurch Porosit\u00e4ts- und Schwindungsprobleme verhindert werden.<\/p>\n<p>[\/vc_column_text][vc_single_image image=&#8220;1648&#8243; img_size=&#8220;full&#8220; alignment=&#8220;center&#8220;][\/vc_column][\/vc_row][vc_row][vc_column][vc_separator][\/vc_column][\/vc_row][vc_row][vc_column][vc_column_text]<\/p>\n<h3 style=\"text-align: center;\">Das K\u00fchlen von Hotspots an einem Kurbelgeh\u00e4use<\/h3>\n<p style=\"text-align: center;\">Der Einsatz von W\u00e4rmebildkameras erm\u00f6glicht es uns, die Effizienz der K\u00fchlung in den Kernstiften A und B hervorzuheben. Diese Bilder wurden vor der Spr\u00fchk\u00fchlungsphase aufgenommen. Das Ergebnis ist ein Abfall von 150 \u00b0C in den Kernstiften. Dar\u00fcber hinaus profitiert der gesamte Bereich um die mit Dampfstrahlk\u00fchlung ausgestatteten Kernstifte auch von der K\u00fchlwirkung, mit einem R\u00fcckgang von 70 \u00b0C.<\/p>\n<p style=\"text-align: center;\">Die K\u00fchlzeit dauert 10 bis 15 Sekunden.<\/p>\n<p>[\/vc_column_text][vc_single_image image=&#8220;1649&#8243; img_size=&#8220;600&#215;300&#8243; alignment=&#8220;center&#8220;][vc_single_image image=&#8220;1650&#8243; img_size=&#8220;600&#215;300&#8243; alignment=&#8220;center&#8220;][\/vc_column][\/vc_row][vc_row][vc_column][vc_separator][\/vc_column][\/vc_row][vc_row][vc_column][vc_column_text]<\/p>\n<h3 style=\"text-align: center;\">Warum Sie Jet Cooling im Guss verwenden sollten<\/h3>\n<p>[\/vc_column_text][\/vc_column][\/vc_row][vc_row][vc_column width=&#8220;1\/2&#8243;][vc_single_image image=&#8220;1651&#8243; img_size=&#8220;300&#215;300&#8243; alignment=&#8220;center&#8220;][vc_column_text]<\/p>\n<p style=\"text-align: center;\">Gie\u00dfen ohne den Gebrauch der Dampfstrahl-K\u00fchltechnologie: Am Gewinde tritt Porosit\u00e4t auf<\/p>\n<p>[\/vc_column_text][\/vc_column][vc_column width=&#8220;1\/2&#8243;][vc_single_image image=&#8220;1652&#8243; img_size=&#8220;300&#215;300&#8243; alignment=&#8220;center&#8220;][vc_column_text]<\/p>\n<p style=\"text-align: center;\">Gie\u00dfen mit dem Gebrauch der Dampfstrahl-K\u00fchltechnologie: <strong>Verringerte Porosit\u00e4t<\/strong><\/p>\n<p>[\/vc_column_text][\/vc_column][\/vc_row][vc_row][vc_column width=&#8220;1\/2&#8243;][vc_single_image image=&#8220;1653&#8243; img_size=&#8220;300&#215;300&#8243; alignment=&#8220;center&#8220;][vc_column_text]<\/p>\n<p style=\"text-align: center;\">K\u00fchlzone ohne den Gebrauch der Dampfstrahl-K\u00fchltechnologie<\/p>\n<p>[\/vc_column_text][\/vc_column][vc_column width=&#8220;1\/2&#8243;][vc_single_image image=&#8220;1654&#8243; img_size=&#8220;300&#215;300&#8243; alignment=&#8220;center&#8220;][vc_column_text]<\/p>\n<p style=\"text-align: center;\">K\u00fchlzone mit dem Gebrauch der Dampfstrahl-K\u00fchltechnologie \u00fcber 10 Sekunden<\/p>\n<p>[\/vc_column_text][\/vc_column][\/vc_row][vc_row][vc_column css=&#8220;.vc_custom_1594986816276{background-color: #89a6bf !important;}&#8220;][vc_column_text css=&#8220;.vc_custom_1594990248217{background-color: #7ea0bf !important;}&#8220;]<\/p>\n<h3 style=\"text-align: center;\"><span style=\"color: #ffffff;\">Schauen Sie sich unsere Jet Cooling System-Produkte an<\/span><\/h3>\n<p>[\/vc_column_text][vc_btn title=&#8220;Mehr Info&#8220; align=&#8220;center&#8220; link=&#8220;url:https%3A%2F%2Flethiguel.com%2Fde%2Fkuhlungslosungen-giessereiindustrie.html|||&#8220; css=&#8220;.vc_custom_1595324061110{margin-top: -20px !important;}&#8220;][\/vc_column][\/vc_row]<\/p>\n<\/section>","protected":false},"excerpt":{"rendered":"<p>[vc_row][vc_column][vc_empty_space][vc_column_text] Jet Cooling ist eine Technologie, die sich dem Umgang mit Hotspots widmet. Dank hoher Druckkapazit\u00e4t und sequentieller K\u00fchlung erm\u00f6glicht sie das Angleichen der Matrizentemperatur und das Abk\u00fchlen von hei\u00dfen Bereichen durch das Erreichen von Kernstiften und Eins\u00e4tzen, wodurch Porosit\u00e4ts- und Schwindungsprobleme verhindert werden. [\/vc_column_text][vc_single_image image=&#8220;1648&#8243; img_size=&#8220;full&#8220; alignment=&#8220;center&#8220;][\/vc_column][\/vc_row][vc_row][vc_column][vc_separator][\/vc_column][\/vc_row][vc_row][vc_column][vc_column_text] Das K\u00fchlen von Hotspots an einem Kurbelgeh\u00e4use&hellip;<\/p>\n","protected":false},"author":2,"featured_media":0,"parent":0,"menu_order":0,"comment_status":"closed","ping_status":"closed","template":"","meta":{"footnotes":""},"class_list":["post-1645","page","type-page","status-publish","hentry","description-off"],"yoast_head":"<!-- This site is optimized with the Yoast SEO plugin v27.4 - https:\/\/yoast.com\/product\/yoast-seo-wordpress\/ -->\n<title>Lethiguel<\/title>\n<meta name=\"description\" content=\"Eine Fallstudie in Jet Cooling. Es verbessert die Reduzierung der Gie\u00dfzykluszeiten, Druckgussbautele Qualit\u00e4tsverbesserung und Porosit\u00e4t beim Hochdruckgie\u00dfbauteile\" \/>\n<meta name=\"robots\" content=\"index, follow, max-snippet:-1, max-image-preview:large, max-video-preview:-1\" \/>\n<link rel=\"canonical\" href=\"https:\/\/lethiguel.com\/de\/fallstudie-jet-cooling.html\" \/>\n<meta property=\"og:locale\" content=\"de_DE\" \/>\n<meta property=\"og:type\" content=\"article\" \/>\n<meta property=\"og:title\" content=\"Lethiguel\" \/>\n<meta property=\"og:description\" content=\"Eine Fallstudie in Jet Cooling. Es verbessert die Reduzierung der Gie\u00dfzykluszeiten, Druckgussbautele Qualit\u00e4tsverbesserung und Porosit\u00e4t beim Hochdruckgie\u00dfbauteile\" \/>\n<meta property=\"og:url\" content=\"https:\/\/lethiguel.com\/de\/fallstudie-jet-cooling.html\" \/>\n<meta property=\"og:site_name\" content=\"Lethiguel Deutsch\" \/>\n<meta property=\"article:modified_time\" content=\"2020-10-19T12:50:59+00:00\" \/>\n<meta name=\"twitter:card\" content=\"summary_large_image\" \/>\n<meta name=\"twitter:label1\" content=\"Gesch\u00e4tzte Lesezeit\" \/>\n\t<meta name=\"twitter:data1\" content=\"2\u00a0Minuten\" \/>\n<script type=\"application\/ld+json\" class=\"yoast-schema-graph\">{\"@context\":\"https:\\\/\\\/schema.org\",\"@graph\":[{\"@type\":\"WebPage\",\"@id\":\"https:\\\/\\\/lethiguel.com\\\/de\\\/fallstudie-jet-cooling.html\",\"url\":\"https:\\\/\\\/lethiguel.com\\\/de\\\/fallstudie-jet-cooling.html\",\"name\":\"Lethiguel\",\"isPartOf\":{\"@id\":\"https:\\\/\\\/lethiguel.com\\\/de\\\/#website\"},\"datePublished\":\"2020-07-21T09:34:13+00:00\",\"dateModified\":\"2020-10-19T12:50:59+00:00\",\"description\":\"Eine Fallstudie in Jet Cooling. Es verbessert die Reduzierung der Gie\u00dfzykluszeiten, Druckgussbautele Qualit\u00e4tsverbesserung und Porosit\u00e4t beim Hochdruckgie\u00dfbauteile\",\"breadcrumb\":{\"@id\":\"https:\\\/\\\/lethiguel.com\\\/de\\\/fallstudie-jet-cooling.html#breadcrumb\"},\"inLanguage\":\"de\",\"potentialAction\":[{\"@type\":\"ReadAction\",\"target\":[\"https:\\\/\\\/lethiguel.com\\\/de\\\/fallstudie-jet-cooling.html\"]}]},{\"@type\":\"BreadcrumbList\",\"@id\":\"https:\\\/\\\/lethiguel.com\\\/de\\\/fallstudie-jet-cooling.html#breadcrumb\",\"itemListElement\":[{\"@type\":\"ListItem\",\"position\":1,\"name\":\"Accueil\",\"item\":\"https:\\\/\\\/lethiguel.com\\\/de\\\/\"},{\"@type\":\"ListItem\",\"position\":2,\"name\":\"Jet Cooling Fallstudie\"}]},{\"@type\":\"WebSite\",\"@id\":\"https:\\\/\\\/lethiguel.com\\\/de\\\/#website\",\"url\":\"https:\\\/\\\/lethiguel.com\\\/de\\\/\",\"name\":\"Lethiguel Deutsch\",\"description\":\"Heating and cooling solutions\",\"potentialAction\":[{\"@type\":\"SearchAction\",\"target\":{\"@type\":\"EntryPoint\",\"urlTemplate\":\"https:\\\/\\\/lethiguel.com\\\/de\\\/?s={search_term_string}\"},\"query-input\":{\"@type\":\"PropertyValueSpecification\",\"valueRequired\":true,\"valueName\":\"search_term_string\"}}],\"inLanguage\":\"de\"}]}<\/script>\n<!-- \/ Yoast SEO plugin. -->","yoast_head_json":{"title":"Lethiguel","description":"Eine Fallstudie in Jet Cooling. Es verbessert die Reduzierung der Gie\u00dfzykluszeiten, Druckgussbautele Qualit\u00e4tsverbesserung und Porosit\u00e4t beim Hochdruckgie\u00dfbauteile","robots":{"index":"index","follow":"follow","max-snippet":"max-snippet:-1","max-image-preview":"max-image-preview:large","max-video-preview":"max-video-preview:-1"},"canonical":"https:\/\/lethiguel.com\/de\/fallstudie-jet-cooling.html","og_locale":"de_DE","og_type":"article","og_title":"Lethiguel","og_description":"Eine Fallstudie in Jet Cooling. Es verbessert die Reduzierung der Gie\u00dfzykluszeiten, Druckgussbautele Qualit\u00e4tsverbesserung und Porosit\u00e4t beim Hochdruckgie\u00dfbauteile","og_url":"https:\/\/lethiguel.com\/de\/fallstudie-jet-cooling.html","og_site_name":"Lethiguel Deutsch","article_modified_time":"2020-10-19T12:50:59+00:00","twitter_card":"summary_large_image","twitter_misc":{"Gesch\u00e4tzte Lesezeit":"2\u00a0Minuten"},"schema":{"@context":"https:\/\/schema.org","@graph":[{"@type":"WebPage","@id":"https:\/\/lethiguel.com\/de\/fallstudie-jet-cooling.html","url":"https:\/\/lethiguel.com\/de\/fallstudie-jet-cooling.html","name":"Lethiguel","isPartOf":{"@id":"https:\/\/lethiguel.com\/de\/#website"},"datePublished":"2020-07-21T09:34:13+00:00","dateModified":"2020-10-19T12:50:59+00:00","description":"Eine Fallstudie in Jet Cooling. Es verbessert die Reduzierung der Gie\u00dfzykluszeiten, Druckgussbautele Qualit\u00e4tsverbesserung und Porosit\u00e4t beim Hochdruckgie\u00dfbauteile","breadcrumb":{"@id":"https:\/\/lethiguel.com\/de\/fallstudie-jet-cooling.html#breadcrumb"},"inLanguage":"de","potentialAction":[{"@type":"ReadAction","target":["https:\/\/lethiguel.com\/de\/fallstudie-jet-cooling.html"]}]},{"@type":"BreadcrumbList","@id":"https:\/\/lethiguel.com\/de\/fallstudie-jet-cooling.html#breadcrumb","itemListElement":[{"@type":"ListItem","position":1,"name":"Accueil","item":"https:\/\/lethiguel.com\/de\/"},{"@type":"ListItem","position":2,"name":"Jet Cooling Fallstudie"}]},{"@type":"WebSite","@id":"https:\/\/lethiguel.com\/de\/#website","url":"https:\/\/lethiguel.com\/de\/","name":"Lethiguel Deutsch","description":"Heating and cooling solutions","potentialAction":[{"@type":"SearchAction","target":{"@type":"EntryPoint","urlTemplate":"https:\/\/lethiguel.com\/de\/?s={search_term_string}"},"query-input":{"@type":"PropertyValueSpecification","valueRequired":true,"valueName":"search_term_string"}}],"inLanguage":"de"}]}},"_links":{"self":[{"href":"https:\/\/lethiguel.com\/de\/wp-json\/wp\/v2\/pages\/1645","targetHints":{"allow":["GET"]}}],"collection":[{"href":"https:\/\/lethiguel.com\/de\/wp-json\/wp\/v2\/pages"}],"about":[{"href":"https:\/\/lethiguel.com\/de\/wp-json\/wp\/v2\/types\/page"}],"author":[{"embeddable":true,"href":"https:\/\/lethiguel.com\/de\/wp-json\/wp\/v2\/users\/2"}],"replies":[{"embeddable":true,"href":"https:\/\/lethiguel.com\/de\/wp-json\/wp\/v2\/comments?post=1645"}],"version-history":[{"count":6,"href":"https:\/\/lethiguel.com\/de\/wp-json\/wp\/v2\/pages\/1645\/revisions"}],"predecessor-version":[{"id":1678,"href":"https:\/\/lethiguel.com\/de\/wp-json\/wp\/v2\/pages\/1645\/revisions\/1678"}],"wp:attachment":[{"href":"https:\/\/lethiguel.com\/de\/wp-json\/wp\/v2\/media?parent=1645"}],"curies":[{"name":"wp","href":"https:\/\/api.w.org\/{rel}","templated":true}]}}