{"id":1674,"date":"2020-07-22T15:16:19","date_gmt":"2020-07-22T13:16:19","guid":{"rendered":"https:\/\/lethiguel.com\/de\/?page_id=1674"},"modified":"2020-10-19T11:48:03","modified_gmt":"2020-10-19T09:48:03","slug":"druckguss","status":"publish","type":"page","link":"https:\/\/lethiguel.com\/de\/druckguss.html","title":{"rendered":"Druckguss"},"content":{"rendered":"<section class=\"wpb-content-wrapper\"><p>[vc_row animation=&#8220;fadeInLeft&#8220;][vc_column width=&#8220;1\/3&#8243;][vc_single_image image=&#8220;1072&#8243; img_size=&#8220;300&#215;300&#8243;][\/vc_column][vc_column width=&#8220;1\/3&#8243;][vc_column_text]<\/p>\n<h4>WattMobil, Ofentemperatur aufrechterhaltende L\u00f6sung<\/h4>\n<p><strong>Optimieren<\/strong>:<\/p>\n<ul>\n<li>Ofenwartung T\u00b0<\/li>\n<li>Anstieg und \u00dcberwachung<\/li>\n<li>Ausfall des Ofens<\/li>\n<li>Entgasungszeit<\/li>\n<li>Erh\u00f6hung der Ofenleistung<\/li>\n<\/ul>\n<p>[\/vc_column_text][\/vc_column][vc_column width=&#8220;1\/3&#8243;][vc_btn title=&#8220;Fallstudie&#8220; align=&#8220;center&#8220; css=&#8220;.vc_custom_1595423358206{margin-top: 120px !important;}&#8220; link=&#8220;url:https%3A%2F%2Flethiguel.com%2Fde%2Fwattmobil-case-study.html|title:WattMobil%20Fallstudie||&#8220;][\/vc_column][\/vc_row][vc_row][vc_column][vc_separator][\/vc_column][\/vc_row][vc_row animation=&#8220;fadeInLeft&#8220;][vc_column width=&#8220;1\/3&#8243;][vc_single_image image=&#8220;726&#8243; img_size=&#8220;300&#215;300&#8243;][\/vc_column][vc_column width=&#8220;1\/3&#8243;][vc_column_text]<\/p>\n<h4><strong>Jet Cooling<\/strong><\/h4>\n<p>Dampfstrahl-K\u00fchlung kann verwendet werden, um die meisten thermischen Probleme im NE-Druckguss zu l\u00f6sen<\/p>\n<p><strong>Optimieren<\/strong>:<\/p>\n<ul>\n<li>Verminderte Zykluszeit<\/li>\n<li>Reduzierung von Abfallprodukten<\/li>\n<li>Porosit\u00e4t und Schrumpfung<\/li>\n<li>Verbesserte Haltbarkeit der Gussformelemente<\/li>\n<\/ul>\n<p>[\/vc_column_text][\/vc_column][vc_column width=&#8220;1\/3&#8243;][vc_btn title=&#8220;Fallstudie&#8220; align=&#8220;center&#8220; css=&#8220;.vc_custom_1595423509733{margin-top: 120px !important;}&#8220; link=&#8220;url:https%3A%2F%2Flethiguel.com%2Fde%2Ffallstudie-jet-cooling.html|title:Jet%20Cooling%20case%20study||&#8220;][\/vc_column][\/vc_row][vc_row][vc_column][vc_separator][\/vc_column][\/vc_row][vc_row animation=&#8220;fadeInLeft&#8220;][vc_column][vc_row_inner][vc_column_inner width=&#8220;1\/3&#8243;][vc_single_image image=&#8220;1640&#8243; img_size=&#8220;300&#215;300&#8243;][\/vc_column_inner][vc_column_inner width=&#8220;1\/3&#8243;][vc_column_text]<\/p>\n<h4>Aluminium-Warmhalteofenlinie Al Clean<\/h4>\n<p>Montiert mit\u00a0<strong class=\"d2b\">ThermalPower\u00aeTauchheizk\u00f6rpern Lethiguel<\/strong><\/p>\n<p><strong>Optimize<\/strong>:<\/p>\n<ul>\n<li>Hohe Aluminiumqualit\u00e4t<\/li>\n<li>Integrierte Entgasung<\/li>\n<li>Vorab\u00fcberwachung f\u00fcr die vorbeugende Instandhaltung<\/li>\n<li>Einfache Wartung<\/li>\n<\/ul>\n<p>[\/vc_column_text][\/vc_column_inner][vc_column_inner width=&#8220;1\/3&#8243;][vc_btn title=&#8220;Fallstudie&#8220; align=&#8220;center&#8220; css=&#8220;.vc_custom_1595424026135{margin-top: 120px !important;}&#8220; link=&#8220;url:https%3A%2F%2Flethiguel.com%2Fde%2Faluminium-warmhalteofenlinie-fallstudie.html|title:Aluminium-Warmhalteofenlinie%20Fallstudie||&#8220;][\/vc_column_inner][\/vc_row_inner][\/vc_column][\/vc_row][vc_row animation=&#8220;fadeInLeft&#8220;][vc_column][vc_separator][vc_row_inner][vc_column_inner width=&#8220;1\/3&#8243;][vc_single_image image=&#8220;1289&#8243; img_size=&#8220;300&#215;300&#8243;][\/vc_column_inner][vc_column_inner width=&#8220;1\/3&#8243;][vc_column_text]<\/p>\n<h4>Tauchheizers Thermal Power Typ L<\/h4>\n<p>Es ist einzigartig konzipiert f\u00fcr flache Schmelzb\u00e4der und \u00dcberf\u00fchrungsrinnen<\/p>\n<p>Optimieren:<\/p>\n<ul>\n<li>Aluminiumtemperatur<\/li>\n<li>Energieverbrauch<\/li>\n<li>Aluminiumqualit\u00e4t<\/li>\n<\/ul>\n<p>[\/vc_column_text][\/vc_column_inner][vc_column_inner width=&#8220;1\/3&#8243;][vc_btn title=&#8220;Fallstudie&#8220; align=&#8220;center&#8220; css=&#8220;.vc_custom_1595423793303{margin-top: 120px !important;}&#8220; link=&#8220;url:https%3A%2F%2Flethiguel.com%2Fde%2F1610-2.html|title:Tauchheizers%20Thermal%20Power%20Typ%20L%20Fallstudie||&#8220;][\/vc_column_inner][\/vc_row_inner][\/vc_column][\/vc_row]<\/p>\n<\/section>","protected":false},"excerpt":{"rendered":"<p>[vc_row animation=&#8220;fadeInLeft&#8220;][vc_column width=&#8220;1\/3&#8243;][vc_single_image image=&#8220;1072&#8243; img_size=&#8220;300&#215;300&#8243;][\/vc_column][vc_column width=&#8220;1\/3&#8243;][vc_column_text] WattMobil, Ofentemperatur aufrechterhaltende L\u00f6sung Optimieren: Ofenwartung T\u00b0 Anstieg und \u00dcberwachung Ausfall des Ofens Entgasungszeit Erh\u00f6hung der Ofenleistung [\/vc_column_text][\/vc_column][vc_column width=&#8220;1\/3&#8243;][vc_btn title=&#8220;Fallstudie&#8220; align=&#8220;center&#8220; css=&#8220;.vc_custom_1595423358206{margin-top: 120px !important;}&#8220; link=&#8220;url:https%3A%2F%2Flethiguel.com%2Fde%2Fwattmobil-case-study.html|title:WattMobil%20Fallstudie||&#8220;][\/vc_column][\/vc_row][vc_row][vc_column][vc_separator][\/vc_column][\/vc_row][vc_row animation=&#8220;fadeInLeft&#8220;][vc_column width=&#8220;1\/3&#8243;][vc_single_image image=&#8220;726&#8243; img_size=&#8220;300&#215;300&#8243;][\/vc_column][vc_column width=&#8220;1\/3&#8243;][vc_column_text] Jet Cooling Dampfstrahl-K\u00fchlung kann verwendet werden, um die meisten thermischen Probleme im NE-Druckguss zu l\u00f6sen Optimieren: Verminderte Zykluszeit Reduzierung&hellip;<\/p>\n","protected":false},"author":2,"featured_media":0,"parent":0,"menu_order":0,"comment_status":"closed","ping_status":"closed","template":"","meta":{"footnotes":""},"class_list":["post-1674","page","type-page","status-publish","hentry","description-off"],"yoast_head":"<!-- This site is optimized with the Yoast SEO plugin v27.4 - https:\/\/yoast.com\/product\/yoast-seo-wordpress\/ -->\n<title>Lethiguel<\/title>\n<meta name=\"description\" content=\"Wir bieten hochwertige K\u00fchl- und Heizl\u00f6sungen f\u00fcr den druckguss. Wir k\u00f6nnen Ihren Druckgussprozess optimieren. Schauen Sie sich unsere Fallstudien an!\" \/>\n<meta name=\"robots\" content=\"index, follow, max-snippet:-1, max-image-preview:large, max-video-preview:-1\" \/>\n<link rel=\"canonical\" href=\"https:\/\/lethiguel.com\/de\/druckguss.html\" \/>\n<meta property=\"og:locale\" content=\"de_DE\" \/>\n<meta property=\"og:type\" content=\"article\" \/>\n<meta property=\"og:title\" content=\"Lethiguel\" \/>\n<meta property=\"og:description\" content=\"Wir bieten hochwertige K\u00fchl- und Heizl\u00f6sungen f\u00fcr den druckguss. Wir k\u00f6nnen Ihren Druckgussprozess optimieren. Schauen Sie sich unsere Fallstudien an!\" \/>\n<meta property=\"og:url\" content=\"https:\/\/lethiguel.com\/de\/druckguss.html\" \/>\n<meta property=\"og:site_name\" content=\"Lethiguel Deutsch\" \/>\n<meta property=\"article:modified_time\" content=\"2020-10-19T09:48:03+00:00\" \/>\n<meta name=\"twitter:card\" content=\"summary_large_image\" \/>\n<meta name=\"twitter:label1\" content=\"Gesch\u00e4tzte Lesezeit\" \/>\n\t<meta name=\"twitter:data1\" content=\"2\u00a0Minuten\" \/>\n<script type=\"application\/ld+json\" class=\"yoast-schema-graph\">{\"@context\":\"https:\\\/\\\/schema.org\",\"@graph\":[{\"@type\":\"WebPage\",\"@id\":\"https:\\\/\\\/lethiguel.com\\\/de\\\/druckguss.html\",\"url\":\"https:\\\/\\\/lethiguel.com\\\/de\\\/druckguss.html\",\"name\":\"Lethiguel\",\"isPartOf\":{\"@id\":\"https:\\\/\\\/lethiguel.com\\\/de\\\/#website\"},\"datePublished\":\"2020-07-22T13:16:19+00:00\",\"dateModified\":\"2020-10-19T09:48:03+00:00\",\"description\":\"Wir bieten hochwertige K\u00fchl- und Heizl\u00f6sungen f\u00fcr den druckguss. Wir k\u00f6nnen Ihren Druckgussprozess optimieren. Schauen Sie sich unsere Fallstudien an!\",\"breadcrumb\":{\"@id\":\"https:\\\/\\\/lethiguel.com\\\/de\\\/druckguss.html#breadcrumb\"},\"inLanguage\":\"de\",\"potentialAction\":[{\"@type\":\"ReadAction\",\"target\":[\"https:\\\/\\\/lethiguel.com\\\/de\\\/druckguss.html\"]}]},{\"@type\":\"BreadcrumbList\",\"@id\":\"https:\\\/\\\/lethiguel.com\\\/de\\\/druckguss.html#breadcrumb\",\"itemListElement\":[{\"@type\":\"ListItem\",\"position\":1,\"name\":\"Accueil\",\"item\":\"https:\\\/\\\/lethiguel.com\\\/de\\\/\"},{\"@type\":\"ListItem\",\"position\":2,\"name\":\"Druckguss\"}]},{\"@type\":\"WebSite\",\"@id\":\"https:\\\/\\\/lethiguel.com\\\/de\\\/#website\",\"url\":\"https:\\\/\\\/lethiguel.com\\\/de\\\/\",\"name\":\"Lethiguel Deutsch\",\"description\":\"Heating and cooling solutions\",\"potentialAction\":[{\"@type\":\"SearchAction\",\"target\":{\"@type\":\"EntryPoint\",\"urlTemplate\":\"https:\\\/\\\/lethiguel.com\\\/de\\\/?s={search_term_string}\"},\"query-input\":{\"@type\":\"PropertyValueSpecification\",\"valueRequired\":true,\"valueName\":\"search_term_string\"}}],\"inLanguage\":\"de\"}]}<\/script>\n<!-- \/ Yoast SEO plugin. -->","yoast_head_json":{"title":"Lethiguel","description":"Wir bieten hochwertige K\u00fchl- und Heizl\u00f6sungen f\u00fcr den druckguss. Wir k\u00f6nnen Ihren Druckgussprozess optimieren. Schauen Sie sich unsere Fallstudien an!","robots":{"index":"index","follow":"follow","max-snippet":"max-snippet:-1","max-image-preview":"max-image-preview:large","max-video-preview":"max-video-preview:-1"},"canonical":"https:\/\/lethiguel.com\/de\/druckguss.html","og_locale":"de_DE","og_type":"article","og_title":"Lethiguel","og_description":"Wir bieten hochwertige K\u00fchl- und Heizl\u00f6sungen f\u00fcr den druckguss. Wir k\u00f6nnen Ihren Druckgussprozess optimieren. Schauen Sie sich unsere Fallstudien an!","og_url":"https:\/\/lethiguel.com\/de\/druckguss.html","og_site_name":"Lethiguel Deutsch","article_modified_time":"2020-10-19T09:48:03+00:00","twitter_card":"summary_large_image","twitter_misc":{"Gesch\u00e4tzte Lesezeit":"2\u00a0Minuten"},"schema":{"@context":"https:\/\/schema.org","@graph":[{"@type":"WebPage","@id":"https:\/\/lethiguel.com\/de\/druckguss.html","url":"https:\/\/lethiguel.com\/de\/druckguss.html","name":"Lethiguel","isPartOf":{"@id":"https:\/\/lethiguel.com\/de\/#website"},"datePublished":"2020-07-22T13:16:19+00:00","dateModified":"2020-10-19T09:48:03+00:00","description":"Wir bieten hochwertige K\u00fchl- und Heizl\u00f6sungen f\u00fcr den druckguss. Wir k\u00f6nnen Ihren Druckgussprozess optimieren. Schauen Sie sich unsere Fallstudien an!","breadcrumb":{"@id":"https:\/\/lethiguel.com\/de\/druckguss.html#breadcrumb"},"inLanguage":"de","potentialAction":[{"@type":"ReadAction","target":["https:\/\/lethiguel.com\/de\/druckguss.html"]}]},{"@type":"BreadcrumbList","@id":"https:\/\/lethiguel.com\/de\/druckguss.html#breadcrumb","itemListElement":[{"@type":"ListItem","position":1,"name":"Accueil","item":"https:\/\/lethiguel.com\/de\/"},{"@type":"ListItem","position":2,"name":"Druckguss"}]},{"@type":"WebSite","@id":"https:\/\/lethiguel.com\/de\/#website","url":"https:\/\/lethiguel.com\/de\/","name":"Lethiguel Deutsch","description":"Heating and cooling solutions","potentialAction":[{"@type":"SearchAction","target":{"@type":"EntryPoint","urlTemplate":"https:\/\/lethiguel.com\/de\/?s={search_term_string}"},"query-input":{"@type":"PropertyValueSpecification","valueRequired":true,"valueName":"search_term_string"}}],"inLanguage":"de"}]}},"_links":{"self":[{"href":"https:\/\/lethiguel.com\/de\/wp-json\/wp\/v2\/pages\/1674","targetHints":{"allow":["GET"]}}],"collection":[{"href":"https:\/\/lethiguel.com\/de\/wp-json\/wp\/v2\/pages"}],"about":[{"href":"https:\/\/lethiguel.com\/de\/wp-json\/wp\/v2\/types\/page"}],"author":[{"embeddable":true,"href":"https:\/\/lethiguel.com\/de\/wp-json\/wp\/v2\/users\/2"}],"replies":[{"embeddable":true,"href":"https:\/\/lethiguel.com\/de\/wp-json\/wp\/v2\/comments?post=1674"}],"version-history":[{"count":3,"href":"https:\/\/lethiguel.com\/de\/wp-json\/wp\/v2\/pages\/1674\/revisions"}],"predecessor-version":[{"id":1828,"href":"https:\/\/lethiguel.com\/de\/wp-json\/wp\/v2\/pages\/1674\/revisions\/1828"}],"wp:attachment":[{"href":"https:\/\/lethiguel.com\/de\/wp-json\/wp\/v2\/media?parent=1674"}],"curies":[{"name":"wp","href":"https:\/\/api.w.org\/{rel}","templated":true}]}}