{"id":1771,"date":"2020-08-03T09:53:05","date_gmt":"2020-08-03T07:53:05","guid":{"rendered":"https:\/\/lethiguel.com\/de\/?page_id=1771"},"modified":"2021-06-11T09:39:06","modified_gmt":"2021-06-11T07:39:06","slug":"neuigkeiten-2","status":"publish","type":"page","link":"https:\/\/lethiguel.com\/de\/neuigkeiten-2.html","title":{"rendered":"Neuigkeiten"},"content":{"rendered":"<section class=\"wpb-content-wrapper\"><p>[vc_row][vc_column][vc_basic_grid post_type=&#8220;post&#8220; max_items=&#8220;10&#8243; show_filter=&#8220;yes&#8220; item=&#8220;basicGrid_ScaleInWithRotation&#8220; grid_id=&#8220;vc_gid:1623397118696-071860b4-03d1-2&#8243; filter_source=&#8220;category&#8220;][\/vc_column][\/vc_row]<\/p>\n<\/section>","protected":false},"excerpt":{"rendered":"<p>[vc_row][vc_column][vc_basic_grid post_type=&#8220;post&#8220; max_items=&#8220;10&#8243; show_filter=&#8220;yes&#8220; item=&#8220;basicGrid_ScaleInWithRotation&#8220; grid_id=&#8220;vc_gid:1623397118696-071860b4-03d1-2&#8243; filter_source=&#8220;category&#8220;][\/vc_column][\/vc_row]<\/p>\n","protected":false},"author":2,"featured_media":0,"parent":0,"menu_order":0,"comment_status":"closed","ping_status":"closed","template":"","meta":{"footnotes":""},"class_list":["post-1771","page","type-page","status-publish","hentry","description-off"],"yoast_head":"<!-- This site is optimized with the Yoast SEO plugin v27.4 - https:\/\/yoast.com\/product\/yoast-seo-wordpress\/ -->\n<title>Lethiguel<\/title>\n<meta name=\"description\" content=\"Wir werden unsere neuesten Nachrichten regelm\u00e4\u00dfig \u00fcber unsere Ausstellungen, Unternehmensaktualisierungen, unsere Innovationen und vieles mehr teilen! \u00dcberpr\u00fcfen Sie f\u00fcr weitere Details!\" \/>\n<meta name=\"robots\" content=\"index, follow, max-snippet:-1, max-image-preview:large, max-video-preview:-1\" \/>\n<link rel=\"canonical\" href=\"https:\/\/lethiguel.com\/de\/neuigkeiten-2.html\" \/>\n<meta property=\"og:locale\" content=\"de_DE\" \/>\n<meta property=\"og:type\" content=\"article\" \/>\n<meta property=\"og:title\" content=\"Lethiguel\" \/>\n<meta property=\"og:description\" content=\"Wir werden unsere neuesten Nachrichten regelm\u00e4\u00dfig \u00fcber unsere Ausstellungen, Unternehmensaktualisierungen, unsere Innovationen und vieles mehr teilen! \u00dcberpr\u00fcfen Sie f\u00fcr weitere Details!\" \/>\n<meta property=\"og:url\" content=\"https:\/\/lethiguel.com\/de\/neuigkeiten-2.html\" \/>\n<meta property=\"og:site_name\" content=\"Lethiguel Deutsch\" \/>\n<meta property=\"article:modified_time\" content=\"2021-06-11T07:39:06+00:00\" \/>\n<meta name=\"twitter:card\" content=\"summary_large_image\" \/>\n<script type=\"application\/ld+json\" class=\"yoast-schema-graph\">{\"@context\":\"https:\\\/\\\/schema.org\",\"@graph\":[{\"@type\":\"WebPage\",\"@id\":\"https:\\\/\\\/lethiguel.com\\\/de\\\/neuigkeiten-2.html\",\"url\":\"https:\\\/\\\/lethiguel.com\\\/de\\\/neuigkeiten-2.html\",\"name\":\"Lethiguel\",\"isPartOf\":{\"@id\":\"https:\\\/\\\/lethiguel.com\\\/de\\\/#website\"},\"datePublished\":\"2020-08-03T07:53:05+00:00\",\"dateModified\":\"2021-06-11T07:39:06+00:00\",\"description\":\"Wir werden unsere neuesten Nachrichten regelm\u00e4\u00dfig \u00fcber unsere Ausstellungen, Unternehmensaktualisierungen, unsere Innovationen und vieles mehr teilen! \u00dcberpr\u00fcfen Sie f\u00fcr weitere Details!\",\"breadcrumb\":{\"@id\":\"https:\\\/\\\/lethiguel.com\\\/de\\\/neuigkeiten-2.html#breadcrumb\"},\"inLanguage\":\"de\",\"potentialAction\":[{\"@type\":\"ReadAction\",\"target\":[\"https:\\\/\\\/lethiguel.com\\\/de\\\/neuigkeiten-2.html\"]}]},{\"@type\":\"BreadcrumbList\",\"@id\":\"https:\\\/\\\/lethiguel.com\\\/de\\\/neuigkeiten-2.html#breadcrumb\",\"itemListElement\":[{\"@type\":\"ListItem\",\"position\":1,\"name\":\"Accueil\",\"item\":\"https:\\\/\\\/lethiguel.com\\\/de\\\/\"},{\"@type\":\"ListItem\",\"position\":2,\"name\":\"Neuigkeiten\"}]},{\"@type\":\"WebSite\",\"@id\":\"https:\\\/\\\/lethiguel.com\\\/de\\\/#website\",\"url\":\"https:\\\/\\\/lethiguel.com\\\/de\\\/\",\"name\":\"Lethiguel Deutsch\",\"description\":\"Heating and cooling solutions\",\"potentialAction\":[{\"@type\":\"SearchAction\",\"target\":{\"@type\":\"EntryPoint\",\"urlTemplate\":\"https:\\\/\\\/lethiguel.com\\\/de\\\/?s={search_term_string}\"},\"query-input\":{\"@type\":\"PropertyValueSpecification\",\"valueRequired\":true,\"valueName\":\"search_term_string\"}}],\"inLanguage\":\"de\"}]}<\/script>\n<!-- \/ Yoast SEO plugin. -->","yoast_head_json":{"title":"Lethiguel","description":"Wir werden unsere neuesten Nachrichten regelm\u00e4\u00dfig \u00fcber unsere Ausstellungen, Unternehmensaktualisierungen, unsere Innovationen und vieles mehr teilen! \u00dcberpr\u00fcfen Sie f\u00fcr weitere Details!","robots":{"index":"index","follow":"follow","max-snippet":"max-snippet:-1","max-image-preview":"max-image-preview:large","max-video-preview":"max-video-preview:-1"},"canonical":"https:\/\/lethiguel.com\/de\/neuigkeiten-2.html","og_locale":"de_DE","og_type":"article","og_title":"Lethiguel","og_description":"Wir werden unsere neuesten Nachrichten regelm\u00e4\u00dfig \u00fcber unsere Ausstellungen, Unternehmensaktualisierungen, unsere Innovationen und vieles mehr teilen! \u00dcberpr\u00fcfen Sie f\u00fcr weitere Details!","og_url":"https:\/\/lethiguel.com\/de\/neuigkeiten-2.html","og_site_name":"Lethiguel Deutsch","article_modified_time":"2021-06-11T07:39:06+00:00","twitter_card":"summary_large_image","schema":{"@context":"https:\/\/schema.org","@graph":[{"@type":"WebPage","@id":"https:\/\/lethiguel.com\/de\/neuigkeiten-2.html","url":"https:\/\/lethiguel.com\/de\/neuigkeiten-2.html","name":"Lethiguel","isPartOf":{"@id":"https:\/\/lethiguel.com\/de\/#website"},"datePublished":"2020-08-03T07:53:05+00:00","dateModified":"2021-06-11T07:39:06+00:00","description":"Wir werden unsere neuesten Nachrichten regelm\u00e4\u00dfig \u00fcber unsere Ausstellungen, Unternehmensaktualisierungen, unsere Innovationen und vieles mehr teilen! \u00dcberpr\u00fcfen Sie f\u00fcr weitere Details!","breadcrumb":{"@id":"https:\/\/lethiguel.com\/de\/neuigkeiten-2.html#breadcrumb"},"inLanguage":"de","potentialAction":[{"@type":"ReadAction","target":["https:\/\/lethiguel.com\/de\/neuigkeiten-2.html"]}]},{"@type":"BreadcrumbList","@id":"https:\/\/lethiguel.com\/de\/neuigkeiten-2.html#breadcrumb","itemListElement":[{"@type":"ListItem","position":1,"name":"Accueil","item":"https:\/\/lethiguel.com\/de\/"},{"@type":"ListItem","position":2,"name":"Neuigkeiten"}]},{"@type":"WebSite","@id":"https:\/\/lethiguel.com\/de\/#website","url":"https:\/\/lethiguel.com\/de\/","name":"Lethiguel Deutsch","description":"Heating and cooling solutions","potentialAction":[{"@type":"SearchAction","target":{"@type":"EntryPoint","urlTemplate":"https:\/\/lethiguel.com\/de\/?s={search_term_string}"},"query-input":{"@type":"PropertyValueSpecification","valueRequired":true,"valueName":"search_term_string"}}],"inLanguage":"de"}]}},"_links":{"self":[{"href":"https:\/\/lethiguel.com\/de\/wp-json\/wp\/v2\/pages\/1771","targetHints":{"allow":["GET"]}}],"collection":[{"href":"https:\/\/lethiguel.com\/de\/wp-json\/wp\/v2\/pages"}],"about":[{"href":"https:\/\/lethiguel.com\/de\/wp-json\/wp\/v2\/types\/page"}],"author":[{"embeddable":true,"href":"https:\/\/lethiguel.com\/de\/wp-json\/wp\/v2\/users\/2"}],"replies":[{"embeddable":true,"href":"https:\/\/lethiguel.com\/de\/wp-json\/wp\/v2\/comments?post=1771"}],"version-history":[{"count":3,"href":"https:\/\/lethiguel.com\/de\/wp-json\/wp\/v2\/pages\/1771\/revisions"}],"predecessor-version":[{"id":1912,"href":"https:\/\/lethiguel.com\/de\/wp-json\/wp\/v2\/pages\/1771\/revisions\/1912"}],"wp:attachment":[{"href":"https:\/\/lethiguel.com\/de\/wp-json\/wp\/v2\/media?parent=1771"}],"curies":[{"name":"wp","href":"https:\/\/api.w.org\/{rel}","templated":true}]}}