{"id":180,"date":"2019-06-19T12:18:38","date_gmt":"2019-06-19T10:18:38","guid":{"rendered":"https:\/\/lethiguel.com\/de\/?page_id=180"},"modified":"2020-10-06T15:12:00","modified_gmt":"2020-10-06T13:12:00","slug":"spotcool-evolution","status":"publish","type":"page","link":"https:\/\/lethiguel.com\/de\/spotcool-evolution.html","title":{"rendered":"SpotCool Evolution"},"content":{"rendered":"<section class=\"wpb-content-wrapper\"><p>[vc_row el_class=&#8220;bloc-article&#8220;][vc_column width=&#8220;1\/3&#8243; el_class=&#8220;texteblanc bloc-text-bloc-article&#8220;][vc_single_image image=&#8220;1311&#8243; img_size=&#8220;full&#8220;][vc_column_text css=&#8220;.vc_custom_1576332120675{padding-top: 20px !important;padding-right: 20px !important;padding-bottom: 20px !important;padding-left: 20px !important;background-color: #313131 !important;}&#8220;]<\/p>\n<h3 class=\"avantages\">Vorteile von SpotCool Evolution, Druckguss-K\u00fchll\u00f6sung:<\/h3>\n<ul>\n<li>4 Kreise<\/li>\n<li>48L\/min<\/li>\n<li>32 Kernstifte<\/li>\n<li>Bildschirmgr\u00f6\u00dfe 9\u2033<\/li>\n<li>15 Messstellen<\/li>\n<\/ul>\n<p>[\/vc_column_text][vc_column_text css=&#8220;.vc_custom_1601988899782{margin-top: -40px !important;padding-top: 20px !important;padding-right: 20px !important;padding-bottom: 20px !important;padding-left: 20px !important;background-color: #009fe3 !important;}&#8220;]SpotCool Evolution ist die Lethiguel Antwort auf die neuesten Transformationen des Marktes und der Technologie f\u00fcr <strong class=\"d2b\">thermische L\u00f6sungen der Druckgussindustrie<\/strong>. Diese Maschine integriert die Essenz der Innovation in der <strong class=\"d2b\">M2M-Kommunikation<\/strong> (Machine-to-Machine), mit <strong class=\"d2b\">DCM-Daten\u00fcbertragung<\/strong> von acht Messstellen, einschlie\u00dflich Durchfluss und Druck f\u00fcr jeden Kreis, Zuluft- und HD-Pumpeneinlassdruck, Wasserleitf\u00e4higkeit, Filtereinlass- und -auslassdruck. Durch tiefe Analyse und Forschung, die Transformation der SpotCool Evolution zu einer revolution\u00e4ren Maschine f\u00fcr Produktivit\u00e4tsmanagement und Qualit\u00e4tsbilanz f\u00fcr\u00a0<strong class=\"d2b\">K\u00fchlsysteme der <a href=\"https:\/\/lethiguel.com\/de\/druckguss.html\">Druckgussindustrie<\/a>.<\/strong><\/p>\n<p><span class=\"fort\">SpotCool Evolution: Der Revolution\u00e4r!<\/span>[\/vc_column_text][\/vc_column][vc_column width=&#8220;2\/3&#8243; animation=&#8220;fadeInRight&#8220; css=&#8220;.vc_custom_1595592754815{margin-top: 30px !important;}&#8220; el_class=&#8220;bloc-img-bloc-article&#8220;][vc_single_image image=&#8220;1583&#8243; img_size=&#8220;full&#8220; alignment=&#8220;center&#8220; css=&#8220;.vc_custom_1593433702883{margin-top: 40px !important;}&#8220;][\/vc_column][\/vc_row][vc_row][vc_column animation=&#8220;fadeInLeft&#8220; css=&#8220;.vc_custom_1595592810047{margin-top: -200px !important;}&#8220;][vc_single_image image=&#8220;1726&#8243; img_size=&#8220;full&#8220; alignment=&#8220;center&#8220;][\/vc_column][\/vc_row][vc_row type=&#8220;vc_default&#8220; gap=&#8220;10&#8243; css=&#8220;.vc_custom_1560947205923{margin-top: 30px !important;}&#8220;][vc_column width=&#8220;1\/2&#8243; animation=&#8220;fadeInLeft&#8220; el_class=&#8220;similar&#8220;][vc_column_text]<\/p>\n<h3>\u00c4hnliche Produkte<\/h3>\n<p>[\/vc_column_text][vc_separator color=&#8220;custom&#8220; accent_color=&#8220;#474747&#8243; css=&#8220;.vc_custom_1560947192642{margin-top: -15px !important;}&#8220;][\/vc_column][vc_column width=&#8220;1\/2&#8243; animation=&#8220;fadeInRight&#8220; el_class=&#8220;access&#8220;][vc_column_text]<\/p>\n<h3>Zubeh\u00f6r f\u00fcr<\/h3>\n<p>[\/vc_column_text][vc_separator color=&#8220;custom&#8220; accent_color=&#8220;#474747&#8243; css=&#8220;.vc_custom_1560947199074{margin-top: -15px !important;}&#8220;][\/vc_column][\/vc_row][vc_row][vc_column][vc_btn title=&#8220;Kontaktiere uns&#8220; style=&#8220;custom&#8220; custom_background=&#8220;#009fe3&#8243; custom_text=&#8220;#ffffff&#8220; size=&#8220;lg&#8220; align=&#8220;center&#8220; link=&#8220;url:%2Fde%2Fkontakt.html|title:Contact||&#8220;][\/vc_column][\/vc_row]<\/p>\n<\/section>","protected":false},"excerpt":{"rendered":"<p>[vc_row el_class=&#8220;bloc-article&#8220;][vc_column width=&#8220;1\/3&#8243; el_class=&#8220;texteblanc bloc-text-bloc-article&#8220;][vc_single_image image=&#8220;1311&#8243; img_size=&#8220;full&#8220;][vc_column_text css=&#8220;.vc_custom_1576332120675{padding-top: 20px !important;padding-right: 20px !important;padding-bottom: 20px !important;padding-left: 20px !important;background-color: #313131 !important;}&#8220;] Vorteile von SpotCool Evolution, Druckguss-K\u00fchll\u00f6sung: 4 Kreise 48L\/min 32 Kernstifte Bildschirmgr\u00f6\u00dfe 9\u2033 15 Messstellen [\/vc_column_text][vc_column_text css=&#8220;.vc_custom_1601988899782{margin-top: -40px !important;padding-top: 20px !important;padding-right: 20px !important;padding-bottom: 20px !important;padding-left: 20px !important;background-color: #009fe3 !important;}&#8220;]SpotCool Evolution ist die Lethiguel Antwort auf die neuesten Transformationen&hellip;<\/p>\n","protected":false},"author":1,"featured_media":0,"parent":0,"menu_order":0,"comment_status":"closed","ping_status":"closed","template":"","meta":{"footnotes":""},"class_list":["post-180","page","type-page","status-publish","hentry","description-off"],"yoast_head":"<!-- This site is optimized with the Yoast SEO plugin v27.4 - https:\/\/yoast.com\/product\/yoast-seo-wordpress\/ -->\n<title>Lethiguel<\/title>\n<meta name=\"description\" content=\"Ein gro\u00dfer jet cooling-Maschine die sich der L\u00f6sung thermischer Probleme im druckguss mit 4 Schaltkreisen, 15 Messpunkten und 32 Kernstiften widmet. Mehr erfahren!\" \/>\n<meta name=\"robots\" content=\"index, follow, max-snippet:-1, max-image-preview:large, max-video-preview:-1\" \/>\n<link rel=\"canonical\" href=\"https:\/\/lethiguel.com\/de\/spotcool-evolution.html\" \/>\n<meta property=\"og:locale\" content=\"de_DE\" \/>\n<meta property=\"og:type\" content=\"article\" \/>\n<meta property=\"og:title\" content=\"Lethiguel\" \/>\n<meta property=\"og:description\" content=\"Ein gro\u00dfer jet cooling-Maschine die sich der L\u00f6sung thermischer Probleme im druckguss mit 4 Schaltkreisen, 15 Messpunkten und 32 Kernstiften widmet. Mehr erfahren!\" \/>\n<meta property=\"og:url\" content=\"https:\/\/lethiguel.com\/de\/spotcool-evolution.html\" \/>\n<meta property=\"og:site_name\" content=\"Lethiguel Deutsch\" \/>\n<meta property=\"article:modified_time\" content=\"2020-10-06T13:12:00+00:00\" \/>\n<meta name=\"twitter:card\" content=\"summary_large_image\" \/>\n<meta name=\"twitter:label1\" content=\"Gesch\u00e4tzte Lesezeit\" \/>\n\t<meta name=\"twitter:data1\" content=\"6\u00a0Minuten\" \/>\n<script type=\"application\/ld+json\" class=\"yoast-schema-graph\">{\"@context\":\"https:\\\/\\\/schema.org\",\"@graph\":[{\"@type\":\"WebPage\",\"@id\":\"https:\\\/\\\/lethiguel.com\\\/de\\\/spotcool-evolution.html\",\"url\":\"https:\\\/\\\/lethiguel.com\\\/de\\\/spotcool-evolution.html\",\"name\":\"Lethiguel\",\"isPartOf\":{\"@id\":\"https:\\\/\\\/lethiguel.com\\\/de\\\/#website\"},\"datePublished\":\"2019-06-19T10:18:38+00:00\",\"dateModified\":\"2020-10-06T13:12:00+00:00\",\"description\":\"Ein gro\u00dfer jet cooling-Maschine die sich der L\u00f6sung thermischer Probleme im druckguss mit 4 Schaltkreisen, 15 Messpunkten und 32 Kernstiften widmet. Mehr erfahren!\",\"breadcrumb\":{\"@id\":\"https:\\\/\\\/lethiguel.com\\\/de\\\/spotcool-evolution.html#breadcrumb\"},\"inLanguage\":\"de\",\"potentialAction\":[{\"@type\":\"ReadAction\",\"target\":[\"https:\\\/\\\/lethiguel.com\\\/de\\\/spotcool-evolution.html\"]}]},{\"@type\":\"BreadcrumbList\",\"@id\":\"https:\\\/\\\/lethiguel.com\\\/de\\\/spotcool-evolution.html#breadcrumb\",\"itemListElement\":[{\"@type\":\"ListItem\",\"position\":1,\"name\":\"Accueil\",\"item\":\"https:\\\/\\\/lethiguel.com\\\/de\\\/\"},{\"@type\":\"ListItem\",\"position\":2,\"name\":\"SpotCool Evolution\"}]},{\"@type\":\"WebSite\",\"@id\":\"https:\\\/\\\/lethiguel.com\\\/de\\\/#website\",\"url\":\"https:\\\/\\\/lethiguel.com\\\/de\\\/\",\"name\":\"Lethiguel Deutsch\",\"description\":\"Heating and cooling solutions\",\"potentialAction\":[{\"@type\":\"SearchAction\",\"target\":{\"@type\":\"EntryPoint\",\"urlTemplate\":\"https:\\\/\\\/lethiguel.com\\\/de\\\/?s={search_term_string}\"},\"query-input\":{\"@type\":\"PropertyValueSpecification\",\"valueRequired\":true,\"valueName\":\"search_term_string\"}}],\"inLanguage\":\"de\"}]}<\/script>\n<!-- \/ Yoast SEO plugin. -->","yoast_head_json":{"title":"Lethiguel","description":"Ein gro\u00dfer jet cooling-Maschine die sich der L\u00f6sung thermischer Probleme im druckguss mit 4 Schaltkreisen, 15 Messpunkten und 32 Kernstiften widmet. Mehr erfahren!","robots":{"index":"index","follow":"follow","max-snippet":"max-snippet:-1","max-image-preview":"max-image-preview:large","max-video-preview":"max-video-preview:-1"},"canonical":"https:\/\/lethiguel.com\/de\/spotcool-evolution.html","og_locale":"de_DE","og_type":"article","og_title":"Lethiguel","og_description":"Ein gro\u00dfer jet cooling-Maschine die sich der L\u00f6sung thermischer Probleme im druckguss mit 4 Schaltkreisen, 15 Messpunkten und 32 Kernstiften widmet. Mehr erfahren!","og_url":"https:\/\/lethiguel.com\/de\/spotcool-evolution.html","og_site_name":"Lethiguel Deutsch","article_modified_time":"2020-10-06T13:12:00+00:00","twitter_card":"summary_large_image","twitter_misc":{"Gesch\u00e4tzte Lesezeit":"6\u00a0Minuten"},"schema":{"@context":"https:\/\/schema.org","@graph":[{"@type":"WebPage","@id":"https:\/\/lethiguel.com\/de\/spotcool-evolution.html","url":"https:\/\/lethiguel.com\/de\/spotcool-evolution.html","name":"Lethiguel","isPartOf":{"@id":"https:\/\/lethiguel.com\/de\/#website"},"datePublished":"2019-06-19T10:18:38+00:00","dateModified":"2020-10-06T13:12:00+00:00","description":"Ein gro\u00dfer jet cooling-Maschine die sich der L\u00f6sung thermischer Probleme im druckguss mit 4 Schaltkreisen, 15 Messpunkten und 32 Kernstiften widmet. Mehr erfahren!","breadcrumb":{"@id":"https:\/\/lethiguel.com\/de\/spotcool-evolution.html#breadcrumb"},"inLanguage":"de","potentialAction":[{"@type":"ReadAction","target":["https:\/\/lethiguel.com\/de\/spotcool-evolution.html"]}]},{"@type":"BreadcrumbList","@id":"https:\/\/lethiguel.com\/de\/spotcool-evolution.html#breadcrumb","itemListElement":[{"@type":"ListItem","position":1,"name":"Accueil","item":"https:\/\/lethiguel.com\/de\/"},{"@type":"ListItem","position":2,"name":"SpotCool Evolution"}]},{"@type":"WebSite","@id":"https:\/\/lethiguel.com\/de\/#website","url":"https:\/\/lethiguel.com\/de\/","name":"Lethiguel Deutsch","description":"Heating and cooling solutions","potentialAction":[{"@type":"SearchAction","target":{"@type":"EntryPoint","urlTemplate":"https:\/\/lethiguel.com\/de\/?s={search_term_string}"},"query-input":{"@type":"PropertyValueSpecification","valueRequired":true,"valueName":"search_term_string"}}],"inLanguage":"de"}]}},"_links":{"self":[{"href":"https:\/\/lethiguel.com\/de\/wp-json\/wp\/v2\/pages\/180","targetHints":{"allow":["GET"]}}],"collection":[{"href":"https:\/\/lethiguel.com\/de\/wp-json\/wp\/v2\/pages"}],"about":[{"href":"https:\/\/lethiguel.com\/de\/wp-json\/wp\/v2\/types\/page"}],"author":[{"embeddable":true,"href":"https:\/\/lethiguel.com\/de\/wp-json\/wp\/v2\/users\/1"}],"replies":[{"embeddable":true,"href":"https:\/\/lethiguel.com\/de\/wp-json\/wp\/v2\/comments?post=180"}],"version-history":[{"count":40,"href":"https:\/\/lethiguel.com\/de\/wp-json\/wp\/v2\/pages\/180\/revisions"}],"predecessor-version":[{"id":1833,"href":"https:\/\/lethiguel.com\/de\/wp-json\/wp\/v2\/pages\/180\/revisions\/1833"}],"wp:attachment":[{"href":"https:\/\/lethiguel.com\/de\/wp-json\/wp\/v2\/media?parent=180"}],"curies":[{"name":"wp","href":"https:\/\/api.w.org\/{rel}","templated":true}]}}