{"id":200,"date":"2019-06-19T14:32:49","date_gmt":"2019-06-19T12:32:49","guid":{"rendered":"https:\/\/lethiguel.com\/de\/?page_id=200"},"modified":"2020-10-06T14:42:44","modified_gmt":"2020-10-06T12:42:44","slug":"spotcool-classic","status":"publish","type":"page","link":"https:\/\/lethiguel.com\/de\/spotcool-classic.html","title":{"rendered":"SpotCool Classic"},"content":{"rendered":"<section class=\"wpb-content-wrapper\"><p>[vc_row el_class=&#8220;bloc-article&#8220;][vc_column width=&#8220;1\/3&#8243; el_class=&#8220;texteblanc bloc-text-bloc-article&#8220;][vc_single_image image=&#8220;1305&#8243; img_size=&#8220;full&#8220;][vc_column_text css=&#8220;.vc_custom_1576331013697{padding-top: 20px !important;padding-right: 20px !important;padding-bottom: 20px !important;padding-left: 20px !important;background-color: #313131 !important;}&#8220;]<\/p>\n<h3 class=\"avantages\">Vorteile von SpotCool Classic, K\u00fchll\u00f6sung f\u00fcr die Gie\u00dfereiindustrie:<\/h3>\n<ul>\n<li>4 Kreise<\/li>\n<li>30L\/min<\/li>\n<li>20 Kernstifte<\/li>\n<li>Bildschirmgr\u00f6\u00dfe 7\u2033<\/li>\n<li>3 Messpunkte<\/li>\n<\/ul>\n<p>[\/vc_column_text][vc_column_text css=&#8220;.vc_custom_1601988151716{margin-top: -40px !important;padding-top: 20px !important;padding-right: 20px !important;padding-bottom: 20px !important;padding-left: 20px !important;background-color: #009fe3 !important;}&#8220;]SpotCool Classic ist die\u00a0<strong class=\"d2b\">K\u00fchll\u00f6sung<\/strong>\u00a0f\u00fcr die\u00a0<a href=\"https:\/\/lethiguel.com\/de\/druckguss.html\"><strong class=\"d2b\">Druckguss<\/strong><\/a>, was die Fachkompetenz betrifft, mit mehr als 10 Jahren Erfahrung und Feedback des Kunden. Es ist robust, zuverl\u00e4ssig und sehr wettbewerbsf\u00e4hig. Diese <strong class=\"d2b\">K\u00fclhlmaschine<\/strong> bietet eine grundlegende und effiziente Ausstattung und ist ideal f\u00fcr punktuelle oder spezifische Anforderungen mit 20 Kernstiften. Er verf\u00fcgt \u00fcber unsere ber\u00fchmte Kernbruchkontrolle, misst den Ausgangsdruck der HP-Pumpe und die Wassertemperatur und ist mit unserem Zubeh\u00f6rprogramm kompatibel.<\/p>\n<p><span class=\"fort\">SpotCool Classicdie Ikone!<\/span>[\/vc_column_text][\/vc_column][vc_column width=&#8220;2\/3&#8243; animation=&#8220;fadeInRight&#8220; el_class=&#8220;bloc-img-bloc-article&#8220;][vc_single_image image=&#8220;1582&#8243; img_size=&#8220;full&#8220; alignment=&#8220;center&#8220; css=&#8220;.vc_custom_1593433645269{margin-top: 40px !important;}&#8220;][\/vc_column][\/vc_row][vc_row][vc_column animation=&#8220;fadeInLeft&#8220; css=&#8220;.vc_custom_1595592711891{margin-top: -200px !important;}&#8220;][vc_single_image image=&#8220;1726&#8243; img_size=&#8220;full&#8220; alignment=&#8220;center&#8220;][\/vc_column][\/vc_row][vc_row type=&#8220;vc_default&#8220; gap=&#8220;10&#8243; css=&#8220;.vc_custom_1560947205923{margin-top: 30px !important;}&#8220;][vc_column width=&#8220;1\/2&#8243; animation=&#8220;fadeInLeft&#8220; el_class=&#8220;similar&#8220;][vc_column_text]<\/p>\n<h3>\u00c4hnliche Produkte<\/h3>\n<p>[\/vc_column_text][vc_separator color=&#8220;custom&#8220; accent_color=&#8220;#474747&#8243; css=&#8220;.vc_custom_1560947192642{margin-top: -15px !important;}&#8220;][\/vc_column][vc_column width=&#8220;1\/2&#8243; animation=&#8220;fadeInRight&#8220; el_class=&#8220;access&#8220;][vc_column_text]<\/p>\n<h3>Zubeh\u00f6r f\u00fcr<\/h3>\n<p>[\/vc_column_text][vc_separator color=&#8220;custom&#8220; accent_color=&#8220;#474747&#8243; css=&#8220;.vc_custom_1560947199074{margin-top: -15px !important;}&#8220;][\/vc_column][\/vc_row][vc_row][vc_column][vc_btn title=&#8220;Kontaktiere uns&#8220; style=&#8220;custom&#8220; custom_background=&#8220;#009fe3&#8243; custom_text=&#8220;#ffffff&#8220; size=&#8220;lg&#8220; align=&#8220;center&#8220; link=&#8220;url:%2Fde%2Fkontakt.html|title:Contact||&#8220;][\/vc_column][\/vc_row]<\/p>\n<\/section>","protected":false},"excerpt":{"rendered":"<p>[vc_row el_class=&#8220;bloc-article&#8220;][vc_column width=&#8220;1\/3&#8243; el_class=&#8220;texteblanc bloc-text-bloc-article&#8220;][vc_single_image image=&#8220;1305&#8243; img_size=&#8220;full&#8220;][vc_column_text css=&#8220;.vc_custom_1576331013697{padding-top: 20px !important;padding-right: 20px !important;padding-bottom: 20px !important;padding-left: 20px !important;background-color: #313131 !important;}&#8220;] Vorteile von SpotCool Classic, K\u00fchll\u00f6sung f\u00fcr die Gie\u00dfereiindustrie: 4 Kreise 30L\/min 20 Kernstifte Bildschirmgr\u00f6\u00dfe 7\u2033 3 Messpunkte [\/vc_column_text][vc_column_text css=&#8220;.vc_custom_1601988151716{margin-top: -40px !important;padding-top: 20px !important;padding-right: 20px !important;padding-bottom: 20px !important;padding-left: 20px !important;background-color: #009fe3 !important;}&#8220;]SpotCool Classic ist die\u00a0K\u00fchll\u00f6sung\u00a0f\u00fcr die\u00a0Druckguss, was die&hellip;<\/p>\n","protected":false},"author":1,"featured_media":0,"parent":0,"menu_order":0,"comment_status":"closed","ping_status":"closed","template":"","meta":{"footnotes":""},"class_list":["post-200","page","type-page","status-publish","hentry","description-off"],"yoast_head":"<!-- This site is optimized with the Yoast SEO plugin v27.4 - https:\/\/yoast.com\/product\/yoast-seo-wordpress\/ -->\n<title>Lethiguel<\/title>\n<meta name=\"description\" content=\"Eine klassische jet cooling-Maschine, die sich der L\u00f6sung thermischer Probleme im druckguss mit 4 Schaltkreisen, 3 Messpunkten und 20 Kernstiften widmet. Mehr erfahren!\" \/>\n<meta name=\"robots\" content=\"index, follow, max-snippet:-1, max-image-preview:large, max-video-preview:-1\" \/>\n<link rel=\"canonical\" href=\"https:\/\/lethiguel.com\/de\/spotcool-classic.html\" \/>\n<meta property=\"og:locale\" content=\"de_DE\" \/>\n<meta property=\"og:type\" content=\"article\" \/>\n<meta property=\"og:title\" content=\"Lethiguel\" \/>\n<meta property=\"og:description\" content=\"Eine klassische jet cooling-Maschine, die sich der L\u00f6sung thermischer Probleme im druckguss mit 4 Schaltkreisen, 3 Messpunkten und 20 Kernstiften widmet. Mehr erfahren!\" \/>\n<meta property=\"og:url\" content=\"https:\/\/lethiguel.com\/de\/spotcool-classic.html\" \/>\n<meta property=\"og:site_name\" content=\"Lethiguel Deutsch\" \/>\n<meta property=\"article:modified_time\" content=\"2020-10-06T12:42:44+00:00\" \/>\n<meta name=\"twitter:card\" content=\"summary_large_image\" \/>\n<meta name=\"twitter:label1\" content=\"Gesch\u00e4tzte Lesezeit\" \/>\n\t<meta name=\"twitter:data1\" content=\"6\u00a0Minuten\" \/>\n<script type=\"application\/ld+json\" class=\"yoast-schema-graph\">{\"@context\":\"https:\\\/\\\/schema.org\",\"@graph\":[{\"@type\":\"WebPage\",\"@id\":\"https:\\\/\\\/lethiguel.com\\\/de\\\/spotcool-classic.html\",\"url\":\"https:\\\/\\\/lethiguel.com\\\/de\\\/spotcool-classic.html\",\"name\":\"Lethiguel\",\"isPartOf\":{\"@id\":\"https:\\\/\\\/lethiguel.com\\\/de\\\/#website\"},\"datePublished\":\"2019-06-19T12:32:49+00:00\",\"dateModified\":\"2020-10-06T12:42:44+00:00\",\"description\":\"Eine klassische jet cooling-Maschine, die sich der L\u00f6sung thermischer Probleme im druckguss mit 4 Schaltkreisen, 3 Messpunkten und 20 Kernstiften widmet. Mehr erfahren!\",\"breadcrumb\":{\"@id\":\"https:\\\/\\\/lethiguel.com\\\/de\\\/spotcool-classic.html#breadcrumb\"},\"inLanguage\":\"de\",\"potentialAction\":[{\"@type\":\"ReadAction\",\"target\":[\"https:\\\/\\\/lethiguel.com\\\/de\\\/spotcool-classic.html\"]}]},{\"@type\":\"BreadcrumbList\",\"@id\":\"https:\\\/\\\/lethiguel.com\\\/de\\\/spotcool-classic.html#breadcrumb\",\"itemListElement\":[{\"@type\":\"ListItem\",\"position\":1,\"name\":\"Accueil\",\"item\":\"https:\\\/\\\/lethiguel.com\\\/de\\\/\"},{\"@type\":\"ListItem\",\"position\":2,\"name\":\"SpotCool Classic\"}]},{\"@type\":\"WebSite\",\"@id\":\"https:\\\/\\\/lethiguel.com\\\/de\\\/#website\",\"url\":\"https:\\\/\\\/lethiguel.com\\\/de\\\/\",\"name\":\"Lethiguel Deutsch\",\"description\":\"Heating and cooling solutions\",\"potentialAction\":[{\"@type\":\"SearchAction\",\"target\":{\"@type\":\"EntryPoint\",\"urlTemplate\":\"https:\\\/\\\/lethiguel.com\\\/de\\\/?s={search_term_string}\"},\"query-input\":{\"@type\":\"PropertyValueSpecification\",\"valueRequired\":true,\"valueName\":\"search_term_string\"}}],\"inLanguage\":\"de\"}]}<\/script>\n<!-- \/ Yoast SEO plugin. -->","yoast_head_json":{"title":"Lethiguel","description":"Eine klassische jet cooling-Maschine, die sich der L\u00f6sung thermischer Probleme im druckguss mit 4 Schaltkreisen, 3 Messpunkten und 20 Kernstiften widmet. Mehr erfahren!","robots":{"index":"index","follow":"follow","max-snippet":"max-snippet:-1","max-image-preview":"max-image-preview:large","max-video-preview":"max-video-preview:-1"},"canonical":"https:\/\/lethiguel.com\/de\/spotcool-classic.html","og_locale":"de_DE","og_type":"article","og_title":"Lethiguel","og_description":"Eine klassische jet cooling-Maschine, die sich der L\u00f6sung thermischer Probleme im druckguss mit 4 Schaltkreisen, 3 Messpunkten und 20 Kernstiften widmet. Mehr erfahren!","og_url":"https:\/\/lethiguel.com\/de\/spotcool-classic.html","og_site_name":"Lethiguel Deutsch","article_modified_time":"2020-10-06T12:42:44+00:00","twitter_card":"summary_large_image","twitter_misc":{"Gesch\u00e4tzte Lesezeit":"6\u00a0Minuten"},"schema":{"@context":"https:\/\/schema.org","@graph":[{"@type":"WebPage","@id":"https:\/\/lethiguel.com\/de\/spotcool-classic.html","url":"https:\/\/lethiguel.com\/de\/spotcool-classic.html","name":"Lethiguel","isPartOf":{"@id":"https:\/\/lethiguel.com\/de\/#website"},"datePublished":"2019-06-19T12:32:49+00:00","dateModified":"2020-10-06T12:42:44+00:00","description":"Eine klassische jet cooling-Maschine, die sich der L\u00f6sung thermischer Probleme im druckguss mit 4 Schaltkreisen, 3 Messpunkten und 20 Kernstiften widmet. Mehr erfahren!","breadcrumb":{"@id":"https:\/\/lethiguel.com\/de\/spotcool-classic.html#breadcrumb"},"inLanguage":"de","potentialAction":[{"@type":"ReadAction","target":["https:\/\/lethiguel.com\/de\/spotcool-classic.html"]}]},{"@type":"BreadcrumbList","@id":"https:\/\/lethiguel.com\/de\/spotcool-classic.html#breadcrumb","itemListElement":[{"@type":"ListItem","position":1,"name":"Accueil","item":"https:\/\/lethiguel.com\/de\/"},{"@type":"ListItem","position":2,"name":"SpotCool Classic"}]},{"@type":"WebSite","@id":"https:\/\/lethiguel.com\/de\/#website","url":"https:\/\/lethiguel.com\/de\/","name":"Lethiguel Deutsch","description":"Heating and cooling solutions","potentialAction":[{"@type":"SearchAction","target":{"@type":"EntryPoint","urlTemplate":"https:\/\/lethiguel.com\/de\/?s={search_term_string}"},"query-input":{"@type":"PropertyValueSpecification","valueRequired":true,"valueName":"search_term_string"}}],"inLanguage":"de"}]}},"_links":{"self":[{"href":"https:\/\/lethiguel.com\/de\/wp-json\/wp\/v2\/pages\/200","targetHints":{"allow":["GET"]}}],"collection":[{"href":"https:\/\/lethiguel.com\/de\/wp-json\/wp\/v2\/pages"}],"about":[{"href":"https:\/\/lethiguel.com\/de\/wp-json\/wp\/v2\/types\/page"}],"author":[{"embeddable":true,"href":"https:\/\/lethiguel.com\/de\/wp-json\/wp\/v2\/users\/1"}],"replies":[{"embeddable":true,"href":"https:\/\/lethiguel.com\/de\/wp-json\/wp\/v2\/comments?post=200"}],"version-history":[{"count":48,"href":"https:\/\/lethiguel.com\/de\/wp-json\/wp\/v2\/pages\/200\/revisions"}],"predecessor-version":[{"id":1831,"href":"https:\/\/lethiguel.com\/de\/wp-json\/wp\/v2\/pages\/200\/revisions\/1831"}],"wp:attachment":[{"href":"https:\/\/lethiguel.com\/de\/wp-json\/wp\/v2\/media?parent=200"}],"curies":[{"name":"wp","href":"https:\/\/api.w.org\/{rel}","templated":true}]}}