{"id":225,"date":"2019-06-19T15:25:37","date_gmt":"2019-06-19T13:25:37","guid":{"rendered":"https:\/\/lethiguel.com\/de\/?page_id=225"},"modified":"2020-07-31T09:44:08","modified_gmt":"2020-07-31T07:44:08","slug":"wasserentharterprufgreats-spotcool-mini-water-check","status":"publish","type":"page","link":"https:\/\/lethiguel.com\/de\/wasserentharterprufgreats-spotcool-mini-water-check.html","title":{"rendered":"Wasserenth\u00e4rterpr\u00fcfger\u00e4ts SpotCool Mini Water Check"},"content":{"rendered":"<section class=\"wpb-content-wrapper\"><p>[vc_row type=&#8220;vc_default&#8220; content_placement=&#8220;middle&#8220; el_class=&#8220;bloc-article&#8220;][vc_column width=&#8220;1\/3&#8243; el_class=&#8220;texteblanc bloc-text-bloc-article&#8220;][vc_single_image image=&#8220;1316&#8243; img_size=&#8220;full&#8220;][vc_column_text css=&#8220;.vc_custom_1576333646738{padding-top: 20px !important;padding-right: 20px !important;padding-bottom: 20px !important;padding-left: 20px !important;background-color: #313131 !important;}&#8220;]<\/p>\n<h3 class=\"avantages\">Merkmale des Wasserenth\u00e4rterpr\u00fcfger\u00e4ts:<\/h3>\n<ul>\n<li>CE-zertifiziert<\/li>\n<li>Montiert mit Batterie AAA<\/li>\n<li>Passend f\u00fcr alle SpotCool Leitf\u00e4higkeitssensoren<\/li>\n<li>Montiert auf SpotCool Wasserenth\u00e4rter<\/li>\n<li>Einfache \u00dcberpr\u00fcfung mit 3 Stufen-LEDs<\/li>\n<\/ul>\n<p>[\/vc_column_text][vc_column_text css=&#8220;.vc_custom_1576333714974{margin-top: -40px !important;padding-top: 20px !important;padding-right: 20px !important;padding-bottom: 20px !important;padding-left: 20px !important;background-color: #009fe3 !important;}&#8220;]Der <strong class=\"d2b\">SpotCool Mini Water Check<\/strong> ist ein festes Messger\u00e4t, das auf dem <strong>Wasserenth\u00e4rter<\/strong> montiert ist. Dank seiner einfachen Konfiguration zeigt er die <strong class=\"d2b\">Wasserqualit\u00e4t<\/strong>, die der <strong class=\"d2b\">SpotCool Wasserenth\u00e4rter<\/strong> durch LED-Blitz liefert. Es wird keine Stromversorgung ben\u00f6tigt, da die AAA-Batterien f\u00fcr eine flexiblere L\u00f6sung integriert sind.<\/p>\n<p><span class=\"fort\">Stellen Sie sicher, dass die SpotCool-Installation immer die beste Wasserqualit\u00e4t ohne einen einzigen Arbeitsgang verwendet, schauen Sie einfach mal rein!<\/span>[\/vc_column_text][\/vc_column][vc_column width=&#8220;2\/3&#8243; el_class=&#8220;bloc-img-bloc-article&#8220;][vc_single_image image=&#8220;1739&#8243; img_size=&#8220;full&#8220; alignment=&#8220;center&#8220;][\/vc_column][\/vc_row][vc_row][vc_column][vc_btn title=&#8220;Kontaktiere uns&#8220; style=&#8220;custom&#8220; custom_background=&#8220;#009fe3&#8243; custom_text=&#8220;#ffffff&#8220; size=&#8220;lg&#8220; align=&#8220;center&#8220; link=&#8220;url:%2Fde%2Fkontakt.html|title:Contact||&#8220;][\/vc_column][\/vc_row]<\/p>\n<\/section>","protected":false},"excerpt":{"rendered":"<p>[vc_row type=&#8220;vc_default&#8220; content_placement=&#8220;middle&#8220; el_class=&#8220;bloc-article&#8220;][vc_column width=&#8220;1\/3&#8243; el_class=&#8220;texteblanc bloc-text-bloc-article&#8220;][vc_single_image image=&#8220;1316&#8243; img_size=&#8220;full&#8220;][vc_column_text css=&#8220;.vc_custom_1576333646738{padding-top: 20px !important;padding-right: 20px !important;padding-bottom: 20px !important;padding-left: 20px !important;background-color: #313131 !important;}&#8220;] Merkmale des Wasserenth\u00e4rterpr\u00fcfger\u00e4ts: CE-zertifiziert Montiert mit Batterie AAA Passend f\u00fcr alle SpotCool Leitf\u00e4higkeitssensoren Montiert auf SpotCool Wasserenth\u00e4rter Einfache \u00dcberpr\u00fcfung mit 3 Stufen-LEDs [\/vc_column_text][vc_column_text css=&#8220;.vc_custom_1576333714974{margin-top: -40px !important;padding-top: 20px !important;padding-right: 20px !important;padding-bottom: 20px !important;padding-left: 20px !important;background-color: #009fe3&hellip;<\/p>\n","protected":false},"author":1,"featured_media":0,"parent":0,"menu_order":0,"comment_status":"closed","ping_status":"closed","template":"","meta":{"footnotes":""},"class_list":["post-225","page","type-page","status-publish","hentry","description-off"],"yoast_head":"<!-- This site is optimized with the Yoast SEO plugin v27.4 - https:\/\/yoast.com\/product\/yoast-seo-wordpress\/ -->\n<title>Lethiguel<\/title>\n<meta name=\"description\" content=\"LETHIGUEL stellt das Mini-Wasserpr\u00fcfger\u00e4t her, das den Wasserenth\u00e4rter \u00fcberwacht. Kontaktieren Sie uns f\u00fcr ein Preisangebot.\" \/>\n<meta name=\"robots\" content=\"index, follow, max-snippet:-1, max-image-preview:large, max-video-preview:-1\" \/>\n<link rel=\"canonical\" href=\"https:\/\/lethiguel.com\/de\/wasserentharterprufgreats-spotcool-mini-water-check.html\" \/>\n<meta property=\"og:locale\" content=\"de_DE\" \/>\n<meta property=\"og:type\" content=\"article\" \/>\n<meta property=\"og:title\" content=\"Lethiguel\" \/>\n<meta property=\"og:description\" content=\"LETHIGUEL stellt das Mini-Wasserpr\u00fcfger\u00e4t her, das den Wasserenth\u00e4rter \u00fcberwacht. Kontaktieren Sie uns f\u00fcr ein Preisangebot.\" \/>\n<meta property=\"og:url\" content=\"https:\/\/lethiguel.com\/de\/wasserentharterprufgreats-spotcool-mini-water-check.html\" \/>\n<meta property=\"og:site_name\" content=\"Lethiguel Deutsch\" \/>\n<meta property=\"article:modified_time\" content=\"2020-07-31T07:44:08+00:00\" \/>\n<meta name=\"twitter:card\" content=\"summary_large_image\" \/>\n<meta name=\"twitter:label1\" content=\"Gesch\u00e4tzte Lesezeit\" \/>\n\t<meta name=\"twitter:data1\" content=\"1\u00a0Minute\" \/>\n<script type=\"application\/ld+json\" class=\"yoast-schema-graph\">{\"@context\":\"https:\\\/\\\/schema.org\",\"@graph\":[{\"@type\":\"WebPage\",\"@id\":\"https:\\\/\\\/lethiguel.com\\\/de\\\/wasserentharterprufgreats-spotcool-mini-water-check.html\",\"url\":\"https:\\\/\\\/lethiguel.com\\\/de\\\/wasserentharterprufgreats-spotcool-mini-water-check.html\",\"name\":\"Lethiguel\",\"isPartOf\":{\"@id\":\"https:\\\/\\\/lethiguel.com\\\/de\\\/#website\"},\"datePublished\":\"2019-06-19T13:25:37+00:00\",\"dateModified\":\"2020-07-31T07:44:08+00:00\",\"description\":\"LETHIGUEL stellt das Mini-Wasserpr\u00fcfger\u00e4t her, das den Wasserenth\u00e4rter \u00fcberwacht. Kontaktieren Sie uns f\u00fcr ein Preisangebot.\",\"breadcrumb\":{\"@id\":\"https:\\\/\\\/lethiguel.com\\\/de\\\/wasserentharterprufgreats-spotcool-mini-water-check.html#breadcrumb\"},\"inLanguage\":\"de\",\"potentialAction\":[{\"@type\":\"ReadAction\",\"target\":[\"https:\\\/\\\/lethiguel.com\\\/de\\\/wasserentharterprufgreats-spotcool-mini-water-check.html\"]}]},{\"@type\":\"BreadcrumbList\",\"@id\":\"https:\\\/\\\/lethiguel.com\\\/de\\\/wasserentharterprufgreats-spotcool-mini-water-check.html#breadcrumb\",\"itemListElement\":[{\"@type\":\"ListItem\",\"position\":1,\"name\":\"Accueil\",\"item\":\"https:\\\/\\\/lethiguel.com\\\/de\\\/\"},{\"@type\":\"ListItem\",\"position\":2,\"name\":\"Wasserenth\u00e4rterpr\u00fcfger\u00e4ts SpotCool Mini Water Check\"}]},{\"@type\":\"WebSite\",\"@id\":\"https:\\\/\\\/lethiguel.com\\\/de\\\/#website\",\"url\":\"https:\\\/\\\/lethiguel.com\\\/de\\\/\",\"name\":\"Lethiguel Deutsch\",\"description\":\"Heating and cooling solutions\",\"potentialAction\":[{\"@type\":\"SearchAction\",\"target\":{\"@type\":\"EntryPoint\",\"urlTemplate\":\"https:\\\/\\\/lethiguel.com\\\/de\\\/?s={search_term_string}\"},\"query-input\":{\"@type\":\"PropertyValueSpecification\",\"valueRequired\":true,\"valueName\":\"search_term_string\"}}],\"inLanguage\":\"de\"}]}<\/script>\n<!-- \/ Yoast SEO plugin. -->","yoast_head_json":{"title":"Lethiguel","description":"LETHIGUEL stellt das Mini-Wasserpr\u00fcfger\u00e4t her, das den Wasserenth\u00e4rter \u00fcberwacht. Kontaktieren Sie uns f\u00fcr ein Preisangebot.","robots":{"index":"index","follow":"follow","max-snippet":"max-snippet:-1","max-image-preview":"max-image-preview:large","max-video-preview":"max-video-preview:-1"},"canonical":"https:\/\/lethiguel.com\/de\/wasserentharterprufgreats-spotcool-mini-water-check.html","og_locale":"de_DE","og_type":"article","og_title":"Lethiguel","og_description":"LETHIGUEL stellt das Mini-Wasserpr\u00fcfger\u00e4t her, das den Wasserenth\u00e4rter \u00fcberwacht. Kontaktieren Sie uns f\u00fcr ein Preisangebot.","og_url":"https:\/\/lethiguel.com\/de\/wasserentharterprufgreats-spotcool-mini-water-check.html","og_site_name":"Lethiguel Deutsch","article_modified_time":"2020-07-31T07:44:08+00:00","twitter_card":"summary_large_image","twitter_misc":{"Gesch\u00e4tzte Lesezeit":"1\u00a0Minute"},"schema":{"@context":"https:\/\/schema.org","@graph":[{"@type":"WebPage","@id":"https:\/\/lethiguel.com\/de\/wasserentharterprufgreats-spotcool-mini-water-check.html","url":"https:\/\/lethiguel.com\/de\/wasserentharterprufgreats-spotcool-mini-water-check.html","name":"Lethiguel","isPartOf":{"@id":"https:\/\/lethiguel.com\/de\/#website"},"datePublished":"2019-06-19T13:25:37+00:00","dateModified":"2020-07-31T07:44:08+00:00","description":"LETHIGUEL stellt das Mini-Wasserpr\u00fcfger\u00e4t her, das den Wasserenth\u00e4rter \u00fcberwacht. Kontaktieren Sie uns f\u00fcr ein Preisangebot.","breadcrumb":{"@id":"https:\/\/lethiguel.com\/de\/wasserentharterprufgreats-spotcool-mini-water-check.html#breadcrumb"},"inLanguage":"de","potentialAction":[{"@type":"ReadAction","target":["https:\/\/lethiguel.com\/de\/wasserentharterprufgreats-spotcool-mini-water-check.html"]}]},{"@type":"BreadcrumbList","@id":"https:\/\/lethiguel.com\/de\/wasserentharterprufgreats-spotcool-mini-water-check.html#breadcrumb","itemListElement":[{"@type":"ListItem","position":1,"name":"Accueil","item":"https:\/\/lethiguel.com\/de\/"},{"@type":"ListItem","position":2,"name":"Wasserenth\u00e4rterpr\u00fcfger\u00e4ts SpotCool Mini Water Check"}]},{"@type":"WebSite","@id":"https:\/\/lethiguel.com\/de\/#website","url":"https:\/\/lethiguel.com\/de\/","name":"Lethiguel Deutsch","description":"Heating and cooling solutions","potentialAction":[{"@type":"SearchAction","target":{"@type":"EntryPoint","urlTemplate":"https:\/\/lethiguel.com\/de\/?s={search_term_string}"},"query-input":{"@type":"PropertyValueSpecification","valueRequired":true,"valueName":"search_term_string"}}],"inLanguage":"de"}]}},"_links":{"self":[{"href":"https:\/\/lethiguel.com\/de\/wp-json\/wp\/v2\/pages\/225","targetHints":{"allow":["GET"]}}],"collection":[{"href":"https:\/\/lethiguel.com\/de\/wp-json\/wp\/v2\/pages"}],"about":[{"href":"https:\/\/lethiguel.com\/de\/wp-json\/wp\/v2\/types\/page"}],"author":[{"embeddable":true,"href":"https:\/\/lethiguel.com\/de\/wp-json\/wp\/v2\/users\/1"}],"replies":[{"embeddable":true,"href":"https:\/\/lethiguel.com\/de\/wp-json\/wp\/v2\/comments?post=225"}],"version-history":[{"count":20,"href":"https:\/\/lethiguel.com\/de\/wp-json\/wp\/v2\/pages\/225\/revisions"}],"predecessor-version":[{"id":1753,"href":"https:\/\/lethiguel.com\/de\/wp-json\/wp\/v2\/pages\/225\/revisions\/1753"}],"wp:attachment":[{"href":"https:\/\/lethiguel.com\/de\/wp-json\/wp\/v2\/media?parent=225"}],"curies":[{"name":"wp","href":"https:\/\/api.w.org\/{rel}","templated":true}]}}