{"id":233,"date":"2019-06-19T15:41:31","date_gmt":"2019-06-19T13:41:31","guid":{"rendered":"https:\/\/lethiguel.com\/de\/?page_id=233"},"modified":"2020-10-09T14:20:51","modified_gmt":"2020-10-09T12:20:51","slug":"wasserentharter-monitors-spotcool","status":"publish","type":"page","link":"https:\/\/lethiguel.com\/de\/wasserentharter-monitors-spotcool.html","title":{"rendered":"Wasserenth\u00e4rter-Monitors SpotCool"},"content":{"rendered":"<section class=\"wpb-content-wrapper\"><p>[vc_row type=&#8220;vc_default&#8220; content_placement=&#8220;middle&#8220; el_class=&#8220;bloc-article&#8220;][vc_column width=&#8220;1\/3&#8243; el_class=&#8220;texteblanc bloc-text-bloc-article&#8220;][vc_single_image image=&#8220;1325&#8243; img_size=&#8220;full&#8220;][vc_column_text css=&#8220;.vc_custom_1576335323165{padding-top: 20px !important;padding-right: 20px !important;padding-bottom: 20px !important;padding-left: 20px !important;background-color: #313131 !important;}&#8220;]<\/p>\n<h3 class=\"avantages\">Merkmale des Wasserenth\u00e4rter-Monitors:<\/h3>\n<ul>\n<li>CE-zertifiziert<\/li>\n<li>Montiert mit Batterie AAA<\/li>\n<li>Passend f\u00fcr alle SpotCool Leitf\u00e4higkeitssensoren<\/li>\n<\/ul>\n<p>[\/vc_column_text][vc_column_text css=&#8220;.vc_custom_1602245764969{margin-top: -40px !important;padding-top: 20px !important;padding-right: 20px !important;padding-bottom: 20px !important;padding-left: 20px !important;background-color: #009fe3 !important;}&#8220;]Der SpotCool Water Checkist eine <strong class=\"d2b\">mobile Messbox<\/strong>, die an einen ehemaligen und neuesten <strong class=\"d2b\">Wasserleitf\u00e4higkeitssensor<\/strong> angeschlossen werden kann. Dank 3 AAA-Batterien erm\u00f6glicht es eine schnelle \u00dcberpr\u00fcfung aller <a href=\"https:\/\/lethiguel.com\/de\/spotcool-wasserentharter.html\">SpotCool Wasserenth\u00e4rtungsanlagen<\/a> in der Gie\u00dferei.<\/p>\n<p><span class=\"fort\">Stellen Sie sicher, dass die SpotCool-Installation immer die beste Wasserqualit\u00e4t mit einem einzigen Ger\u00e4t verwendet!<\/span>[\/vc_column_text][\/vc_column][vc_column width=&#8220;2\/3&#8243; el_class=&#8220;bloc-img-bloc-article&#8220;][vc_single_image image=&#8220;1738&#8243; img_size=&#8220;full&#8220; alignment=&#8220;center&#8220;][\/vc_column][\/vc_row][vc_row][vc_column][vc_btn title=&#8220;Kontaktiere uns&#8220; style=&#8220;custom&#8220; custom_background=&#8220;#009fe3&#8243; custom_text=&#8220;#ffffff&#8220; size=&#8220;lg&#8220; align=&#8220;center&#8220; link=&#8220;url:%2Fde%2Fkontakt.html|title:Contact||&#8220;][\/vc_column][\/vc_row]<\/p>\n<\/section>","protected":false},"excerpt":{"rendered":"<p>[vc_row type=&#8220;vc_default&#8220; content_placement=&#8220;middle&#8220; el_class=&#8220;bloc-article&#8220;][vc_column width=&#8220;1\/3&#8243; el_class=&#8220;texteblanc bloc-text-bloc-article&#8220;][vc_single_image image=&#8220;1325&#8243; img_size=&#8220;full&#8220;][vc_column_text css=&#8220;.vc_custom_1576335323165{padding-top: 20px !important;padding-right: 20px !important;padding-bottom: 20px !important;padding-left: 20px !important;background-color: #313131 !important;}&#8220;] Merkmale des Wasserenth\u00e4rter-Monitors: CE-zertifiziert Montiert mit Batterie AAA Passend f\u00fcr alle SpotCool Leitf\u00e4higkeitssensoren [\/vc_column_text][vc_column_text css=&#8220;.vc_custom_1602245764969{margin-top: -40px !important;padding-top: 20px !important;padding-right: 20px !important;padding-bottom: 20px !important;padding-left: 20px !important;background-color: #009fe3 !important;}&#8220;]Der SpotCool Water Checkist eine mobile Messbox, die an&hellip;<\/p>\n","protected":false},"author":1,"featured_media":0,"parent":0,"menu_order":0,"comment_status":"closed","ping_status":"closed","template":"","meta":{"footnotes":""},"class_list":["post-233","page","type-page","status-publish","hentry","description-off"],"yoast_head":"<!-- This site is optimized with the Yoast SEO plugin v27.4 - https:\/\/yoast.com\/product\/yoast-seo-wordpress\/ -->\n<title>Lethiguel<\/title>\n<meta name=\"description\" content=\"Ein tragbares Messger\u00e4t zur \u00dcberwachung der Wasserqualit\u00e4t in wasserenth\u00e4rter. Damit Sie immer die beste Wasserqualit\u00e4t f\u00fcr die Strahlk\u00fchlung haben! Mehr Info!\" \/>\n<meta name=\"robots\" content=\"index, follow, max-snippet:-1, max-image-preview:large, max-video-preview:-1\" \/>\n<link rel=\"canonical\" href=\"https:\/\/lethiguel.com\/de\/wasserentharter-monitors-spotcool.html\" \/>\n<meta property=\"og:locale\" content=\"de_DE\" \/>\n<meta property=\"og:type\" content=\"article\" \/>\n<meta property=\"og:title\" content=\"Lethiguel\" \/>\n<meta property=\"og:description\" content=\"Ein tragbares Messger\u00e4t zur \u00dcberwachung der Wasserqualit\u00e4t in wasserenth\u00e4rter. Damit Sie immer die beste Wasserqualit\u00e4t f\u00fcr die Strahlk\u00fchlung haben! Mehr Info!\" \/>\n<meta property=\"og:url\" content=\"https:\/\/lethiguel.com\/de\/wasserentharter-monitors-spotcool.html\" \/>\n<meta property=\"og:site_name\" content=\"Lethiguel Deutsch\" \/>\n<meta property=\"article:modified_time\" content=\"2020-10-09T12:20:51+00:00\" \/>\n<meta name=\"twitter:card\" content=\"summary_large_image\" \/>\n<meta name=\"twitter:label1\" content=\"Gesch\u00e4tzte Lesezeit\" \/>\n\t<meta name=\"twitter:data1\" content=\"1\u00a0Minute\" \/>\n<script type=\"application\/ld+json\" class=\"yoast-schema-graph\">{\"@context\":\"https:\\\/\\\/schema.org\",\"@graph\":[{\"@type\":\"WebPage\",\"@id\":\"https:\\\/\\\/lethiguel.com\\\/de\\\/wasserentharter-monitors-spotcool.html\",\"url\":\"https:\\\/\\\/lethiguel.com\\\/de\\\/wasserentharter-monitors-spotcool.html\",\"name\":\"Lethiguel\",\"isPartOf\":{\"@id\":\"https:\\\/\\\/lethiguel.com\\\/de\\\/#website\"},\"datePublished\":\"2019-06-19T13:41:31+00:00\",\"dateModified\":\"2020-10-09T12:20:51+00:00\",\"description\":\"Ein tragbares Messger\u00e4t zur \u00dcberwachung der Wasserqualit\u00e4t in wasserenth\u00e4rter. Damit Sie immer die beste Wasserqualit\u00e4t f\u00fcr die Strahlk\u00fchlung haben! Mehr Info!\",\"breadcrumb\":{\"@id\":\"https:\\\/\\\/lethiguel.com\\\/de\\\/wasserentharter-monitors-spotcool.html#breadcrumb\"},\"inLanguage\":\"de\",\"potentialAction\":[{\"@type\":\"ReadAction\",\"target\":[\"https:\\\/\\\/lethiguel.com\\\/de\\\/wasserentharter-monitors-spotcool.html\"]}]},{\"@type\":\"BreadcrumbList\",\"@id\":\"https:\\\/\\\/lethiguel.com\\\/de\\\/wasserentharter-monitors-spotcool.html#breadcrumb\",\"itemListElement\":[{\"@type\":\"ListItem\",\"position\":1,\"name\":\"Accueil\",\"item\":\"https:\\\/\\\/lethiguel.com\\\/de\\\/\"},{\"@type\":\"ListItem\",\"position\":2,\"name\":\"Wasserenth\u00e4rter-Monitors SpotCool\"}]},{\"@type\":\"WebSite\",\"@id\":\"https:\\\/\\\/lethiguel.com\\\/de\\\/#website\",\"url\":\"https:\\\/\\\/lethiguel.com\\\/de\\\/\",\"name\":\"Lethiguel Deutsch\",\"description\":\"Heating and cooling solutions\",\"potentialAction\":[{\"@type\":\"SearchAction\",\"target\":{\"@type\":\"EntryPoint\",\"urlTemplate\":\"https:\\\/\\\/lethiguel.com\\\/de\\\/?s={search_term_string}\"},\"query-input\":{\"@type\":\"PropertyValueSpecification\",\"valueRequired\":true,\"valueName\":\"search_term_string\"}}],\"inLanguage\":\"de\"}]}<\/script>\n<!-- \/ Yoast SEO plugin. -->","yoast_head_json":{"title":"Lethiguel","description":"Ein tragbares Messger\u00e4t zur \u00dcberwachung der Wasserqualit\u00e4t in wasserenth\u00e4rter. Damit Sie immer die beste Wasserqualit\u00e4t f\u00fcr die Strahlk\u00fchlung haben! Mehr Info!","robots":{"index":"index","follow":"follow","max-snippet":"max-snippet:-1","max-image-preview":"max-image-preview:large","max-video-preview":"max-video-preview:-1"},"canonical":"https:\/\/lethiguel.com\/de\/wasserentharter-monitors-spotcool.html","og_locale":"de_DE","og_type":"article","og_title":"Lethiguel","og_description":"Ein tragbares Messger\u00e4t zur \u00dcberwachung der Wasserqualit\u00e4t in wasserenth\u00e4rter. Damit Sie immer die beste Wasserqualit\u00e4t f\u00fcr die Strahlk\u00fchlung haben! Mehr Info!","og_url":"https:\/\/lethiguel.com\/de\/wasserentharter-monitors-spotcool.html","og_site_name":"Lethiguel Deutsch","article_modified_time":"2020-10-09T12:20:51+00:00","twitter_card":"summary_large_image","twitter_misc":{"Gesch\u00e4tzte Lesezeit":"1\u00a0Minute"},"schema":{"@context":"https:\/\/schema.org","@graph":[{"@type":"WebPage","@id":"https:\/\/lethiguel.com\/de\/wasserentharter-monitors-spotcool.html","url":"https:\/\/lethiguel.com\/de\/wasserentharter-monitors-spotcool.html","name":"Lethiguel","isPartOf":{"@id":"https:\/\/lethiguel.com\/de\/#website"},"datePublished":"2019-06-19T13:41:31+00:00","dateModified":"2020-10-09T12:20:51+00:00","description":"Ein tragbares Messger\u00e4t zur \u00dcberwachung der Wasserqualit\u00e4t in wasserenth\u00e4rter. Damit Sie immer die beste Wasserqualit\u00e4t f\u00fcr die Strahlk\u00fchlung haben! Mehr Info!","breadcrumb":{"@id":"https:\/\/lethiguel.com\/de\/wasserentharter-monitors-spotcool.html#breadcrumb"},"inLanguage":"de","potentialAction":[{"@type":"ReadAction","target":["https:\/\/lethiguel.com\/de\/wasserentharter-monitors-spotcool.html"]}]},{"@type":"BreadcrumbList","@id":"https:\/\/lethiguel.com\/de\/wasserentharter-monitors-spotcool.html#breadcrumb","itemListElement":[{"@type":"ListItem","position":1,"name":"Accueil","item":"https:\/\/lethiguel.com\/de\/"},{"@type":"ListItem","position":2,"name":"Wasserenth\u00e4rter-Monitors SpotCool"}]},{"@type":"WebSite","@id":"https:\/\/lethiguel.com\/de\/#website","url":"https:\/\/lethiguel.com\/de\/","name":"Lethiguel Deutsch","description":"Heating and cooling solutions","potentialAction":[{"@type":"SearchAction","target":{"@type":"EntryPoint","urlTemplate":"https:\/\/lethiguel.com\/de\/?s={search_term_string}"},"query-input":{"@type":"PropertyValueSpecification","valueRequired":true,"valueName":"search_term_string"}}],"inLanguage":"de"}]}},"_links":{"self":[{"href":"https:\/\/lethiguel.com\/de\/wp-json\/wp\/v2\/pages\/233","targetHints":{"allow":["GET"]}}],"collection":[{"href":"https:\/\/lethiguel.com\/de\/wp-json\/wp\/v2\/pages"}],"about":[{"href":"https:\/\/lethiguel.com\/de\/wp-json\/wp\/v2\/types\/page"}],"author":[{"embeddable":true,"href":"https:\/\/lethiguel.com\/de\/wp-json\/wp\/v2\/users\/1"}],"replies":[{"embeddable":true,"href":"https:\/\/lethiguel.com\/de\/wp-json\/wp\/v2\/comments?post=233"}],"version-history":[{"count":19,"href":"https:\/\/lethiguel.com\/de\/wp-json\/wp\/v2\/pages\/233\/revisions"}],"predecessor-version":[{"id":1837,"href":"https:\/\/lethiguel.com\/de\/wp-json\/wp\/v2\/pages\/233\/revisions\/1837"}],"wp:attachment":[{"href":"https:\/\/lethiguel.com\/de\/wp-json\/wp\/v2\/media?parent=233"}],"curies":[{"name":"wp","href":"https:\/\/api.w.org\/{rel}","templated":true}]}}