{"id":249,"date":"2019-06-19T15:55:24","date_gmt":"2019-06-19T13:55:24","guid":{"rendered":"https:\/\/lethiguel.com\/de\/?page_id=249"},"modified":"2020-10-12T12:17:21","modified_gmt":"2020-10-12T10:17:21","slug":"jet-cooler-giesserei-kuhlsystem","status":"publish","type":"page","link":"https:\/\/lethiguel.com\/de\/jet-cooler-giesserei-kuhlsystem.html","title":{"rendered":"Jet cooler, Gie\u00dferei-K\u00fchlsystem"},"content":{"rendered":"<section class=\"wpb-content-wrapper\"><p>[vc_row type=&#8220;vc_default&#8220; content_placement=&#8220;middle&#8220; el_class=&#8220;bloc-article&#8220;][vc_column width=&#8220;1\/3&#8243; el_class=&#8220;texteblanc bloc-text-bloc-article&#8220;][vc_column_text css=&#8220;.vc_custom_1576267139696{padding-top: 20px !important;padding-right: 20px !important;padding-bottom: 20px !important;padding-left: 20px !important;background-color: #313131 !important;}&#8220;]<\/p>\n<h3 class=\"avantages\">Kupplungen<\/h3>\n<ul>\n<li>Ref:AH-CO-P4-01MOF &#8211; 1 St\u00fcck &#8211; Kupplung f\u00fcr \u00d84 Fluorrohr<\/li>\n<li>Ref:AH-CO-P6-01MS-OF &#8211; 1 St\u00fcck &#8211; Kupplung f\u00fcr \u00d86 Fluorrohr<\/li>\n<\/ul>\n<h3 class=\"avantages\">O-Ring<\/h3>\n<p>Ref: AH-CO-P7 &#8211; 100 St\u00fcck &#8211; O-Ring f\u00fcr Jet Cooler[\/vc_column_text][vc_column_text css_animation=&#8220;appear&#8220; css=&#8220;.vc_custom_1576267230032{margin-top: -40px !important;padding-top: 20px !important;padding-right: 20px !important;padding-bottom: 20px !important;padding-left: 20px !important;background-color: #009fe3 !important;}&#8220;]<strong>Isoliert umlaufend Jet Cooler<\/strong><\/p>\n<p>Die neuen JC-HST und JC-HSR erm\u00f6glichen es, den Schlauch durch entsprechende Drehk\u00f6pfe in flexibler Richtung herauszuziehen. Diese <strong class=\"d2b\">Jet Coolers<\/strong> k\u00f6nnen an einer Matrize mit Verbindungsrohren befestigt werden, und da der Boden des Kopfes halbkreisf\u00f6rmig ist, wird der Montageabstand verringert. Beide Typen sind in den Gr\u00f6\u00dfen \u00d84, 6, 8 und 10 mm und einer maximalen L\u00e4nge von 1000 mm erh\u00e4ltlich.[\/vc_column_text][\/vc_column][vc_column width=&#8220;2\/3&#8243; animation=&#8220;fadeInRight&#8220; el_class=&#8220;bloc-img-bloc-article&#8220;][vc_single_image image=&#8220;1577&#8243; img_size=&#8220;full&#8220; alignment=&#8220;center&#8220;][\/vc_column][\/vc_row][vc_row][vc_column][vc_separator][\/vc_column][\/vc_row][vc_row][vc_column width=&#8220;1\/2&#8243; animation=&#8220;fadeInLeft&#8220;][vc_column_text]<strong>JC &#8211; KRM<\/strong>[\/vc_column_text][vc_single_image image=&#8220;1274&#8243; img_size=&#8220;400&#215;300&#8243; css=&#8220;.vc_custom_1593005884231{margin-top: -60px !important;margin-left: -30px !important;}&#8220;][vc_column_text css=&#8220;.vc_custom_1593005965756{margin-top: -70px !important;}&#8220;]Jet Cooler mit drehbarem Kopf[\/vc_column_text][\/vc_column][vc_column width=&#8220;1\/2&#8243; animation=&#8220;fadeInRight&#8220;][vc_column_text]<strong>JC &#8211; HSR<\/strong>[\/vc_column_text][vc_single_image image=&#8220;1575&#8243; img_size=&#8220;full&#8220; css=&#8220;.vc_custom_1593005928649{margin-left: -40px !important;}&#8220;][vc_column_text css=&#8220;.vc_custom_1593006121951{margin-top: -10px !important;}&#8220;]Jet Cooler mit isolierendem Drehkopf<br \/>\n<strong>Erm\u00f6glicht den Austausch der Nadel, ohne den Strahlk\u00fchler von der Matrize zu entfernen!<\/strong>[\/vc_column_text][\/vc_column][\/vc_row][vc_row type=&#8220;vc_default&#8220; content_placement=&#8220;middle&#8220; css_animation=&#8220;fadeInLeft&#8220;][vc_column][vc_separator][vc_column_text css=&#8220;.vc_custom_1593005674329{margin-top: 30px !important;}&#8220;]Als erstes Unternehmen, das jemals <strong class=\"d2b\">Jet Cooling Technologie<\/strong> auf den europ\u00e4ischen Markt importiert hat, Lethiguel hat es sich ein starkes Know-how \u00fcber thermische Prozesse im <strong class=\"d2b\">Nichteisen-Druckguss<\/strong> aufgebaut und bietet seit \u00fcber vierzig Jahren schl\u00fcsselfertige L\u00f6sungen an.[\/vc_column_text][vc_row_inner][vc_column_inner width=&#8220;1\/2&#8243;][vc_single_image image=&#8220;1573&#8243; img_size=&#8220;full&#8220; alignment=&#8220;center&#8220;][\/vc_column_inner][vc_column_inner width=&#8220;1\/2&#8243;][vc_single_image image=&#8220;1574&#8243; img_size=&#8220;full&#8220; alignment=&#8220;center&#8220;][\/vc_column_inner][\/vc_row_inner][\/vc_column][\/vc_row][vc_row animation=&#8220;fadeInLeft&#8220;][vc_column][vc_column_text css=&#8220;.vc_custom_1593005666874{margin-top: 30px !important;}&#8220;]Unser <strong class=\"d2b\">Ingenieurb\u00fcro<\/strong> arbeitet Seite an Seite mit unseren Kunden, um die richtige L\u00f6sung f\u00fcr die richtige Anwendung zu entwickeln. Als historischer Erfinder des geschlossenen Kreislaufs Jet Cooling nutzen wir unser gro\u00dfes Verst\u00e4ndnis f\u00fcr den K\u00fchlprozess, um jede Gie\u00dfanwendung zu verbessern und zu optimieren. Als enger Partner der Ahresty Techno Service Corporation wurde unser Fertigungsteam in Japan geschult, um sicherzustellen, dass wir die Qualit\u00e4tsanforderungen jeder <strong class=\"d2b\">Jet Cooling<\/strong> Anwendung erf\u00fcllen.[\/vc_column_text][vc_single_image image=&#8220;1576&#8243; img_size=&#8220;full&#8220; alignment=&#8220;center&#8220;][vc_empty_space][vc_separator][\/vc_column][\/vc_row][vc_row][vc_column][vc_btn title=&#8220;Kontaktiere uns&#8220; style=&#8220;custom&#8220; custom_background=&#8220;#009fe3&#8243; custom_text=&#8220;#ffffff&#8220; size=&#8220;lg&#8220; align=&#8220;center&#8220; link=&#8220;url:%2Fde%2Fkontakt.html|title:Contact||&#8220;][\/vc_column][\/vc_row]<\/p>\n<\/section>","protected":false},"excerpt":{"rendered":"<p>[vc_row type=&#8220;vc_default&#8220; content_placement=&#8220;middle&#8220; el_class=&#8220;bloc-article&#8220;][vc_column width=&#8220;1\/3&#8243; el_class=&#8220;texteblanc bloc-text-bloc-article&#8220;][vc_column_text css=&#8220;.vc_custom_1576267139696{padding-top: 20px !important;padding-right: 20px !important;padding-bottom: 20px !important;padding-left: 20px !important;background-color: #313131 !important;}&#8220;] Kupplungen Ref:AH-CO-P4-01MOF &#8211; 1 St\u00fcck &#8211; Kupplung f\u00fcr \u00d84 Fluorrohr Ref:AH-CO-P6-01MS-OF &#8211; 1 St\u00fcck &#8211; Kupplung f\u00fcr \u00d86 Fluorrohr O-Ring Ref: AH-CO-P7 &#8211; 100 St\u00fcck &#8211; O-Ring f\u00fcr Jet Cooler[\/vc_column_text][vc_column_text css_animation=&#8220;appear&#8220; css=&#8220;.vc_custom_1576267230032{margin-top: -40px !important;padding-top: 20px !important;padding-right: 20px&hellip;<\/p>\n","protected":false},"author":1,"featured_media":0,"parent":0,"menu_order":0,"comment_status":"closed","ping_status":"closed","template":"","meta":{"footnotes":""},"class_list":["post-249","page","type-page","status-publish","hentry","description-off"],"yoast_head":"<!-- This site is optimized with the Yoast SEO plugin v27.4 - https:\/\/yoast.com\/product\/yoast-seo-wordpress\/ -->\n<title>Lethiguel<\/title>\n<meta name=\"description\" content=\"Jet Cooler kann mit Verbindungsrohren an einer Matrize befestigt werden, und da die Basis des Kopfes eine halbkreisf\u00f6rmige Form hat, wird der Installationsabstand verengt!\" \/>\n<meta name=\"robots\" content=\"index, follow, max-snippet:-1, max-image-preview:large, max-video-preview:-1\" \/>\n<link rel=\"canonical\" href=\"https:\/\/lethiguel.com\/de\/jet-cooler-giesserei-kuhlsystem.html\" \/>\n<meta property=\"og:locale\" content=\"de_DE\" \/>\n<meta property=\"og:type\" content=\"article\" \/>\n<meta property=\"og:title\" content=\"Lethiguel\" \/>\n<meta property=\"og:description\" content=\"Jet Cooler kann mit Verbindungsrohren an einer Matrize befestigt werden, und da die Basis des Kopfes eine halbkreisf\u00f6rmige Form hat, wird der Installationsabstand verengt!\" \/>\n<meta property=\"og:url\" content=\"https:\/\/lethiguel.com\/de\/jet-cooler-giesserei-kuhlsystem.html\" \/>\n<meta property=\"og:site_name\" content=\"Lethiguel Deutsch\" \/>\n<meta property=\"article:modified_time\" content=\"2020-10-12T10:17:21+00:00\" \/>\n<meta name=\"twitter:card\" content=\"summary_large_image\" \/>\n<meta name=\"twitter:label1\" content=\"Gesch\u00e4tzte Lesezeit\" \/>\n\t<meta name=\"twitter:data1\" content=\"3\u00a0Minuten\" \/>\n<script type=\"application\/ld+json\" class=\"yoast-schema-graph\">{\"@context\":\"https:\\\/\\\/schema.org\",\"@graph\":[{\"@type\":\"WebPage\",\"@id\":\"https:\\\/\\\/lethiguel.com\\\/de\\\/jet-cooler-giesserei-kuhlsystem.html\",\"url\":\"https:\\\/\\\/lethiguel.com\\\/de\\\/jet-cooler-giesserei-kuhlsystem.html\",\"name\":\"Lethiguel\",\"isPartOf\":{\"@id\":\"https:\\\/\\\/lethiguel.com\\\/de\\\/#website\"},\"datePublished\":\"2019-06-19T13:55:24+00:00\",\"dateModified\":\"2020-10-12T10:17:21+00:00\",\"description\":\"Jet Cooler kann mit Verbindungsrohren an einer Matrize befestigt werden, und da die Basis des Kopfes eine halbkreisf\u00f6rmige Form hat, wird der Installationsabstand verengt!\",\"breadcrumb\":{\"@id\":\"https:\\\/\\\/lethiguel.com\\\/de\\\/jet-cooler-giesserei-kuhlsystem.html#breadcrumb\"},\"inLanguage\":\"de\",\"potentialAction\":[{\"@type\":\"ReadAction\",\"target\":[\"https:\\\/\\\/lethiguel.com\\\/de\\\/jet-cooler-giesserei-kuhlsystem.html\"]}]},{\"@type\":\"BreadcrumbList\",\"@id\":\"https:\\\/\\\/lethiguel.com\\\/de\\\/jet-cooler-giesserei-kuhlsystem.html#breadcrumb\",\"itemListElement\":[{\"@type\":\"ListItem\",\"position\":1,\"name\":\"Accueil\",\"item\":\"https:\\\/\\\/lethiguel.com\\\/de\\\/\"},{\"@type\":\"ListItem\",\"position\":2,\"name\":\"Jet cooler, Gie\u00dferei-K\u00fchlsystem\"}]},{\"@type\":\"WebSite\",\"@id\":\"https:\\\/\\\/lethiguel.com\\\/de\\\/#website\",\"url\":\"https:\\\/\\\/lethiguel.com\\\/de\\\/\",\"name\":\"Lethiguel Deutsch\",\"description\":\"Heating and cooling solutions\",\"potentialAction\":[{\"@type\":\"SearchAction\",\"target\":{\"@type\":\"EntryPoint\",\"urlTemplate\":\"https:\\\/\\\/lethiguel.com\\\/de\\\/?s={search_term_string}\"},\"query-input\":{\"@type\":\"PropertyValueSpecification\",\"valueRequired\":true,\"valueName\":\"search_term_string\"}}],\"inLanguage\":\"de\"}]}<\/script>\n<!-- \/ Yoast SEO plugin. -->","yoast_head_json":{"title":"Lethiguel","description":"Jet Cooler kann mit Verbindungsrohren an einer Matrize befestigt werden, und da die Basis des Kopfes eine halbkreisf\u00f6rmige Form hat, wird der Installationsabstand verengt!","robots":{"index":"index","follow":"follow","max-snippet":"max-snippet:-1","max-image-preview":"max-image-preview:large","max-video-preview":"max-video-preview:-1"},"canonical":"https:\/\/lethiguel.com\/de\/jet-cooler-giesserei-kuhlsystem.html","og_locale":"de_DE","og_type":"article","og_title":"Lethiguel","og_description":"Jet Cooler kann mit Verbindungsrohren an einer Matrize befestigt werden, und da die Basis des Kopfes eine halbkreisf\u00f6rmige Form hat, wird der Installationsabstand verengt!","og_url":"https:\/\/lethiguel.com\/de\/jet-cooler-giesserei-kuhlsystem.html","og_site_name":"Lethiguel Deutsch","article_modified_time":"2020-10-12T10:17:21+00:00","twitter_card":"summary_large_image","twitter_misc":{"Gesch\u00e4tzte Lesezeit":"3\u00a0Minuten"},"schema":{"@context":"https:\/\/schema.org","@graph":[{"@type":"WebPage","@id":"https:\/\/lethiguel.com\/de\/jet-cooler-giesserei-kuhlsystem.html","url":"https:\/\/lethiguel.com\/de\/jet-cooler-giesserei-kuhlsystem.html","name":"Lethiguel","isPartOf":{"@id":"https:\/\/lethiguel.com\/de\/#website"},"datePublished":"2019-06-19T13:55:24+00:00","dateModified":"2020-10-12T10:17:21+00:00","description":"Jet Cooler kann mit Verbindungsrohren an einer Matrize befestigt werden, und da die Basis des Kopfes eine halbkreisf\u00f6rmige Form hat, wird der Installationsabstand verengt!","breadcrumb":{"@id":"https:\/\/lethiguel.com\/de\/jet-cooler-giesserei-kuhlsystem.html#breadcrumb"},"inLanguage":"de","potentialAction":[{"@type":"ReadAction","target":["https:\/\/lethiguel.com\/de\/jet-cooler-giesserei-kuhlsystem.html"]}]},{"@type":"BreadcrumbList","@id":"https:\/\/lethiguel.com\/de\/jet-cooler-giesserei-kuhlsystem.html#breadcrumb","itemListElement":[{"@type":"ListItem","position":1,"name":"Accueil","item":"https:\/\/lethiguel.com\/de\/"},{"@type":"ListItem","position":2,"name":"Jet cooler, Gie\u00dferei-K\u00fchlsystem"}]},{"@type":"WebSite","@id":"https:\/\/lethiguel.com\/de\/#website","url":"https:\/\/lethiguel.com\/de\/","name":"Lethiguel Deutsch","description":"Heating and cooling solutions","potentialAction":[{"@type":"SearchAction","target":{"@type":"EntryPoint","urlTemplate":"https:\/\/lethiguel.com\/de\/?s={search_term_string}"},"query-input":{"@type":"PropertyValueSpecification","valueRequired":true,"valueName":"search_term_string"}}],"inLanguage":"de"}]}},"_links":{"self":[{"href":"https:\/\/lethiguel.com\/de\/wp-json\/wp\/v2\/pages\/249","targetHints":{"allow":["GET"]}}],"collection":[{"href":"https:\/\/lethiguel.com\/de\/wp-json\/wp\/v2\/pages"}],"about":[{"href":"https:\/\/lethiguel.com\/de\/wp-json\/wp\/v2\/types\/page"}],"author":[{"embeddable":true,"href":"https:\/\/lethiguel.com\/de\/wp-json\/wp\/v2\/users\/1"}],"replies":[{"embeddable":true,"href":"https:\/\/lethiguel.com\/de\/wp-json\/wp\/v2\/comments?post=249"}],"version-history":[{"count":25,"href":"https:\/\/lethiguel.com\/de\/wp-json\/wp\/v2\/pages\/249\/revisions"}],"predecessor-version":[{"id":1794,"href":"https:\/\/lethiguel.com\/de\/wp-json\/wp\/v2\/pages\/249\/revisions\/1794"}],"wp:attachment":[{"href":"https:\/\/lethiguel.com\/de\/wp-json\/wp\/v2\/media?parent=249"}],"curies":[{"name":"wp","href":"https:\/\/api.w.org\/{rel}","templated":true}]}}