{"id":255,"date":"2019-06-19T16:31:30","date_gmt":"2019-06-19T14:31:30","guid":{"rendered":"https:\/\/lethiguel.com\/de\/?page_id=255"},"modified":"2020-10-12T12:29:05","modified_gmt":"2020-10-12T10:29:05","slug":"kernstifte-giessereikuhlsystem","status":"publish","type":"page","link":"https:\/\/lethiguel.com\/de\/kernstifte-giessereikuhlsystem.html","title":{"rendered":"Kernstifte f\u00fcr Gie\u00dfereik\u00fchlsystem"},"content":{"rendered":"<section class=\"wpb-content-wrapper\"><p>[vc_row type=&#8220;vc_default&#8220; content_placement=&#8220;middle&#8220; el_class=&#8220;bloc-article&#8220;][vc_column width=&#8220;1\/3&#8243; el_class=&#8220;texteblanc bloc-text-bloc-article&#8220;][vc_column_text css=&#8220;.vc_custom_1576235311303{padding-top: 20px !important;padding-right: 20px !important;padding-bottom: 20px !important;padding-left: 20px !important;background-color: #313131 !important;}&#8220;]Da die Effektivit\u00e4t von Jet Coolingder F\u00e4higkeit abh\u00e4ngt, die Hot Spots der Matrize zu erreichen, m\u00fcssen die <strong class=\"d2b\">Kernstifte<\/strong> richtig konstruiert und hergestellt werden. Lethiguel bietet modernste Kernstifte mit einer gro\u00dfen Oberfl\u00e4chenbehandlung, die eine bestm\u00f6gliche Lebensdauer gew\u00e4hrleistet.[\/vc_column_text][\/vc_column][vc_column width=&#8220;2\/3&#8243; el_class=&#8220;bloc-img-bloc-article&#8220;][vc_single_image image=&#8220;1746&#8243; img_size=&#8220;full&#8220; alignment=&#8220;center&#8220; css_animation=&#8220;fadeInRight&#8220;][\/vc_column][\/vc_row][vc_row animation=&#8220;fadeInLeft&#8220;][vc_column][vc_separator][\/vc_column][\/vc_row][vc_row animation=&#8220;fadeInLeft&#8220;][vc_column width=&#8220;1\/2&#8243;][vc_column_text]<\/p>\n<h4 style=\"text-align: center;\"><strong>Gas nitriert (Grau)<\/strong><\/h4>\n<p>[\/vc_column_text][\/vc_column][vc_column width=&#8220;1\/2&#8243;][vc_column_text]<strong>Oberfl\u00e4chenbehandlung<\/strong><\/p>\n<ul>\n<li>Geh\u00e4rtete Stahloberfl\u00e4che<\/li>\n<li>Allgemeine Aufgaben<\/li>\n<li>Niedriger Preis<\/li>\n<\/ul>\n<p>[\/vc_column_text][\/vc_column][\/vc_row][vc_row animation=&#8220;fadeInLeft&#8220;][vc_column][vc_separator][\/vc_column][\/vc_row][vc_row animation=&#8220;fadeInLeft&#8220;][vc_column width=&#8220;1\/2&#8243;][vc_column_text]<\/p>\n<h4 style=\"text-align: center;\"><strong>&#8222;Cascoat&#8220; TiN(gold)<\/strong><\/h4>\n<p>[\/vc_column_text][\/vc_column][vc_column width=&#8220;1\/2&#8243;][vc_column_text]<strong>Oberfl\u00e4chenbehandlung<\/strong><\/p>\n<ul>\n<li>PCVD-Verfahren, Oxidationstemperatur<br \/>\n500 \u00b0C<\/li>\n<li>Schutz vor Verl\u00f6tung und Erosion<\/li>\n<li>Mittlerer Preis<\/li>\n<\/ul>\n<p>[\/vc_column_text][\/vc_column][\/vc_row][vc_row animation=&#8220;fadeInLeft&#8220;][vc_column][vc_separator][\/vc_column][\/vc_row][vc_row animation=&#8220;fadeInLeft&#8220;][vc_column width=&#8220;1\/2&#8243;][vc_column_text]<\/p>\n<h4 style=\"text-align: center;\"><strong>TD-VC (Grau)<\/strong><\/h4>\n<p>[\/vc_column_text][\/vc_column][vc_column width=&#8220;1\/2&#8243;][vc_column_text]<strong>Oberfl\u00e4chenbehandlung<\/strong><\/p>\n<ul>\n<li>Thermischer Diffusionsprozess<\/li>\n<li>Vanadium-Karbidbeschichtung<\/li>\n<li>Mittlerer Preis<\/li>\n<\/ul>\n<p>[\/vc_column_text][\/vc_column][\/vc_row][vc_row animation=&#8220;fadeInLeft&#8220;][vc_column][vc_separator][\/vc_column][\/vc_row][vc_row animation=&#8220;fadeInLeft&#8220;][vc_column width=&#8220;1\/2&#8243;][vc_column_text]<\/p>\n<h4 style=\"text-align: center;\"><strong>PCVD-tLAiN (schwarz)<\/strong><\/h4>\n<p>[\/vc_column_text][\/vc_column][vc_column width=&#8220;1\/2&#8243;][vc_column_text]<strong>Oberfl\u00e4chenbehandlung<\/strong><\/p>\n<ul>\n<li>Oxidationstemperatur 700 \u00b0C<\/li>\n<li>Bester Schutz vor Verl\u00f6tung und Erosion<\/li>\n<li>H\u00f6herer Preis<\/li>\n<\/ul>\n<p>[\/vc_column_text][\/vc_column][\/vc_row][vc_row animation=&#8220;fadeInLeft&#8220;][vc_column][vc_separator][\/vc_column][\/vc_row][vc_row][vc_column width=&#8220;1\/2&#8243;][vc_column_text]<\/p>\n<h4 style=\"text-align: center;\"><strong>P20 (violett)<\/strong><\/h4>\n<p>[\/vc_column_text][\/vc_column][vc_column width=&#8220;1\/2&#8243;][vc_column_text]<strong>Oberfl\u00e4chenbehandlung<\/strong><\/p>\n<ul>\n<li>Bessere Antioxidationseigenschaft, Temperatur \u00fcber 700 \u00b0C<\/li>\n<li>Mehrschichtfolie und gutes Haftverm\u00f6gen<\/li>\n<li>H\u00f6herer Preis<\/li>\n<\/ul>\n<p>[\/vc_column_text][\/vc_column][\/vc_row][vc_row animation=&#8220;fadeInLeft&#8220;][vc_column][vc_single_image image=&#8220;1747&#8243; img_size=&#8220;full&#8220;][\/vc_column][\/vc_row][vc_row][vc_column][vc_btn title=&#8220;Kontaktiere uns &#8220; style=&#8220;custom&#8220; custom_background=&#8220;#009fe3&#8243; custom_text=&#8220;#ffffff&#8220; size=&#8220;lg&#8220; align=&#8220;center&#8220; link=&#8220;url:%2Fde%2Fkontakt.html|title:Contact||&#8220;][\/vc_column][\/vc_row]<\/p>\n<\/section>","protected":false},"excerpt":{"rendered":"<p>[vc_row type=&#8220;vc_default&#8220; content_placement=&#8220;middle&#8220; el_class=&#8220;bloc-article&#8220;][vc_column width=&#8220;1\/3&#8243; el_class=&#8220;texteblanc bloc-text-bloc-article&#8220;][vc_column_text css=&#8220;.vc_custom_1576235311303{padding-top: 20px !important;padding-right: 20px !important;padding-bottom: 20px !important;padding-left: 20px !important;background-color: #313131 !important;}&#8220;]Da die Effektivit\u00e4t von Jet Coolingder F\u00e4higkeit abh\u00e4ngt, die Hot Spots der Matrize zu erreichen, m\u00fcssen die Kernstifte richtig konstruiert und hergestellt werden. Lethiguel bietet modernste Kernstifte mit einer gro\u00dfen Oberfl\u00e4chenbehandlung, die eine bestm\u00f6gliche Lebensdauer gew\u00e4hrleistet.[\/vc_column_text][\/vc_column][vc_column width=&#8220;2\/3&#8243; el_class=&#8220;bloc-img-bloc-article&#8220;][vc_single_image&hellip;<\/p>\n","protected":false},"author":1,"featured_media":0,"parent":0,"menu_order":0,"comment_status":"closed","ping_status":"closed","template":"","meta":{"footnotes":""},"class_list":["post-255","page","type-page","status-publish","hentry","description-off"],"yoast_head":"<!-- This site is optimized with the Yoast SEO plugin v27.4 - https:\/\/yoast.com\/product\/yoast-seo-wordpress\/ -->\n<title>Lethiguel<\/title>\n<meta name=\"description\" content=\"Die Effizienz von Jet Cooling h\u00e4ngt von seiner F\u00e4higkeit ab, die Hotspots der Matrizen zu erreichen. Die Kernstifte m\u00fcssen ordnungsgem\u00e4\u00df konstruiert und hergestellt sein. Mehr info!\" \/>\n<meta name=\"robots\" content=\"index, follow, max-snippet:-1, max-image-preview:large, max-video-preview:-1\" \/>\n<link rel=\"canonical\" href=\"https:\/\/lethiguel.com\/de\/kernstifte-giessereikuhlsystem.html\" \/>\n<meta property=\"og:locale\" content=\"de_DE\" \/>\n<meta property=\"og:type\" content=\"article\" \/>\n<meta property=\"og:title\" content=\"Lethiguel\" \/>\n<meta property=\"og:description\" content=\"Die Effizienz von Jet Cooling h\u00e4ngt von seiner F\u00e4higkeit ab, die Hotspots der Matrizen zu erreichen. Die Kernstifte m\u00fcssen ordnungsgem\u00e4\u00df konstruiert und hergestellt sein. Mehr info!\" \/>\n<meta property=\"og:url\" content=\"https:\/\/lethiguel.com\/de\/kernstifte-giessereikuhlsystem.html\" \/>\n<meta property=\"og:site_name\" content=\"Lethiguel Deutsch\" \/>\n<meta property=\"article:modified_time\" content=\"2020-10-12T10:29:05+00:00\" \/>\n<meta name=\"twitter:card\" content=\"summary_large_image\" \/>\n<meta name=\"twitter:label1\" content=\"Gesch\u00e4tzte Lesezeit\" \/>\n\t<meta name=\"twitter:data1\" content=\"2\u00a0Minuten\" \/>\n<script type=\"application\/ld+json\" class=\"yoast-schema-graph\">{\"@context\":\"https:\\\/\\\/schema.org\",\"@graph\":[{\"@type\":\"WebPage\",\"@id\":\"https:\\\/\\\/lethiguel.com\\\/de\\\/kernstifte-giessereikuhlsystem.html\",\"url\":\"https:\\\/\\\/lethiguel.com\\\/de\\\/kernstifte-giessereikuhlsystem.html\",\"name\":\"Lethiguel\",\"isPartOf\":{\"@id\":\"https:\\\/\\\/lethiguel.com\\\/de\\\/#website\"},\"datePublished\":\"2019-06-19T14:31:30+00:00\",\"dateModified\":\"2020-10-12T10:29:05+00:00\",\"description\":\"Die Effizienz von Jet Cooling h\u00e4ngt von seiner F\u00e4higkeit ab, die Hotspots der Matrizen zu erreichen. Die Kernstifte m\u00fcssen ordnungsgem\u00e4\u00df konstruiert und hergestellt sein. Mehr info!\",\"breadcrumb\":{\"@id\":\"https:\\\/\\\/lethiguel.com\\\/de\\\/kernstifte-giessereikuhlsystem.html#breadcrumb\"},\"inLanguage\":\"de\",\"potentialAction\":[{\"@type\":\"ReadAction\",\"target\":[\"https:\\\/\\\/lethiguel.com\\\/de\\\/kernstifte-giessereikuhlsystem.html\"]}]},{\"@type\":\"BreadcrumbList\",\"@id\":\"https:\\\/\\\/lethiguel.com\\\/de\\\/kernstifte-giessereikuhlsystem.html#breadcrumb\",\"itemListElement\":[{\"@type\":\"ListItem\",\"position\":1,\"name\":\"Accueil\",\"item\":\"https:\\\/\\\/lethiguel.com\\\/de\\\/\"},{\"@type\":\"ListItem\",\"position\":2,\"name\":\"Kernstifte f\u00fcr Gie\u00dfereik\u00fchlsystem\"}]},{\"@type\":\"WebSite\",\"@id\":\"https:\\\/\\\/lethiguel.com\\\/de\\\/#website\",\"url\":\"https:\\\/\\\/lethiguel.com\\\/de\\\/\",\"name\":\"Lethiguel Deutsch\",\"description\":\"Heating and cooling solutions\",\"potentialAction\":[{\"@type\":\"SearchAction\",\"target\":{\"@type\":\"EntryPoint\",\"urlTemplate\":\"https:\\\/\\\/lethiguel.com\\\/de\\\/?s={search_term_string}\"},\"query-input\":{\"@type\":\"PropertyValueSpecification\",\"valueRequired\":true,\"valueName\":\"search_term_string\"}}],\"inLanguage\":\"de\"}]}<\/script>\n<!-- \/ Yoast SEO plugin. -->","yoast_head_json":{"title":"Lethiguel","description":"Die Effizienz von Jet Cooling h\u00e4ngt von seiner F\u00e4higkeit ab, die Hotspots der Matrizen zu erreichen. Die Kernstifte m\u00fcssen ordnungsgem\u00e4\u00df konstruiert und hergestellt sein. Mehr info!","robots":{"index":"index","follow":"follow","max-snippet":"max-snippet:-1","max-image-preview":"max-image-preview:large","max-video-preview":"max-video-preview:-1"},"canonical":"https:\/\/lethiguel.com\/de\/kernstifte-giessereikuhlsystem.html","og_locale":"de_DE","og_type":"article","og_title":"Lethiguel","og_description":"Die Effizienz von Jet Cooling h\u00e4ngt von seiner F\u00e4higkeit ab, die Hotspots der Matrizen zu erreichen. Die Kernstifte m\u00fcssen ordnungsgem\u00e4\u00df konstruiert und hergestellt sein. Mehr info!","og_url":"https:\/\/lethiguel.com\/de\/kernstifte-giessereikuhlsystem.html","og_site_name":"Lethiguel Deutsch","article_modified_time":"2020-10-12T10:29:05+00:00","twitter_card":"summary_large_image","twitter_misc":{"Gesch\u00e4tzte Lesezeit":"2\u00a0Minuten"},"schema":{"@context":"https:\/\/schema.org","@graph":[{"@type":"WebPage","@id":"https:\/\/lethiguel.com\/de\/kernstifte-giessereikuhlsystem.html","url":"https:\/\/lethiguel.com\/de\/kernstifte-giessereikuhlsystem.html","name":"Lethiguel","isPartOf":{"@id":"https:\/\/lethiguel.com\/de\/#website"},"datePublished":"2019-06-19T14:31:30+00:00","dateModified":"2020-10-12T10:29:05+00:00","description":"Die Effizienz von Jet Cooling h\u00e4ngt von seiner F\u00e4higkeit ab, die Hotspots der Matrizen zu erreichen. Die Kernstifte m\u00fcssen ordnungsgem\u00e4\u00df konstruiert und hergestellt sein. Mehr info!","breadcrumb":{"@id":"https:\/\/lethiguel.com\/de\/kernstifte-giessereikuhlsystem.html#breadcrumb"},"inLanguage":"de","potentialAction":[{"@type":"ReadAction","target":["https:\/\/lethiguel.com\/de\/kernstifte-giessereikuhlsystem.html"]}]},{"@type":"BreadcrumbList","@id":"https:\/\/lethiguel.com\/de\/kernstifte-giessereikuhlsystem.html#breadcrumb","itemListElement":[{"@type":"ListItem","position":1,"name":"Accueil","item":"https:\/\/lethiguel.com\/de\/"},{"@type":"ListItem","position":2,"name":"Kernstifte f\u00fcr Gie\u00dfereik\u00fchlsystem"}]},{"@type":"WebSite","@id":"https:\/\/lethiguel.com\/de\/#website","url":"https:\/\/lethiguel.com\/de\/","name":"Lethiguel Deutsch","description":"Heating and cooling solutions","potentialAction":[{"@type":"SearchAction","target":{"@type":"EntryPoint","urlTemplate":"https:\/\/lethiguel.com\/de\/?s={search_term_string}"},"query-input":{"@type":"PropertyValueSpecification","valueRequired":true,"valueName":"search_term_string"}}],"inLanguage":"de"}]}},"_links":{"self":[{"href":"https:\/\/lethiguel.com\/de\/wp-json\/wp\/v2\/pages\/255","targetHints":{"allow":["GET"]}}],"collection":[{"href":"https:\/\/lethiguel.com\/de\/wp-json\/wp\/v2\/pages"}],"about":[{"href":"https:\/\/lethiguel.com\/de\/wp-json\/wp\/v2\/types\/page"}],"author":[{"embeddable":true,"href":"https:\/\/lethiguel.com\/de\/wp-json\/wp\/v2\/users\/1"}],"replies":[{"embeddable":true,"href":"https:\/\/lethiguel.com\/de\/wp-json\/wp\/v2\/comments?post=255"}],"version-history":[{"count":18,"href":"https:\/\/lethiguel.com\/de\/wp-json\/wp\/v2\/pages\/255\/revisions"}],"predecessor-version":[{"id":1748,"href":"https:\/\/lethiguel.com\/de\/wp-json\/wp\/v2\/pages\/255\/revisions\/1748"}],"wp:attachment":[{"href":"https:\/\/lethiguel.com\/de\/wp-json\/wp\/v2\/media?parent=255"}],"curies":[{"name":"wp","href":"https:\/\/api.w.org\/{rel}","templated":true}]}}