{"id":262,"date":"2019-06-19T16:47:33","date_gmt":"2019-06-19T14:47:33","guid":{"rendered":"https:\/\/lethiguel.com\/de\/?page_id=262"},"modified":"2020-10-09T15:26:08","modified_gmt":"2020-10-09T13:26:08","slug":"wasser-durchfluss-kontrollsystem","status":"publish","type":"page","link":"https:\/\/lethiguel.com\/de\/wasser-durchfluss-kontrollsystem.html","title":{"rendered":"Wasserdurchfluss-Kontrollsystem Flowmaster"},"content":{"rendered":"<section class=\"wpb-content-wrapper\"><p>[vc_row][vc_column width=&#8220;1\/3&#8243; el_class=&#8220;texteblanc bloc-text-bloc-article&#8220;][vc_column_text css=&#8220;.vc_custom_1595593011868{padding-top: 20px !important;padding-right: 20px !important;padding-bottom: 20px !important;padding-left: 20px !important;background-color: #313131 !important;}&#8220;]<\/p>\n<h3 class=\"avantages\">Wasserdurchfluss-Kontrollsystem \u2013 Betrieb und Nutzen<\/h3>\n<ul>\n<li>Ziel: Erkennung des Versagens \/ Verstopfens der Rohre<\/li>\n<li>Warum: Vorwegnahme\/Planung der Wartung<\/li>\n<li>Wie: Durch die Messung der Str\u00f6mungsabf\u00e4lle<\/li>\n<\/ul>\n<p>[\/vc_column_text][vc_column_text css=&#8220;.vc_custom_1593424754144{margin-top: -40px !important;padding-top: 20px !important;padding-right: 20px !important;padding-bottom: 20px !important;padding-left: 20px !important;background-color: #009fe3 !important;}&#8220;]The Flowmaster system can be used as a stand-alone product.<\/p>\n<p>SpotCool Evolution and spotcool Performance can be connected to the FlowMaster via a Profinet* interphase[\/vc_column_text][\/vc_column][vc_column width=&#8220;2\/3&#8243; animation=&#8220;fadeInRight&#8220; el_class=&#8220;bloc-img-bloc-article&#8220;][vc_single_image image=&#8220;1731&#8243; img_size=&#8220;large&#8220;][\/vc_column][\/vc_row][vc_row][vc_column animation=&#8220;fadeInLeft&#8220;][vc_single_image image=&#8220;1735&#8243; img_size=&#8220;full&#8220; alignment=&#8220;center&#8220; css=&#8220;.vc_custom_1595593129242{margin-top: -80px !important;}&#8220;][\/vc_column][\/vc_row][vc_row][vc_column][vc_column_text css=&#8220;.vc_custom_1595593415241{padding-top: 20px !important;padding-right: 20px !important;padding-bottom: 20px !important;padding-left: 20px !important;background-color: #ededed !important;}&#8220;]<\/p>\n<h3>Das FlowMaster System wird Ihnen helfen, von der pr\u00e4ventiven zur vorausschauenden Wartung \u00fcberzugehen<\/h3>\n<p>Die gute Leistung eines Jet Cooling Systems h\u00e4ngt stark von der Wasserdurchflussrate ab, die in die K\u00fchlkan\u00e4le mit kleinem Durchmesser eingespritzt wird. Verwalten und Sicherstellen des richtigen Wasserflusses zu jeder K\u00fchlposition, um kontinuierlich einen optimalen K\u00fchleffekt aufrechtzuerhalten und somit die Produktivit\u00e4t und die Qualit\u00e4t des Gussteils zu verbessern.<\/p>\n<p>Dank Lethiguels langj\u00e4hriger Erfahrung in der Jet Cooling Technologie. Lethiguel hat speziell ein FlowMaster-System entwickelt, mit dem die Jet Cooling Benutzer den Durchflusszustand in Echtzeit und f\u00fcr jede K\u00fchlposition genau \u00fcberwachen k\u00f6nnen.<\/p>\n<p>Auf diese Weise wird die vorbeugende Wartung einfacher und vorausschauender, wodurch wertvolle Ressourcen f\u00fcr die Druckgie\u00dfer gespart werden und eine hohe Produktivit\u00e4t erm\u00f6glicht wird.[\/vc_column_text][vc_single_image image=&#8220;738&#8243; img_size=&#8220;full&#8220; alignment=&#8220;center&#8220; css_animation=&#8220;fadeInRight&#8220;][vc_empty_space][\/vc_column][\/vc_row][vc_row][vc_column animation=&#8220;fadeInLeft&#8220;][vc_column_text css=&#8220;.vc_custom_1602246196056{padding-top: 20px !important;padding-right: 20px !important;padding-bottom: 20px !important;padding-left: 20px !important;}&#8220;]<\/p>\n<h3>Hauptschema der FlowMaster L\u00f6sung<\/h3>\n<p><strong>SpotBox<\/strong> ist ein \u00dcberwachungssystem mit einem Fernbedienungsbildschirm, der die Durchflussmessung in Echtzeit anzeigt. Anschlie\u00dfbar an 8 Spot Flows, die den Wasserfluss an bis zu 64 Positionen \u00fcberwachen k\u00f6nnen.[\/vc_column_text][vc_single_image image=&#8220;1221&#8243; img_size=&#8220;full&#8220; alignment=&#8220;center&#8220;][vc_column_text css=&#8220;.vc_custom_1595593554117{margin-top: -30px !important;padding-top: 20px !important;padding-right: 20px !important;padding-bottom: 20px !important;padding-left: 20px !important;background-color: #f2f2f2 !important;}&#8220;]<\/p>\n<h3>Spezifikationen der SpotBox:<\/h3>\n<p>Ein spezifisches Programm, das die Echtzeit\u00fcberwachung des Wasserflusses erlaubt, inklusive visueller Grafik und pr\u00e4ziser Volumenmessung. Es ist m\u00f6glich, f\u00fcr jede unabh\u00e4ngige Position einen Nennwert &#8222;0 Km&#8220; einzurichten, um den optimalen Str\u00f6mungssollwert zu definieren.<\/p>\n<p>Das Programmieren von zwei verschiedenen Alarms\u00e4tzen f\u00fcr jede Position (entweder in Liter\/Minute oder in % eines Nennwertes) ist ebenfalls m\u00f6glich<\/p>\n<p>Es ist m\u00f6glich, bis zu 99 verschiedene Str\u00f6mungsmuster f\u00fcr die 64 unabh\u00e4ngigen Positionen zu speichern (erlaubt das Speichern voreingestellter Werte, die verschiedenen Matrizen oder Teilen entsprechen). *Hinweis: Das \u201eProfinet\u201c-Interface ist derzeit mit einer Siemens-Konfiguration verf\u00fcgbar.[\/vc_column_text][\/vc_column][\/vc_row][vc_row][vc_column animation=&#8220;fadeInRight&#8220;][vc_single_image image=&#8220;1732&#8243; img_size=&#8220;full&#8220; alignment=&#8220;center&#8220;][\/vc_column][\/vc_row][vc_row][vc_column][vc_column_text]<strong>SpotFlow<\/strong> ist ein Messsystem mit 8 Durchflusssensoren, die in ein gie\u00dfereigepr\u00fcftes Geh\u00e4use eingebettet sind und die Messung der Wasserstr\u00f6me von 0,5L bis 10L pro Minute in 8 unabh\u00e4ngigen Jet Cooling-Kreisl\u00e4ufen erm\u00f6glichen.[\/vc_column_text][vc_single_image image=&#8220;1733&#8243; img_size=&#8220;full&#8220; alignment=&#8220;center&#8220; css_animation=&#8220;fadeInLeft&#8220;][\/vc_column][\/vc_row][vc_row animation=&#8220;fadeInRight&#8220;][vc_column][vc_column_text]<\/p>\n<h3>Technische Eigenschaften<\/h3>\n<p>[\/vc_column_text][vc_row_inner][vc_column_inner width=&#8220;1\/2&#8243;][vc_single_image image=&#8220;1736&#8243; img_size=&#8220;full&#8220; alignment=&#8220;center&#8220;][\/vc_column_inner][vc_column_inner width=&#8220;1\/2&#8243;][vc_single_image image=&#8220;1737&#8243; img_size=&#8220;full&#8220; alignment=&#8220;center&#8220;][\/vc_column_inner][\/vc_row_inner][\/vc_column][\/vc_row][vc_row type=&#8220;vc_default&#8220; gap=&#8220;10&#8243; css=&#8220;.vc_custom_1560947205923{margin-top: 30px !important;}&#8220;][vc_column animation=&#8220;fadeInUp&#8220; el_class=&#8220;accessorie&#8220;][vc_column_text]<\/p>\n<h3>Zubeh\u00f6r<\/h3>\n<p>[\/vc_column_text][vc_separator color=&#8220;custom&#8220; accent_color=&#8220;#474747&#8243; css=&#8220;.vc_custom_1560947199074{margin-top: -15px !important;}&#8220;][\/vc_column][\/vc_row][vc_row][vc_column][vc_btn title=&#8220;Kontaktiere uns&#8220; style=&#8220;custom&#8220; custom_background=&#8220;#009fe3&#8243; custom_text=&#8220;#ffffff&#8220; size=&#8220;lg&#8220; align=&#8220;center&#8220; link=&#8220;url:https%3A%2F%2Flethiguel.com%2Fde%2Fkontakt.html|title:Contact||&#8220;][\/vc_column][\/vc_row]<\/p>\n<\/section>","protected":false},"excerpt":{"rendered":"<p>[vc_row][vc_column width=&#8220;1\/3&#8243; el_class=&#8220;texteblanc bloc-text-bloc-article&#8220;][vc_column_text css=&#8220;.vc_custom_1595593011868{padding-top: 20px !important;padding-right: 20px !important;padding-bottom: 20px !important;padding-left: 20px !important;background-color: #313131 !important;}&#8220;] Wasserdurchfluss-Kontrollsystem \u2013 Betrieb und Nutzen Ziel: Erkennung des Versagens \/ Verstopfens der Rohre Warum: Vorwegnahme\/Planung der Wartung Wie: Durch die Messung der Str\u00f6mungsabf\u00e4lle [\/vc_column_text][vc_column_text css=&#8220;.vc_custom_1593424754144{margin-top: -40px !important;padding-top: 20px !important;padding-right: 20px !important;padding-bottom: 20px !important;padding-left: 20px !important;background-color: #009fe3 !important;}&#8220;]The Flowmaster system can&hellip;<\/p>\n","protected":false},"author":1,"featured_media":0,"parent":0,"menu_order":0,"comment_status":"closed","ping_status":"closed","template":"","meta":{"footnotes":""},"class_list":["post-262","page","type-page","status-publish","hentry","description-off"],"yoast_head":"<!-- This site is optimized with the Yoast SEO plugin v27.4 - https:\/\/yoast.com\/product\/yoast-seo-wordpress\/ -->\n<title>Lethiguel<\/title>\n<meta name=\"description\" content=\"Mit FlowMaster k\u00f6nnen Sie den Wasserdurchfluss in den K\u00fchlkan\u00e4len mit kleinem Durchmesser genau \u00fcberwachen. Verwalten und Sicherstellen der richtigen Wassermenge!\" \/>\n<meta name=\"robots\" content=\"index, follow, max-snippet:-1, max-image-preview:large, max-video-preview:-1\" \/>\n<link rel=\"canonical\" href=\"https:\/\/lethiguel.com\/de\/wasser-durchfluss-kontrollsystem.html\" \/>\n<meta property=\"og:locale\" content=\"de_DE\" \/>\n<meta property=\"og:type\" content=\"article\" \/>\n<meta property=\"og:title\" content=\"Lethiguel\" \/>\n<meta property=\"og:description\" content=\"Mit FlowMaster k\u00f6nnen Sie den Wasserdurchfluss in den K\u00fchlkan\u00e4len mit kleinem Durchmesser genau \u00fcberwachen. Verwalten und Sicherstellen der richtigen Wassermenge!\" \/>\n<meta property=\"og:url\" content=\"https:\/\/lethiguel.com\/de\/wasser-durchfluss-kontrollsystem.html\" \/>\n<meta property=\"og:site_name\" content=\"Lethiguel Deutsch\" \/>\n<meta property=\"article:modified_time\" content=\"2020-10-09T13:26:08+00:00\" \/>\n<meta name=\"twitter:card\" content=\"summary_large_image\" \/>\n<meta name=\"twitter:label1\" content=\"Gesch\u00e4tzte Lesezeit\" \/>\n\t<meta name=\"twitter:data1\" content=\"7\u00a0Minuten\" \/>\n<script type=\"application\/ld+json\" class=\"yoast-schema-graph\">{\"@context\":\"https:\\\/\\\/schema.org\",\"@graph\":[{\"@type\":\"WebPage\",\"@id\":\"https:\\\/\\\/lethiguel.com\\\/de\\\/wasser-durchfluss-kontrollsystem.html\",\"url\":\"https:\\\/\\\/lethiguel.com\\\/de\\\/wasser-durchfluss-kontrollsystem.html\",\"name\":\"Lethiguel\",\"isPartOf\":{\"@id\":\"https:\\\/\\\/lethiguel.com\\\/de\\\/#website\"},\"datePublished\":\"2019-06-19T14:47:33+00:00\",\"dateModified\":\"2020-10-09T13:26:08+00:00\",\"description\":\"Mit FlowMaster k\u00f6nnen Sie den Wasserdurchfluss in den K\u00fchlkan\u00e4len mit kleinem Durchmesser genau \u00fcberwachen. Verwalten und Sicherstellen der richtigen Wassermenge!\",\"breadcrumb\":{\"@id\":\"https:\\\/\\\/lethiguel.com\\\/de\\\/wasser-durchfluss-kontrollsystem.html#breadcrumb\"},\"inLanguage\":\"de\",\"potentialAction\":[{\"@type\":\"ReadAction\",\"target\":[\"https:\\\/\\\/lethiguel.com\\\/de\\\/wasser-durchfluss-kontrollsystem.html\"]}]},{\"@type\":\"BreadcrumbList\",\"@id\":\"https:\\\/\\\/lethiguel.com\\\/de\\\/wasser-durchfluss-kontrollsystem.html#breadcrumb\",\"itemListElement\":[{\"@type\":\"ListItem\",\"position\":1,\"name\":\"Accueil\",\"item\":\"https:\\\/\\\/lethiguel.com\\\/de\\\/\"},{\"@type\":\"ListItem\",\"position\":2,\"name\":\"Wasserdurchfluss-Kontrollsystem Flowmaster\"}]},{\"@type\":\"WebSite\",\"@id\":\"https:\\\/\\\/lethiguel.com\\\/de\\\/#website\",\"url\":\"https:\\\/\\\/lethiguel.com\\\/de\\\/\",\"name\":\"Lethiguel Deutsch\",\"description\":\"Heating and cooling solutions\",\"potentialAction\":[{\"@type\":\"SearchAction\",\"target\":{\"@type\":\"EntryPoint\",\"urlTemplate\":\"https:\\\/\\\/lethiguel.com\\\/de\\\/?s={search_term_string}\"},\"query-input\":{\"@type\":\"PropertyValueSpecification\",\"valueRequired\":true,\"valueName\":\"search_term_string\"}}],\"inLanguage\":\"de\"}]}<\/script>\n<!-- \/ Yoast SEO plugin. -->","yoast_head_json":{"title":"Lethiguel","description":"Mit FlowMaster k\u00f6nnen Sie den Wasserdurchfluss in den K\u00fchlkan\u00e4len mit kleinem Durchmesser genau \u00fcberwachen. Verwalten und Sicherstellen der richtigen Wassermenge!","robots":{"index":"index","follow":"follow","max-snippet":"max-snippet:-1","max-image-preview":"max-image-preview:large","max-video-preview":"max-video-preview:-1"},"canonical":"https:\/\/lethiguel.com\/de\/wasser-durchfluss-kontrollsystem.html","og_locale":"de_DE","og_type":"article","og_title":"Lethiguel","og_description":"Mit FlowMaster k\u00f6nnen Sie den Wasserdurchfluss in den K\u00fchlkan\u00e4len mit kleinem Durchmesser genau \u00fcberwachen. Verwalten und Sicherstellen der richtigen Wassermenge!","og_url":"https:\/\/lethiguel.com\/de\/wasser-durchfluss-kontrollsystem.html","og_site_name":"Lethiguel Deutsch","article_modified_time":"2020-10-09T13:26:08+00:00","twitter_card":"summary_large_image","twitter_misc":{"Gesch\u00e4tzte Lesezeit":"7\u00a0Minuten"},"schema":{"@context":"https:\/\/schema.org","@graph":[{"@type":"WebPage","@id":"https:\/\/lethiguel.com\/de\/wasser-durchfluss-kontrollsystem.html","url":"https:\/\/lethiguel.com\/de\/wasser-durchfluss-kontrollsystem.html","name":"Lethiguel","isPartOf":{"@id":"https:\/\/lethiguel.com\/de\/#website"},"datePublished":"2019-06-19T14:47:33+00:00","dateModified":"2020-10-09T13:26:08+00:00","description":"Mit FlowMaster k\u00f6nnen Sie den Wasserdurchfluss in den K\u00fchlkan\u00e4len mit kleinem Durchmesser genau \u00fcberwachen. Verwalten und Sicherstellen der richtigen Wassermenge!","breadcrumb":{"@id":"https:\/\/lethiguel.com\/de\/wasser-durchfluss-kontrollsystem.html#breadcrumb"},"inLanguage":"de","potentialAction":[{"@type":"ReadAction","target":["https:\/\/lethiguel.com\/de\/wasser-durchfluss-kontrollsystem.html"]}]},{"@type":"BreadcrumbList","@id":"https:\/\/lethiguel.com\/de\/wasser-durchfluss-kontrollsystem.html#breadcrumb","itemListElement":[{"@type":"ListItem","position":1,"name":"Accueil","item":"https:\/\/lethiguel.com\/de\/"},{"@type":"ListItem","position":2,"name":"Wasserdurchfluss-Kontrollsystem Flowmaster"}]},{"@type":"WebSite","@id":"https:\/\/lethiguel.com\/de\/#website","url":"https:\/\/lethiguel.com\/de\/","name":"Lethiguel Deutsch","description":"Heating and cooling solutions","potentialAction":[{"@type":"SearchAction","target":{"@type":"EntryPoint","urlTemplate":"https:\/\/lethiguel.com\/de\/?s={search_term_string}"},"query-input":{"@type":"PropertyValueSpecification","valueRequired":true,"valueName":"search_term_string"}}],"inLanguage":"de"}]}},"_links":{"self":[{"href":"https:\/\/lethiguel.com\/de\/wp-json\/wp\/v2\/pages\/262","targetHints":{"allow":["GET"]}}],"collection":[{"href":"https:\/\/lethiguel.com\/de\/wp-json\/wp\/v2\/pages"}],"about":[{"href":"https:\/\/lethiguel.com\/de\/wp-json\/wp\/v2\/types\/page"}],"author":[{"embeddable":true,"href":"https:\/\/lethiguel.com\/de\/wp-json\/wp\/v2\/users\/1"}],"replies":[{"embeddable":true,"href":"https:\/\/lethiguel.com\/de\/wp-json\/wp\/v2\/comments?post=262"}],"version-history":[{"count":25,"href":"https:\/\/lethiguel.com\/de\/wp-json\/wp\/v2\/pages\/262\/revisions"}],"predecessor-version":[{"id":1838,"href":"https:\/\/lethiguel.com\/de\/wp-json\/wp\/v2\/pages\/262\/revisions\/1838"}],"wp:attachment":[{"href":"https:\/\/lethiguel.com\/de\/wp-json\/wp\/v2\/media?parent=262"}],"curies":[{"name":"wp","href":"https:\/\/api.w.org\/{rel}","templated":true}]}}