{"id":272,"date":"2019-06-19T17:00:46","date_gmt":"2019-06-19T15:00:46","guid":{"rendered":"https:\/\/lethiguel.com\/de\/?page_id=272"},"modified":"2020-10-06T15:49:30","modified_gmt":"2020-10-06T13:49:30","slug":"verteilers","status":"publish","type":"page","link":"https:\/\/lethiguel.com\/de\/verteilers.html","title":{"rendered":"Verteilers"},"content":{"rendered":"<section class=\"wpb-content-wrapper\"><p>[vc_row type=&#8220;vc_default&#8220; content_placement=&#8220;middle&#8220; el_class=&#8220;bloc-article&#8220;][vc_column width=&#8220;1\/3&#8243; el_class=&#8220;texteblanc bloc-text-bloc-article&#8220;][vc_column_text css=&#8220;.vc_custom_1595594619174{padding-top: 20px !important;padding-right: 20px !important;padding-bottom: 20px !important;padding-left: 20px !important;background-color: #313131 !important;}&#8220;]<\/p>\n<h3 class=\"avantages\">Verteilers<\/h3>\n<ul>\n<li>Es wurde konzipiert, den Verlauf des K\u00fchlwasserflusses visuell zu \u00fcberwachen.<\/li>\n<li>Um eine Verstopfung des K\u00fchlrohres zu verhindern und sicherzustellen, dass das K\u00fchlwasser nach der K\u00fchlphase vollst\u00e4ndig abflie\u00dft<\/li>\n<li>Es ist ein geschlossener Kreislauf, so dass Verunreinigungen vermieden werden<\/li>\n<li>Nach dem Abk\u00fchlen der Matrize wird kein hei\u00dfes Wasser ausgelaufen sein, somit kann das Sicherheitsverfahren durchgef\u00fchrt werden.<\/li>\n<\/ul>\n<p>[\/vc_column_text][vc_column_text css=&#8220;.vc_custom_1601990996670{margin-top: -40px !important;padding-top: 20px !important;padding-right: 20px !important;padding-bottom: 20px !important;padding-left: 20px !important;background-color: #009fe3 !important;}&#8220;]<\/p>\n<h3 class=\"avantages\">Druck\u00fcberwachung f\u00fcr Verteiler<\/h3>\n<ul>\n<li>Ref: RP-P3-M12 \u2013 1 St\u00fcck \u2013 Druckschalter, 3 bar, G1\/4\u201c M12 Stecker<\/li>\n<li>Ref: RP-2130150 \u2013 1 St\u00fcck \u2013 LED-Kabel f\u00fcr Druckschalter M12<\/li>\n<li>Ref: RP-CAPT-PR \u2013 1 St\u00fcck \u2013 Drucksensor, 0-100 bar, G1\/4\u201c M12 Stecker<\/li>\n<li>Ref: RP-CAPT-PR2 \u2013 1 St\u00fcck \u2013 Drucksensor mit Anzeige, 1-10 bar, G1\/4\u201c M12 Stecker<\/li>\n<li>Ref: RP-CAPT-CABLE \u2013 1 St\u00fcck \u2013 Kabel mit Buchsenleiste f\u00fcr Drucksensor M12<\/li>\n<\/ul>\n<p>[\/vc_column_text][\/vc_column][vc_column width=&#8220;2\/3&#8243; animation=&#8220;fadeInRight&#8220; css=&#8220;.vc_custom_1594972241409{margin-top: 50px !important;}&#8220; el_class=&#8220;bloc-img-bloc-article&#8220;][vc_single_image image=&#8220;1742&#8243; img_size=&#8220;550&#215;600&#8243; alignment=&#8220;center&#8220; style=&#8220;vc_box_border&#8220;][\/vc_column][\/vc_row][vc_row][vc_column animation=&#8220;fadeInLeft&#8220;][vc_single_image image=&#8220;1726&#8243; img_size=&#8220;full&#8220; alignment=&#8220;center&#8220;][\/vc_column][\/vc_row][vc_row][vc_column][vc_separator][\/vc_column][\/vc_row][vc_row animation=&#8220;fadeInRight&#8220;][vc_column width=&#8220;1\/2&#8243;][vc_single_image image=&#8220;1788&#8243; img_size=&#8220;medium&#8220; alignment=&#8220;center&#8220;][\/vc_column][vc_column width=&#8220;1\/2&#8243;][vc_column_text]<\/p>\n<p style=\"text-align: left;\"><strong>Verteilers Druckschalter<\/strong><\/p>\n<p>Ref: RP8-SC-1.1-R0 &#8211; 1 St\u00fcck<br \/>\n8 Eintr\u00e4ge, Kernstifte Bruch, visuelle Kontrolle<\/p>\n<p>Ref: RP8-SC-1.0-P41 &#8211; 1 St\u00fcck<br \/>\n8 Eintr\u00e4ge, Kernstifte Bruch, keine visuelle Kontrolle,<br \/>\nmit \u00d84 Koppler<\/p>\n<p>Ref: RP8-SC-1.1-P61S &#8211; 1 St\u00fcck<br \/>\n8 Eintr\u00e4ge, Kernstifte Bruch, visuelle Kontrolle,<br \/>\nmit \u00d86 Koppler[\/vc_column_text][\/vc_column][\/vc_row][vc_row animation=&#8220;fadeInLeft&#8220;][vc_column width=&#8220;1\/2&#8243;][vc_single_image image=&#8220;1789&#8243; img_size=&#8220;medium&#8220; alignment=&#8220;center&#8220;][\/vc_column][vc_column width=&#8220;1\/2&#8243;][vc_column_text]<\/p>\n<p style=\"text-align: left;\"><strong>Verteilers Drucksensor<\/strong><\/p>\n<p>Ref: RP8-SC-2.1-R0 &#8211; 1 St\u00fcck<br \/>\n8 Eintr\u00e4ge, Kernstifte Bruch, visuelle Kontrolle<\/p>\n<p>Ref: RP8-SC-2.0-P41 &#8211; 1 St\u00fcck<br \/>\n8 Eintr\u00e4ge, Kernstifte Bruch, keine visuelle Kontrolle,<br \/>\nmit \u00d84 Koppler<\/p>\n<p>Ref: RP8-SC-2.1-P61S &#8211; 1 St\u00fcck<br \/>\n8 Eintr\u00e4ge, Kernstifte Bruch, visuelle Kontrolle,<br \/>\nmit \u00d86 Koppler[\/vc_column_text][\/vc_column][\/vc_row][vc_row animation=&#8220;fadeInRight&#8220;][vc_column width=&#8220;1\/2&#8243;][vc_single_image image=&#8220;1790&#8243; img_size=&#8220;medium&#8220; alignment=&#8220;center&#8220;][\/vc_column][vc_column width=&#8220;1\/2&#8243;][vc_column_text]<\/p>\n<p style=\"text-align: left;\"><strong>Verteilers Druckschalter mit optischer Anzeige<\/strong><\/p>\n<p>Ref: RP8-SC-3.1-R0 &#8211; 1 St\u00fcck<br \/>\n8 Eintr\u00e4ge, Kernstifte Bruch, visuelle Kontrolle<\/p>\n<p>Ref: RP8-SC-3.0-P41 &#8211; 1 St\u00fcck<br \/>\n8 Eintr\u00e4ge, Kernstifte Bruch, keine visuelle Kontrolle,<br \/>\nmit \u00d84 Koppler<\/p>\n<p>Ref: RP8-SC-3.1-P61S &#8211; 1 St\u00fcck<br \/>\n8 Eintr\u00e4ge, Kernstifte Bruch, visuelle Kontrolle,<br \/>\nmit \u00d86 Koppler[\/vc_column_text][\/vc_column][\/vc_row][vc_row][vc_column][vc_btn title=&#8220;Kontaktiere uns&#8220; style=&#8220;custom&#8220; custom_background=&#8220;#009fe3&#8243; custom_text=&#8220;#ffffff&#8220; size=&#8220;lg&#8220; align=&#8220;center&#8220; link=&#8220;url:https%3A%2F%2Flethiguel.com%2Fde%2Fkontakt.html|title:Contact||&#8220;][\/vc_column][\/vc_row]<\/p>\n<\/section>","protected":false},"excerpt":{"rendered":"<p>[vc_row type=&#8220;vc_default&#8220; content_placement=&#8220;middle&#8220; el_class=&#8220;bloc-article&#8220;][vc_column width=&#8220;1\/3&#8243; el_class=&#8220;texteblanc bloc-text-bloc-article&#8220;][vc_column_text css=&#8220;.vc_custom_1595594619174{padding-top: 20px !important;padding-right: 20px !important;padding-bottom: 20px !important;padding-left: 20px !important;background-color: #313131 !important;}&#8220;] Verteilers Es wurde konzipiert, den Verlauf des K\u00fchlwasserflusses visuell zu \u00fcberwachen. Um eine Verstopfung des K\u00fchlrohres zu verhindern und sicherzustellen, dass das K\u00fchlwasser nach der K\u00fchlphase vollst\u00e4ndig abflie\u00dft Es ist ein geschlossener Kreislauf, so dass Verunreinigungen vermieden&hellip;<\/p>\n","protected":false},"author":1,"featured_media":0,"parent":0,"menu_order":0,"comment_status":"closed","ping_status":"closed","template":"","meta":{"footnotes":""},"class_list":["post-272","page","type-page","status-publish","hentry","description-off"],"yoast_head":"<!-- This site is optimized with the Yoast SEO plugin v27.4 - https:\/\/yoast.com\/product\/yoast-seo-wordpress\/ -->\n<title>Lethiguel<\/title>\n<meta name=\"description\" content=\"Druck Monitore zur visuellen \u00dcberwachung des Strahl K\u00fchlwasser Flusses. Es kann ein Verstopfen und Verunreinigen der Rohre verhindern. Mehr erfahren!\" \/>\n<meta name=\"robots\" content=\"index, follow, max-snippet:-1, max-image-preview:large, max-video-preview:-1\" \/>\n<link rel=\"canonical\" href=\"https:\/\/lethiguel.com\/de\/verteilers.html\" \/>\n<meta property=\"og:locale\" content=\"de_DE\" \/>\n<meta property=\"og:type\" content=\"article\" \/>\n<meta property=\"og:title\" content=\"Lethiguel\" \/>\n<meta property=\"og:description\" content=\"Druck Monitore zur visuellen \u00dcberwachung des Strahl K\u00fchlwasser Flusses. Es kann ein Verstopfen und Verunreinigen der Rohre verhindern. Mehr erfahren!\" \/>\n<meta property=\"og:url\" content=\"https:\/\/lethiguel.com\/de\/verteilers.html\" \/>\n<meta property=\"og:site_name\" content=\"Lethiguel Deutsch\" \/>\n<meta property=\"article:modified_time\" content=\"2020-10-06T13:49:30+00:00\" \/>\n<meta name=\"twitter:card\" content=\"summary_large_image\" \/>\n<meta name=\"twitter:label1\" content=\"Gesch\u00e4tzte Lesezeit\" \/>\n\t<meta name=\"twitter:data1\" content=\"3\u00a0Minuten\" \/>\n<script type=\"application\/ld+json\" class=\"yoast-schema-graph\">{\"@context\":\"https:\\\/\\\/schema.org\",\"@graph\":[{\"@type\":\"WebPage\",\"@id\":\"https:\\\/\\\/lethiguel.com\\\/de\\\/verteilers.html\",\"url\":\"https:\\\/\\\/lethiguel.com\\\/de\\\/verteilers.html\",\"name\":\"Lethiguel\",\"isPartOf\":{\"@id\":\"https:\\\/\\\/lethiguel.com\\\/de\\\/#website\"},\"datePublished\":\"2019-06-19T15:00:46+00:00\",\"dateModified\":\"2020-10-06T13:49:30+00:00\",\"description\":\"Druck Monitore zur visuellen \u00dcberwachung des Strahl K\u00fchlwasser Flusses. Es kann ein Verstopfen und Verunreinigen der Rohre verhindern. Mehr erfahren!\",\"breadcrumb\":{\"@id\":\"https:\\\/\\\/lethiguel.com\\\/de\\\/verteilers.html#breadcrumb\"},\"inLanguage\":\"de\",\"potentialAction\":[{\"@type\":\"ReadAction\",\"target\":[\"https:\\\/\\\/lethiguel.com\\\/de\\\/verteilers.html\"]}]},{\"@type\":\"BreadcrumbList\",\"@id\":\"https:\\\/\\\/lethiguel.com\\\/de\\\/verteilers.html#breadcrumb\",\"itemListElement\":[{\"@type\":\"ListItem\",\"position\":1,\"name\":\"Accueil\",\"item\":\"https:\\\/\\\/lethiguel.com\\\/de\\\/\"},{\"@type\":\"ListItem\",\"position\":2,\"name\":\"Verteilers\"}]},{\"@type\":\"WebSite\",\"@id\":\"https:\\\/\\\/lethiguel.com\\\/de\\\/#website\",\"url\":\"https:\\\/\\\/lethiguel.com\\\/de\\\/\",\"name\":\"Lethiguel Deutsch\",\"description\":\"Heating and cooling solutions\",\"potentialAction\":[{\"@type\":\"SearchAction\",\"target\":{\"@type\":\"EntryPoint\",\"urlTemplate\":\"https:\\\/\\\/lethiguel.com\\\/de\\\/?s={search_term_string}\"},\"query-input\":{\"@type\":\"PropertyValueSpecification\",\"valueRequired\":true,\"valueName\":\"search_term_string\"}}],\"inLanguage\":\"de\"}]}<\/script>\n<!-- \/ Yoast SEO plugin. -->","yoast_head_json":{"title":"Lethiguel","description":"Druck Monitore zur visuellen \u00dcberwachung des Strahl K\u00fchlwasser Flusses. Es kann ein Verstopfen und Verunreinigen der Rohre verhindern. Mehr erfahren!","robots":{"index":"index","follow":"follow","max-snippet":"max-snippet:-1","max-image-preview":"max-image-preview:large","max-video-preview":"max-video-preview:-1"},"canonical":"https:\/\/lethiguel.com\/de\/verteilers.html","og_locale":"de_DE","og_type":"article","og_title":"Lethiguel","og_description":"Druck Monitore zur visuellen \u00dcberwachung des Strahl K\u00fchlwasser Flusses. Es kann ein Verstopfen und Verunreinigen der Rohre verhindern. Mehr erfahren!","og_url":"https:\/\/lethiguel.com\/de\/verteilers.html","og_site_name":"Lethiguel Deutsch","article_modified_time":"2020-10-06T13:49:30+00:00","twitter_card":"summary_large_image","twitter_misc":{"Gesch\u00e4tzte Lesezeit":"3\u00a0Minuten"},"schema":{"@context":"https:\/\/schema.org","@graph":[{"@type":"WebPage","@id":"https:\/\/lethiguel.com\/de\/verteilers.html","url":"https:\/\/lethiguel.com\/de\/verteilers.html","name":"Lethiguel","isPartOf":{"@id":"https:\/\/lethiguel.com\/de\/#website"},"datePublished":"2019-06-19T15:00:46+00:00","dateModified":"2020-10-06T13:49:30+00:00","description":"Druck Monitore zur visuellen \u00dcberwachung des Strahl K\u00fchlwasser Flusses. Es kann ein Verstopfen und Verunreinigen der Rohre verhindern. Mehr erfahren!","breadcrumb":{"@id":"https:\/\/lethiguel.com\/de\/verteilers.html#breadcrumb"},"inLanguage":"de","potentialAction":[{"@type":"ReadAction","target":["https:\/\/lethiguel.com\/de\/verteilers.html"]}]},{"@type":"BreadcrumbList","@id":"https:\/\/lethiguel.com\/de\/verteilers.html#breadcrumb","itemListElement":[{"@type":"ListItem","position":1,"name":"Accueil","item":"https:\/\/lethiguel.com\/de\/"},{"@type":"ListItem","position":2,"name":"Verteilers"}]},{"@type":"WebSite","@id":"https:\/\/lethiguel.com\/de\/#website","url":"https:\/\/lethiguel.com\/de\/","name":"Lethiguel Deutsch","description":"Heating and cooling solutions","potentialAction":[{"@type":"SearchAction","target":{"@type":"EntryPoint","urlTemplate":"https:\/\/lethiguel.com\/de\/?s={search_term_string}"},"query-input":{"@type":"PropertyValueSpecification","valueRequired":true,"valueName":"search_term_string"}}],"inLanguage":"de"}]}},"_links":{"self":[{"href":"https:\/\/lethiguel.com\/de\/wp-json\/wp\/v2\/pages\/272","targetHints":{"allow":["GET"]}}],"collection":[{"href":"https:\/\/lethiguel.com\/de\/wp-json\/wp\/v2\/pages"}],"about":[{"href":"https:\/\/lethiguel.com\/de\/wp-json\/wp\/v2\/types\/page"}],"author":[{"embeddable":true,"href":"https:\/\/lethiguel.com\/de\/wp-json\/wp\/v2\/users\/1"}],"replies":[{"embeddable":true,"href":"https:\/\/lethiguel.com\/de\/wp-json\/wp\/v2\/comments?post=272"}],"version-history":[{"count":26,"href":"https:\/\/lethiguel.com\/de\/wp-json\/wp\/v2\/pages\/272\/revisions"}],"predecessor-version":[{"id":1835,"href":"https:\/\/lethiguel.com\/de\/wp-json\/wp\/v2\/pages\/272\/revisions\/1835"}],"wp:attachment":[{"href":"https:\/\/lethiguel.com\/de\/wp-json\/wp\/v2\/media?parent=272"}],"curies":[{"name":"wp","href":"https:\/\/api.w.org\/{rel}","templated":true}]}}