{"id":291,"date":"2019-06-19T17:27:38","date_gmt":"2019-06-19T15:27:38","guid":{"rendered":"https:\/\/lethiguel.com\/de\/?page_id=291"},"modified":"2022-04-04T09:09:22","modified_gmt":"2022-04-04T07:09:22","slug":"tauchheizkoerper-thermal-power","status":"publish","type":"page","link":"https:\/\/lethiguel.com\/de\/tauchheizkoerper-thermal-power.html","title":{"rendered":"Tauchheizk\u00f6rper Thermal Power"},"content":{"rendered":"<section class=\"wpb-content-wrapper\"><p>[vc_row type=&#8220;vc_default&#8220; el_class=&#8220;bloc-article&#8220;][vc_column width=&#8220;1\/3&#8243; el_class=&#8220;texteblanc bloc-text-bloc-article&#8220;][vc_column_text css=&#8220;.vc_custom_1649056160167{padding-top: 20px !important;padding-right: 20px !important;padding-bottom: 20px !important;padding-left: 20px !important;background-color: #313131 !important;}&#8220;]<\/p>\n<h3 class=\"avantages1\">Vorteile des Tauchheizk\u00f6rper TP:<\/h3>\n<ul>\n<li>Heizwirkungsgrad &gt;99%.<\/li>\n<li>30 bis 40 Watt pro cm\u00b2<\/li>\n<li>Leistung bis zu 50kW<\/li>\n<li>Energieeinsparung bis zu 50% im Vergleich zu herk\u00f6mmlichen Heizmethoden<\/li>\n<li>Temperaturregelung +\/-2\u00b0C (+\/- 36\u00b0F)<\/li>\n<li>Schnelle und sanfte Erw\u00e4rmung<\/li>\n<li>Schnelle Installation und einfache Wartung<\/li>\n<\/ul>\n<p>[\/vc_column_text][vc_column_text css=&#8220;.vc_custom_1585738026577{margin-top: -40px !important;padding-top: 20px !important;padding-right: 20px !important;padding-bottom: 20px !important;padding-left: 20px !important;background-color: #cf302d !important;}&#8220;]<\/p>\n<p class=\"texteblanc\">Sie halten geschmolzenes <strong class=\"d2b\">Metall in Gie\u00dfereien<\/strong>, <strong class=\"d2b\">Gie\u00dfereien<\/strong> oder <strong class=\"d2b\">Recyclinganlagen<\/strong>? Mit dem <strong class=\"d2b\">TP\u00ae-Heizger\u00e4t<\/strong> k\u00f6nnen Sie Energie und Zeit sparen und gleichzeitig Ihre Metallqualit\u00e4t und Produktivit\u00e4t verbessern. Die <strong class=\"d2b\">TP\u00ae-Heizung<\/strong> ist ein elektrisches Heizsystem, das speziell zum Halten und Anheben von Nichteisenmetallen entwickelt wurde. Es ist vorgesehen, direkt in fl\u00fcssiges Metall eingetaucht zu werden. Sie THERMAL POWERwird durch die Leitung direkt in das Herz der Metallschmelze gebracht.<\/p>\n<p>[\/vc_column_text][\/vc_column][vc_column width=&#8220;2\/3&#8243; animation=&#8220;fadeInRight&#8220; el_class=&#8220;bloc-img-bloc-article&#8220;][vc_single_image image=&#8220;1588&#8243; img_size=&#8220;full&#8220; alignment=&#8220;center&#8220;][\/vc_column][\/vc_row][vc_row][vc_column animation=&#8220;fadeInLeft&#8220; css=&#8220;.vc_custom_1595583166745{background-color: #ededed !important;}&#8220;][vc_column_text]<\/p>\n<h2>Warum Sie unsere <span style=\"color: #ff0000;\">Aluminium-Tauchheizk\u00f6rper TP\u00ae verwenden sollten<\/span>?<\/h2>\n<p>[\/vc_column_text][vc_row_inner][vc_column_inner css=&#8220;.vc_custom_1581418162231{background-color: #ededed !important;}&#8220;][vc_column_text css=&#8220;.vc_custom_1601900180812{margin-top: -30px !important;}&#8220;]Wir bieten diese Technologie f\u00fcr den Druckguss, den Niederdruckguss, den Kokillenguss und die Prim\u00e4r- und Recyclingindustrie an. Unser Kern- und historisches Know-how sind die Tauchheizk\u00f6rper. Diese Technologie wurde entwickelt, um die Aluminium-Heizeffizienz zu steigern. Studien zeigen, dass das Erhitzen durch Tauchheizk\u00f6rper die mit Abstand effizienteste L\u00f6sung ist. Mit unseren Tauchheizk\u00f6rper k\u00f6nnen Sie folgende Punkte optimieren:<\/p>\n<ul>\n<li>Energieeinsparung<\/li>\n<li>Metallqualit\u00e4t<\/li>\n<li>Produktivit\u00e4t<\/li>\n<\/ul>\n<p>[\/vc_column_text][\/vc_column_inner][\/vc_row_inner][\/vc_column][\/vc_row][vc_row][vc_column][vc_empty_space][\/vc_column][\/vc_row][vc_row][vc_column animation=&#8220;fadeInRight&#8220;][vc_row_inner][vc_column_inner width=&#8220;1\/2&#8243;][vc_column_text]<\/p>\n<h4>Energieeinsparung dank der Tauchheizung<\/h4>\n<p>Da die Tauchheizung direkt das Herz des Schmelzbads erw\u00e4rmt, gibt es keinen W\u00e4rmeverlust. Mit einer effizienteren Aluminium-Heizmethode k\u00f6nnen Sie mehr Energie sparen. Mit der Technologie unserer Aluminium-Tauchheizung erreichen Sie Ihre Zieltemperatur mit geringerem Zeit- und Energieaufwand im Vergleich zu anderen Technologien.[\/vc_column_text][\/vc_column_inner][vc_column_inner width=&#8220;1\/2&#8243;][vc_single_image image=&#8220;1509&#8243; img_size=&#8220;500&#215;150&#8243; alignment=&#8220;center&#8220;][\/vc_column_inner][\/vc_row_inner][\/vc_column][\/vc_row][vc_row][vc_column animation=&#8220;fadeInRight&#8220;][vc_row_inner][vc_column_inner width=&#8220;1\/2&#8243;][vc_column_text]<\/p>\n<h4>Qualit\u00e4t geschmolzenen Metalls beim Gebrauch der Tauchheizung<\/h4>\n<p>Durch effizientes Erhitzen Ihres Aluminiums mit unseren Tauchheizungen wird eine \u00dcberhitzung vermieden und wir k\u00f6nnen sicherstellen, dass Ihr Metall bester Qualit\u00e4t sein wird.[\/vc_column_text][\/vc_column_inner][vc_column_inner width=&#8220;1\/2&#8243;][vc_single_image image=&#8220;1510&#8243; img_size=&#8220;500&#215;150&#8243; alignment=&#8220;center&#8220;][\/vc_column_inner][\/vc_row_inner][\/vc_column][\/vc_row][vc_row][vc_column animation=&#8220;fadeInRight&#8220;][vc_row_inner][vc_column_inner width=&#8220;1\/2&#8243;][vc_column_text]<\/p>\n<h4>Produktivit\u00e4t durch die Aluminium-Tauchheizung<\/h4>\n<p>Mit der richtigen Durchf\u00fchrung der Erhitzung von Aluminium k\u00f6nnen Sie Ihre Produktivit\u00e4t deutlich steigern.[\/vc_column_text][\/vc_column_inner][vc_column_inner width=&#8220;1\/2&#8243;][vc_single_image image=&#8220;1511&#8243; img_size=&#8220;500&#215;150&#8243; alignment=&#8220;center&#8220;][\/vc_column_inner][\/vc_row_inner][vc_empty_space][\/vc_column][\/vc_row][vc_row][vc_column animation=&#8220;fadeInLeft&#8220;][vc_column_text]<\/p>\n<h2>Aluminium-Tauchheizk\u00f6rper Positionierung und Kalibrierung<\/h2>\n<p>Jeder einzelne Thermal Power Heizer, den wir installieren, ist in Bezug auf Heizleistung, Anwendung und Zweck nach den Bed\u00fcrfnissen unserer Kunden entworfen. Alle unsere Aluminium-Tauchheizungen sind mit einer einzigartigen ID-Nummer identifiziert, die es uns erm\u00f6glicht, alle Anwendungen nachzuvollziehen und zu verfolgen.<\/p>\n<p>Lethiguel ber\u00fccksichtigt mindestens 10 Parameter bei der Kalibrierung einer Tauchheizung. Unsere Ingenieure f\u00fcr Forschung und Entwicklung konzipieren die L\u00f6sung sowohl f\u00fcr thermische Bedingungen als auch f\u00fcr die Positionierung, um die am besten integrierte L\u00f6sung zu liefern.[\/vc_column_text][vc_row_inner][vc_column_inner width=&#8220;1\/2&#8243;]<div class=\"standard-arrow bullet-top\"><ul>\n<li>Legierungstyp<\/li>\n<li>Temperatur des Schmelzbads<\/li>\n<li>Leistung<\/li>\n<li>Spannung<\/li>\n<li>Mantel \u00d8<\/li>\n<\/ul>\n<\/div>[\/vc_column_inner][vc_column_inner width=&#8220;1\/2&#8243;]<div class=\"standard-arrow bullet-top\"><ul>\n<li>Mindestlevel des Schmelzbads<\/li>\n<li>L\u00e4nge unter Flansch<\/li>\n<li>Eintauchl\u00e4nge<\/li>\n<li>Erweiterungstyp<\/li>\n<li>Thermoelement Typ K<\/li>\n<\/ul>\n<\/div>[\/vc_column_inner][\/vc_row_inner][vc_empty_space][\/vc_column][\/vc_row][vc_row][vc_column animation=&#8220;fadeInRight&#8220; css=&#8220;.vc_custom_1595583203811{background-color: #ededed !important;}&#8220;][vc_column_text]<\/p>\n<h2>Aluminium-Tauchheizk\u00f6rper technische Eigenschaften<\/h2>\n<p>Unsere Aluminium-Tauchheizung ist die Kombination aus zwei fortschrittlichen Materialien:<\/p>\n<p>Ein Silikon-Nitrid-Mantel mit folgenden technischen Qualit\u00e4ten:<\/p>\n<ul>\n<li>Keine Empfindlichkeit gegen\u00fcber thermischen Schocks<\/li>\n<li>Hohe mechanische Best\u00e4ndigkeit<\/li>\n<li>Hervorragende W\u00e4rmeleitf\u00e4higkeit<\/li>\n<li>Optimale Korrosionsbest\u00e4ndigkeit<\/li>\n<\/ul>\n<p>[\/vc_column_text][vc_column_text]Ein elektrischer Heizwiderstand mit hoher Wattdichte, eingebettet in ein leistungsstarkes Isoliermaterial, das sowohl elektrische Isolation als auch W\u00e4rme\u00fcbertragung gew\u00e4hrleistet, Standardabmessungen:<\/p>\n<ul>\n<li>Manteldurchmesser: 32 oder 55 mm<\/li>\n<li>L\u00e4nge unter Flansch von 500 bis 1450 mm<\/li>\n<li>Wenn Tiefe des Schmelzbads und Arbeitskapazit\u00e4t es erlauben, kann die Eintauchl\u00e4nge mehr als 1000mm erreichen.<\/li>\n<li>Die Anschlussspannung von 36 bis 600 V, ein-\/dreiphasig, liefert bis zu 50kW<\/li>\n<\/ul>\n<p>[\/vc_column_text][\/vc_column][\/vc_row][vc_row margin_top=&#8220;60px&#8220;][vc_column animation=&#8220;fadeInUp&#8220;][vc_row_inner][vc_column_inner][vc_single_image image=&#8220;1336&#8243; img_size=&#8220;full&#8220; alignment=&#8220;center&#8220;][vc_column_text css=&#8220;.vc_custom_1585738796983{margin-top: -20px !important;}&#8220;]<\/p>\n<p style=\"text-align: center;\">Aluminium-Tauchheizer TP\u00ae in<\/p>\n<p style=\"text-align: center;\"><strong>300kg Halte-\/Schmelzofen<\/strong><\/p>\n<p>[\/vc_column_text][\/vc_column_inner][\/vc_row_inner][vc_empty_space height=&#8220;40px&#8220;][\/vc_column][\/vc_row][vc_row][vc_column animation=&#8220;fadeInLeft&#8220;][vc_empty_space]<div class=\"dt-fancy-separator\" style=\"width: 100%;\"><div class=\"dt-fancy-title\"><span class=\"separator-holder separator-left\"><\/span>Hauptanwendungen der Tauchheizk\u00f6rper<span class=\"separator-holder separator-right\"><\/span><\/div><\/div>[vc_row_inner][vc_column_inner width=&#8220;1\/3&#8243;][vc_column_text css=&#8220;.vc_custom_1585738578832{border-top-width: 30px !important;padding-top: 30px !important;}&#8220;]<\/p>\n<h4 style=\"text-align: center;\">Halteofen<\/h4>\n<p>[\/vc_column_text][vc_single_image image=&#8220;1514&#8243; img_size=&#8220;200&#215;200&#8243; alignment=&#8220;center&#8220;][\/vc_column_inner][vc_column_inner width=&#8220;1\/3&#8243;][vc_column_text css=&#8220;.vc_custom_1585738628114{border-top-width: 30px !important;padding-top: 30px !important;}&#8220;]<\/p>\n<h4 style=\"text-align: center;\">Filterbox<\/h4>\n<p>[\/vc_column_text][vc_single_image image=&#8220;1513&#8243; img_size=&#8220;200&#215;200&#8243; alignment=&#8220;center&#8220;][\/vc_column_inner][vc_column_inner width=&#8220;1\/3&#8243;][vc_column_text css=&#8220;.vc_custom_1585738658281{border-top-width: 30px !important;padding-top: 30px !important;}&#8220;]<\/p>\n<h4 style=\"text-align: center;\">Dosierofen<\/h4>\n<p>[\/vc_column_text][vc_single_image image=&#8220;1512&#8243; img_size=&#8220;200&#215;200&#8243; alignment=&#8220;center&#8220;][\/vc_column_inner][\/vc_row_inner][vc_row_inner][vc_column_inner width=&#8220;1\/3&#8243;][vc_column_text]<\/p>\n<h4 style=\"text-align: center;\">Schmelzofen<\/h4>\n<p>[\/vc_column_text][vc_single_image image=&#8220;1516&#8243; img_size=&#8220;200&#215;200&#8243; alignment=&#8220;center&#8220;][\/vc_column_inner][vc_column_inner width=&#8220;1\/3&#8243;][vc_column_text]<\/p>\n<h4 style=\"text-align: center;\">Transportpfanne<\/h4>\n<p>[\/vc_column_text][vc_single_image image=&#8220;1517&#8243; img_size=&#8220;200&#215;200&#8243; alignment=&#8220;center&#8220;][\/vc_column_inner][vc_column_inner width=&#8220;1\/3&#8243;][\/vc_column_inner][\/vc_row_inner][\/vc_column][vc_column][vc_empty_space][\/vc_column][\/vc_row][vc_row][vc_column animation=&#8220;fadeInRight&#8220;]<div class=\"dt-fancy-separator\" style=\"width: 100%;\"><div class=\"dt-fancy-title\"><span class=\"separator-holder separator-left\"><\/span>\u00d6fen mit flachem Schmelzbad?<span class=\"separator-holder separator-right\"><\/span><\/div><\/div>[vc_single_image image=&#8220;1515&#8243; img_size=&#8220;200&#215;200&#8243; alignment=&#8220;center&#8220;][vc_btn title=&#8220;Weiterlesen&#8220; color=&#8220;danger&#8220; align=&#8220;center&#8220; link=&#8220;url:https%3A%2F%2Flethiguel.com%2Fde%2Ftauchheizkoerper-l-thermal-power.html|title:Tauchheizers%20Thermal%20Power%20Typ%20L||&#8220;][\/vc_column][\/vc_row][vc_row][vc_column animation=&#8220;fadeInLeft&#8220;][vc_column_text]<\/p>\n<p style=\"text-align: center;\">Sie sind sich nicht sicher, was die beste L\u00f6sung f\u00fcr Ihre aktuelle Situation ist? Z\u00f6gern Sie nicht, uns Ihren Fall zu schildern, wir werden ihn sorgf\u00e4ltig analysieren und so schnell wie m\u00f6glich auf Sie zur\u00fcckkommen.<\/p>\n<p>[\/vc_column_text][vc_btn title=&#8220;Kontaktiere uns&#8220; style=&#8220;custom&#8220; custom_background=&#8220;#cf302d&#8220; custom_text=&#8220;#ffffff&#8220; size=&#8220;lg&#8220; align=&#8220;center&#8220; link=&#8220;url:https%3A%2F%2Flethiguel.com%2Fcontact-us.html|title:Contact||&#8220;][\/vc_column][\/vc_row]<\/p>\n<\/section>","protected":false},"excerpt":{"rendered":"<p>[vc_row type=&#8220;vc_default&#8220; el_class=&#8220;bloc-article&#8220;][vc_column width=&#8220;1\/3&#8243; el_class=&#8220;texteblanc bloc-text-bloc-article&#8220;][vc_column_text css=&#8220;.vc_custom_1649056160167{padding-top: 20px !important;padding-right: 20px !important;padding-bottom: 20px !important;padding-left: 20px !important;background-color: #313131 !important;}&#8220;] Vorteile des Tauchheizk\u00f6rper TP: Heizwirkungsgrad &gt;99%. 30 bis 40 Watt pro cm\u00b2 Leistung bis zu 50kW Energieeinsparung bis zu 50% im Vergleich zu herk\u00f6mmlichen Heizmethoden Temperaturregelung +\/-2\u00b0C (+\/- 36\u00b0F) Schnelle und sanfte Erw\u00e4rmung Schnelle Installation und einfache Wartung&hellip;<\/p>\n","protected":false},"author":1,"featured_media":0,"parent":0,"menu_order":0,"comment_status":"closed","ping_status":"closed","template":"","meta":{"footnotes":""},"class_list":["post-291","page","type-page","status-publish","hentry","description-off"],"yoast_head":"<!-- This site is optimized with the Yoast SEO plugin v27.4 - https:\/\/yoast.com\/product\/yoast-seo-wordpress\/ -->\n<title>Lethiguel<\/title>\n<meta name=\"description\" content=\"Aluminium Tauchheizk\u00f6rper ist das effizienteste Heizsystem f\u00fcr Nichteisenschmelzen! Am besten f\u00fcr druckguss, niederdruckdruckguss, schwerkraftdruckguss, gie\u00dfhalle. Mehr Info!\" \/>\n<meta name=\"robots\" content=\"index, follow, max-snippet:-1, max-image-preview:large, max-video-preview:-1\" \/>\n<link rel=\"canonical\" href=\"https:\/\/lethiguel.com\/de\/tauchheizkoerper-thermal-power.html\" \/>\n<meta property=\"og:locale\" content=\"de_DE\" \/>\n<meta property=\"og:type\" content=\"article\" \/>\n<meta property=\"og:title\" content=\"Lethiguel\" \/>\n<meta property=\"og:description\" content=\"Aluminium Tauchheizk\u00f6rper ist das effizienteste Heizsystem f\u00fcr Nichteisenschmelzen! Am besten f\u00fcr druckguss, niederdruckdruckguss, schwerkraftdruckguss, gie\u00dfhalle. Mehr Info!\" \/>\n<meta property=\"og:url\" content=\"https:\/\/lethiguel.com\/de\/tauchheizkoerper-thermal-power.html\" \/>\n<meta property=\"og:site_name\" content=\"Lethiguel Deutsch\" \/>\n<meta property=\"article:modified_time\" content=\"2022-04-04T07:09:22+00:00\" \/>\n<meta name=\"twitter:card\" content=\"summary_large_image\" \/>\n<meta name=\"twitter:label1\" content=\"Gesch\u00e4tzte Lesezeit\" \/>\n\t<meta name=\"twitter:data1\" content=\"6\u00a0Minuten\" \/>\n<script type=\"application\/ld+json\" class=\"yoast-schema-graph\">{\"@context\":\"https:\\\/\\\/schema.org\",\"@graph\":[{\"@type\":\"WebPage\",\"@id\":\"https:\\\/\\\/lethiguel.com\\\/de\\\/tauchheizkoerper-thermal-power.html\",\"url\":\"https:\\\/\\\/lethiguel.com\\\/de\\\/tauchheizkoerper-thermal-power.html\",\"name\":\"Lethiguel\",\"isPartOf\":{\"@id\":\"https:\\\/\\\/lethiguel.com\\\/de\\\/#website\"},\"datePublished\":\"2019-06-19T15:27:38+00:00\",\"dateModified\":\"2022-04-04T07:09:22+00:00\",\"description\":\"Aluminium Tauchheizk\u00f6rper ist das effizienteste Heizsystem f\u00fcr Nichteisenschmelzen! Am besten f\u00fcr druckguss, niederdruckdruckguss, schwerkraftdruckguss, gie\u00dfhalle. Mehr Info!\",\"breadcrumb\":{\"@id\":\"https:\\\/\\\/lethiguel.com\\\/de\\\/tauchheizkoerper-thermal-power.html#breadcrumb\"},\"inLanguage\":\"de\",\"potentialAction\":[{\"@type\":\"ReadAction\",\"target\":[\"https:\\\/\\\/lethiguel.com\\\/de\\\/tauchheizkoerper-thermal-power.html\"]}]},{\"@type\":\"BreadcrumbList\",\"@id\":\"https:\\\/\\\/lethiguel.com\\\/de\\\/tauchheizkoerper-thermal-power.html#breadcrumb\",\"itemListElement\":[{\"@type\":\"ListItem\",\"position\":1,\"name\":\"Accueil\",\"item\":\"https:\\\/\\\/lethiguel.com\\\/de\\\/\"},{\"@type\":\"ListItem\",\"position\":2,\"name\":\"Tauchheizk\u00f6rper Thermal Power\"}]},{\"@type\":\"WebSite\",\"@id\":\"https:\\\/\\\/lethiguel.com\\\/de\\\/#website\",\"url\":\"https:\\\/\\\/lethiguel.com\\\/de\\\/\",\"name\":\"Lethiguel Deutsch\",\"description\":\"Heating and cooling solutions\",\"potentialAction\":[{\"@type\":\"SearchAction\",\"target\":{\"@type\":\"EntryPoint\",\"urlTemplate\":\"https:\\\/\\\/lethiguel.com\\\/de\\\/?s={search_term_string}\"},\"query-input\":{\"@type\":\"PropertyValueSpecification\",\"valueRequired\":true,\"valueName\":\"search_term_string\"}}],\"inLanguage\":\"de\"}]}<\/script>\n<!-- \/ Yoast SEO plugin. -->","yoast_head_json":{"title":"Lethiguel","description":"Aluminium Tauchheizk\u00f6rper ist das effizienteste Heizsystem f\u00fcr Nichteisenschmelzen! Am besten f\u00fcr druckguss, niederdruckdruckguss, schwerkraftdruckguss, gie\u00dfhalle. Mehr Info!","robots":{"index":"index","follow":"follow","max-snippet":"max-snippet:-1","max-image-preview":"max-image-preview:large","max-video-preview":"max-video-preview:-1"},"canonical":"https:\/\/lethiguel.com\/de\/tauchheizkoerper-thermal-power.html","og_locale":"de_DE","og_type":"article","og_title":"Lethiguel","og_description":"Aluminium Tauchheizk\u00f6rper ist das effizienteste Heizsystem f\u00fcr Nichteisenschmelzen! Am besten f\u00fcr druckguss, niederdruckdruckguss, schwerkraftdruckguss, gie\u00dfhalle. Mehr Info!","og_url":"https:\/\/lethiguel.com\/de\/tauchheizkoerper-thermal-power.html","og_site_name":"Lethiguel Deutsch","article_modified_time":"2022-04-04T07:09:22+00:00","twitter_card":"summary_large_image","twitter_misc":{"Gesch\u00e4tzte Lesezeit":"6\u00a0Minuten"},"schema":{"@context":"https:\/\/schema.org","@graph":[{"@type":"WebPage","@id":"https:\/\/lethiguel.com\/de\/tauchheizkoerper-thermal-power.html","url":"https:\/\/lethiguel.com\/de\/tauchheizkoerper-thermal-power.html","name":"Lethiguel","isPartOf":{"@id":"https:\/\/lethiguel.com\/de\/#website"},"datePublished":"2019-06-19T15:27:38+00:00","dateModified":"2022-04-04T07:09:22+00:00","description":"Aluminium Tauchheizk\u00f6rper ist das effizienteste Heizsystem f\u00fcr Nichteisenschmelzen! Am besten f\u00fcr druckguss, niederdruckdruckguss, schwerkraftdruckguss, gie\u00dfhalle. Mehr Info!","breadcrumb":{"@id":"https:\/\/lethiguel.com\/de\/tauchheizkoerper-thermal-power.html#breadcrumb"},"inLanguage":"de","potentialAction":[{"@type":"ReadAction","target":["https:\/\/lethiguel.com\/de\/tauchheizkoerper-thermal-power.html"]}]},{"@type":"BreadcrumbList","@id":"https:\/\/lethiguel.com\/de\/tauchheizkoerper-thermal-power.html#breadcrumb","itemListElement":[{"@type":"ListItem","position":1,"name":"Accueil","item":"https:\/\/lethiguel.com\/de\/"},{"@type":"ListItem","position":2,"name":"Tauchheizk\u00f6rper Thermal Power"}]},{"@type":"WebSite","@id":"https:\/\/lethiguel.com\/de\/#website","url":"https:\/\/lethiguel.com\/de\/","name":"Lethiguel Deutsch","description":"Heating and cooling solutions","potentialAction":[{"@type":"SearchAction","target":{"@type":"EntryPoint","urlTemplate":"https:\/\/lethiguel.com\/de\/?s={search_term_string}"},"query-input":{"@type":"PropertyValueSpecification","valueRequired":true,"valueName":"search_term_string"}}],"inLanguage":"de"}]}},"_links":{"self":[{"href":"https:\/\/lethiguel.com\/de\/wp-json\/wp\/v2\/pages\/291","targetHints":{"allow":["GET"]}}],"collection":[{"href":"https:\/\/lethiguel.com\/de\/wp-json\/wp\/v2\/pages"}],"about":[{"href":"https:\/\/lethiguel.com\/de\/wp-json\/wp\/v2\/types\/page"}],"author":[{"embeddable":true,"href":"https:\/\/lethiguel.com\/de\/wp-json\/wp\/v2\/users\/1"}],"replies":[{"embeddable":true,"href":"https:\/\/lethiguel.com\/de\/wp-json\/wp\/v2\/comments?post=291"}],"version-history":[{"count":27,"href":"https:\/\/lethiguel.com\/de\/wp-json\/wp\/v2\/pages\/291\/revisions"}],"predecessor-version":[{"id":1982,"href":"https:\/\/lethiguel.com\/de\/wp-json\/wp\/v2\/pages\/291\/revisions\/1982"}],"wp:attachment":[{"href":"https:\/\/lethiguel.com\/de\/wp-json\/wp\/v2\/media?parent=291"}],"curies":[{"name":"wp","href":"https:\/\/api.w.org\/{rel}","templated":true}]}}