{"id":299,"date":"2019-06-20T13:36:09","date_gmt":"2019-06-20T11:36:09","guid":{"rendered":"https:\/\/lethiguel.com\/de\/?page_id=299"},"modified":"2020-10-05T15:21:35","modified_gmt":"2020-10-05T13:21:35","slug":"tauchheizkoerper-l-thermal-power","status":"publish","type":"page","link":"https:\/\/lethiguel.com\/de\/tauchheizkoerper-l-thermal-power.html","title":{"rendered":"Tauchheizk\u00f6rper Thermal Power L"},"content":{"rendered":"<section class=\"wpb-content-wrapper\"><p>[vc_row el_class=&#8220;bloc-article&#8220;][vc_column width=&#8220;1\/3&#8243; el_class=&#8220;texteblanc bloc-text-bloc-article&#8220;][vc_column_text css=&#8220;.vc_custom_1601902286517{padding-top: 20px !important;padding-right: 20px !important;padding-bottom: 20px !important;padding-left: 20px !important;background-color: #313131 !important;}&#8220;]<\/p>\n<h3 class=\"avantages1\">Vorteile des Tauchheizk\u00f6rper:<\/h3>\n<ul>\n<li>Heizwirkungsgrad &gt;99%.<\/li>\n<li>Geeignet f\u00fcr flache Metallniveaus<\/li>\n<li>Energieeinsparung bis zu 50% im Vergleich zu herk\u00f6mmlichen Heizmethoden<\/li>\n<li>Temperaturregelung +\/-2\u00b0C (+\/- 36\u00b0F)<\/li>\n<li>Schnelle und sanfte Erw\u00e4rmung<\/li>\n<li>Schnelle Installation, einfache Wartung<\/li>\n<\/ul>\n<p>[\/vc_column_text][vc_column_text css=&#8220;.vc_custom_1601902334913{margin-top: -40px !important;padding-top: 20px !important;padding-right: 20px !important;padding-bottom: 20px !important;padding-left: 20px !important;background-color: #cf302d !important;}&#8220;]Der <strong>Tauchheizk\u00f6rper<\/strong><strong class=\"d2b\">\u00a0L<\/strong> ist schnell installiert und liefert die beste metallurgische Qualit\u00e4t, indem er die Vorlauftemperatur mit einer Genauigkeit von +\/- 2\u00b0C regelt..[\/vc_column_text][\/vc_column][vc_column width=&#8220;2\/3&#8243; animation=&#8220;fadeInRight&#8220; el_class=&#8220;bloc-img-bloc-article&#8220;][vc_row_inner content_placement=&#8220;middle&#8220;][vc_column_inner][vc_single_image image=&#8220;309&#8243; img_size=&#8220;full&#8220;][\/vc_column_inner][\/vc_row_inner][\/vc_column][\/vc_row][vc_row][vc_column animation=&#8220;fadeInLeft&#8220;][vc_column_text]<\/p>\n<h2>Wir bieten eine ganze Reihe von kundenspezifischen L\u00f6sungen an, basierend auf zwei:<\/h2>\n<ul>\n<li>Tauchheizk\u00f6rper L f\u00fcr den Prozess in der aluminiumrinnensystem<\/li>\n<li>Tauchheizk\u00f6rper L f\u00fcr \u00d6fen mit flachem Schmelzbad: nach Gie\u00dfleistung ausgelegt<\/li>\n<\/ul>\n<p>[\/vc_column_text][\/vc_column][\/vc_row][vc_row][vc_column animation=&#8220;fadeInLeft&#8220;][vc_column_text]<\/p>\n<h2>Aluminium Tauchheizk\u00f6rper Positionierung und Kalibrierung<\/h2>\n<p>Jede einzelne Tauchheizung, die wir installieren, ist in Bezug auf Heizleistung, Anwendung und Zweck nach den Bed\u00fcrfnissen unserer Kunden entworfen. Au\u00dferdem ist jeder unserer Aluminium Tauchheizk\u00f6rper L durch seine einzigartige ID-Nummer gekennzeichnet.<\/p>\n<p>F\u00fcr den Tauchheizk\u00f6rper L ber\u00fccksichtigen wir mindestens 11 Parameter bei der Kalibrierung einer Taucherheizung. Unser Ingenieurb\u00fcro konzipiert die L\u00f6sung sowohl f\u00fcr thermische Bedingungen als auch f\u00fcr die Positionierung, um die beste kundenspezifische L\u00f6sung zu liefern.[\/vc_column_text][vc_row_inner][vc_column_inner width=&#8220;1\/2&#8243;]<div class=\"standard-arrow bullet-top\"><ul>\n<li>Legierungstyp<\/li>\n<li>Temperatur des Schmelzbads<\/li>\n<li>Leistung<\/li>\n<li>Spannung<\/li>\n<li>Mantel \u00d8<\/li>\n<li>Mindestlevel des Schmelzbads<\/li>\n<\/ul>\n<\/div>[\/vc_column_inner][vc_column_inner width=&#8220;1\/2&#8243;]<div class=\"standard-arrow bullet-top\"><ul>\n<li>L\u00e4nge unter Flansch<\/li>\n<li>Eintauchl\u00e4nge<\/li>\n<li>Erweiterungstyp<\/li>\n<li>Thermoelement Typ K<\/li>\n<li>Horizontale L\u00e4nge<\/li>\n<\/ul>\n<\/div>[\/vc_column_inner][\/vc_row_inner][vc_row_inner][vc_column_inner][vc_column_text]Die Verwendung eines Aluminium Tauchheizk\u00f6rper ist die effizienteste M\u00f6glichkeit, die Temperatur des Aluminium-Schmelzbads pr\u00e4zise zu \u00fcberwachen und zu steuern und kann daher zu Ihrer Metallqualit\u00e4t, Produktivit\u00e4t und Energieeinsparung beitragen.[\/vc_column_text][\/vc_column_inner][\/vc_row_inner][vc_row_inner][vc_column_inner width=&#8220;1\/2&#8243;][vc_single_image image=&#8220;1289&#8243; img_size=&#8220;400&#215;300&#8243; alignment=&#8220;center&#8220;][\/vc_column_inner][vc_column_inner width=&#8220;1\/2&#8243;][vc_single_image image=&#8220;1288&#8243; img_size=&#8220;400&#215;300&#8243; alignment=&#8220;center&#8220;][\/vc_column_inner][\/vc_row_inner][vc_row_inner][vc_column_inner][vc_column_text]<\/p>\n<h4 style=\"text-align: left;\">Es ist einzigartig konzipiert f\u00fcr aluminium warmhalteofen und aluminiumrinnensystem<\/h4>\n<p>[\/vc_column_text][\/vc_column_inner][\/vc_row_inner][\/vc_column][\/vc_row][vc_row][vc_column animation=&#8220;fadeInLeft&#8220;][vc_column_text]Schauen Sie sich die Aluminium Tauchheizk\u00f6rper L-Fallstudie an[\/vc_column_text][vc_btn title=&#8220;Fallstudie&#8220; color=&#8220;danger&#8220; link=&#8220;url:https%3A%2F%2Flethiguel.com%2Fde%2F1610-2.html|title:Tauchheizers%20Thermal%20Power%20Typ%20L%20Fallstudie||&#8220;][\/vc_column][\/vc_row][vc_row][vc_column animation=&#8220;fadeInUp&#8220;]<div class=\"dt-fancy-separator text-big title-color\" style=\"width: 100%;\"><div class=\"dt-fancy-title\"><span class=\"separator-holder separator-left\"><\/span>Hauptanwendungen unseres Tauchheizk\u00f6rper L<span class=\"separator-holder separator-right\"><\/span><\/div><\/div>[\/vc_column][\/vc_row][vc_row][vc_column animation=&#8220;fadeInUp&#8220;][vc_row_inner el_class=&#8220;bloc-petite-img&#8220;][vc_column_inner el_class=&#8220;bloc-img-centrage&#8220; width=&#8220;1\/2&#8243;][vc_single_image image=&#8220;1290&#8243; img_size=&#8220;300&#215;300&#8243; alignment=&#8220;center&#8220;][vc_column_text]<\/p>\n<p style=\"text-align: center;\">Tauchheizk\u00f6rper L im Aluminiumrinnensystem<\/p>\n<p>[\/vc_column_text][\/vc_column_inner][vc_column_inner el_class=&#8220;bloc-img-centrage&#8220; width=&#8220;1\/2&#8243;][vc_single_image image=&#8220;1291&#8243; img_size=&#8220;300&#215;300&#8243; alignment=&#8220;center&#8220;][vc_column_text]<\/p>\n<p style=\"text-align: center;\">Tauchheizk\u00f6rper L im Warmhalteofen<\/p>\n<p>[\/vc_column_text][\/vc_column_inner][\/vc_row_inner][\/vc_column][\/vc_row][vc_row][vc_column][vc_btn title=&#8220;Kontaktiere uns&#8220; style=&#8220;custom&#8220; custom_background=&#8220;#cf302d&#8220; custom_text=&#8220;#ffffff&#8220; size=&#8220;lg&#8220; align=&#8220;center&#8220; link=&#8220;url:https%3A%2F%2Flethiguel.com%2Fde%2Fkontakt.html|title:Contact||&#8220;][\/vc_column][\/vc_row]<\/p>\n<\/section>","protected":false},"excerpt":{"rendered":"<p>[vc_row el_class=&#8220;bloc-article&#8220;][vc_column width=&#8220;1\/3&#8243; el_class=&#8220;texteblanc bloc-text-bloc-article&#8220;][vc_column_text css=&#8220;.vc_custom_1601902286517{padding-top: 20px !important;padding-right: 20px !important;padding-bottom: 20px !important;padding-left: 20px !important;background-color: #313131 !important;}&#8220;] Vorteile des Tauchheizk\u00f6rper: Heizwirkungsgrad &gt;99%. Geeignet f\u00fcr flache Metallniveaus Energieeinsparung bis zu 50% im Vergleich zu herk\u00f6mmlichen Heizmethoden Temperaturregelung +\/-2\u00b0C (+\/- 36\u00b0F) Schnelle und sanfte Erw\u00e4rmung Schnelle Installation, einfache Wartung [\/vc_column_text][vc_column_text css=&#8220;.vc_custom_1601902334913{margin-top: -40px !important;padding-top: 20px !important;padding-right: 20px !important;padding-bottom: 20px&hellip;<\/p>\n","protected":false},"author":1,"featured_media":0,"parent":0,"menu_order":0,"comment_status":"closed","ping_status":"closed","template":"","meta":{"footnotes":""},"class_list":["post-299","page","type-page","status-publish","hentry","description-off"],"yoast_head":"<!-- This site is optimized with the Yoast SEO plugin v27.4 - https:\/\/yoast.com\/product\/yoast-seo-wordpress\/ -->\n<title>Lethiguel<\/title>\n<meta name=\"description\" content=\"Aluminium Tauchheizk\u00f6rper ist das effizienteste Heizsystem! Tauchheizk\u00f6rper L ist perfekt f\u00fcr Aluminiumrinnensystem und Aluminium Warmhalteofen! Mehr info!\" \/>\n<meta name=\"robots\" content=\"index, follow, max-snippet:-1, max-image-preview:large, max-video-preview:-1\" \/>\n<link rel=\"canonical\" href=\"https:\/\/lethiguel.com\/de\/tauchheizkoerper-l-thermal-power.html\" \/>\n<meta property=\"og:locale\" content=\"de_DE\" \/>\n<meta property=\"og:type\" content=\"article\" \/>\n<meta property=\"og:title\" content=\"Lethiguel\" \/>\n<meta property=\"og:description\" content=\"Aluminium Tauchheizk\u00f6rper ist das effizienteste Heizsystem! Tauchheizk\u00f6rper L ist perfekt f\u00fcr Aluminiumrinnensystem und Aluminium Warmhalteofen! Mehr info!\" \/>\n<meta property=\"og:url\" content=\"https:\/\/lethiguel.com\/de\/tauchheizkoerper-l-thermal-power.html\" \/>\n<meta property=\"og:site_name\" content=\"Lethiguel Deutsch\" \/>\n<meta property=\"article:modified_time\" content=\"2020-10-05T13:21:35+00:00\" \/>\n<meta name=\"twitter:card\" content=\"summary_large_image\" \/>\n<meta name=\"twitter:label1\" content=\"Gesch\u00e4tzte Lesezeit\" \/>\n\t<meta name=\"twitter:data1\" content=\"3\u00a0Minuten\" \/>\n<script type=\"application\/ld+json\" class=\"yoast-schema-graph\">{\"@context\":\"https:\\\/\\\/schema.org\",\"@graph\":[{\"@type\":\"WebPage\",\"@id\":\"https:\\\/\\\/lethiguel.com\\\/de\\\/tauchheizkoerper-l-thermal-power.html\",\"url\":\"https:\\\/\\\/lethiguel.com\\\/de\\\/tauchheizkoerper-l-thermal-power.html\",\"name\":\"Lethiguel\",\"isPartOf\":{\"@id\":\"https:\\\/\\\/lethiguel.com\\\/de\\\/#website\"},\"datePublished\":\"2019-06-20T11:36:09+00:00\",\"dateModified\":\"2020-10-05T13:21:35+00:00\",\"description\":\"Aluminium Tauchheizk\u00f6rper ist das effizienteste Heizsystem! Tauchheizk\u00f6rper L ist perfekt f\u00fcr Aluminiumrinnensystem und Aluminium Warmhalteofen! Mehr info!\",\"breadcrumb\":{\"@id\":\"https:\\\/\\\/lethiguel.com\\\/de\\\/tauchheizkoerper-l-thermal-power.html#breadcrumb\"},\"inLanguage\":\"de\",\"potentialAction\":[{\"@type\":\"ReadAction\",\"target\":[\"https:\\\/\\\/lethiguel.com\\\/de\\\/tauchheizkoerper-l-thermal-power.html\"]}]},{\"@type\":\"BreadcrumbList\",\"@id\":\"https:\\\/\\\/lethiguel.com\\\/de\\\/tauchheizkoerper-l-thermal-power.html#breadcrumb\",\"itemListElement\":[{\"@type\":\"ListItem\",\"position\":1,\"name\":\"Accueil\",\"item\":\"https:\\\/\\\/lethiguel.com\\\/de\\\/\"},{\"@type\":\"ListItem\",\"position\":2,\"name\":\"Tauchheizk\u00f6rper Thermal Power L\"}]},{\"@type\":\"WebSite\",\"@id\":\"https:\\\/\\\/lethiguel.com\\\/de\\\/#website\",\"url\":\"https:\\\/\\\/lethiguel.com\\\/de\\\/\",\"name\":\"Lethiguel Deutsch\",\"description\":\"Heating and cooling solutions\",\"potentialAction\":[{\"@type\":\"SearchAction\",\"target\":{\"@type\":\"EntryPoint\",\"urlTemplate\":\"https:\\\/\\\/lethiguel.com\\\/de\\\/?s={search_term_string}\"},\"query-input\":{\"@type\":\"PropertyValueSpecification\",\"valueRequired\":true,\"valueName\":\"search_term_string\"}}],\"inLanguage\":\"de\"}]}<\/script>\n<!-- \/ Yoast SEO plugin. -->","yoast_head_json":{"title":"Lethiguel","description":"Aluminium Tauchheizk\u00f6rper ist das effizienteste Heizsystem! Tauchheizk\u00f6rper L ist perfekt f\u00fcr Aluminiumrinnensystem und Aluminium Warmhalteofen! Mehr info!","robots":{"index":"index","follow":"follow","max-snippet":"max-snippet:-1","max-image-preview":"max-image-preview:large","max-video-preview":"max-video-preview:-1"},"canonical":"https:\/\/lethiguel.com\/de\/tauchheizkoerper-l-thermal-power.html","og_locale":"de_DE","og_type":"article","og_title":"Lethiguel","og_description":"Aluminium Tauchheizk\u00f6rper ist das effizienteste Heizsystem! Tauchheizk\u00f6rper L ist perfekt f\u00fcr Aluminiumrinnensystem und Aluminium Warmhalteofen! Mehr info!","og_url":"https:\/\/lethiguel.com\/de\/tauchheizkoerper-l-thermal-power.html","og_site_name":"Lethiguel Deutsch","article_modified_time":"2020-10-05T13:21:35+00:00","twitter_card":"summary_large_image","twitter_misc":{"Gesch\u00e4tzte Lesezeit":"3\u00a0Minuten"},"schema":{"@context":"https:\/\/schema.org","@graph":[{"@type":"WebPage","@id":"https:\/\/lethiguel.com\/de\/tauchheizkoerper-l-thermal-power.html","url":"https:\/\/lethiguel.com\/de\/tauchheizkoerper-l-thermal-power.html","name":"Lethiguel","isPartOf":{"@id":"https:\/\/lethiguel.com\/de\/#website"},"datePublished":"2019-06-20T11:36:09+00:00","dateModified":"2020-10-05T13:21:35+00:00","description":"Aluminium Tauchheizk\u00f6rper ist das effizienteste Heizsystem! Tauchheizk\u00f6rper L ist perfekt f\u00fcr Aluminiumrinnensystem und Aluminium Warmhalteofen! Mehr info!","breadcrumb":{"@id":"https:\/\/lethiguel.com\/de\/tauchheizkoerper-l-thermal-power.html#breadcrumb"},"inLanguage":"de","potentialAction":[{"@type":"ReadAction","target":["https:\/\/lethiguel.com\/de\/tauchheizkoerper-l-thermal-power.html"]}]},{"@type":"BreadcrumbList","@id":"https:\/\/lethiguel.com\/de\/tauchheizkoerper-l-thermal-power.html#breadcrumb","itemListElement":[{"@type":"ListItem","position":1,"name":"Accueil","item":"https:\/\/lethiguel.com\/de\/"},{"@type":"ListItem","position":2,"name":"Tauchheizk\u00f6rper Thermal Power L"}]},{"@type":"WebSite","@id":"https:\/\/lethiguel.com\/de\/#website","url":"https:\/\/lethiguel.com\/de\/","name":"Lethiguel Deutsch","description":"Heating and cooling solutions","potentialAction":[{"@type":"SearchAction","target":{"@type":"EntryPoint","urlTemplate":"https:\/\/lethiguel.com\/de\/?s={search_term_string}"},"query-input":{"@type":"PropertyValueSpecification","valueRequired":true,"valueName":"search_term_string"}}],"inLanguage":"de"}]}},"_links":{"self":[{"href":"https:\/\/lethiguel.com\/de\/wp-json\/wp\/v2\/pages\/299","targetHints":{"allow":["GET"]}}],"collection":[{"href":"https:\/\/lethiguel.com\/de\/wp-json\/wp\/v2\/pages"}],"about":[{"href":"https:\/\/lethiguel.com\/de\/wp-json\/wp\/v2\/types\/page"}],"author":[{"embeddable":true,"href":"https:\/\/lethiguel.com\/de\/wp-json\/wp\/v2\/users\/1"}],"replies":[{"embeddable":true,"href":"https:\/\/lethiguel.com\/de\/wp-json\/wp\/v2\/comments?post=299"}],"version-history":[{"count":25,"href":"https:\/\/lethiguel.com\/de\/wp-json\/wp\/v2\/pages\/299\/revisions"}],"predecessor-version":[{"id":1806,"href":"https:\/\/lethiguel.com\/de\/wp-json\/wp\/v2\/pages\/299\/revisions\/1806"}],"wp:attachment":[{"href":"https:\/\/lethiguel.com\/de\/wp-json\/wp\/v2\/media?parent=299"}],"curies":[{"name":"wp","href":"https:\/\/api.w.org\/{rel}","templated":true}]}}