{"id":318,"date":"2019-06-20T14:13:07","date_gmt":"2019-06-20T12:13:07","guid":{"rendered":"https:\/\/lethiguel.com\/de\/?page_id=318"},"modified":"2020-10-06T13:36:53","modified_gmt":"2020-10-06T11:36:53","slug":"quickcheck-thermoelement","status":"publish","type":"page","link":"https:\/\/lethiguel.com\/de\/quickcheck-thermoelement.html","title":{"rendered":"QuickCheck Thermoelement"},"content":{"rendered":"<section class=\"wpb-content-wrapper\"><p>[vc_row type=&#8220;vc_default&#8220; content_placement=&#8220;middle&#8220; el_class=&#8220;bloc-article&#8220;][vc_column width=&#8220;1\/3&#8243; el_class=&#8220;texteblanc bloc-text-bloc-article&#8220;][vc_column_text css=&#8220;.vc_custom_1576330279294{padding-top: 20px !important;padding-right: 20px !important;padding-bottom: 20px !important;padding-left: 20px !important;background-color: #313131 !important;}&#8220;]<\/p>\n<h3 class=\"avantages1\">Vorteile des QuickCheck Thermoelements:<\/h3>\n<ul>\n<li>Sofortige T\u00b0-Messung des Ansprechverhaltens. Kann auch am Startpunkt verwendet werden.<\/li>\n<li><strong class=\"d2b\">Internes K-Type Thermoelement abnehmbar<\/strong><\/li>\n<li>Ein oder zwei Messpunkte in einem Ger\u00e4t<\/li>\n<li>Langlebiges <strong class=\"d2b\">Thermoelement<\/strong>: Eine Gesundheits-Garantie f\u00fcr 12 Monate (beobachtete Lebensdauer von \u00fcber 2,5 Jahren).<\/li>\n<li>L\u00e4nge unter dem Flansch verf\u00fcgbar von 650mm bis 1300mm<\/li>\n<li>Nicht benetzender SN-Mantel<\/li>\n<\/ul>\n<p>[\/vc_column_text][vc_column_text css=&#8220;.vc_custom_1576330670624{margin-top: -40px !important;padding-top: 20px !important;padding-right: 20px !important;padding-bottom: 20px !important;padding-left: 20px !important;background-color: #cf302d !important;}&#8220;]<strong>Langlebiges Thermoelement mit sofortigem Ansprechverhalten<\/strong><br \/>\nF\u00fcr das <strong class=\"d2b\">Schmelzen<\/strong>, <strong class=\"d2b\">Raffinieren<\/strong> und <strong class=\"d2b\">Legieren von Aluminium<\/strong> ist eine extrem hohe Temperatur erforderlich, die den Einsatz von <strong class=\"d2b\">QuickCheck<\/strong> Technologie. Eine genaue und sofortige Messung der <strong>Ofentemperatur<\/strong> ist f\u00fcr die Prozesskontrolle erforderlich, um die Produktqualit\u00e4t und die Produktionseffizienz zu verbessern. Thermoelemente werden in Aluminiumschmelzb\u00e4dern empfohlen, insbesondere bei schnellen Temperaturschwankungen. Ein <strong class=\"d2b\">QuickCheck Thermoelement<\/strong> verhindert einen Temperaturabfall in der <strong class=\"d2b\">Aluminiumschmelze<\/strong> und tr\u00e4gt wesentlich zur Energieeinsparung bei.[\/vc_column_text][\/vc_column][vc_column width=&#8220;2\/3&#8243; animation=&#8220;fadeInRight&#8220; el_class=&#8220;bloc-img-bloc-article&#8220;][vc_single_image image=&#8220;1303&#8243; img_size=&#8220;full&#8220; alignment=&#8220;center&#8220;][\/vc_column][\/vc_row][vc_row][vc_column animation=&#8220;fadeInLeft&#8220;][vc_column_text]Quickcheck\u00ae ist die perfekte Erg\u00e4nzung zu <a href=\"https:\/\/lethiguel.com\/de\/tauchheizkoerper-thermal-power.html\">Thermal Power\u00ae<\/a> Heizanwendungen wie <a href=\"https:\/\/lethiguel.com\/de\/aluminium-warmhalteofen-al-clean.html\">Alclean-\u00d6fen<\/a>, <a href=\"https:\/\/lethiguel.com\/de\/aluminium-warmhaltestation-twiga.html\">Twiga-Warmhaltestation<\/a> und <a href=\"https:\/\/lethiguel.com\/de\/wattmobil-temperaturerhaltung.html\">WattMobil-L\u00f6sungen<\/a>.[\/vc_column_text][\/vc_column][\/vc_row][vc_row][vc_column][vc_btn title=&#8220;Kontaktiere uns&#8220; style=&#8220;custom&#8220; custom_background=&#8220;#cf302d&#8220; custom_text=&#8220;#ffffff&#8220; size=&#8220;lg&#8220; align=&#8220;center&#8220; link=&#8220;url:%2Fde%2Fkontakt.html|title:Contact||&#8220;][\/vc_column][\/vc_row]<\/p>\n<\/section>","protected":false},"excerpt":{"rendered":"<p>[vc_row type=&#8220;vc_default&#8220; content_placement=&#8220;middle&#8220; el_class=&#8220;bloc-article&#8220;][vc_column width=&#8220;1\/3&#8243; el_class=&#8220;texteblanc bloc-text-bloc-article&#8220;][vc_column_text css=&#8220;.vc_custom_1576330279294{padding-top: 20px !important;padding-right: 20px !important;padding-bottom: 20px !important;padding-left: 20px !important;background-color: #313131 !important;}&#8220;] Vorteile des QuickCheck Thermoelements: Sofortige T\u00b0-Messung des Ansprechverhaltens. Kann auch am Startpunkt verwendet werden. Internes K-Type Thermoelement abnehmbar Ein oder zwei Messpunkte in einem Ger\u00e4t Langlebiges Thermoelement: Eine Gesundheits-Garantie f\u00fcr 12 Monate (beobachtete Lebensdauer von \u00fcber 2,5&hellip;<\/p>\n","protected":false},"author":1,"featured_media":0,"parent":0,"menu_order":0,"comment_status":"closed","ping_status":"closed","template":"","meta":{"footnotes":""},"class_list":["post-318","page","type-page","status-publish","hentry","description-off"],"yoast_head":"<!-- This site is optimized with the Yoast SEO plugin v27.4 - https:\/\/yoast.com\/product\/yoast-seo-wordpress\/ -->\n<title>Lethiguel<\/title>\n<meta name=\"description\" content=\"QuickCheck-Thermoelement bietet eine sofortige und genaue Temperaturmessung zur Prozesssteuerung, um die Effizienz und die Aluminiumqualit\u00e4t zu verbessern!\" \/>\n<meta name=\"robots\" content=\"index, follow, max-snippet:-1, max-image-preview:large, max-video-preview:-1\" \/>\n<link rel=\"canonical\" href=\"https:\/\/lethiguel.com\/de\/quickcheck-thermoelement.html\" \/>\n<meta property=\"og:locale\" content=\"de_DE\" \/>\n<meta property=\"og:type\" content=\"article\" \/>\n<meta property=\"og:title\" content=\"Lethiguel\" \/>\n<meta property=\"og:description\" content=\"QuickCheck-Thermoelement bietet eine sofortige und genaue Temperaturmessung zur Prozesssteuerung, um die Effizienz und die Aluminiumqualit\u00e4t zu verbessern!\" \/>\n<meta property=\"og:url\" content=\"https:\/\/lethiguel.com\/de\/quickcheck-thermoelement.html\" \/>\n<meta property=\"og:site_name\" content=\"Lethiguel Deutsch\" \/>\n<meta property=\"article:modified_time\" content=\"2020-10-06T11:36:53+00:00\" \/>\n<meta name=\"twitter:card\" content=\"summary_large_image\" \/>\n<meta name=\"twitter:label1\" content=\"Gesch\u00e4tzte Lesezeit\" \/>\n\t<meta name=\"twitter:data1\" content=\"1\u00a0Minute\" \/>\n<script type=\"application\/ld+json\" class=\"yoast-schema-graph\">{\"@context\":\"https:\\\/\\\/schema.org\",\"@graph\":[{\"@type\":\"WebPage\",\"@id\":\"https:\\\/\\\/lethiguel.com\\\/de\\\/quickcheck-thermoelement.html\",\"url\":\"https:\\\/\\\/lethiguel.com\\\/de\\\/quickcheck-thermoelement.html\",\"name\":\"Lethiguel\",\"isPartOf\":{\"@id\":\"https:\\\/\\\/lethiguel.com\\\/de\\\/#website\"},\"datePublished\":\"2019-06-20T12:13:07+00:00\",\"dateModified\":\"2020-10-06T11:36:53+00:00\",\"description\":\"QuickCheck-Thermoelement bietet eine sofortige und genaue Temperaturmessung zur Prozesssteuerung, um die Effizienz und die Aluminiumqualit\u00e4t zu verbessern!\",\"breadcrumb\":{\"@id\":\"https:\\\/\\\/lethiguel.com\\\/de\\\/quickcheck-thermoelement.html#breadcrumb\"},\"inLanguage\":\"de\",\"potentialAction\":[{\"@type\":\"ReadAction\",\"target\":[\"https:\\\/\\\/lethiguel.com\\\/de\\\/quickcheck-thermoelement.html\"]}]},{\"@type\":\"BreadcrumbList\",\"@id\":\"https:\\\/\\\/lethiguel.com\\\/de\\\/quickcheck-thermoelement.html#breadcrumb\",\"itemListElement\":[{\"@type\":\"ListItem\",\"position\":1,\"name\":\"Accueil\",\"item\":\"https:\\\/\\\/lethiguel.com\\\/de\\\/\"},{\"@type\":\"ListItem\",\"position\":2,\"name\":\"QuickCheck Thermoelement\"}]},{\"@type\":\"WebSite\",\"@id\":\"https:\\\/\\\/lethiguel.com\\\/de\\\/#website\",\"url\":\"https:\\\/\\\/lethiguel.com\\\/de\\\/\",\"name\":\"Lethiguel Deutsch\",\"description\":\"Heating and cooling solutions\",\"potentialAction\":[{\"@type\":\"SearchAction\",\"target\":{\"@type\":\"EntryPoint\",\"urlTemplate\":\"https:\\\/\\\/lethiguel.com\\\/de\\\/?s={search_term_string}\"},\"query-input\":{\"@type\":\"PropertyValueSpecification\",\"valueRequired\":true,\"valueName\":\"search_term_string\"}}],\"inLanguage\":\"de\"}]}<\/script>\n<!-- \/ Yoast SEO plugin. -->","yoast_head_json":{"title":"Lethiguel","description":"QuickCheck-Thermoelement bietet eine sofortige und genaue Temperaturmessung zur Prozesssteuerung, um die Effizienz und die Aluminiumqualit\u00e4t zu verbessern!","robots":{"index":"index","follow":"follow","max-snippet":"max-snippet:-1","max-image-preview":"max-image-preview:large","max-video-preview":"max-video-preview:-1"},"canonical":"https:\/\/lethiguel.com\/de\/quickcheck-thermoelement.html","og_locale":"de_DE","og_type":"article","og_title":"Lethiguel","og_description":"QuickCheck-Thermoelement bietet eine sofortige und genaue Temperaturmessung zur Prozesssteuerung, um die Effizienz und die Aluminiumqualit\u00e4t zu verbessern!","og_url":"https:\/\/lethiguel.com\/de\/quickcheck-thermoelement.html","og_site_name":"Lethiguel Deutsch","article_modified_time":"2020-10-06T11:36:53+00:00","twitter_card":"summary_large_image","twitter_misc":{"Gesch\u00e4tzte Lesezeit":"1\u00a0Minute"},"schema":{"@context":"https:\/\/schema.org","@graph":[{"@type":"WebPage","@id":"https:\/\/lethiguel.com\/de\/quickcheck-thermoelement.html","url":"https:\/\/lethiguel.com\/de\/quickcheck-thermoelement.html","name":"Lethiguel","isPartOf":{"@id":"https:\/\/lethiguel.com\/de\/#website"},"datePublished":"2019-06-20T12:13:07+00:00","dateModified":"2020-10-06T11:36:53+00:00","description":"QuickCheck-Thermoelement bietet eine sofortige und genaue Temperaturmessung zur Prozesssteuerung, um die Effizienz und die Aluminiumqualit\u00e4t zu verbessern!","breadcrumb":{"@id":"https:\/\/lethiguel.com\/de\/quickcheck-thermoelement.html#breadcrumb"},"inLanguage":"de","potentialAction":[{"@type":"ReadAction","target":["https:\/\/lethiguel.com\/de\/quickcheck-thermoelement.html"]}]},{"@type":"BreadcrumbList","@id":"https:\/\/lethiguel.com\/de\/quickcheck-thermoelement.html#breadcrumb","itemListElement":[{"@type":"ListItem","position":1,"name":"Accueil","item":"https:\/\/lethiguel.com\/de\/"},{"@type":"ListItem","position":2,"name":"QuickCheck Thermoelement"}]},{"@type":"WebSite","@id":"https:\/\/lethiguel.com\/de\/#website","url":"https:\/\/lethiguel.com\/de\/","name":"Lethiguel Deutsch","description":"Heating and cooling solutions","potentialAction":[{"@type":"SearchAction","target":{"@type":"EntryPoint","urlTemplate":"https:\/\/lethiguel.com\/de\/?s={search_term_string}"},"query-input":{"@type":"PropertyValueSpecification","valueRequired":true,"valueName":"search_term_string"}}],"inLanguage":"de"}]}},"_links":{"self":[{"href":"https:\/\/lethiguel.com\/de\/wp-json\/wp\/v2\/pages\/318","targetHints":{"allow":["GET"]}}],"collection":[{"href":"https:\/\/lethiguel.com\/de\/wp-json\/wp\/v2\/pages"}],"about":[{"href":"https:\/\/lethiguel.com\/de\/wp-json\/wp\/v2\/types\/page"}],"author":[{"embeddable":true,"href":"https:\/\/lethiguel.com\/de\/wp-json\/wp\/v2\/users\/1"}],"replies":[{"embeddable":true,"href":"https:\/\/lethiguel.com\/de\/wp-json\/wp\/v2\/comments?post=318"}],"version-history":[{"count":18,"href":"https:\/\/lethiguel.com\/de\/wp-json\/wp\/v2\/pages\/318\/revisions"}],"predecessor-version":[{"id":1816,"href":"https:\/\/lethiguel.com\/de\/wp-json\/wp\/v2\/pages\/318\/revisions\/1816"}],"wp:attachment":[{"href":"https:\/\/lethiguel.com\/de\/wp-json\/wp\/v2\/media?parent=318"}],"curies":[{"name":"wp","href":"https:\/\/api.w.org\/{rel}","templated":true}]}}