{"id":325,"date":"2019-06-20T14:22:20","date_gmt":"2019-06-20T12:22:20","guid":{"rendered":"https:\/\/lethiguel.com\/de\/?page_id=325"},"modified":"2020-10-06T13:48:49","modified_gmt":"2020-10-06T11:48:49","slug":"heizlufter-thermal-power","status":"publish","type":"page","link":"https:\/\/lethiguel.com\/de\/heizlufter-thermal-power.html","title":{"rendered":"Heizl\u00fcfter Thermal Power"},"content":{"rendered":"<section class=\"wpb-content-wrapper\"><p>[vc_row type=&#8220;vc_default&#8220; content_placement=&#8220;middle&#8220; el_class=&#8220;bloc-article&#8220;][vc_column width=&#8220;1\/3&#8243; el_class=&#8220;texteblanc bloc-text-bloc-article&#8220;][vc_column_text css=&#8220;.vc_custom_1601984924113{padding-top: 20px !important;padding-right: 20px !important;padding-bottom: 20px !important;padding-left: 20px !important;background-color: #313131 !important;}&#8220;]<\/p>\n<h3 class=\"avantages1\">Vorteile von Heizl\u00fcfter:<\/h3>\n<ul>\n<li>Gro\u00dfer Leistungsbereich: 2-20 kW<\/li>\n<li>Hohe maximale Temperatur: 950\u00b0C<\/li>\n<li>Sanftes und schnelles Vorheizen: keine \u00dcberhitzung<\/li>\n<li>Geeignet f\u00fcr alle Erweiterungen<\/li>\n<li>Erh\u00e4ltlich in allen Spezifikationen der Stromversorgung<\/li>\n<li>Kompatibilit\u00e4t mit <a href=\"https:\/\/lethiguel.com\/de\/aluminium-warmhalteofen-al-clean.html\">Al Clean,<\/a><a href=\"https:\/\/lethiguel.com\/de\/aluminium-warmhaltestation-twiga.html\">Twiga<\/a> und <a href=\"https:\/\/lethiguel.com\/de\/wattmobil-temperaturerhaltung.html\">WattMobil<\/a><\/li>\n<\/ul>\n<p>[\/vc_column_text][vc_column_text css=&#8220;.vc_custom_1601984608953{margin-top: -40px !important;padding-top: 20px !important;padding-right: 20px !important;padding-bottom: 20px !important;padding-left: 20px !important;background-color: #cf302d !important;}&#8220;]<strong class=\"d2b\">Heizl\u00fcfter Thermal Power<\/strong> sind die Lethiguel L\u00f6sung zur vorheizen des Ofens. Basierend auf jahrelanger Erfahrung mit leitf\u00e4higen elektrischen Heizelementen f\u00fcr die <strong class=\"d2b\">Aluminiumindustrie<\/strong> haben wir diesen leistungsstarken Lufterhitzer f\u00fcr eine schnelle Vorw\u00e4rmung aller Beh\u00e4lter entwickelt.[\/vc_column_text][\/vc_column][vc_column width=&#8220;2\/3&#8243; animation=&#8220;fadeInRight&#8220; el_class=&#8220;bloc-img-bloc-article&#8220;][vc_single_image image=&#8220;1363&#8243; img_size=&#8220;full&#8220; alignment=&#8220;center&#8220;][\/vc_column][\/vc_row][vc_row][vc_column animation=&#8220;fadeInLeft&#8220;][vc_column_text]Haben Sie ein Problem mit dem Temperaturabfall Ihres Aluminiums aufgrund der niedrigen Temperatur in Ihrer Transportpfanne oder Ihrem Halteofen? Dann m\u00fcssen Sie unseren Air Thermal Power Heizer ausprobieren, der Ihr Problem l\u00f6sen kann, indem er Ihre Transportkelle und Halteofen!<\/p>\n<p>Um das effizienteste Vorheizen zu gew\u00e4hrleisten, passen wir Ihnen eine v\u00f6llig individuelle, adaptive Abdeckung an.[\/vc_column_text][\/vc_column][\/vc_row][vc_row][vc_column][vc_btn title=&#8220;Kontaktiere uns&#8220; style=&#8220;custom&#8220; custom_background=&#8220;#cf302d&#8220; custom_text=&#8220;#ffffff&#8220; size=&#8220;lg&#8220; align=&#8220;center&#8220; link=&#8220;url:%2Fde%2Fkontakt.html|title:Contact||&#8220;][\/vc_column][\/vc_row]<\/p>\n<\/section>","protected":false},"excerpt":{"rendered":"<p>[vc_row type=&#8220;vc_default&#8220; content_placement=&#8220;middle&#8220; el_class=&#8220;bloc-article&#8220;][vc_column width=&#8220;1\/3&#8243; el_class=&#8220;texteblanc bloc-text-bloc-article&#8220;][vc_column_text css=&#8220;.vc_custom_1601984924113{padding-top: 20px !important;padding-right: 20px !important;padding-bottom: 20px !important;padding-left: 20px !important;background-color: #313131 !important;}&#8220;] Vorteile von Heizl\u00fcfter: Gro\u00dfer Leistungsbereich: 2-20 kW Hohe maximale Temperatur: 950\u00b0C Sanftes und schnelles Vorheizen: keine \u00dcberhitzung Geeignet f\u00fcr alle Erweiterungen Erh\u00e4ltlich in allen Spezifikationen der Stromversorgung Kompatibilit\u00e4t mit Al Clean,Twiga und WattMobil [\/vc_column_text][vc_column_text css=&#8220;.vc_custom_1601984608953{margin-top: -40px !important;padding-top:&hellip;<\/p>\n","protected":false},"author":1,"featured_media":0,"parent":0,"menu_order":0,"comment_status":"closed","ping_status":"closed","template":"","meta":{"footnotes":""},"class_list":["post-325","page","type-page","status-publish","hentry","description-off"],"yoast_head":"<!-- This site is optimized with the Yoast SEO plugin v27.4 - https:\/\/yoast.com\/product\/yoast-seo-wordpress\/ -->\n<title>Lethiguel<\/title>\n<meta name=\"description\" content=\"Niedrige Temperatur im Aluminiumofen? Schauen Sie sich unseren Heizl\u00fcfter Thermal Power an, der den Aluminiumofen auf die effizienteste Weise vorheizt! Kein kalter Ofen mehr!\" \/>\n<meta name=\"robots\" content=\"index, follow, max-snippet:-1, max-image-preview:large, max-video-preview:-1\" \/>\n<link rel=\"canonical\" href=\"https:\/\/lethiguel.com\/de\/heizlufter-thermal-power.html\" \/>\n<meta property=\"og:locale\" content=\"de_DE\" \/>\n<meta property=\"og:type\" content=\"article\" \/>\n<meta property=\"og:title\" content=\"Lethiguel\" \/>\n<meta property=\"og:description\" content=\"Niedrige Temperatur im Aluminiumofen? Schauen Sie sich unseren Heizl\u00fcfter Thermal Power an, der den Aluminiumofen auf die effizienteste Weise vorheizt! Kein kalter Ofen mehr!\" \/>\n<meta property=\"og:url\" content=\"https:\/\/lethiguel.com\/de\/heizlufter-thermal-power.html\" \/>\n<meta property=\"og:site_name\" content=\"Lethiguel Deutsch\" \/>\n<meta property=\"article:modified_time\" content=\"2020-10-06T11:48:49+00:00\" \/>\n<meta name=\"twitter:card\" content=\"summary_large_image\" \/>\n<meta name=\"twitter:label1\" content=\"Gesch\u00e4tzte Lesezeit\" \/>\n\t<meta name=\"twitter:data1\" content=\"1\u00a0Minute\" \/>\n<script type=\"application\/ld+json\" class=\"yoast-schema-graph\">{\"@context\":\"https:\\\/\\\/schema.org\",\"@graph\":[{\"@type\":\"WebPage\",\"@id\":\"https:\\\/\\\/lethiguel.com\\\/de\\\/heizlufter-thermal-power.html\",\"url\":\"https:\\\/\\\/lethiguel.com\\\/de\\\/heizlufter-thermal-power.html\",\"name\":\"Lethiguel\",\"isPartOf\":{\"@id\":\"https:\\\/\\\/lethiguel.com\\\/de\\\/#website\"},\"datePublished\":\"2019-06-20T12:22:20+00:00\",\"dateModified\":\"2020-10-06T11:48:49+00:00\",\"description\":\"Niedrige Temperatur im Aluminiumofen? Schauen Sie sich unseren Heizl\u00fcfter Thermal Power an, der den Aluminiumofen auf die effizienteste Weise vorheizt! Kein kalter Ofen mehr!\",\"breadcrumb\":{\"@id\":\"https:\\\/\\\/lethiguel.com\\\/de\\\/heizlufter-thermal-power.html#breadcrumb\"},\"inLanguage\":\"de\",\"potentialAction\":[{\"@type\":\"ReadAction\",\"target\":[\"https:\\\/\\\/lethiguel.com\\\/de\\\/heizlufter-thermal-power.html\"]}]},{\"@type\":\"BreadcrumbList\",\"@id\":\"https:\\\/\\\/lethiguel.com\\\/de\\\/heizlufter-thermal-power.html#breadcrumb\",\"itemListElement\":[{\"@type\":\"ListItem\",\"position\":1,\"name\":\"Accueil\",\"item\":\"https:\\\/\\\/lethiguel.com\\\/de\\\/\"},{\"@type\":\"ListItem\",\"position\":2,\"name\":\"Heizl\u00fcfter Thermal Power\"}]},{\"@type\":\"WebSite\",\"@id\":\"https:\\\/\\\/lethiguel.com\\\/de\\\/#website\",\"url\":\"https:\\\/\\\/lethiguel.com\\\/de\\\/\",\"name\":\"Lethiguel Deutsch\",\"description\":\"Heating and cooling solutions\",\"potentialAction\":[{\"@type\":\"SearchAction\",\"target\":{\"@type\":\"EntryPoint\",\"urlTemplate\":\"https:\\\/\\\/lethiguel.com\\\/de\\\/?s={search_term_string}\"},\"query-input\":{\"@type\":\"PropertyValueSpecification\",\"valueRequired\":true,\"valueName\":\"search_term_string\"}}],\"inLanguage\":\"de\"}]}<\/script>\n<!-- \/ Yoast SEO plugin. -->","yoast_head_json":{"title":"Lethiguel","description":"Niedrige Temperatur im Aluminiumofen? Schauen Sie sich unseren Heizl\u00fcfter Thermal Power an, der den Aluminiumofen auf die effizienteste Weise vorheizt! Kein kalter Ofen mehr!","robots":{"index":"index","follow":"follow","max-snippet":"max-snippet:-1","max-image-preview":"max-image-preview:large","max-video-preview":"max-video-preview:-1"},"canonical":"https:\/\/lethiguel.com\/de\/heizlufter-thermal-power.html","og_locale":"de_DE","og_type":"article","og_title":"Lethiguel","og_description":"Niedrige Temperatur im Aluminiumofen? Schauen Sie sich unseren Heizl\u00fcfter Thermal Power an, der den Aluminiumofen auf die effizienteste Weise vorheizt! Kein kalter Ofen mehr!","og_url":"https:\/\/lethiguel.com\/de\/heizlufter-thermal-power.html","og_site_name":"Lethiguel Deutsch","article_modified_time":"2020-10-06T11:48:49+00:00","twitter_card":"summary_large_image","twitter_misc":{"Gesch\u00e4tzte Lesezeit":"1\u00a0Minute"},"schema":{"@context":"https:\/\/schema.org","@graph":[{"@type":"WebPage","@id":"https:\/\/lethiguel.com\/de\/heizlufter-thermal-power.html","url":"https:\/\/lethiguel.com\/de\/heizlufter-thermal-power.html","name":"Lethiguel","isPartOf":{"@id":"https:\/\/lethiguel.com\/de\/#website"},"datePublished":"2019-06-20T12:22:20+00:00","dateModified":"2020-10-06T11:48:49+00:00","description":"Niedrige Temperatur im Aluminiumofen? Schauen Sie sich unseren Heizl\u00fcfter Thermal Power an, der den Aluminiumofen auf die effizienteste Weise vorheizt! Kein kalter Ofen mehr!","breadcrumb":{"@id":"https:\/\/lethiguel.com\/de\/heizlufter-thermal-power.html#breadcrumb"},"inLanguage":"de","potentialAction":[{"@type":"ReadAction","target":["https:\/\/lethiguel.com\/de\/heizlufter-thermal-power.html"]}]},{"@type":"BreadcrumbList","@id":"https:\/\/lethiguel.com\/de\/heizlufter-thermal-power.html#breadcrumb","itemListElement":[{"@type":"ListItem","position":1,"name":"Accueil","item":"https:\/\/lethiguel.com\/de\/"},{"@type":"ListItem","position":2,"name":"Heizl\u00fcfter Thermal Power"}]},{"@type":"WebSite","@id":"https:\/\/lethiguel.com\/de\/#website","url":"https:\/\/lethiguel.com\/de\/","name":"Lethiguel Deutsch","description":"Heating and cooling solutions","potentialAction":[{"@type":"SearchAction","target":{"@type":"EntryPoint","urlTemplate":"https:\/\/lethiguel.com\/de\/?s={search_term_string}"},"query-input":{"@type":"PropertyValueSpecification","valueRequired":true,"valueName":"search_term_string"}}],"inLanguage":"de"}]}},"_links":{"self":[{"href":"https:\/\/lethiguel.com\/de\/wp-json\/wp\/v2\/pages\/325","targetHints":{"allow":["GET"]}}],"collection":[{"href":"https:\/\/lethiguel.com\/de\/wp-json\/wp\/v2\/pages"}],"about":[{"href":"https:\/\/lethiguel.com\/de\/wp-json\/wp\/v2\/types\/page"}],"author":[{"embeddable":true,"href":"https:\/\/lethiguel.com\/de\/wp-json\/wp\/v2\/users\/1"}],"replies":[{"embeddable":true,"href":"https:\/\/lethiguel.com\/de\/wp-json\/wp\/v2\/comments?post=325"}],"version-history":[{"count":21,"href":"https:\/\/lethiguel.com\/de\/wp-json\/wp\/v2\/pages\/325\/revisions"}],"predecessor-version":[{"id":1817,"href":"https:\/\/lethiguel.com\/de\/wp-json\/wp\/v2\/pages\/325\/revisions\/1817"}],"wp:attachment":[{"href":"https:\/\/lethiguel.com\/de\/wp-json\/wp\/v2\/media?parent=325"}],"curies":[{"name":"wp","href":"https:\/\/api.w.org\/{rel}","templated":true}]}}