{"id":331,"date":"2019-06-20T14:35:55","date_gmt":"2019-06-20T12:35:55","guid":{"rendered":"https:\/\/lethiguel.com\/de\/?page_id=331"},"modified":"2023-11-10T14:38:51","modified_gmt":"2023-11-10T13:38:51","slug":"aluminium-warmhalteofen-al-clean","status":"publish","type":"page","link":"https:\/\/lethiguel.com\/de\/aluminium-warmhalteofen-al-clean.html","title":{"rendered":"Al Clean, Aluminium Warmhalteofen"},"content":{"rendered":"<section class=\"wpb-content-wrapper\"><p>[vc_row type=&#8220;vc_default&#8220; content_placement=&#8220;middle&#8220; el_class=&#8220;bloc-article&#8220;][vc_column width=&#8220;1\/3&#8243; el_class=&#8220;texteblanc bloc-text-bloc-article&#8220;][vc_single_image image=&#8220;1176&#8243; img_size=&#8220;full&#8220;][vc_column_text css=&#8220;.vc_custom_1585732592543{padding-top: 20px !important;padding-right: 20px !important;padding-bottom: 20px !important;padding-left: 20px !important;background-color: #313131 !important;}&#8220;]<span class=\"avantages1\">Produktvorteile:<\/span><\/p>\n<ul>\n<li>In 3 Gr\u00f6\u00dfen erh\u00e4ltlich: Al Clean 6500, Al Clean 3500 und Al Clean 1500<\/li>\n<li>Geringer Energieverbrauch,\u00a0<strong class=\"d2b\">Hochgeschwindigkeitsofen mit hoher Heizleistung<\/strong><\/li>\n<li><strong class=\"d2b\">Hohe Aluminiumqualit\u00e4t<\/strong><\/li>\n<li>Integrierte Entgasung<\/li>\n<li>Vorab\u00fcberwachung f\u00fcr die vorbeugende Instandhaltung<\/li>\n<li>Einfache Wartung<\/li>\n<\/ul>\n<p>[\/vc_column_text][vc_column_text css=&#8220;.vc_custom_1586424297966{margin-top: -40px !important;padding-top: 20px !important;padding-right: 20px !important;padding-bottom: 20px !important;padding-left: 20px !important;background-color: #cf302d !important;}&#8220;]Al Clean ist eine Lethiguel\u00a0<strong>Aluminium-Warmhalteofenlinie<\/strong>. Entwickelt zur Optimierung der Aluminiumqualit\u00e4t und des Energieverbrauchs, Al Clean verwendet das <strong class=\"d2b\">effizienteste Heizsystem<\/strong>\u00a0auf dem Markt, um einen sehr niedrigen durchschnittlichen Energieverbrauch und eine hohe Heizgeschwindigkeit zu kombinieren. Montiert mit\u00a0<strong class=\"d2b\">ThermalPower\u00aeTauchheizk\u00f6rpern Lethiguel<\/strong>, Al Clean optimiert die Qualit\u00e4t von Aluminium.<\/p>\n<p>Als Ergebnis jahrelanger Praxiserfahrung, Al Clean wurde entwickelt, um die Betriebszeit zu verk\u00fcrzen und eine sehr effiziente vorbeugende Wartung zu erm\u00f6glichen.<br \/>\nAl Clean ist der Vorteil f\u00fcr die\u00a0<strong class=\"d2b\">Aufnahme von Aluminium in HPDC oder Kokillenguss<\/strong>. Sie kombiniert Energiesparen und hohe Heizleistung.<\/p>\n<p><strong>Steigern Sie Qualit\u00e4t und Effizienz mit Al Clean!<\/strong>[\/vc_column_text][\/vc_column][vc_column width=&#8220;2\/3&#8243; animation=&#8220;fadeInRight&#8220; el_class=&#8220;bloc-img-bloc-article&#8220;][vc_single_image image=&#8220;337&#8243; img_size=&#8220;full&#8220; alignment=&#8220;center&#8220; css=&#8220;.vc_custom_1585732634339{margin-top: 200px !important;}&#8220;][vc_single_image image=&#8220;1507&#8243; img_size=&#8220;full&#8220; alignment=&#8220;center&#8220; css=&#8220;.vc_custom_1585737837883{margin-top: -90px !important;}&#8220;][\/vc_column][\/vc_row][vc_row][vc_column animation=&#8220;fadeInLeft&#8220;][vc_single_image image=&#8220;1503&#8243; img_size=&#8220;full&#8220; alignment=&#8220;center&#8220;][\/vc_column][\/vc_row][vc_row][vc_column animation=&#8220;fadeInLeft&#8220;][vc_row_inner][vc_column_inner][vc_column_text]<\/p>\n<h3 style=\"text-align: center;\">Schl\u00fcsselvorteile des Aluminium-Warmhalteofens Al Clean von Lethiguel<\/h3>\n<p>[\/vc_column_text][\/vc_column_inner][\/vc_row_inner][vc_row_inner][vc_column_inner width=&#8220;1\/3&#8243;][vc_column_text]<\/p>\n<p style=\"text-align: center;\">Intelligente Regulierung, detaillierte \u00dcberwachung, einfache Handhabung und intuitive Bedienbarkeit mit Siemens Comfort TP1200. Kontrolldaten auf USB-Flash-Laufwerk exportierbar.<\/p>\n<p>[\/vc_column_text][\/vc_column_inner][vc_column_inner width=&#8220;1\/3&#8243;][vc_column_text]<\/p>\n<p style=\"text-align: center;\">Ma\u00dfgeschneiderte Thermal Power Heizer \u00ae: basierend auf Strombedarf, Metalltemperatur und Stromversorgung, um maximale Heizleistung und l\u00e4ngstm\u00f6gliche Lebensdauer zu gew\u00e4hrleisten.<\/p>\n<p>[\/vc_column_text][\/vc_column_inner][vc_column_inner width=&#8220;1\/3&#8243;][vc_column_text]<\/p>\n<p style=\"text-align: center;\">Einfache Wartung mit einer benutzerfreundlichen Position f\u00fcr Rotorwechsel und Reparaturen. Sicherheit und ergonomische Position f\u00fcr eine schnelle Wartung.<\/p>\n<p>[\/vc_column_text][\/vc_column_inner][\/vc_row_inner][vc_row_inner][vc_column_inner width=&#8220;1\/3&#8243;][vc_column_text]<\/p>\n<p style=\"text-align: center;\">Ergonomisches Design f\u00fcr Betrieb, Reinigung und Probenahme mit einer benutzerdefinierten Seite, die einen einfachen Zugang zu Heizungen, Thermoelementen und allen Aluminiumb\u00e4dern bietet.<\/p>\n<p>[\/vc_column_text][\/vc_column_inner][vc_column_inner width=&#8220;1\/3&#8243;][vc_column_text]<\/p>\n<p style=\"text-align: center;\">Hochwertiges feuerfestes und isolierendes Material f\u00fcr eine niedrige Wandtemperatur (&lt;55 \u00b0 C) und einen geringen Konvektionsleistungsverlust.<\/p>\n<p>[\/vc_column_text][\/vc_column_inner][vc_column_inner width=&#8220;1\/3&#8243;][vc_column_text]<\/p>\n<p style=\"text-align: center;\">Integrierte Entgasung: All-in-one L\u00f6sung f\u00fcr ein optimiertes Gie\u00dfverfahren.<\/p>\n<p>[\/vc_column_text][\/vc_column_inner][\/vc_row_inner][\/vc_column][\/vc_row][vc_row][vc_column animation=&#8220;fadeInRight&#8220; offset=&#8220;vc_hidden-md vc_hidden-sm vc_hidden-xs&#8220;][vc_single_image image=&#8220;1703&#8243; img_size=&#8220;full&#8220; alignment=&#8220;center&#8220; style=&#8220;vc_box_shadow_3d&#8220;][vc_btn title=&#8220;Aluminium-Warmhalteofenlinie Fallstudie&#8220; color=&#8220;danger&#8220; link=&#8220;url:https%3A%2F%2Flethiguel.com%2Fde%2Faluminium-warmhalteofenlinie-fallstudie.html|title:Aluminium-Warmhalteofenlinie%20Fallstudie||&#8220; css=&#8220;.vc_custom_1595583022288{margin-top: -150px !important;margin-left: 40px !important;}&#8220;][\/vc_column][\/vc_row][vc_row][vc_column animation=&#8220;fadeInLeft&#8220;][vc_column_text]<\/p>\n<h3 style=\"text-align: center;\">Technical specifications of the aluminium holding furnace<\/h3>\n<p>[\/vc_column_text][vc_single_image image=&#8220;1504&#8243; img_size=&#8220;full&#8220; alignment=&#8220;center&#8220; style=&#8220;vc_box_shadow_3d&#8220;][\/vc_column][\/vc_row][vc_row type=&#8220;vc_default&#8220; gap=&#8220;10&#8243; css=&#8220;.vc_custom_1560947205923{margin-top: 30px !important;}&#8220;][vc_column width=&#8220;1\/2&#8243; animation=&#8220;fadeInLeft&#8220; el_class=&#8220;similar&#8220;][vc_column_text]<\/p>\n<h3>\u00c4hnliche Produkte<\/h3>\n<p>[\/vc_column_text][vc_separator color=&#8220;custom&#8220; accent_color=&#8220;#474747&#8243; css=&#8220;.vc_custom_1560947192642{margin-top: -15px !important;}&#8220;][\/vc_column][vc_column width=&#8220;1\/2&#8243; animation=&#8220;fadeInRight&#8220; el_class=&#8220;accessorie&#8220;][vc_column_text]<\/p>\n<h3>Zubeh\u00f6r f\u00fcr<\/h3>\n<p>[\/vc_column_text][vc_separator color=&#8220;custom&#8220; accent_color=&#8220;#474747&#8243; css=&#8220;.vc_custom_1560947199074{margin-top: -15px !important;}&#8220;][\/vc_column][\/vc_row][vc_row][vc_column][vc_btn title=&#8220;Kontaktiere uns&#8220; style=&#8220;custom&#8220; custom_background=&#8220;#cf302d&#8220; custom_text=&#8220;#ffffff&#8220; size=&#8220;lg&#8220; align=&#8220;center&#8220; link=&#8220;url:https%3A%2F%2Flethiguel.com%2Fcontact-us.html|title:Contact||&#8220;][\/vc_column][\/vc_row]<\/p>\n<\/section>","protected":false},"excerpt":{"rendered":"<p>[vc_row type=&#8220;vc_default&#8220; content_placement=&#8220;middle&#8220; el_class=&#8220;bloc-article&#8220;][vc_column width=&#8220;1\/3&#8243; el_class=&#8220;texteblanc bloc-text-bloc-article&#8220;][vc_single_image image=&#8220;1176&#8243; img_size=&#8220;full&#8220;][vc_column_text css=&#8220;.vc_custom_1585732592543{padding-top: 20px !important;padding-right: 20px !important;padding-bottom: 20px !important;padding-left: 20px !important;background-color: #313131 !important;}&#8220;]Produktvorteile: In 3 Gr\u00f6\u00dfen erh\u00e4ltlich: Al Clean 6500, Al Clean 3500 und Al Clean 1500 Geringer Energieverbrauch,\u00a0Hochgeschwindigkeitsofen mit hoher Heizleistung Hohe Aluminiumqualit\u00e4t Integrierte Entgasung Vorab\u00fcberwachung f\u00fcr die vorbeugende Instandhaltung Einfache Wartung [\/vc_column_text][vc_column_text css=&#8220;.vc_custom_1586424297966{margin-top: -40px !important;padding-top: 20px&hellip;<\/p>\n","protected":false},"author":1,"featured_media":0,"parent":0,"menu_order":0,"comment_status":"closed","ping_status":"closed","template":"","meta":{"footnotes":""},"class_list":["post-331","page","type-page","status-publish","hentry","description-off"],"yoast_head":"<!-- This site is optimized with the Yoast SEO plugin v27.4 - https:\/\/yoast.com\/product\/yoast-seo-wordpress\/ -->\n<title>Lethiguel<\/title>\n<meta name=\"description\" content=\"Aluminium-warmhalteofen mit Tauchheizk\u00f6rper. Entwickelt, um die Temperatur der Aluminiumschmelze aufrechtzuerhalten! Perfekt f\u00fcr druckguss und schwerkraftdruckguss!\" \/>\n<meta name=\"robots\" content=\"index, follow, max-snippet:-1, max-image-preview:large, max-video-preview:-1\" \/>\n<link rel=\"canonical\" href=\"https:\/\/lethiguel.com\/de\/aluminium-warmhalteofen-al-clean.html\" \/>\n<meta property=\"og:locale\" content=\"de_DE\" \/>\n<meta property=\"og:type\" content=\"article\" \/>\n<meta property=\"og:title\" content=\"Lethiguel\" \/>\n<meta property=\"og:description\" content=\"Aluminium-warmhalteofen mit Tauchheizk\u00f6rper. Entwickelt, um die Temperatur der Aluminiumschmelze aufrechtzuerhalten! Perfekt f\u00fcr druckguss und schwerkraftdruckguss!\" \/>\n<meta property=\"og:url\" content=\"https:\/\/lethiguel.com\/de\/aluminium-warmhalteofen-al-clean.html\" \/>\n<meta property=\"og:site_name\" content=\"Lethiguel Deutsch\" \/>\n<meta property=\"article:modified_time\" content=\"2023-11-10T13:38:51+00:00\" \/>\n<meta name=\"twitter:card\" content=\"summary_large_image\" \/>\n<meta name=\"twitter:label1\" content=\"Gesch\u00e4tzte Lesezeit\" \/>\n\t<meta name=\"twitter:data1\" content=\"4\u00a0Minuten\" \/>\n<script type=\"application\/ld+json\" class=\"yoast-schema-graph\">{\"@context\":\"https:\\\/\\\/schema.org\",\"@graph\":[{\"@type\":\"WebPage\",\"@id\":\"https:\\\/\\\/lethiguel.com\\\/de\\\/aluminium-warmhalteofen-al-clean.html\",\"url\":\"https:\\\/\\\/lethiguel.com\\\/de\\\/aluminium-warmhalteofen-al-clean.html\",\"name\":\"Lethiguel\",\"isPartOf\":{\"@id\":\"https:\\\/\\\/lethiguel.com\\\/de\\\/#website\"},\"datePublished\":\"2019-06-20T12:35:55+00:00\",\"dateModified\":\"2023-11-10T13:38:51+00:00\",\"description\":\"Aluminium-warmhalteofen mit Tauchheizk\u00f6rper. Entwickelt, um die Temperatur der Aluminiumschmelze aufrechtzuerhalten! Perfekt f\u00fcr druckguss und schwerkraftdruckguss!\",\"breadcrumb\":{\"@id\":\"https:\\\/\\\/lethiguel.com\\\/de\\\/aluminium-warmhalteofen-al-clean.html#breadcrumb\"},\"inLanguage\":\"de\",\"potentialAction\":[{\"@type\":\"ReadAction\",\"target\":[\"https:\\\/\\\/lethiguel.com\\\/de\\\/aluminium-warmhalteofen-al-clean.html\"]}]},{\"@type\":\"BreadcrumbList\",\"@id\":\"https:\\\/\\\/lethiguel.com\\\/de\\\/aluminium-warmhalteofen-al-clean.html#breadcrumb\",\"itemListElement\":[{\"@type\":\"ListItem\",\"position\":1,\"name\":\"Accueil\",\"item\":\"https:\\\/\\\/lethiguel.com\\\/de\\\/\"},{\"@type\":\"ListItem\",\"position\":2,\"name\":\"Al Clean, Aluminium Warmhalteofen\"}]},{\"@type\":\"WebSite\",\"@id\":\"https:\\\/\\\/lethiguel.com\\\/de\\\/#website\",\"url\":\"https:\\\/\\\/lethiguel.com\\\/de\\\/\",\"name\":\"Lethiguel Deutsch\",\"description\":\"Heating and cooling solutions\",\"potentialAction\":[{\"@type\":\"SearchAction\",\"target\":{\"@type\":\"EntryPoint\",\"urlTemplate\":\"https:\\\/\\\/lethiguel.com\\\/de\\\/?s={search_term_string}\"},\"query-input\":{\"@type\":\"PropertyValueSpecification\",\"valueRequired\":true,\"valueName\":\"search_term_string\"}}],\"inLanguage\":\"de\"}]}<\/script>\n<!-- \/ Yoast SEO plugin. -->","yoast_head_json":{"title":"Lethiguel","description":"Aluminium-warmhalteofen mit Tauchheizk\u00f6rper. Entwickelt, um die Temperatur der Aluminiumschmelze aufrechtzuerhalten! Perfekt f\u00fcr druckguss und schwerkraftdruckguss!","robots":{"index":"index","follow":"follow","max-snippet":"max-snippet:-1","max-image-preview":"max-image-preview:large","max-video-preview":"max-video-preview:-1"},"canonical":"https:\/\/lethiguel.com\/de\/aluminium-warmhalteofen-al-clean.html","og_locale":"de_DE","og_type":"article","og_title":"Lethiguel","og_description":"Aluminium-warmhalteofen mit Tauchheizk\u00f6rper. Entwickelt, um die Temperatur der Aluminiumschmelze aufrechtzuerhalten! Perfekt f\u00fcr druckguss und schwerkraftdruckguss!","og_url":"https:\/\/lethiguel.com\/de\/aluminium-warmhalteofen-al-clean.html","og_site_name":"Lethiguel Deutsch","article_modified_time":"2023-11-10T13:38:51+00:00","twitter_card":"summary_large_image","twitter_misc":{"Gesch\u00e4tzte Lesezeit":"4\u00a0Minuten"},"schema":{"@context":"https:\/\/schema.org","@graph":[{"@type":"WebPage","@id":"https:\/\/lethiguel.com\/de\/aluminium-warmhalteofen-al-clean.html","url":"https:\/\/lethiguel.com\/de\/aluminium-warmhalteofen-al-clean.html","name":"Lethiguel","isPartOf":{"@id":"https:\/\/lethiguel.com\/de\/#website"},"datePublished":"2019-06-20T12:35:55+00:00","dateModified":"2023-11-10T13:38:51+00:00","description":"Aluminium-warmhalteofen mit Tauchheizk\u00f6rper. Entwickelt, um die Temperatur der Aluminiumschmelze aufrechtzuerhalten! Perfekt f\u00fcr druckguss und schwerkraftdruckguss!","breadcrumb":{"@id":"https:\/\/lethiguel.com\/de\/aluminium-warmhalteofen-al-clean.html#breadcrumb"},"inLanguage":"de","potentialAction":[{"@type":"ReadAction","target":["https:\/\/lethiguel.com\/de\/aluminium-warmhalteofen-al-clean.html"]}]},{"@type":"BreadcrumbList","@id":"https:\/\/lethiguel.com\/de\/aluminium-warmhalteofen-al-clean.html#breadcrumb","itemListElement":[{"@type":"ListItem","position":1,"name":"Accueil","item":"https:\/\/lethiguel.com\/de\/"},{"@type":"ListItem","position":2,"name":"Al Clean, Aluminium Warmhalteofen"}]},{"@type":"WebSite","@id":"https:\/\/lethiguel.com\/de\/#website","url":"https:\/\/lethiguel.com\/de\/","name":"Lethiguel Deutsch","description":"Heating and cooling solutions","potentialAction":[{"@type":"SearchAction","target":{"@type":"EntryPoint","urlTemplate":"https:\/\/lethiguel.com\/de\/?s={search_term_string}"},"query-input":{"@type":"PropertyValueSpecification","valueRequired":true,"valueName":"search_term_string"}}],"inLanguage":"de"}]}},"_links":{"self":[{"href":"https:\/\/lethiguel.com\/de\/wp-json\/wp\/v2\/pages\/331","targetHints":{"allow":["GET"]}}],"collection":[{"href":"https:\/\/lethiguel.com\/de\/wp-json\/wp\/v2\/pages"}],"about":[{"href":"https:\/\/lethiguel.com\/de\/wp-json\/wp\/v2\/types\/page"}],"author":[{"embeddable":true,"href":"https:\/\/lethiguel.com\/de\/wp-json\/wp\/v2\/users\/1"}],"replies":[{"embeddable":true,"href":"https:\/\/lethiguel.com\/de\/wp-json\/wp\/v2\/comments?post=331"}],"version-history":[{"count":56,"href":"https:\/\/lethiguel.com\/de\/wp-json\/wp\/v2\/pages\/331\/revisions"}],"predecessor-version":[{"id":2032,"href":"https:\/\/lethiguel.com\/de\/wp-json\/wp\/v2\/pages\/331\/revisions\/2032"}],"wp:attachment":[{"href":"https:\/\/lethiguel.com\/de\/wp-json\/wp\/v2\/media?parent=331"}],"curies":[{"name":"wp","href":"https:\/\/api.w.org\/{rel}","templated":true}]}}