{"id":341,"date":"2019-06-20T14:44:39","date_gmt":"2019-06-20T12:44:39","guid":{"rendered":"https:\/\/lethiguel.com\/de\/?page_id=341"},"modified":"2023-11-10T14:39:40","modified_gmt":"2023-11-10T13:39:40","slug":"benutzerdefinierter-ofen","status":"publish","type":"page","link":"https:\/\/lethiguel.com\/de\/benutzerdefinierter-ofen.html","title":{"rendered":"Benutzerdefinierter Ofen"},"content":{"rendered":"<section class=\"wpb-content-wrapper\"><p>[vc_row type=&#8220;vc_default&#8220; content_placement=&#8220;middle&#8220; el_class=&#8220;bloc-article&#8220;][vc_column width=&#8220;1\/3&#8243; el_class=&#8220;texteblanc bloc-text-bloc-article&#8220;][vc_column_text css=&#8220;.vc_custom_1601900868822{padding-top: 20px !important;padding-right: 20px !important;padding-bottom: 20px !important;padding-left: 20px !important;background-color: #313131 !important;}&#8220;]<\/p>\n<h3 class=\"avantages1\">benutzerdefinierter Ofen f\u00fcr:<\/h3>\n<ul>\n<li><strong class=\"d2b\">Druckguss<\/strong><\/li>\n<li><strong class=\"d2b\">Schwerkraftdruckguss<\/strong><\/li>\n<\/ul>\n<p>[\/vc_column_text][vc_column_text css=&#8220;.vc_custom_1601900455861{margin-top: -40px !important;padding-top: 20px !important;padding-right: 20px !important;padding-bottom: 20px !important;padding-left: 20px !important;background-color: #cf302d !important;}&#8220;]<strong>Qualit\u00e4t, Effizienz, Pr\u00e4zision<\/strong><\/p>\n<p>Lethiguel entwirft und verkauft <strong class=\"d2b\">benutzerdefinierter Ofen<\/strong>, die auf <a href=\"https:\/\/lethiguel.com\/de\/tauchheizkoerper-thermal-power.html\"><strong>Tauchheizk\u00f6rper<\/strong> <\/a>basieren, mit oder ohne eingebettetes\u00a0<strong class=\"d2b\">Entgasungssystem<\/strong>. Die Nutzleistung, die W\u00e4rmeleistung und die Position des Tauchheizers werden speziell f\u00fcr jeden Kunden entwickelt.<\/p>\n<p>Dank des Lethiguel Know-hows tragen unsere <strong>Tauchheizk\u00f6rper<\/strong> dazu bei, den Energieverbrauch zu senken und die Qualit\u00e4t des Metalls zu verbessern. Die Verwendung von Heizger\u00e4ten in einem Ofen erh\u00f6ht die Temperatur und verhindert gleichzeitig die Oxidation. In Verbindung mit einem Entgasungssystem sorgen Tauchheizk\u00f6rper f\u00fcr eine optimale Metallqualit\u00e4t und -dichte.[\/vc_column_text][\/vc_column][vc_column width=&#8220;2\/3&#8243; animation=&#8220;fadeInRight&#8220; el_class=&#8220;bloc-img-bloc-article&#8220;][vc_single_image image=&#8220;1641&#8243; img_size=&#8220;full&#8220; alignment=&#8220;center&#8220;][\/vc_column][\/vc_row][vc_row][vc_column animation=&#8220;fadeInLeft&#8220;][vc_column_text]Mehr und mehr Kunden setzen ihr Vertrauen auf unser Kernprodukt, das Aluminium Tauchheizk\u00f6rper . Wir haben ma\u00dfgeschneiderte \u00d6fen mitentwickelt, um sehr spezifische technische Spezifikationen aus Branchen zu erf\u00fcllen, die eine h\u00f6here Qualit\u00e4t und einen niedrigen Energieverbrauch erfordern.<\/p>\n<p>Unser Ingenieurteam steht Ihnen jederzeit zur Verf\u00fcgung, um die beste L\u00f6sung auf der Grundlage Ihrer einzigartigen technischen Spezifikationen zu entwerfen.[\/vc_column_text][\/vc_column][\/vc_row][vc_row type=&#8220;vc_default&#8220; gap=&#8220;10&#8243; equal_height=&#8220;yes&#8220; css=&#8220;.vc_custom_1576486236448{margin-top: 30px !important;}&#8220;][vc_column width=&#8220;1\/2&#8243; animation=&#8220;fadeInLeft&#8220; el_class=&#8220;similar&#8220;][vc_column_text]<\/p>\n<h3>\u00c4hnliche Produkte<\/h3>\n<p>[\/vc_column_text][vc_separator color=&#8220;custom&#8220; accent_color=&#8220;#474747&#8243; css=&#8220;.vc_custom_1560947192642{margin-top: -15px !important;}&#8220;][\/vc_column][vc_column width=&#8220;1\/2&#8243; animation=&#8220;fadeInRight&#8220; el_class=&#8220;access&#8220;][vc_column_text]<\/p>\n<h3>Zubeh\u00f6r f\u00fcr<\/h3>\n<p>[\/vc_column_text][vc_separator color=&#8220;custom&#8220; accent_color=&#8220;#474747&#8243; css=&#8220;.vc_custom_1560947199074{margin-top: -15px !important;}&#8220;][\/vc_column][\/vc_row][vc_row][vc_column][vc_btn title=&#8220;Kontaktiere uns&#8220; style=&#8220;custom&#8220; custom_background=&#8220;#cf302d&#8220; custom_text=&#8220;#ffffff&#8220; size=&#8220;lg&#8220; align=&#8220;center&#8220; link=&#8220;url:%2Fde%2Fkontakt.html|title:Contact||&#8220;][\/vc_column][\/vc_row]<\/p>\n<\/section>","protected":false},"excerpt":{"rendered":"<p>[vc_row type=&#8220;vc_default&#8220; content_placement=&#8220;middle&#8220; el_class=&#8220;bloc-article&#8220;][vc_column width=&#8220;1\/3&#8243; el_class=&#8220;texteblanc bloc-text-bloc-article&#8220;][vc_column_text css=&#8220;.vc_custom_1601900868822{padding-top: 20px !important;padding-right: 20px !important;padding-bottom: 20px !important;padding-left: 20px !important;background-color: #313131 !important;}&#8220;] benutzerdefinierter Ofen f\u00fcr: Druckguss Schwerkraftdruckguss [\/vc_column_text][vc_column_text css=&#8220;.vc_custom_1601900455861{margin-top: -40px !important;padding-top: 20px !important;padding-right: 20px !important;padding-bottom: 20px !important;padding-left: 20px !important;background-color: #cf302d !important;}&#8220;]Qualit\u00e4t, Effizienz, Pr\u00e4zision Lethiguel entwirft und verkauft benutzerdefinierter Ofen, die auf Tauchheizk\u00f6rper basieren, mit oder ohne eingebettetes\u00a0Entgasungssystem. Die Nutzleistung,&hellip;<\/p>\n","protected":false},"author":1,"featured_media":0,"parent":0,"menu_order":0,"comment_status":"closed","ping_status":"closed","template":"","meta":{"footnotes":""},"class_list":["post-341","page","type-page","status-publish","hentry","description-off"],"yoast_head":"<!-- This site is optimized with the Yoast SEO plugin v27.4 - https:\/\/yoast.com\/product\/yoast-seo-wordpress\/ -->\n<title>Lethiguel<\/title>\n<meta name=\"description\" content=\"Wir bieten Aluminium benutzerdefinierter Ofen mit unseren Aluminium Tauchheizk\u00f6rper f\u00fcr druckguss und schwerkraftdruckguss! Um die Aluminiumqualit\u00e4t zu optimieren! Mehr erfahren.\" \/>\n<meta name=\"robots\" content=\"index, follow, max-snippet:-1, max-image-preview:large, max-video-preview:-1\" \/>\n<link rel=\"canonical\" href=\"https:\/\/lethiguel.com\/de\/benutzerdefinierter-ofen.html\" \/>\n<meta property=\"og:locale\" content=\"de_DE\" \/>\n<meta property=\"og:type\" content=\"article\" \/>\n<meta property=\"og:title\" content=\"Lethiguel\" \/>\n<meta property=\"og:description\" content=\"Wir bieten Aluminium benutzerdefinierter Ofen mit unseren Aluminium Tauchheizk\u00f6rper f\u00fcr druckguss und schwerkraftdruckguss! Um die Aluminiumqualit\u00e4t zu optimieren! Mehr erfahren.\" \/>\n<meta property=\"og:url\" content=\"https:\/\/lethiguel.com\/de\/benutzerdefinierter-ofen.html\" \/>\n<meta property=\"og:site_name\" content=\"Lethiguel Deutsch\" \/>\n<meta property=\"article:modified_time\" content=\"2023-11-10T13:39:40+00:00\" \/>\n<meta name=\"twitter:card\" content=\"summary_large_image\" \/>\n<meta name=\"twitter:label1\" content=\"Gesch\u00e4tzte Lesezeit\" \/>\n\t<meta name=\"twitter:data1\" content=\"4\u00a0Minuten\" \/>\n<script type=\"application\/ld+json\" class=\"yoast-schema-graph\">{\"@context\":\"https:\\\/\\\/schema.org\",\"@graph\":[{\"@type\":\"WebPage\",\"@id\":\"https:\\\/\\\/lethiguel.com\\\/de\\\/benutzerdefinierter-ofen.html\",\"url\":\"https:\\\/\\\/lethiguel.com\\\/de\\\/benutzerdefinierter-ofen.html\",\"name\":\"Lethiguel\",\"isPartOf\":{\"@id\":\"https:\\\/\\\/lethiguel.com\\\/de\\\/#website\"},\"datePublished\":\"2019-06-20T12:44:39+00:00\",\"dateModified\":\"2023-11-10T13:39:40+00:00\",\"description\":\"Wir bieten Aluminium benutzerdefinierter Ofen mit unseren Aluminium Tauchheizk\u00f6rper f\u00fcr druckguss und schwerkraftdruckguss! Um die Aluminiumqualit\u00e4t zu optimieren! Mehr erfahren.\",\"breadcrumb\":{\"@id\":\"https:\\\/\\\/lethiguel.com\\\/de\\\/benutzerdefinierter-ofen.html#breadcrumb\"},\"inLanguage\":\"de\",\"potentialAction\":[{\"@type\":\"ReadAction\",\"target\":[\"https:\\\/\\\/lethiguel.com\\\/de\\\/benutzerdefinierter-ofen.html\"]}]},{\"@type\":\"BreadcrumbList\",\"@id\":\"https:\\\/\\\/lethiguel.com\\\/de\\\/benutzerdefinierter-ofen.html#breadcrumb\",\"itemListElement\":[{\"@type\":\"ListItem\",\"position\":1,\"name\":\"Accueil\",\"item\":\"https:\\\/\\\/lethiguel.com\\\/de\\\/\"},{\"@type\":\"ListItem\",\"position\":2,\"name\":\"Benutzerdefinierter Ofen\"}]},{\"@type\":\"WebSite\",\"@id\":\"https:\\\/\\\/lethiguel.com\\\/de\\\/#website\",\"url\":\"https:\\\/\\\/lethiguel.com\\\/de\\\/\",\"name\":\"Lethiguel Deutsch\",\"description\":\"Heating and cooling solutions\",\"potentialAction\":[{\"@type\":\"SearchAction\",\"target\":{\"@type\":\"EntryPoint\",\"urlTemplate\":\"https:\\\/\\\/lethiguel.com\\\/de\\\/?s={search_term_string}\"},\"query-input\":{\"@type\":\"PropertyValueSpecification\",\"valueRequired\":true,\"valueName\":\"search_term_string\"}}],\"inLanguage\":\"de\"}]}<\/script>\n<!-- \/ Yoast SEO plugin. -->","yoast_head_json":{"title":"Lethiguel","description":"Wir bieten Aluminium benutzerdefinierter Ofen mit unseren Aluminium Tauchheizk\u00f6rper f\u00fcr druckguss und schwerkraftdruckguss! Um die Aluminiumqualit\u00e4t zu optimieren! Mehr erfahren.","robots":{"index":"index","follow":"follow","max-snippet":"max-snippet:-1","max-image-preview":"max-image-preview:large","max-video-preview":"max-video-preview:-1"},"canonical":"https:\/\/lethiguel.com\/de\/benutzerdefinierter-ofen.html","og_locale":"de_DE","og_type":"article","og_title":"Lethiguel","og_description":"Wir bieten Aluminium benutzerdefinierter Ofen mit unseren Aluminium Tauchheizk\u00f6rper f\u00fcr druckguss und schwerkraftdruckguss! Um die Aluminiumqualit\u00e4t zu optimieren! Mehr erfahren.","og_url":"https:\/\/lethiguel.com\/de\/benutzerdefinierter-ofen.html","og_site_name":"Lethiguel Deutsch","article_modified_time":"2023-11-10T13:39:40+00:00","twitter_card":"summary_large_image","twitter_misc":{"Gesch\u00e4tzte Lesezeit":"4\u00a0Minuten"},"schema":{"@context":"https:\/\/schema.org","@graph":[{"@type":"WebPage","@id":"https:\/\/lethiguel.com\/de\/benutzerdefinierter-ofen.html","url":"https:\/\/lethiguel.com\/de\/benutzerdefinierter-ofen.html","name":"Lethiguel","isPartOf":{"@id":"https:\/\/lethiguel.com\/de\/#website"},"datePublished":"2019-06-20T12:44:39+00:00","dateModified":"2023-11-10T13:39:40+00:00","description":"Wir bieten Aluminium benutzerdefinierter Ofen mit unseren Aluminium Tauchheizk\u00f6rper f\u00fcr druckguss und schwerkraftdruckguss! Um die Aluminiumqualit\u00e4t zu optimieren! Mehr erfahren.","breadcrumb":{"@id":"https:\/\/lethiguel.com\/de\/benutzerdefinierter-ofen.html#breadcrumb"},"inLanguage":"de","potentialAction":[{"@type":"ReadAction","target":["https:\/\/lethiguel.com\/de\/benutzerdefinierter-ofen.html"]}]},{"@type":"BreadcrumbList","@id":"https:\/\/lethiguel.com\/de\/benutzerdefinierter-ofen.html#breadcrumb","itemListElement":[{"@type":"ListItem","position":1,"name":"Accueil","item":"https:\/\/lethiguel.com\/de\/"},{"@type":"ListItem","position":2,"name":"Benutzerdefinierter Ofen"}]},{"@type":"WebSite","@id":"https:\/\/lethiguel.com\/de\/#website","url":"https:\/\/lethiguel.com\/de\/","name":"Lethiguel Deutsch","description":"Heating and cooling solutions","potentialAction":[{"@type":"SearchAction","target":{"@type":"EntryPoint","urlTemplate":"https:\/\/lethiguel.com\/de\/?s={search_term_string}"},"query-input":{"@type":"PropertyValueSpecification","valueRequired":true,"valueName":"search_term_string"}}],"inLanguage":"de"}]}},"_links":{"self":[{"href":"https:\/\/lethiguel.com\/de\/wp-json\/wp\/v2\/pages\/341","targetHints":{"allow":["GET"]}}],"collection":[{"href":"https:\/\/lethiguel.com\/de\/wp-json\/wp\/v2\/pages"}],"about":[{"href":"https:\/\/lethiguel.com\/de\/wp-json\/wp\/v2\/types\/page"}],"author":[{"embeddable":true,"href":"https:\/\/lethiguel.com\/de\/wp-json\/wp\/v2\/users\/1"}],"replies":[{"embeddable":true,"href":"https:\/\/lethiguel.com\/de\/wp-json\/wp\/v2\/comments?post=341"}],"version-history":[{"count":36,"href":"https:\/\/lethiguel.com\/de\/wp-json\/wp\/v2\/pages\/341\/revisions"}],"predecessor-version":[{"id":2033,"href":"https:\/\/lethiguel.com\/de\/wp-json\/wp\/v2\/pages\/341\/revisions\/2033"}],"wp:attachment":[{"href":"https:\/\/lethiguel.com\/de\/wp-json\/wp\/v2\/media?parent=341"}],"curies":[{"name":"wp","href":"https:\/\/api.w.org\/{rel}","templated":true}]}}