{"id":348,"date":"2019-06-20T14:49:22","date_gmt":"2019-06-20T12:49:22","guid":{"rendered":"https:\/\/lethiguel.com\/de\/?page_id=348"},"modified":"2023-11-10T14:38:20","modified_gmt":"2023-11-10T13:38:20","slug":"aluminium-warmhaltestation-twiga","status":"publish","type":"page","link":"https:\/\/lethiguel.com\/de\/aluminium-warmhaltestation-twiga.html","title":{"rendered":"Twiga, Aluminium Warmhaltestation"},"content":{"rendered":"<section class=\"wpb-content-wrapper\"><p>[vc_row type=&#8220;vc_default&#8220; content_placement=&#8220;middle&#8220; el_class=&#8220;bloc-article&#8220;][vc_column width=&#8220;1\/3&#8243; el_class=&#8220;texteblanc bloc-text-bloc-article&#8220;][vc_single_image image=&#8220;1340&#8243; img_size=&#8220;full&#8220;][vc_column_text css=&#8220;.vc_custom_1585659995948{margin-top: -30px !important;}&#8220;]<\/p>\n<h3 style=\"text-align: center;\"><span style=\"color: #808080;\">Smart Entgasungsl\u00f6sung<\/span><\/h3>\n<p>[\/vc_column_text][vc_column_text css=&#8220;.vc_custom_1585658313254{padding-top: 20px !important;padding-right: 20px !important;padding-bottom: 20px !important;padding-left: 20px !important;background-color: #313131 !important;}&#8220;]<\/p>\n<h3 class=\"avantages1\">Vorteile der heiz- und entgasungsstation:<\/h3>\n<ul>\n<li>Pfannengr\u00f6\u00dfe von 300kg bis 5T<\/li>\n<li>2kW bis 60kW Heizleistung<\/li>\n<li>Entgasung m\u00f6glich<\/li>\n<li>Vorab\u00fcberwachung m\u00f6glich<\/li>\n<li>Kompakte Bauweise: 1,80m und erweiterbar<\/li>\n<\/ul>\n<p>[\/vc_column_text][vc_column_text css=&#8220;.vc_custom_1585658325448{margin-top: -40px !important;padding-top: 20px !important;padding-right: 20px !important;padding-bottom: 20px !important;padding-left: 20px !important;background-color: #cf302d !important;}&#8220;]Twiga ist Lethigueldie neueste\u00a0<strong class=\"d2b\">Aluminium-Heizstation<\/strong>. Entwickelt zur Optimierung des Arbeitsraumes und des Energieverbrauchs, Twigakann an jede Art von <strong>Transportpfanne<\/strong> angepasst werden und kann dank eines adaptiven Deckelhalters zur Entgasung montiert werden. Zur Montage mit\u00a0<strong class=\"d2b\"><a href=\"https:\/\/lethiguel.com\/de\/tauchheizers-thermal-power.html\">ThermalPower\u00ae Tauchheizk\u00f6rpernLethiguel<\/a>, Twigaerm\u00f6glicht eine\u00a0hohe Aufheizgeschwindigkeit\u00a0und minimale W\u00e4rmeverluste.<\/strong>[\/vc_column_text][\/vc_column][vc_column width=&#8220;2\/3&#8243; animation=&#8220;fadeInRight&#8220; el_class=&#8220;bloc-img-bloc-article&#8220;][vc_single_image image=&#8220;1699&#8243; img_size=&#8220;full&#8220; alignment=&#8220;center&#8220;][\/vc_column][\/vc_row][vc_row][vc_column][vc_empty_space][vc_column_text]<\/p>\n<h3 style=\"text-align: center;\">Verf\u00fcgbare Konfiguration der Twiga, Aluminium Warmhaltestation<\/h3>\n<p>[\/vc_column_text][\/vc_column][\/vc_row][vc_row][vc_column][vc_single_image image=&#8220;1492&#8243; img_size=&#8220;full&#8220; alignment=&#8220;center&#8220; css_animation=&#8220;fadeInDown&#8220;][\/vc_column][\/vc_row][vc_row][vc_column width=&#8220;1\/2&#8243; animation=&#8220;fadeInLeft&#8220; css=&#8220;.vc_custom_1594890286562{margin-top: 35px !important;}&#8220;][vc_single_image image=&#8220;1494&#8243; img_size=&#8220;full&#8220; alignment=&#8220;center&#8220;][vc_column_text]<\/p>\n<p style=\"text-align: center;\">TWIGA Aluminiumheizstation: 2 Heizeinheiten<\/p>\n<p>[\/vc_column_text][\/vc_column][vc_column width=&#8220;1\/2&#8243; animation=&#8220;fadeInRight&#8220;][vc_single_image image=&#8220;1493&#8243; img_size=&#8220;full&#8220; alignment=&#8220;center&#8220;][vc_column_text]<\/p>\n<p style=\"text-align: center;\">TWIGA Aluminiumheizstation: 2 Heizeinheiten + Entgasung<\/p>\n<p>[\/vc_column_text][\/vc_column][\/vc_row][vc_row][vc_column][vc_separator el_width=&#8220;80&#8243;][\/vc_column][vc_column][vc_column_text]<\/p>\n<h3 style=\"text-align: center;\">Die Schl\u00fcsselvorteile der Heizstation<\/h3>\n<p>[\/vc_column_text][vc_row_inner][vc_column_inner width=&#8220;1\/2&#8243;][vc_column_text css_animation=&#8220;fadeInLeft&#8220;]<\/p>\n<h4 style=\"text-align: center;\">Sparen Sie Energie<\/h4>\n<p style=\"text-align: center;\">Basierend auf jahrelanger Felderfahrung wurde es f\u00fcr die Optimierung des Arbeitsbereichs konzipiert, dank einer kompakten Geometrie (nur 1,80m in Heizposition) und eines effizienten Energieverbrauchs mit einem intelligenten Regelungssystem, das genau die ben\u00f6tige Leistung liefert.<\/p>\n<p>[\/vc_column_text][\/vc_column_inner][vc_column_inner width=&#8220;1\/2&#8243;][vc_column_text css_animation=&#8220;fadeInRight&#8220;]<\/p>\n<h4 style=\"text-align: center;\">Eine ma\u00dfgeschneiderte Standardl\u00f6sung<\/h4>\n<p style=\"text-align: center;\">TWIGA kann an jede Art von Transportpfanne angepasst werden und f\u00fcr die Entgasung dank eines adaptiven Abdeckungshalters und einer individuell angepassten Abdeckung montiert werden, um kundenspezifische Tauchheizungen einzusetzen.<\/p>\n<p>[\/vc_column_text][\/vc_column_inner][\/vc_row_inner][vc_row_inner][vc_column_inner width=&#8220;1\/2&#8243;][vc_column_text css_animation=&#8220;fadeInLeft&#8220;]<\/p>\n<h4 style=\"text-align: center;\">Boosten Sie Ihr TWIGA mit Thermal Power Heizern \u00ae<\/h4>\n<p style=\"text-align: center;\">Mit Lethiguel Thermal Power\u00ae Tauchheizern montiert, erm\u00f6glicht TWIGA eine hohe Heizgeschwindigkeit und einen geringen W\u00e4rmeverlust bei einer Temperaturerh\u00f6hung basierend auf Ihren Verfahrensanforderungen (bis zu 150\u00b0C\/Stunde). Das intelligente Regulierungssystem wurde speziell entwickelt, um 100% des Potentials der Thermal Power Heizer \u00ae zu nutzen und ihnen gleichzeitig eine kontrollierte Umgebung f\u00fcr eine lange Lebensdauer zu bieten.<\/p>\n<p>[\/vc_column_text][\/vc_column_inner][vc_column_inner width=&#8220;1\/2&#8243;][vc_column_text css_animation=&#8220;fadeInRight&#8220;]<\/p>\n<h4 style=\"text-align: center;\">Der schnellste Weg, Entgasung zu nutzen<\/h4>\n<p style=\"text-align: center;\">Der Einsatz von TWIGA, montiert mit unserem Entgasungssystem und unserer Heizl\u00f6sung, ist der beste Weg, sowohl das Aluminium-Qualit\u00e4tsmanagement als auch die Temperaturregelung zu gew\u00e4hrleisten.<\/p>\n<p>[\/vc_column_text][\/vc_column_inner][\/vc_row_inner][\/vc_column][\/vc_row][vc_row][vc_column animation=&#8220;fadeInLeft&#8220; offset=&#8220;vc_hidden-md vc_hidden-sm vc_hidden-xs&#8220;][vc_single_image image=&#8220;1700&#8243; img_size=&#8220;full&#8220;][vc_btn title=&#8220;Smart Entgasungsl\u00f6sung&#8220; color=&#8220;danger&#8220; link=&#8220;url:https%3A%2F%2Fyoutu.be%2F_IUlfZDgUrM|||&#8220; css=&#8220;.vc_custom_1595582539911{margin-top: -150px !important;margin-left: 40px !important;}&#8220;][\/vc_column][\/vc_row][vc_row][vc_column animation=&#8220;fadeInRight&#8220;][vc_column_text]<\/p>\n<h3 style=\"text-align: center;\">Twiga Aluminium Warmhaltestation , technische Daten<\/h3>\n<p>[\/vc_column_text][vc_single_image image=&#8220;1496&#8243; img_size=&#8220;full&#8220; alignment=&#8220;center&#8220; style=&#8220;vc_box_shadow_3d&#8220;][\/vc_column][\/vc_row][vc_row][vc_column animation=&#8220;fadeInUp&#8220; offset=&#8220;vc_hidden-md vc_hidden-sm vc_hidden-xs&#8220;][vc_column_text]<\/p>\n<h3 style=\"text-align: center;\">SMART Entgasungsl\u00f6sung<\/h3>\n<p>[\/vc_column_text][\/vc_column][vc_column animation=&#8220;fadeInUp&#8220; offset=&#8220;vc_hidden-md vc_hidden-sm vc_hidden-xs&#8220;][vc_row_inner][vc_column_inner width=&#8220;1\/2&#8243;][info_circle edge_radius=&#8220;80&#8243; start_degree=&#8220;90&#8243; eg_padding=&#8220;70&#8243; icon_size=&#8220;50&#8243; img_icon_size=&#8220;32&#8243; content_icon_size=&#8220;70&#8243; content_bg=&#8220;#ce403d&#8220; content_color=&#8220;#ffffff&#8220; eg_br_style=&#8220;dashed&#8220; eg_br_width=&#8220;1&#8243; eg_border_color=&#8220;#ce716f&#8220; auto_slide=&#8220;on&#8220; auto_slide_duration=&#8220;5&#8243; responsive_breakpoint=&#8220;800&#8243;][info_circle_item info_title=&#8220;Temperaturabfall&#8220; icon_type=&#8220;custom&#8220; info_img=&#8220;id^1824|url^https:\/\/lethiguel.com\/wp-content\/uploads\/2020\/02\/temperature-icon.png|caption^null|alt^null|title^temperature icon|description^null&#8220;][\/info_circle_item][info_circle_item info_title=&#8220;\u00dcberhitzung&#8220; icon_type=&#8220;custom&#8220; info_img=&#8220;id^1822|url^https:\/\/lethiguel.com\/wp-content\/uploads\/2020\/02\/heat-icon.png|caption^null|alt^null|title^heat icon|description^null&#8220;][\/info_circle_item][info_circle_item info_title=&#8220;Schlechte Metallqualit\u00e4t&#8220; icon_type=&#8220;custom&#8220; info_img=&#8220;id^1823|url^https:\/\/lethiguel.com\/wp-content\/uploads\/2020\/02\/metal-icon.png|caption^null|alt^null|title^metal icon|description^null&#8220;][\/info_circle_item][info_circle_item info_title=&#8220;L\u00e4ngere Entgasung&#8220; icon_type=&#8220;custom&#8220; info_img=&#8220;id^1825|url^https:\/\/lethiguel.com\/wp-content\/uploads\/2020\/02\/time-icon.png|caption^null|alt^null|title^time icon|description^null&#8220;][\/info_circle_item][\/info_circle][vc_empty_space][vc_column_text]<\/p>\n<p style=\"text-align: center;\">Entgasung ohne TWIGA<\/p>\n<p>[\/vc_column_text][\/vc_column_inner][vc_column_inner width=&#8220;1\/2&#8243;][info_circle edge_radius=&#8220;80&#8243; start_degree=&#8220;90&#8243; eg_padding=&#8220;70&#8243; icon_size=&#8220;50&#8243; img_icon_size=&#8220;32&#8243; content_icon_size=&#8220;70&#8243; content_bg=&#8220;#ce403d&#8220; content_color=&#8220;#ffffff&#8220; eg_br_style=&#8220;dashed&#8220; eg_br_width=&#8220;1&#8243; eg_border_color=&#8220;#ce5c5a&#8220; auto_slide=&#8220;on&#8220; auto_slide_duration=&#8220;5&#8243; responsive_breakpoint=&#8220;800&#8243;][info_circle_item info_title=&#8220;Kein Temperaturverlust&#8220; icon_type=&#8220;custom&#8220; info_img=&#8220;id^1824|url^https:\/\/lethiguel.com\/wp-content\/uploads\/2020\/02\/temperature-icon.png|caption^null|alt^null|title^temperature icon|description^null&#8220;][\/info_circle_item][info_circle_item info_title=&#8220;Keine \u00dcberhitzung&#8220; icon_type=&#8220;custom&#8220; info_img=&#8220;id^1822|url^https:\/\/lethiguel.com\/wp-content\/uploads\/2020\/02\/heat-icon.png|caption^null|alt^null|title^heat icon|description^null&#8220;][\/info_circle_item][info_circle_item info_title=&#8220;Bessere Metallqualit\u00e4t&#8220; icon_type=&#8220;custom&#8220; info_img=&#8220;id^1823|url^https:\/\/lethiguel.com\/wp-content\/uploads\/2020\/02\/metal-icon.png|caption^null|alt^null|title^metal icon|description^null&#8220;][\/info_circle_item][info_circle_item info_title=&#8220;K\u00fcrzere Entgasung&#8220; icon_type=&#8220;custom&#8220; info_img=&#8220;id^1825|url^https:\/\/lethiguel.com\/wp-content\/uploads\/2020\/02\/time-icon.png|caption^null|alt^null|title^time icon|description^null&#8220;][\/info_circle_item][\/info_circle][vc_empty_space][vc_column_text]<\/p>\n<p style=\"text-align: center;\">SMART Entgasung mit TWIGA<\/p>\n<p>[\/vc_column_text][\/vc_column_inner][\/vc_row_inner][vc_empty_space][\/vc_column][\/vc_row][vc_row][vc_column animation=&#8220;fadeInLeft&#8220;][vc_column_text]<\/p>\n<h3>Wenn Sie eine integrierte Heizl\u00f6sung erwarten, um Ihren Gie\u00dfprozess aufzur\u00fcsten, suchen Sie nicht weiter als bis zur Twiga Aluminium Warmhaltestation .<\/h3>\n<p>[\/vc_column_text][vc_row_inner][vc_column_inner][vc_column_text]Unser Ingenieurb\u00fcro kann in enger Zusammenarbeit mit unserem Team von Vertriebsingenieuren eine 100% ma\u00dfgeschneiderte Heizl\u00f6sung zu Ihren Bedingungen bauen. Das gesamte Projekt wird von einer Task Force geleitet, deren Aufgabe es ist, innerhalb einer vorgegebenen Frist die beste L\u00f6sung zu liefern.<\/p>\n<p>Wir k\u00f6nnen Heizstationen f\u00fcr das Heizen und\/oder steigende Temperaturen herstellen, die mit Pfannen von 500kg bis 10Tonnen bei 12kW bis 150kW elektrischer Leistung arbeiten.[\/vc_column_text][\/vc_column_inner][\/vc_row_inner][\/vc_column][\/vc_row][vc_row][vc_column][vc_video link=&#8220;https:\/\/www.youtube.com\/watch?v=_IUlfZDgUrM&#8220; align=&#8220;center&#8220;][\/vc_column][\/vc_row][vc_row type=&#8220;vc_default&#8220; gap=&#8220;10&#8243; css=&#8220;.vc_custom_1560947205923{margin-top: 30px !important;}&#8220;][vc_column width=&#8220;1\/2&#8243; animation=&#8220;fadeInLeft&#8220; el_class=&#8220;similar&#8220;][vc_column_text]<\/p>\n<h3>\u00c4hnliche Produkte<\/h3>\n<p>[\/vc_column_text][vc_separator color=&#8220;custom&#8220; accent_color=&#8220;#474747&#8243; css=&#8220;.vc_custom_1560947192642{margin-top: -15px !important;}&#8220;][\/vc_column][vc_column width=&#8220;1\/2&#8243; animation=&#8220;fadeInRight&#8220; el_class=&#8220;accessorie&#8220;][vc_column_text]<\/p>\n<h3>Zubeh\u00f6r f\u00fcr<\/h3>\n<p>[\/vc_column_text][vc_separator color=&#8220;custom&#8220; accent_color=&#8220;#474747&#8243; css=&#8220;.vc_custom_1560947199074{margin-top: -15px !important;}&#8220;][\/vc_column][\/vc_row][vc_row][vc_column][vc_btn title=&#8220;Kontaktiere uns&#8220; style=&#8220;custom&#8220; custom_background=&#8220;#cf302d&#8220; custom_text=&#8220;#ffffff&#8220; size=&#8220;lg&#8220; align=&#8220;center&#8220; link=&#8220;url:https%3A%2F%2Flethiguel.com%2Fcontact-us.html|title:Contact||&#8220;][\/vc_column][\/vc_row]<\/p>\n<\/section>","protected":false},"excerpt":{"rendered":"<p>[vc_row type=&#8220;vc_default&#8220; content_placement=&#8220;middle&#8220; el_class=&#8220;bloc-article&#8220;][vc_column width=&#8220;1\/3&#8243; el_class=&#8220;texteblanc bloc-text-bloc-article&#8220;][vc_single_image image=&#8220;1340&#8243; img_size=&#8220;full&#8220;][vc_column_text css=&#8220;.vc_custom_1585659995948{margin-top: -30px !important;}&#8220;] Smart Entgasungsl\u00f6sung [\/vc_column_text][vc_column_text css=&#8220;.vc_custom_1585658313254{padding-top: 20px !important;padding-right: 20px !important;padding-bottom: 20px !important;padding-left: 20px !important;background-color: #313131 !important;}&#8220;] Vorteile der heiz- und entgasungsstation: Pfannengr\u00f6\u00dfe von 300kg bis 5T 2kW bis 60kW Heizleistung Entgasung m\u00f6glich Vorab\u00fcberwachung m\u00f6glich Kompakte Bauweise: 1,80m und erweiterbar [\/vc_column_text][vc_column_text css=&#8220;.vc_custom_1585658325448{margin-top: -40px !important;padding-top: 20px !important;padding-right:&hellip;<\/p>\n","protected":false},"author":1,"featured_media":0,"parent":0,"menu_order":0,"comment_status":"closed","ping_status":"closed","template":"","meta":{"footnotes":""},"class_list":["post-348","page","type-page","status-publish","hentry","description-off"],"yoast_head":"<!-- This site is optimized with the Yoast SEO plugin v27.4 - https:\/\/yoast.com\/product\/yoast-seo-wordpress\/ -->\n<title>Lethiguel<\/title>\n<meta name=\"description\" content=\"Aluminium Warmhaltestation mit Tauchheizk\u00f6rper und Entgasung. Twiga kann Ihren Arbeitsraum und Ihren Energieverbrauch optimieren! Mehr info!\" \/>\n<meta name=\"robots\" content=\"index, follow, max-snippet:-1, max-image-preview:large, max-video-preview:-1\" \/>\n<link rel=\"canonical\" href=\"https:\/\/lethiguel.com\/de\/aluminium-warmhaltestation-twiga.html\" \/>\n<meta property=\"og:locale\" content=\"de_DE\" \/>\n<meta property=\"og:type\" content=\"article\" \/>\n<meta property=\"og:title\" content=\"Lethiguel\" \/>\n<meta property=\"og:description\" content=\"Aluminium Warmhaltestation mit Tauchheizk\u00f6rper und Entgasung. Twiga kann Ihren Arbeitsraum und Ihren Energieverbrauch optimieren! Mehr info!\" \/>\n<meta property=\"og:url\" content=\"https:\/\/lethiguel.com\/de\/aluminium-warmhaltestation-twiga.html\" \/>\n<meta property=\"og:site_name\" content=\"Lethiguel Deutsch\" \/>\n<meta property=\"article:modified_time\" content=\"2023-11-10T13:38:20+00:00\" \/>\n<meta name=\"twitter:card\" content=\"summary_large_image\" \/>\n<meta name=\"twitter:label1\" content=\"Gesch\u00e4tzte Lesezeit\" \/>\n\t<meta name=\"twitter:data1\" content=\"6\u00a0Minuten\" \/>\n<script type=\"application\/ld+json\" class=\"yoast-schema-graph\">{\"@context\":\"https:\\\/\\\/schema.org\",\"@graph\":[{\"@type\":\"WebPage\",\"@id\":\"https:\\\/\\\/lethiguel.com\\\/de\\\/aluminium-warmhaltestation-twiga.html\",\"url\":\"https:\\\/\\\/lethiguel.com\\\/de\\\/aluminium-warmhaltestation-twiga.html\",\"name\":\"Lethiguel\",\"isPartOf\":{\"@id\":\"https:\\\/\\\/lethiguel.com\\\/de\\\/#website\"},\"datePublished\":\"2019-06-20T12:49:22+00:00\",\"dateModified\":\"2023-11-10T13:38:20+00:00\",\"description\":\"Aluminium Warmhaltestation mit Tauchheizk\u00f6rper und Entgasung. Twiga kann Ihren Arbeitsraum und Ihren Energieverbrauch optimieren! Mehr info!\",\"breadcrumb\":{\"@id\":\"https:\\\/\\\/lethiguel.com\\\/de\\\/aluminium-warmhaltestation-twiga.html#breadcrumb\"},\"inLanguage\":\"de\",\"potentialAction\":[{\"@type\":\"ReadAction\",\"target\":[\"https:\\\/\\\/lethiguel.com\\\/de\\\/aluminium-warmhaltestation-twiga.html\"]}]},{\"@type\":\"BreadcrumbList\",\"@id\":\"https:\\\/\\\/lethiguel.com\\\/de\\\/aluminium-warmhaltestation-twiga.html#breadcrumb\",\"itemListElement\":[{\"@type\":\"ListItem\",\"position\":1,\"name\":\"Accueil\",\"item\":\"https:\\\/\\\/lethiguel.com\\\/de\\\/\"},{\"@type\":\"ListItem\",\"position\":2,\"name\":\"Twiga, Aluminium Warmhaltestation\"}]},{\"@type\":\"WebSite\",\"@id\":\"https:\\\/\\\/lethiguel.com\\\/de\\\/#website\",\"url\":\"https:\\\/\\\/lethiguel.com\\\/de\\\/\",\"name\":\"Lethiguel Deutsch\",\"description\":\"Heating and cooling solutions\",\"potentialAction\":[{\"@type\":\"SearchAction\",\"target\":{\"@type\":\"EntryPoint\",\"urlTemplate\":\"https:\\\/\\\/lethiguel.com\\\/de\\\/?s={search_term_string}\"},\"query-input\":{\"@type\":\"PropertyValueSpecification\",\"valueRequired\":true,\"valueName\":\"search_term_string\"}}],\"inLanguage\":\"de\"}]}<\/script>\n<!-- \/ Yoast SEO plugin. -->","yoast_head_json":{"title":"Lethiguel","description":"Aluminium Warmhaltestation mit Tauchheizk\u00f6rper und Entgasung. Twiga kann Ihren Arbeitsraum und Ihren Energieverbrauch optimieren! Mehr info!","robots":{"index":"index","follow":"follow","max-snippet":"max-snippet:-1","max-image-preview":"max-image-preview:large","max-video-preview":"max-video-preview:-1"},"canonical":"https:\/\/lethiguel.com\/de\/aluminium-warmhaltestation-twiga.html","og_locale":"de_DE","og_type":"article","og_title":"Lethiguel","og_description":"Aluminium Warmhaltestation mit Tauchheizk\u00f6rper und Entgasung. Twiga kann Ihren Arbeitsraum und Ihren Energieverbrauch optimieren! Mehr info!","og_url":"https:\/\/lethiguel.com\/de\/aluminium-warmhaltestation-twiga.html","og_site_name":"Lethiguel Deutsch","article_modified_time":"2023-11-10T13:38:20+00:00","twitter_card":"summary_large_image","twitter_misc":{"Gesch\u00e4tzte Lesezeit":"6\u00a0Minuten"},"schema":{"@context":"https:\/\/schema.org","@graph":[{"@type":"WebPage","@id":"https:\/\/lethiguel.com\/de\/aluminium-warmhaltestation-twiga.html","url":"https:\/\/lethiguel.com\/de\/aluminium-warmhaltestation-twiga.html","name":"Lethiguel","isPartOf":{"@id":"https:\/\/lethiguel.com\/de\/#website"},"datePublished":"2019-06-20T12:49:22+00:00","dateModified":"2023-11-10T13:38:20+00:00","description":"Aluminium Warmhaltestation mit Tauchheizk\u00f6rper und Entgasung. Twiga kann Ihren Arbeitsraum und Ihren Energieverbrauch optimieren! Mehr info!","breadcrumb":{"@id":"https:\/\/lethiguel.com\/de\/aluminium-warmhaltestation-twiga.html#breadcrumb"},"inLanguage":"de","potentialAction":[{"@type":"ReadAction","target":["https:\/\/lethiguel.com\/de\/aluminium-warmhaltestation-twiga.html"]}]},{"@type":"BreadcrumbList","@id":"https:\/\/lethiguel.com\/de\/aluminium-warmhaltestation-twiga.html#breadcrumb","itemListElement":[{"@type":"ListItem","position":1,"name":"Accueil","item":"https:\/\/lethiguel.com\/de\/"},{"@type":"ListItem","position":2,"name":"Twiga, Aluminium Warmhaltestation"}]},{"@type":"WebSite","@id":"https:\/\/lethiguel.com\/de\/#website","url":"https:\/\/lethiguel.com\/de\/","name":"Lethiguel Deutsch","description":"Heating and cooling solutions","potentialAction":[{"@type":"SearchAction","target":{"@type":"EntryPoint","urlTemplate":"https:\/\/lethiguel.com\/de\/?s={search_term_string}"},"query-input":{"@type":"PropertyValueSpecification","valueRequired":true,"valueName":"search_term_string"}}],"inLanguage":"de"}]}},"_links":{"self":[{"href":"https:\/\/lethiguel.com\/de\/wp-json\/wp\/v2\/pages\/348","targetHints":{"allow":["GET"]}}],"collection":[{"href":"https:\/\/lethiguel.com\/de\/wp-json\/wp\/v2\/pages"}],"about":[{"href":"https:\/\/lethiguel.com\/de\/wp-json\/wp\/v2\/types\/page"}],"author":[{"embeddable":true,"href":"https:\/\/lethiguel.com\/de\/wp-json\/wp\/v2\/users\/1"}],"replies":[{"embeddable":true,"href":"https:\/\/lethiguel.com\/de\/wp-json\/wp\/v2\/comments?post=348"}],"version-history":[{"count":39,"href":"https:\/\/lethiguel.com\/de\/wp-json\/wp\/v2\/pages\/348\/revisions"}],"predecessor-version":[{"id":2031,"href":"https:\/\/lethiguel.com\/de\/wp-json\/wp\/v2\/pages\/348\/revisions\/2031"}],"wp:attachment":[{"href":"https:\/\/lethiguel.com\/de\/wp-json\/wp\/v2\/media?parent=348"}],"curies":[{"name":"wp","href":"https:\/\/api.w.org\/{rel}","templated":true}]}}