{"id":355,"date":"2019-06-20T15:12:00","date_gmt":"2019-06-20T13:12:00","guid":{"rendered":"https:\/\/lethiguel.com\/de\/?page_id=355"},"modified":"2020-10-06T13:57:33","modified_gmt":"2020-10-06T11:57:33","slug":"reinigungsset-clean-kit","status":"publish","type":"page","link":"https:\/\/lethiguel.com\/de\/reinigungsset-clean-kit.html","title":{"rendered":"Clean Kit, Reinigungsset f\u00fcr Tauchsieder"},"content":{"rendered":"<section class=\"wpb-content-wrapper\"><p>[vc_row el_class=&#8220;bloc-article&#8220;][vc_column width=&#8220;1\/2&#8243; el_class=&#8220;texteblanc bloc-text-bloc-article&#8220;][vc_column_text css=&#8220;.vc_custom_1585828551353{padding-top: 20px !important;padding-right: 20px !important;padding-bottom: 20px !important;padding-left: 20px !important;background-color: #313131 !important;}&#8220;]Die Effizienz von Produktionswerkzeugen wie Tauchheizungen wird teilweise durch den Zustand des Werkzeugs beeinflusst. Daher ist das <strong class=\"d2b\">Reinigungsset Clean Kit<\/strong> &#8222;Muss&#8220;, um sicherzustellen, dass Sie das Beste aus Ihrer Ausr\u00fcstung herausholen.<\/p>\n<p><span class=\"fort\">ref. WERKZEUG-CLEANKIT-00<\/span>[\/vc_column_text][\/vc_column][vc_column width=&#8220;1\/2&#8243; animation=&#8220;fadeInRight&#8220;][vc_single_image image=&#8220;1195&#8243; img_size=&#8220;full&#8220; alignment=&#8220;center&#8220; el_class=&#8220;centrage&#8220;][\/vc_column][\/vc_row][vc_row][vc_column][vc_separator][\/vc_column][vc_column][vc_column_text]<\/p>\n<h2 style=\"text-align: center;\">Peripherieger\u00e4te f\u00fcr Heizl\u00f6sungen<\/h2>\n<p>[\/vc_column_text][vc_empty_space][\/vc_column][\/vc_row][vc_row animation=&#8220;fadeInLeft&#8220;][vc_column width=&#8220;1\/2&#8243;][vc_column_text]<\/p>\n<h3>Tauchheizer-Reiniger<\/h3>\n<p>Der Heizer-Reiniger ist ein Reinigungswerkzeug f\u00fcr Tauchheizungen. Es wurde passend f\u00fcr die Thermal Power Heizer Produktpalette entwickelt und hilft Betreibern bei der Durchf\u00fchrung einer ordnungsgem\u00e4\u00dfen Reinigung des Heizers. Je gr\u00fcndlicher die Reinigung, desto l\u00e4nger die Lebensdauer.<\/p>\n<p>Ref. TOOL-HEATERCL-00[\/vc_column_text][\/vc_column][vc_column width=&#8220;1\/2&#8243;][vc_single_image image=&#8220;133&#8243; img_size=&#8220;medium&#8220; alignment=&#8220;center&#8220;][\/vc_column][vc_column][vc_separator][\/vc_column][\/vc_row][vc_row animation=&#8220;fadeInRight&#8220;][vc_column width=&#8220;1\/2&#8243;][vc_single_image image=&#8220;1550&#8243; img_size=&#8220;medium&#8220; alignment=&#8220;center&#8220;][\/vc_column][vc_column width=&#8220;1\/2&#8243;][vc_column_text]<\/p>\n<h3>Aluminium-Schmelzbad-Reiniger<\/h3>\n<p>Der Schmelzbad-Reiniger ist ein Reinigungswerkzeug f\u00fcr das Aluminiumbad. Er wurde entwickelt, um Schlacke und Oxidation von der Oberfl\u00e4che Ihres Ofens oder Ihrer Transportpfanne zu entfernen.<\/p>\n<p>Ref. TOOL-BATHCL-00[\/vc_column_text][\/vc_column][\/vc_row][vc_row][vc_column][vc_separator][\/vc_column][\/vc_row][vc_row animation=&#8220;fadeInLeft&#8220;][vc_column width=&#8220;1\/2&#8243;][vc_column_text]<\/p>\n<h3>Feuerfester Wandreiniger<\/h3>\n<p>Der Wandreiniger ist ein Reinigungswerkzeug f\u00fcr die feuerfeste Wand eines Ofens oder einer Transportpfanne. Dank eines handlichen Designs hilft es, Schlackeablagerungen von feuerfesten W\u00e4nden zu entfernen.<\/p>\n<p>Ref. TOOL-WALLCL-00[\/vc_column_text][\/vc_column][vc_column width=&#8220;1\/2&#8243;][vc_single_image image=&#8220;1551&#8243; img_size=&#8220;medium&#8220; alignment=&#8220;center&#8220;][\/vc_column][\/vc_row][vc_row][vc_column][vc_btn title=&#8220;Kontaktiere uns&#8220; style=&#8220;custom&#8220; custom_background=&#8220;#cf302d&#8220; custom_text=&#8220;#ffffff&#8220; size=&#8220;lg&#8220; align=&#8220;center&#8220; link=&#8220;url:https%3A%2F%2Flethiguel.com%2Fde%2Fkontakt.html|title:Contact||&#8220;][\/vc_column][\/vc_row]<\/p>\n<\/section>","protected":false},"excerpt":{"rendered":"<p>[vc_row el_class=&#8220;bloc-article&#8220;][vc_column width=&#8220;1\/2&#8243; el_class=&#8220;texteblanc bloc-text-bloc-article&#8220;][vc_column_text css=&#8220;.vc_custom_1585828551353{padding-top: 20px !important;padding-right: 20px !important;padding-bottom: 20px !important;padding-left: 20px !important;background-color: #313131 !important;}&#8220;]Die Effizienz von Produktionswerkzeugen wie Tauchheizungen wird teilweise durch den Zustand des Werkzeugs beeinflusst. Daher ist das Reinigungsset Clean Kit &#8222;Muss&#8220;, um sicherzustellen, dass Sie das Beste aus Ihrer Ausr\u00fcstung herausholen. ref. WERKZEUG-CLEANKIT-00[\/vc_column_text][\/vc_column][vc_column width=&#8220;1\/2&#8243; animation=&#8220;fadeInRight&#8220;][vc_single_image image=&#8220;1195&#8243; img_size=&#8220;full&#8220; alignment=&#8220;center&#8220; el_class=&#8220;centrage&#8220;][\/vc_column][\/vc_row][vc_row][vc_column][vc_separator][\/vc_column][vc_column][vc_column_text] Peripherieger\u00e4te&hellip;<\/p>\n","protected":false},"author":1,"featured_media":0,"parent":0,"menu_order":0,"comment_status":"closed","ping_status":"closed","template":"","meta":{"footnotes":""},"class_list":["post-355","page","type-page","status-publish","hentry","description-off"],"yoast_head":"<!-- This site is optimized with the Yoast SEO plugin v27.4 - https:\/\/yoast.com\/product\/yoast-seo-wordpress\/ -->\n<title>Lethiguel<\/title>\n<meta name=\"description\" content=\"Bei ordnungsgem\u00e4\u00dfer Reinigung und Wartung der Tauchsieder. Sie k\u00f6nnen die Lebensdauer und Effizienz Ihres Tauchheizungssystems verbessern! Mehr erfahren.\" \/>\n<meta name=\"robots\" content=\"index, follow, max-snippet:-1, max-image-preview:large, max-video-preview:-1\" \/>\n<link rel=\"canonical\" href=\"https:\/\/lethiguel.com\/de\/reinigungsset-clean-kit.html\" \/>\n<meta property=\"og:locale\" content=\"de_DE\" \/>\n<meta property=\"og:type\" content=\"article\" \/>\n<meta property=\"og:title\" content=\"Lethiguel\" \/>\n<meta property=\"og:description\" content=\"Bei ordnungsgem\u00e4\u00dfer Reinigung und Wartung der Tauchsieder. Sie k\u00f6nnen die Lebensdauer und Effizienz Ihres Tauchheizungssystems verbessern! Mehr erfahren.\" \/>\n<meta property=\"og:url\" content=\"https:\/\/lethiguel.com\/de\/reinigungsset-clean-kit.html\" \/>\n<meta property=\"og:site_name\" content=\"Lethiguel Deutsch\" \/>\n<meta property=\"article:modified_time\" content=\"2020-10-06T11:57:33+00:00\" \/>\n<meta name=\"twitter:card\" content=\"summary_large_image\" \/>\n<meta name=\"twitter:label1\" content=\"Gesch\u00e4tzte Lesezeit\" \/>\n\t<meta name=\"twitter:data1\" content=\"2\u00a0Minuten\" \/>\n<script type=\"application\/ld+json\" class=\"yoast-schema-graph\">{\"@context\":\"https:\\\/\\\/schema.org\",\"@graph\":[{\"@type\":\"WebPage\",\"@id\":\"https:\\\/\\\/lethiguel.com\\\/de\\\/reinigungsset-clean-kit.html\",\"url\":\"https:\\\/\\\/lethiguel.com\\\/de\\\/reinigungsset-clean-kit.html\",\"name\":\"Lethiguel\",\"isPartOf\":{\"@id\":\"https:\\\/\\\/lethiguel.com\\\/de\\\/#website\"},\"datePublished\":\"2019-06-20T13:12:00+00:00\",\"dateModified\":\"2020-10-06T11:57:33+00:00\",\"description\":\"Bei ordnungsgem\u00e4\u00dfer Reinigung und Wartung der Tauchsieder. Sie k\u00f6nnen die Lebensdauer und Effizienz Ihres Tauchheizungssystems verbessern! Mehr erfahren.\",\"breadcrumb\":{\"@id\":\"https:\\\/\\\/lethiguel.com\\\/de\\\/reinigungsset-clean-kit.html#breadcrumb\"},\"inLanguage\":\"de\",\"potentialAction\":[{\"@type\":\"ReadAction\",\"target\":[\"https:\\\/\\\/lethiguel.com\\\/de\\\/reinigungsset-clean-kit.html\"]}]},{\"@type\":\"BreadcrumbList\",\"@id\":\"https:\\\/\\\/lethiguel.com\\\/de\\\/reinigungsset-clean-kit.html#breadcrumb\",\"itemListElement\":[{\"@type\":\"ListItem\",\"position\":1,\"name\":\"Accueil\",\"item\":\"https:\\\/\\\/lethiguel.com\\\/de\\\/\"},{\"@type\":\"ListItem\",\"position\":2,\"name\":\"Clean Kit, Reinigungsset f\u00fcr Tauchsieder\"}]},{\"@type\":\"WebSite\",\"@id\":\"https:\\\/\\\/lethiguel.com\\\/de\\\/#website\",\"url\":\"https:\\\/\\\/lethiguel.com\\\/de\\\/\",\"name\":\"Lethiguel Deutsch\",\"description\":\"Heating and cooling solutions\",\"potentialAction\":[{\"@type\":\"SearchAction\",\"target\":{\"@type\":\"EntryPoint\",\"urlTemplate\":\"https:\\\/\\\/lethiguel.com\\\/de\\\/?s={search_term_string}\"},\"query-input\":{\"@type\":\"PropertyValueSpecification\",\"valueRequired\":true,\"valueName\":\"search_term_string\"}}],\"inLanguage\":\"de\"}]}<\/script>\n<!-- \/ Yoast SEO plugin. -->","yoast_head_json":{"title":"Lethiguel","description":"Bei ordnungsgem\u00e4\u00dfer Reinigung und Wartung der Tauchsieder. Sie k\u00f6nnen die Lebensdauer und Effizienz Ihres Tauchheizungssystems verbessern! Mehr erfahren.","robots":{"index":"index","follow":"follow","max-snippet":"max-snippet:-1","max-image-preview":"max-image-preview:large","max-video-preview":"max-video-preview:-1"},"canonical":"https:\/\/lethiguel.com\/de\/reinigungsset-clean-kit.html","og_locale":"de_DE","og_type":"article","og_title":"Lethiguel","og_description":"Bei ordnungsgem\u00e4\u00dfer Reinigung und Wartung der Tauchsieder. Sie k\u00f6nnen die Lebensdauer und Effizienz Ihres Tauchheizungssystems verbessern! Mehr erfahren.","og_url":"https:\/\/lethiguel.com\/de\/reinigungsset-clean-kit.html","og_site_name":"Lethiguel Deutsch","article_modified_time":"2020-10-06T11:57:33+00:00","twitter_card":"summary_large_image","twitter_misc":{"Gesch\u00e4tzte Lesezeit":"2\u00a0Minuten"},"schema":{"@context":"https:\/\/schema.org","@graph":[{"@type":"WebPage","@id":"https:\/\/lethiguel.com\/de\/reinigungsset-clean-kit.html","url":"https:\/\/lethiguel.com\/de\/reinigungsset-clean-kit.html","name":"Lethiguel","isPartOf":{"@id":"https:\/\/lethiguel.com\/de\/#website"},"datePublished":"2019-06-20T13:12:00+00:00","dateModified":"2020-10-06T11:57:33+00:00","description":"Bei ordnungsgem\u00e4\u00dfer Reinigung und Wartung der Tauchsieder. Sie k\u00f6nnen die Lebensdauer und Effizienz Ihres Tauchheizungssystems verbessern! Mehr erfahren.","breadcrumb":{"@id":"https:\/\/lethiguel.com\/de\/reinigungsset-clean-kit.html#breadcrumb"},"inLanguage":"de","potentialAction":[{"@type":"ReadAction","target":["https:\/\/lethiguel.com\/de\/reinigungsset-clean-kit.html"]}]},{"@type":"BreadcrumbList","@id":"https:\/\/lethiguel.com\/de\/reinigungsset-clean-kit.html#breadcrumb","itemListElement":[{"@type":"ListItem","position":1,"name":"Accueil","item":"https:\/\/lethiguel.com\/de\/"},{"@type":"ListItem","position":2,"name":"Clean Kit, Reinigungsset f\u00fcr Tauchsieder"}]},{"@type":"WebSite","@id":"https:\/\/lethiguel.com\/de\/#website","url":"https:\/\/lethiguel.com\/de\/","name":"Lethiguel Deutsch","description":"Heating and cooling solutions","potentialAction":[{"@type":"SearchAction","target":{"@type":"EntryPoint","urlTemplate":"https:\/\/lethiguel.com\/de\/?s={search_term_string}"},"query-input":{"@type":"PropertyValueSpecification","valueRequired":true,"valueName":"search_term_string"}}],"inLanguage":"de"}]}},"_links":{"self":[{"href":"https:\/\/lethiguel.com\/de\/wp-json\/wp\/v2\/pages\/355","targetHints":{"allow":["GET"]}}],"collection":[{"href":"https:\/\/lethiguel.com\/de\/wp-json\/wp\/v2\/pages"}],"about":[{"href":"https:\/\/lethiguel.com\/de\/wp-json\/wp\/v2\/types\/page"}],"author":[{"embeddable":true,"href":"https:\/\/lethiguel.com\/de\/wp-json\/wp\/v2\/users\/1"}],"replies":[{"embeddable":true,"href":"https:\/\/lethiguel.com\/de\/wp-json\/wp\/v2\/comments?post=355"}],"version-history":[{"count":17,"href":"https:\/\/lethiguel.com\/de\/wp-json\/wp\/v2\/pages\/355\/revisions"}],"predecessor-version":[{"id":1819,"href":"https:\/\/lethiguel.com\/de\/wp-json\/wp\/v2\/pages\/355\/revisions\/1819"}],"wp:attachment":[{"href":"https:\/\/lethiguel.com\/de\/wp-json\/wp\/v2\/media?parent=355"}],"curies":[{"name":"wp","href":"https:\/\/api.w.org\/{rel}","templated":true}]}}