{"id":361,"date":"2019-06-20T15:18:08","date_gmt":"2019-06-20T13:18:08","guid":{"rendered":"https:\/\/lethiguel.com\/de\/?page_id=361"},"modified":"2020-10-06T14:08:13","modified_gmt":"2020-10-06T12:08:13","slug":"heizungswagen","status":"publish","type":"page","link":"https:\/\/lethiguel.com\/de\/heizungswagen.html","title":{"rendered":"Heizungswagen"},"content":{"rendered":"<section class=\"wpb-content-wrapper\"><p>[vc_row el_class=&#8220;bloc-article&#8220;][vc_column width=&#8220;1\/3&#8243; el_class=&#8220;texteblanc bloc-text-bloc-article&#8220;][vc_column_text css=&#8220;.vc_custom_1576266773148{padding-top: 20px !important;padding-right: 20px !important;padding-bottom: 20px !important;padding-left: 20px !important;background-color: #313131 !important;}&#8220;]Der <strong class=\"d2b\">Heizwagen<\/strong> ist ein Ofenumfangsger\u00e4t f\u00fcr <strong class=\"d2b\">Tauchheizk\u00f6rper<\/strong>, <strong class=\"d2b\">Thermoelemente<\/strong> und <strong class=\"d2b\">Lufterhitzer<\/strong>. Dieser <strong class=\"d2b\">Heizwagen<\/strong> ist kompatibel mit der Thermal Power Heater Serie und QuickCheck ; sein praktisches Design erleichtert die Handhabung der Heizger\u00e4te, da es Bedienern und Wartungspersonal erm\u00f6glicht, Heizger\u00e4te in der Gie\u00dferei zu bewegen und zu benutzen.<\/p>\n<p><span class=\"fort\">Ref. DESTP-00<\/span>[\/vc_column_text][\/vc_column][vc_column width=&#8220;2\/3&#8243; animation=&#8220;fadeInRight&#8220; el_class=&#8220;bloc-img-bloc-article&#8220;][vc_single_image image=&#8220;1271&#8243; img_size=&#8220;full&#8220; alignment=&#8220;center&#8220;][\/vc_column][\/vc_row][vc_row][vc_column][vc_btn title=&#8220;Kontaktiere uns&#8220; style=&#8220;custom&#8220; custom_background=&#8220;#cf302d&#8220; custom_text=&#8220;#ffffff&#8220; size=&#8220;lg&#8220; align=&#8220;center&#8220; link=&#8220;url:%2Fde%2Fkontakt.html|title:Contact||&#8220;][\/vc_column][\/vc_row]<\/p>\n<\/section>","protected":false},"excerpt":{"rendered":"<p>[vc_row el_class=&#8220;bloc-article&#8220;][vc_column width=&#8220;1\/3&#8243; el_class=&#8220;texteblanc bloc-text-bloc-article&#8220;][vc_column_text css=&#8220;.vc_custom_1576266773148{padding-top: 20px !important;padding-right: 20px !important;padding-bottom: 20px !important;padding-left: 20px !important;background-color: #313131 !important;}&#8220;]Der Heizwagen ist ein Ofenumfangsger\u00e4t f\u00fcr Tauchheizk\u00f6rper, Thermoelemente und Lufterhitzer. Dieser Heizwagen ist kompatibel mit der Thermal Power Heater Serie und QuickCheck ; sein praktisches Design erleichtert die Handhabung der Heizger\u00e4te, da es Bedienern und Wartungspersonal erm\u00f6glicht, Heizger\u00e4te in der&hellip;<\/p>\n","protected":false},"author":1,"featured_media":0,"parent":0,"menu_order":0,"comment_status":"closed","ping_status":"closed","template":"","meta":{"footnotes":""},"class_list":["post-361","page","type-page","status-publish","hentry","description-off"],"yoast_head":"<!-- This site is optimized with the Yoast SEO plugin v27.4 - https:\/\/yoast.com\/product\/yoast-seo-wordpress\/ -->\n<title>Lethiguel<\/title>\n<meta name=\"description\" content=\"Ein Wagen f\u00fcr Tauchsieder und Thermoelement. Perfekt f\u00fcr Gie\u00dferei und Druckgussindustrie! . Mehr info!\" \/>\n<meta name=\"robots\" content=\"index, follow, max-snippet:-1, max-image-preview:large, max-video-preview:-1\" \/>\n<link rel=\"canonical\" href=\"https:\/\/lethiguel.com\/de\/heizungswagen.html\" \/>\n<meta property=\"og:locale\" content=\"de_DE\" \/>\n<meta property=\"og:type\" content=\"article\" \/>\n<meta property=\"og:title\" content=\"Lethiguel\" \/>\n<meta property=\"og:description\" content=\"Ein Wagen f\u00fcr Tauchsieder und Thermoelement. Perfekt f\u00fcr Gie\u00dferei und Druckgussindustrie! . Mehr info!\" \/>\n<meta property=\"og:url\" content=\"https:\/\/lethiguel.com\/de\/heizungswagen.html\" \/>\n<meta property=\"og:site_name\" content=\"Lethiguel Deutsch\" \/>\n<meta property=\"article:modified_time\" content=\"2020-10-06T12:08:13+00:00\" \/>\n<meta name=\"twitter:card\" content=\"summary_large_image\" \/>\n<meta name=\"twitter:label1\" content=\"Gesch\u00e4tzte Lesezeit\" \/>\n\t<meta name=\"twitter:data1\" content=\"1\u00a0Minute\" \/>\n<script type=\"application\/ld+json\" class=\"yoast-schema-graph\">{\"@context\":\"https:\\\/\\\/schema.org\",\"@graph\":[{\"@type\":\"WebPage\",\"@id\":\"https:\\\/\\\/lethiguel.com\\\/de\\\/heizungswagen.html\",\"url\":\"https:\\\/\\\/lethiguel.com\\\/de\\\/heizungswagen.html\",\"name\":\"Lethiguel\",\"isPartOf\":{\"@id\":\"https:\\\/\\\/lethiguel.com\\\/de\\\/#website\"},\"datePublished\":\"2019-06-20T13:18:08+00:00\",\"dateModified\":\"2020-10-06T12:08:13+00:00\",\"description\":\"Ein Wagen f\u00fcr Tauchsieder und Thermoelement. Perfekt f\u00fcr Gie\u00dferei und Druckgussindustrie! . Mehr info!\",\"breadcrumb\":{\"@id\":\"https:\\\/\\\/lethiguel.com\\\/de\\\/heizungswagen.html#breadcrumb\"},\"inLanguage\":\"de\",\"potentialAction\":[{\"@type\":\"ReadAction\",\"target\":[\"https:\\\/\\\/lethiguel.com\\\/de\\\/heizungswagen.html\"]}]},{\"@type\":\"BreadcrumbList\",\"@id\":\"https:\\\/\\\/lethiguel.com\\\/de\\\/heizungswagen.html#breadcrumb\",\"itemListElement\":[{\"@type\":\"ListItem\",\"position\":1,\"name\":\"Accueil\",\"item\":\"https:\\\/\\\/lethiguel.com\\\/de\\\/\"},{\"@type\":\"ListItem\",\"position\":2,\"name\":\"Heizungswagen\"}]},{\"@type\":\"WebSite\",\"@id\":\"https:\\\/\\\/lethiguel.com\\\/de\\\/#website\",\"url\":\"https:\\\/\\\/lethiguel.com\\\/de\\\/\",\"name\":\"Lethiguel Deutsch\",\"description\":\"Heating and cooling solutions\",\"potentialAction\":[{\"@type\":\"SearchAction\",\"target\":{\"@type\":\"EntryPoint\",\"urlTemplate\":\"https:\\\/\\\/lethiguel.com\\\/de\\\/?s={search_term_string}\"},\"query-input\":{\"@type\":\"PropertyValueSpecification\",\"valueRequired\":true,\"valueName\":\"search_term_string\"}}],\"inLanguage\":\"de\"}]}<\/script>\n<!-- \/ Yoast SEO plugin. -->","yoast_head_json":{"title":"Lethiguel","description":"Ein Wagen f\u00fcr Tauchsieder und Thermoelement. Perfekt f\u00fcr Gie\u00dferei und Druckgussindustrie! . Mehr info!","robots":{"index":"index","follow":"follow","max-snippet":"max-snippet:-1","max-image-preview":"max-image-preview:large","max-video-preview":"max-video-preview:-1"},"canonical":"https:\/\/lethiguel.com\/de\/heizungswagen.html","og_locale":"de_DE","og_type":"article","og_title":"Lethiguel","og_description":"Ein Wagen f\u00fcr Tauchsieder und Thermoelement. Perfekt f\u00fcr Gie\u00dferei und Druckgussindustrie! . Mehr info!","og_url":"https:\/\/lethiguel.com\/de\/heizungswagen.html","og_site_name":"Lethiguel Deutsch","article_modified_time":"2020-10-06T12:08:13+00:00","twitter_card":"summary_large_image","twitter_misc":{"Gesch\u00e4tzte Lesezeit":"1\u00a0Minute"},"schema":{"@context":"https:\/\/schema.org","@graph":[{"@type":"WebPage","@id":"https:\/\/lethiguel.com\/de\/heizungswagen.html","url":"https:\/\/lethiguel.com\/de\/heizungswagen.html","name":"Lethiguel","isPartOf":{"@id":"https:\/\/lethiguel.com\/de\/#website"},"datePublished":"2019-06-20T13:18:08+00:00","dateModified":"2020-10-06T12:08:13+00:00","description":"Ein Wagen f\u00fcr Tauchsieder und Thermoelement. Perfekt f\u00fcr Gie\u00dferei und Druckgussindustrie! . Mehr info!","breadcrumb":{"@id":"https:\/\/lethiguel.com\/de\/heizungswagen.html#breadcrumb"},"inLanguage":"de","potentialAction":[{"@type":"ReadAction","target":["https:\/\/lethiguel.com\/de\/heizungswagen.html"]}]},{"@type":"BreadcrumbList","@id":"https:\/\/lethiguel.com\/de\/heizungswagen.html#breadcrumb","itemListElement":[{"@type":"ListItem","position":1,"name":"Accueil","item":"https:\/\/lethiguel.com\/de\/"},{"@type":"ListItem","position":2,"name":"Heizungswagen"}]},{"@type":"WebSite","@id":"https:\/\/lethiguel.com\/de\/#website","url":"https:\/\/lethiguel.com\/de\/","name":"Lethiguel Deutsch","description":"Heating and cooling solutions","potentialAction":[{"@type":"SearchAction","target":{"@type":"EntryPoint","urlTemplate":"https:\/\/lethiguel.com\/de\/?s={search_term_string}"},"query-input":{"@type":"PropertyValueSpecification","valueRequired":true,"valueName":"search_term_string"}}],"inLanguage":"de"}]}},"_links":{"self":[{"href":"https:\/\/lethiguel.com\/de\/wp-json\/wp\/v2\/pages\/361","targetHints":{"allow":["GET"]}}],"collection":[{"href":"https:\/\/lethiguel.com\/de\/wp-json\/wp\/v2\/pages"}],"about":[{"href":"https:\/\/lethiguel.com\/de\/wp-json\/wp\/v2\/types\/page"}],"author":[{"embeddable":true,"href":"https:\/\/lethiguel.com\/de\/wp-json\/wp\/v2\/users\/1"}],"replies":[{"embeddable":true,"href":"https:\/\/lethiguel.com\/de\/wp-json\/wp\/v2\/comments?post=361"}],"version-history":[{"count":15,"href":"https:\/\/lethiguel.com\/de\/wp-json\/wp\/v2\/pages\/361\/revisions"}],"predecessor-version":[{"id":1820,"href":"https:\/\/lethiguel.com\/de\/wp-json\/wp\/v2\/pages\/361\/revisions\/1820"}],"wp:attachment":[{"href":"https:\/\/lethiguel.com\/de\/wp-json\/wp\/v2\/media?parent=361"}],"curies":[{"name":"wp","href":"https:\/\/api.w.org\/{rel}","templated":true}]}}