{"id":376,"date":"2019-06-20T15:58:43","date_gmt":"2019-06-20T13:58:43","guid":{"rendered":"https:\/\/lethiguel.com\/de\/?page_id=376"},"modified":"2020-10-06T13:30:52","modified_gmt":"2020-10-06T11:30:52","slug":"ceral","status":"publish","type":"page","link":"https:\/\/lethiguel.com\/de\/ceral.html","title":{"rendered":"Ceral, Schutzrohr und Entgasung Stiel"},"content":{"rendered":"<section class=\"wpb-content-wrapper\"><p>[vc_row el_class=&#8220;bloc-article&#8220;][vc_column width=&#8220;1\/3&#8243; el_class=&#8220;texteblanc bloc-text-bloc-article&#8220;][vc_column_text css=&#8220;.vc_custom_1585743611626{padding-top: 20px !important;padding-right: 20px !important;padding-bottom: 20px !important;padding-left: 20px !important;background-color: #313131 !important;}&#8220;]<\/p>\n<h3 class=\"avantages1\">Schutzrohr und Entgasungsstiel &#8211; Korrekte Gebrauchsanweisung:<\/h3>\n<ul>\n<li>Vor Gebrauch in trockener Atmosph\u00e4re lagern.<\/li>\n<li>Vorw\u00e4rmen vor dem Erw\u00e4rmen des Kaltofens<\/li>\n<li>Material allm\u00e4hlich aufheizen\/abk\u00fchlen &#8211; abruptes Abk\u00fchlen und Erw\u00e4rmen vermeiden.<\/li>\n<li>Mit Vorsicht behandeln<\/li>\n<li>Unter regelm\u00e4\u00dfiger Wartung halten, um die Lebensdauer zu verl\u00e4ngern.<\/li>\n<\/ul>\n<p>[\/vc_column_text][vc_column_text css=&#8220;.vc_custom_1585743624352{margin-top: -40px !important;padding-top: 20px !important;padding-right: 20px !important;padding-bottom: 20px !important;padding-left: 20px !important;background-color: #cf302d !important;}&#8220;]<span class=\"fort\">Ceral bietet eine ganze Reihe von Technologien und Designs auf spezifischen Bedarf an und stellt entsprechende Bedienungsanleitungen zur Verf\u00fcgung.<\/span>[\/vc_column_text][\/vc_column][vc_column width=&#8220;2\/3&#8243; animation=&#8220;fadeInRight&#8220; el_class=&#8220;bloc-img-bloc-article&#8220;][vc_single_image image=&#8220;1191&#8243; img_size=&#8220;full&#8220; alignment=&#8220;center&#8220; el_class=&#8220;centrage&#8220;][\/vc_column][\/vc_row][vc_row margin_top=&#8220;60&#8243;][vc_column animation=&#8220;fadeInLeft&#8220;][vc_column_text]<\/p>\n<h3>Schutzrohr<\/h3>\n<p>[\/vc_column_text][vc_separator align=&#8220;align_left&#8220; el_width=&#8220;20&#8243; css=&#8220;.vc_custom_1577175365837{margin-top: -30px !important;}&#8220;][\/vc_column][\/vc_row][vc_row animation=&#8220;fadeInLeft&#8220;][vc_column width=&#8220;1\/3&#8243;][vc_single_image image=&#8220;1523&#8243; img_size=&#8220;medium&#8220; alignment=&#8220;center&#8220; css=&#8220;.vc_custom_1585743721637{margin-top: 40px !important;}&#8220;][\/vc_column][vc_column width=&#8220;1\/3&#8243;][vc_column_text]<\/p>\n<p style=\"text-align: center;\">Hauptanwendungen<\/p>\n<p>[\/vc_column_text][vc_separator el_width=&#8220;60&#8243; css=&#8220;.vc_custom_1577176080605{margin-top: -30px !important;}&#8220;][\/vc_column][vc_column width=&#8220;1\/3&#8243; css=&#8220;.vc_custom_1577177034098{margin-top: 60px !important;margin-left: 30px !important;}&#8220;][vc_column_text]CERAL Silikon-Nitrid-Keramik hat die beste W\u00e4rmeleitf\u00e4higkeit, wenn sie f\u00fcr Aluminiumschmelzanwendungen genutzt wird. Auch wenn es unter einigen extremen Bedingungen einen Temperaturunterschied zwischen dem Rohr und der Aluminiuml\u00f6sung geben kann, arbeitet das Heizschutzrohr stabil. In Bezug auf die Lebensdauer kann es mit der richtigen Betriebsumgebung und regelm\u00e4\u00dfiger Wartung f\u00fcr viele Jahre verwendet werden.[\/vc_column_text][\/vc_column][\/vc_row][vc_row margin_top=&#8220;60&#8243; css=&#8220;.vc_custom_1577176394181{margin-bottom: 60px !important;}&#8220;][vc_column animation=&#8220;fadeInRight&#8220;][vc_column_text]<\/p>\n<h3>Stiel f\u00fcr Niederdruckguss<\/h3>\n<p>[\/vc_column_text][vc_separator align=&#8220;align_left&#8220; el_width=&#8220;20&#8243; css=&#8220;.vc_custom_1577175365837{margin-top: -30px !important;}&#8220;][\/vc_column][\/vc_row][vc_row animation=&#8220;fadeInRight&#8220;][vc_column width=&#8220;1\/3&#8243;][vc_single_image image=&#8220;1525&#8243; img_size=&#8220;medium&#8220; alignment=&#8220;center&#8220; css=&#8220;.vc_custom_1585743814765{margin-top: 40px !important;}&#8220;][\/vc_column][vc_column width=&#8220;1\/3&#8243;][vc_column_text]<\/p>\n<p style=\"text-align: center;\">Hauptanwendungen<\/p>\n<p>[\/vc_column_text][vc_separator el_width=&#8220;60&#8243; css=&#8220;.vc_custom_1577176080605{margin-top: -30px !important;}&#8220;][vc_single_image image=&#8220;1527&#8243; img_size=&#8220;medium&#8220; alignment=&#8220;center&#8220;][\/vc_column][vc_column width=&#8220;1\/3&#8243; css=&#8220;.vc_custom_1577177056709{margin-top: 60px !important;margin-left: 30px !important;}&#8220;][vc_column_text]CERAL Silikon-Nitrid-Keramikstiel hat eine ausgezeichnete Korrosionsbest\u00e4ndigkeit f\u00fcr Niederdruckguss-Anwendungen. Es hat bemerkenswerte, w\u00e4rme erhaltende Eigenschaften, so dass der W\u00e4rmeverlust auf ein Minimum reduziert wird.<\/p>\n<p>Bei regelm\u00e4\u00dfiger Wartung kann der Stiel f\u00fcr viele Jahre verwendet werden.[\/vc_column_text][\/vc_column][\/vc_row][vc_row margin_top=&#8220;60&#8243;][vc_column animation=&#8220;fadeInLeft&#8220;][vc_column_text]<\/p>\n<h3>Stopper-Rohr<\/h3>\n<p>[\/vc_column_text][vc_separator align=&#8220;align_left&#8220; el_width=&#8220;20&#8243; css=&#8220;.vc_custom_1577175365837{margin-top: -30px !important;}&#8220;][\/vc_column][\/vc_row][vc_row animation=&#8220;fadeInLeft&#8220;][vc_column width=&#8220;1\/3&#8243; css=&#8220;.vc_custom_1577176669052{margin-top: 30px !important;}&#8220;][vc_single_image image=&#8220;1529&#8243; img_size=&#8220;medium&#8220; alignment=&#8220;center&#8220; css=&#8220;.vc_custom_1585743925571{margin-top: 40px !important;}&#8220;][\/vc_column][vc_column width=&#8220;1\/3&#8243;][vc_column_text]<\/p>\n<p style=\"text-align: center;\">Hauptanwendungen<\/p>\n<p>[\/vc_column_text][vc_separator el_width=&#8220;60&#8243; css=&#8220;.vc_custom_1577176080605{margin-top: -30px !important;}&#8220;][vc_single_image image=&#8220;1528&#8243; img_size=&#8220;medium&#8220; alignment=&#8220;center&#8220;][\/vc_column][vc_column width=&#8220;1\/3&#8243; css=&#8220;.vc_custom_1577177066666{margin-top: 60px !important;margin-left: 30px !important;}&#8220;][vc_column_text]CERAL Silikon-Nitrid-Keramik hat eine hohe Dichte und Abriebfestigkeit; es ist das am besten geeignete Material f\u00fcr Niederdruckguss.<\/p>\n<p>Das Stopper-Rohr hat die vorteilhaftesten Eigenschaften: Robustheit, Nicht-Benetzung mit ausgezeichneter Designpr\u00e4zision.<\/p>\n<p>Bei regelm\u00e4\u00dfiger Wartung kann das Stopper-Rohr f\u00fcr viele Jahre verwendet werden.<\/p>\n<p>Die Eigenschaft der Nicht-Benetzung ist sehr wichtig, wenn es in Niederdruckgussanwendungen verwendet wird.[\/vc_column_text][\/vc_column][\/vc_row][vc_row margin_top=&#8220;60&#8243;][vc_column animation=&#8220;fadeInRight&#8220;][vc_column_text]<\/p>\n<h3>Entgasungsrohr und Rotor<\/h3>\n<p>[\/vc_column_text][vc_separator align=&#8220;align_left&#8220; el_width=&#8220;20&#8243; css=&#8220;.vc_custom_1577175365837{margin-top: -30px !important;}&#8220;][\/vc_column][\/vc_row][vc_row animation=&#8220;fadeInRight&#8220;][vc_column width=&#8220;1\/3&#8243; css=&#8220;.vc_custom_1577176669052{margin-top: 30px !important;}&#8220;][\/vc_column][vc_column width=&#8220;1\/3&#8243;][vc_column_text]<\/p>\n<p style=\"text-align: center;\">Hauptanwendungen<\/p>\n<p>[\/vc_column_text][vc_separator el_width=&#8220;60&#8243; css=&#8220;.vc_custom_1577176080605{margin-top: -30px !important;}&#8220;][vc_single_image image=&#8220;1532&#8243; img_size=&#8220;medium&#8220; alignment=&#8220;center&#8220;][\/vc_column][vc_column width=&#8220;1\/3&#8243; css=&#8220;.vc_custom_1577177073329{margin-top: 60px !important;margin-left: 30px !important;}&#8220;][vc_column_text]CERAL Silikon-Nitrid-Keramik hat eine hohe Dichte und Abriebfestigkeit, es ist das am besten geeignete Material f\u00fcr Entgasungsrohr und Rotorwelle.<\/p>\n<p>Die CERAL Silikon-Nitrid-Rotorwelle weist im Vergleich zu anderen Produkten eine au\u00dfergew\u00f6hnliche Korrosions- und Oxidationsbest\u00e4ndigkeit auf. Es gew\u00e4hrleistet eine hohe Effizienz bei der Entfernung von Wasserstoff.<\/p>\n<p>Bei regelm\u00e4\u00dfiger Wartung kann die Rotorwelle f\u00fcr viele Jahre verwendet werden.<\/p>\n<p>Die Effizienz der Entgasung variiert nach Rotorform und anderen Bedingungen.<\/p>\n<p>Wir verkaufen den f\u00fcr die jeweiligen Rahmenbedingungen am besten geeigneten Rotor .[\/vc_column_text][\/vc_column][\/vc_row][vc_row][vc_column][vc_btn title=&#8220;Kontaktiere uns&#8220; style=&#8220;custom&#8220; custom_background=&#8220;#cf302d&#8220; custom_text=&#8220;#ffffff&#8220; size=&#8220;lg&#8220; align=&#8220;center&#8220; link=&#8220;url:https%3A%2F%2Flethiguel.com%2Fcontact-us.html|title:Contact||&#8220;][\/vc_column][\/vc_row]<\/p>\n<\/section>","protected":false},"excerpt":{"rendered":"<p>[vc_row el_class=&#8220;bloc-article&#8220;][vc_column width=&#8220;1\/3&#8243; el_class=&#8220;texteblanc bloc-text-bloc-article&#8220;][vc_column_text css=&#8220;.vc_custom_1585743611626{padding-top: 20px !important;padding-right: 20px !important;padding-bottom: 20px !important;padding-left: 20px !important;background-color: #313131 !important;}&#8220;] Schutzrohr und Entgasungsstiel &#8211; Korrekte Gebrauchsanweisung: Vor Gebrauch in trockener Atmosph\u00e4re lagern. Vorw\u00e4rmen vor dem Erw\u00e4rmen des Kaltofens Material allm\u00e4hlich aufheizen\/abk\u00fchlen &#8211; abruptes Abk\u00fchlen und Erw\u00e4rmen vermeiden. Mit Vorsicht behandeln Unter regelm\u00e4\u00dfiger Wartung halten, um die Lebensdauer zu verl\u00e4ngern.&hellip;<\/p>\n","protected":false},"author":1,"featured_media":0,"parent":0,"menu_order":0,"comment_status":"closed","ping_status":"closed","template":"","meta":{"footnotes":""},"class_list":["post-376","page","type-page","status-publish","hentry","description-off"],"yoast_head":"<!-- This site is optimized with the Yoast SEO plugin v27.4 - https:\/\/yoast.com\/product\/yoast-seo-wordpress\/ -->\n<title>Lethiguel<\/title>\n<meta name=\"description\" content=\"Wir bieten eine ganze Reihe von Schutz-, Entgasungsrohren und Stielen. Die Technologien und Designs basieren auf spezifischen Anforderungen. Mehr info!\" \/>\n<meta name=\"robots\" content=\"index, follow, max-snippet:-1, max-image-preview:large, max-video-preview:-1\" \/>\n<link rel=\"canonical\" href=\"https:\/\/lethiguel.com\/de\/ceral.html\" \/>\n<meta property=\"og:locale\" content=\"de_DE\" \/>\n<meta property=\"og:type\" content=\"article\" \/>\n<meta property=\"og:title\" content=\"Lethiguel\" \/>\n<meta property=\"og:description\" content=\"Wir bieten eine ganze Reihe von Schutz-, Entgasungsrohren und Stielen. Die Technologien und Designs basieren auf spezifischen Anforderungen. Mehr info!\" \/>\n<meta property=\"og:url\" content=\"https:\/\/lethiguel.com\/de\/ceral.html\" \/>\n<meta property=\"og:site_name\" content=\"Lethiguel Deutsch\" \/>\n<meta property=\"article:modified_time\" content=\"2020-10-06T11:30:52+00:00\" \/>\n<meta name=\"twitter:card\" content=\"summary_large_image\" \/>\n<meta name=\"twitter:label1\" content=\"Gesch\u00e4tzte Lesezeit\" \/>\n\t<meta name=\"twitter:data1\" content=\"5\u00a0Minuten\" \/>\n<script type=\"application\/ld+json\" class=\"yoast-schema-graph\">{\"@context\":\"https:\\\/\\\/schema.org\",\"@graph\":[{\"@type\":\"WebPage\",\"@id\":\"https:\\\/\\\/lethiguel.com\\\/de\\\/ceral.html\",\"url\":\"https:\\\/\\\/lethiguel.com\\\/de\\\/ceral.html\",\"name\":\"Lethiguel\",\"isPartOf\":{\"@id\":\"https:\\\/\\\/lethiguel.com\\\/de\\\/#website\"},\"datePublished\":\"2019-06-20T13:58:43+00:00\",\"dateModified\":\"2020-10-06T11:30:52+00:00\",\"description\":\"Wir bieten eine ganze Reihe von Schutz-, Entgasungsrohren und Stielen. Die Technologien und Designs basieren auf spezifischen Anforderungen. Mehr info!\",\"breadcrumb\":{\"@id\":\"https:\\\/\\\/lethiguel.com\\\/de\\\/ceral.html#breadcrumb\"},\"inLanguage\":\"de\",\"potentialAction\":[{\"@type\":\"ReadAction\",\"target\":[\"https:\\\/\\\/lethiguel.com\\\/de\\\/ceral.html\"]}]},{\"@type\":\"BreadcrumbList\",\"@id\":\"https:\\\/\\\/lethiguel.com\\\/de\\\/ceral.html#breadcrumb\",\"itemListElement\":[{\"@type\":\"ListItem\",\"position\":1,\"name\":\"Accueil\",\"item\":\"https:\\\/\\\/lethiguel.com\\\/de\\\/\"},{\"@type\":\"ListItem\",\"position\":2,\"name\":\"Ceral, Schutzrohr und Entgasung Stiel\"}]},{\"@type\":\"WebSite\",\"@id\":\"https:\\\/\\\/lethiguel.com\\\/de\\\/#website\",\"url\":\"https:\\\/\\\/lethiguel.com\\\/de\\\/\",\"name\":\"Lethiguel Deutsch\",\"description\":\"Heating and cooling solutions\",\"potentialAction\":[{\"@type\":\"SearchAction\",\"target\":{\"@type\":\"EntryPoint\",\"urlTemplate\":\"https:\\\/\\\/lethiguel.com\\\/de\\\/?s={search_term_string}\"},\"query-input\":{\"@type\":\"PropertyValueSpecification\",\"valueRequired\":true,\"valueName\":\"search_term_string\"}}],\"inLanguage\":\"de\"}]}<\/script>\n<!-- \/ Yoast SEO plugin. -->","yoast_head_json":{"title":"Lethiguel","description":"Wir bieten eine ganze Reihe von Schutz-, Entgasungsrohren und Stielen. Die Technologien und Designs basieren auf spezifischen Anforderungen. Mehr info!","robots":{"index":"index","follow":"follow","max-snippet":"max-snippet:-1","max-image-preview":"max-image-preview:large","max-video-preview":"max-video-preview:-1"},"canonical":"https:\/\/lethiguel.com\/de\/ceral.html","og_locale":"de_DE","og_type":"article","og_title":"Lethiguel","og_description":"Wir bieten eine ganze Reihe von Schutz-, Entgasungsrohren und Stielen. Die Technologien und Designs basieren auf spezifischen Anforderungen. Mehr info!","og_url":"https:\/\/lethiguel.com\/de\/ceral.html","og_site_name":"Lethiguel Deutsch","article_modified_time":"2020-10-06T11:30:52+00:00","twitter_card":"summary_large_image","twitter_misc":{"Gesch\u00e4tzte Lesezeit":"5\u00a0Minuten"},"schema":{"@context":"https:\/\/schema.org","@graph":[{"@type":"WebPage","@id":"https:\/\/lethiguel.com\/de\/ceral.html","url":"https:\/\/lethiguel.com\/de\/ceral.html","name":"Lethiguel","isPartOf":{"@id":"https:\/\/lethiguel.com\/de\/#website"},"datePublished":"2019-06-20T13:58:43+00:00","dateModified":"2020-10-06T11:30:52+00:00","description":"Wir bieten eine ganze Reihe von Schutz-, Entgasungsrohren und Stielen. Die Technologien und Designs basieren auf spezifischen Anforderungen. Mehr info!","breadcrumb":{"@id":"https:\/\/lethiguel.com\/de\/ceral.html#breadcrumb"},"inLanguage":"de","potentialAction":[{"@type":"ReadAction","target":["https:\/\/lethiguel.com\/de\/ceral.html"]}]},{"@type":"BreadcrumbList","@id":"https:\/\/lethiguel.com\/de\/ceral.html#breadcrumb","itemListElement":[{"@type":"ListItem","position":1,"name":"Accueil","item":"https:\/\/lethiguel.com\/de\/"},{"@type":"ListItem","position":2,"name":"Ceral, Schutzrohr und Entgasung Stiel"}]},{"@type":"WebSite","@id":"https:\/\/lethiguel.com\/de\/#website","url":"https:\/\/lethiguel.com\/de\/","name":"Lethiguel Deutsch","description":"Heating and cooling solutions","potentialAction":[{"@type":"SearchAction","target":{"@type":"EntryPoint","urlTemplate":"https:\/\/lethiguel.com\/de\/?s={search_term_string}"},"query-input":{"@type":"PropertyValueSpecification","valueRequired":true,"valueName":"search_term_string"}}],"inLanguage":"de"}]}},"_links":{"self":[{"href":"https:\/\/lethiguel.com\/de\/wp-json\/wp\/v2\/pages\/376","targetHints":{"allow":["GET"]}}],"collection":[{"href":"https:\/\/lethiguel.com\/de\/wp-json\/wp\/v2\/pages"}],"about":[{"href":"https:\/\/lethiguel.com\/de\/wp-json\/wp\/v2\/types\/page"}],"author":[{"embeddable":true,"href":"https:\/\/lethiguel.com\/de\/wp-json\/wp\/v2\/users\/1"}],"replies":[{"embeddable":true,"href":"https:\/\/lethiguel.com\/de\/wp-json\/wp\/v2\/comments?post=376"}],"version-history":[{"count":22,"href":"https:\/\/lethiguel.com\/de\/wp-json\/wp\/v2\/pages\/376\/revisions"}],"predecessor-version":[{"id":1815,"href":"https:\/\/lethiguel.com\/de\/wp-json\/wp\/v2\/pages\/376\/revisions\/1815"}],"wp:attachment":[{"href":"https:\/\/lethiguel.com\/de\/wp-json\/wp\/v2\/media?parent=376"}],"curies":[{"name":"wp","href":"https:\/\/api.w.org\/{rel}","templated":true}]}}