{"id":518,"date":"2019-06-24T17:41:26","date_gmt":"2019-06-24T15:41:26","guid":{"rendered":"https:\/\/lethiguel.com\/de\/?page_id=518"},"modified":"2019-12-13T22:05:53","modified_gmt":"2019-12-13T21:05:53","slug":"rechtlicher-hinweis","status":"publish","type":"page","link":"https:\/\/lethiguel.com\/de\/rechtlicher-hinweis.html","title":{"rendered":"Rechtlicher Hinweis"},"content":{"rendered":"<div class=\"entry-content\">\n<h2>Schutz personenbezogener Daten:<\/h2>\n<p>Lethiguel speichert abgesehen von Formulardaten, deren Eingabe dem Benutzer freigestellt ist, keine personenbezogenen Daten, die zur Identifikation verwendet werden k\u00f6nnten. Diese Daten werden nicht ohne Ihre Zustimmung verwendet und nur f\u00fcr die Zusendung von E-Mails oder Brosch\u00fcren genutzt.<\/p>\n<p>Nichtsdestoweniger unterliegen die auf dieser Website erfassten Daten der Europ\u00e4ischen Richtlinie 95\/46\/EG zum Schutz nat\u00fcrlicher Personen bei der Verarbeitung personenbezogener Daten und zum freien Datenverkehr und, insbesondere in Frankreich, dem Datenschutzgesetz Nr. 78-17 vom 6. Januar 1978. Sie haben das Recht, die Daten jederzeit bei Lethiguel, 75 rue Louis Arnal, ZAC des Pr\u00e9s Secs, 69380 Lozanne, Frankreich, einzusehen, zu berichtigen, ihrer Weitergabe zu widersprechen und ihre L\u00f6schung anzufordern.<\/p>\n<p>Lethiguel f\u00fchrt bei nicht personenbezogenen Daten m\u00f6glicherweise statistische Analysen durch und stellt die Ergebnisse dieser Analysen Dritten in zusammengefasster Form und ohne Personenbezug zur Verf\u00fcgung (Beratern zum Website-Traffic).<\/p>\n<p>&nbsp;<\/p>\n<h2>Cookies:<\/h2>\n<p>Die Verarbeitung von Bestellungen erfordert die Verwendung von Cookies. Mithilfe dieses Cookie-Systems werden nicht personenbezogene Daten aufgezeichnet (Textdateien, die zur Erkennung von Benutzern und f\u00fcr eine einfachere Navigation auf der Website verwendet werden). Diese Cookies haben au\u00dferhalb der Website www.lethiguel.com keinerlei Relevanz.<\/p>\n<p>&nbsp;<\/p>\n<h2>Hypertext-Links:<\/h2>\n<p>Lethiguel hat keine Kontrolle \u00fcber Websites oder Webseiten, auf die auf der unternehmenseigenen Website verwiesen wird, und \u00fcbernimmt somit keine Haftung f\u00fcr die dort ver\u00f6ffentlichten Inhalte. Der Aufruf von Links zu diesen Websites erfolgt auf eigene Gefahr und es gelten die Nutzungsbedingungen der jeweiligen Websites.<\/p>\n<p>&nbsp;<\/p>\n<h2>Verantwortlich f\u00fcr die Website:<\/h2>\n<p>Lethiguel SAS<br \/>\nHandelsregister-Nr.: 305 418 832 RCS LYON<br \/>\nSIRET-Nr.: 305 418 832 00054<br \/>\nKapital der Gesellschaft: 38.196 \u20ac<br \/>\nUnternehmenssitz: 75 rue Louis Arnal, ZAC des Pr\u00e9s Secs, 69380 Lozanne, Frankreich<br \/>\nTelefon: 04 78 34 86 24<br \/>\nUSt-IdNr.: FR37305418832<br \/>\n<strong>Verantwortlicher f\u00fcr die Ver\u00f6ffentlichung:<\/strong> M. Michel LEVACHER<\/p>\n<h2><\/h2>\n<h2>SEO und Web-Entwicklung<\/h2>\n<p><a href=\"http:\/\/www.d2bconsulting.Fr\" target=\"_blank\" rel=\"noopener noreferrer\">D2b Consulting, Unternehmen f\u00fcr Gesch\u00e4ftsentwicklung.<\/a><\/p>\n<p>&nbsp;<\/p>\n<h2>Hoster der Website:<\/h2>\n<p>OVH<br \/>\n2 rue Kellermann, 59100 Roubaix, Frankreich<\/p>\n<p>&nbsp;<\/p>\n<p>Kontakt : <a href=\"https:\/\/lethiguel.com\/de\/contact.html\" target=\"_blank\" rel=\"noopener noreferrer\">Klicken Sie hier, um uns zu kontaktieren<\/a><\/p>\n<\/div>\n","protected":false},"excerpt":{"rendered":"<p>Schutz personenbezogener Daten: Lethiguel speichert abgesehen von Formulardaten, deren Eingabe dem Benutzer freigestellt ist, keine personenbezogenen Daten, die zur Identifikation verwendet werden k\u00f6nnten. Diese Daten werden nicht ohne Ihre Zustimmung verwendet und nur f\u00fcr die Zusendung von E-Mails oder Brosch\u00fcren genutzt. Nichtsdestoweniger unterliegen die auf dieser Website erfassten Daten der Europ\u00e4ischen Richtlinie 95\/46\/EG zum Schutz&hellip;<\/p>\n","protected":false},"author":1,"featured_media":0,"parent":0,"menu_order":0,"comment_status":"closed","ping_status":"closed","template":"","meta":{"footnotes":""},"class_list":["post-518","page","type-page","status-publish","hentry","description-off"],"yoast_head":"<!-- This site is optimized with the Yoast SEO plugin v27.4 - https:\/\/yoast.com\/product\/yoast-seo-wordpress\/ -->\n<title>Lethiguel<\/title>\n<meta name=\"description\" content=\"Lethiguel ist spezialisiert auf Tauchheiztechnik f\u00fcr Industrie\u00f6fen. Lesen Sie die rechtlichen Hinweise auf unserer Website.\" \/>\n<meta name=\"robots\" content=\"index, follow, max-snippet:-1, max-image-preview:large, max-video-preview:-1\" \/>\n<link rel=\"canonical\" href=\"https:\/\/lethiguel.com\/de\/rechtlicher-hinweis.html\" \/>\n<meta property=\"og:locale\" content=\"de_DE\" \/>\n<meta property=\"og:type\" content=\"article\" \/>\n<meta property=\"og:title\" content=\"Lethiguel\" \/>\n<meta property=\"og:description\" content=\"Lethiguel ist spezialisiert auf Tauchheiztechnik f\u00fcr Industrie\u00f6fen. Lesen Sie die rechtlichen Hinweise auf unserer Website.\" \/>\n<meta property=\"og:url\" content=\"https:\/\/lethiguel.com\/de\/rechtlicher-hinweis.html\" \/>\n<meta property=\"og:site_name\" content=\"Lethiguel Deutsch\" \/>\n<meta property=\"article:modified_time\" content=\"2019-12-13T21:05:53+00:00\" \/>\n<meta name=\"twitter:card\" content=\"summary_large_image\" \/>\n<meta name=\"twitter:label1\" content=\"Gesch\u00e4tzte Lesezeit\" \/>\n\t<meta name=\"twitter:data1\" content=\"2\u00a0Minuten\" \/>\n<script type=\"application\/ld+json\" class=\"yoast-schema-graph\">{\"@context\":\"https:\\\/\\\/schema.org\",\"@graph\":[{\"@type\":\"WebPage\",\"@id\":\"https:\\\/\\\/lethiguel.com\\\/de\\\/rechtlicher-hinweis.html\",\"url\":\"https:\\\/\\\/lethiguel.com\\\/de\\\/rechtlicher-hinweis.html\",\"name\":\"Lethiguel\",\"isPartOf\":{\"@id\":\"https:\\\/\\\/lethiguel.com\\\/de\\\/#website\"},\"datePublished\":\"2019-06-24T15:41:26+00:00\",\"dateModified\":\"2019-12-13T21:05:53+00:00\",\"description\":\"Lethiguel ist spezialisiert auf Tauchheiztechnik f\u00fcr Industrie\u00f6fen. Lesen Sie die rechtlichen Hinweise auf unserer Website.\",\"breadcrumb\":{\"@id\":\"https:\\\/\\\/lethiguel.com\\\/de\\\/rechtlicher-hinweis.html#breadcrumb\"},\"inLanguage\":\"de\",\"potentialAction\":[{\"@type\":\"ReadAction\",\"target\":[\"https:\\\/\\\/lethiguel.com\\\/de\\\/rechtlicher-hinweis.html\"]}]},{\"@type\":\"BreadcrumbList\",\"@id\":\"https:\\\/\\\/lethiguel.com\\\/de\\\/rechtlicher-hinweis.html#breadcrumb\",\"itemListElement\":[{\"@type\":\"ListItem\",\"position\":1,\"name\":\"Accueil\",\"item\":\"https:\\\/\\\/lethiguel.com\\\/de\\\/\"},{\"@type\":\"ListItem\",\"position\":2,\"name\":\"Rechtlicher Hinweis\"}]},{\"@type\":\"WebSite\",\"@id\":\"https:\\\/\\\/lethiguel.com\\\/de\\\/#website\",\"url\":\"https:\\\/\\\/lethiguel.com\\\/de\\\/\",\"name\":\"Lethiguel Deutsch\",\"description\":\"Heating and cooling solutions\",\"potentialAction\":[{\"@type\":\"SearchAction\",\"target\":{\"@type\":\"EntryPoint\",\"urlTemplate\":\"https:\\\/\\\/lethiguel.com\\\/de\\\/?s={search_term_string}\"},\"query-input\":{\"@type\":\"PropertyValueSpecification\",\"valueRequired\":true,\"valueName\":\"search_term_string\"}}],\"inLanguage\":\"de\"}]}<\/script>\n<!-- \/ Yoast SEO plugin. -->","yoast_head_json":{"title":"Lethiguel","description":"Lethiguel ist spezialisiert auf Tauchheiztechnik f\u00fcr Industrie\u00f6fen. Lesen Sie die rechtlichen Hinweise auf unserer Website.","robots":{"index":"index","follow":"follow","max-snippet":"max-snippet:-1","max-image-preview":"max-image-preview:large","max-video-preview":"max-video-preview:-1"},"canonical":"https:\/\/lethiguel.com\/de\/rechtlicher-hinweis.html","og_locale":"de_DE","og_type":"article","og_title":"Lethiguel","og_description":"Lethiguel ist spezialisiert auf Tauchheiztechnik f\u00fcr Industrie\u00f6fen. Lesen Sie die rechtlichen Hinweise auf unserer Website.","og_url":"https:\/\/lethiguel.com\/de\/rechtlicher-hinweis.html","og_site_name":"Lethiguel Deutsch","article_modified_time":"2019-12-13T21:05:53+00:00","twitter_card":"summary_large_image","twitter_misc":{"Gesch\u00e4tzte Lesezeit":"2\u00a0Minuten"},"schema":{"@context":"https:\/\/schema.org","@graph":[{"@type":"WebPage","@id":"https:\/\/lethiguel.com\/de\/rechtlicher-hinweis.html","url":"https:\/\/lethiguel.com\/de\/rechtlicher-hinweis.html","name":"Lethiguel","isPartOf":{"@id":"https:\/\/lethiguel.com\/de\/#website"},"datePublished":"2019-06-24T15:41:26+00:00","dateModified":"2019-12-13T21:05:53+00:00","description":"Lethiguel ist spezialisiert auf Tauchheiztechnik f\u00fcr Industrie\u00f6fen. Lesen Sie die rechtlichen Hinweise auf unserer Website.","breadcrumb":{"@id":"https:\/\/lethiguel.com\/de\/rechtlicher-hinweis.html#breadcrumb"},"inLanguage":"de","potentialAction":[{"@type":"ReadAction","target":["https:\/\/lethiguel.com\/de\/rechtlicher-hinweis.html"]}]},{"@type":"BreadcrumbList","@id":"https:\/\/lethiguel.com\/de\/rechtlicher-hinweis.html#breadcrumb","itemListElement":[{"@type":"ListItem","position":1,"name":"Accueil","item":"https:\/\/lethiguel.com\/de\/"},{"@type":"ListItem","position":2,"name":"Rechtlicher Hinweis"}]},{"@type":"WebSite","@id":"https:\/\/lethiguel.com\/de\/#website","url":"https:\/\/lethiguel.com\/de\/","name":"Lethiguel Deutsch","description":"Heating and cooling solutions","potentialAction":[{"@type":"SearchAction","target":{"@type":"EntryPoint","urlTemplate":"https:\/\/lethiguel.com\/de\/?s={search_term_string}"},"query-input":{"@type":"PropertyValueSpecification","valueRequired":true,"valueName":"search_term_string"}}],"inLanguage":"de"}]}},"_links":{"self":[{"href":"https:\/\/lethiguel.com\/de\/wp-json\/wp\/v2\/pages\/518","targetHints":{"allow":["GET"]}}],"collection":[{"href":"https:\/\/lethiguel.com\/de\/wp-json\/wp\/v2\/pages"}],"about":[{"href":"https:\/\/lethiguel.com\/de\/wp-json\/wp\/v2\/types\/page"}],"author":[{"embeddable":true,"href":"https:\/\/lethiguel.com\/de\/wp-json\/wp\/v2\/users\/1"}],"replies":[{"embeddable":true,"href":"https:\/\/lethiguel.com\/de\/wp-json\/wp\/v2\/comments?post=518"}],"version-history":[{"count":5,"href":"https:\/\/lethiguel.com\/de\/wp-json\/wp\/v2\/pages\/518\/revisions"}],"predecessor-version":[{"id":1296,"href":"https:\/\/lethiguel.com\/de\/wp-json\/wp\/v2\/pages\/518\/revisions\/1296"}],"wp:attachment":[{"href":"https:\/\/lethiguel.com\/de\/wp-json\/wp\/v2\/media?parent=518"}],"curies":[{"name":"wp","href":"https:\/\/api.w.org\/{rel}","templated":true}]}}