{"id":588,"date":"2019-07-22T14:24:49","date_gmt":"2019-07-22T12:24:49","guid":{"rendered":"https:\/\/lethiguel.com\/de\/?page_id=588"},"modified":"2022-10-17T13:57:16","modified_gmt":"2022-10-17T11:57:16","slug":"wichtige-daten","status":"publish","type":"page","link":"https:\/\/lethiguel.com\/de\/wichtige-daten.html","title":{"rendered":"Wichtige Daten"},"content":{"rendered":"<section class=\"wpb-content-wrapper\"><p>[vc_row][vc_column]<div class=\"legacy-timeline\" style=\"background:#f4f4f4;\"><div class=\"legacy-timeline-item\"><div class=\"legacy-timeline-year\">2021<\/div><div class=\"legacy-timeline-content\"><\/p>\n<p class=\"txt-timeline\">Gr\u00fcndung von Lethiguel Mexico<\/p>\n<p><img fetchpriority=\"high\" decoding=\"async\" class=\"alignnone wp-image-2017\" src=\"https:\/\/lethiguel.com\/de\/wp-content\/uploads\/sites\/10\/2022\/10\/Lethiguel_Mexico-removebg-preview.png\" alt=\"\" width=\"335\" height=\"223\" srcset=\"https:\/\/lethiguel.com\/de\/wp-content\/uploads\/sites\/10\/2022\/10\/Lethiguel_Mexico-removebg-preview.png 612w, https:\/\/lethiguel.com\/de\/wp-content\/uploads\/sites\/10\/2022\/10\/Lethiguel_Mexico-removebg-preview-300x200.png 300w\" sizes=\"(max-width: 335px) 100vw, 335px\" \/><\/div><\/div><div class=\"legacy-timeline-item\"><div class=\"legacy-timeline-year\">2021<\/div><div class=\"legacy-timeline-content\"><\/p>\n<p class=\"txt-timeline\" style=\"text-align: left;\">Lethiguel erwirbt Midland Technologies in den Vereinigten Staaten<\/p>\n<div class=\"img-timeline\"><img decoding=\"async\" class=\"wp-image-2018 alignleft\" src=\"https:\/\/lethiguel.com\/de\/wp-content\/uploads\/sites\/10\/2022\/10\/midland_logo_2-removebg-preview.png\" alt=\"\" width=\"482\" height=\"157\" srcset=\"https:\/\/lethiguel.com\/de\/wp-content\/uploads\/sites\/10\/2022\/10\/midland_logo_2-removebg-preview.png 875w, https:\/\/lethiguel.com\/de\/wp-content\/uploads\/sites\/10\/2022\/10\/midland_logo_2-removebg-preview-300x98.png 300w, https:\/\/lethiguel.com\/de\/wp-content\/uploads\/sites\/10\/2022\/10\/midland_logo_2-removebg-preview-768x250.png 768w\" sizes=\"(max-width: 482px) 100vw, 482px\" \/><\/div>\n<p><\/div><\/div><div class=\"legacy-timeline-item\"><div class=\"legacy-timeline-year\">2020<\/div><div class=\"legacy-timeline-content\"><\/p>\n<p class=\"txt-timeline\">Offiziell geschlossen Lethiguel North-America in Toronto, Kanada<\/p>\n<p><\/div><\/div><div class=\"legacy-timeline-item\"><div class=\"legacy-timeline-year\">2019<\/div><div class=\"legacy-timeline-content\"><\/p>\n<p class=\"txt-timeline\" style=\"text-align: left;\">Lethiguel Verlegung des Hauptsitzes nach LentillyFrankreich<\/p>\n<p><img decoding=\"async\" class=\"wp-image-2019 alignleft\" src=\"https:\/\/lethiguel.com\/de\/wp-content\/uploads\/sites\/10\/2022\/10\/DSC_0205-light-scaled.jpg\" alt=\"\" width=\"314\" height=\"218\" srcset=\"https:\/\/lethiguel.com\/de\/wp-content\/uploads\/sites\/10\/2022\/10\/DSC_0205-light-scaled.jpg 2560w, https:\/\/lethiguel.com\/de\/wp-content\/uploads\/sites\/10\/2022\/10\/DSC_0205-light-300x208.jpg 300w, https:\/\/lethiguel.com\/de\/wp-content\/uploads\/sites\/10\/2022\/10\/DSC_0205-light-1024x711.jpg 1024w, https:\/\/lethiguel.com\/de\/wp-content\/uploads\/sites\/10\/2022\/10\/DSC_0205-light-768x533.jpg 768w, https:\/\/lethiguel.com\/de\/wp-content\/uploads\/sites\/10\/2022\/10\/DSC_0205-light-1536x1066.jpg 1536w, https:\/\/lethiguel.com\/de\/wp-content\/uploads\/sites\/10\/2022\/10\/DSC_0205-light-2048x1422.jpg 2048w\" sizes=\"(max-width: 314px) 100vw, 314px\" \/><\/div><\/div><div class=\"legacy-timeline-item\"><div class=\"legacy-timeline-year\">2016<\/div><div class=\"legacy-timeline-content\"><\/p>\n<p class=\"txt-timeline\" style=\"text-align: left;\">Aufbau von LethiguelJapan in Nagoya. Die Mitarbeiterzahl w\u00e4chst auf 30 Mitarbeiter.<\/p>\n<div class=\"img-timeline\"><img loading=\"lazy\" decoding=\"async\" class=\"alignnone wp-image-2020\" src=\"https:\/\/lethiguel.com\/de\/wp-content\/uploads\/sites\/10\/2022\/10\/lethiguel_logo_japan.png\" alt=\"\" width=\"354\" height=\"177\" srcset=\"https:\/\/lethiguel.com\/de\/wp-content\/uploads\/sites\/10\/2022\/10\/lethiguel_logo_japan.png 2000w, https:\/\/lethiguel.com\/de\/wp-content\/uploads\/sites\/10\/2022\/10\/lethiguel_logo_japan-300x150.png 300w, https:\/\/lethiguel.com\/de\/wp-content\/uploads\/sites\/10\/2022\/10\/lethiguel_logo_japan-1024x512.png 1024w, https:\/\/lethiguel.com\/de\/wp-content\/uploads\/sites\/10\/2022\/10\/lethiguel_logo_japan-768x384.png 768w, https:\/\/lethiguel.com\/de\/wp-content\/uploads\/sites\/10\/2022\/10\/lethiguel_logo_japan-1536x768.png 1536w\" sizes=\"(max-width: 354px) 100vw, 354px\" \/><\/div>\n<p><\/div><\/div><div class=\"legacy-timeline-item\"><div class=\"legacy-timeline-year\">2015<\/div><div class=\"legacy-timeline-content\"><\/p>\n<p class=\"txt-timeline\" style=\"text-align: left;\">Aufbau von LethiguelNordamerika in Toronto, Kanada<\/p>\n<div class=\"img-timeline\"><img loading=\"lazy\" decoding=\"async\" class=\"wp-image-2021 alignleft\" src=\"https:\/\/lethiguel.com\/de\/wp-content\/uploads\/sites\/10\/2022\/10\/Logo_Lethiguel_america-removebg-preview.png\" alt=\"\" width=\"347\" height=\"149\" srcset=\"https:\/\/lethiguel.com\/de\/wp-content\/uploads\/sites\/10\/2022\/10\/Logo_Lethiguel_america-removebg-preview.png 528w, https:\/\/lethiguel.com\/de\/wp-content\/uploads\/sites\/10\/2022\/10\/Logo_Lethiguel_america-removebg-preview-300x129.png 300w\" sizes=\"(max-width: 347px) 100vw, 347px\" \/><\/div>\n<p><\/div><\/div><div class=\"legacy-timeline-item\"><div class=\"legacy-timeline-year\">2013<\/div><div class=\"legacy-timeline-content\"><\/p>\n<p class=\"txt-timeline\" style=\"text-align: left;\">Aufbau LethiguelDeutschlands in Francfort, Deutschland<\/p>\n<div class=\"img-timeline\"><img loading=\"lazy\" decoding=\"async\" class=\"alignnone wp-image-2022 \" src=\"https:\/\/lethiguel.com\/de\/wp-content\/uploads\/sites\/10\/2022\/10\/png_logo_europe-removebg-preview.png\" alt=\"\" width=\"337\" height=\"175\" srcset=\"https:\/\/lethiguel.com\/de\/wp-content\/uploads\/sites\/10\/2022\/10\/png_logo_europe-removebg-preview.png 693w, https:\/\/lethiguel.com\/de\/wp-content\/uploads\/sites\/10\/2022\/10\/png_logo_europe-removebg-preview-300x156.png 300w\" sizes=\"(max-width: 337px) 100vw, 337px\" \/><\/div>\n<p><\/div><\/div><div class=\"legacy-timeline-item\"><div class=\"legacy-timeline-year\">2010<\/div><div class=\"legacy-timeline-content\"><\/p>\n<p class=\"txt-timeline\" style=\"text-align: left;\">Die kaufm\u00e4nnischen, produktiven und administrativen Funktionen sind in Lozanne Frankreich zusammengefasst.<\/p>\n<div class=\"img-timeline\"><img loading=\"lazy\" decoding=\"async\" class=\"size-medium wp-image-1346 alignleft\" src=\"https:\/\/lethiguel.com\/de\/wp-content\/uploads\/sites\/10\/2019\/12\/lethiguel-hersteller-kuhlund-heizlosungen-giessereien-300x67.jpg\" alt=\"Lethiguel, Hersteller von K\u00fchl- und Heizl\u00f6sungen f\u00fcr Gie\u00dfereien\" width=\"300\" height=\"67\" srcset=\"https:\/\/lethiguel.com\/de\/wp-content\/uploads\/sites\/10\/2019\/12\/lethiguel-hersteller-kuhlund-heizlosungen-giessereien-300x67.jpg 300w, https:\/\/lethiguel.com\/de\/wp-content\/uploads\/sites\/10\/2019\/12\/lethiguel-hersteller-kuhlund-heizlosungen-giessereien-768x171.jpg 768w, https:\/\/lethiguel.com\/de\/wp-content\/uploads\/sites\/10\/2019\/12\/lethiguel-hersteller-kuhlund-heizlosungen-giessereien.jpg 800w\" sizes=\"(max-width: 300px) 100vw, 300px\" \/><\/div>\n<p><\/div><\/div><div class=\"legacy-timeline-item\"><div class=\"legacy-timeline-year\">2009<\/div><div class=\"legacy-timeline-content\"><\/p>\n<p class=\"txt-timeline\">Guillaume Levacher wird mit dem Aufbau des internationalen Vertriebs beauftragt.<\/p>\n<p><\/div><\/div><div class=\"legacy-timeline-item\"><div class=\"legacy-timeline-year\">2008<\/div><div class=\"legacy-timeline-content\"><\/p>\n<p class=\"txt-timeline\">ISO 9001 Zertifizierung<\/p>\n<p><\/div><\/div><div class=\"legacy-timeline-item\"><div class=\"legacy-timeline-year\">2007<\/div><div class=\"legacy-timeline-content\"><\/p>\n<p class=\"txt-timeline\">Mit der \u00dcbernahme von Hifast Lethiguelbeginnt die Herstellung eigener Heizk\u00f6rper.<\/p>\n<p><\/div><\/div><div class=\"legacy-timeline-item\"><div class=\"legacy-timeline-year\">2003<\/div><div class=\"legacy-timeline-content\"><\/p>\n<p class=\"txt-timeline\">Lethiguel Fitec wird in die Abteilung f\u00fcr Werkzeugmaschinen integriert.<\/p>\n<p><\/div><\/div><div class=\"legacy-timeline-item\"><div class=\"legacy-timeline-year\">1998<\/div><div class=\"legacy-timeline-content\"><\/p>\n<p class=\"txt-timeline\">Umsatzentwicklung f\u00fcr Tauchheizk\u00f6rper auf dem franz\u00f6sischen Markt<\/p>\n<p><\/div><\/div><div class=\"legacy-timeline-item\"><div class=\"legacy-timeline-year\">1991<\/div><div class=\"legacy-timeline-content\"><\/p>\n<p class=\"txt-timeline\">Gr\u00fcndung der Holding, die globale Investitionen finanziert, von Lethiguel<\/p>\n<p><\/div><\/div><div class=\"legacy-timeline-item\"><div class=\"legacy-timeline-year\">1979<\/div><div class=\"legacy-timeline-content\"><\/p>\n<p class=\"txt-timeline\">Lethiguel bezieht ein neues B\u00fcro in Tassin la Demi-Lune, Frankreich.<\/p>\n<p><\/div><\/div><div class=\"legacy-timeline-item\"><div class=\"legacy-timeline-year\">1976<\/div><div class=\"legacy-timeline-content\"><\/p>\n<p class=\"txt-timeline\">Gr\u00fcndung Lethiguelam 26. Februar. Anschlie\u00dfend verkauft das Unternehmen deutsche Tiegel an franz\u00f6sische Gie\u00dfereien.<\/p>\n<p><\/div><\/div><\/div>[\/vc_column][\/vc_row]<\/p>\n<\/section>","protected":false},"excerpt":{"rendered":"<p>[vc_row][vc_column][\/vc_column][\/vc_row]<\/p>\n","protected":false},"author":1,"featured_media":0,"parent":0,"menu_order":0,"comment_status":"closed","ping_status":"closed","template":"","meta":{"footnotes":""},"class_list":["post-588","page","type-page","status-publish","hentry","description-off"],"yoast_head":"<!-- This site is optimized with the Yoast SEO plugin v27.4 - https:\/\/yoast.com\/product\/yoast-seo-wordpress\/ -->\n<title>Lethiguel<\/title>\n<meta name=\"description\" content=\"Entdecken Sie die Geschichte von Lethiguel, einem Experten f\u00fcr Temperaturl\u00f6sungen f\u00fcr Gie\u00dfereien und kontaktieren Sie uns bei Fragen.\" \/>\n<meta name=\"robots\" content=\"index, follow, max-snippet:-1, max-image-preview:large, max-video-preview:-1\" \/>\n<link rel=\"canonical\" href=\"https:\/\/lethiguel.com\/de\/wichtige-daten.html\" \/>\n<meta property=\"og:locale\" content=\"de_DE\" \/>\n<meta property=\"og:type\" content=\"article\" \/>\n<meta property=\"og:title\" content=\"Lethiguel\" \/>\n<meta property=\"og:description\" content=\"Entdecken Sie die Geschichte von Lethiguel, einem Experten f\u00fcr Temperaturl\u00f6sungen f\u00fcr Gie\u00dfereien und kontaktieren Sie uns bei Fragen.\" \/>\n<meta property=\"og:url\" content=\"https:\/\/lethiguel.com\/de\/wichtige-daten.html\" \/>\n<meta property=\"og:site_name\" content=\"Lethiguel Deutsch\" \/>\n<meta property=\"article:modified_time\" content=\"2022-10-17T11:57:16+00:00\" \/>\n<meta property=\"og:image\" content=\"https:\/\/lethiguel.com\/de\/wp-content\/uploads\/sites\/10\/2022\/10\/Lethiguel_Mexico-removebg-preview.png\" \/>\n<meta name=\"twitter:card\" content=\"summary_large_image\" \/>\n<meta name=\"twitter:label1\" content=\"Gesch\u00e4tzte Lesezeit\" \/>\n\t<meta name=\"twitter:data1\" content=\"1\u00a0Minute\" \/>\n<script type=\"application\/ld+json\" class=\"yoast-schema-graph\">{\"@context\":\"https:\\\/\\\/schema.org\",\"@graph\":[{\"@type\":\"WebPage\",\"@id\":\"https:\\\/\\\/lethiguel.com\\\/de\\\/wichtige-daten.html\",\"url\":\"https:\\\/\\\/lethiguel.com\\\/de\\\/wichtige-daten.html\",\"name\":\"Lethiguel\",\"isPartOf\":{\"@id\":\"https:\\\/\\\/lethiguel.com\\\/de\\\/#website\"},\"primaryImageOfPage\":{\"@id\":\"https:\\\/\\\/lethiguel.com\\\/de\\\/wichtige-daten.html#primaryimage\"},\"image\":{\"@id\":\"https:\\\/\\\/lethiguel.com\\\/de\\\/wichtige-daten.html#primaryimage\"},\"thumbnailUrl\":\"https:\\\/\\\/lethiguel.com\\\/de\\\/wp-content\\\/uploads\\\/sites\\\/10\\\/2022\\\/10\\\/Lethiguel_Mexico-removebg-preview.png\",\"datePublished\":\"2019-07-22T12:24:49+00:00\",\"dateModified\":\"2022-10-17T11:57:16+00:00\",\"description\":\"Entdecken Sie die Geschichte von Lethiguel, einem Experten f\u00fcr Temperaturl\u00f6sungen f\u00fcr Gie\u00dfereien und kontaktieren Sie uns bei Fragen.\",\"breadcrumb\":{\"@id\":\"https:\\\/\\\/lethiguel.com\\\/de\\\/wichtige-daten.html#breadcrumb\"},\"inLanguage\":\"de\",\"potentialAction\":[{\"@type\":\"ReadAction\",\"target\":[\"https:\\\/\\\/lethiguel.com\\\/de\\\/wichtige-daten.html\"]}]},{\"@type\":\"ImageObject\",\"inLanguage\":\"de\",\"@id\":\"https:\\\/\\\/lethiguel.com\\\/de\\\/wichtige-daten.html#primaryimage\",\"url\":\"https:\\\/\\\/lethiguel.com\\\/de\\\/wp-content\\\/uploads\\\/sites\\\/10\\\/2022\\\/10\\\/Lethiguel_Mexico-removebg-preview.png\",\"contentUrl\":\"https:\\\/\\\/lethiguel.com\\\/de\\\/wp-content\\\/uploads\\\/sites\\\/10\\\/2022\\\/10\\\/Lethiguel_Mexico-removebg-preview.png\",\"width\":612,\"height\":408},{\"@type\":\"BreadcrumbList\",\"@id\":\"https:\\\/\\\/lethiguel.com\\\/de\\\/wichtige-daten.html#breadcrumb\",\"itemListElement\":[{\"@type\":\"ListItem\",\"position\":1,\"name\":\"Accueil\",\"item\":\"https:\\\/\\\/lethiguel.com\\\/de\\\/\"},{\"@type\":\"ListItem\",\"position\":2,\"name\":\"Wichtige Daten\"}]},{\"@type\":\"WebSite\",\"@id\":\"https:\\\/\\\/lethiguel.com\\\/de\\\/#website\",\"url\":\"https:\\\/\\\/lethiguel.com\\\/de\\\/\",\"name\":\"Lethiguel Deutsch\",\"description\":\"Heating and cooling solutions\",\"potentialAction\":[{\"@type\":\"SearchAction\",\"target\":{\"@type\":\"EntryPoint\",\"urlTemplate\":\"https:\\\/\\\/lethiguel.com\\\/de\\\/?s={search_term_string}\"},\"query-input\":{\"@type\":\"PropertyValueSpecification\",\"valueRequired\":true,\"valueName\":\"search_term_string\"}}],\"inLanguage\":\"de\"}]}<\/script>\n<!-- \/ Yoast SEO plugin. -->","yoast_head_json":{"title":"Lethiguel","description":"Entdecken Sie die Geschichte von Lethiguel, einem Experten f\u00fcr Temperaturl\u00f6sungen f\u00fcr Gie\u00dfereien und kontaktieren Sie uns bei Fragen.","robots":{"index":"index","follow":"follow","max-snippet":"max-snippet:-1","max-image-preview":"max-image-preview:large","max-video-preview":"max-video-preview:-1"},"canonical":"https:\/\/lethiguel.com\/de\/wichtige-daten.html","og_locale":"de_DE","og_type":"article","og_title":"Lethiguel","og_description":"Entdecken Sie die Geschichte von Lethiguel, einem Experten f\u00fcr Temperaturl\u00f6sungen f\u00fcr Gie\u00dfereien und kontaktieren Sie uns bei Fragen.","og_url":"https:\/\/lethiguel.com\/de\/wichtige-daten.html","og_site_name":"Lethiguel Deutsch","article_modified_time":"2022-10-17T11:57:16+00:00","og_image":[{"url":"https:\/\/lethiguel.com\/de\/wp-content\/uploads\/sites\/10\/2022\/10\/Lethiguel_Mexico-removebg-preview.png","type":"","width":"","height":""}],"twitter_card":"summary_large_image","twitter_misc":{"Gesch\u00e4tzte Lesezeit":"1\u00a0Minute"},"schema":{"@context":"https:\/\/schema.org","@graph":[{"@type":"WebPage","@id":"https:\/\/lethiguel.com\/de\/wichtige-daten.html","url":"https:\/\/lethiguel.com\/de\/wichtige-daten.html","name":"Lethiguel","isPartOf":{"@id":"https:\/\/lethiguel.com\/de\/#website"},"primaryImageOfPage":{"@id":"https:\/\/lethiguel.com\/de\/wichtige-daten.html#primaryimage"},"image":{"@id":"https:\/\/lethiguel.com\/de\/wichtige-daten.html#primaryimage"},"thumbnailUrl":"https:\/\/lethiguel.com\/de\/wp-content\/uploads\/sites\/10\/2022\/10\/Lethiguel_Mexico-removebg-preview.png","datePublished":"2019-07-22T12:24:49+00:00","dateModified":"2022-10-17T11:57:16+00:00","description":"Entdecken Sie die Geschichte von Lethiguel, einem Experten f\u00fcr Temperaturl\u00f6sungen f\u00fcr Gie\u00dfereien und kontaktieren Sie uns bei Fragen.","breadcrumb":{"@id":"https:\/\/lethiguel.com\/de\/wichtige-daten.html#breadcrumb"},"inLanguage":"de","potentialAction":[{"@type":"ReadAction","target":["https:\/\/lethiguel.com\/de\/wichtige-daten.html"]}]},{"@type":"ImageObject","inLanguage":"de","@id":"https:\/\/lethiguel.com\/de\/wichtige-daten.html#primaryimage","url":"https:\/\/lethiguel.com\/de\/wp-content\/uploads\/sites\/10\/2022\/10\/Lethiguel_Mexico-removebg-preview.png","contentUrl":"https:\/\/lethiguel.com\/de\/wp-content\/uploads\/sites\/10\/2022\/10\/Lethiguel_Mexico-removebg-preview.png","width":612,"height":408},{"@type":"BreadcrumbList","@id":"https:\/\/lethiguel.com\/de\/wichtige-daten.html#breadcrumb","itemListElement":[{"@type":"ListItem","position":1,"name":"Accueil","item":"https:\/\/lethiguel.com\/de\/"},{"@type":"ListItem","position":2,"name":"Wichtige Daten"}]},{"@type":"WebSite","@id":"https:\/\/lethiguel.com\/de\/#website","url":"https:\/\/lethiguel.com\/de\/","name":"Lethiguel Deutsch","description":"Heating and cooling solutions","potentialAction":[{"@type":"SearchAction","target":{"@type":"EntryPoint","urlTemplate":"https:\/\/lethiguel.com\/de\/?s={search_term_string}"},"query-input":{"@type":"PropertyValueSpecification","valueRequired":true,"valueName":"search_term_string"}}],"inLanguage":"de"}]}},"_links":{"self":[{"href":"https:\/\/lethiguel.com\/de\/wp-json\/wp\/v2\/pages\/588","targetHints":{"allow":["GET"]}}],"collection":[{"href":"https:\/\/lethiguel.com\/de\/wp-json\/wp\/v2\/pages"}],"about":[{"href":"https:\/\/lethiguel.com\/de\/wp-json\/wp\/v2\/types\/page"}],"author":[{"embeddable":true,"href":"https:\/\/lethiguel.com\/de\/wp-json\/wp\/v2\/users\/1"}],"replies":[{"embeddable":true,"href":"https:\/\/lethiguel.com\/de\/wp-json\/wp\/v2\/comments?post=588"}],"version-history":[{"count":17,"href":"https:\/\/lethiguel.com\/de\/wp-json\/wp\/v2\/pages\/588\/revisions"}],"predecessor-version":[{"id":2024,"href":"https:\/\/lethiguel.com\/de\/wp-json\/wp\/v2\/pages\/588\/revisions\/2024"}],"wp:attachment":[{"href":"https:\/\/lethiguel.com\/de\/wp-json\/wp\/v2\/media?parent=588"}],"curies":[{"name":"wp","href":"https:\/\/api.w.org\/{rel}","templated":true}]}}