{"id":84,"date":"2019-06-18T15:19:24","date_gmt":"2019-06-18T13:19:24","guid":{"rendered":"https:\/\/lethiguel.com\/de\/?page_id=84"},"modified":"2020-10-06T14:15:46","modified_gmt":"2020-10-06T12:15:46","slug":"kuhlungslosungen-giessereiindustrie","status":"publish","type":"page","link":"https:\/\/lethiguel.com\/de\/kuhlungslosungen-giessereiindustrie.html","title":{"rendered":"K\u00fchlungsl\u00f6sungen"},"content":{"rendered":"<section class=\"wpb-content-wrapper\"><p>[vc_row][vc_column][vc_row_inner][vc_column_inner][vc_column_text css_animation=&#8220;fadeInLeft&#8220;]Jet Cooling optimiert Ihre Gussqualit\u00e4t und Zykluszeit, was Leistung und Qualit\u00e4t f\u00fcr innovative Unternehmen bedeutet. Diese Technologie wurde urspr\u00fcnglich von Ahresty Japan entwickelt und patentiert. Als sein enger und historischer Partner vertreibt Lethiguel nicht nur die Systeme von Ahresty auf ausgew\u00e4hlten M\u00e4rkten, sondern hat auch eine eigene Reihe von Maschinen mit geschlossenem Kreislauf entwickelt.[\/vc_column_text][\/vc_column_inner][\/vc_row_inner][\/vc_column][\/vc_row][vc_row][vc_column animation=&#8220;fadeInLeft&#8220;][vc_column_text css=&#8220;.vc_custom_1595591570278{margin-top: 20px !important;padding-top: 20px !important;padding-right: 20px !important;padding-bottom: 20px !important;padding-left: 20px !important;background-color: #d8d8d8 !important;}&#8220;]<\/p>\n<h3>Wie funktioniert Jet Cooling?<\/h3>\n<p style=\"text-align: left;\">Eine Hydraulikeinheit sorgt f\u00fcr die <strong class=\"d2b\">Zirkulation von druckbeaufschlagtem K\u00fchlwasser<\/strong> (von 3 bis 20 bar) f\u00fcr einen bestimmten Zeitraum in den Kreisl\u00e4ufen von Injektoren mit kleinem Durchmesser (\u00d8 von 1,2 bis 2,8 mm), die in die spezifischen Kernstifte eingesetzt werden.<\/p>\n<p style=\"text-align: left;\">Am Ende der K\u00fchlzeit spritzt ein pneumatischer Verteiler Luft in die Kreisl\u00e4ufe des Injektors, um sie zu reinigen. Auf diese Weise kann der Zyklus sicher und ohne das Vorhandensein von Wasser in den Kreisl\u00e4ufen durchgef\u00fchrt werden.<\/p>\n<p style=\"text-align: left;\">Der K\u00fchlzyklus wird durch einstellbare Zeitabst\u00e4nde mit der Druckgie\u00dfmaschine synchronisiert.<\/p>\n<p>[\/vc_column_text][\/vc_column][\/vc_row][vc_row][vc_column animation=&#8220;fadeInLeft&#8220;][vc_single_image image=&#8220;1723&#8243; img_size=&#8220;full&#8220;][\/vc_column][\/vc_row][vc_row][vc_column animation=&#8220;fadeInLeft&#8220;][vc_column_text]<\/p>\n<h3><span style=\"color: #00ccff;\">1. Die Abk\u00fchlung<\/span><\/h3>\n<p>Zun\u00e4chst f\u00f6rdert eine Hochdruckpumpe w\u00e4hrend der Abk\u00fchlphase Wasser (bis zu 20 bar) in die Kreisl\u00e4ufe. Dank der Verteiler und speziellen Kernstifte kann das Wasser winzige Bereiche in der N\u00e4he von Aluminium erreichen.<\/p>\n<p>Durch Steuern der Abk\u00fchlzeit kann die D\u00fcsentemperatur effektiv reguliert und hei\u00dfe Stellen entfernt werden.<\/p>\n<p>&nbsp;<\/p>\n<h3><span style=\"color: #00ccff;\">2. Die S\u00e4uberung<\/span><\/h3>\n<p>Dann f\u00fcllt Druckluft die Kreisl\u00e4ufe und entfernt das restliche Wasser zur\u00fcck zur Maschine, um sicherzustellen, dass sich kein Wasser mehr in der D\u00fcse befindet.<\/p>\n<p>&nbsp;<\/p>\n<h3><span style=\"color: #00ccff;\">3. Lecktest<\/span><\/h3>\n<p>Schlie\u00dflich wird die gesamte Anlage unter Druck gesetzt und die Maschine sucht nach Druckabf\u00e4llen, die durch eine Leckage verursacht werden k\u00f6nnten.<\/p>\n<p>Sobald sichergestellt ist, dass kein Leck vorhanden ist, kann der n\u00e4chste Zyklus gestartet werden.[\/vc_column_text][\/vc_column][\/vc_row][vc_row][vc_column animation=&#8220;fadeInLeft&#8220;][vc_column_text css=&#8220;.vc_custom_1595591482385{padding-top: 20px !important;padding-right: 20px !important;padding-bottom: 20px !important;padding-left: 20px !important;background-color: #ededed !important;}&#8220;]<\/p>\n<h3>Vorteile der Dampfstrahl-K\u00fchlung-L\u00f6sung f\u00fcr die Druckgussindustrie:<\/h3>\n<p>Die thermische Materialerm\u00fcdung von NE-Metall-Druckgussformen wird bei h\u00f6heren Betriebstemperaturen noch st\u00e4rker und verringert die Lebensdauer. Um die Lebensdauer der Gussform zu verl\u00e4ngern, sollte das Gussformdesign mit effizienten K\u00fchlmethoden angegangen werden. Dampfstrahl-K\u00fchlung kann verwendet werden, um die meisten thermischen Probleme im NE-Druckguss zu l\u00f6sen:<\/p>\n<ul>\n<li>Verminderte Zykluszeit<\/li>\n<li>Reduzierung von Abfallprodukten<\/li>\n<li>Porosit\u00e4t und Schrumpfung<\/li>\n<li>Verbesserte Haltbarkeit der Gussformelemente<\/li>\n<\/ul>\n<p>[\/vc_column_text][\/vc_column][\/vc_row][vc_row][vc_column animation=&#8220;fadeInLeft&#8220; offset=&#8220;vc_hidden-md vc_hidden-sm vc_hidden-xs&#8220;][vc_single_image image=&#8220;1724&#8243; img_size=&#8220;full&#8220;][vc_btn title=&#8220;Jet Cooling Fallstudie&#8220; color=&#8220;primary&#8220; link=&#8220;url:https%3A%2F%2Flethiguel.com%2Fde%2Ffallstudie-jet-cooling.html||target:%20_blank|&#8220; css=&#8220;.vc_custom_1595592321245{margin-top: -250px !important;margin-left: 40px !important;}&#8220;][vc_btn title=&#8220;Jet Cooling video&#8220; color=&#8220;primary&#8220; align=&#8220;left&#8220; link=&#8220;url:https%3A%2F%2Fyoutu.be%2Fmsqh8DJD7xw||target:%20_blank|&#8220; css=&#8220;.vc_custom_1595592347174{margin-top: -200px !important;margin-left: 40px !important;}&#8220;][\/vc_column][\/vc_row][vc_row][vc_column animation=&#8220;fadeInLeft&#8220; css=&#8220;.vc_custom_1595592431955{margin-top: 100px !important;}&#8220;][vc_column_text]Ben\u00f6tigen Sie von unserem Team weitere Informationen oder Erkl\u00e4rungen \u00fcber die Dampfstrahl-K\u00fchlung? Erlauben Sie uns, es Ihnen im Detail zu erkl\u00e4ren![\/vc_column_text][vc_btn title=&#8220;Kontaktiere uns jetzt&#8220; align=&#8220;left&#8220; css=&#8220;.vc_custom_1585829618189{margin-top: -30px !important;}&#8220; link=&#8220;url:%2Fde%2Fkontakt.html|||&#8220;][vc_separator color=&#8220;custom&#8220; accent_color=&#8220;#474747&#8243;][\/vc_column][\/vc_row][vc_row type=&#8220;vc_default&#8220; gap=&#8220;10&#8243; equal_height=&#8220;yes&#8220; css_animation=&#8220;fadeInDown&#8220; el_class=&#8220;row-produits&#8220;][vc_column width=&#8220;1\/4&#8243; el_class=&#8220;encart-produits&#8220;][vc_single_image image=&#8220;1308&#8243; img_size=&#8220;full&#8220; alignment=&#8220;center&#8220; el_class=&#8220;photomachine bloc-img-machine&#8220;][vc_column_text]<\/p>\n<h3 style=\"text-align: center;\"><span style=\"color: #009fe1;\">SpotCool Classic<\/span><\/h3>\n<p>[\/vc_column_text][vc_btn title=&#8220;Mehr Info&#8220; style=&#8220;custom&#8220; custom_background=&#8220;#ffffff&#8220; custom_text=&#8220;#383838&#8243; shape=&#8220;round&#8220; align=&#8220;center&#8220; link=&#8220;url:https%3A%2F%2Flethiguel.com\/de%2Fspotcool-classic.html|title:SpotCool%20Classic||&#8220; el_class=&#8220;btn-encart&#8220;][\/vc_column][vc_column width=&#8220;1\/4&#8243; el_class=&#8220;encart-produits&#8220;][vc_single_image image=&#8220;1313&#8243; img_size=&#8220;full&#8220; alignment=&#8220;center&#8220; el_class=&#8220;photomachine bloc-img-machine&#8220;][vc_column_text]<\/p>\n<h3 style=\"text-align: center;\"><span style=\"color: #009fe1;\">SpotCool Evolution<br \/>\n<\/span><\/h3>\n<p>[\/vc_column_text][vc_btn title=&#8220;Mehr Info&#8220; style=&#8220;custom&#8220; custom_background=&#8220;#ffffff&#8220; custom_text=&#8220;#383838&#8243; shape=&#8220;round&#8220; align=&#8220;center&#8220; link=&#8220;url:https%3A%2F%2Flethiguel.com\/de%2Fspotcool-evolution.html|title:SpotCool%20Evolution||&#8220; el_class=&#8220;btn-encart&#8220;][\/vc_column][vc_column width=&#8220;1\/4&#8243; el_class=&#8220;encart-produits&#8220;][vc_single_image image=&#8220;1322&#8243; img_size=&#8220;full&#8220; alignment=&#8220;center&#8220; el_class=&#8220;photomachine bloc-img-machine&#8220;][vc_column_text]<\/p>\n<h3 style=\"text-align: center;\"><span style=\"color: #009fe1;\">SpotCool Performance<\/span><\/h3>\n<p>[\/vc_column_text][vc_btn title=&#8220;Mehr Info&#8220; style=&#8220;custom&#8220; custom_background=&#8220;#ffffff&#8220; custom_text=&#8220;#383838&#8243; shape=&#8220;round&#8220; align=&#8220;center&#8220; link=&#8220;url:https%3A%2F%2Flethiguel.com\/de%2Fspotcool-performance.html|title:SpotCool%20Performance||&#8220; el_class=&#8220;btn-encart&#8220;][\/vc_column][vc_column width=&#8220;1\/4&#8243; el_class=&#8220;encart-produits&#8220;][vc_single_image image=&#8220;1371&#8243; img_size=&#8220;full&#8220; alignment=&#8220;center&#8220; el_class=&#8220;photomachine bloc-img-machine&#8220;][vc_column_text]<\/p>\n<h3 style=\"text-align: center;\"><span style=\"color: #009fe1;\">Verteilers<\/span><\/h3>\n<p>[\/vc_column_text][vc_btn title=&#8220;Mehr Info&#8220; style=&#8220;custom&#8220; custom_background=&#8220;#ffffff&#8220; custom_text=&#8220;#383838&#8243; shape=&#8220;round&#8220; align=&#8220;center&#8220; link=&#8220;url:https%3A%2F%2Flethiguel.com%2Fde%2Fverteilers.html|title:Manifolds||&#8220; el_class=&#8220;btn-encart&#8220;][\/vc_column][\/vc_row][vc_row type=&#8220;vc_default&#8220; gap=&#8220;10&#8243; equal_height=&#8220;yes&#8220; css_animation=&#8220;fadeInDown&#8220; el_class=&#8220;row-produits&#8220;][vc_column width=&#8220;1\/4&#8243; el_class=&#8220;encart-produits&#8220;][vc_single_image image=&#8220;1204&#8243; img_size=&#8220;full&#8220; alignment=&#8220;center&#8220; el_class=&#8220;photomachine bloc-img-machine&#8220;][vc_column_text]<\/p>\n<h3 style=\"text-align: center;\"><span style=\"color: #009fe1;\">Kernstifte<\/span><\/h3>\n<p>[\/vc_column_text][vc_btn title=&#8220;Mehr Info&#8220; style=&#8220;custom&#8220; custom_background=&#8220;#ffffff&#8220; custom_text=&#8220;#383838&#8243; shape=&#8220;round&#8220; align=&#8220;center&#8220; link=&#8220;url:https%3A%2F%2Flethiguel.com%2Fde%2Fkernstifte-giessereikuhlsystem.html|title:Corepins||&#8220; el_class=&#8220;btn-encart&#8220;][\/vc_column][vc_column width=&#8220;1\/4&#8243; el_class=&#8220;encart-produits&#8220;][vc_single_image image=&#8220;1221&#8243; img_size=&#8220;full&#8220; alignment=&#8220;center&#8220; el_class=&#8220;photomachine bloc-img-machine&#8220;][vc_column_text]<\/p>\n<h3 style=\"text-align: center;\"><span style=\"color: #009fe1;\">Wasserflusskontrolle Flowmaster<br \/>\n<\/span><\/h3>\n<p>[\/vc_column_text][vc_btn title=&#8220;Mehr Info&#8220; style=&#8220;custom&#8220; custom_background=&#8220;#ffffff&#8220; custom_text=&#8220;#383838&#8243; shape=&#8220;round&#8220; align=&#8220;center&#8220; link=&#8220;url:https%3A%2F%2Flethiguel.com%2Fde%2Fwasser-durchfluss-kontrollsystem.html|title:Flowmaster||&#8220; el_class=&#8220;btn-encart&#8220;][\/vc_column][vc_column width=&#8220;1\/4&#8243; el_class=&#8220;encart-produits&#8220;][vc_single_image image=&#8220;1327&#8243; img_size=&#8220;full&#8220; alignment=&#8220;center&#8220; el_class=&#8220;photomachine bloc-img-machine&#8220;][vc_column_text]<\/p>\n<h3 style=\"text-align: center;\"><span style=\"color: #009fe1;\">Water Check<br \/>\n<\/span><\/h3>\n<p>[\/vc_column_text][vc_btn title=&#8220;Mehr Info&#8220; style=&#8220;custom&#8220; custom_background=&#8220;#ffffff&#8220; custom_text=&#8220;#383838&#8243; shape=&#8220;round&#8220; align=&#8220;center&#8220; link=&#8220;url:https%3A%2F%2Flethiguel.com%2Fde%2Fwasserentharter-monitors-spotcool.html|title:SpotCool%20Mini%20Water%20Check||&#8220; el_class=&#8220;btn-encart&#8220;][\/vc_column][vc_column width=&#8220;1\/4&#8243; el_class=&#8220;encart-produits&#8220;][vc_single_image image=&#8220;1318&#8243; img_size=&#8220;full&#8220; alignment=&#8220;center&#8220; el_class=&#8220;photomachine bloc-img-machine&#8220;][vc_column_text]<\/p>\n<h3 style=\"text-align: center;\"><span style=\"color: #009fe1;\">Mini Water Check<br \/>\n<\/span><\/h3>\n<p>[\/vc_column_text][vc_btn title=&#8220;Mehr Info&#8220; style=&#8220;custom&#8220; custom_background=&#8220;#ffffff&#8220; custom_text=&#8220;#383838&#8243; shape=&#8220;round&#8220; align=&#8220;center&#8220; link=&#8220;url:https%3A%2F%2Flethiguel.com%2Fde%2Fwasserentharterprufgreats-spotcool-mini-water-check.html|title:SpotCool%20Mini%20Water%20Check||&#8220; el_class=&#8220;btn-encart&#8220;][\/vc_column][\/vc_row][vc_row type=&#8220;vc_default&#8220; gap=&#8220;10&#8243; equal_height=&#8220;yes&#8220; css_animation=&#8220;fadeInDown&#8220; el_class=&#8220;row-produits&#8220;][vc_column width=&#8220;1\/4&#8243; el_class=&#8220;encart-produits&#8220;][vc_single_image image=&#8220;1331&#8243; img_size=&#8220;full&#8220; alignment=&#8220;center&#8220; el_class=&#8220;photomachine bloc-img-machine&#8220;][vc_column_text]<\/p>\n<h3 style=\"text-align: center;\"><span style=\"color: #009fe1;\">Wasserenth\u00e4rter<br \/>\n<\/span><\/h3>\n<p>[\/vc_column_text][vc_btn title=&#8220;Mehr Info&#8220; style=&#8220;custom&#8220; custom_background=&#8220;#ffffff&#8220; custom_text=&#8220;#383838&#8243; shape=&#8220;round&#8220; align=&#8220;center&#8220; link=&#8220;url:https%3A%2F%2Flethiguel.com%2Fde%2Fspotcool-wasserentharter.html|title:SpotCool%20Water%20Softener||&#8220; el_class=&#8220;btn-encart&#8220;][\/vc_column][vc_column width=&#8220;1\/4&#8243; el_class=&#8220;encart-produits&#8220;][vc_single_image image=&#8220;1274&#8243; img_size=&#8220;full&#8220; alignment=&#8220;center&#8220; el_class=&#8220;photomachine bloc-img-machine&#8220;][vc_column_text]<\/p>\n<h3 style=\"text-align: center;\"><span style=\"color: #009fe1;\">Jet Cooler<br \/>\n<\/span><\/h3>\n<p>[\/vc_column_text][vc_btn title=&#8220;Mehr Info&#8220; style=&#8220;custom&#8220; custom_background=&#8220;#ffffff&#8220; custom_text=&#8220;#383838&#8243; shape=&#8220;round&#8220; align=&#8220;center&#8220; link=&#8220;url:https%3A%2F%2Flethiguel.com%2Fde%2Fjet-cooler-giesserei-kuhlsystem.html|title:Jet%20cooler||&#8220; el_class=&#8220;btn-encart&#8220;][\/vc_column][vc_column width=&#8220;1\/4&#8243; el_class=&#8220;encart-produits&#8220;][vc_single_image image=&#8220;1372&#8243; img_size=&#8220;full&#8220; alignment=&#8220;center&#8220; el_class=&#8220;photomachine bloc-img-machine&#8220;][vc_column_text]<\/p>\n<h3 style=\"text-align: center;\"><span style=\"color: #009fe1;\">Anschlusskit<br \/>\n<\/span><\/h3>\n<p>[\/vc_column_text][vc_btn title=&#8220;Mehr Info&#8220; style=&#8220;custom&#8220; custom_background=&#8220;#ffffff&#8220; custom_text=&#8220;#383838&#8243; shape=&#8220;round&#8220; align=&#8220;center&#8220; link=&#8220;url:https%3A%2F%2Flethiguel.com%2Fde%2Fanschlusspaket.html|title:Connection%20pack||&#8220; el_class=&#8220;btn-encart&#8220;][\/vc_column][vc_column width=&#8220;1\/4&#8243;][\/vc_column][\/vc_row]<\/p>\n<\/section>","protected":false},"excerpt":{"rendered":"<p>[vc_row][vc_column][vc_row_inner][vc_column_inner][vc_column_text css_animation=&#8220;fadeInLeft&#8220;]Jet Cooling optimiert Ihre Gussqualit\u00e4t und Zykluszeit, was Leistung und Qualit\u00e4t f\u00fcr innovative Unternehmen bedeutet. Diese Technologie wurde urspr\u00fcnglich von Ahresty Japan entwickelt und patentiert. Als sein enger und historischer Partner vertreibt Lethiguel nicht nur die Systeme von Ahresty auf ausgew\u00e4hlten M\u00e4rkten, sondern hat auch eine eigene Reihe von Maschinen mit geschlossenem Kreislauf entwickelt.[\/vc_column_text][\/vc_column_inner][\/vc_row_inner][\/vc_column][\/vc_row][vc_row][vc_column&hellip;<\/p>\n","protected":false},"author":1,"featured_media":0,"parent":0,"menu_order":0,"comment_status":"closed","ping_status":"closed","template":"","meta":{"footnotes":""},"class_list":["post-84","page","type-page","status-publish","hentry","description-off"],"yoast_head":"<!-- This site is optimized with the Yoast SEO plugin v27.4 - https:\/\/yoast.com\/product\/yoast-seo-wordpress\/ -->\n<title>Lethiguel<\/title>\n<meta name=\"description\" content=\"Jet Cooling ist eine K\u00fchll\u00f6sung f\u00fcr die Druckgussindustrie! Perfekt f\u00fcr Druckguss! Jet Cooling kann Ihre Produktivit\u00e4t und Qualit\u00e4t optimieren. Mehr erfahren.\" \/>\n<meta name=\"robots\" content=\"index, follow, max-snippet:-1, max-image-preview:large, max-video-preview:-1\" \/>\n<link rel=\"canonical\" href=\"https:\/\/lethiguel.com\/de\/kuhlungslosungen-giessereiindustrie.html\" \/>\n<meta property=\"og:locale\" content=\"de_DE\" \/>\n<meta property=\"og:type\" content=\"article\" \/>\n<meta property=\"og:title\" content=\"Lethiguel\" \/>\n<meta property=\"og:description\" content=\"Jet Cooling ist eine K\u00fchll\u00f6sung f\u00fcr die Druckgussindustrie! Perfekt f\u00fcr Druckguss! Jet Cooling kann Ihre Produktivit\u00e4t und Qualit\u00e4t optimieren. Mehr erfahren.\" \/>\n<meta property=\"og:url\" content=\"https:\/\/lethiguel.com\/de\/kuhlungslosungen-giessereiindustrie.html\" \/>\n<meta property=\"og:site_name\" content=\"Lethiguel Deutsch\" \/>\n<meta property=\"article:modified_time\" content=\"2020-10-06T12:15:46+00:00\" \/>\n<meta name=\"twitter:card\" content=\"summary_large_image\" \/>\n<meta name=\"twitter:label1\" content=\"Gesch\u00e4tzte Lesezeit\" \/>\n\t<meta name=\"twitter:data1\" content=\"7\u00a0Minuten\" \/>\n<script type=\"application\/ld+json\" class=\"yoast-schema-graph\">{\"@context\":\"https:\\\/\\\/schema.org\",\"@graph\":[{\"@type\":\"WebPage\",\"@id\":\"https:\\\/\\\/lethiguel.com\\\/de\\\/kuhlungslosungen-giessereiindustrie.html\",\"url\":\"https:\\\/\\\/lethiguel.com\\\/de\\\/kuhlungslosungen-giessereiindustrie.html\",\"name\":\"Lethiguel\",\"isPartOf\":{\"@id\":\"https:\\\/\\\/lethiguel.com\\\/de\\\/#website\"},\"datePublished\":\"2019-06-18T13:19:24+00:00\",\"dateModified\":\"2020-10-06T12:15:46+00:00\",\"description\":\"Jet Cooling ist eine K\u00fchll\u00f6sung f\u00fcr die Druckgussindustrie! Perfekt f\u00fcr Druckguss! Jet Cooling kann Ihre Produktivit\u00e4t und Qualit\u00e4t optimieren. Mehr erfahren.\",\"breadcrumb\":{\"@id\":\"https:\\\/\\\/lethiguel.com\\\/de\\\/kuhlungslosungen-giessereiindustrie.html#breadcrumb\"},\"inLanguage\":\"de\",\"potentialAction\":[{\"@type\":\"ReadAction\",\"target\":[\"https:\\\/\\\/lethiguel.com\\\/de\\\/kuhlungslosungen-giessereiindustrie.html\"]}]},{\"@type\":\"BreadcrumbList\",\"@id\":\"https:\\\/\\\/lethiguel.com\\\/de\\\/kuhlungslosungen-giessereiindustrie.html#breadcrumb\",\"itemListElement\":[{\"@type\":\"ListItem\",\"position\":1,\"name\":\"Accueil\",\"item\":\"https:\\\/\\\/lethiguel.com\\\/de\\\/\"},{\"@type\":\"ListItem\",\"position\":2,\"name\":\"K\u00fchlungsl\u00f6sungen\"}]},{\"@type\":\"WebSite\",\"@id\":\"https:\\\/\\\/lethiguel.com\\\/de\\\/#website\",\"url\":\"https:\\\/\\\/lethiguel.com\\\/de\\\/\",\"name\":\"Lethiguel Deutsch\",\"description\":\"Heating and cooling solutions\",\"potentialAction\":[{\"@type\":\"SearchAction\",\"target\":{\"@type\":\"EntryPoint\",\"urlTemplate\":\"https:\\\/\\\/lethiguel.com\\\/de\\\/?s={search_term_string}\"},\"query-input\":{\"@type\":\"PropertyValueSpecification\",\"valueRequired\":true,\"valueName\":\"search_term_string\"}}],\"inLanguage\":\"de\"}]}<\/script>\n<!-- \/ Yoast SEO plugin. -->","yoast_head_json":{"title":"Lethiguel","description":"Jet Cooling ist eine K\u00fchll\u00f6sung f\u00fcr die Druckgussindustrie! Perfekt f\u00fcr Druckguss! Jet Cooling kann Ihre Produktivit\u00e4t und Qualit\u00e4t optimieren. Mehr erfahren.","robots":{"index":"index","follow":"follow","max-snippet":"max-snippet:-1","max-image-preview":"max-image-preview:large","max-video-preview":"max-video-preview:-1"},"canonical":"https:\/\/lethiguel.com\/de\/kuhlungslosungen-giessereiindustrie.html","og_locale":"de_DE","og_type":"article","og_title":"Lethiguel","og_description":"Jet Cooling ist eine K\u00fchll\u00f6sung f\u00fcr die Druckgussindustrie! Perfekt f\u00fcr Druckguss! Jet Cooling kann Ihre Produktivit\u00e4t und Qualit\u00e4t optimieren. Mehr erfahren.","og_url":"https:\/\/lethiguel.com\/de\/kuhlungslosungen-giessereiindustrie.html","og_site_name":"Lethiguel Deutsch","article_modified_time":"2020-10-06T12:15:46+00:00","twitter_card":"summary_large_image","twitter_misc":{"Gesch\u00e4tzte Lesezeit":"7\u00a0Minuten"},"schema":{"@context":"https:\/\/schema.org","@graph":[{"@type":"WebPage","@id":"https:\/\/lethiguel.com\/de\/kuhlungslosungen-giessereiindustrie.html","url":"https:\/\/lethiguel.com\/de\/kuhlungslosungen-giessereiindustrie.html","name":"Lethiguel","isPartOf":{"@id":"https:\/\/lethiguel.com\/de\/#website"},"datePublished":"2019-06-18T13:19:24+00:00","dateModified":"2020-10-06T12:15:46+00:00","description":"Jet Cooling ist eine K\u00fchll\u00f6sung f\u00fcr die Druckgussindustrie! Perfekt f\u00fcr Druckguss! Jet Cooling kann Ihre Produktivit\u00e4t und Qualit\u00e4t optimieren. Mehr erfahren.","breadcrumb":{"@id":"https:\/\/lethiguel.com\/de\/kuhlungslosungen-giessereiindustrie.html#breadcrumb"},"inLanguage":"de","potentialAction":[{"@type":"ReadAction","target":["https:\/\/lethiguel.com\/de\/kuhlungslosungen-giessereiindustrie.html"]}]},{"@type":"BreadcrumbList","@id":"https:\/\/lethiguel.com\/de\/kuhlungslosungen-giessereiindustrie.html#breadcrumb","itemListElement":[{"@type":"ListItem","position":1,"name":"Accueil","item":"https:\/\/lethiguel.com\/de\/"},{"@type":"ListItem","position":2,"name":"K\u00fchlungsl\u00f6sungen"}]},{"@type":"WebSite","@id":"https:\/\/lethiguel.com\/de\/#website","url":"https:\/\/lethiguel.com\/de\/","name":"Lethiguel Deutsch","description":"Heating and cooling solutions","potentialAction":[{"@type":"SearchAction","target":{"@type":"EntryPoint","urlTemplate":"https:\/\/lethiguel.com\/de\/?s={search_term_string}"},"query-input":{"@type":"PropertyValueSpecification","valueRequired":true,"valueName":"search_term_string"}}],"inLanguage":"de"}]}},"_links":{"self":[{"href":"https:\/\/lethiguel.com\/de\/wp-json\/wp\/v2\/pages\/84","targetHints":{"allow":["GET"]}}],"collection":[{"href":"https:\/\/lethiguel.com\/de\/wp-json\/wp\/v2\/pages"}],"about":[{"href":"https:\/\/lethiguel.com\/de\/wp-json\/wp\/v2\/types\/page"}],"author":[{"embeddable":true,"href":"https:\/\/lethiguel.com\/de\/wp-json\/wp\/v2\/users\/1"}],"replies":[{"embeddable":true,"href":"https:\/\/lethiguel.com\/de\/wp-json\/wp\/v2\/comments?post=84"}],"version-history":[{"count":64,"href":"https:\/\/lethiguel.com\/de\/wp-json\/wp\/v2\/pages\/84\/revisions"}],"predecessor-version":[{"id":1822,"href":"https:\/\/lethiguel.com\/de\/wp-json\/wp\/v2\/pages\/84\/revisions\/1822"}],"wp:attachment":[{"href":"https:\/\/lethiguel.com\/de\/wp-json\/wp\/v2\/media?parent=84"}],"curies":[{"name":"wp","href":"https:\/\/api.w.org\/{rel}","templated":true}]}}