{"id":87,"date":"2019-06-18T15:19:57","date_gmt":"2019-06-18T13:19:57","guid":{"rendered":"https:\/\/lethiguel.com\/de\/?page_id=87"},"modified":"2026-02-05T16:02:22","modified_gmt":"2026-02-05T15:02:22","slug":"heizlosungen","status":"publish","type":"page","link":"https:\/\/lethiguel.com\/de\/heizlosungen.html","title":{"rendered":"Heizl\u00f6sungen"},"content":{"rendered":"<section class=\"wpb-content-wrapper\"><p>[vc_row][vc_column][vc_column_text css_animation=&#8220;fadeInLeft&#8220;]<\/p>\n<h4>Lethiguel bietet eine gro\u00dfe Auswahl an Heizl\u00f6sungen, von W\u00e4rmeerzeugern bis hin zu kundenspezifischen \u00d6fen. Z\u00f6gern Sie nicht, uns f\u00fcr jede Anfrage zu kontaktieren.<\/h4>\n<p>Unsere Hauptheizl\u00f6sung sind <a href=\"https:\/\/lethiguel.com\/de\/tauchheizkoerper-thermal-power.html\">Aluminium Tauchheizk\u00f6rper<\/a> . Wir haben diese Technologie entwickelt, um die Effizienz der Aluminiumheizung zu steigern. Wir haben viele Studien durchgef\u00fchrt und festgestellt, dass unsere Heizmethode effizienter ist als die herk\u00f6mmliche Aluminiumheizmethode. Mit unseren Heizungsl\u00f6sungen k\u00f6nnen wir Folgendes optimieren:<\/p>\n<ul>\n<li>Energieeinsparung<\/li>\n<li>Metallqualit\u00e4t<\/li>\n<li>Produktivit\u00e4t<\/li>\n<\/ul>\n<p>Systeme mit hohem Mehrwert, die Gie\u00dfereien sicherstellen, um den Energieverbrauch, die Qualit\u00e4t kritischer Teile, die Produktivit\u00e4t und die Sicherheit zu optimieren.<\/p>\n<p>Gerne k\u00f6nnen Sie uns Ihren Fall mitteilen. Wir analysieren und bieten eine integrierte L\u00f6sung, die am besten zu Ihnen passt.[\/vc_column_text][vc_btn title=&#8220;Kontaktiere uns&#8220; css_animation=&#8220;fadeInLeft&#8220; link=&#8220;url:%2Fde%2Fkontakt.html|||&#8220;][vc_separator color=&#8220;custom&#8220; accent_color=&#8220;#474747&#8243;][\/vc_column][\/vc_row][vc_row][vc_column animation=&#8220;fadeInUp&#8220;][vc_column_text]<\/p>\n<h3 style=\"text-align: center;\"><span style=\"color: #ff0000;\"><strong>Exklusive Produkte f\u00fcr innovative Gie\u00dfereien!<\/strong><\/span><\/h3>\n<p>[\/vc_column_text][\/vc_column][\/vc_row][vc_row type=&#8220;vc_default&#8220; gap=&#8220;10&#8243; equal_height=&#8220;yes&#8220; css_animation=&#8220;fadeInDown&#8220; css=&#8220;.vc_custom_1594889438267{margin-top: 60px !important;}&#8220; el_class=&#8220;row-produits&#8220;][vc_column width=&#8220;1\/4&#8243; el_class=&#8220;encart-produits&#8220;][vc_single_image image=&#8220;1349&#8243; img_size=&#8220;full&#8220; alignment=&#8220;center&#8220; el_class=&#8220;photomachine bloc-img-machine&#8220;][vc_column_text]<\/p>\n<h3 style=\"text-align: center;\"><span style=\"color: #009fe1;\"><span style=\"color: #cf302d;\">Tauchheizk\u00f6rper Thermal Power<\/span><br \/>\n<\/span><\/h3>\n<p>[\/vc_column_text][vc_btn title=&#8220;Mehr Info&#8220; style=&#8220;custom&#8220; custom_background=&#8220;#ffffff&#8220; custom_text=&#8220;#383838&#8243; shape=&#8220;round&#8220; align=&#8220;center&#8220; link=&#8220;url:https%3A%2F%2Flethiguel.com%2Fde%2Ftauchheizkoerper-thermal-power.html|title:Thermal%20Power%20heater||&#8220; el_class=&#8220;btn-encart&#8220;][\/vc_column][vc_column width=&#8220;1\/4&#8243; el_class=&#8220;encart-produits&#8220;][vc_single_image image=&#8220;1361&#8243; img_size=&#8220;full&#8220; alignment=&#8220;center&#8220; el_class=&#8220;photomachine bloc-img-machine&#8220;][vc_column_text]<\/p>\n<h3 style=\"text-align: center;\"><span style=\"color: #009fe1;\"><span style=\"color: #cf302d;\">Tauchheizk\u00f6rper Type L Thermal Power<\/span><br \/>\n<\/span><\/h3>\n<p>[\/vc_column_text][vc_btn title=&#8220;Mehr Info&#8220; style=&#8220;custom&#8220; custom_background=&#8220;#ffffff&#8220; custom_text=&#8220;#383838&#8243; shape=&#8220;round&#8220; align=&#8220;center&#8220; link=&#8220;url:https%3A%2F%2Flethiguel.com%2Fde%2Ftauchheizkoerper-l-thermal-power.html|title:L-Type%20Thermal%20Power%20heater||&#8220; el_class=&#8220;btn-encart&#8220;][\/vc_column][vc_column width=&#8220;1\/4&#8243; el_class=&#8220;encart-produits&#8220;][vc_single_image image=&#8220;1887&#8243; img_size=&#8220;medium&#8220; alignment=&#8220;center&#8220; el_class=&#8220;photomachine bloc-img-machine&#8220;][vc_column_text]<\/p>\n<h3 style=\"text-align: center;\"><span style=\"color: #cf302d;\">WattMobil<\/span><\/h3>\n<p>[\/vc_column_text][vc_btn title=&#8220;Mehr Info&#8220; style=&#8220;custom&#8220; custom_background=&#8220;#ffffff&#8220; custom_text=&#8220;#383838&#8243; shape=&#8220;round&#8220; align=&#8220;center&#8220; link=&#8220;url:https%3A%2F%2Flethiguel.com%2Fde%2Fwattmobil-temperaturerhaltung.html|title:WattMobil||&#8220; el_class=&#8220;btn-encart&#8220;][\/vc_column][vc_column width=&#8220;1\/4&#8243; el_class=&#8220;encart-produits&#8220;][vc_single_image image=&#8220;1303&#8243; img_size=&#8220;full&#8220; alignment=&#8220;center&#8220; el_class=&#8220;photomachine bloc-img-machine&#8220;][vc_column_text]<\/p>\n<h3 style=\"text-align: center;\"><span style=\"color: #cf302d;\">QuickCheck<\/span><\/h3>\n<p>[\/vc_column_text][vc_btn title=&#8220;Mehr Info&#8220; style=&#8220;custom&#8220; custom_background=&#8220;#ffffff&#8220; custom_text=&#8220;#383838&#8243; shape=&#8220;round&#8220; align=&#8220;center&#8220; link=&#8220;url:https%3A%2F%2Flethiguel.com%2Fde%2Fquickcheck-thermoelement.html|title:QuickCheck||&#8220; el_class=&#8220;btn-encart&#8220;][\/vc_column][\/vc_row][vc_row type=&#8220;vc_default&#8220; gap=&#8220;10&#8243; equal_height=&#8220;yes&#8220; css_animation=&#8220;fadeInDown&#8220; css=&#8220;.vc_custom_1594889459683{margin-top: 80px !important;}&#8220; el_class=&#8220;row-produits&#8220;][vc_column width=&#8220;1\/4&#8243; el_class=&#8220;encart-produits&#8220;][vc_single_image image=&#8220;1363&#8243; img_size=&#8220;full&#8220; alignment=&#8220;center&#8220; el_class=&#8220;photomachine bloc-img-machine&#8220;][vc_column_text]<\/p>\n<h3 style=\"text-align: center;\"><span style=\"color: #009fe1;\"><span style=\"color: #cf302d;\">Heizl\u00fcfter Thermal Power<\/span><br \/>\n<\/span><\/h3>\n<p>[\/vc_column_text][vc_btn title=&#8220;Mehr Info&#8220; style=&#8220;custom&#8220; custom_background=&#8220;#ffffff&#8220; custom_text=&#8220;#383838&#8243; shape=&#8220;round&#8220; align=&#8220;center&#8220; link=&#8220;url:https%3A%2F%2Flethiguel.com%2Fde%2Fheizlufter-thermal-power.html|title:Air%20Thermal%20Power%20heater||&#8220; el_class=&#8220;btn-encart&#8220;][\/vc_column][vc_column width=&#8220;1\/4&#8243; css=&#8220;.vc_custom_1576422418482{padding-right: 20px !important;}&#8220; el_class=&#8220;encart-produits&#8220;][vc_single_image image=&#8220;1191&#8243; img_size=&#8220;full&#8220; alignment=&#8220;center&#8220; el_class=&#8220;photomachine bloc-img-machine&#8220;][vc_column_text]<\/p>\n<h3 style=\"text-align: center;\"><span style=\"color: #009fe1;\"><span style=\"color: #cf302d;\">Ceral<\/span><br \/>\n<\/span><\/h3>\n<p>[\/vc_column_text][vc_btn title=&#8220;Mehr Info&#8220; style=&#8220;custom&#8220; custom_background=&#8220;#ffffff&#8220; custom_text=&#8220;#383838&#8243; shape=&#8220;round&#8220; align=&#8220;center&#8220; link=&#8220;url:https%3A%2F%2Flethiguel.com%2Fde%2Fceral.html|title:Ceral||&#8220; el_class=&#8220;btn-encart&#8220;][\/vc_column][vc_column width=&#8220;1\/4&#8243; el_class=&#8220;encart-produits&#8220;][vc_single_image image=&#8220;1182&#8243; img_size=&#8220;full&#8220; alignment=&#8220;center&#8220; el_class=&#8220;photomachine bloc-img-machine&#8220;][vc_column_text]<\/p>\n<h3 style=\"text-align: center;\"><span style=\"color: #009fe1;\"><span style=\"color: #cf302d;\">Al Clean<\/span><br \/>\n<\/span><\/h3>\n<p>[\/vc_column_text][vc_btn title=&#8220;Mehr Info&#8220; style=&#8220;custom&#8220; custom_background=&#8220;#ffffff&#8220; custom_text=&#8220;#383838&#8243; shape=&#8220;round&#8220; align=&#8220;center&#8220; link=&#8220;url:https%3A%2F%2Flethiguel.com%2Fde%2Faluminium-warmhalteofen-al-clean.html|title:Al%20Clean||&#8220; el_class=&#8220;btn-encart&#8220;][\/vc_column][vc_column width=&#8220;1\/4&#8243; el_class=&#8220;encart-produits&#8220;][vc_single_image image=&#8220;1284&#8243; img_size=&#8220;full&#8220; alignment=&#8220;center&#8220; el_class=&#8220;photomachine bloc-img-machine&#8220;][vc_column_text]<\/p>\n<h3 style=\"text-align: center;\"><span style=\"color: #cf302d;\">Benutzerdefinierter Ofen<\/span><\/h3>\n<p>[\/vc_column_text][vc_btn title=&#8220;Mehr Info&#8220; style=&#8220;custom&#8220; custom_background=&#8220;#ffffff&#8220; custom_text=&#8220;#383838&#8243; shape=&#8220;round&#8220; align=&#8220;center&#8220; link=&#8220;url:https%3A%2F%2Flethiguel.com%2Fde%2Fbenutzerdefinierter-ofen.html|title:Customized%20furnaces||&#8220; css=&#8220;.vc_custom_1601901813437{margin-top: -32px !important;}&#8220; el_class=&#8220;btn-encart&#8220;][\/vc_column][\/vc_row][vc_row type=&#8220;vc_default&#8220; gap=&#8220;10&#8243; equal_height=&#8220;yes&#8220; css_animation=&#8220;fadeInDown&#8220; css=&#8220;.vc_custom_1594889469762{margin-top: 80px !important;}&#8220; el_class=&#8220;row-produits&#8220;][vc_column width=&#8220;1\/4&#8243; el_class=&#8220;encart-produits&#8220;][vc_single_image image=&#8220;1341&#8243; img_size=&#8220;full&#8220; alignment=&#8220;center&#8220; el_class=&#8220;photomachine bloc-img-machine&#8220;][vc_column_text]<\/p>\n<h3 style=\"text-align: center;\"><span style=\"color: #009fe1;\"><span style=\"color: #cf302d;\">Twiga<\/span><br \/>\n<\/span><\/h3>\n<p>[\/vc_column_text][vc_btn title=&#8220;Mehr Info&#8220; style=&#8220;custom&#8220; custom_background=&#8220;#ffffff&#8220; custom_text=&#8220;#383838&#8243; shape=&#8220;round&#8220; align=&#8220;center&#8220; link=&#8220;url:https%3A%2F%2Flethiguel.com%2Fde%2Faluminium-warmhaltestation-twiga.html|title:Twiga||&#8220; el_class=&#8220;btn-encart&#8220;][\/vc_column][vc_column width=&#8220;1\/4&#8243; el_class=&#8220;encart-produits&#8220;][vc_single_image image=&#8220;1195&#8243; img_size=&#8220;full&#8220; alignment=&#8220;center&#8220; el_class=&#8220;photomachine bloc-img-machine&#8220;][vc_column_text]<\/p>\n<h3 style=\"text-align: center;\"><span style=\"color: #009fe1;\"><span style=\"color: #cf302d;\">Reinigungsset Clean Kit<\/span><br \/>\n<\/span><\/h3>\n<p>[\/vc_column_text][vc_btn title=&#8220;Mehr Info&#8220; style=&#8220;custom&#8220; custom_background=&#8220;#ffffff&#8220; custom_text=&#8220;#383838&#8243; shape=&#8220;round&#8220; align=&#8220;center&#8220; link=&#8220;url:https%3A%2F%2Flethiguel.com%2Fde%2Freinigungsset-clean-kit.html|title:Clean%20Kit||&#8220; el_class=&#8220;btn-encart&#8220;][\/vc_column][vc_column width=&#8220;1\/4&#8243; el_class=&#8220;encart-produits&#8220;][vc_single_image image=&#8220;1271&#8243; img_size=&#8220;full&#8220; alignment=&#8220;center&#8220; el_class=&#8220;photomachine bloc-img-machine&#8220;][vc_column_text]<\/p>\n<h3 style=\"text-align: center;\"><span style=\"color: #009fe1;\"><span style=\"color: #cf302d;\">Heizungswagen<\/span><br \/>\n<\/span><\/h3>\n<p>[\/vc_column_text][vc_btn title=&#8220;Mehr Info&#8220; style=&#8220;custom&#8220; custom_background=&#8220;#ffffff&#8220; custom_text=&#8220;#383838&#8243; shape=&#8220;round&#8220; align=&#8220;center&#8220; link=&#8220;url:https%3A%2F%2Flethiguel.com%2Fde%2Fheizungswagen.html|title:Clean%20Kit||&#8220; el_class=&#8220;btn-encart&#8220;][\/vc_column][\/vc_row]<\/p>\n<\/section>","protected":false},"excerpt":{"rendered":"<p>[vc_row][vc_column][vc_column_text css_animation=&#8220;fadeInLeft&#8220;] Lethiguel bietet eine gro\u00dfe Auswahl an Heizl\u00f6sungen, von W\u00e4rmeerzeugern bis hin zu kundenspezifischen \u00d6fen. Z\u00f6gern Sie nicht, uns f\u00fcr jede Anfrage zu kontaktieren. Unsere Hauptheizl\u00f6sung sind Aluminium Tauchheizk\u00f6rper . Wir haben diese Technologie entwickelt, um die Effizienz der Aluminiumheizung zu steigern. Wir haben viele Studien durchgef\u00fchrt und festgestellt, dass unsere Heizmethode effizienter ist&hellip;<\/p>\n","protected":false},"author":1,"featured_media":0,"parent":0,"menu_order":0,"comment_status":"closed","ping_status":"closed","template":"","meta":{"footnotes":""},"class_list":["post-87","page","type-page","status-publish","hentry","description-off"],"yoast_head":"<!-- This site is optimized with the Yoast SEO plugin v27.4 - https:\/\/yoast.com\/product\/yoast-seo-wordpress\/ -->\n<title>Lethiguel<\/title>\n<meta name=\"description\" content=\"Wir bieten eine ganze Reihe von Heizl\u00f6sungen f\u00fcr die Aluminiumindustrie! Vom Tauchheizk\u00f6rper bis zum benutzerdefinierter Ofen. Alle L\u00f6sungen sind vollst\u00e4ndig integriert. Mehr erfahren.\" \/>\n<meta name=\"robots\" content=\"index, follow, max-snippet:-1, max-image-preview:large, max-video-preview:-1\" \/>\n<link rel=\"canonical\" href=\"https:\/\/lethiguel.com\/de\/heizlosungen.html\" \/>\n<meta property=\"og:locale\" content=\"de_DE\" \/>\n<meta property=\"og:type\" content=\"article\" \/>\n<meta property=\"og:title\" content=\"Lethiguel\" \/>\n<meta property=\"og:description\" content=\"Wir bieten eine ganze Reihe von Heizl\u00f6sungen f\u00fcr die Aluminiumindustrie! Vom Tauchheizk\u00f6rper bis zum benutzerdefinierter Ofen. Alle L\u00f6sungen sind vollst\u00e4ndig integriert. Mehr erfahren.\" \/>\n<meta property=\"og:url\" content=\"https:\/\/lethiguel.com\/de\/heizlosungen.html\" \/>\n<meta property=\"og:site_name\" content=\"Lethiguel Deutsch\" \/>\n<meta property=\"article:modified_time\" content=\"2026-02-05T15:02:22+00:00\" \/>\n<meta name=\"twitter:card\" content=\"summary_large_image\" \/>\n<meta name=\"twitter:label1\" content=\"Gesch\u00e4tzte Lesezeit\" \/>\n\t<meta name=\"twitter:data1\" content=\"3\u00a0Minuten\" \/>\n<script type=\"application\/ld+json\" class=\"yoast-schema-graph\">{\"@context\":\"https:\\\/\\\/schema.org\",\"@graph\":[{\"@type\":\"WebPage\",\"@id\":\"https:\\\/\\\/lethiguel.com\\\/de\\\/heizlosungen.html\",\"url\":\"https:\\\/\\\/lethiguel.com\\\/de\\\/heizlosungen.html\",\"name\":\"Lethiguel\",\"isPartOf\":{\"@id\":\"https:\\\/\\\/lethiguel.com\\\/de\\\/#website\"},\"datePublished\":\"2019-06-18T13:19:57+00:00\",\"dateModified\":\"2026-02-05T15:02:22+00:00\",\"description\":\"Wir bieten eine ganze Reihe von Heizl\u00f6sungen f\u00fcr die Aluminiumindustrie! Vom Tauchheizk\u00f6rper bis zum benutzerdefinierter Ofen. Alle L\u00f6sungen sind vollst\u00e4ndig integriert. Mehr erfahren.\",\"breadcrumb\":{\"@id\":\"https:\\\/\\\/lethiguel.com\\\/de\\\/heizlosungen.html#breadcrumb\"},\"inLanguage\":\"de\",\"potentialAction\":[{\"@type\":\"ReadAction\",\"target\":[\"https:\\\/\\\/lethiguel.com\\\/de\\\/heizlosungen.html\"]}]},{\"@type\":\"BreadcrumbList\",\"@id\":\"https:\\\/\\\/lethiguel.com\\\/de\\\/heizlosungen.html#breadcrumb\",\"itemListElement\":[{\"@type\":\"ListItem\",\"position\":1,\"name\":\"Accueil\",\"item\":\"https:\\\/\\\/lethiguel.com\\\/de\\\/\"},{\"@type\":\"ListItem\",\"position\":2,\"name\":\"Heizl\u00f6sungen\"}]},{\"@type\":\"WebSite\",\"@id\":\"https:\\\/\\\/lethiguel.com\\\/de\\\/#website\",\"url\":\"https:\\\/\\\/lethiguel.com\\\/de\\\/\",\"name\":\"Lethiguel Deutsch\",\"description\":\"Heating and cooling solutions\",\"potentialAction\":[{\"@type\":\"SearchAction\",\"target\":{\"@type\":\"EntryPoint\",\"urlTemplate\":\"https:\\\/\\\/lethiguel.com\\\/de\\\/?s={search_term_string}\"},\"query-input\":{\"@type\":\"PropertyValueSpecification\",\"valueRequired\":true,\"valueName\":\"search_term_string\"}}],\"inLanguage\":\"de\"}]}<\/script>\n<!-- \/ Yoast SEO plugin. -->","yoast_head_json":{"title":"Lethiguel","description":"Wir bieten eine ganze Reihe von Heizl\u00f6sungen f\u00fcr die Aluminiumindustrie! Vom Tauchheizk\u00f6rper bis zum benutzerdefinierter Ofen. Alle L\u00f6sungen sind vollst\u00e4ndig integriert. Mehr erfahren.","robots":{"index":"index","follow":"follow","max-snippet":"max-snippet:-1","max-image-preview":"max-image-preview:large","max-video-preview":"max-video-preview:-1"},"canonical":"https:\/\/lethiguel.com\/de\/heizlosungen.html","og_locale":"de_DE","og_type":"article","og_title":"Lethiguel","og_description":"Wir bieten eine ganze Reihe von Heizl\u00f6sungen f\u00fcr die Aluminiumindustrie! Vom Tauchheizk\u00f6rper bis zum benutzerdefinierter Ofen. Alle L\u00f6sungen sind vollst\u00e4ndig integriert. Mehr erfahren.","og_url":"https:\/\/lethiguel.com\/de\/heizlosungen.html","og_site_name":"Lethiguel Deutsch","article_modified_time":"2026-02-05T15:02:22+00:00","twitter_card":"summary_large_image","twitter_misc":{"Gesch\u00e4tzte Lesezeit":"3\u00a0Minuten"},"schema":{"@context":"https:\/\/schema.org","@graph":[{"@type":"WebPage","@id":"https:\/\/lethiguel.com\/de\/heizlosungen.html","url":"https:\/\/lethiguel.com\/de\/heizlosungen.html","name":"Lethiguel","isPartOf":{"@id":"https:\/\/lethiguel.com\/de\/#website"},"datePublished":"2019-06-18T13:19:57+00:00","dateModified":"2026-02-05T15:02:22+00:00","description":"Wir bieten eine ganze Reihe von Heizl\u00f6sungen f\u00fcr die Aluminiumindustrie! Vom Tauchheizk\u00f6rper bis zum benutzerdefinierter Ofen. Alle L\u00f6sungen sind vollst\u00e4ndig integriert. Mehr erfahren.","breadcrumb":{"@id":"https:\/\/lethiguel.com\/de\/heizlosungen.html#breadcrumb"},"inLanguage":"de","potentialAction":[{"@type":"ReadAction","target":["https:\/\/lethiguel.com\/de\/heizlosungen.html"]}]},{"@type":"BreadcrumbList","@id":"https:\/\/lethiguel.com\/de\/heizlosungen.html#breadcrumb","itemListElement":[{"@type":"ListItem","position":1,"name":"Accueil","item":"https:\/\/lethiguel.com\/de\/"},{"@type":"ListItem","position":2,"name":"Heizl\u00f6sungen"}]},{"@type":"WebSite","@id":"https:\/\/lethiguel.com\/de\/#website","url":"https:\/\/lethiguel.com\/de\/","name":"Lethiguel Deutsch","description":"Heating and cooling solutions","potentialAction":[{"@type":"SearchAction","target":{"@type":"EntryPoint","urlTemplate":"https:\/\/lethiguel.com\/de\/?s={search_term_string}"},"query-input":{"@type":"PropertyValueSpecification","valueRequired":true,"valueName":"search_term_string"}}],"inLanguage":"de"}]}},"_links":{"self":[{"href":"https:\/\/lethiguel.com\/de\/wp-json\/wp\/v2\/pages\/87","targetHints":{"allow":["GET"]}}],"collection":[{"href":"https:\/\/lethiguel.com\/de\/wp-json\/wp\/v2\/pages"}],"about":[{"href":"https:\/\/lethiguel.com\/de\/wp-json\/wp\/v2\/types\/page"}],"author":[{"embeddable":true,"href":"https:\/\/lethiguel.com\/de\/wp-json\/wp\/v2\/users\/1"}],"replies":[{"embeddable":true,"href":"https:\/\/lethiguel.com\/de\/wp-json\/wp\/v2\/comments?post=87"}],"version-history":[{"count":53,"href":"https:\/\/lethiguel.com\/de\/wp-json\/wp\/v2\/pages\/87\/revisions"}],"predecessor-version":[{"id":2030,"href":"https:\/\/lethiguel.com\/de\/wp-json\/wp\/v2\/pages\/87\/revisions\/2030"}],"wp:attachment":[{"href":"https:\/\/lethiguel.com\/de\/wp-json\/wp\/v2\/media?parent=87"}],"curies":[{"name":"wp","href":"https:\/\/api.w.org\/{rel}","templated":true}]}}