{"id":969,"date":"2020-07-22T15:03:23","date_gmt":"2020-07-22T13:03:23","guid":{"rendered":"https:\/\/lethiguel.com\/de\/?page_id=969"},"modified":"2020-10-19T13:39:57","modified_gmt":"2020-10-19T11:39:57","slug":"geschaeftsbereich","status":"publish","type":"page","link":"https:\/\/lethiguel.com\/de\/geschaeftsbereich.html","title":{"rendered":"Gesch\u00e4ftsbereich"},"content":{"rendered":"<section class=\"wpb-content-wrapper\"><p>[vc_row][vc_column]<div class=\"shortcode-banner\" style=\"min-height: 150px;background-image: url(https:\/\/lethiguel.com\/de\/wp-content\/uploads\/sites\/10\/2020\/07\/lethiguel.png)\"><div class=\"shortcode-banner-bg wf-table\" style=\"padding: 10px;min-height: 150px\"><div class=\"shortcode-banner-inside wf-table text-big\" style=\"background-color: rgb(0,0,0);background-color: rgba(0,0,0,0.4);border: solid 10px transparent;outline: solid 3px;outline-color: #ffffff;height: 140px\"><div><h3 style=\"text-align: center;\"><span style=\"color: #ffffff;\">Eine Welt der thermischen L\u00f6sung<\/span><\/h3>\n<\/div><\/div><\/div><\/div>[\/vc_column][\/vc_row][vc_row][vc_column css=&#8220;.vc_custom_1570015148126{margin-top: 30px !important;}&#8220;][vc_column_text]<\/p>\n<p style=\"text-align: center;\">Wir bieten Ihnen eine vollst\u00e4ndig integrierte L\u00f6sung<\/p>\n<p>[\/vc_column_text][vc_separator][\/vc_column][\/vc_row][vc_row][vc_column width=&#8220;1\/2&#8243; animation=&#8220;fadeInLeft&#8220;][vc_single_image image=&#8220;1639&#8243; img_size=&#8220;300&#215;300&#8243; alignment=&#8220;center&#8220; style=&#8220;vc_box_border_circle_2&#8243;][vc_column_text css=&#8220;.vc_custom_1603107418650{margin-top: -20px !important;}&#8220;]<\/p>\n<h3 style=\"text-align: center;\"><a href=\"https:\/\/lethiguel.com\/de\/druckguss.html\">Druckguss<\/a><\/h3>\n<p>[\/vc_column_text][\/vc_column][vc_column width=&#8220;1\/2&#8243; animation=&#8220;fadeInRight&#8220;][vc_single_image image=&#8220;1665&#8243; img_size=&#8220;300&#215;300&#8243; alignment=&#8220;center&#8220; style=&#8220;vc_box_border_circle_2&#8243;][vc_column_text css=&#8220;.vc_custom_1595424347417{margin-top: -20px !important;}&#8220;]<\/p>\n<h3 style=\"text-align: center;\"><a href=\"https:\/\/lethiguel.com\/de\/niederdruckguss.html\">Niederdruckguss<\/a><\/h3>\n<p>[\/vc_column_text][\/vc_column][\/vc_row][vc_row][vc_column width=&#8220;1\/2&#8243; animation=&#8220;fadeInLeft&#8220;][vc_single_image image=&#8220;1666&#8243; img_size=&#8220;300&#215;300&#8243; alignment=&#8220;center&#8220; style=&#8220;vc_box_border_circle_2&#8243;][vc_column_text css=&#8220;.vc_custom_1595424337780{margin-top: -20px !important;}&#8220;]<\/p>\n<h3 style=\"text-align: center;\"><a href=\"https:\/\/lethiguel.com\/de\/schwerkraftdruckguss.html\">Schwerkraftdruckguss<\/a><\/h3>\n<p>[\/vc_column_text][\/vc_column][vc_column width=&#8220;1\/2&#8243; animation=&#8220;fadeInRight&#8220;][vc_single_image image=&#8220;1667&#8243; img_size=&#8220;300&#215;300&#8243; alignment=&#8220;center&#8220; style=&#8220;vc_box_border_circle_2&#8243;][vc_column_text css=&#8220;.vc_custom_1603107534951{margin-top: -20px !important;}&#8220;]<\/p>\n<h3 style=\"text-align: center;\"><a href=\"https:\/\/lethiguel.com\/de\/casthouse.html\">Gie\u00dfhalle<\/a><\/h3>\n<p>[\/vc_column_text][\/vc_column][\/vc_row][vc_row][vc_column animation=&#8220;fadeInUp&#8220;][vc_single_image image=&#8220;1668&#8243; img_size=&#8220;300&#215;300&#8243; alignment=&#8220;center&#8220; style=&#8220;vc_box_border_circle_2&#8243;][vc_column_text css=&#8220;.vc_custom_1603107520769{margin-top: -20px !important;}&#8220;]<\/p>\n<h3 style=\"text-align: center;\"><a href=\"https:\/\/lethiguel.com\/de\/aluminiumrecycling.html\">Aluminiumrecycling<\/a><\/h3>\n<p>[\/vc_column_text][\/vc_column][\/vc_row]<\/p>\n<\/section>","protected":false},"excerpt":{"rendered":"<p>[vc_row][vc_column][\/vc_column][\/vc_row][vc_row][vc_column css=&#8220;.vc_custom_1570015148126{margin-top: 30px !important;}&#8220;][vc_column_text] Wir bieten Ihnen eine vollst\u00e4ndig integrierte L\u00f6sung [\/vc_column_text][vc_separator][\/vc_column][\/vc_row][vc_row][vc_column width=&#8220;1\/2&#8243; animation=&#8220;fadeInLeft&#8220;][vc_single_image image=&#8220;1639&#8243; img_size=&#8220;300&#215;300&#8243; alignment=&#8220;center&#8220; style=&#8220;vc_box_border_circle_2&#8243;][vc_column_text css=&#8220;.vc_custom_1603107418650{margin-top: -20px !important;}&#8220;] Druckguss [\/vc_column_text][\/vc_column][vc_column width=&#8220;1\/2&#8243; animation=&#8220;fadeInRight&#8220;][vc_single_image image=&#8220;1665&#8243; img_size=&#8220;300&#215;300&#8243; alignment=&#8220;center&#8220; style=&#8220;vc_box_border_circle_2&#8243;][vc_column_text css=&#8220;.vc_custom_1595424347417{margin-top: -20px !important;}&#8220;] Niederdruckguss [\/vc_column_text][\/vc_column][\/vc_row][vc_row][vc_column width=&#8220;1\/2&#8243; animation=&#8220;fadeInLeft&#8220;][vc_single_image image=&#8220;1666&#8243; img_size=&#8220;300&#215;300&#8243; alignment=&#8220;center&#8220; style=&#8220;vc_box_border_circle_2&#8243;][vc_column_text css=&#8220;.vc_custom_1595424337780{margin-top: -20px !important;}&#8220;] Schwerkraftdruckguss [\/vc_column_text][\/vc_column][vc_column width=&#8220;1\/2&#8243; animation=&#8220;fadeInRight&#8220;][vc_single_image image=&#8220;1667&#8243; img_size=&#8220;300&#215;300&#8243; alignment=&#8220;center&#8220; style=&#8220;vc_box_border_circle_2&#8243;][vc_column_text css=&#8220;.vc_custom_1603107534951{margin-top: -20px !important;}&#8220;] Gie\u00dfhalle&hellip;<\/p>\n","protected":false},"author":2,"featured_media":0,"parent":0,"menu_order":0,"comment_status":"closed","ping_status":"closed","template":"","meta":{"footnotes":""},"class_list":["post-969","page","type-page","status-publish","hentry","description-off"],"yoast_head":"<!-- This site is optimized with the Yoast SEO plugin v27.4 - https:\/\/yoast.com\/product\/yoast-seo-wordpress\/ -->\n<title>Lethiguel<\/title>\n<meta name=\"description\" content=\"Wir sind ein globaler L\u00f6sungsanbieter f\u00fcr die Gie\u00dfereiindustrie. Spezialisiert auf Gie\u00dfhalle, Niederdruckguss, Druckguss, Schwerkraftdruckguss und Aluminiumrecycling!\" \/>\n<meta name=\"robots\" content=\"index, follow, max-snippet:-1, max-image-preview:large, max-video-preview:-1\" \/>\n<link rel=\"canonical\" href=\"https:\/\/lethiguel.com\/de\/geschaeftsbereich.html\" \/>\n<meta property=\"og:locale\" content=\"de_DE\" \/>\n<meta property=\"og:type\" content=\"article\" \/>\n<meta property=\"og:title\" content=\"Lethiguel\" \/>\n<meta property=\"og:description\" content=\"Wir sind ein globaler L\u00f6sungsanbieter f\u00fcr die Gie\u00dfereiindustrie. Spezialisiert auf Gie\u00dfhalle, Niederdruckguss, Druckguss, Schwerkraftdruckguss und Aluminiumrecycling!\" \/>\n<meta property=\"og:url\" content=\"https:\/\/lethiguel.com\/de\/geschaeftsbereich.html\" \/>\n<meta property=\"og:site_name\" content=\"Lethiguel Deutsch\" \/>\n<meta property=\"article:modified_time\" content=\"2020-10-19T11:39:57+00:00\" \/>\n<meta name=\"twitter:card\" content=\"summary_large_image\" \/>\n<meta name=\"twitter:label1\" content=\"Gesch\u00e4tzte Lesezeit\" \/>\n\t<meta name=\"twitter:data1\" content=\"1\u00a0Minute\" \/>\n<script type=\"application\/ld+json\" class=\"yoast-schema-graph\">{\"@context\":\"https:\\\/\\\/schema.org\",\"@graph\":[{\"@type\":\"WebPage\",\"@id\":\"https:\\\/\\\/lethiguel.com\\\/de\\\/geschaeftsbereich.html\",\"url\":\"https:\\\/\\\/lethiguel.com\\\/de\\\/geschaeftsbereich.html\",\"name\":\"Lethiguel\",\"isPartOf\":{\"@id\":\"https:\\\/\\\/lethiguel.com\\\/de\\\/#website\"},\"datePublished\":\"2020-07-22T13:03:23+00:00\",\"dateModified\":\"2020-10-19T11:39:57+00:00\",\"description\":\"Wir sind ein globaler L\u00f6sungsanbieter f\u00fcr die Gie\u00dfereiindustrie. Spezialisiert auf Gie\u00dfhalle, Niederdruckguss, Druckguss, Schwerkraftdruckguss und Aluminiumrecycling!\",\"breadcrumb\":{\"@id\":\"https:\\\/\\\/lethiguel.com\\\/de\\\/geschaeftsbereich.html#breadcrumb\"},\"inLanguage\":\"de\",\"potentialAction\":[{\"@type\":\"ReadAction\",\"target\":[\"https:\\\/\\\/lethiguel.com\\\/de\\\/geschaeftsbereich.html\"]}]},{\"@type\":\"BreadcrumbList\",\"@id\":\"https:\\\/\\\/lethiguel.com\\\/de\\\/geschaeftsbereich.html#breadcrumb\",\"itemListElement\":[{\"@type\":\"ListItem\",\"position\":1,\"name\":\"Accueil\",\"item\":\"https:\\\/\\\/lethiguel.com\\\/de\\\/\"},{\"@type\":\"ListItem\",\"position\":2,\"name\":\"Gesch\u00e4ftsbereich\"}]},{\"@type\":\"WebSite\",\"@id\":\"https:\\\/\\\/lethiguel.com\\\/de\\\/#website\",\"url\":\"https:\\\/\\\/lethiguel.com\\\/de\\\/\",\"name\":\"Lethiguel Deutsch\",\"description\":\"Heating and cooling solutions\",\"potentialAction\":[{\"@type\":\"SearchAction\",\"target\":{\"@type\":\"EntryPoint\",\"urlTemplate\":\"https:\\\/\\\/lethiguel.com\\\/de\\\/?s={search_term_string}\"},\"query-input\":{\"@type\":\"PropertyValueSpecification\",\"valueRequired\":true,\"valueName\":\"search_term_string\"}}],\"inLanguage\":\"de\"}]}<\/script>\n<!-- \/ Yoast SEO plugin. -->","yoast_head_json":{"title":"Lethiguel","description":"Wir sind ein globaler L\u00f6sungsanbieter f\u00fcr die Gie\u00dfereiindustrie. Spezialisiert auf Gie\u00dfhalle, Niederdruckguss, Druckguss, Schwerkraftdruckguss und Aluminiumrecycling!","robots":{"index":"index","follow":"follow","max-snippet":"max-snippet:-1","max-image-preview":"max-image-preview:large","max-video-preview":"max-video-preview:-1"},"canonical":"https:\/\/lethiguel.com\/de\/geschaeftsbereich.html","og_locale":"de_DE","og_type":"article","og_title":"Lethiguel","og_description":"Wir sind ein globaler L\u00f6sungsanbieter f\u00fcr die Gie\u00dfereiindustrie. Spezialisiert auf Gie\u00dfhalle, Niederdruckguss, Druckguss, Schwerkraftdruckguss und Aluminiumrecycling!","og_url":"https:\/\/lethiguel.com\/de\/geschaeftsbereich.html","og_site_name":"Lethiguel Deutsch","article_modified_time":"2020-10-19T11:39:57+00:00","twitter_card":"summary_large_image","twitter_misc":{"Gesch\u00e4tzte Lesezeit":"1\u00a0Minute"},"schema":{"@context":"https:\/\/schema.org","@graph":[{"@type":"WebPage","@id":"https:\/\/lethiguel.com\/de\/geschaeftsbereich.html","url":"https:\/\/lethiguel.com\/de\/geschaeftsbereich.html","name":"Lethiguel","isPartOf":{"@id":"https:\/\/lethiguel.com\/de\/#website"},"datePublished":"2020-07-22T13:03:23+00:00","dateModified":"2020-10-19T11:39:57+00:00","description":"Wir sind ein globaler L\u00f6sungsanbieter f\u00fcr die Gie\u00dfereiindustrie. Spezialisiert auf Gie\u00dfhalle, Niederdruckguss, Druckguss, Schwerkraftdruckguss und Aluminiumrecycling!","breadcrumb":{"@id":"https:\/\/lethiguel.com\/de\/geschaeftsbereich.html#breadcrumb"},"inLanguage":"de","potentialAction":[{"@type":"ReadAction","target":["https:\/\/lethiguel.com\/de\/geschaeftsbereich.html"]}]},{"@type":"BreadcrumbList","@id":"https:\/\/lethiguel.com\/de\/geschaeftsbereich.html#breadcrumb","itemListElement":[{"@type":"ListItem","position":1,"name":"Accueil","item":"https:\/\/lethiguel.com\/de\/"},{"@type":"ListItem","position":2,"name":"Gesch\u00e4ftsbereich"}]},{"@type":"WebSite","@id":"https:\/\/lethiguel.com\/de\/#website","url":"https:\/\/lethiguel.com\/de\/","name":"Lethiguel Deutsch","description":"Heating and cooling solutions","potentialAction":[{"@type":"SearchAction","target":{"@type":"EntryPoint","urlTemplate":"https:\/\/lethiguel.com\/de\/?s={search_term_string}"},"query-input":{"@type":"PropertyValueSpecification","valueRequired":true,"valueName":"search_term_string"}}],"inLanguage":"de"}]}},"_links":{"self":[{"href":"https:\/\/lethiguel.com\/de\/wp-json\/wp\/v2\/pages\/969","targetHints":{"allow":["GET"]}}],"collection":[{"href":"https:\/\/lethiguel.com\/de\/wp-json\/wp\/v2\/pages"}],"about":[{"href":"https:\/\/lethiguel.com\/de\/wp-json\/wp\/v2\/types\/page"}],"author":[{"embeddable":true,"href":"https:\/\/lethiguel.com\/de\/wp-json\/wp\/v2\/users\/2"}],"replies":[{"embeddable":true,"href":"https:\/\/lethiguel.com\/de\/wp-json\/wp\/v2\/comments?post=969"}],"version-history":[{"count":28,"href":"https:\/\/lethiguel.com\/de\/wp-json\/wp\/v2\/pages\/969\/revisions"}],"predecessor-version":[{"id":1840,"href":"https:\/\/lethiguel.com\/de\/wp-json\/wp\/v2\/pages\/969\/revisions\/1840"}],"wp:attachment":[{"href":"https:\/\/lethiguel.com\/de\/wp-json\/wp\/v2\/media?parent=969"}],"curies":[{"name":"wp","href":"https:\/\/api.w.org\/{rel}","templated":true}]}}