{"id":10,"date":"2019-06-17T14:09:49","date_gmt":"2019-06-17T12:09:49","guid":{"rendered":"https:\/\/lethiguel.com\/es\/?page_id=10"},"modified":"2020-07-16T10:36:56","modified_gmt":"2020-07-16T08:36:56","slug":"accueil","status":"publish","type":"page","link":"https:\/\/lethiguel.com\/es\/","title":{"rendered":"Home"},"content":{"rendered":"<section class=\"wpb-content-wrapper\"><p>[vc_row type=\u00bbvc_default\u00bb el_class=\u00bbbloc-girafe-tablette-mobile-es\u00bb][vc_column][\/vc_column][\/vc_row][vc_row type=\u00bbvc_default\u00bb full_width=\u00bbstretch_row\u00bb el_class=\u00bbbloc-girafe-es\u00bb][vc_column animation=\u00bbfadeInDown\u00bb][vc_row_inner][vc_column_inner el_class=\u00bbbloc-1-girage\u00bb width=\u00bb1\/3&#8243;][vc_column_text el_class=\u00bbtexteblanc\u00bb]<\/p>\n<h3>Lethiguel es una marca francesa de alta tecnolog\u00eda en soluciones t\u00e9rmicas<\/h3>\n<p>La empresa concibe, fabrica y suministra <strong class=\"d2b\">soluciones de refrigeraci\u00f3n y calefacci\u00f3n<\/strong> para la <strong class=\"d2b\">industria de la fundici\u00f3n de metales ligeros<\/strong>.<\/p>\n<p>Un equipo de 40 personas se dedica por completo a apoyar y suministrar a empresas desafiantes en un mercado exigente.<\/p>\n<p>A trav\u00e9s de su innovaci\u00f3n y compromiso, Lethiguel ha construido una excelente reputaci\u00f3n, ha demostrado ser un socio confiable y un proveedor de soluciones confiable para la industria global de la <strong class=\"d2b\">fundici\u00f3n<\/strong>.[\/vc_column_text][vc_btn title=\u00bbM\u00e1s\u00bb style=\u00bboutline-custom\u00bb outline_custom_color=\u00bb#ffffff\u00bb outline_custom_hover_background=\u00bb#ffffff\u00bb outline_custom_hover_text=\u00bb#565656&#8243; shape=\u00bbround\u00bb css=\u00bb.vc_custom_1572269075415{margin-bottom: 30px !important;}\u00bb link=\u00bburl:https%3A%2F%2Flethiguel.com\/es%2Fcontact.html|title:Contact||\u00bb][\/vc_column_inner][vc_column_inner el_class=\u00bbbloc-2-girage\u00bb width=\u00bb2\/3&#8243;][\/vc_column_inner][\/vc_row_inner][\/vc_column][\/vc_row][vc_row type=\u00bbvc_default\u00bb equal_height=\u00bbyes\u00bb el_class=\u00bbensemble-bloc-gris-sombre-produit-home-page\u00bb][vc_column width=\u00bb1\/2&#8243; animation=\u00bbfadeInLeft\u00bb][vc_column_text]<\/p>\n<h3>Soluciones de calentamiento<\/h3>\n<p>[\/vc_column_text][vc_separator color=\u00bbcustom\u00bb accent_color=\u00bb#cccccc\u00bb css=\u00bb.vc_custom_1560777974819{margin-top: -15px !important;}\u00bb][vc_row_inner][vc_column_inner el_class=\u00bbbloc-gris-sombre\u00bb width=\u00bb1\/2&#8243;][vc_single_image image=\u00bb1368&#8243; img_size=\u00bbfull\u00bb alignment=\u00bbcenter\u00bb onclick=\u00bbcustom_link\u00bb link=\u00bbhttps:\/\/lethiguel.com\/es\/estacion-calentamiento-aluminio-twiga.html\u00bb el_class=\u00bbblocimg\u00bb][vc_column_text el_class=\u00bbtexteblanc\u00bb]<\/p>\n<h3 style=\"text-align: center;\"><span style=\"color: #cf302d;\">Twiga<\/span><\/h3>\n<p>Twiga es el m\u00e1s nuevo Lethiguel <strong class=\"d2b\">estaci\u00f3n de calentamiento de aluminio<\/strong>. Dise\u00f1ado para optimizar el espacio de trabajo y el consumo de energ\u00eda, Twiga puede adaptarse a cualquier tipo de cuchara de transporte y puede ofrecerse con sistema de <strong class=\"d2b\">desgasificaci\u00f3n<\/strong> gracias a un soporte de cubierta adaptable. Montado con Lethiguel <a href=\"https:\/\/lethiguel.com\/es\/calentador-inmersion-thermal-power.html\">Calentadores de inmersi\u00f3n Thermal Power\u00ae<\/a>, Twiga permite una alta velocidad de calentamiento y baja p\u00e9rdida de calor.[\/vc_column_text][vc_btn title=\u00bbLeer m\u00e1s\u00bb style=\u00bbcustom\u00bb custom_background=\u00bb#ffffff\u00bb custom_text=\u00bb#383838&#8243; shape=\u00bbround\u00bb align=\u00bbcenter\u00bb link=\u00bburl:https%3A%2F%2Flethiguel.com%2Fes%2Festacion-calentamiento-aluminio-twiga.html|title:WattMobil||\u00bb el_class=\u00bbbtn-home\u00bb][\/vc_column_inner][vc_column_inner el_class=\u00bbbloc-gris-sombre\u00bb width=\u00bb1\/2&#8243;][vc_single_image image=\u00bb1184&#8243; img_size=\u00bbfull\u00bb alignment=\u00bbcenter\u00bb onclick=\u00bbcustom_link\u00bb link=\u00bbhttps:\/\/lethiguel.com\/es\/horno-soporte-aluminio-al-clean.html\u00bb el_class=\u00bbblocimg\u00bb][vc_column_text el_class=\u00bbtexteblanc\u00bb]<\/p>\n<h3 style=\"text-align: center;\"><span style=\"color: #cf302d;\">Al Clean<\/span><\/h3>\n<p>Al Clean es Lethiguel l\u00ednea de <strong class=\"d2b\">horno de soporte de aluminio<\/strong>. Dise\u00f1ado para optimizar la calidad del aluminio y el consumo de energ\u00eda, Al Clean utiliza el <strong class=\"d2b\">sistema de calefacci\u00f3n<\/strong> m\u00e1s eficiente del mercado para combinar un consumo de energ\u00eda muy bajo y una alta velocidad de calentamiento. Montado con Lethiguel <a href=\"https:\/\/lethiguel.com\/es\/calentador-inmersion-thermal-power.html\">Calentadores de inmersi\u00f3n Thermal Power\u00ae<\/a>, Al Clean optimiza la <strong class=\"d2b\">calidad del aluminio<\/strong>.[\/vc_column_text][vc_btn title=\u00bbLeer m\u00e1s\u00bb style=\u00bbcustom\u00bb custom_background=\u00bb#ffffff\u00bb custom_text=\u00bb#383838&#8243; shape=\u00bbround\u00bb align=\u00bbcenter\u00bb link=\u00bburl:https%3A%2F%2Flethiguel.com%2Fes%2Fhorno-soporte-aluminio-al-clean.html|title:Al%20Clean||\u00bb el_class=\u00bbbtn-home\u00bb][\/vc_column_inner][\/vc_row_inner][\/vc_column][vc_column width=\u00bb1\/2&#8243; animation=\u00bbfadeInRight\u00bb][vc_column_text]<\/p>\n<h3>Soluciones de refrigeraci\u00f3n<\/h3>\n<p>[\/vc_column_text][vc_separator color=\u00bbcustom\u00bb accent_color=\u00bb#cccccc\u00bb css=\u00bb.vc_custom_1560777981537{margin-top: -15px !important;}\u00bb][vc_row_inner][vc_column_inner el_class=\u00bbbloc-gris-sombre\u00bb width=\u00bb1\/2&#8243;][vc_single_image image=\u00bb1322&#8243; img_size=\u00bbfull\u00bb alignment=\u00bbcenter\u00bb onclick=\u00bbcustom_link\u00bb link=\u00bbhttps:\/\/lethiguel.com\/es\/spotcool-evolution.html\u00bb el_class=\u00bbblocimg\u00bb][vc_column_text el_class=\u00bbtexteblanc\u00bb]<\/p>\n<h3 style=\"text-align: center;\"><span style=\"color: #009fe1;\">SpotCool Evolution<\/span><\/h3>\n<p>SpotCool Evolution es la respuesta de Lethiguel a las \u00faltimas transformaciones del mercado y de la tecnolog\u00eda para la <strong class=\"d2b\">refrigeraci\u00f3n de aluminio<\/strong>. Esta m\u00e1quina integra la esencia misma de la innovaci\u00f3n en la <strong>comunicaci\u00f3n M2M<\/strong> (m\u00e1quina a m\u00e1quina), con transmisi\u00f3n de <strong class=\"d2b\">datos DCM<\/strong> de ocho puntos de medici\u00f3n, incluyendo caudal y presi\u00f3n para cada circuito, aire de suministro y presi\u00f3n de entrada de la bomba HP, conductividad del agua.[\/vc_column_text][vc_btn title=\u00bbLeer m\u00e1s\u00bb style=\u00bbcustom\u00bb custom_background=\u00bb#ffffff\u00bb custom_text=\u00bb#383838&#8243; shape=\u00bbround\u00bb align=\u00bbcenter\u00bb link=\u00bburl:https%3A%2F%2Flethiguel.com%2Fes%2Fspotcool-evolution.html|title:SpotCool%20Evolution||\u00bb el_class=\u00bbbtn-home\u00bb][\/vc_column_inner][vc_column_inner el_class=\u00bbbloc-gris-sombre\u00bb width=\u00bb1\/2&#8243;][vc_single_image image=\u00bb1294&#8243; img_size=\u00bbfull\u00bb alignment=\u00bbcenter\u00bb onclick=\u00bbcustom_link\u00bb link=\u00bbhttps:\/\/lethiguel.com\/es\/sistema-control-agua-flowmaster.html\u00bb el_class=\u00bbblocimg\u00bb][vc_column_text el_class=\u00bbtexteblanc\u00bb]<\/p>\n<h3 style=\"text-align: center;\"><span style=\"color: #009fe1;\">FlowMaster<\/span><\/h3>\n<p>La larga experiencia en la <strong class=\"d2b\">tecnolog\u00eda de refrigeraci\u00f3n<\/strong> por chorro ayuda Lethiguel a desarrollar un <strong class=\"d2b\">sistema de FlowMaster<\/strong> que permite a los usuarios de <a href=\"https:\/\/lethiguel.com\/es\/sistema-refrigeracion-fundicion-jet-cooler.html\">Jet Cooling<\/a> controlar con precisi\u00f3n el <strong class=\"d2b\">estado del flujo<\/strong>, en tiempo real, y para cada punto de enfriamiento. De esta manera, el mantenimiento preventivo se vuelve m\u00e1s f\u00e1cil y altamente predictivo, ahorrando[\/vc_column_text][vc_btn title=\u00bbLeer m\u00e1s\u00bb style=\u00bbcustom\u00bb custom_background=\u00bb#ffffff\u00bb custom_text=\u00bb#383838&#8243; shape=\u00bbround\u00bb align=\u00bbcenter\u00bb link=\u00bburl:https%3A%2F%2Flethiguel.com%2Fes%2Fsistema-control-agua-flowmaster.html|title:Manifolds||\u00bb el_class=\u00bbbtn-home\u00bb][\/vc_column_inner][\/vc_row_inner][\/vc_column][\/vc_row][vc_row type=\u00bbvc_default\u00bb full_width=\u00bbstretch_row\u00bb el_class=\u00bbpingouin-es\u00bb][vc_column][\/vc_column][\/vc_row]<\/p>\n<\/section>","protected":false},"excerpt":{"rendered":"<p>[vc_row type=\u00bbvc_default\u00bb el_class=\u00bbbloc-girafe-tablette-mobile-es\u00bb][vc_column][\/vc_column][\/vc_row][vc_row type=\u00bbvc_default\u00bb full_width=\u00bbstretch_row\u00bb el_class=\u00bbbloc-girafe-es\u00bb][vc_column animation=\u00bbfadeInDown\u00bb][vc_row_inner][vc_column_inner el_class=\u00bbbloc-1-girage\u00bb width=\u00bb1\/3&#8243;][vc_column_text el_class=\u00bbtexteblanc\u00bb] Lethiguel es una marca francesa de alta tecnolog\u00eda en soluciones t\u00e9rmicas La empresa concibe, fabrica y suministra soluciones de refrigeraci\u00f3n y calefacci\u00f3n para la industria de la fundici\u00f3n de metales ligeros. Un equipo de 40 personas se dedica por completo a apoyar y suministrar a&hellip;<\/p>\n","protected":false},"author":1,"featured_media":0,"parent":0,"menu_order":0,"comment_status":"closed","ping_status":"closed","template":"","meta":{"footnotes":""},"class_list":["post-10","page","type-page","status-publish","hentry","description-off"],"yoast_head":"<!-- This site is optimized with the Yoast SEO plugin v27.4 - https:\/\/yoast.com\/product\/yoast-seo-wordpress\/ -->\n<title>Lethiguel<\/title>\n<meta name=\"description\" content=\"Lethiguel ofrece soluciones de refrigeraci\u00f3n y calefacci\u00f3n para fundiciones. Cont\u00e1ctenos con nosotros para m\u00e1s detalles sobre las soluciones disponibles.\" \/>\n<meta name=\"robots\" content=\"index, follow, max-snippet:-1, max-image-preview:large, max-video-preview:-1\" \/>\n<link rel=\"canonical\" href=\"https:\/\/lethiguel.com\/es\/\" \/>\n<meta property=\"og:locale\" content=\"es_ES\" \/>\n<meta property=\"og:type\" content=\"article\" \/>\n<meta property=\"og:title\" content=\"Lethiguel\" \/>\n<meta property=\"og:description\" content=\"Lethiguel ofrece soluciones de refrigeraci\u00f3n y calefacci\u00f3n para fundiciones. Cont\u00e1ctenos con nosotros para m\u00e1s detalles sobre las soluciones disponibles.\" \/>\n<meta property=\"og:url\" content=\"https:\/\/lethiguel.com\/es\/\" \/>\n<meta property=\"og:site_name\" content=\"Lethiguel Espa\u00f1ol\" \/>\n<meta property=\"article:modified_time\" content=\"2020-07-16T08:36:56+00:00\" \/>\n<meta name=\"twitter:card\" content=\"summary_large_image\" \/>\n<meta name=\"twitter:label1\" content=\"Tiempo de lectura\" \/>\n\t<meta name=\"twitter:data1\" content=\"4 minutos\" \/>\n<script type=\"application\/ld+json\" class=\"yoast-schema-graph\">{\"@context\":\"https:\\\/\\\/schema.org\",\"@graph\":[{\"@type\":\"WebPage\",\"@id\":\"https:\\\/\\\/lethiguel.com\\\/es\\\/\",\"url\":\"https:\\\/\\\/lethiguel.com\\\/es\\\/\",\"name\":\"Lethiguel\",\"isPartOf\":{\"@id\":\"https:\\\/\\\/lethiguel.com\\\/es\\\/#website\"},\"datePublished\":\"2019-06-17T12:09:49+00:00\",\"dateModified\":\"2020-07-16T08:36:56+00:00\",\"description\":\"Lethiguel ofrece soluciones de refrigeraci\u00f3n y calefacci\u00f3n para fundiciones. Cont\u00e1ctenos con nosotros para m\u00e1s detalles sobre las soluciones disponibles.\",\"breadcrumb\":{\"@id\":\"https:\\\/\\\/lethiguel.com\\\/es\\\/#breadcrumb\"},\"inLanguage\":\"es\",\"potentialAction\":[{\"@type\":\"ReadAction\",\"target\":[\"https:\\\/\\\/lethiguel.com\\\/es\\\/\"]}]},{\"@type\":\"BreadcrumbList\",\"@id\":\"https:\\\/\\\/lethiguel.com\\\/es\\\/#breadcrumb\",\"itemListElement\":[{\"@type\":\"ListItem\",\"position\":1,\"name\":\"Accueil\",\"item\":\"https:\\\/\\\/lethiguel.com\\\/es\\\/\"},{\"@type\":\"ListItem\",\"position\":2,\"name\":\"Home\"}]},{\"@type\":\"WebSite\",\"@id\":\"https:\\\/\\\/lethiguel.com\\\/es\\\/#website\",\"url\":\"https:\\\/\\\/lethiguel.com\\\/es\\\/\",\"name\":\"Lethiguel Espa\u00f1ol\",\"description\":\"Heating and cooling solutions\",\"potentialAction\":[{\"@type\":\"SearchAction\",\"target\":{\"@type\":\"EntryPoint\",\"urlTemplate\":\"https:\\\/\\\/lethiguel.com\\\/es\\\/?s={search_term_string}\"},\"query-input\":{\"@type\":\"PropertyValueSpecification\",\"valueRequired\":true,\"valueName\":\"search_term_string\"}}],\"inLanguage\":\"es\"}]}<\/script>\n<!-- \/ Yoast SEO plugin. -->","yoast_head_json":{"title":"Lethiguel","description":"Lethiguel ofrece soluciones de refrigeraci\u00f3n y calefacci\u00f3n para fundiciones. Cont\u00e1ctenos con nosotros para m\u00e1s detalles sobre las soluciones disponibles.","robots":{"index":"index","follow":"follow","max-snippet":"max-snippet:-1","max-image-preview":"max-image-preview:large","max-video-preview":"max-video-preview:-1"},"canonical":"https:\/\/lethiguel.com\/es\/","og_locale":"es_ES","og_type":"article","og_title":"Lethiguel","og_description":"Lethiguel ofrece soluciones de refrigeraci\u00f3n y calefacci\u00f3n para fundiciones. Cont\u00e1ctenos con nosotros para m\u00e1s detalles sobre las soluciones disponibles.","og_url":"https:\/\/lethiguel.com\/es\/","og_site_name":"Lethiguel Espa\u00f1ol","article_modified_time":"2020-07-16T08:36:56+00:00","twitter_card":"summary_large_image","twitter_misc":{"Tiempo de lectura":"4 minutos"},"schema":{"@context":"https:\/\/schema.org","@graph":[{"@type":"WebPage","@id":"https:\/\/lethiguel.com\/es\/","url":"https:\/\/lethiguel.com\/es\/","name":"Lethiguel","isPartOf":{"@id":"https:\/\/lethiguel.com\/es\/#website"},"datePublished":"2019-06-17T12:09:49+00:00","dateModified":"2020-07-16T08:36:56+00:00","description":"Lethiguel ofrece soluciones de refrigeraci\u00f3n y calefacci\u00f3n para fundiciones. Cont\u00e1ctenos con nosotros para m\u00e1s detalles sobre las soluciones disponibles.","breadcrumb":{"@id":"https:\/\/lethiguel.com\/es\/#breadcrumb"},"inLanguage":"es","potentialAction":[{"@type":"ReadAction","target":["https:\/\/lethiguel.com\/es\/"]}]},{"@type":"BreadcrumbList","@id":"https:\/\/lethiguel.com\/es\/#breadcrumb","itemListElement":[{"@type":"ListItem","position":1,"name":"Accueil","item":"https:\/\/lethiguel.com\/es\/"},{"@type":"ListItem","position":2,"name":"Home"}]},{"@type":"WebSite","@id":"https:\/\/lethiguel.com\/es\/#website","url":"https:\/\/lethiguel.com\/es\/","name":"Lethiguel Espa\u00f1ol","description":"Heating and cooling solutions","potentialAction":[{"@type":"SearchAction","target":{"@type":"EntryPoint","urlTemplate":"https:\/\/lethiguel.com\/es\/?s={search_term_string}"},"query-input":{"@type":"PropertyValueSpecification","valueRequired":true,"valueName":"search_term_string"}}],"inLanguage":"es"}]}},"_links":{"self":[{"href":"https:\/\/lethiguel.com\/es\/wp-json\/wp\/v2\/pages\/10","targetHints":{"allow":["GET"]}}],"collection":[{"href":"https:\/\/lethiguel.com\/es\/wp-json\/wp\/v2\/pages"}],"about":[{"href":"https:\/\/lethiguel.com\/es\/wp-json\/wp\/v2\/types\/page"}],"author":[{"embeddable":true,"href":"https:\/\/lethiguel.com\/es\/wp-json\/wp\/v2\/users\/1"}],"replies":[{"embeddable":true,"href":"https:\/\/lethiguel.com\/es\/wp-json\/wp\/v2\/comments?post=10"}],"version-history":[{"count":82,"href":"https:\/\/lethiguel.com\/es\/wp-json\/wp\/v2\/pages\/10\/revisions"}],"predecessor-version":[{"id":1665,"href":"https:\/\/lethiguel.com\/es\/wp-json\/wp\/v2\/pages\/10\/revisions\/1665"}],"wp:attachment":[{"href":"https:\/\/lethiguel.com\/es\/wp-json\/wp\/v2\/media?parent=10"}],"curies":[{"name":"wp","href":"https:\/\/api.w.org\/{rel}","templated":true}]}}