{"id":1626,"date":"2020-07-15T12:49:57","date_gmt":"2020-07-15T10:49:57","guid":{"rendered":"https:\/\/lethiguel.com\/es\/?page_id=1626"},"modified":"2020-07-15T12:49:57","modified_gmt":"2020-07-15T10:49:57","slug":"wattmobil-estudio-de-caso","status":"publish","type":"page","link":"https:\/\/lethiguel.com\/es\/wattmobil-estudio-de-caso.html","title":{"rendered":"WattMobil Estudio de caso"},"content":{"rendered":"<section class=\"wpb-content-wrapper\"><p>[vc_row][vc_column width=\u00bb1\/2&#8243;][vc_column_text]<\/p>\n<h2>Problema actual:<\/h2>\n<p>[\/vc_column_text][vc_separator color=\u00bbcustom\u00bb align=\u00bbalign_left\u00bb border_width=\u00bb2&#8243; el_width=\u00bb20&#8243; accent_color=\u00bb#dd3333&#8243; css=\u00bb.vc_custom_1571141349566{margin-top: -20px !important;}\u00bb][vc_column_text css=\u00bb.vc_custom_1594809748181{padding-bottom: 40px !important;}\u00bb]Mantenimiento de un horno de aluminio para fundici\u00f3n y moldeo a alta presi\u00f3n. El horno se somete a un mantenimiento de la c\u00e1mara de calentamiento. Una vez finalizado el mantenimiento, se necesitan 4 horas para volver a alcanzar la temperatura de moldeo (675 \u00b0C)[\/vc_column_text][vc_column_text]<\/p>\n<h2>Informaci\u00f3n sobre el horno:<\/h2>\n<p>[\/vc_column_text][vc_separator color=\u00bbcustom\u00bb align=\u00bbalign_left\u00bb border_width=\u00bb2&#8243; el_width=\u00bb20&#8243; accent_color=\u00bb#dd3333&#8243; css=\u00bb.vc_custom_1571141476428{margin-top: -20px !important;}\u00bb][vc_column_text css=\u00bb.vc_custom_1594809787978{padding-bottom: 40px !important;}\u00bb]<\/p>\n<ul>\n<li>Capacidad del horno: 1500 kg<\/li>\n<li>Temperatura de moldeo: 675 \u00b0C<\/li>\n<li>Tipo de horno: varillas de calentamiento<\/li>\n<\/ul>\n<p>[\/vc_column_text][vc_column_text]<\/p>\n<h2>La soluci\u00f3n de Lethiguel<\/h2>\n<p>[\/vc_column_text][vc_separator color=\u00bbcustom\u00bb align=\u00bbalign_left\u00bb border_width=\u00bb2&#8243; el_width=\u00bb20&#8243; accent_color=\u00bb#dd3333&#8243; css=\u00bb.vc_custom_1571141724896{margin-top: -20px !important;}\u00bb][vc_column_text css=\u00bb.vc_custom_1594809810437{padding-bottom: 40px !important;}\u00bb]WattMobil con un calentador Thermal Power de 14\u00a0kW<\/p>\n<p>El calentador se puso en marcha a las 9:40 a partir de los 636\u00a0\u00b0C.[\/vc_column_text][\/vc_column][vc_column width=\u00bb1\/2&#8243;][vc_single_image image=\u00bb1072&#8243; img_size=\u00bb400&#215;400&#8243; alignment=\u00bbcenter\u00bb][vc_row_inner][vc_column_inner][vc_single_image image=\u00bb1074&#8243; img_size=\u00bb400&#215;400&#8243; alignment=\u00bbcenter\u00bb][\/vc_column_inner][\/vc_row_inner][\/vc_column][\/vc_row][vc_row][vc_column][vc_column_text css=\u00bb.vc_custom_1594809821941{margin-top: -20px !important;}\u00bb]<\/p>\n<h2>Resultados:<\/h2>\n<p>[\/vc_column_text][vc_separator color=\u00bbcustom\u00bb align=\u00bbalign_left\u00bb border_width=\u00bb2&#8243; el_width=\u00bb20&#8243; accent_color=\u00bb#dd3333&#8243; css=\u00bb.vc_custom_1571141909431{margin-top: -20px !important;}\u00bb][vc_single_image image=\u00bb1628&#8243; img_size=\u00bbfull\u00bb alignment=\u00bbcenter\u00bb onclick=\u00bbzoom\u00bb][vc_column_text]<span style=\"color: #ff0000;\"><strong>L\u00ednea roja: con WattMobil, puesto en marcha a las 9:40<\/strong><\/span><\/p>\n<p><span style=\"color: #0000ff;\"><strong>L\u00ednea azul: sin WattMobil<\/strong><\/span><\/p>\n<p><span style=\"color: #339966;\"><strong>L\u00ednea verde: con WattMobil, puesto en marcha desde el inicio<\/strong><\/span>[\/vc_column_text][vc_column_text]Se tard\u00f3 1\u00a0hora y 20\u00a0minutos en alcanzar la temperatura de moldeo y retomar la producci\u00f3n.<\/p>\n<p>En comparaci\u00f3n con la soluci\u00f3n ya existente, <strong>WattMobil permiti\u00f3 reducir el tiempo de mantenimiento de 7\u00a0horas a 2\u00a0horas y 40\u00a0minutos.<\/strong>[\/vc_column_text][vc_row_inner][vc_column_inner][vc_column_text]<\/p>\n<h2><strong>Sugerencias:<\/strong><\/h2>\n<p>[\/vc_column_text][vc_separator color=\u00bbcustom\u00bb align=\u00bbalign_left\u00bb border_width=\u00bb2&#8243; el_width=\u00bb20&#8243; accent_color=\u00bb#dd3333&#8243; css=\u00bb.vc_custom_1571144258514{margin-top: -20px !important;}\u00bb][vc_column_text]Utilizando el calentador durante el mantenimiento, podr\u00edamos reducir la ca\u00edda de la temperatura y retomar la producci\u00f3n antes[\/vc_column_text][\/vc_column_inner][\/vc_row_inner][vc_row_inner][vc_column_inner][\/vc_column_inner][\/vc_row_inner][\/vc_column][\/vc_row][vc_row][vc_column][vc_single_image image=\u00bb316&#8243; img_size=\u00bbfull\u00bb alignment=\u00bbcenter\u00bb css=\u00bb.vc_custom_1580894027969{margin-top: 40px !important;}\u00bb][vc_btn title=\u00bbM\u00e1s informaci\u00f3n\u00bb align=\u00bbcenter\u00bb link=\u00bburl:https%3A%2F%2Flethiguel.com%2Fes%2Fsolucion-calentamiento-wattmobil.html|title:WattMobil%2C%20soluci%C3%B3n%20de%20calentamiento|target:%20_blank|\u00bb][vc_empty_space]<div class=\"dt-fancy-separator\" style=\"width: 100%;\"><div class=\"dt-fancy-title\"><span class=\"separator-holder separator-left\"><\/span>Quiz\u00e1 le interese<span class=\"separator-holder separator-right\"><\/span><\/div><\/div>[\/vc_column][vc_column][\/vc_column][\/vc_row]<\/p>\n<\/section>","protected":false},"excerpt":{"rendered":"<p>[vc_row][vc_column width=\u00bb1\/2&#8243;][vc_column_text] Problema actual: [\/vc_column_text][vc_separator color=\u00bbcustom\u00bb align=\u00bbalign_left\u00bb border_width=\u00bb2&#8243; el_width=\u00bb20&#8243; accent_color=\u00bb#dd3333&#8243; css=\u00bb.vc_custom_1571141349566{margin-top: -20px !important;}\u00bb][vc_column_text css=\u00bb.vc_custom_1594809748181{padding-bottom: 40px !important;}\u00bb]Mantenimiento de un horno de aluminio para fundici\u00f3n y moldeo a alta presi\u00f3n. El horno se somete a un mantenimiento de la c\u00e1mara de calentamiento. Una vez finalizado el mantenimiento, se necesitan 4 horas para volver a alcanzar la temperatura&hellip;<\/p>\n","protected":false},"author":2,"featured_media":0,"parent":0,"menu_order":0,"comment_status":"closed","ping_status":"closed","template":"","meta":{"footnotes":""},"class_list":["post-1626","page","type-page","status-publish","hentry","description-off"],"yoast_head":"<!-- This site is optimized with the Yoast SEO plugin v27.4 - https:\/\/yoast.com\/product\/yoast-seo-wordpress\/ -->\n<title>Lethiguel<\/title>\n<meta name=\"robots\" content=\"index, follow, max-snippet:-1, max-image-preview:large, max-video-preview:-1\" \/>\n<link rel=\"canonical\" href=\"https:\/\/lethiguel.com\/es\/wattmobil-estudio-de-caso.html\" \/>\n<meta property=\"og:locale\" content=\"es_ES\" \/>\n<meta property=\"og:type\" content=\"article\" \/>\n<meta property=\"og:title\" content=\"Lethiguel\" \/>\n<meta property=\"og:description\" content=\"[vc_row][vc_column width=\u00bb1\/2&#8243;][vc_column_text] Problema actual: [\/vc_column_text][vc_separator color=\u00bbcustom\u00bb align=\u00bbalign_left\u00bb border_width=\u00bb2&#8243; el_width=\u00bb20&#8243; accent_color=\u00bb#dd3333&#8243; css=\u00bb.vc_custom_1571141349566{margin-top: -20px !important;}\u00bb][vc_column_text css=\u00bb.vc_custom_1594809748181{padding-bottom: 40px !important;}\u00bb]Mantenimiento de un horno de aluminio para fundici\u00f3n y moldeo a alta presi\u00f3n. El horno se somete a un mantenimiento de la c\u00e1mara de calentamiento. Una vez finalizado el mantenimiento, se necesitan 4 horas para volver a alcanzar la temperatura&hellip;\" \/>\n<meta property=\"og:url\" content=\"https:\/\/lethiguel.com\/es\/wattmobil-estudio-de-caso.html\" \/>\n<meta property=\"og:site_name\" content=\"Lethiguel Espa\u00f1ol\" \/>\n<meta name=\"twitter:card\" content=\"summary_large_image\" \/>\n<meta name=\"twitter:label1\" content=\"Tiempo de lectura\" \/>\n\t<meta name=\"twitter:data1\" content=\"3 minutos\" \/>\n<script type=\"application\/ld+json\" class=\"yoast-schema-graph\">{\"@context\":\"https:\\\/\\\/schema.org\",\"@graph\":[{\"@type\":\"WebPage\",\"@id\":\"https:\\\/\\\/lethiguel.com\\\/es\\\/wattmobil-estudio-de-caso.html\",\"url\":\"https:\\\/\\\/lethiguel.com\\\/es\\\/wattmobil-estudio-de-caso.html\",\"name\":\"Lethiguel\",\"isPartOf\":{\"@id\":\"https:\\\/\\\/lethiguel.com\\\/es\\\/#website\"},\"datePublished\":\"2020-07-15T10:49:57+00:00\",\"breadcrumb\":{\"@id\":\"https:\\\/\\\/lethiguel.com\\\/es\\\/wattmobil-estudio-de-caso.html#breadcrumb\"},\"inLanguage\":\"es\",\"potentialAction\":[{\"@type\":\"ReadAction\",\"target\":[\"https:\\\/\\\/lethiguel.com\\\/es\\\/wattmobil-estudio-de-caso.html\"]}]},{\"@type\":\"BreadcrumbList\",\"@id\":\"https:\\\/\\\/lethiguel.com\\\/es\\\/wattmobil-estudio-de-caso.html#breadcrumb\",\"itemListElement\":[{\"@type\":\"ListItem\",\"position\":1,\"name\":\"Accueil\",\"item\":\"https:\\\/\\\/lethiguel.com\\\/es\\\/\"},{\"@type\":\"ListItem\",\"position\":2,\"name\":\"WattMobil Estudio de caso\"}]},{\"@type\":\"WebSite\",\"@id\":\"https:\\\/\\\/lethiguel.com\\\/es\\\/#website\",\"url\":\"https:\\\/\\\/lethiguel.com\\\/es\\\/\",\"name\":\"Lethiguel Espa\u00f1ol\",\"description\":\"Heating and cooling solutions\",\"potentialAction\":[{\"@type\":\"SearchAction\",\"target\":{\"@type\":\"EntryPoint\",\"urlTemplate\":\"https:\\\/\\\/lethiguel.com\\\/es\\\/?s={search_term_string}\"},\"query-input\":{\"@type\":\"PropertyValueSpecification\",\"valueRequired\":true,\"valueName\":\"search_term_string\"}}],\"inLanguage\":\"es\"}]}<\/script>\n<!-- \/ Yoast SEO plugin. -->","yoast_head_json":{"title":"Lethiguel","robots":{"index":"index","follow":"follow","max-snippet":"max-snippet:-1","max-image-preview":"max-image-preview:large","max-video-preview":"max-video-preview:-1"},"canonical":"https:\/\/lethiguel.com\/es\/wattmobil-estudio-de-caso.html","og_locale":"es_ES","og_type":"article","og_title":"Lethiguel","og_description":"[vc_row][vc_column width=\u00bb1\/2&#8243;][vc_column_text] Problema actual: [\/vc_column_text][vc_separator color=\u00bbcustom\u00bb align=\u00bbalign_left\u00bb border_width=\u00bb2&#8243; el_width=\u00bb20&#8243; accent_color=\u00bb#dd3333&#8243; css=\u00bb.vc_custom_1571141349566{margin-top: -20px !important;}\u00bb][vc_column_text css=\u00bb.vc_custom_1594809748181{padding-bottom: 40px !important;}\u00bb]Mantenimiento de un horno de aluminio para fundici\u00f3n y moldeo a alta presi\u00f3n. El horno se somete a un mantenimiento de la c\u00e1mara de calentamiento. Una vez finalizado el mantenimiento, se necesitan 4 horas para volver a alcanzar la temperatura&hellip;","og_url":"https:\/\/lethiguel.com\/es\/wattmobil-estudio-de-caso.html","og_site_name":"Lethiguel Espa\u00f1ol","twitter_card":"summary_large_image","twitter_misc":{"Tiempo de lectura":"3 minutos"},"schema":{"@context":"https:\/\/schema.org","@graph":[{"@type":"WebPage","@id":"https:\/\/lethiguel.com\/es\/wattmobil-estudio-de-caso.html","url":"https:\/\/lethiguel.com\/es\/wattmobil-estudio-de-caso.html","name":"Lethiguel","isPartOf":{"@id":"https:\/\/lethiguel.com\/es\/#website"},"datePublished":"2020-07-15T10:49:57+00:00","breadcrumb":{"@id":"https:\/\/lethiguel.com\/es\/wattmobil-estudio-de-caso.html#breadcrumb"},"inLanguage":"es","potentialAction":[{"@type":"ReadAction","target":["https:\/\/lethiguel.com\/es\/wattmobil-estudio-de-caso.html"]}]},{"@type":"BreadcrumbList","@id":"https:\/\/lethiguel.com\/es\/wattmobil-estudio-de-caso.html#breadcrumb","itemListElement":[{"@type":"ListItem","position":1,"name":"Accueil","item":"https:\/\/lethiguel.com\/es\/"},{"@type":"ListItem","position":2,"name":"WattMobil Estudio de caso"}]},{"@type":"WebSite","@id":"https:\/\/lethiguel.com\/es\/#website","url":"https:\/\/lethiguel.com\/es\/","name":"Lethiguel Espa\u00f1ol","description":"Heating and cooling solutions","potentialAction":[{"@type":"SearchAction","target":{"@type":"EntryPoint","urlTemplate":"https:\/\/lethiguel.com\/es\/?s={search_term_string}"},"query-input":{"@type":"PropertyValueSpecification","valueRequired":true,"valueName":"search_term_string"}}],"inLanguage":"es"}]}},"_links":{"self":[{"href":"https:\/\/lethiguel.com\/es\/wp-json\/wp\/v2\/pages\/1626","targetHints":{"allow":["GET"]}}],"collection":[{"href":"https:\/\/lethiguel.com\/es\/wp-json\/wp\/v2\/pages"}],"about":[{"href":"https:\/\/lethiguel.com\/es\/wp-json\/wp\/v2\/types\/page"}],"author":[{"embeddable":true,"href":"https:\/\/lethiguel.com\/es\/wp-json\/wp\/v2\/users\/2"}],"replies":[{"embeddable":true,"href":"https:\/\/lethiguel.com\/es\/wp-json\/wp\/v2\/comments?post=1626"}],"version-history":[{"count":1,"href":"https:\/\/lethiguel.com\/es\/wp-json\/wp\/v2\/pages\/1626\/revisions"}],"predecessor-version":[{"id":1629,"href":"https:\/\/lethiguel.com\/es\/wp-json\/wp\/v2\/pages\/1626\/revisions\/1629"}],"wp:attachment":[{"href":"https:\/\/lethiguel.com\/es\/wp-json\/wp\/v2\/media?parent=1626"}],"curies":[{"name":"wp","href":"https:\/\/api.w.org\/{rel}","templated":true}]}}