{"id":1648,"date":"2020-07-15T14:55:26","date_gmt":"2020-07-15T12:55:26","guid":{"rendered":"https:\/\/lethiguel.com\/es\/?page_id=1648"},"modified":"2020-07-15T15:01:37","modified_gmt":"2020-07-15T13:01:37","slug":"horno-de-soporte-de-aluminio-estudio-de-caso","status":"publish","type":"page","link":"https:\/\/lethiguel.com\/es\/horno-de-soporte-de-aluminio-estudio-de-caso.html","title":{"rendered":"Horno de soporte de aluminio estudio de caso"},"content":{"rendered":"<section class=\"wpb-content-wrapper\"><p>[vc_row][vc_column]<div class=\"dt-fancy-separator\" style=\"width: 100%;\"><div class=\"dt-fancy-title\"><span class=\"separator-holder separator-left\"><\/span>Estudio de caso en el sector del moldeo a alta presi\u00f3n<span class=\"separator-holder separator-right\"><\/span><\/div><\/div>[vc_column_text css=\u00bb.vc_custom_1594817033124{padding-top: 20px !important;}\u00bb]<\/p>\n<p style=\"text-align: center;\">Desarrollo y estudio de un horno de soporte a partir de las especificaciones t\u00e9cnicas<\/p>\n<p>[\/vc_column_text][vc_single_image image=\u00bb1657&#8243; img_size=\u00bb600&#215;300&#8243; alignment=\u00bbcenter\u00bb][vc_column_text]<\/p>\n<h3 style=\"text-align: center;\">Especificaciones t\u00e9cnicas:<\/h3>\n<p style=\"text-align: center;\">Piezas moldeadas 25\u00a0kg<\/p>\n<p style=\"text-align: center;\">Sistema de inmersi\u00f3n: Cuchara de 35\u00a0kg<\/p>\n<p style=\"text-align: center;\">Sistema de llenado: Cucharas de transferencia de 600\u00a0kg<\/p>\n<p style=\"text-align: center;\">Capacidad: 3000\u00a0kg<\/p>\n<p style=\"text-align: center;\">Temperatura m\u00e1xima del metal: 700\u00a0\u00b0C<\/p>\n<p style=\"text-align: center;\">Temperatura de trabajo: entre 650\u00a0\u00b0C y 680\u00a0\u00b0C<\/p>\n<p style=\"text-align: center;\">Nivel de inmersi\u00f3n ajustable<\/p>\n<p>[\/vc_column_text][vc_separator][vc_column_text]<\/p>\n<h3 style=\"text-align: center;\">Retos:<\/h3>\n<p style=\"text-align: center;\">Comunicaci\u00f3n f\u00e1cil con el resto de la instalaci\u00f3n<\/p>\n<p style=\"text-align: center;\">Comunicaci\u00f3n f\u00e1cil con los operadores<\/p>\n<p style=\"text-align: center;\">Limpieza sencilla del ba\u00f1o y de todo el horno sin necesidad de retirar el sistema de calentamiento<\/p>\n<p style=\"text-align: center;\">Regulaci\u00f3n de la temperatura de +\/-\u00a02\u00a0\u00b0C<\/p>\n<p style=\"text-align: center;\">Alta calidad del aluminio<\/p>\n<p style=\"text-align: center;\">Bajo consumo el\u00e9ctrico<\/p>\n<p>[\/vc_column_text][vc_single_image image=\u00bb894&#8243; img_size=\u00bb600&#215;300&#8243; alignment=\u00bbcenter\u00bb][vc_separator][\/vc_column][\/vc_row][vc_row][vc_column][vc_column_text]<\/p>\n<h3 style=\"text-align: center;\">Nuestras soluciones:<\/h3>\n<p style=\"text-align: center;\">Lethiguel, LH3000: horno de soporte<\/p>\n<p style=\"text-align: center;\">Capacidad: 3000\u00a0kg<\/p>\n<p style=\"text-align: center;\">Capacidad de trabajo: 1300\u00a0kg<\/p>\n<p style=\"text-align: center;\">Sistema de calentamiento: 3 calentadores de inmersi\u00f3n de 15\u00a0kW<\/p>\n<p style=\"text-align: center;\">Sistema de regulaci\u00f3n: SIEMENS PLC S7-1500, lazo de regulaci\u00f3n PID\/PFC<\/p>\n<p style=\"text-align: center;\">Interfaz de usuario: SIEMENS TP 12\u2019\u2019<\/p>\n<p style=\"text-align: center;\">Balizas luminosas para el nivel del aluminio y otras para el estado del proceso<\/p>\n<p style=\"text-align: center;\">Patas ajustables<\/p>\n<p>[\/vc_column_text][vc_row_inner][vc_column_inner width=\u00bb1\/3&#8243;][vc_single_image image=\u00bb1652&#8243; img_size=\u00bb400&#215;300&#8243; alignment=\u00bbcenter\u00bb][\/vc_column_inner][vc_column_inner width=\u00bb1\/3&#8243;][vc_single_image image=\u00bb1650&#8243; img_size=\u00bb400&#215;300&#8243; alignment=\u00bbcenter\u00bb][\/vc_column_inner][vc_column_inner width=\u00bb1\/3&#8243;][vc_single_image image=\u00bb1651&#8243; img_size=\u00bb400&#215;300&#8243; alignment=\u00bbcenter\u00bb][\/vc_column_inner][\/vc_row_inner][vc_separator][vc_column_text]<\/p>\n<h3 style=\"text-align: center;\">Resultados:<\/h3>\n<p>[\/vc_column_text][vc_single_image image=\u00bb1654&#8243; img_size=\u00bbfull\u00bb alignment=\u00bbcenter\u00bb css=\u00bb.vc_custom_1594817540925{padding-top: -20px !important;}\u00bb][vc_single_image image=\u00bb1655&#8243; img_size=\u00bbfull\u00bb alignment=\u00bbcenter\u00bb][vc_column_text]<\/p>\n<p style=\"text-align: center;\">La variaci\u00f3n media es de 0,54\u00a0\u00b0C aproximadamente y se producen peque\u00f1as variaciones (de hasta 6\u00a0\u00b0C) en el momento en el que se llena el horno. Para evitar dicha variaci\u00f3n, se recomienda encarecidamente llenar el horno con aluminio a la misma temperatura de mantenimiento. El objetivo de regularla se cumple gracias a nuestro sistema.<\/p>\n<p style=\"text-align: center;\">Consumo de energ\u00eda y aumento de la temperatura.<\/p>\n<p style=\"text-align: center;\">El horno consume alrededor de 18\u00a0kW para mantener una temperatura de 680\u00a0\u00b0C cuando est\u00e1 lleno. Los 27\u00a0kW instalados de forma adicional se pueden utilizar para aumentar la temperatura a raz\u00f3n de 25-30\u00a0\u00b0C\/h (3000\u00a0kg) o 40\u00a0\u00b0C\/h (2100\u00a0kg)..<\/p>\n<p>[\/vc_column_text][vc_single_image image=\u00bb1656&#8243; img_size=\u00bbfull\u00bb alignment=\u00bbcenter\u00bb][vc_column_text]<\/p>\n<p style=\"text-align: center;\">Se instala un \u00abmodo Eco\u00bb para reducir el consumo de energ\u00eda cuando se para la producci\u00f3n. En un par\u00f3n de todo el fin de semana, el ahorro de energ\u00eda es de 150\u00a0kWh.<\/p>\n<p>[\/vc_column_text][\/vc_column][\/vc_row][vc_row][vc_column]<div class=\"dt-fancy-separator\" style=\"width: 100%;\"><div class=\"dt-fancy-title\"><span class=\"separator-holder separator-left\"><\/span>Quiz\u00e1 le interese<span class=\"separator-holder separator-right\"><\/span><\/div><\/div>[vc_empty_space][\/vc_column][\/vc_row]<\/p>\n<\/section>","protected":false},"excerpt":{"rendered":"<p>[vc_row][vc_column][vc_column_text css=\u00bb.vc_custom_1594817033124{padding-top: 20px !important;}\u00bb] Desarrollo y estudio de un horno de soporte a partir de las especificaciones t\u00e9cnicas [\/vc_column_text][vc_single_image image=\u00bb1657&#8243; img_size=\u00bb600&#215;300&#8243; alignment=\u00bbcenter\u00bb][vc_column_text] Especificaciones t\u00e9cnicas: Piezas moldeadas 25\u00a0kg Sistema de inmersi\u00f3n: Cuchara de 35\u00a0kg Sistema de llenado: Cucharas de transferencia de 600\u00a0kg Capacidad: 3000\u00a0kg Temperatura m\u00e1xima del metal: 700\u00a0\u00b0C Temperatura de trabajo: entre 650\u00a0\u00b0C y 680\u00a0\u00b0C&hellip;<\/p>\n","protected":false},"author":2,"featured_media":0,"parent":0,"menu_order":0,"comment_status":"closed","ping_status":"closed","template":"","meta":{"footnotes":""},"class_list":["post-1648","page","type-page","status-publish","hentry","description-off"],"yoast_head":"<!-- This site is optimized with the Yoast SEO plugin v27.4 - https:\/\/yoast.com\/product\/yoast-seo-wordpress\/ -->\n<title>Lethiguel<\/title>\n<meta name=\"robots\" content=\"index, follow, max-snippet:-1, max-image-preview:large, max-video-preview:-1\" \/>\n<link rel=\"canonical\" href=\"https:\/\/lethiguel.com\/es\/horno-de-soporte-de-aluminio-estudio-de-caso.html\" \/>\n<meta property=\"og:locale\" content=\"es_ES\" \/>\n<meta property=\"og:type\" content=\"article\" \/>\n<meta property=\"og:title\" content=\"Lethiguel\" \/>\n<meta property=\"og:description\" content=\"[vc_row][vc_column][vc_column_text css=\u00bb.vc_custom_1594817033124{padding-top: 20px !important;}\u00bb] Desarrollo y estudio de un horno de soporte a partir de las especificaciones t\u00e9cnicas [\/vc_column_text][vc_single_image image=\u00bb1657&#8243; img_size=\u00bb600&#215;300&#8243; alignment=\u00bbcenter\u00bb][vc_column_text] Especificaciones t\u00e9cnicas: Piezas moldeadas 25\u00a0kg Sistema de inmersi\u00f3n: Cuchara de 35\u00a0kg Sistema de llenado: Cucharas de transferencia de 600\u00a0kg Capacidad: 3000\u00a0kg Temperatura m\u00e1xima del metal: 700\u00a0\u00b0C Temperatura de trabajo: entre 650\u00a0\u00b0C y 680\u00a0\u00b0C&hellip;\" \/>\n<meta property=\"og:url\" content=\"https:\/\/lethiguel.com\/es\/horno-de-soporte-de-aluminio-estudio-de-caso.html\" \/>\n<meta property=\"og:site_name\" content=\"Lethiguel Espa\u00f1ol\" \/>\n<meta property=\"article:modified_time\" content=\"2020-07-15T13:01:37+00:00\" \/>\n<meta name=\"twitter:card\" content=\"summary_large_image\" \/>\n<meta name=\"twitter:label1\" content=\"Tiempo de lectura\" \/>\n\t<meta name=\"twitter:data1\" content=\"3 minutos\" \/>\n<script type=\"application\/ld+json\" class=\"yoast-schema-graph\">{\"@context\":\"https:\\\/\\\/schema.org\",\"@graph\":[{\"@type\":\"WebPage\",\"@id\":\"https:\\\/\\\/lethiguel.com\\\/es\\\/horno-de-soporte-de-aluminio-estudio-de-caso.html\",\"url\":\"https:\\\/\\\/lethiguel.com\\\/es\\\/horno-de-soporte-de-aluminio-estudio-de-caso.html\",\"name\":\"Lethiguel\",\"isPartOf\":{\"@id\":\"https:\\\/\\\/lethiguel.com\\\/es\\\/#website\"},\"datePublished\":\"2020-07-15T12:55:26+00:00\",\"dateModified\":\"2020-07-15T13:01:37+00:00\",\"breadcrumb\":{\"@id\":\"https:\\\/\\\/lethiguel.com\\\/es\\\/horno-de-soporte-de-aluminio-estudio-de-caso.html#breadcrumb\"},\"inLanguage\":\"es\",\"potentialAction\":[{\"@type\":\"ReadAction\",\"target\":[\"https:\\\/\\\/lethiguel.com\\\/es\\\/horno-de-soporte-de-aluminio-estudio-de-caso.html\"]}]},{\"@type\":\"BreadcrumbList\",\"@id\":\"https:\\\/\\\/lethiguel.com\\\/es\\\/horno-de-soporte-de-aluminio-estudio-de-caso.html#breadcrumb\",\"itemListElement\":[{\"@type\":\"ListItem\",\"position\":1,\"name\":\"Accueil\",\"item\":\"https:\\\/\\\/lethiguel.com\\\/es\\\/\"},{\"@type\":\"ListItem\",\"position\":2,\"name\":\"Horno de soporte de aluminio estudio de caso\"}]},{\"@type\":\"WebSite\",\"@id\":\"https:\\\/\\\/lethiguel.com\\\/es\\\/#website\",\"url\":\"https:\\\/\\\/lethiguel.com\\\/es\\\/\",\"name\":\"Lethiguel Espa\u00f1ol\",\"description\":\"Heating and cooling solutions\",\"potentialAction\":[{\"@type\":\"SearchAction\",\"target\":{\"@type\":\"EntryPoint\",\"urlTemplate\":\"https:\\\/\\\/lethiguel.com\\\/es\\\/?s={search_term_string}\"},\"query-input\":{\"@type\":\"PropertyValueSpecification\",\"valueRequired\":true,\"valueName\":\"search_term_string\"}}],\"inLanguage\":\"es\"}]}<\/script>\n<!-- \/ Yoast SEO plugin. -->","yoast_head_json":{"title":"Lethiguel","robots":{"index":"index","follow":"follow","max-snippet":"max-snippet:-1","max-image-preview":"max-image-preview:large","max-video-preview":"max-video-preview:-1"},"canonical":"https:\/\/lethiguel.com\/es\/horno-de-soporte-de-aluminio-estudio-de-caso.html","og_locale":"es_ES","og_type":"article","og_title":"Lethiguel","og_description":"[vc_row][vc_column][vc_column_text css=\u00bb.vc_custom_1594817033124{padding-top: 20px !important;}\u00bb] Desarrollo y estudio de un horno de soporte a partir de las especificaciones t\u00e9cnicas [\/vc_column_text][vc_single_image image=\u00bb1657&#8243; img_size=\u00bb600&#215;300&#8243; alignment=\u00bbcenter\u00bb][vc_column_text] Especificaciones t\u00e9cnicas: Piezas moldeadas 25\u00a0kg Sistema de inmersi\u00f3n: Cuchara de 35\u00a0kg Sistema de llenado: Cucharas de transferencia de 600\u00a0kg Capacidad: 3000\u00a0kg Temperatura m\u00e1xima del metal: 700\u00a0\u00b0C Temperatura de trabajo: entre 650\u00a0\u00b0C y 680\u00a0\u00b0C&hellip;","og_url":"https:\/\/lethiguel.com\/es\/horno-de-soporte-de-aluminio-estudio-de-caso.html","og_site_name":"Lethiguel Espa\u00f1ol","article_modified_time":"2020-07-15T13:01:37+00:00","twitter_card":"summary_large_image","twitter_misc":{"Tiempo de lectura":"3 minutos"},"schema":{"@context":"https:\/\/schema.org","@graph":[{"@type":"WebPage","@id":"https:\/\/lethiguel.com\/es\/horno-de-soporte-de-aluminio-estudio-de-caso.html","url":"https:\/\/lethiguel.com\/es\/horno-de-soporte-de-aluminio-estudio-de-caso.html","name":"Lethiguel","isPartOf":{"@id":"https:\/\/lethiguel.com\/es\/#website"},"datePublished":"2020-07-15T12:55:26+00:00","dateModified":"2020-07-15T13:01:37+00:00","breadcrumb":{"@id":"https:\/\/lethiguel.com\/es\/horno-de-soporte-de-aluminio-estudio-de-caso.html#breadcrumb"},"inLanguage":"es","potentialAction":[{"@type":"ReadAction","target":["https:\/\/lethiguel.com\/es\/horno-de-soporte-de-aluminio-estudio-de-caso.html"]}]},{"@type":"BreadcrumbList","@id":"https:\/\/lethiguel.com\/es\/horno-de-soporte-de-aluminio-estudio-de-caso.html#breadcrumb","itemListElement":[{"@type":"ListItem","position":1,"name":"Accueil","item":"https:\/\/lethiguel.com\/es\/"},{"@type":"ListItem","position":2,"name":"Horno de soporte de aluminio estudio de caso"}]},{"@type":"WebSite","@id":"https:\/\/lethiguel.com\/es\/#website","url":"https:\/\/lethiguel.com\/es\/","name":"Lethiguel Espa\u00f1ol","description":"Heating and cooling solutions","potentialAction":[{"@type":"SearchAction","target":{"@type":"EntryPoint","urlTemplate":"https:\/\/lethiguel.com\/es\/?s={search_term_string}"},"query-input":{"@type":"PropertyValueSpecification","valueRequired":true,"valueName":"search_term_string"}}],"inLanguage":"es"}]}},"_links":{"self":[{"href":"https:\/\/lethiguel.com\/es\/wp-json\/wp\/v2\/pages\/1648","targetHints":{"allow":["GET"]}}],"collection":[{"href":"https:\/\/lethiguel.com\/es\/wp-json\/wp\/v2\/pages"}],"about":[{"href":"https:\/\/lethiguel.com\/es\/wp-json\/wp\/v2\/types\/page"}],"author":[{"embeddable":true,"href":"https:\/\/lethiguel.com\/es\/wp-json\/wp\/v2\/users\/2"}],"replies":[{"embeddable":true,"href":"https:\/\/lethiguel.com\/es\/wp-json\/wp\/v2\/comments?post=1648"}],"version-history":[{"count":1,"href":"https:\/\/lethiguel.com\/es\/wp-json\/wp\/v2\/pages\/1648\/revisions"}],"predecessor-version":[{"id":1658,"href":"https:\/\/lethiguel.com\/es\/wp-json\/wp\/v2\/pages\/1648\/revisions\/1658"}],"wp:attachment":[{"href":"https:\/\/lethiguel.com\/es\/wp-json\/wp\/v2\/media?parent=1648"}],"curies":[{"name":"wp","href":"https:\/\/api.w.org\/{rel}","templated":true}]}}