{"id":1659,"date":"2020-07-23T11:01:15","date_gmt":"2020-07-23T09:01:15","guid":{"rendered":"https:\/\/lethiguel.com\/es\/?page_id=1659"},"modified":"2020-07-23T11:01:15","modified_gmt":"2020-07-23T09:01:15","slug":"estudio-de-caso-jet-cooling","status":"publish","type":"page","link":"https:\/\/lethiguel.com\/es\/estudio-de-caso-jet-cooling.html","title":{"rendered":"Estudio de caso Jet Cooling"},"content":{"rendered":"<section class=\"wpb-content-wrapper\"><p>[vc_row][vc_column]<div class=\"dt-fancy-separator\" style=\"width: 100%;\"><div class=\"dt-fancy-title\"><span class=\"separator-holder separator-left\"><\/span>Estudio de caso de la tecnolog\u00eda Jet Cooling<span class=\"separator-holder separator-right\"><\/span><\/div><\/div>[vc_empty_space][vc_column_text]<\/p>\n<p style=\"text-align: center;\">Jet Cooling es una tecnolog\u00eda especializada para tratar puntos calientes. Gracias a su alta capacidad de presi\u00f3n y a la refrigeraci\u00f3n secuencial, permite igualar la temperatura del moldeo y eliminar cualquier zona caliente al llegar hasta los pernos e insertos, evitando problemas de porosidad y rechupes.<\/p>\n<p>[\/vc_column_text][vc_single_image image=\u00bb1379&#8243; img_size=\u00bbfull\u00bb alignment=\u00bbcenter\u00bb][\/vc_column][\/vc_row][vc_row][vc_column][vc_separator][\/vc_column][\/vc_row][vc_row][vc_column][vc_column_text]<\/p>\n<h3 style=\"text-align: center;\">Refrigeraci\u00f3n de zonas calientes para un c\u00e1rter<\/h3>\n<p style=\"text-align: center;\">El uso de c\u00e1maras t\u00e9rmicas nos permite mostrar la eficiencia de la refrigeraci\u00f3n en los pernos A y B. Estas im\u00e1genes se obtuvieron antes de la fase de enfriamiento por aspersi\u00f3n. El resultado es una ca\u00edda de la temperatura de 150\u00a0\u00b0C en los pernos. Adem\u00e1s, toda la zona que rodea los pernos equipados con la tecnolog\u00eda Jet Cooling tambi\u00e9n se beneficia del efecto de la refrigeraci\u00f3n, con una ca\u00edda de la temperatura de 70\u00a0\u00b0C.<\/p>\n<p style=\"text-align: center;\">El enfriamiento dura entre 10 y 15\u00a0segundos.<\/p>\n<p>[\/vc_column_text][vc_single_image image=\u00bb1674&#8243; img_size=\u00bb600&#215;300&#8243; alignment=\u00bbcenter\u00bb][vc_single_image image=\u00bb1673&#8243; img_size=\u00bb600&#215;300&#8243; alignment=\u00bbcenter\u00bb][\/vc_column][\/vc_row][vc_row][vc_column][vc_separator][\/vc_column][\/vc_row][vc_row][vc_column][vc_column_text]<\/p>\n<h3 style=\"text-align: center;\">Por qu\u00e9 utilizar Jet Cooling en el moldeo<\/h3>\n<p>[\/vc_column_text][\/vc_column][\/vc_row][vc_row][vc_column width=\u00bb1\/2&#8243;][vc_single_image image=\u00bb1675&#8243; img_size=\u00bb300&#215;300&#8243; alignment=\u00bbcenter\u00bb][vc_column_text]<\/p>\n<p style=\"text-align: center;\">Moldeo sin tecnolog\u00eda Jet Cooling: <strong>se observa porosidad cerca de la rosca<\/strong><\/p>\n<p>[\/vc_column_text][\/vc_column][vc_column width=\u00bb1\/2&#8243;][vc_single_image image=\u00bb1676&#8243; img_size=\u00bb300&#215;300&#8243; alignment=\u00bbcenter\u00bb][vc_column_text]<\/p>\n<p style=\"text-align: center;\">Moldeo con tecnolog\u00eda Jet Cooling: <strong>disminuye la porosidad<\/strong><\/p>\n<p>[\/vc_column_text][\/vc_column][\/vc_row][vc_row][vc_column width=\u00bb1\/2&#8243;][vc_single_image image=\u00bb1677&#8243; img_size=\u00bb300&#215;300&#8243; alignment=\u00bbcenter\u00bb][vc_column_text]<\/p>\n<p style=\"text-align: center;\">Zona enfriada sin el uso de la tecnolog\u00eda Jet Cooling<\/p>\n<p>[\/vc_column_text][\/vc_column][vc_column width=\u00bb1\/2&#8243;][vc_single_image image=\u00bb1678&#8243; img_size=\u00bb300&#215;300&#8243; alignment=\u00bbcenter\u00bb][vc_column_text]<\/p>\n<p style=\"text-align: center;\">Zona enfriada con el uso de la tecnolog\u00eda Jet Cooling durante 10\u00a0segundos<\/p>\n<p>[\/vc_column_text][\/vc_column][\/vc_row][vc_row][vc_column css=\u00bb.vc_custom_1594989391443{background-color: #7ca0bf !important;}\u00bb][vc_column_text]<\/p>\n<h3 style=\"text-align: center;\"><span style=\"color: #ffffff;\">Eche un vistazo a nuestros productos Jet Cooling<\/span><\/h3>\n<p>[\/vc_column_text][vc_btn title=\u00bbM\u00e1s informaci\u00f3n\u00bb align=\u00bbcenter\u00bb link=\u00bburl:https%3A%2F%2Flethiguel.com%2Fcooling-solutions.html|||\u00bb css=\u00bb.vc_custom_1594989429390{margin-top: -20px !important;}\u00bb][\/vc_column][\/vc_row]<\/p>\n<\/section>","protected":false},"excerpt":{"rendered":"<p>[vc_row][vc_column][vc_empty_space][vc_column_text] Jet Cooling es una tecnolog\u00eda especializada para tratar puntos calientes. Gracias a su alta capacidad de presi\u00f3n y a la refrigeraci\u00f3n secuencial, permite igualar la temperatura del moldeo y eliminar cualquier zona caliente al llegar hasta los pernos e insertos, evitando problemas de porosidad y rechupes. [\/vc_column_text][vc_single_image image=\u00bb1379&#8243; img_size=\u00bbfull\u00bb alignment=\u00bbcenter\u00bb][\/vc_column][\/vc_row][vc_row][vc_column][vc_separator][\/vc_column][\/vc_row][vc_row][vc_column][vc_column_text] Refrigeraci\u00f3n de zonas calientes&hellip;<\/p>\n","protected":false},"author":2,"featured_media":0,"parent":0,"menu_order":0,"comment_status":"closed","ping_status":"closed","template":"","meta":{"footnotes":""},"class_list":["post-1659","page","type-page","status-publish","hentry","description-off"],"yoast_head":"<!-- This site is optimized with the Yoast SEO plugin v27.4 - https:\/\/yoast.com\/product\/yoast-seo-wordpress\/ -->\n<title>Lethiguel<\/title>\n<meta name=\"robots\" content=\"index, follow, max-snippet:-1, max-image-preview:large, max-video-preview:-1\" \/>\n<link rel=\"canonical\" href=\"https:\/\/lethiguel.com\/es\/estudio-de-caso-jet-cooling.html\" \/>\n<meta property=\"og:locale\" content=\"es_ES\" \/>\n<meta property=\"og:type\" content=\"article\" \/>\n<meta property=\"og:title\" content=\"Lethiguel\" \/>\n<meta property=\"og:description\" content=\"[vc_row][vc_column][vc_empty_space][vc_column_text] Jet Cooling es una tecnolog\u00eda especializada para tratar puntos calientes. Gracias a su alta capacidad de presi\u00f3n y a la refrigeraci\u00f3n secuencial, permite igualar la temperatura del moldeo y eliminar cualquier zona caliente al llegar hasta los pernos e insertos, evitando problemas de porosidad y rechupes. [\/vc_column_text][vc_single_image image=\u00bb1379&#8243; img_size=\u00bbfull\u00bb alignment=\u00bbcenter\u00bb][\/vc_column][\/vc_row][vc_row][vc_column][vc_separator][\/vc_column][\/vc_row][vc_row][vc_column][vc_column_text] Refrigeraci\u00f3n de zonas calientes&hellip;\" \/>\n<meta property=\"og:url\" content=\"https:\/\/lethiguel.com\/es\/estudio-de-caso-jet-cooling.html\" \/>\n<meta property=\"og:site_name\" content=\"Lethiguel Espa\u00f1ol\" \/>\n<meta name=\"twitter:card\" content=\"summary_large_image\" \/>\n<meta name=\"twitter:label1\" content=\"Tiempo de lectura\" \/>\n\t<meta name=\"twitter:data1\" content=\"2 minutos\" \/>\n<script type=\"application\/ld+json\" class=\"yoast-schema-graph\">{\"@context\":\"https:\\\/\\\/schema.org\",\"@graph\":[{\"@type\":\"WebPage\",\"@id\":\"https:\\\/\\\/lethiguel.com\\\/es\\\/estudio-de-caso-jet-cooling.html\",\"url\":\"https:\\\/\\\/lethiguel.com\\\/es\\\/estudio-de-caso-jet-cooling.html\",\"name\":\"Lethiguel\",\"isPartOf\":{\"@id\":\"https:\\\/\\\/lethiguel.com\\\/es\\\/#website\"},\"datePublished\":\"2020-07-23T09:01:15+00:00\",\"breadcrumb\":{\"@id\":\"https:\\\/\\\/lethiguel.com\\\/es\\\/estudio-de-caso-jet-cooling.html#breadcrumb\"},\"inLanguage\":\"es\",\"potentialAction\":[{\"@type\":\"ReadAction\",\"target\":[\"https:\\\/\\\/lethiguel.com\\\/es\\\/estudio-de-caso-jet-cooling.html\"]}]},{\"@type\":\"BreadcrumbList\",\"@id\":\"https:\\\/\\\/lethiguel.com\\\/es\\\/estudio-de-caso-jet-cooling.html#breadcrumb\",\"itemListElement\":[{\"@type\":\"ListItem\",\"position\":1,\"name\":\"Accueil\",\"item\":\"https:\\\/\\\/lethiguel.com\\\/es\\\/\"},{\"@type\":\"ListItem\",\"position\":2,\"name\":\"Estudio de caso Jet Cooling\"}]},{\"@type\":\"WebSite\",\"@id\":\"https:\\\/\\\/lethiguel.com\\\/es\\\/#website\",\"url\":\"https:\\\/\\\/lethiguel.com\\\/es\\\/\",\"name\":\"Lethiguel Espa\u00f1ol\",\"description\":\"Heating and cooling solutions\",\"potentialAction\":[{\"@type\":\"SearchAction\",\"target\":{\"@type\":\"EntryPoint\",\"urlTemplate\":\"https:\\\/\\\/lethiguel.com\\\/es\\\/?s={search_term_string}\"},\"query-input\":{\"@type\":\"PropertyValueSpecification\",\"valueRequired\":true,\"valueName\":\"search_term_string\"}}],\"inLanguage\":\"es\"}]}<\/script>\n<!-- \/ Yoast SEO plugin. -->","yoast_head_json":{"title":"Lethiguel","robots":{"index":"index","follow":"follow","max-snippet":"max-snippet:-1","max-image-preview":"max-image-preview:large","max-video-preview":"max-video-preview:-1"},"canonical":"https:\/\/lethiguel.com\/es\/estudio-de-caso-jet-cooling.html","og_locale":"es_ES","og_type":"article","og_title":"Lethiguel","og_description":"[vc_row][vc_column][vc_empty_space][vc_column_text] Jet Cooling es una tecnolog\u00eda especializada para tratar puntos calientes. Gracias a su alta capacidad de presi\u00f3n y a la refrigeraci\u00f3n secuencial, permite igualar la temperatura del moldeo y eliminar cualquier zona caliente al llegar hasta los pernos e insertos, evitando problemas de porosidad y rechupes. [\/vc_column_text][vc_single_image image=\u00bb1379&#8243; img_size=\u00bbfull\u00bb alignment=\u00bbcenter\u00bb][\/vc_column][\/vc_row][vc_row][vc_column][vc_separator][\/vc_column][\/vc_row][vc_row][vc_column][vc_column_text] Refrigeraci\u00f3n de zonas calientes&hellip;","og_url":"https:\/\/lethiguel.com\/es\/estudio-de-caso-jet-cooling.html","og_site_name":"Lethiguel Espa\u00f1ol","twitter_card":"summary_large_image","twitter_misc":{"Tiempo de lectura":"2 minutos"},"schema":{"@context":"https:\/\/schema.org","@graph":[{"@type":"WebPage","@id":"https:\/\/lethiguel.com\/es\/estudio-de-caso-jet-cooling.html","url":"https:\/\/lethiguel.com\/es\/estudio-de-caso-jet-cooling.html","name":"Lethiguel","isPartOf":{"@id":"https:\/\/lethiguel.com\/es\/#website"},"datePublished":"2020-07-23T09:01:15+00:00","breadcrumb":{"@id":"https:\/\/lethiguel.com\/es\/estudio-de-caso-jet-cooling.html#breadcrumb"},"inLanguage":"es","potentialAction":[{"@type":"ReadAction","target":["https:\/\/lethiguel.com\/es\/estudio-de-caso-jet-cooling.html"]}]},{"@type":"BreadcrumbList","@id":"https:\/\/lethiguel.com\/es\/estudio-de-caso-jet-cooling.html#breadcrumb","itemListElement":[{"@type":"ListItem","position":1,"name":"Accueil","item":"https:\/\/lethiguel.com\/es\/"},{"@type":"ListItem","position":2,"name":"Estudio de caso Jet Cooling"}]},{"@type":"WebSite","@id":"https:\/\/lethiguel.com\/es\/#website","url":"https:\/\/lethiguel.com\/es\/","name":"Lethiguel Espa\u00f1ol","description":"Heating and cooling solutions","potentialAction":[{"@type":"SearchAction","target":{"@type":"EntryPoint","urlTemplate":"https:\/\/lethiguel.com\/es\/?s={search_term_string}"},"query-input":{"@type":"PropertyValueSpecification","valueRequired":true,"valueName":"search_term_string"}}],"inLanguage":"es"}]}},"_links":{"self":[{"href":"https:\/\/lethiguel.com\/es\/wp-json\/wp\/v2\/pages\/1659","targetHints":{"allow":["GET"]}}],"collection":[{"href":"https:\/\/lethiguel.com\/es\/wp-json\/wp\/v2\/pages"}],"about":[{"href":"https:\/\/lethiguel.com\/es\/wp-json\/wp\/v2\/types\/page"}],"author":[{"embeddable":true,"href":"https:\/\/lethiguel.com\/es\/wp-json\/wp\/v2\/users\/2"}],"replies":[{"embeddable":true,"href":"https:\/\/lethiguel.com\/es\/wp-json\/wp\/v2\/comments?post=1659"}],"version-history":[{"count":3,"href":"https:\/\/lethiguel.com\/es\/wp-json\/wp\/v2\/pages\/1659\/revisions"}],"predecessor-version":[{"id":1680,"href":"https:\/\/lethiguel.com\/es\/wp-json\/wp\/v2\/pages\/1659\/revisions\/1680"}],"wp:attachment":[{"href":"https:\/\/lethiguel.com\/es\/wp-json\/wp\/v2\/media?parent=1659"}],"curies":[{"name":"wp","href":"https:\/\/api.w.org\/{rel}","templated":true}]}}