{"id":1683,"date":"2020-07-23T11:14:19","date_gmt":"2020-07-23T09:14:19","guid":{"rendered":"https:\/\/lethiguel.com\/es\/?page_id=1683"},"modified":"2020-07-23T11:14:19","modified_gmt":"2020-07-23T09:14:19","slug":"fundicion-a-presion-a-alta-presion","status":"publish","type":"page","link":"https:\/\/lethiguel.com\/es\/fundicion-a-presion-a-alta-presion.html","title":{"rendered":"Fundici\u00f3n a presi\u00f3n a alta presi\u00f3n"},"content":{"rendered":"<section class=\"wpb-content-wrapper\"><p>[vc_row animation=\u00bbfadeInLeft\u00bb][vc_column width=\u00bb1\/3&#8243;][vc_single_image image=\u00bb1072&#8243; img_size=\u00bb300&#215;300&#8243;][\/vc_column][vc_column width=\u00bb1\/3&#8243;][vc_column_text]<\/p>\n<h4>WattMobil, soluci\u00f3n de calentamiento<\/h4>\n<p><strong>Optimizar<\/strong>:<\/p>\n<ul>\n<li>Mantenimiento de hornos<\/li>\n<li>Elevaci\u00f3n y control de la temperatura<\/li>\n<li>Aver\u00eda del horno<\/li>\n<li>Tiempo de desgasificaci\u00f3n<\/li>\n<li>Aumentar el rendimiento del horno<\/li>\n<\/ul>\n<p>[\/vc_column_text][\/vc_column][vc_column width=\u00bb1\/3&#8243;][vc_btn title=\u00bbCaso de estudio\u00bb align=\u00bbcenter\u00bb css=\u00bb.vc_custom_1595495127024{margin-top: 120px !important;}\u00bb link=\u00bburl:https%3A%2F%2Flethiguel.com%2Fes%2Fwattmobil-estudio-de-caso.html|||\u00bb][\/vc_column][\/vc_row][vc_row][vc_column][vc_separator][\/vc_column][\/vc_row][vc_row animation=\u00bbfadeInLeft\u00bb][vc_column width=\u00bb1\/3&#8243;][vc_single_image image=\u00bb726&#8243; img_size=\u00bb300&#215;300&#8243;][\/vc_column][vc_column width=\u00bb1\/3&#8243;][vc_column_text]<\/p>\n<h4><strong>Jet Cooling<\/strong><\/h4>\n<p>Jet Cooling puede utilizarse para resolver la mayor\u00eda de los problemas relacionados con la temperatura en la fundici\u00f3n a presi\u00f3n de metales no f\u00e9rreos.<\/p>\n<p><strong>Optimizar<\/strong>:<\/p>\n<ul>\n<li>Reduce los tiempos de ciclo<\/li>\n<li>Disminuye la cantidad de desechos<\/li>\n<li>Evita la porosidad y la contracci\u00f3n del material<\/li>\n<li>Aumenta la durabilidad de las coquillas<\/li>\n<\/ul>\n<p>[\/vc_column_text][\/vc_column][vc_column width=\u00bb1\/3&#8243;][vc_btn title=\u00bbCaso de estudio\u00bb align=\u00bbcenter\u00bb css=\u00bb.vc_custom_1595495265188{margin-top: 120px !important;}\u00bb link=\u00bburl:https%3A%2F%2Flethiguel.com%2Fes%2Festudio-de-caso-jet-cooling.html|title:Jet%20Cooling%20case%20study||\u00bb][\/vc_column][\/vc_row][vc_row][vc_column][vc_separator][\/vc_column][\/vc_row][vc_row animation=\u00bbfadeInLeft\u00bb][vc_column][vc_row_inner][vc_column_inner width=\u00bb1\/3&#8243;][vc_single_image image=\u00bb1685&#8243; img_size=\u00bb300&#215;300&#8243;][\/vc_column_inner][vc_column_inner width=\u00bb1\/3&#8243;][vc_column_text]<\/p>\n<h4>Horno de soporte de aluminio Al Clean<\/h4>\n<p>Montado con <strong class=\"d2b\">calentadores de ThermalPower\u00aeinmersi\u00f3n Lethiguel.<\/strong><\/p>\n<p><strong>Optimizar<\/strong>:<\/p>\n<ul>\n<li>Alta velocidad de calentamiento<\/li>\n<li>Consumo de energ\u00eda<\/li>\n<li>Calidad de aluminio<\/li>\n<\/ul>\n<p>[\/vc_column_text][\/vc_column_inner][vc_column_inner width=\u00bb1\/3&#8243;][vc_btn title=\u00bbCaso de estudio\u00bb align=\u00bbcenter\u00bb css=\u00bb.vc_custom_1595495480685{margin-top: 120px !important;}\u00bb link=\u00bburl:https%3A%2F%2Flethiguel.com%2Fes%2Fhorno-de-soporte-de-aluminio-estudio-de-caso.html|||\u00bb][\/vc_column_inner][\/vc_row_inner][\/vc_column][\/vc_row][vc_row animation=\u00bbfadeInLeft\u00bb][vc_column][vc_separator][vc_row_inner][vc_column_inner width=\u00bb1\/3&#8243;][vc_single_image image=\u00bb1554&#8243; img_size=\u00bb300&#215;300&#8243;][\/vc_column_inner][vc_column_inner width=\u00bb1\/3&#8243;][vc_column_text]<\/p>\n<h4>Calentador de inmersi\u00f3n Thermal Power tipo L<\/h4>\n<p>Est\u00e1n espec\u00edficamente dise\u00f1ados para niveles de ba\u00f1o poco profundos y para las artesas de transferencia<\/p>\n<p><strong>Optimizar<\/strong>:<\/p>\n<ul>\n<li>Temperatura de aluminio<\/li>\n<li>Consumo de energ\u00eda<\/li>\n<li>Calidad de aluminio<\/li>\n<\/ul>\n<p>[\/vc_column_text][\/vc_column_inner][vc_column_inner width=\u00bb1\/3&#8243;][vc_btn title=\u00bbCaso de estudio\u00bb align=\u00bbcenter\u00bb css=\u00bb.vc_custom_1595495570831{margin-top: 120px !important;}\u00bb link=\u00bburl:https%3A%2F%2Flethiguel.com%2Fes%2F1635-2.html|||\u00bb][\/vc_column_inner][\/vc_row_inner][\/vc_column][\/vc_row]<\/p>\n<\/section>","protected":false},"excerpt":{"rendered":"<p>[vc_row animation=\u00bbfadeInLeft\u00bb][vc_column width=\u00bb1\/3&#8243;][vc_single_image image=\u00bb1072&#8243; img_size=\u00bb300&#215;300&#8243;][\/vc_column][vc_column width=\u00bb1\/3&#8243;][vc_column_text] WattMobil, soluci\u00f3n de calentamiento Optimizar: Mantenimiento de hornos Elevaci\u00f3n y control de la temperatura Aver\u00eda del horno Tiempo de desgasificaci\u00f3n Aumentar el rendimiento del horno [\/vc_column_text][\/vc_column][vc_column width=\u00bb1\/3&#8243;][vc_btn title=\u00bbCaso de estudio\u00bb align=\u00bbcenter\u00bb css=\u00bb.vc_custom_1595495127024{margin-top: 120px !important;}\u00bb link=\u00bburl:https%3A%2F%2Flethiguel.com%2Fes%2Fwattmobil-estudio-de-caso.html|||\u00bb][\/vc_column][\/vc_row][vc_row][vc_column][vc_separator][\/vc_column][\/vc_row][vc_row animation=\u00bbfadeInLeft\u00bb][vc_column width=\u00bb1\/3&#8243;][vc_single_image image=\u00bb726&#8243; img_size=\u00bb300&#215;300&#8243;][\/vc_column][vc_column width=\u00bb1\/3&#8243;][vc_column_text] Jet Cooling Jet Cooling puede utilizarse para resolver la&hellip;<\/p>\n","protected":false},"author":2,"featured_media":0,"parent":0,"menu_order":0,"comment_status":"closed","ping_status":"closed","template":"","meta":{"footnotes":""},"class_list":["post-1683","page","type-page","status-publish","hentry","description-off"],"yoast_head":"<!-- This site is optimized with the Yoast SEO plugin v27.4 - https:\/\/yoast.com\/product\/yoast-seo-wordpress\/ -->\n<title>Lethiguel<\/title>\n<meta name=\"robots\" content=\"index, follow, max-snippet:-1, max-image-preview:large, max-video-preview:-1\" \/>\n<link rel=\"canonical\" href=\"https:\/\/lethiguel.com\/es\/fundicion-a-presion-a-alta-presion.html\" \/>\n<meta property=\"og:locale\" content=\"es_ES\" \/>\n<meta property=\"og:type\" content=\"article\" \/>\n<meta property=\"og:title\" content=\"Lethiguel\" \/>\n<meta property=\"og:description\" content=\"[vc_row animation=\u00bbfadeInLeft\u00bb][vc_column width=\u00bb1\/3&#8243;][vc_single_image image=\u00bb1072&#8243; img_size=\u00bb300&#215;300&#8243;][\/vc_column][vc_column width=\u00bb1\/3&#8243;][vc_column_text] WattMobil, soluci\u00f3n de calentamiento Optimizar: Mantenimiento de hornos Elevaci\u00f3n y control de la temperatura Aver\u00eda del horno Tiempo de desgasificaci\u00f3n Aumentar el rendimiento del horno [\/vc_column_text][\/vc_column][vc_column width=\u00bb1\/3&#8243;][vc_btn title=\u00bbCaso de estudio\u00bb align=\u00bbcenter\u00bb css=\u00bb.vc_custom_1595495127024{margin-top: 120px !important;}\u00bb link=\u00bburl:https%3A%2F%2Flethiguel.com%2Fes%2Fwattmobil-estudio-de-caso.html|||\u00bb][\/vc_column][\/vc_row][vc_row][vc_column][vc_separator][\/vc_column][\/vc_row][vc_row animation=\u00bbfadeInLeft\u00bb][vc_column width=\u00bb1\/3&#8243;][vc_single_image image=\u00bb726&#8243; img_size=\u00bb300&#215;300&#8243;][\/vc_column][vc_column width=\u00bb1\/3&#8243;][vc_column_text] Jet Cooling Jet Cooling puede utilizarse para resolver la&hellip;\" \/>\n<meta property=\"og:url\" content=\"https:\/\/lethiguel.com\/es\/fundicion-a-presion-a-alta-presion.html\" \/>\n<meta property=\"og:site_name\" content=\"Lethiguel Espa\u00f1ol\" \/>\n<meta name=\"twitter:card\" content=\"summary_large_image\" \/>\n<meta name=\"twitter:label1\" content=\"Tiempo de lectura\" \/>\n\t<meta name=\"twitter:data1\" content=\"2 minutos\" \/>\n<script type=\"application\/ld+json\" class=\"yoast-schema-graph\">{\"@context\":\"https:\\\/\\\/schema.org\",\"@graph\":[{\"@type\":\"WebPage\",\"@id\":\"https:\\\/\\\/lethiguel.com\\\/es\\\/fundicion-a-presion-a-alta-presion.html\",\"url\":\"https:\\\/\\\/lethiguel.com\\\/es\\\/fundicion-a-presion-a-alta-presion.html\",\"name\":\"Lethiguel\",\"isPartOf\":{\"@id\":\"https:\\\/\\\/lethiguel.com\\\/es\\\/#website\"},\"datePublished\":\"2020-07-23T09:14:19+00:00\",\"breadcrumb\":{\"@id\":\"https:\\\/\\\/lethiguel.com\\\/es\\\/fundicion-a-presion-a-alta-presion.html#breadcrumb\"},\"inLanguage\":\"es\",\"potentialAction\":[{\"@type\":\"ReadAction\",\"target\":[\"https:\\\/\\\/lethiguel.com\\\/es\\\/fundicion-a-presion-a-alta-presion.html\"]}]},{\"@type\":\"BreadcrumbList\",\"@id\":\"https:\\\/\\\/lethiguel.com\\\/es\\\/fundicion-a-presion-a-alta-presion.html#breadcrumb\",\"itemListElement\":[{\"@type\":\"ListItem\",\"position\":1,\"name\":\"Accueil\",\"item\":\"https:\\\/\\\/lethiguel.com\\\/es\\\/\"},{\"@type\":\"ListItem\",\"position\":2,\"name\":\"Fundici\u00f3n a presi\u00f3n a alta presi\u00f3n\"}]},{\"@type\":\"WebSite\",\"@id\":\"https:\\\/\\\/lethiguel.com\\\/es\\\/#website\",\"url\":\"https:\\\/\\\/lethiguel.com\\\/es\\\/\",\"name\":\"Lethiguel Espa\u00f1ol\",\"description\":\"Heating and cooling solutions\",\"potentialAction\":[{\"@type\":\"SearchAction\",\"target\":{\"@type\":\"EntryPoint\",\"urlTemplate\":\"https:\\\/\\\/lethiguel.com\\\/es\\\/?s={search_term_string}\"},\"query-input\":{\"@type\":\"PropertyValueSpecification\",\"valueRequired\":true,\"valueName\":\"search_term_string\"}}],\"inLanguage\":\"es\"}]}<\/script>\n<!-- \/ Yoast SEO plugin. -->","yoast_head_json":{"title":"Lethiguel","robots":{"index":"index","follow":"follow","max-snippet":"max-snippet:-1","max-image-preview":"max-image-preview:large","max-video-preview":"max-video-preview:-1"},"canonical":"https:\/\/lethiguel.com\/es\/fundicion-a-presion-a-alta-presion.html","og_locale":"es_ES","og_type":"article","og_title":"Lethiguel","og_description":"[vc_row animation=\u00bbfadeInLeft\u00bb][vc_column width=\u00bb1\/3&#8243;][vc_single_image image=\u00bb1072&#8243; img_size=\u00bb300&#215;300&#8243;][\/vc_column][vc_column width=\u00bb1\/3&#8243;][vc_column_text] WattMobil, soluci\u00f3n de calentamiento Optimizar: Mantenimiento de hornos Elevaci\u00f3n y control de la temperatura Aver\u00eda del horno Tiempo de desgasificaci\u00f3n Aumentar el rendimiento del horno [\/vc_column_text][\/vc_column][vc_column width=\u00bb1\/3&#8243;][vc_btn title=\u00bbCaso de estudio\u00bb align=\u00bbcenter\u00bb css=\u00bb.vc_custom_1595495127024{margin-top: 120px !important;}\u00bb link=\u00bburl:https%3A%2F%2Flethiguel.com%2Fes%2Fwattmobil-estudio-de-caso.html|||\u00bb][\/vc_column][\/vc_row][vc_row][vc_column][vc_separator][\/vc_column][\/vc_row][vc_row animation=\u00bbfadeInLeft\u00bb][vc_column width=\u00bb1\/3&#8243;][vc_single_image image=\u00bb726&#8243; img_size=\u00bb300&#215;300&#8243;][\/vc_column][vc_column width=\u00bb1\/3&#8243;][vc_column_text] Jet Cooling Jet Cooling puede utilizarse para resolver la&hellip;","og_url":"https:\/\/lethiguel.com\/es\/fundicion-a-presion-a-alta-presion.html","og_site_name":"Lethiguel Espa\u00f1ol","twitter_card":"summary_large_image","twitter_misc":{"Tiempo de lectura":"2 minutos"},"schema":{"@context":"https:\/\/schema.org","@graph":[{"@type":"WebPage","@id":"https:\/\/lethiguel.com\/es\/fundicion-a-presion-a-alta-presion.html","url":"https:\/\/lethiguel.com\/es\/fundicion-a-presion-a-alta-presion.html","name":"Lethiguel","isPartOf":{"@id":"https:\/\/lethiguel.com\/es\/#website"},"datePublished":"2020-07-23T09:14:19+00:00","breadcrumb":{"@id":"https:\/\/lethiguel.com\/es\/fundicion-a-presion-a-alta-presion.html#breadcrumb"},"inLanguage":"es","potentialAction":[{"@type":"ReadAction","target":["https:\/\/lethiguel.com\/es\/fundicion-a-presion-a-alta-presion.html"]}]},{"@type":"BreadcrumbList","@id":"https:\/\/lethiguel.com\/es\/fundicion-a-presion-a-alta-presion.html#breadcrumb","itemListElement":[{"@type":"ListItem","position":1,"name":"Accueil","item":"https:\/\/lethiguel.com\/es\/"},{"@type":"ListItem","position":2,"name":"Fundici\u00f3n a presi\u00f3n a alta presi\u00f3n"}]},{"@type":"WebSite","@id":"https:\/\/lethiguel.com\/es\/#website","url":"https:\/\/lethiguel.com\/es\/","name":"Lethiguel Espa\u00f1ol","description":"Heating and cooling solutions","potentialAction":[{"@type":"SearchAction","target":{"@type":"EntryPoint","urlTemplate":"https:\/\/lethiguel.com\/es\/?s={search_term_string}"},"query-input":{"@type":"PropertyValueSpecification","valueRequired":true,"valueName":"search_term_string"}}],"inLanguage":"es"}]}},"_links":{"self":[{"href":"https:\/\/lethiguel.com\/es\/wp-json\/wp\/v2\/pages\/1683","targetHints":{"allow":["GET"]}}],"collection":[{"href":"https:\/\/lethiguel.com\/es\/wp-json\/wp\/v2\/pages"}],"about":[{"href":"https:\/\/lethiguel.com\/es\/wp-json\/wp\/v2\/types\/page"}],"author":[{"embeddable":true,"href":"https:\/\/lethiguel.com\/es\/wp-json\/wp\/v2\/users\/2"}],"replies":[{"embeddable":true,"href":"https:\/\/lethiguel.com\/es\/wp-json\/wp\/v2\/comments?post=1683"}],"version-history":[{"count":1,"href":"https:\/\/lethiguel.com\/es\/wp-json\/wp\/v2\/pages\/1683\/revisions"}],"predecessor-version":[{"id":1686,"href":"https:\/\/lethiguel.com\/es\/wp-json\/wp\/v2\/pages\/1683\/revisions\/1686"}],"wp:attachment":[{"href":"https:\/\/lethiguel.com\/es\/wp-json\/wp\/v2\/media?parent=1683"}],"curies":[{"name":"wp","href":"https:\/\/api.w.org\/{rel}","templated":true}]}}