{"id":1787,"date":"2020-08-03T10:24:45","date_gmt":"2020-08-03T08:24:45","guid":{"rendered":"https:\/\/lethiguel.com\/es\/?page_id=1787"},"modified":"2022-02-15T09:09:14","modified_gmt":"2022-02-15T08:09:14","slug":"noticias","status":"publish","type":"page","link":"https:\/\/lethiguel.com\/es\/noticias.html","title":{"rendered":"Noticias"},"content":{"rendered":"<section class=\"wpb-content-wrapper\"><p>[vc_row][vc_column][vc_basic_grid post_type=\u00bbpost\u00bb max_items=\u00bb10&#8243; show_filter=\u00bbyes\u00bb item=\u00bbbasicGrid_ScaleInWithRotation\u00bb grid_id=\u00bbvc_gid:1644912533418-66c90424-fd27-8&#8243; taxonomies=\u00bb25, 30, 19, 32&#8243; filter_source=\u00bbcategory\u00bb][\/vc_column][\/vc_row]<\/p>\n<\/section>","protected":false},"excerpt":{"rendered":"<p>[vc_row][vc_column][vc_basic_grid post_type=\u00bbpost\u00bb max_items=\u00bb10&#8243; show_filter=\u00bbyes\u00bb item=\u00bbbasicGrid_ScaleInWithRotation\u00bb grid_id=\u00bbvc_gid:1644912533418-66c90424-fd27-8&#8243; taxonomies=\u00bb25, 30, 19, 32&#8243; filter_source=\u00bbcategory\u00bb][\/vc_column][\/vc_row]<\/p>\n","protected":false},"author":2,"featured_media":0,"parent":0,"menu_order":0,"comment_status":"closed","ping_status":"closed","template":"","meta":{"footnotes":""},"class_list":["post-1787","page","type-page","status-publish","hentry","description-off"],"yoast_head":"<!-- This site is optimized with the Yoast SEO plugin v27.4 - https:\/\/yoast.com\/product\/yoast-seo-wordpress\/ -->\n<title>Lethiguel<\/title>\n<meta name=\"description\" content=\"\u00a1Compartiremos nuestras \u00faltimas noticias con frecuencia sobre nuestras exposiciones, actualizaciones de la compa\u00f1\u00eda, nuestras innovaciones y mucho m\u00e1s! \u00a1Consulta para m\u00e1s detalles!\" \/>\n<meta name=\"robots\" content=\"index, follow, max-snippet:-1, max-image-preview:large, max-video-preview:-1\" \/>\n<link rel=\"canonical\" href=\"https:\/\/lethiguel.com\/es\/noticias.html\" \/>\n<meta property=\"og:locale\" content=\"es_ES\" \/>\n<meta property=\"og:type\" content=\"article\" \/>\n<meta property=\"og:title\" content=\"Lethiguel\" \/>\n<meta property=\"og:description\" content=\"\u00a1Compartiremos nuestras \u00faltimas noticias con frecuencia sobre nuestras exposiciones, actualizaciones de la compa\u00f1\u00eda, nuestras innovaciones y mucho m\u00e1s! \u00a1Consulta para m\u00e1s detalles!\" \/>\n<meta property=\"og:url\" content=\"https:\/\/lethiguel.com\/es\/noticias.html\" \/>\n<meta property=\"og:site_name\" content=\"Lethiguel Espa\u00f1ol\" \/>\n<meta property=\"article:modified_time\" content=\"2022-02-15T08:09:14+00:00\" \/>\n<meta name=\"twitter:card\" content=\"summary_large_image\" \/>\n<script type=\"application\/ld+json\" class=\"yoast-schema-graph\">{\"@context\":\"https:\\\/\\\/schema.org\",\"@graph\":[{\"@type\":\"WebPage\",\"@id\":\"https:\\\/\\\/lethiguel.com\\\/es\\\/noticias.html\",\"url\":\"https:\\\/\\\/lethiguel.com\\\/es\\\/noticias.html\",\"name\":\"Lethiguel\",\"isPartOf\":{\"@id\":\"https:\\\/\\\/lethiguel.com\\\/es\\\/#website\"},\"datePublished\":\"2020-08-03T08:24:45+00:00\",\"dateModified\":\"2022-02-15T08:09:14+00:00\",\"description\":\"\u00a1Compartiremos nuestras \u00faltimas noticias con frecuencia sobre nuestras exposiciones, actualizaciones de la compa\u00f1\u00eda, nuestras innovaciones y mucho m\u00e1s! \u00a1Consulta para m\u00e1s detalles!\",\"breadcrumb\":{\"@id\":\"https:\\\/\\\/lethiguel.com\\\/es\\\/noticias.html#breadcrumb\"},\"inLanguage\":\"es\",\"potentialAction\":[{\"@type\":\"ReadAction\",\"target\":[\"https:\\\/\\\/lethiguel.com\\\/es\\\/noticias.html\"]}]},{\"@type\":\"BreadcrumbList\",\"@id\":\"https:\\\/\\\/lethiguel.com\\\/es\\\/noticias.html#breadcrumb\",\"itemListElement\":[{\"@type\":\"ListItem\",\"position\":1,\"name\":\"Accueil\",\"item\":\"https:\\\/\\\/lethiguel.com\\\/es\\\/\"},{\"@type\":\"ListItem\",\"position\":2,\"name\":\"Noticias\"}]},{\"@type\":\"WebSite\",\"@id\":\"https:\\\/\\\/lethiguel.com\\\/es\\\/#website\",\"url\":\"https:\\\/\\\/lethiguel.com\\\/es\\\/\",\"name\":\"Lethiguel Espa\u00f1ol\",\"description\":\"Heating and cooling solutions\",\"potentialAction\":[{\"@type\":\"SearchAction\",\"target\":{\"@type\":\"EntryPoint\",\"urlTemplate\":\"https:\\\/\\\/lethiguel.com\\\/es\\\/?s={search_term_string}\"},\"query-input\":{\"@type\":\"PropertyValueSpecification\",\"valueRequired\":true,\"valueName\":\"search_term_string\"}}],\"inLanguage\":\"es\"}]}<\/script>\n<!-- \/ Yoast SEO plugin. -->","yoast_head_json":{"title":"Lethiguel","description":"\u00a1Compartiremos nuestras \u00faltimas noticias con frecuencia sobre nuestras exposiciones, actualizaciones de la compa\u00f1\u00eda, nuestras innovaciones y mucho m\u00e1s! \u00a1Consulta para m\u00e1s detalles!","robots":{"index":"index","follow":"follow","max-snippet":"max-snippet:-1","max-image-preview":"max-image-preview:large","max-video-preview":"max-video-preview:-1"},"canonical":"https:\/\/lethiguel.com\/es\/noticias.html","og_locale":"es_ES","og_type":"article","og_title":"Lethiguel","og_description":"\u00a1Compartiremos nuestras \u00faltimas noticias con frecuencia sobre nuestras exposiciones, actualizaciones de la compa\u00f1\u00eda, nuestras innovaciones y mucho m\u00e1s! \u00a1Consulta para m\u00e1s detalles!","og_url":"https:\/\/lethiguel.com\/es\/noticias.html","og_site_name":"Lethiguel Espa\u00f1ol","article_modified_time":"2022-02-15T08:09:14+00:00","twitter_card":"summary_large_image","schema":{"@context":"https:\/\/schema.org","@graph":[{"@type":"WebPage","@id":"https:\/\/lethiguel.com\/es\/noticias.html","url":"https:\/\/lethiguel.com\/es\/noticias.html","name":"Lethiguel","isPartOf":{"@id":"https:\/\/lethiguel.com\/es\/#website"},"datePublished":"2020-08-03T08:24:45+00:00","dateModified":"2022-02-15T08:09:14+00:00","description":"\u00a1Compartiremos nuestras \u00faltimas noticias con frecuencia sobre nuestras exposiciones, actualizaciones de la compa\u00f1\u00eda, nuestras innovaciones y mucho m\u00e1s! \u00a1Consulta para m\u00e1s detalles!","breadcrumb":{"@id":"https:\/\/lethiguel.com\/es\/noticias.html#breadcrumb"},"inLanguage":"es","potentialAction":[{"@type":"ReadAction","target":["https:\/\/lethiguel.com\/es\/noticias.html"]}]},{"@type":"BreadcrumbList","@id":"https:\/\/lethiguel.com\/es\/noticias.html#breadcrumb","itemListElement":[{"@type":"ListItem","position":1,"name":"Accueil","item":"https:\/\/lethiguel.com\/es\/"},{"@type":"ListItem","position":2,"name":"Noticias"}]},{"@type":"WebSite","@id":"https:\/\/lethiguel.com\/es\/#website","url":"https:\/\/lethiguel.com\/es\/","name":"Lethiguel Espa\u00f1ol","description":"Heating and cooling solutions","potentialAction":[{"@type":"SearchAction","target":{"@type":"EntryPoint","urlTemplate":"https:\/\/lethiguel.com\/es\/?s={search_term_string}"},"query-input":{"@type":"PropertyValueSpecification","valueRequired":true,"valueName":"search_term_string"}}],"inLanguage":"es"}]}},"_links":{"self":[{"href":"https:\/\/lethiguel.com\/es\/wp-json\/wp\/v2\/pages\/1787","targetHints":{"allow":["GET"]}}],"collection":[{"href":"https:\/\/lethiguel.com\/es\/wp-json\/wp\/v2\/pages"}],"about":[{"href":"https:\/\/lethiguel.com\/es\/wp-json\/wp\/v2\/types\/page"}],"author":[{"embeddable":true,"href":"https:\/\/lethiguel.com\/es\/wp-json\/wp\/v2\/users\/2"}],"replies":[{"embeddable":true,"href":"https:\/\/lethiguel.com\/es\/wp-json\/wp\/v2\/comments?post=1787"}],"version-history":[{"count":3,"href":"https:\/\/lethiguel.com\/es\/wp-json\/wp\/v2\/pages\/1787\/revisions"}],"predecessor-version":[{"id":1905,"href":"https:\/\/lethiguel.com\/es\/wp-json\/wp\/v2\/pages\/1787\/revisions\/1905"}],"wp:attachment":[{"href":"https:\/\/lethiguel.com\/es\/wp-json\/wp\/v2\/media?parent=1787"}],"curies":[{"name":"wp","href":"https:\/\/api.w.org\/{rel}","templated":true}]}}