{"id":180,"date":"2019-06-19T12:18:38","date_gmt":"2019-06-19T10:18:38","guid":{"rendered":"https:\/\/lethiguel.com\/es\/?page_id=180"},"modified":"2020-07-31T13:40:15","modified_gmt":"2020-07-31T11:40:15","slug":"spotcool-evolution","status":"publish","type":"page","link":"https:\/\/lethiguel.com\/es\/spotcool-evolution.html","title":{"rendered":"Sistema de refrigeraci\u00f3n SpotCool Evolution"},"content":{"rendered":"<section class=\"wpb-content-wrapper\"><p>[vc_row type=\u00bbvc_default\u00bb content_placement=\u00bbmiddle\u00bb el_class=\u00bbbloc-article\u00bb][vc_column width=\u00bb1\/3&#8243; el_class=\u00bbtexteblanc bloc-text-bloc-article\u00bb][vc_single_image image=\u00bb1319&#8243; img_size=\u00bbfull\u00bb][vc_column_text css=\u00bb.vc_custom_1576166383998{padding-top: 20px !important;padding-right: 20px !important;padding-bottom: 20px !important;padding-left: 20px !important;background-color: #313131 !important;}\u00bb]<\/p>\n<h3 class=\"avantages\">Ventajas de la soluci\u00f3n de refrigeraci\u00f3n SpotCool Evolution:<\/h3>\n<ul>\n<li>4 circuitos<\/li>\n<li>48L\/min<\/li>\n<li>32 pernos de n\u00facleo<\/li>\n<li>Tama\u00f1o de pantalla 9\u2033<\/li>\n<li>15 Puntos de medici\u00f3n<\/li>\n<\/ul>\n<p>[\/vc_column_text][vc_column_text css=\u00bb.vc_custom_1576166353469{margin-top: -40px !important;padding-top: 20px !important;padding-right: 20px !important;padding-bottom: 20px !important;padding-left: 20px !important;background-color: #009fe3 !important;}\u00bb]SpotCool Evolution es la respuesta de Lethiguel a las \u00faltimas transformaciones del mercado y de la tecnolog\u00eda para las <strong class=\"d2b\">soluciones t\u00e9rmicas de la industria de la fundici\u00f3n a presi\u00f3n<\/strong>. Esta m\u00e1quina integra la esencia misma de la innovaci\u00f3n en la <strong class=\"d2b\">comunicaci\u00f3n M2M<\/strong> (m\u00e1quina a m\u00e1quina), con transmisi\u00f3n de datos DCM de ocho puntos de medici\u00f3n, incluyendo caudal y presi\u00f3n para cada circuito, presi\u00f3n de entrada del aire de suministro y de la bomba HP, conductividad del agua, presi\u00f3n de entrada y salida del filtro. A trav\u00e9s de un profundo an\u00e1lisis e investigaci\u00f3n, la transformaci\u00f3n de la SpotCool Evolution en una m\u00e1quina revolucionaria para la gesti\u00f3n de la productividad y el equilibrio de la calidad de los\u00a0<strong class=\"d2b\">sistemas de refrigeraci\u00f3n de la industria de la fundici\u00f3n a presi\u00f3n<\/strong>.<\/p>\n<p><span class=\"fort\">SpotCool Evolution: \u00a1El revolucionario!<\/span>[\/vc_column_text][\/vc_column][vc_column width=\u00bb2\/3&#8243; animation=\u00bbfadeInRight\u00bb el_class=\u00bbbloc-img-bloc-article\u00bb][vc_single_image image=\u00bb1611&#8243; img_size=\u00bbfull\u00bb alignment=\u00bbcenter\u00bb css=\u00bb.vc_custom_1593433845816{margin-top: 40px !important;}\u00bb][\/vc_column][\/vc_row][vc_row][vc_column animation=\u00bbfadeInLeft\u00bb][vc_single_image image=\u00bb1379&#8243; img_size=\u00bbfull\u00bb alignment=\u00bbcenter\u00bb][\/vc_column][\/vc_row][vc_row type=\u00bbvc_default\u00bb gap=\u00bb10&#8243; css=\u00bb.vc_custom_1560947205923{margin-top: 30px !important;}\u00bb][vc_column width=\u00bb1\/2&#8243; animation=\u00bbfadeInLeft\u00bb el_class=\u00bbsimilar\u00bb][vc_column_text]<\/p>\n<h3>Productos similares<\/h3>\n<p>[\/vc_column_text][vc_separator color=\u00bbcustom\u00bb accent_color=\u00bb#474747&#8243; css=\u00bb.vc_custom_1560947192642{margin-top: -15px !important;}\u00bb][\/vc_column][vc_column width=\u00bb1\/2&#8243; animation=\u00bbfadeInRight\u00bb el_class=\u00bbaccess\u00bb][vc_column_text]<\/p>\n<h3>Accesorios<\/h3>\n<p>[\/vc_column_text][vc_separator color=\u00bbcustom\u00bb accent_color=\u00bb#474747&#8243; css=\u00bb.vc_custom_1560947199074{margin-top: -15px !important;}\u00bb][\/vc_column][\/vc_row][vc_row][vc_column][vc_btn title=\u00bbCont\u00e1ctenos\u00bb style=\u00bbcustom\u00bb custom_background=\u00bb#009fe3&#8243; custom_text=\u00bb#ffffff\u00bb size=\u00bblg\u00bb align=\u00bbcenter\u00bb link=\u00bburl:https%3A%2F%2Flethiguel.com\/es%2Fcontact.html|title:Contact||\u00bb][\/vc_column][\/vc_row]<\/p>\n<\/section>","protected":false},"excerpt":{"rendered":"<p>[vc_row type=\u00bbvc_default\u00bb content_placement=\u00bbmiddle\u00bb el_class=\u00bbbloc-article\u00bb][vc_column width=\u00bb1\/3&#8243; el_class=\u00bbtexteblanc bloc-text-bloc-article\u00bb][vc_single_image image=\u00bb1319&#8243; img_size=\u00bbfull\u00bb][vc_column_text css=\u00bb.vc_custom_1576166383998{padding-top: 20px !important;padding-right: 20px !important;padding-bottom: 20px !important;padding-left: 20px !important;background-color: #313131 !important;}\u00bb] Ventajas de la soluci\u00f3n de refrigeraci\u00f3n SpotCool Evolution: 4 circuitos 48L\/min 32 pernos de n\u00facleo Tama\u00f1o de pantalla 9\u2033 15 Puntos de medici\u00f3n [\/vc_column_text][vc_column_text css=\u00bb.vc_custom_1576166353469{margin-top: -40px !important;padding-top: 20px !important;padding-right: 20px !important;padding-bottom: 20px !important;padding-left: 20px !important;background-color:&hellip;<\/p>\n","protected":false},"author":1,"featured_media":0,"parent":0,"menu_order":0,"comment_status":"closed","ping_status":"closed","template":"","meta":{"footnotes":""},"class_list":["post-180","page","type-page","status-publish","hentry","description-off"],"yoast_head":"<!-- This site is optimized with the Yoast SEO plugin v27.4 - https:\/\/yoast.com\/product\/yoast-seo-wordpress\/ -->\n<title>Lethiguel<\/title>\n<meta name=\"description\" content=\"Lethiguel fabrica soluciones de enfriamiento para la industria de fundiciones y fundici\u00f3n a presi\u00f3n. Cont\u00e1ctenos para una cotizaci\u00f3n.\" \/>\n<meta name=\"robots\" content=\"index, follow, max-snippet:-1, max-image-preview:large, max-video-preview:-1\" \/>\n<link rel=\"canonical\" href=\"https:\/\/lethiguel.com\/es\/spotcool-evolution.html\" \/>\n<meta property=\"og:locale\" content=\"es_ES\" \/>\n<meta property=\"og:type\" content=\"article\" \/>\n<meta property=\"og:title\" content=\"Lethiguel\" \/>\n<meta property=\"og:description\" content=\"Lethiguel fabrica soluciones de enfriamiento para la industria de fundiciones y fundici\u00f3n a presi\u00f3n. Cont\u00e1ctenos para una cotizaci\u00f3n.\" \/>\n<meta property=\"og:url\" content=\"https:\/\/lethiguel.com\/es\/spotcool-evolution.html\" \/>\n<meta property=\"og:site_name\" content=\"Lethiguel Espa\u00f1ol\" \/>\n<meta property=\"article:modified_time\" content=\"2020-07-31T11:40:15+00:00\" \/>\n<meta name=\"twitter:card\" content=\"summary_large_image\" \/>\n<meta name=\"twitter:label1\" content=\"Tiempo de lectura\" \/>\n\t<meta name=\"twitter:data1\" content=\"6 minutos\" \/>\n<script type=\"application\/ld+json\" class=\"yoast-schema-graph\">{\"@context\":\"https:\\\/\\\/schema.org\",\"@graph\":[{\"@type\":\"WebPage\",\"@id\":\"https:\\\/\\\/lethiguel.com\\\/es\\\/spotcool-evolution.html\",\"url\":\"https:\\\/\\\/lethiguel.com\\\/es\\\/spotcool-evolution.html\",\"name\":\"Lethiguel\",\"isPartOf\":{\"@id\":\"https:\\\/\\\/lethiguel.com\\\/es\\\/#website\"},\"datePublished\":\"2019-06-19T10:18:38+00:00\",\"dateModified\":\"2020-07-31T11:40:15+00:00\",\"description\":\"Lethiguel fabrica soluciones de enfriamiento para la industria de fundiciones y fundici\u00f3n a presi\u00f3n. Cont\u00e1ctenos para una cotizaci\u00f3n.\",\"breadcrumb\":{\"@id\":\"https:\\\/\\\/lethiguel.com\\\/es\\\/spotcool-evolution.html#breadcrumb\"},\"inLanguage\":\"es\",\"potentialAction\":[{\"@type\":\"ReadAction\",\"target\":[\"https:\\\/\\\/lethiguel.com\\\/es\\\/spotcool-evolution.html\"]}]},{\"@type\":\"BreadcrumbList\",\"@id\":\"https:\\\/\\\/lethiguel.com\\\/es\\\/spotcool-evolution.html#breadcrumb\",\"itemListElement\":[{\"@type\":\"ListItem\",\"position\":1,\"name\":\"Accueil\",\"item\":\"https:\\\/\\\/lethiguel.com\\\/es\\\/\"},{\"@type\":\"ListItem\",\"position\":2,\"name\":\"Sistema de refrigeraci\u00f3n SpotCool Evolution\"}]},{\"@type\":\"WebSite\",\"@id\":\"https:\\\/\\\/lethiguel.com\\\/es\\\/#website\",\"url\":\"https:\\\/\\\/lethiguel.com\\\/es\\\/\",\"name\":\"Lethiguel Espa\u00f1ol\",\"description\":\"Heating and cooling solutions\",\"potentialAction\":[{\"@type\":\"SearchAction\",\"target\":{\"@type\":\"EntryPoint\",\"urlTemplate\":\"https:\\\/\\\/lethiguel.com\\\/es\\\/?s={search_term_string}\"},\"query-input\":{\"@type\":\"PropertyValueSpecification\",\"valueRequired\":true,\"valueName\":\"search_term_string\"}}],\"inLanguage\":\"es\"}]}<\/script>\n<!-- \/ Yoast SEO plugin. -->","yoast_head_json":{"title":"Lethiguel","description":"Lethiguel fabrica soluciones de enfriamiento para la industria de fundiciones y fundici\u00f3n a presi\u00f3n. Cont\u00e1ctenos para una cotizaci\u00f3n.","robots":{"index":"index","follow":"follow","max-snippet":"max-snippet:-1","max-image-preview":"max-image-preview:large","max-video-preview":"max-video-preview:-1"},"canonical":"https:\/\/lethiguel.com\/es\/spotcool-evolution.html","og_locale":"es_ES","og_type":"article","og_title":"Lethiguel","og_description":"Lethiguel fabrica soluciones de enfriamiento para la industria de fundiciones y fundici\u00f3n a presi\u00f3n. Cont\u00e1ctenos para una cotizaci\u00f3n.","og_url":"https:\/\/lethiguel.com\/es\/spotcool-evolution.html","og_site_name":"Lethiguel Espa\u00f1ol","article_modified_time":"2020-07-31T11:40:15+00:00","twitter_card":"summary_large_image","twitter_misc":{"Tiempo de lectura":"6 minutos"},"schema":{"@context":"https:\/\/schema.org","@graph":[{"@type":"WebPage","@id":"https:\/\/lethiguel.com\/es\/spotcool-evolution.html","url":"https:\/\/lethiguel.com\/es\/spotcool-evolution.html","name":"Lethiguel","isPartOf":{"@id":"https:\/\/lethiguel.com\/es\/#website"},"datePublished":"2019-06-19T10:18:38+00:00","dateModified":"2020-07-31T11:40:15+00:00","description":"Lethiguel fabrica soluciones de enfriamiento para la industria de fundiciones y fundici\u00f3n a presi\u00f3n. Cont\u00e1ctenos para una cotizaci\u00f3n.","breadcrumb":{"@id":"https:\/\/lethiguel.com\/es\/spotcool-evolution.html#breadcrumb"},"inLanguage":"es","potentialAction":[{"@type":"ReadAction","target":["https:\/\/lethiguel.com\/es\/spotcool-evolution.html"]}]},{"@type":"BreadcrumbList","@id":"https:\/\/lethiguel.com\/es\/spotcool-evolution.html#breadcrumb","itemListElement":[{"@type":"ListItem","position":1,"name":"Accueil","item":"https:\/\/lethiguel.com\/es\/"},{"@type":"ListItem","position":2,"name":"Sistema de refrigeraci\u00f3n SpotCool Evolution"}]},{"@type":"WebSite","@id":"https:\/\/lethiguel.com\/es\/#website","url":"https:\/\/lethiguel.com\/es\/","name":"Lethiguel Espa\u00f1ol","description":"Heating and cooling solutions","potentialAction":[{"@type":"SearchAction","target":{"@type":"EntryPoint","urlTemplate":"https:\/\/lethiguel.com\/es\/?s={search_term_string}"},"query-input":{"@type":"PropertyValueSpecification","valueRequired":true,"valueName":"search_term_string"}}],"inLanguage":"es"}]}},"_links":{"self":[{"href":"https:\/\/lethiguel.com\/es\/wp-json\/wp\/v2\/pages\/180","targetHints":{"allow":["GET"]}}],"collection":[{"href":"https:\/\/lethiguel.com\/es\/wp-json\/wp\/v2\/pages"}],"about":[{"href":"https:\/\/lethiguel.com\/es\/wp-json\/wp\/v2\/types\/page"}],"author":[{"embeddable":true,"href":"https:\/\/lethiguel.com\/es\/wp-json\/wp\/v2\/users\/1"}],"replies":[{"embeddable":true,"href":"https:\/\/lethiguel.com\/es\/wp-json\/wp\/v2\/comments?post=180"}],"version-history":[{"count":43,"href":"https:\/\/lethiguel.com\/es\/wp-json\/wp\/v2\/pages\/180\/revisions"}],"predecessor-version":[{"id":1741,"href":"https:\/\/lethiguel.com\/es\/wp-json\/wp\/v2\/pages\/180\/revisions\/1741"}],"wp:attachment":[{"href":"https:\/\/lethiguel.com\/es\/wp-json\/wp\/v2\/media?parent=180"}],"curies":[{"name":"wp","href":"https:\/\/api.w.org\/{rel}","templated":true}]}}