{"id":1874,"date":"2021-12-17T14:05:10","date_gmt":"2021-12-17T13:05:10","guid":{"rendered":"https:\/\/lethiguel.com\/es\/?page_id=1874"},"modified":"2023-11-10T14:48:52","modified_gmt":"2023-11-10T13:48:52","slug":"nuestra-presencia-mundial","status":"publish","type":"page","link":"https:\/\/lethiguel.com\/es\/nuestra-presencia-mundial.html","title":{"rendered":"Nuestra presencia mundial"},"content":{"rendered":"<section class=\"wpb-content-wrapper\"><p>[vc_row][vc_column][vc_column_text]<div class=\"map_wrapper\" id=\"map_wrapper_1877\">\n<div class=\"map_box\" style=\"max-width:2000px\">\n<div class=\"map_aspect_ratio\" style=\"padding-top:56%\" data-padding-top=\"56%\" data-padding-top-mobile=\"0%\">\n<div class=\"map_container\">\n<div class=\"map_render map_loading\" id=\"map_1877\"><\/div>\n<\/div>\n<\/div>\n<\/div>\n<\/div>[\/vc_column_text][\/vc_column][\/vc_row][vc_row][vc_column width=\u00bb1\/3&#8243;][vc_column_text]<\/p>\n<h4>Am\u00e9rica<\/h4>\n<p>Estados Unidos: <a href=\"https:\/\/midlandtechnologies.com\">Midland Technologies, Inc<\/a> (Filial)<\/p>\n<p>M\u00e9xico: Lethiguel Mexico (Filial)[\/vc_column_text][vc_column_text]<\/p>\n<h4>Am\u00e9rica del Sur<\/h4>\n<p>Argentina: Eliseo Wiurnos (Representante)[\/vc_column_text][\/vc_column][vc_column width=\u00bb1\/3&#8243;][vc_column_text]<\/p>\n<h4>Europa<\/h4>\n<p>Francia: Lethiguel SAS (Sede central)<\/p>\n<p>Alemania: Lethiguel GmbH (Filial)<\/p>\n<p>Rep\u00fablica Checa: <a href=\"http:\/\/www.sebestasro.cz\/cz\/\" target=\"_blank\" rel=\"noopener noreferrer\">Sebesta<\/a> (Representante)<\/p>\n<p>Hungr\u00eda: <a href=\"https:\/\/www.practilub.hu\/en\/\" target=\"_blank\" rel=\"noopener noreferrer\">Practilub<\/a> (Representante)<\/p>\n<p>Ruman\u00eda: <a href=\"https:\/\/vgadiecastsolutions.com\/en\/\" target=\"_blank\" rel=\"noopener noreferrer\">VGA<\/a> (Representante)<\/p>\n<p>Portugal y Espa\u00f1a: <a href=\"https:\/\/coniex.pt\/pt\" target=\"_blank\" rel=\"noopener noreferrer\">Coniex<\/a> (Representante)<\/p>\n<p>Turqu\u00eda: <a href=\"http:\/\/www.ascast.com.tr\/\">ASCAST<\/a> (Representante)[\/vc_column_text][vc_column_text]<\/p>\n<h4>Inglaterra<\/h4>\n<p>Reino Unido: <a href=\"https:\/\/www.ramsell-naber.co.uk\/\" target=\"_blank\" rel=\"noopener noreferrer\">Ramsell Naber<\/a> (Representante)[\/vc_column_text][vc_column_text]<\/p>\n<h4>\u00c1frica<\/h4>\n<p>Sud\u00e1frica: <a href=\"https:\/\/www.gnventerprises.com\" target=\"_blank\" rel=\"noopener noreferrer\">GNV Enterprise<\/a> (Representante)[\/vc_column_text][\/vc_column][vc_column width=\u00bb1\/3&#8243;][vc_column_text]<\/p>\n<h4>Asia<\/h4>\n<p>China: <a href=\"http:\/\/www.willize.cn\/\" target=\"_blank\" rel=\"noopener noreferrer\">Willize Shanghai<\/a> (Alianza estrat\u00e9gica)<\/p>\n<p>Corea del Sur: <a href=\"http:\/\/www.kkamco.com\/\" target=\"_blank\" rel=\"noopener noreferrer\">Kamco<\/a> (Representante)<\/p>\n<p>Taiw\u00e1n: Ju Wei Technology (Representante)<\/p>\n<p>India: <a href=\"https:\/\/www.ultrasealindia.com\/index.php\" target=\"_blank\" rel=\"noopener noreferrer\">Ultraseal<\/a> (Representante)<\/p>\n<p>Indonesia: WICO (Representante)[\/vc_column_text][\/vc_column][\/vc_row]<\/p>\n<\/section>","protected":false},"excerpt":{"rendered":"<p>[vc_row][vc_column][vc_column_text][\/vc_column_text][\/vc_column][\/vc_row][vc_row][vc_column width=\u00bb1\/3&#8243;][vc_column_text] Am\u00e9rica Estados Unidos: Midland Technologies, Inc (Filial) M\u00e9xico: Lethiguel Mexico (Filial)[\/vc_column_text][vc_column_text] Am\u00e9rica del Sur Argentina: Eliseo Wiurnos (Representante)[\/vc_column_text][\/vc_column][vc_column width=\u00bb1\/3&#8243;][vc_column_text] Europa Francia: Lethiguel SAS (Sede central) Alemania: Lethiguel GmbH (Filial) Rep\u00fablica Checa: Sebesta (Representante) Hungr\u00eda: Practilub (Representante) Ruman\u00eda: VGA (Representante) Portugal y Espa\u00f1a: Coniex (Representante) Turqu\u00eda: ASCAST (Representante)[\/vc_column_text][vc_column_text] Inglaterra Reino Unido: Ramsell Naber (Representante)[\/vc_column_text][vc_column_text]&hellip;<\/p>\n","protected":false},"author":2,"featured_media":0,"parent":0,"menu_order":0,"comment_status":"closed","ping_status":"closed","template":"","meta":{"footnotes":""},"class_list":["post-1874","page","type-page","status-publish","hentry","description-off"],"yoast_head":"<!-- This site is optimized with the Yoast SEO plugin v27.4 - https:\/\/yoast.com\/product\/yoast-seo-wordpress\/ -->\n<title>Lethiguel<\/title>\n<meta name=\"robots\" content=\"index, follow, max-snippet:-1, max-image-preview:large, max-video-preview:-1\" \/>\n<link rel=\"canonical\" href=\"https:\/\/lethiguel.com\/es\/nuestra-presencia-mundial.html\" \/>\n<meta property=\"og:locale\" content=\"es_ES\" \/>\n<meta property=\"og:type\" content=\"article\" \/>\n<meta property=\"og:title\" content=\"Lethiguel\" \/>\n<meta property=\"og:description\" content=\"[vc_row][vc_column][vc_column_text][\/vc_column_text][\/vc_column][\/vc_row][vc_row][vc_column width=\u00bb1\/3&#8243;][vc_column_text] Am\u00e9rica Estados Unidos: Midland Technologies, Inc (Filial) M\u00e9xico: Lethiguel Mexico (Filial)[\/vc_column_text][vc_column_text] Am\u00e9rica del Sur Argentina: Eliseo Wiurnos (Representante)[\/vc_column_text][\/vc_column][vc_column width=\u00bb1\/3&#8243;][vc_column_text] Europa Francia: Lethiguel SAS (Sede central) Alemania: Lethiguel GmbH (Filial) Rep\u00fablica Checa: Sebesta (Representante) Hungr\u00eda: Practilub (Representante) Ruman\u00eda: VGA (Representante) Portugal y Espa\u00f1a: Coniex (Representante) Turqu\u00eda: ASCAST (Representante)[\/vc_column_text][vc_column_text] Inglaterra Reino Unido: Ramsell Naber (Representante)[\/vc_column_text][vc_column_text]&hellip;\" \/>\n<meta property=\"og:url\" content=\"https:\/\/lethiguel.com\/es\/nuestra-presencia-mundial.html\" \/>\n<meta property=\"og:site_name\" content=\"Lethiguel Espa\u00f1ol\" \/>\n<meta property=\"article:modified_time\" content=\"2023-11-10T13:48:52+00:00\" \/>\n<meta name=\"twitter:card\" content=\"summary_large_image\" \/>\n<meta name=\"twitter:label1\" content=\"Tiempo de lectura\" \/>\n\t<meta name=\"twitter:data1\" content=\"1 minuto\" \/>\n<script type=\"application\/ld+json\" class=\"yoast-schema-graph\">{\"@context\":\"https:\\\/\\\/schema.org\",\"@graph\":[{\"@type\":\"WebPage\",\"@id\":\"https:\\\/\\\/lethiguel.com\\\/es\\\/nuestra-presencia-mundial.html\",\"url\":\"https:\\\/\\\/lethiguel.com\\\/es\\\/nuestra-presencia-mundial.html\",\"name\":\"Lethiguel\",\"isPartOf\":{\"@id\":\"https:\\\/\\\/lethiguel.com\\\/es\\\/#website\"},\"datePublished\":\"2021-12-17T13:05:10+00:00\",\"dateModified\":\"2023-11-10T13:48:52+00:00\",\"breadcrumb\":{\"@id\":\"https:\\\/\\\/lethiguel.com\\\/es\\\/nuestra-presencia-mundial.html#breadcrumb\"},\"inLanguage\":\"es\",\"potentialAction\":[{\"@type\":\"ReadAction\",\"target\":[\"https:\\\/\\\/lethiguel.com\\\/es\\\/nuestra-presencia-mundial.html\"]}]},{\"@type\":\"BreadcrumbList\",\"@id\":\"https:\\\/\\\/lethiguel.com\\\/es\\\/nuestra-presencia-mundial.html#breadcrumb\",\"itemListElement\":[{\"@type\":\"ListItem\",\"position\":1,\"name\":\"Accueil\",\"item\":\"https:\\\/\\\/lethiguel.com\\\/es\\\/\"},{\"@type\":\"ListItem\",\"position\":2,\"name\":\"Nuestra presencia mundial\"}]},{\"@type\":\"WebSite\",\"@id\":\"https:\\\/\\\/lethiguel.com\\\/es\\\/#website\",\"url\":\"https:\\\/\\\/lethiguel.com\\\/es\\\/\",\"name\":\"Lethiguel Espa\u00f1ol\",\"description\":\"Heating and cooling solutions\",\"potentialAction\":[{\"@type\":\"SearchAction\",\"target\":{\"@type\":\"EntryPoint\",\"urlTemplate\":\"https:\\\/\\\/lethiguel.com\\\/es\\\/?s={search_term_string}\"},\"query-input\":{\"@type\":\"PropertyValueSpecification\",\"valueRequired\":true,\"valueName\":\"search_term_string\"}}],\"inLanguage\":\"es\"}]}<\/script>\n<!-- \/ Yoast SEO plugin. -->","yoast_head_json":{"title":"Lethiguel","robots":{"index":"index","follow":"follow","max-snippet":"max-snippet:-1","max-image-preview":"max-image-preview:large","max-video-preview":"max-video-preview:-1"},"canonical":"https:\/\/lethiguel.com\/es\/nuestra-presencia-mundial.html","og_locale":"es_ES","og_type":"article","og_title":"Lethiguel","og_description":"[vc_row][vc_column][vc_column_text][\/vc_column_text][\/vc_column][\/vc_row][vc_row][vc_column width=\u00bb1\/3&#8243;][vc_column_text] Am\u00e9rica Estados Unidos: Midland Technologies, Inc (Filial) M\u00e9xico: Lethiguel Mexico (Filial)[\/vc_column_text][vc_column_text] Am\u00e9rica del Sur Argentina: Eliseo Wiurnos (Representante)[\/vc_column_text][\/vc_column][vc_column width=\u00bb1\/3&#8243;][vc_column_text] Europa Francia: Lethiguel SAS (Sede central) Alemania: Lethiguel GmbH (Filial) Rep\u00fablica Checa: Sebesta (Representante) Hungr\u00eda: Practilub (Representante) Ruman\u00eda: VGA (Representante) Portugal y Espa\u00f1a: Coniex (Representante) Turqu\u00eda: ASCAST (Representante)[\/vc_column_text][vc_column_text] Inglaterra Reino Unido: Ramsell Naber (Representante)[\/vc_column_text][vc_column_text]&hellip;","og_url":"https:\/\/lethiguel.com\/es\/nuestra-presencia-mundial.html","og_site_name":"Lethiguel Espa\u00f1ol","article_modified_time":"2023-11-10T13:48:52+00:00","twitter_card":"summary_large_image","twitter_misc":{"Tiempo de lectura":"1 minuto"},"schema":{"@context":"https:\/\/schema.org","@graph":[{"@type":"WebPage","@id":"https:\/\/lethiguel.com\/es\/nuestra-presencia-mundial.html","url":"https:\/\/lethiguel.com\/es\/nuestra-presencia-mundial.html","name":"Lethiguel","isPartOf":{"@id":"https:\/\/lethiguel.com\/es\/#website"},"datePublished":"2021-12-17T13:05:10+00:00","dateModified":"2023-11-10T13:48:52+00:00","breadcrumb":{"@id":"https:\/\/lethiguel.com\/es\/nuestra-presencia-mundial.html#breadcrumb"},"inLanguage":"es","potentialAction":[{"@type":"ReadAction","target":["https:\/\/lethiguel.com\/es\/nuestra-presencia-mundial.html"]}]},{"@type":"BreadcrumbList","@id":"https:\/\/lethiguel.com\/es\/nuestra-presencia-mundial.html#breadcrumb","itemListElement":[{"@type":"ListItem","position":1,"name":"Accueil","item":"https:\/\/lethiguel.com\/es\/"},{"@type":"ListItem","position":2,"name":"Nuestra presencia mundial"}]},{"@type":"WebSite","@id":"https:\/\/lethiguel.com\/es\/#website","url":"https:\/\/lethiguel.com\/es\/","name":"Lethiguel Espa\u00f1ol","description":"Heating and cooling solutions","potentialAction":[{"@type":"SearchAction","target":{"@type":"EntryPoint","urlTemplate":"https:\/\/lethiguel.com\/es\/?s={search_term_string}"},"query-input":{"@type":"PropertyValueSpecification","valueRequired":true,"valueName":"search_term_string"}}],"inLanguage":"es"}]}},"_links":{"self":[{"href":"https:\/\/lethiguel.com\/es\/wp-json\/wp\/v2\/pages\/1874","targetHints":{"allow":["GET"]}}],"collection":[{"href":"https:\/\/lethiguel.com\/es\/wp-json\/wp\/v2\/pages"}],"about":[{"href":"https:\/\/lethiguel.com\/es\/wp-json\/wp\/v2\/types\/page"}],"author":[{"embeddable":true,"href":"https:\/\/lethiguel.com\/es\/wp-json\/wp\/v2\/users\/2"}],"replies":[{"embeddable":true,"href":"https:\/\/lethiguel.com\/es\/wp-json\/wp\/v2\/comments?post=1874"}],"version-history":[{"count":3,"href":"https:\/\/lethiguel.com\/es\/wp-json\/wp\/v2\/pages\/1874\/revisions"}],"predecessor-version":[{"id":1981,"href":"https:\/\/lethiguel.com\/es\/wp-json\/wp\/v2\/pages\/1874\/revisions\/1981"}],"wp:attachment":[{"href":"https:\/\/lethiguel.com\/es\/wp-json\/wp\/v2\/media?parent=1874"}],"curies":[{"name":"wp","href":"https:\/\/api.w.org\/{rel}","templated":true}]}}