{"id":200,"date":"2019-06-19T14:32:49","date_gmt":"2019-06-19T12:32:49","guid":{"rendered":"https:\/\/lethiguel.com\/es\/?page_id=200"},"modified":"2020-07-31T13:35:01","modified_gmt":"2020-07-31T11:35:01","slug":"spotcool-classic","status":"publish","type":"page","link":"https:\/\/lethiguel.com\/es\/spotcool-classic.html","title":{"rendered":"SpotCool Classic"},"content":{"rendered":"<section class=\"wpb-content-wrapper\"><p>[vc_row type=\u00bbvc_default\u00bb content_placement=\u00bbmiddle\u00bb el_class=\u00bbbloc-article\u00bb][vc_column width=\u00bb1\/3&#8243; el_class=\u00bbtexteblanc bloc-text-bloc-article\u00bb][vc_single_image image=\u00bb1307&#8243; img_size=\u00bbfull\u00bb][vc_column_text css=\u00bb.vc_custom_1576165965692{padding-top: 20px !important;padding-right: 20px !important;padding-bottom: 20px !important;padding-left: 20px !important;background-color: #313131 !important;}\u00bb]<\/p>\n<h3 class=\"avantages\">Ventajas de la soluci\u00f3n de enfriamiento SpotCool Classic:<\/h3>\n<ul>\n<li>4 circuitos<\/li>\n<li>30L\/min<\/li>\n<li>20 pernos de n\u00facleo<\/li>\n<li>Tama\u00f1o de pantalla 7\u2033<\/li>\n<li>3 puntos de medici\u00f3n<\/li>\n<\/ul>\n<p>[\/vc_column_text][vc_column_text css=\u00bb.vc_custom_1576166000094{margin-top: -40px !important;padding-top: 20px !important;padding-right: 20px !important;padding-bottom: 20px !important;padding-left: 20px !important;background-color: #009fe3 !important;}\u00bb]SpotCool Classic es la\u00a0<strong class=\"d2b\">soluci\u00f3n de refrigeraci\u00f3n<\/strong>\u00a0para la\u00a0<strong class=\"d2b\">industria de la fundici\u00f3n a presi\u00f3n<\/strong>, en t\u00e9rminos de experiencia de campo, con m\u00e1s de 10 a\u00f1os de experiencia y retroalimentaci\u00f3n del cliente. Es robusto, fiable y muy competitivo. Esta m\u00e1quina ofrece un nivel b\u00e1sico y eficiente de equipamiento, y es ideal para necesidades puntuales o espec\u00edficas dentro de 20 pines de n\u00facleo. Cuenta con nuestro famoso control de rotura de pivote, mide la presi\u00f3n de salida de la bomba HP y el T\u00b0 de agua, y es compatible con nuestra gama de accesorios.<\/p>\n<p><span class=\"fort\">SpotCool Classic el \u00edcone!<\/span>[\/vc_column_text][\/vc_column][vc_column width=\u00bb2\/3&#8243; animation=\u00bbfadeInRight\u00bb el_class=\u00bbbloc-img-bloc-article\u00bb][vc_single_image image=\u00bb1610&#8243; img_size=\u00bbfull\u00bb alignment=\u00bbcenter\u00bb css=\u00bb.vc_custom_1593433808455{margin-top: 40px !important;}\u00bb][\/vc_column][\/vc_row][vc_row][vc_column animation=\u00bbfadeInLeft\u00bb][vc_single_image image=\u00bb1379&#8243; img_size=\u00bbfull\u00bb][\/vc_column][\/vc_row][vc_row type=\u00bbvc_default\u00bb gap=\u00bb10&#8243; css=\u00bb.vc_custom_1560947205923{margin-top: 30px !important;}\u00bb][vc_column width=\u00bb1\/2&#8243; animation=\u00bbfadeInLeft\u00bb el_class=\u00bbsimilar\u00bb][vc_column_text]<\/p>\n<h3>Productos similares<\/h3>\n<p>[\/vc_column_text][vc_separator color=\u00bbcustom\u00bb accent_color=\u00bb#474747&#8243; css=\u00bb.vc_custom_1560947192642{margin-top: -15px !important;}\u00bb][\/vc_column][vc_column width=\u00bb1\/2&#8243; animation=\u00bbfadeInRight\u00bb el_class=\u00bbaccess\u00bb][vc_column_text]<\/p>\n<h3>Accesorios<\/h3>\n<p>[\/vc_column_text][vc_separator color=\u00bbcustom\u00bb accent_color=\u00bb#474747&#8243; css=\u00bb.vc_custom_1560947199074{margin-top: -15px !important;}\u00bb][\/vc_column][\/vc_row][vc_row][vc_column][vc_btn title=\u00bbCont\u00e1ctenos\u00bb style=\u00bbcustom\u00bb custom_background=\u00bb#009fe3&#8243; custom_text=\u00bb#ffffff\u00bb size=\u00bblg\u00bb align=\u00bbcenter\u00bb link=\u00bburl:https%3A%2F%2Flethiguel.com\/es%2Fcontact.html|title:Contact||\u00bb][\/vc_column][\/vc_row]<\/p>\n<\/section>","protected":false},"excerpt":{"rendered":"<p>[vc_row type=\u00bbvc_default\u00bb content_placement=\u00bbmiddle\u00bb el_class=\u00bbbloc-article\u00bb][vc_column width=\u00bb1\/3&#8243; el_class=\u00bbtexteblanc bloc-text-bloc-article\u00bb][vc_single_image image=\u00bb1307&#8243; img_size=\u00bbfull\u00bb][vc_column_text css=\u00bb.vc_custom_1576165965692{padding-top: 20px !important;padding-right: 20px !important;padding-bottom: 20px !important;padding-left: 20px !important;background-color: #313131 !important;}\u00bb] Ventajas de la soluci\u00f3n de enfriamiento SpotCool Classic: 4 circuitos 30L\/min 20 pernos de n\u00facleo Tama\u00f1o de pantalla 7\u2033 3 puntos de medici\u00f3n [\/vc_column_text][vc_column_text css=\u00bb.vc_custom_1576166000094{margin-top: -40px !important;padding-top: 20px !important;padding-right: 20px !important;padding-bottom: 20px !important;padding-left: 20px !important;background-color:&hellip;<\/p>\n","protected":false},"author":1,"featured_media":0,"parent":0,"menu_order":0,"comment_status":"closed","ping_status":"closed","template":"","meta":{"footnotes":""},"class_list":["post-200","page","type-page","status-publish","hentry","description-off"],"yoast_head":"<!-- This site is optimized with the Yoast SEO plugin v27.4 - https:\/\/yoast.com\/product\/yoast-seo-wordpress\/ -->\n<title>Lethiguel<\/title>\n<meta name=\"description\" content=\"Lethiguel fabrica sistemas de enfriamiento de fundici\u00f3n ; cont\u00e1ctenos para obtener detalles sobre la tecnolog\u00eda que se adaptar\u00e1 a sus necesidades.\" \/>\n<meta name=\"robots\" content=\"index, follow, max-snippet:-1, max-image-preview:large, max-video-preview:-1\" \/>\n<link rel=\"canonical\" href=\"https:\/\/lethiguel.com\/es\/spotcool-classic.html\" \/>\n<meta property=\"og:locale\" content=\"es_ES\" \/>\n<meta property=\"og:type\" content=\"article\" \/>\n<meta property=\"og:title\" content=\"Lethiguel\" \/>\n<meta property=\"og:description\" content=\"Lethiguel fabrica sistemas de enfriamiento de fundici\u00f3n ; cont\u00e1ctenos para obtener detalles sobre la tecnolog\u00eda que se adaptar\u00e1 a sus necesidades.\" \/>\n<meta property=\"og:url\" content=\"https:\/\/lethiguel.com\/es\/spotcool-classic.html\" \/>\n<meta property=\"og:site_name\" content=\"Lethiguel Espa\u00f1ol\" \/>\n<meta property=\"article:modified_time\" content=\"2020-07-31T11:35:01+00:00\" \/>\n<meta name=\"twitter:card\" content=\"summary_large_image\" \/>\n<meta name=\"twitter:label1\" content=\"Tiempo de lectura\" \/>\n\t<meta name=\"twitter:data1\" content=\"6 minutos\" \/>\n<script type=\"application\/ld+json\" class=\"yoast-schema-graph\">{\"@context\":\"https:\\\/\\\/schema.org\",\"@graph\":[{\"@type\":\"WebPage\",\"@id\":\"https:\\\/\\\/lethiguel.com\\\/es\\\/spotcool-classic.html\",\"url\":\"https:\\\/\\\/lethiguel.com\\\/es\\\/spotcool-classic.html\",\"name\":\"Lethiguel\",\"isPartOf\":{\"@id\":\"https:\\\/\\\/lethiguel.com\\\/es\\\/#website\"},\"datePublished\":\"2019-06-19T12:32:49+00:00\",\"dateModified\":\"2020-07-31T11:35:01+00:00\",\"description\":\"Lethiguel fabrica sistemas de enfriamiento de fundici\u00f3n ; cont\u00e1ctenos para obtener detalles sobre la tecnolog\u00eda que se adaptar\u00e1 a sus necesidades.\",\"breadcrumb\":{\"@id\":\"https:\\\/\\\/lethiguel.com\\\/es\\\/spotcool-classic.html#breadcrumb\"},\"inLanguage\":\"es\",\"potentialAction\":[{\"@type\":\"ReadAction\",\"target\":[\"https:\\\/\\\/lethiguel.com\\\/es\\\/spotcool-classic.html\"]}]},{\"@type\":\"BreadcrumbList\",\"@id\":\"https:\\\/\\\/lethiguel.com\\\/es\\\/spotcool-classic.html#breadcrumb\",\"itemListElement\":[{\"@type\":\"ListItem\",\"position\":1,\"name\":\"Accueil\",\"item\":\"https:\\\/\\\/lethiguel.com\\\/es\\\/\"},{\"@type\":\"ListItem\",\"position\":2,\"name\":\"SpotCool Classic\"}]},{\"@type\":\"WebSite\",\"@id\":\"https:\\\/\\\/lethiguel.com\\\/es\\\/#website\",\"url\":\"https:\\\/\\\/lethiguel.com\\\/es\\\/\",\"name\":\"Lethiguel Espa\u00f1ol\",\"description\":\"Heating and cooling solutions\",\"potentialAction\":[{\"@type\":\"SearchAction\",\"target\":{\"@type\":\"EntryPoint\",\"urlTemplate\":\"https:\\\/\\\/lethiguel.com\\\/es\\\/?s={search_term_string}\"},\"query-input\":{\"@type\":\"PropertyValueSpecification\",\"valueRequired\":true,\"valueName\":\"search_term_string\"}}],\"inLanguage\":\"es\"}]}<\/script>\n<!-- \/ Yoast SEO plugin. -->","yoast_head_json":{"title":"Lethiguel","description":"Lethiguel fabrica sistemas de enfriamiento de fundici\u00f3n ; cont\u00e1ctenos para obtener detalles sobre la tecnolog\u00eda que se adaptar\u00e1 a sus necesidades.","robots":{"index":"index","follow":"follow","max-snippet":"max-snippet:-1","max-image-preview":"max-image-preview:large","max-video-preview":"max-video-preview:-1"},"canonical":"https:\/\/lethiguel.com\/es\/spotcool-classic.html","og_locale":"es_ES","og_type":"article","og_title":"Lethiguel","og_description":"Lethiguel fabrica sistemas de enfriamiento de fundici\u00f3n ; cont\u00e1ctenos para obtener detalles sobre la tecnolog\u00eda que se adaptar\u00e1 a sus necesidades.","og_url":"https:\/\/lethiguel.com\/es\/spotcool-classic.html","og_site_name":"Lethiguel Espa\u00f1ol","article_modified_time":"2020-07-31T11:35:01+00:00","twitter_card":"summary_large_image","twitter_misc":{"Tiempo de lectura":"6 minutos"},"schema":{"@context":"https:\/\/schema.org","@graph":[{"@type":"WebPage","@id":"https:\/\/lethiguel.com\/es\/spotcool-classic.html","url":"https:\/\/lethiguel.com\/es\/spotcool-classic.html","name":"Lethiguel","isPartOf":{"@id":"https:\/\/lethiguel.com\/es\/#website"},"datePublished":"2019-06-19T12:32:49+00:00","dateModified":"2020-07-31T11:35:01+00:00","description":"Lethiguel fabrica sistemas de enfriamiento de fundici\u00f3n ; cont\u00e1ctenos para obtener detalles sobre la tecnolog\u00eda que se adaptar\u00e1 a sus necesidades.","breadcrumb":{"@id":"https:\/\/lethiguel.com\/es\/spotcool-classic.html#breadcrumb"},"inLanguage":"es","potentialAction":[{"@type":"ReadAction","target":["https:\/\/lethiguel.com\/es\/spotcool-classic.html"]}]},{"@type":"BreadcrumbList","@id":"https:\/\/lethiguel.com\/es\/spotcool-classic.html#breadcrumb","itemListElement":[{"@type":"ListItem","position":1,"name":"Accueil","item":"https:\/\/lethiguel.com\/es\/"},{"@type":"ListItem","position":2,"name":"SpotCool Classic"}]},{"@type":"WebSite","@id":"https:\/\/lethiguel.com\/es\/#website","url":"https:\/\/lethiguel.com\/es\/","name":"Lethiguel Espa\u00f1ol","description":"Heating and cooling solutions","potentialAction":[{"@type":"SearchAction","target":{"@type":"EntryPoint","urlTemplate":"https:\/\/lethiguel.com\/es\/?s={search_term_string}"},"query-input":{"@type":"PropertyValueSpecification","valueRequired":true,"valueName":"search_term_string"}}],"inLanguage":"es"}]}},"_links":{"self":[{"href":"https:\/\/lethiguel.com\/es\/wp-json\/wp\/v2\/pages\/200","targetHints":{"allow":["GET"]}}],"collection":[{"href":"https:\/\/lethiguel.com\/es\/wp-json\/wp\/v2\/pages"}],"about":[{"href":"https:\/\/lethiguel.com\/es\/wp-json\/wp\/v2\/types\/page"}],"author":[{"embeddable":true,"href":"https:\/\/lethiguel.com\/es\/wp-json\/wp\/v2\/users\/1"}],"replies":[{"embeddable":true,"href":"https:\/\/lethiguel.com\/es\/wp-json\/wp\/v2\/comments?post=200"}],"version-history":[{"count":47,"href":"https:\/\/lethiguel.com\/es\/wp-json\/wp\/v2\/pages\/200\/revisions"}],"predecessor-version":[{"id":1739,"href":"https:\/\/lethiguel.com\/es\/wp-json\/wp\/v2\/pages\/200\/revisions\/1739"}],"wp:attachment":[{"href":"https:\/\/lethiguel.com\/es\/wp-json\/wp\/v2\/media?parent=200"}],"curies":[{"name":"wp","href":"https:\/\/api.w.org\/{rel}","templated":true}]}}