{"id":225,"date":"2019-06-19T15:25:37","date_gmt":"2019-06-19T13:25:37","guid":{"rendered":"https:\/\/lethiguel.com\/es\/?page_id=225"},"modified":"2020-07-31T15:48:39","modified_gmt":"2020-07-31T13:48:39","slug":"spotcool-mini-water-check","status":"publish","type":"page","link":"https:\/\/lethiguel.com\/es\/spotcool-mini-water-check.html","title":{"rendered":"SpotCool Mini Water Check, control de ablandador de agua"},"content":{"rendered":"<section class=\"wpb-content-wrapper\"><p>[vc_row type=\u00bbvc_default\u00bb content_placement=\u00bbmiddle\u00bb el_class=\u00bbbloc-article\u00bb][vc_column width=\u00bb1\/3&#8243; el_class=\u00bbtexteblanc bloc-text-bloc-article\u00bb][vc_single_image image=\u00bb1328&#8243; img_size=\u00bbfull\u00bb][vc_column_text css=\u00bb.vc_custom_1576168557413{padding-top: 20px !important;padding-right: 20px !important;padding-bottom: 20px !important;padding-left: 20px !important;background-color: #313131 !important;}\u00bb]<\/p>\n<h3 class=\"avantages\">Caracter\u00edsticas de Mini Check Spotcool, conrtol de ablandador de agua:<\/h3>\n<ul>\n<li>Certificado CE<\/li>\n<li>Montado con bater\u00eda AAA<\/li>\n<li>Adecuado para todos los sensores de conductividad SpotCool<\/li>\n<li>Montado en el <strong class=\"d2b\">ablandador de agua SpotCool Water Softener<\/strong><\/li>\n<li>F\u00e1cil de comprobar con 3 LEDs de nivel<\/li>\n<\/ul>\n<p>[\/vc_column_text][vc_column_text css=\u00bb.vc_custom_1576168643648{margin-top: -40px !important;padding-top: 20px !important;padding-right: 20px !important;padding-bottom: 20px !important;padding-left: 20px !important;background-color: #009fe3 !important;}\u00bb]El dequipo SpotCool Mini Water Check es un <strong class=\"d2b\">dispositivo de medici\u00f3n<\/strong> fijo montado en el <strong class=\"d2b\">ablandador de agua<\/strong>. Gracias a su f\u00e1cil configuraci\u00f3n, muestra la calidad del agua suministrada por el <strong class=\"d2b\">Suavizador de Agua SpotCool<\/strong> a trav\u00e9s de un flash LED. No se necesita ninguna fuente de alimentaci\u00f3n, ya que las pilas AAA est\u00e1n integradas para una soluci\u00f3n m\u00e1s flexible.<\/p>\n<p><span class=\"fort\">Aseg\u00farese de que la SpotCool utilice siempre la mejor calidad de agua sin una sola operaci\u00f3n, s\u00f3lo tiene que echar un vistazo!<\/span>[\/vc_column_text][\/vc_column][vc_column width=\u00bb2\/3&#8243; animation=\u00bbfadeInRight\u00bb el_class=\u00bbbloc-img-bloc-article\u00bb][vc_single_image image=\u00bb1761&#8243; img_size=\u00bbfull\u00bb alignment=\u00bbcenter\u00bb][\/vc_column][\/vc_row][vc_row][vc_column][vc_btn title=\u00bbCont\u00e1ctenos\u00bb style=\u00bbcustom\u00bb custom_background=\u00bb#009fe3&#8243; custom_text=\u00bb#ffffff\u00bb size=\u00bblg\u00bb align=\u00bbcenter\u00bb link=\u00bburl:https%3A%2F%2Flethiguel.com\/es%2Fcontact.html|title:Contact||\u00bb][\/vc_column][\/vc_row]<\/p>\n<\/section>","protected":false},"excerpt":{"rendered":"<p>[vc_row type=\u00bbvc_default\u00bb content_placement=\u00bbmiddle\u00bb el_class=\u00bbbloc-article\u00bb][vc_column width=\u00bb1\/3&#8243; el_class=\u00bbtexteblanc bloc-text-bloc-article\u00bb][vc_single_image image=\u00bb1328&#8243; img_size=\u00bbfull\u00bb][vc_column_text css=\u00bb.vc_custom_1576168557413{padding-top: 20px !important;padding-right: 20px !important;padding-bottom: 20px !important;padding-left: 20px !important;background-color: #313131 !important;}\u00bb] Caracter\u00edsticas de Mini Check Spotcool, conrtol de ablandador de agua: Certificado CE Montado con bater\u00eda AAA Adecuado para todos los sensores de conductividad SpotCool Montado en el ablandador de agua SpotCool Water Softener F\u00e1cil de&hellip;<\/p>\n","protected":false},"author":1,"featured_media":0,"parent":0,"menu_order":0,"comment_status":"closed","ping_status":"closed","template":"","meta":{"footnotes":""},"class_list":["post-225","page","type-page","status-publish","hentry","description-off"],"yoast_head":"<!-- This site is optimized with the Yoast SEO plugin v27.4 - https:\/\/yoast.com\/product\/yoast-seo-wordpress\/ -->\n<title>Lethiguel<\/title>\n<meta name=\"description\" content=\"LETHIGUEL fabtrica dispositivos de control de agua para la industria de fundici\u00f3n de aluminio. Visite nuestro sitio para detalles sobre el Mini Water Check Spotcool.\" \/>\n<meta name=\"robots\" content=\"index, follow, max-snippet:-1, max-image-preview:large, max-video-preview:-1\" \/>\n<link rel=\"canonical\" href=\"https:\/\/lethiguel.com\/es\/spotcool-mini-water-check.html\" \/>\n<meta property=\"og:locale\" content=\"es_ES\" \/>\n<meta property=\"og:type\" content=\"article\" \/>\n<meta property=\"og:title\" content=\"Lethiguel\" \/>\n<meta property=\"og:description\" content=\"LETHIGUEL fabtrica dispositivos de control de agua para la industria de fundici\u00f3n de aluminio. Visite nuestro sitio para detalles sobre el Mini Water Check Spotcool.\" \/>\n<meta property=\"og:url\" content=\"https:\/\/lethiguel.com\/es\/spotcool-mini-water-check.html\" \/>\n<meta property=\"og:site_name\" content=\"Lethiguel Espa\u00f1ol\" \/>\n<meta property=\"article:modified_time\" content=\"2020-07-31T13:48:39+00:00\" \/>\n<meta name=\"twitter:card\" content=\"summary_large_image\" \/>\n<meta name=\"twitter:label1\" content=\"Tiempo de lectura\" \/>\n\t<meta name=\"twitter:data1\" content=\"1 minuto\" \/>\n<script type=\"application\/ld+json\" class=\"yoast-schema-graph\">{\"@context\":\"https:\\\/\\\/schema.org\",\"@graph\":[{\"@type\":\"WebPage\",\"@id\":\"https:\\\/\\\/lethiguel.com\\\/es\\\/spotcool-mini-water-check.html\",\"url\":\"https:\\\/\\\/lethiguel.com\\\/es\\\/spotcool-mini-water-check.html\",\"name\":\"Lethiguel\",\"isPartOf\":{\"@id\":\"https:\\\/\\\/lethiguel.com\\\/es\\\/#website\"},\"datePublished\":\"2019-06-19T13:25:37+00:00\",\"dateModified\":\"2020-07-31T13:48:39+00:00\",\"description\":\"LETHIGUEL fabtrica dispositivos de control de agua para la industria de fundici\u00f3n de aluminio. Visite nuestro sitio para detalles sobre el Mini Water Check Spotcool.\",\"breadcrumb\":{\"@id\":\"https:\\\/\\\/lethiguel.com\\\/es\\\/spotcool-mini-water-check.html#breadcrumb\"},\"inLanguage\":\"es\",\"potentialAction\":[{\"@type\":\"ReadAction\",\"target\":[\"https:\\\/\\\/lethiguel.com\\\/es\\\/spotcool-mini-water-check.html\"]}]},{\"@type\":\"BreadcrumbList\",\"@id\":\"https:\\\/\\\/lethiguel.com\\\/es\\\/spotcool-mini-water-check.html#breadcrumb\",\"itemListElement\":[{\"@type\":\"ListItem\",\"position\":1,\"name\":\"Accueil\",\"item\":\"https:\\\/\\\/lethiguel.com\\\/es\\\/\"},{\"@type\":\"ListItem\",\"position\":2,\"name\":\"SpotCool Mini Water Check, control de ablandador de agua\"}]},{\"@type\":\"WebSite\",\"@id\":\"https:\\\/\\\/lethiguel.com\\\/es\\\/#website\",\"url\":\"https:\\\/\\\/lethiguel.com\\\/es\\\/\",\"name\":\"Lethiguel Espa\u00f1ol\",\"description\":\"Heating and cooling solutions\",\"potentialAction\":[{\"@type\":\"SearchAction\",\"target\":{\"@type\":\"EntryPoint\",\"urlTemplate\":\"https:\\\/\\\/lethiguel.com\\\/es\\\/?s={search_term_string}\"},\"query-input\":{\"@type\":\"PropertyValueSpecification\",\"valueRequired\":true,\"valueName\":\"search_term_string\"}}],\"inLanguage\":\"es\"}]}<\/script>\n<!-- \/ Yoast SEO plugin. -->","yoast_head_json":{"title":"Lethiguel","description":"LETHIGUEL fabtrica dispositivos de control de agua para la industria de fundici\u00f3n de aluminio. Visite nuestro sitio para detalles sobre el Mini Water Check Spotcool.","robots":{"index":"index","follow":"follow","max-snippet":"max-snippet:-1","max-image-preview":"max-image-preview:large","max-video-preview":"max-video-preview:-1"},"canonical":"https:\/\/lethiguel.com\/es\/spotcool-mini-water-check.html","og_locale":"es_ES","og_type":"article","og_title":"Lethiguel","og_description":"LETHIGUEL fabtrica dispositivos de control de agua para la industria de fundici\u00f3n de aluminio. Visite nuestro sitio para detalles sobre el Mini Water Check Spotcool.","og_url":"https:\/\/lethiguel.com\/es\/spotcool-mini-water-check.html","og_site_name":"Lethiguel Espa\u00f1ol","article_modified_time":"2020-07-31T13:48:39+00:00","twitter_card":"summary_large_image","twitter_misc":{"Tiempo de lectura":"1 minuto"},"schema":{"@context":"https:\/\/schema.org","@graph":[{"@type":"WebPage","@id":"https:\/\/lethiguel.com\/es\/spotcool-mini-water-check.html","url":"https:\/\/lethiguel.com\/es\/spotcool-mini-water-check.html","name":"Lethiguel","isPartOf":{"@id":"https:\/\/lethiguel.com\/es\/#website"},"datePublished":"2019-06-19T13:25:37+00:00","dateModified":"2020-07-31T13:48:39+00:00","description":"LETHIGUEL fabtrica dispositivos de control de agua para la industria de fundici\u00f3n de aluminio. Visite nuestro sitio para detalles sobre el Mini Water Check Spotcool.","breadcrumb":{"@id":"https:\/\/lethiguel.com\/es\/spotcool-mini-water-check.html#breadcrumb"},"inLanguage":"es","potentialAction":[{"@type":"ReadAction","target":["https:\/\/lethiguel.com\/es\/spotcool-mini-water-check.html"]}]},{"@type":"BreadcrumbList","@id":"https:\/\/lethiguel.com\/es\/spotcool-mini-water-check.html#breadcrumb","itemListElement":[{"@type":"ListItem","position":1,"name":"Accueil","item":"https:\/\/lethiguel.com\/es\/"},{"@type":"ListItem","position":2,"name":"SpotCool Mini Water Check, control de ablandador de agua"}]},{"@type":"WebSite","@id":"https:\/\/lethiguel.com\/es\/#website","url":"https:\/\/lethiguel.com\/es\/","name":"Lethiguel Espa\u00f1ol","description":"Heating and cooling solutions","potentialAction":[{"@type":"SearchAction","target":{"@type":"EntryPoint","urlTemplate":"https:\/\/lethiguel.com\/es\/?s={search_term_string}"},"query-input":{"@type":"PropertyValueSpecification","valueRequired":true,"valueName":"search_term_string"}}],"inLanguage":"es"}]}},"_links":{"self":[{"href":"https:\/\/lethiguel.com\/es\/wp-json\/wp\/v2\/pages\/225","targetHints":{"allow":["GET"]}}],"collection":[{"href":"https:\/\/lethiguel.com\/es\/wp-json\/wp\/v2\/pages"}],"about":[{"href":"https:\/\/lethiguel.com\/es\/wp-json\/wp\/v2\/types\/page"}],"author":[{"embeddable":true,"href":"https:\/\/lethiguel.com\/es\/wp-json\/wp\/v2\/users\/1"}],"replies":[{"embeddable":true,"href":"https:\/\/lethiguel.com\/es\/wp-json\/wp\/v2\/comments?post=225"}],"version-history":[{"count":19,"href":"https:\/\/lethiguel.com\/es\/wp-json\/wp\/v2\/pages\/225\/revisions"}],"predecessor-version":[{"id":1762,"href":"https:\/\/lethiguel.com\/es\/wp-json\/wp\/v2\/pages\/225\/revisions\/1762"}],"wp:attachment":[{"href":"https:\/\/lethiguel.com\/es\/wp-json\/wp\/v2\/media?parent=225"}],"curies":[{"name":"wp","href":"https:\/\/api.w.org\/{rel}","templated":true}]}}