{"id":240,"date":"2019-06-19T15:48:50","date_gmt":"2019-06-19T13:48:50","guid":{"rendered":"https:\/\/lethiguel.com\/es\/?page_id=240"},"modified":"2019-12-13T15:04:07","modified_gmt":"2019-12-13T14:04:07","slug":"paquete-conexion-sistema-enfriamiento-spotcool","status":"publish","type":"page","link":"https:\/\/lethiguel.com\/es\/paquete-conexion-sistema-enfriamiento-spotcool.html","title":{"rendered":"Paquete de conexi\u00f3n"},"content":{"rendered":"<section class=\"wpb-content-wrapper\"><p>[vc_row type=\u00bbvc_default\u00bb el_class=\u00bbbloc-article\u00bb][vc_column width=\u00bb1\/3&#8243; el_class=\u00bbtexteblanc bloc-text-bloc-article\u00bb][vc_column_text css=\u00bb.vc_custom_1576150363737{padding-top: 20px !important;padding-right: 20px !important;padding-bottom: 20px !important;padding-left: 20px !important;background-color: #313131 !important;}\u00bb]<\/p>\n<h3 class=\"avantages\">Caracter\u00edsticas del paquete de conexi\u00f3n para la soluci\u00f3n de enfriamiento Spotcool:<\/h3>\n<ul>\n<li>Conectores r\u00e1pidos<\/li>\n<li>\u00d86 &#8211; \u00d88 &#8211; \u00d811<\/li>\n<\/ul>\n<p>[\/vc_column_text][vc_column_text css=\u00bb.vc_custom_1576150600442{margin-top: -40px !important;padding-top: 20px !important;padding-right: 20px !important;padding-bottom: 20px !important;padding-left: 20px !important;background-color: #009fe3 !important;}\u00bb]El <strong class=\"d2b\">paquete de conexiones<\/strong> es parte de la <strong class=\"d2b\">soluci\u00f3n de enfriamiento SpotCool<\/strong>. Se compone de conectores r\u00e1pidos para agua, aire y retorno.<\/p>\n<p><span class=\"fort\">Ref. SC-RP-CPM-WARE<\/span>[\/vc_column_text][\/vc_column][vc_column width=\u00bb2\/3&#8243; el_class=\u00bbbloc-img-bloc-article\u00bb][vc_single_image image=\u00bb1426&#8243; img_size=\u00bbfull\u00bb alignment=\u00bbcenter\u00bb][vc_single_image image=\u00bb1275&#8243; img_size=\u00bbfull\u00bb alignment=\u00bbcenter\u00bb][\/vc_column][\/vc_row][vc_row][vc_column][vc_btn title=\u00bbCont\u00e1ctenos\u00bb style=\u00bbcustom\u00bb custom_background=\u00bb#009fe3&#8243; custom_text=\u00bb#ffffff\u00bb size=\u00bblg\u00bb align=\u00bbcenter\u00bb link=\u00bburl:https%3A%2F%2Flethiguel.com\/es%2Fcontact.html|title:Contact||\u00bb][\/vc_column][\/vc_row]<\/p>\n<\/section>","protected":false},"excerpt":{"rendered":"<p>[vc_row type=\u00bbvc_default\u00bb el_class=\u00bbbloc-article\u00bb][vc_column width=\u00bb1\/3&#8243; el_class=\u00bbtexteblanc bloc-text-bloc-article\u00bb][vc_column_text css=\u00bb.vc_custom_1576150363737{padding-top: 20px !important;padding-right: 20px !important;padding-bottom: 20px !important;padding-left: 20px !important;background-color: #313131 !important;}\u00bb] Caracter\u00edsticas del paquete de conexi\u00f3n para la soluci\u00f3n de enfriamiento Spotcool: Conectores r\u00e1pidos \u00d86 &#8211; \u00d88 &#8211; \u00d811 [\/vc_column_text][vc_column_text css=\u00bb.vc_custom_1576150600442{margin-top: -40px !important;padding-top: 20px !important;padding-right: 20px !important;padding-bottom: 20px !important;padding-left: 20px !important;background-color: #009fe3 !important;}\u00bb]El paquete de conexiones es parte de&hellip;<\/p>\n","protected":false},"author":1,"featured_media":0,"parent":0,"menu_order":0,"comment_status":"closed","ping_status":"closed","template":"","meta":{"footnotes":""},"class_list":["post-240","page","type-page","status-publish","hentry","description-off"],"yoast_head":"<!-- This site is optimized with the Yoast SEO plugin v27.4 - https:\/\/yoast.com\/product\/yoast-seo-wordpress\/ -->\n<title>Lethiguel<\/title>\n<meta name=\"description\" content=\"LETHIGUEL fabrica sistemas de enfriamiento y paquete de conexi\u00f3n para despachador. Cont\u00e1ctenos para detalles sobre nuestros productos.\" \/>\n<meta name=\"robots\" content=\"index, follow, max-snippet:-1, max-image-preview:large, max-video-preview:-1\" \/>\n<link rel=\"canonical\" href=\"https:\/\/lethiguel.com\/es\/paquete-conexion-sistema-enfriamiento-spotcool.html\" \/>\n<meta property=\"og:locale\" content=\"es_ES\" \/>\n<meta property=\"og:type\" content=\"article\" \/>\n<meta property=\"og:title\" content=\"Lethiguel\" \/>\n<meta property=\"og:description\" content=\"LETHIGUEL fabrica sistemas de enfriamiento y paquete de conexi\u00f3n para despachador. Cont\u00e1ctenos para detalles sobre nuestros productos.\" \/>\n<meta property=\"og:url\" content=\"https:\/\/lethiguel.com\/es\/paquete-conexion-sistema-enfriamiento-spotcool.html\" \/>\n<meta property=\"og:site_name\" content=\"Lethiguel Espa\u00f1ol\" \/>\n<meta property=\"article:modified_time\" content=\"2019-12-13T14:04:07+00:00\" \/>\n<meta name=\"twitter:card\" content=\"summary_large_image\" \/>\n<meta name=\"twitter:label1\" content=\"Tiempo de lectura\" \/>\n\t<meta name=\"twitter:data1\" content=\"1 minuto\" \/>\n<script type=\"application\/ld+json\" class=\"yoast-schema-graph\">{\"@context\":\"https:\\\/\\\/schema.org\",\"@graph\":[{\"@type\":\"WebPage\",\"@id\":\"https:\\\/\\\/lethiguel.com\\\/es\\\/paquete-conexion-sistema-enfriamiento-spotcool.html\",\"url\":\"https:\\\/\\\/lethiguel.com\\\/es\\\/paquete-conexion-sistema-enfriamiento-spotcool.html\",\"name\":\"Lethiguel\",\"isPartOf\":{\"@id\":\"https:\\\/\\\/lethiguel.com\\\/es\\\/#website\"},\"datePublished\":\"2019-06-19T13:48:50+00:00\",\"dateModified\":\"2019-12-13T14:04:07+00:00\",\"description\":\"LETHIGUEL fabrica sistemas de enfriamiento y paquete de conexi\u00f3n para despachador. Cont\u00e1ctenos para detalles sobre nuestros productos.\",\"breadcrumb\":{\"@id\":\"https:\\\/\\\/lethiguel.com\\\/es\\\/paquete-conexion-sistema-enfriamiento-spotcool.html#breadcrumb\"},\"inLanguage\":\"es\",\"potentialAction\":[{\"@type\":\"ReadAction\",\"target\":[\"https:\\\/\\\/lethiguel.com\\\/es\\\/paquete-conexion-sistema-enfriamiento-spotcool.html\"]}]},{\"@type\":\"BreadcrumbList\",\"@id\":\"https:\\\/\\\/lethiguel.com\\\/es\\\/paquete-conexion-sistema-enfriamiento-spotcool.html#breadcrumb\",\"itemListElement\":[{\"@type\":\"ListItem\",\"position\":1,\"name\":\"Accueil\",\"item\":\"https:\\\/\\\/lethiguel.com\\\/es\\\/\"},{\"@type\":\"ListItem\",\"position\":2,\"name\":\"Paquete de conexi\u00f3n\"}]},{\"@type\":\"WebSite\",\"@id\":\"https:\\\/\\\/lethiguel.com\\\/es\\\/#website\",\"url\":\"https:\\\/\\\/lethiguel.com\\\/es\\\/\",\"name\":\"Lethiguel Espa\u00f1ol\",\"description\":\"Heating and cooling solutions\",\"potentialAction\":[{\"@type\":\"SearchAction\",\"target\":{\"@type\":\"EntryPoint\",\"urlTemplate\":\"https:\\\/\\\/lethiguel.com\\\/es\\\/?s={search_term_string}\"},\"query-input\":{\"@type\":\"PropertyValueSpecification\",\"valueRequired\":true,\"valueName\":\"search_term_string\"}}],\"inLanguage\":\"es\"}]}<\/script>\n<!-- \/ Yoast SEO plugin. -->","yoast_head_json":{"title":"Lethiguel","description":"LETHIGUEL fabrica sistemas de enfriamiento y paquete de conexi\u00f3n para despachador. Cont\u00e1ctenos para detalles sobre nuestros productos.","robots":{"index":"index","follow":"follow","max-snippet":"max-snippet:-1","max-image-preview":"max-image-preview:large","max-video-preview":"max-video-preview:-1"},"canonical":"https:\/\/lethiguel.com\/es\/paquete-conexion-sistema-enfriamiento-spotcool.html","og_locale":"es_ES","og_type":"article","og_title":"Lethiguel","og_description":"LETHIGUEL fabrica sistemas de enfriamiento y paquete de conexi\u00f3n para despachador. Cont\u00e1ctenos para detalles sobre nuestros productos.","og_url":"https:\/\/lethiguel.com\/es\/paquete-conexion-sistema-enfriamiento-spotcool.html","og_site_name":"Lethiguel Espa\u00f1ol","article_modified_time":"2019-12-13T14:04:07+00:00","twitter_card":"summary_large_image","twitter_misc":{"Tiempo de lectura":"1 minuto"},"schema":{"@context":"https:\/\/schema.org","@graph":[{"@type":"WebPage","@id":"https:\/\/lethiguel.com\/es\/paquete-conexion-sistema-enfriamiento-spotcool.html","url":"https:\/\/lethiguel.com\/es\/paquete-conexion-sistema-enfriamiento-spotcool.html","name":"Lethiguel","isPartOf":{"@id":"https:\/\/lethiguel.com\/es\/#website"},"datePublished":"2019-06-19T13:48:50+00:00","dateModified":"2019-12-13T14:04:07+00:00","description":"LETHIGUEL fabrica sistemas de enfriamiento y paquete de conexi\u00f3n para despachador. Cont\u00e1ctenos para detalles sobre nuestros productos.","breadcrumb":{"@id":"https:\/\/lethiguel.com\/es\/paquete-conexion-sistema-enfriamiento-spotcool.html#breadcrumb"},"inLanguage":"es","potentialAction":[{"@type":"ReadAction","target":["https:\/\/lethiguel.com\/es\/paquete-conexion-sistema-enfriamiento-spotcool.html"]}]},{"@type":"BreadcrumbList","@id":"https:\/\/lethiguel.com\/es\/paquete-conexion-sistema-enfriamiento-spotcool.html#breadcrumb","itemListElement":[{"@type":"ListItem","position":1,"name":"Accueil","item":"https:\/\/lethiguel.com\/es\/"},{"@type":"ListItem","position":2,"name":"Paquete de conexi\u00f3n"}]},{"@type":"WebSite","@id":"https:\/\/lethiguel.com\/es\/#website","url":"https:\/\/lethiguel.com\/es\/","name":"Lethiguel Espa\u00f1ol","description":"Heating and cooling solutions","potentialAction":[{"@type":"SearchAction","target":{"@type":"EntryPoint","urlTemplate":"https:\/\/lethiguel.com\/es\/?s={search_term_string}"},"query-input":{"@type":"PropertyValueSpecification","valueRequired":true,"valueName":"search_term_string"}}],"inLanguage":"es"}]}},"_links":{"self":[{"href":"https:\/\/lethiguel.com\/es\/wp-json\/wp\/v2\/pages\/240","targetHints":{"allow":["GET"]}}],"collection":[{"href":"https:\/\/lethiguel.com\/es\/wp-json\/wp\/v2\/pages"}],"about":[{"href":"https:\/\/lethiguel.com\/es\/wp-json\/wp\/v2\/types\/page"}],"author":[{"embeddable":true,"href":"https:\/\/lethiguel.com\/es\/wp-json\/wp\/v2\/users\/1"}],"replies":[{"embeddable":true,"href":"https:\/\/lethiguel.com\/es\/wp-json\/wp\/v2\/comments?post=240"}],"version-history":[{"count":14,"href":"https:\/\/lethiguel.com\/es\/wp-json\/wp\/v2\/pages\/240\/revisions"}],"predecessor-version":[{"id":1438,"href":"https:\/\/lethiguel.com\/es\/wp-json\/wp\/v2\/pages\/240\/revisions\/1438"}],"wp:attachment":[{"href":"https:\/\/lethiguel.com\/es\/wp-json\/wp\/v2\/media?parent=240"}],"curies":[{"name":"wp","href":"https:\/\/api.w.org\/{rel}","templated":true}]}}