{"id":249,"date":"2019-06-19T15:55:24","date_gmt":"2019-06-19T13:55:24","guid":{"rendered":"https:\/\/lethiguel.com\/es\/?page_id=249"},"modified":"2020-07-31T15:52:37","modified_gmt":"2020-07-31T13:52:37","slug":"sistema-refrigeracion-fundicion-jet-cooler","status":"publish","type":"page","link":"https:\/\/lethiguel.com\/es\/sistema-refrigeracion-fundicion-jet-cooler.html","title":{"rendered":"Sistema de refrigeraci\u00f3n de fundici\u00f3n Jet cooler"},"content":{"rendered":"<section class=\"wpb-content-wrapper\"><p>[vc_row type=\u00bbvc_default\u00bb content_placement=\u00bbmiddle\u00bb el_class=\u00bbbloc-article\u00bb][vc_column width=\u00bb1\/3&#8243; el_class=\u00bbtexteblanc bloc-text-bloc-article\u00bb][vc_column_text css=\u00bb.vc_custom_1576144439886{padding-top: 20px !important;padding-right: 20px !important;padding-bottom: 20px !important;padding-left: 20px !important;background-color: #313131 !important;}\u00bb]<\/p>\n<h3 class=\"avantages\">Sistema de enfriamiento de fundici\u00f3n &#8211; Acopladores<\/h3>\n<ul>\n<li>Ref:AH-CO-P4-01MOF &#8211; 1 pieza &#8211; Acoplador para tubo de fl\u00faor \u00d84<\/li>\n<li>Ref:AH-CO-P6-01MS-OF &#8211; 1 pieza &#8211; Acoplador para tubo de fl\u00faor \u00d86<\/li>\n<\/ul>\n<h3 class=\"avantages\">junta t\u00f3rica<\/h3>\n<p>Ref: AH-CO-P7 &#8211; 100 piezas &#8211; Junta t\u00f3rica para JET COOLER[\/vc_column_text][vc_column_text css_animation=\u00bbappear\u00bb css=\u00bb.vc_custom_1576144285645{margin-top: -40px !important;padding-top: 20px !important;padding-right: 20px !important;padding-bottom: 20px !important;padding-left: 20px !important;background-color: #009fe3 !important;}\u00bb]<strong>Giratorio aislado JET COOLER<\/strong><\/p>\n<p>Los nuevos JC-HST y JC-HSR permiten desconectar los tubos m\u00e1s facilmente gracias a sus cabezas giratorias. Estos JC se pueden fijar a un molde con tubos de conexi\u00f3n, y debido a que la base de la cabeza viene en forma semicircular, el paso de instalaci\u00f3n es estrecho. Ambos tipos est\u00e1n disponibles en \u00d84, 6, 8 y 10 mm, y una longitud m\u00e1xima de 1000 mm.[\/vc_column_text][\/vc_column][vc_column width=\u00bb2\/3&#8243; animation=\u00bbfadeInRight\u00bb el_class=\u00bbbloc-img-bloc-article\u00bb][vc_single_image image=\u00bb1607&#8243; img_size=\u00bbfull\u00bb alignment=\u00bbcenter\u00bb][\/vc_column][\/vc_row][vc_row][vc_column][vc_separator][\/vc_column][\/vc_row][vc_row][vc_column width=\u00bb1\/2&#8243; animation=\u00bbfadeInLeft\u00bb][vc_column_text]<strong>JC &#8211; KRM<\/strong>[\/vc_column_text][vc_single_image image=\u00bb1261&#8243; img_size=\u00bb400X300&#8243; css=\u00bb.vc_custom_1596203540219{margin-top: -60px !important;margin-left: -30px !important;}\u00bb][vc_column_text css=\u00bb.vc_custom_1593070306750{margin-top: -70px !important;}\u00bb]Jet Cooler con cabeza giratoria[\/vc_column_text][\/vc_column][vc_column width=\u00bb1\/2&#8243; animation=\u00bbfadeInRight\u00bb][vc_column_text]<strong>JC &#8211; HSR<\/strong>[\/vc_column_text][vc_single_image image=\u00bb1605&#8243; img_size=\u00bbfull\u00bb css=\u00bb.vc_custom_1593070286458{margin-left: -40px !important;}\u00bb][vc_column_text css=\u00bb.vc_custom_1593070368655{margin-top: -10px !important;}\u00bb]Jet Cooler con cabeza giratoria aislante<\/p>\n<p>\u00a1permita reemplazar la aguja sin quitar el enfriador de chorro del troquel![\/vc_column_text][\/vc_column][\/vc_row][vc_row type=\u00bbvc_default\u00bb content_placement=\u00bbmiddle\u00bb][vc_column animation=\u00bbfadeInLeft\u00bb][vc_separator][vc_column_text css=\u00bb.vc_custom_1593069940429{margin-top: 30px !important;}\u00bb]Siendo la primera empresa que ha importado la tecnolog\u00eda <strong class=\"d2b\">Jet Cooling<\/strong> en el mercado europeo, Lethiguel ha construido un s\u00f3lido know-how en <strong class=\"d2b\">procesos t\u00e9rmicos de fundici\u00f3n a presi\u00f3n de metales no ferrosos<\/strong> y lleva m\u00e1s de cuarenta a\u00f1os ofreciendo soluciones llave en mano.[\/vc_column_text][vc_row_inner][vc_column_inner width=\u00bb1\/2&#8243;][vc_single_image image=\u00bb1263&#8243; img_size=\u00bbfull\u00bb alignment=\u00bbright\u00bb][\/vc_column_inner][vc_column_inner width=\u00bb1\/2&#8243;][vc_single_image image=\u00bb1262&#8243; img_size=\u00bbfull\u00bb][\/vc_column_inner][\/vc_row_inner][\/vc_column][\/vc_row][vc_row animation=\u00bbfadeInLeft\u00bb][vc_column][vc_column_text css=\u00bb.vc_custom_1593069947101{margin-top: 30px !important;}\u00bb]Nuestra <strong class=\"d2b\">oficina de ingenier\u00eda<\/strong> trabaja codo con codo con nuestros clientes para desarrollar la soluci\u00f3n correcta para la aplicaci\u00f3n correcta. Como inventor hist\u00f3rico del <strong class=\"d2b\">circuito cerrado Jet Cooling <\/strong>utilizamos nuestro gran conocimiento del <strong class=\"d2b\">proceso de enfriamiento<\/strong> para mejorar y optimizar cualquier aplicaci\u00f3n de <strong class=\"d2b\">fundici\u00f3n<\/strong>. Siendo un socio cercano de Ahresty Techno Service Corporation, nuestro equipo de fabricaci\u00f3n ha sido entrenado en Jap\u00f3n, para asegurar que cumplimos con los requisitos de calidad que cualquier aplicaci\u00f3n de Jet Cooling requiere.[\/vc_column_text][vc_single_image image=\u00bb1606&#8243; img_size=\u00bbfull\u00bb alignment=\u00bbcenter\u00bb][vc_empty_space][vc_separator][\/vc_column][\/vc_row][vc_row][vc_column][vc_btn title=\u00bbCont\u00e1ctenos\u00bb style=\u00bbcustom\u00bb custom_background=\u00bb#009fe3&#8243; custom_text=\u00bb#ffffff\u00bb size=\u00bblg\u00bb align=\u00bbcenter\u00bb link=\u00bburl:https%3A%2F%2Flethiguel.com\/es%2Fcontact.html|title:Contact||\u00bb][\/vc_column][\/vc_row]<\/p>\n<\/section>","protected":false},"excerpt":{"rendered":"<p>[vc_row type=\u00bbvc_default\u00bb content_placement=\u00bbmiddle\u00bb el_class=\u00bbbloc-article\u00bb][vc_column width=\u00bb1\/3&#8243; el_class=\u00bbtexteblanc bloc-text-bloc-article\u00bb][vc_column_text css=\u00bb.vc_custom_1576144439886{padding-top: 20px !important;padding-right: 20px !important;padding-bottom: 20px !important;padding-left: 20px !important;background-color: #313131 !important;}\u00bb] Sistema de enfriamiento de fundici\u00f3n &#8211; Acopladores Ref:AH-CO-P4-01MOF &#8211; 1 pieza &#8211; Acoplador para tubo de fl\u00faor \u00d84 Ref:AH-CO-P6-01MS-OF &#8211; 1 pieza &#8211; Acoplador para tubo de fl\u00faor \u00d86 junta t\u00f3rica Ref: AH-CO-P7 &#8211; 100 piezas &#8211;&hellip;<\/p>\n","protected":false},"author":1,"featured_media":0,"parent":0,"menu_order":0,"comment_status":"closed","ping_status":"closed","template":"","meta":{"footnotes":""},"class_list":["post-249","page","type-page","status-publish","hentry","description-off"],"yoast_head":"<!-- This site is optimized with the Yoast SEO plugin v27.4 - https:\/\/yoast.com\/product\/yoast-seo-wordpress\/ -->\n<title>Lethiguel<\/title>\n<meta name=\"description\" content=\"Lethiguel dise\u00f1a, fabrica y suministra soluciones de enfriamiento como Jet Cooler para la industria de fundici\u00f3n de metales ligero. Cont\u00e1ctenos para detalles.\" \/>\n<meta name=\"robots\" content=\"index, follow, max-snippet:-1, max-image-preview:large, max-video-preview:-1\" \/>\n<link rel=\"canonical\" href=\"https:\/\/lethiguel.com\/es\/sistema-refrigeracion-fundicion-jet-cooler.html\" \/>\n<meta property=\"og:locale\" content=\"es_ES\" \/>\n<meta property=\"og:type\" content=\"article\" \/>\n<meta property=\"og:title\" content=\"Lethiguel\" \/>\n<meta property=\"og:description\" content=\"Lethiguel dise\u00f1a, fabrica y suministra soluciones de enfriamiento como Jet Cooler para la industria de fundici\u00f3n de metales ligero. Cont\u00e1ctenos para detalles.\" \/>\n<meta property=\"og:url\" content=\"https:\/\/lethiguel.com\/es\/sistema-refrigeracion-fundicion-jet-cooler.html\" \/>\n<meta property=\"og:site_name\" content=\"Lethiguel Espa\u00f1ol\" \/>\n<meta property=\"article:modified_time\" content=\"2020-07-31T13:52:37+00:00\" \/>\n<meta name=\"twitter:card\" content=\"summary_large_image\" \/>\n<meta name=\"twitter:label1\" content=\"Tiempo de lectura\" \/>\n\t<meta name=\"twitter:data1\" content=\"3 minutos\" \/>\n<script type=\"application\/ld+json\" class=\"yoast-schema-graph\">{\"@context\":\"https:\\\/\\\/schema.org\",\"@graph\":[{\"@type\":\"WebPage\",\"@id\":\"https:\\\/\\\/lethiguel.com\\\/es\\\/sistema-refrigeracion-fundicion-jet-cooler.html\",\"url\":\"https:\\\/\\\/lethiguel.com\\\/es\\\/sistema-refrigeracion-fundicion-jet-cooler.html\",\"name\":\"Lethiguel\",\"isPartOf\":{\"@id\":\"https:\\\/\\\/lethiguel.com\\\/es\\\/#website\"},\"datePublished\":\"2019-06-19T13:55:24+00:00\",\"dateModified\":\"2020-07-31T13:52:37+00:00\",\"description\":\"Lethiguel dise\u00f1a, fabrica y suministra soluciones de enfriamiento como Jet Cooler para la industria de fundici\u00f3n de metales ligero. Cont\u00e1ctenos para detalles.\",\"breadcrumb\":{\"@id\":\"https:\\\/\\\/lethiguel.com\\\/es\\\/sistema-refrigeracion-fundicion-jet-cooler.html#breadcrumb\"},\"inLanguage\":\"es\",\"potentialAction\":[{\"@type\":\"ReadAction\",\"target\":[\"https:\\\/\\\/lethiguel.com\\\/es\\\/sistema-refrigeracion-fundicion-jet-cooler.html\"]}]},{\"@type\":\"BreadcrumbList\",\"@id\":\"https:\\\/\\\/lethiguel.com\\\/es\\\/sistema-refrigeracion-fundicion-jet-cooler.html#breadcrumb\",\"itemListElement\":[{\"@type\":\"ListItem\",\"position\":1,\"name\":\"Accueil\",\"item\":\"https:\\\/\\\/lethiguel.com\\\/es\\\/\"},{\"@type\":\"ListItem\",\"position\":2,\"name\":\"Sistema de refrigeraci\u00f3n de fundici\u00f3n Jet cooler\"}]},{\"@type\":\"WebSite\",\"@id\":\"https:\\\/\\\/lethiguel.com\\\/es\\\/#website\",\"url\":\"https:\\\/\\\/lethiguel.com\\\/es\\\/\",\"name\":\"Lethiguel Espa\u00f1ol\",\"description\":\"Heating and cooling solutions\",\"potentialAction\":[{\"@type\":\"SearchAction\",\"target\":{\"@type\":\"EntryPoint\",\"urlTemplate\":\"https:\\\/\\\/lethiguel.com\\\/es\\\/?s={search_term_string}\"},\"query-input\":{\"@type\":\"PropertyValueSpecification\",\"valueRequired\":true,\"valueName\":\"search_term_string\"}}],\"inLanguage\":\"es\"}]}<\/script>\n<!-- \/ Yoast SEO plugin. -->","yoast_head_json":{"title":"Lethiguel","description":"Lethiguel dise\u00f1a, fabrica y suministra soluciones de enfriamiento como Jet Cooler para la industria de fundici\u00f3n de metales ligero. Cont\u00e1ctenos para detalles.","robots":{"index":"index","follow":"follow","max-snippet":"max-snippet:-1","max-image-preview":"max-image-preview:large","max-video-preview":"max-video-preview:-1"},"canonical":"https:\/\/lethiguel.com\/es\/sistema-refrigeracion-fundicion-jet-cooler.html","og_locale":"es_ES","og_type":"article","og_title":"Lethiguel","og_description":"Lethiguel dise\u00f1a, fabrica y suministra soluciones de enfriamiento como Jet Cooler para la industria de fundici\u00f3n de metales ligero. Cont\u00e1ctenos para detalles.","og_url":"https:\/\/lethiguel.com\/es\/sistema-refrigeracion-fundicion-jet-cooler.html","og_site_name":"Lethiguel Espa\u00f1ol","article_modified_time":"2020-07-31T13:52:37+00:00","twitter_card":"summary_large_image","twitter_misc":{"Tiempo de lectura":"3 minutos"},"schema":{"@context":"https:\/\/schema.org","@graph":[{"@type":"WebPage","@id":"https:\/\/lethiguel.com\/es\/sistema-refrigeracion-fundicion-jet-cooler.html","url":"https:\/\/lethiguel.com\/es\/sistema-refrigeracion-fundicion-jet-cooler.html","name":"Lethiguel","isPartOf":{"@id":"https:\/\/lethiguel.com\/es\/#website"},"datePublished":"2019-06-19T13:55:24+00:00","dateModified":"2020-07-31T13:52:37+00:00","description":"Lethiguel dise\u00f1a, fabrica y suministra soluciones de enfriamiento como Jet Cooler para la industria de fundici\u00f3n de metales ligero. Cont\u00e1ctenos para detalles.","breadcrumb":{"@id":"https:\/\/lethiguel.com\/es\/sistema-refrigeracion-fundicion-jet-cooler.html#breadcrumb"},"inLanguage":"es","potentialAction":[{"@type":"ReadAction","target":["https:\/\/lethiguel.com\/es\/sistema-refrigeracion-fundicion-jet-cooler.html"]}]},{"@type":"BreadcrumbList","@id":"https:\/\/lethiguel.com\/es\/sistema-refrigeracion-fundicion-jet-cooler.html#breadcrumb","itemListElement":[{"@type":"ListItem","position":1,"name":"Accueil","item":"https:\/\/lethiguel.com\/es\/"},{"@type":"ListItem","position":2,"name":"Sistema de refrigeraci\u00f3n de fundici\u00f3n Jet cooler"}]},{"@type":"WebSite","@id":"https:\/\/lethiguel.com\/es\/#website","url":"https:\/\/lethiguel.com\/es\/","name":"Lethiguel Espa\u00f1ol","description":"Heating and cooling solutions","potentialAction":[{"@type":"SearchAction","target":{"@type":"EntryPoint","urlTemplate":"https:\/\/lethiguel.com\/es\/?s={search_term_string}"},"query-input":{"@type":"PropertyValueSpecification","valueRequired":true,"valueName":"search_term_string"}}],"inLanguage":"es"}]}},"_links":{"self":[{"href":"https:\/\/lethiguel.com\/es\/wp-json\/wp\/v2\/pages\/249","targetHints":{"allow":["GET"]}}],"collection":[{"href":"https:\/\/lethiguel.com\/es\/wp-json\/wp\/v2\/pages"}],"about":[{"href":"https:\/\/lethiguel.com\/es\/wp-json\/wp\/v2\/types\/page"}],"author":[{"embeddable":true,"href":"https:\/\/lethiguel.com\/es\/wp-json\/wp\/v2\/users\/1"}],"replies":[{"embeddable":true,"href":"https:\/\/lethiguel.com\/es\/wp-json\/wp\/v2\/comments?post=249"}],"version-history":[{"count":24,"href":"https:\/\/lethiguel.com\/es\/wp-json\/wp\/v2\/pages\/249\/revisions"}],"predecessor-version":[{"id":1768,"href":"https:\/\/lethiguel.com\/es\/wp-json\/wp\/v2\/pages\/249\/revisions\/1768"}],"wp:attachment":[{"href":"https:\/\/lethiguel.com\/es\/wp-json\/wp\/v2\/media?parent=249"}],"curies":[{"name":"wp","href":"https:\/\/api.w.org\/{rel}","templated":true}]}}