{"id":262,"date":"2019-06-19T16:47:33","date_gmt":"2019-06-19T14:47:33","guid":{"rendered":"https:\/\/lethiguel.com\/es\/?page_id=262"},"modified":"2020-07-31T14:44:23","modified_gmt":"2020-07-31T12:44:23","slug":"sistema-control-agua-flowmaster","status":"publish","type":"page","link":"https:\/\/lethiguel.com\/es\/sistema-control-agua-flowmaster.html","title":{"rendered":"Sistema de control del agua FlowMaster"},"content":{"rendered":"<section class=\"wpb-content-wrapper\"><p>[vc_row][vc_column width=\u00bb1\/3&#8243; el_class=\u00bbtexteblanc bloc-text-bloc-article\u00bb][vc_column_text css=\u00bb.vc_custom_1596195875898{padding-top: 20px !important;padding-right: 20px !important;padding-bottom: 20px !important;padding-left: 20px !important;background-color: #313131 !important;}\u00bb]<\/p>\n<h3 class=\"avantages\">Operaci\u00f3n y utilidad del sistem FlowMaster de control de agua<\/h3>\n<ul>\n<li>Objetivo: Detectar el fallo\/obstrucci\u00f3n de las tuber\u00edas<\/li>\n<li>Por qu\u00e9: Anticipar\/planificar el mantenimiento<\/li>\n<li>C\u00f3mo: Midiendo las ca\u00eddas de flujo<\/li>\n<\/ul>\n<p>[\/vc_column_text][vc_column_text css=\u00bb.vc_custom_1596195895181{margin-top: -40px !important;padding-top: 20px !important;padding-right: 20px !important;padding-bottom: 20px !important;padding-left: 20px !important;background-color: #009fe3 !important;}\u00bb]El sistema FlowMaster puede utilizarse como producto independiente.<\/p>\n<p>SpotCool Evolution y SpotCool Performance pueden conectarse al FlowMaster mediante una interfaz PROFINET*[\/vc_column_text][\/vc_column][vc_column width=\u00bb2\/3&#8243; animation=\u00bbfadeInRight\u00bb el_class=\u00bbbloc-img-bloc-article\u00bb][vc_single_image image=\u00bb1743&#8243; img_size=\u00bblarge\u00bb][\/vc_column][\/vc_row][vc_row][vc_column animation=\u00bbfadeInLeft\u00bb][vc_single_image image=\u00bb1746&#8243; img_size=\u00bbfull\u00bb alignment=\u00bbcenter\u00bb css=\u00bb.vc_custom_1596195966156{margin-top: -80px !important;}\u00bb][\/vc_column][\/vc_row][vc_row][vc_column][vc_column_text css=\u00bb.vc_custom_1596196004214{padding-top: 20px !important;padding-right: 20px !important;padding-bottom: 20px !important;padding-left: 20px !important;background-color: #ededed !important;}\u00bb]<\/p>\n<h3>El sistema FlowMaster le ayudar\u00e1 a pasar de un mantenimiento preventivo a uno predictivo<\/h3>\n<p>El buen rendimiento de un\u00a0<strong class=\"\">sistema Jet Cooling<\/strong>\u00a0depende en gran medida del caudal de agua que se inyecta en los\u00a0<strong class=\"\">canales de refrigeraci\u00f3n<\/strong>\u00a0de peque\u00f1o di\u00e1metro. Gestionar y asegurar la cantidad adecuada de flujo de agua, en cada posici\u00f3n de enfriamiento, para mantener continuamente un efecto de enfriamiento \u00f3ptimo y, por lo tanto, mejorar el nivel de productividad y la calidad de las piezas fundidas.<\/p>\n<p>Gracias a la larga experiencia de Lethiguel en Jet Cooling tecnolog\u00eda, Lethiguel ha desarrollado espec\u00edficamente un sistema FlowMaster que permite al Jet Cooling\u00a0<strong class=\"\">monitorear con precisi\u00f3n las condiciones de flujo<\/strong>, en tiempo real, y para cada posici\u00f3n de\u00a0<strong class=\"\">enfriamiento<\/strong>.<\/p>\n<p>De esta manera, el mantenimiento preventivo se vuelve m\u00e1s f\u00e1cil y altamente predictivo, ahorrando as\u00ed valiosos recursos para los troqueladores y permitiendo una alta productividad.[\/vc_column_text][vc_single_image image=\u00bb1581&#8243; img_size=\u00bbfull\u00bb alignment=\u00bbcenter\u00bb css_animation=\u00bbfadeInRight\u00bb][vc_empty_space][\/vc_column][\/vc_row][vc_row][vc_column animation=\u00bbfadeInLeft\u00bb][vc_column_text css=\u00bb.vc_custom_1596196103057{padding-top: 20px !important;padding-right: 20px !important;padding-bottom: 20px !important;padding-left: 20px !important;}\u00bb]<\/p>\n<h3>Esquema b\u00e1sico de la soluci\u00f3n FlowMaster<\/h3>\n<p><strong>SpotBox<\/strong> es un sistema de monitorizaci\u00f3n con una pantalla de control remoto en la que se muestra la medici\u00f3n del flujo en tiempo real. Puede conectarse a 8 SpotFlows, que pueden monitorizar el flujo de agua hasta en 64\u00a0posiciones.[\/vc_column_text][vc_single_image image=\u00bb1294&#8243; img_size=\u00bbfull\u00bb alignment=\u00bbcenter\u00bb][vc_column_text css=\u00bb.vc_custom_1593430449677{margin-top: -30px !important;padding-top: 20px !important;padding-right: 20px !important;padding-bottom: 20px !important;padding-left: 20px !important;background-color: #f2f2f2 !important;}\u00bb]<\/p>\n<h3>SpotBox specifications:<\/h3>\n<p>Specific program allowing realtime water flow monitoring, with visual graphics and precise volume measurement Possible to set up a \u201c0 Km\u201d nominal value, for every independent position, in order to define the optimal flow setpoint.<\/p>\n<p>Possible to program 2 different sets of alarms, for every position (either in Liter\/minute, or as a % of a nominal value)<\/p>\n<p>Possible to save up to 99 different flow patterns, for the 64 independent positions (enabling to save preset values corresponding to different dies or parts). *Note: the profinet interface is currently available on a Siemens configuration.[\/vc_column_text][\/vc_column][\/vc_row][vc_row][vc_column animation=\u00bbfadeInRight\u00bb][vc_single_image image=\u00bb1749&#8243; img_size=\u00bbfull\u00bb alignment=\u00bbcenter\u00bb][\/vc_column][\/vc_row][vc_row][vc_column][vc_column_text]<strong>SpotFlow<\/strong> es un sistema de medici\u00f3n con 8\u00a0sensores de caudal integrados en una carcasa a prueba de fundiciones que permite medir el flujo de agua desde los 0,5\u00a0l hasta los 10\u00a0l por minuto en 8\u00a0circuitos de Jet Cooling independientes.[\/vc_column_text][vc_single_image image=\u00bb1744&#8243; img_size=\u00bbfull\u00bb alignment=\u00bbcenter\u00bb css_animation=\u00bbfadeInLeft\u00bb][\/vc_column][\/vc_row][vc_row animation=\u00bbfadeInRight\u00bb][vc_column][vc_column_text]<\/p>\n<h3>Technical features<\/h3>\n<p>[\/vc_column_text][vc_row_inner][vc_column_inner width=\u00bb1\/2&#8243;][vc_single_image image=\u00bb1748&#8243; img_size=\u00bbfull\u00bb][\/vc_column_inner][vc_column_inner width=\u00bb1\/2&#8243;][vc_single_image image=\u00bb1747&#8243; img_size=\u00bbfull\u00bb][\/vc_column_inner][\/vc_row_inner][\/vc_column][\/vc_row][vc_row type=\u00bbvc_default\u00bb gap=\u00bb10&#8243; css=\u00bb.vc_custom_1560947205923{margin-top: 30px !important;}\u00bb][vc_column animation=\u00bbfadeInUp\u00bb el_class=\u00bbaccessorie\u00bb][vc_column_text]<\/p>\n<h3>Accesorios<\/h3>\n<p>[\/vc_column_text][vc_separator color=\u00bbcustom\u00bb accent_color=\u00bb#474747&#8243; css=\u00bb.vc_custom_1560947199074{margin-top: -15px !important;}\u00bb][\/vc_column][\/vc_row][vc_row][vc_column][vc_btn title=\u00bbContacto\u00bb style=\u00bbcustom\u00bb custom_background=\u00bb#009fe3&#8243; custom_text=\u00bb#ffffff\u00bb size=\u00bblg\u00bb align=\u00bbcenter\u00bb link=\u00bburl:https%3A%2F%2Flethiguel.com%2Fes%2Fcontacto.html|title:Contact||\u00bb][\/vc_column][\/vc_row]<\/p>\n<\/section>","protected":false},"excerpt":{"rendered":"<p>[vc_row][vc_column width=\u00bb1\/3&#8243; el_class=\u00bbtexteblanc bloc-text-bloc-article\u00bb][vc_column_text css=\u00bb.vc_custom_1596195875898{padding-top: 20px !important;padding-right: 20px !important;padding-bottom: 20px !important;padding-left: 20px !important;background-color: #313131 !important;}\u00bb] Operaci\u00f3n y utilidad del sistem FlowMaster de control de agua Objetivo: Detectar el fallo\/obstrucci\u00f3n de las tuber\u00edas Por qu\u00e9: Anticipar\/planificar el mantenimiento C\u00f3mo: Midiendo las ca\u00eddas de flujo [\/vc_column_text][vc_column_text css=\u00bb.vc_custom_1596195895181{margin-top: -40px !important;padding-top: 20px !important;padding-right: 20px !important;padding-bottom: 20px !important;padding-left: 20px !important;background-color:&hellip;<\/p>\n","protected":false},"author":1,"featured_media":0,"parent":0,"menu_order":0,"comment_status":"closed","ping_status":"closed","template":"","meta":{"footnotes":""},"class_list":["post-262","page","type-page","status-publish","hentry","description-off"],"yoast_head":"<!-- This site is optimized with the Yoast SEO plugin v27.4 - https:\/\/yoast.com\/product\/yoast-seo-wordpress\/ -->\n<title>Lethiguel<\/title>\n<meta name=\"description\" content=\"LETHIGUEL fabrica equipo de control de agua para sistemas de enfriamiento para fundici\u00f3n. Cont\u00e1ctenos para detalles sobre nuestros productos.\" \/>\n<meta name=\"robots\" content=\"index, follow, max-snippet:-1, max-image-preview:large, max-video-preview:-1\" \/>\n<link rel=\"canonical\" href=\"https:\/\/lethiguel.com\/es\/sistema-control-agua-flowmaster.html\" \/>\n<meta property=\"og:locale\" content=\"es_ES\" \/>\n<meta property=\"og:type\" content=\"article\" \/>\n<meta property=\"og:title\" content=\"Lethiguel\" \/>\n<meta property=\"og:description\" content=\"LETHIGUEL fabrica equipo de control de agua para sistemas de enfriamiento para fundici\u00f3n. Cont\u00e1ctenos para detalles sobre nuestros productos.\" \/>\n<meta property=\"og:url\" content=\"https:\/\/lethiguel.com\/es\/sistema-control-agua-flowmaster.html\" \/>\n<meta property=\"og:site_name\" content=\"Lethiguel Espa\u00f1ol\" \/>\n<meta property=\"article:modified_time\" content=\"2020-07-31T12:44:23+00:00\" \/>\n<meta name=\"twitter:card\" content=\"summary_large_image\" \/>\n<meta name=\"twitter:label1\" content=\"Tiempo de lectura\" \/>\n\t<meta name=\"twitter:data1\" content=\"7 minutos\" \/>\n<script type=\"application\/ld+json\" class=\"yoast-schema-graph\">{\"@context\":\"https:\\\/\\\/schema.org\",\"@graph\":[{\"@type\":\"WebPage\",\"@id\":\"https:\\\/\\\/lethiguel.com\\\/es\\\/sistema-control-agua-flowmaster.html\",\"url\":\"https:\\\/\\\/lethiguel.com\\\/es\\\/sistema-control-agua-flowmaster.html\",\"name\":\"Lethiguel\",\"isPartOf\":{\"@id\":\"https:\\\/\\\/lethiguel.com\\\/es\\\/#website\"},\"datePublished\":\"2019-06-19T14:47:33+00:00\",\"dateModified\":\"2020-07-31T12:44:23+00:00\",\"description\":\"LETHIGUEL fabrica equipo de control de agua para sistemas de enfriamiento para fundici\u00f3n. Cont\u00e1ctenos para detalles sobre nuestros productos.\",\"breadcrumb\":{\"@id\":\"https:\\\/\\\/lethiguel.com\\\/es\\\/sistema-control-agua-flowmaster.html#breadcrumb\"},\"inLanguage\":\"es\",\"potentialAction\":[{\"@type\":\"ReadAction\",\"target\":[\"https:\\\/\\\/lethiguel.com\\\/es\\\/sistema-control-agua-flowmaster.html\"]}]},{\"@type\":\"BreadcrumbList\",\"@id\":\"https:\\\/\\\/lethiguel.com\\\/es\\\/sistema-control-agua-flowmaster.html#breadcrumb\",\"itemListElement\":[{\"@type\":\"ListItem\",\"position\":1,\"name\":\"Accueil\",\"item\":\"https:\\\/\\\/lethiguel.com\\\/es\\\/\"},{\"@type\":\"ListItem\",\"position\":2,\"name\":\"Sistema de control del agua FlowMaster\"}]},{\"@type\":\"WebSite\",\"@id\":\"https:\\\/\\\/lethiguel.com\\\/es\\\/#website\",\"url\":\"https:\\\/\\\/lethiguel.com\\\/es\\\/\",\"name\":\"Lethiguel Espa\u00f1ol\",\"description\":\"Heating and cooling solutions\",\"potentialAction\":[{\"@type\":\"SearchAction\",\"target\":{\"@type\":\"EntryPoint\",\"urlTemplate\":\"https:\\\/\\\/lethiguel.com\\\/es\\\/?s={search_term_string}\"},\"query-input\":{\"@type\":\"PropertyValueSpecification\",\"valueRequired\":true,\"valueName\":\"search_term_string\"}}],\"inLanguage\":\"es\"}]}<\/script>\n<!-- \/ Yoast SEO plugin. -->","yoast_head_json":{"title":"Lethiguel","description":"LETHIGUEL fabrica equipo de control de agua para sistemas de enfriamiento para fundici\u00f3n. Cont\u00e1ctenos para detalles sobre nuestros productos.","robots":{"index":"index","follow":"follow","max-snippet":"max-snippet:-1","max-image-preview":"max-image-preview:large","max-video-preview":"max-video-preview:-1"},"canonical":"https:\/\/lethiguel.com\/es\/sistema-control-agua-flowmaster.html","og_locale":"es_ES","og_type":"article","og_title":"Lethiguel","og_description":"LETHIGUEL fabrica equipo de control de agua para sistemas de enfriamiento para fundici\u00f3n. Cont\u00e1ctenos para detalles sobre nuestros productos.","og_url":"https:\/\/lethiguel.com\/es\/sistema-control-agua-flowmaster.html","og_site_name":"Lethiguel Espa\u00f1ol","article_modified_time":"2020-07-31T12:44:23+00:00","twitter_card":"summary_large_image","twitter_misc":{"Tiempo de lectura":"7 minutos"},"schema":{"@context":"https:\/\/schema.org","@graph":[{"@type":"WebPage","@id":"https:\/\/lethiguel.com\/es\/sistema-control-agua-flowmaster.html","url":"https:\/\/lethiguel.com\/es\/sistema-control-agua-flowmaster.html","name":"Lethiguel","isPartOf":{"@id":"https:\/\/lethiguel.com\/es\/#website"},"datePublished":"2019-06-19T14:47:33+00:00","dateModified":"2020-07-31T12:44:23+00:00","description":"LETHIGUEL fabrica equipo de control de agua para sistemas de enfriamiento para fundici\u00f3n. Cont\u00e1ctenos para detalles sobre nuestros productos.","breadcrumb":{"@id":"https:\/\/lethiguel.com\/es\/sistema-control-agua-flowmaster.html#breadcrumb"},"inLanguage":"es","potentialAction":[{"@type":"ReadAction","target":["https:\/\/lethiguel.com\/es\/sistema-control-agua-flowmaster.html"]}]},{"@type":"BreadcrumbList","@id":"https:\/\/lethiguel.com\/es\/sistema-control-agua-flowmaster.html#breadcrumb","itemListElement":[{"@type":"ListItem","position":1,"name":"Accueil","item":"https:\/\/lethiguel.com\/es\/"},{"@type":"ListItem","position":2,"name":"Sistema de control del agua FlowMaster"}]},{"@type":"WebSite","@id":"https:\/\/lethiguel.com\/es\/#website","url":"https:\/\/lethiguel.com\/es\/","name":"Lethiguel Espa\u00f1ol","description":"Heating and cooling solutions","potentialAction":[{"@type":"SearchAction","target":{"@type":"EntryPoint","urlTemplate":"https:\/\/lethiguel.com\/es\/?s={search_term_string}"},"query-input":{"@type":"PropertyValueSpecification","valueRequired":true,"valueName":"search_term_string"}}],"inLanguage":"es"}]}},"_links":{"self":[{"href":"https:\/\/lethiguel.com\/es\/wp-json\/wp\/v2\/pages\/262","targetHints":{"allow":["GET"]}}],"collection":[{"href":"https:\/\/lethiguel.com\/es\/wp-json\/wp\/v2\/pages"}],"about":[{"href":"https:\/\/lethiguel.com\/es\/wp-json\/wp\/v2\/types\/page"}],"author":[{"embeddable":true,"href":"https:\/\/lethiguel.com\/es\/wp-json\/wp\/v2\/users\/1"}],"replies":[{"embeddable":true,"href":"https:\/\/lethiguel.com\/es\/wp-json\/wp\/v2\/comments?post=262"}],"version-history":[{"count":25,"href":"https:\/\/lethiguel.com\/es\/wp-json\/wp\/v2\/pages\/262\/revisions"}],"predecessor-version":[{"id":1753,"href":"https:\/\/lethiguel.com\/es\/wp-json\/wp\/v2\/pages\/262\/revisions\/1753"}],"wp:attachment":[{"href":"https:\/\/lethiguel.com\/es\/wp-json\/wp\/v2\/media?parent=262"}],"curies":[{"name":"wp","href":"https:\/\/api.w.org\/{rel}","templated":true}]}}