{"id":291,"date":"2019-06-19T17:27:38","date_gmt":"2019-06-19T15:27:38","guid":{"rendered":"https:\/\/lethiguel.com\/es\/?page_id=291"},"modified":"2022-04-04T09:10:11","modified_gmt":"2022-04-04T07:10:11","slug":"calentador-inmersion-thermal-power","status":"publish","type":"page","link":"https:\/\/lethiguel.com\/es\/calentador-inmersion-thermal-power.html","title":{"rendered":"Calentador de inmersi\u00f3n Thermal Power"},"content":{"rendered":"<section class=\"wpb-content-wrapper\"><p>[vc_row type=\u00bbvc_default\u00bb el_class=\u00bbbloc-article\u00bb][vc_column width=\u00bb1\/3&#8243; el_class=\u00bbtexteblanc bloc-text-bloc-article\u00bb][vc_column_text css=\u00bb.vc_custom_1649056208952{padding-top: 20px !important;padding-right: 20px !important;padding-bottom: 20px !important;padding-left: 20px !important;background-color: #313131 !important;}\u00bb]<\/p>\n<h3 class=\"avantages1\">Ventajas del calentador de inmersi\u00f3n:<\/h3>\n<ul>\n<li>Eficiencia de calefacci\u00f3n &gt;99%.<\/li>\n<li>30 a 40 vatios por cm\u00b2.<\/li>\n<li>Potencia hasta 50kW<\/li>\n<li>Ahorro de energ\u00eda de hasta un 50% en comparaci\u00f3n con los m\u00e9todos de calefacci\u00f3n tradicionales<\/li>\n<li>Regulaci\u00f3n de temperatura +\/-2\u00b0C (+\/- 36\u00b0F)<\/li>\n<li>Calentamiento r\u00e1pido y suave<\/li>\n<li>Instalaci\u00f3n r\u00e1pida y mantenimiento sencillo<\/li>\n<\/ul>\n<p>[\/vc_column_text][vc_column_text css=\u00bb.vc_custom_1584972666682{margin-top: -40px !important;padding-top: 20px !important;padding-right: 20px !important;padding-bottom: 20px !important;padding-left: 20px !important;background-color: #cf302d !important;}\u00bb]<\/p>\n<p class=\"texteblanc\">Tiene usted <strong class=\"d2b\">metal fundido<\/strong> en <strong class=\"d2b\">plantas de fundici\u00f3n<\/strong>, <strong class=\"d2b\">fundici\u00f3n<\/strong> o <strong class=\"d2b\">reciclaje<\/strong>? Con el <strong class=\"d2b\">calentador TP\u00ae<\/strong>, est\u00e9 preparado para ahorrar energ\u00eda y tiempo mientras mejora la calidad y productividad de su metal. El <strong class=\"d2b\">calentador TP\u00ae<\/strong> es un sistema de <strong class=\"d2b\">calentamiento<\/strong> el\u00e9ctrico, dise\u00f1ado exclusivamente para sostener y elevar metales no ferrosos. Est\u00e1 destinado a ser sumergido directamente en <strong class=\"d2b\">metal l\u00edquido<\/strong>. El <strong class=\"d2b\">calentador de inmersi\u00f3n<\/strong> Thermal Power es llevado directamente al coraz\u00f3n del metal fundido a trav\u00e9s de la conducci\u00f3n.<\/p>\n<p>[\/vc_column_text][\/vc_column][vc_column width=\u00bb2\/3&#8243; animation=\u00bbfadeInRight\u00bb el_class=\u00bbbloc-img-bloc-article\u00bb][vc_single_image image=\u00bb1618&#8243; img_size=\u00bbfull\u00bb alignment=\u00bbcenter\u00bb][\/vc_column][\/vc_row][vc_row][vc_column animation=\u00bbfadeInLeft\u00bb css=\u00bb.vc_custom_1596183181653{background-color: #ededed !important;}\u00bb][vc_column_text]<\/p>\n<h2>\u00bfPor qu\u00e9 utilizar nuestro calentador de aluminio por inmersi\u00f3n TP\u00ae?<\/h2>\n<p>[\/vc_column_text][vc_row_inner][vc_column_inner css=\u00bb.vc_custom_1581418162231{background-color: #ededed !important;}\u00bb][vc_column_text css=\u00bb.vc_custom_1584972788938{margin-top: -30px !important;}\u00bb]Ofrecemos esta tecnolog\u00eda para los sectores de la fundici\u00f3n a alta presi\u00f3n, la fundici\u00f3n a baja presi\u00f3n y la fundici\u00f3n en coquilla por gravedad, el sector primario y la industria del reciclaje. A lo largo de nuestra historia, nos hemos especializado principalmente en calentadores de inmersi\u00f3n.\u00a0Hemos desarrollado esta tecnolog\u00eda para potenciar la eficiencia en el calentamiento del aluminio. Diversos estudios demuestran que el calentamiento por inmersi\u00f3n constituye, con diferencia, la soluci\u00f3n m\u00e1s efectiva. Nuestros calentadores de inmersi\u00f3n le permiten:<\/p>\n<ul>\n<li>Ahorrar energ\u00eda<\/li>\n<li>Mejorar la calidad del metal<\/li>\n<li>Potenciar la productividad<\/li>\n<\/ul>\n<p>[\/vc_column_text][\/vc_column_inner][\/vc_row_inner][\/vc_column][\/vc_row][vc_row][vc_column][vc_empty_space][\/vc_column][\/vc_row][vc_row][vc_column animation=\u00bbfadeInLeft\u00bb][vc_row_inner][vc_column_inner width=\u00bb1\/2&#8243;][vc_column_text]<\/p>\n<h4>Ahorro de energ\u00eda gracias a los dispositivos de calentamiento por inmersi\u00f3n<\/h4>\n<p>Dado que el calentador de inmersi\u00f3n calienta directamente el n\u00facleo del ba\u00f1o, no se producen p\u00e9rdidas de calor. Un m\u00e9todo de calentamiento del aluminio m\u00e1s eficiente permite tambi\u00e9n ahorrar m\u00e1s energ\u00eda. Con nuestra tecnolog\u00eda de calentamiento del aluminio por inmersi\u00f3n puede alcanzar la temperatura deseada en menos tiempo y utilizando menos energ\u00eda que con otras tecnolog\u00edas.[\/vc_column_text][\/vc_column_inner][vc_column_inner width=\u00bb1\/2&#8243;][vc_single_image image=\u00bb1524&#8243; img_size=\u00bb500&#215;150&#8243; alignment=\u00bbcenter\u00bb][\/vc_column_inner][\/vc_row_inner][\/vc_column][\/vc_row][vc_row][vc_column animation=\u00bbfadeInLeft\u00bb][vc_row_inner][vc_column_inner width=\u00bb1\/2&#8243;][vc_column_text]<\/p>\n<h4>Calidad del metal fundido con el calentador de inmersi\u00f3n<\/h4>\n<p>Calentando el aluminio de forma eficiente con nuestros calentadores de inmersi\u00f3n se evita el sobrecalentamiento y se consigue una calidad \u00f3ptima del metal.[\/vc_column_text][\/vc_column_inner][vc_column_inner width=\u00bb1\/2&#8243;][vc_single_image image=\u00bb1525&#8243; img_size=\u00bb500&#215;150&#8243; alignment=\u00bbcenter\u00bb][\/vc_column_inner][\/vc_row_inner][\/vc_column][\/vc_row][vc_row][vc_column animation=\u00bbfadeInLeft\u00bb][vc_row_inner][vc_column_inner width=\u00bb1\/2&#8243;][vc_column_text]<\/p>\n<h4>Calentadores de aluminio por inmersi\u00f3n y productividad<\/h4>\n<p>Utilizando adecuadamente el calentador de aluminio puede optimizar significativamente su productividad.[\/vc_column_text][\/vc_column_inner][vc_column_inner width=\u00bb1\/2&#8243;][vc_single_image image=\u00bb1526&#8243; img_size=\u00bb500&#215;150&#8243; alignment=\u00bbcenter\u00bb][\/vc_column_inner][\/vc_row_inner][vc_empty_space][\/vc_column][\/vc_row][vc_row][vc_column animation=\u00bbfadeInLeft\u00bb][vc_column_text]<\/p>\n<h2>Posicionamiento y calibraci\u00f3n del calentador de aluminio por inmersi\u00f3n<\/h2>\n<p>Todos los calentadores que instalamos est\u00e1n dise\u00f1ados de acuerdo con las necesidades de potencia, aplicaci\u00f3n y finalidad de nuestros clientes. Todos nuestros calentadores de aluminio por inmersi\u00f3n est\u00e1n identificados mediante un n\u00famero de ID un\u00edvoco que nos permite entender todas las aplicaciones y supervisarlas.<\/p>\n<p>Lethiguel tiene en cuenta un m\u00ednimo de 10\u00a0par\u00e1metros para calibrar un calentador de inmersi\u00f3n. Nuestros ingenieros especializados en investigaci\u00f3n y desarrollo dise\u00f1an las soluciones teniendo en cuenta todas las limitaciones t\u00e9rmicas y de posicionamiento para ofrecer la mejor soluci\u00f3n integrada.[\/vc_column_text][vc_row_inner][vc_column_inner width=\u00bb1\/2&#8243;]<div class=\"standard-arrow bullet-top\"><ul>\n<li>Tipo de aleaci\u00f3n<\/li>\n<li>Temperatura del ba\u00f1o<\/li>\n<li>Potencia<\/li>\n<li>Tensi\u00f3n<\/li>\n<li>Di\u00e1metro del tubo de protecci\u00f3n \u00d8<\/li>\n<\/ul>\n<\/div>[\/vc_column_inner][vc_column_inner width=\u00bb1\/2&#8243;]<div class=\"standard-arrow bullet-top\"><ul>\n<li>Nivel m\u00ednimo del ba\u00f1o<\/li>\n<li>Longitud por debajo de la brida<\/li>\n<li>Longitud sumergida<\/li>\n<li>Tipo de extensi\u00f3n<\/li>\n<li>Termopar tipo K<\/li>\n<\/ul>\n<\/div>[\/vc_column_inner][\/vc_row_inner][vc_empty_space][\/vc_column][\/vc_row][vc_row][vc_column animation=\u00bbfadeInLeft\u00bb css=\u00bb.vc_custom_1596183210386{background-color: #ededed !important;}\u00bb][vc_column_text]<\/p>\n<h2>Caracter\u00edsticas t\u00e9cnicas del calentador de aluminio por inmersi\u00f3n<\/h2>\n<p>Nuestros calentadores de aluminio por inmersi\u00f3n son el resultado de la combinaci\u00f3n de dos materiales sofisticados:<\/p>\n<p>Un tubo de protecci\u00f3n de nitruro de silicio con las siguientes cualidades t\u00e9cnicas:<\/p>\n<ul>\n<li>Insensibilidad a los choques t\u00e9rmicos<\/li>\n<li>Alta resistencia mec\u00e1nica<\/li>\n<li>Excelente conductividad t\u00e9rmica<\/li>\n<li>\u00d3ptima resistencia a la corrosi\u00f3n<\/li>\n<\/ul>\n<p>[\/vc_column_text][vc_column_text]Una resistencia el\u00e9ctrica con una alta densidad de carga integrada dentro de un material aislante con un excelente rendimiento, lo que proporciona transferencia de calor y aislamiento el\u00e9ctrico a la vez:<\/p>\n<ul>\n<li>Di\u00e1metro del tubo de protecci\u00f3n: 32 o 55\u00a0mm<\/li>\n<li>Longitud por debajo de la brida de entre 500 y 1450\u00a0mm<\/li>\n<li>La longitud sumergida puede superar los 1000\u00a0mm cuando as\u00ed lo permita la profundidad del ba\u00f1o y la capacidad de trabajo<\/li>\n<li>Tensi\u00f3n de alimentaci\u00f3n de entre 36 y 600\u00a0V, monof\u00e1sica o trif\u00e1sica, con una potencia de hasta 50\u00a0kW<\/li>\n<\/ul>\n<p>[\/vc_column_text][\/vc_column][\/vc_row][vc_row margin_top=\u00bb60px\u00bb][vc_column animation=\u00bbfadeInUp\u00bb][vc_empty_space height=\u00bb40px\u00bb][vc_row_inner][vc_column_inner][vc_single_image image=\u00bb1356&#8243; img_size=\u00bbfull\u00bb alignment=\u00bbcenter\u00bb][vc_column_text css=\u00bb.vc_custom_1584973343470{margin-top: -20px !important;}\u00bb]<\/p>\n<p style=\"text-align: center;\">Los calentadores de aluminio por inmersi\u00f3n TP\u00ae en<\/p>\n<p style=\"text-align: center;\"><strong>hornos de soporte\/fusi\u00f3n de 300\u00a0kg<\/strong><\/p>\n<p>[\/vc_column_text][\/vc_column_inner][\/vc_row_inner][\/vc_column][\/vc_row][vc_row][vc_column animation=\u00bbfadeInLeft\u00bb][vc_empty_space]<div class=\"dt-fancy-separator\" style=\"width: 100%;\"><div class=\"dt-fancy-title\"><span class=\"separator-holder separator-left\"><\/span>Aplicaciones principales de los calentadores de inmersi\u00f3n<span class=\"separator-holder separator-right\"><\/span><\/div><\/div>[vc_row_inner][vc_column_inner width=\u00bb1\/3&#8243;][vc_column_text css=\u00bb.vc_custom_1584973244061{border-top-width: 30px !important;padding-top: 30px !important;}\u00bb]<\/p>\n<h4 style=\"text-align: center;\">Hornos de soporte<\/h4>\n<p>[\/vc_column_text][vc_single_image image=\u00bb1529&#8243; img_size=\u00bb200&#215;200&#8243; alignment=\u00bbcenter\u00bb][\/vc_column_inner][vc_column_inner width=\u00bb1\/3&#8243;][vc_column_text css=\u00bb.vc_custom_1584973255397{border-top-width: 30px !important;padding-top: 30px !important;}\u00bb]<\/p>\n<h4 style=\"text-align: center;\">Cajas de filtraci\u00f3n<\/h4>\n<p>[\/vc_column_text][vc_single_image image=\u00bb1528&#8243; img_size=\u00bb200&#215;200&#8243; alignment=\u00bbcenter\u00bb][\/vc_column_inner][vc_column_inner width=\u00bb1\/3&#8243;][vc_column_text css=\u00bb.vc_custom_1584973263913{border-top-width: 30px !important;padding-top: 30px !important;}\u00bb]<\/p>\n<h4 style=\"text-align: center;\">Hornos de dosificaci\u00f3n<\/h4>\n<p>[\/vc_column_text][vc_single_image image=\u00bb1527&#8243; img_size=\u00bb200&#215;200&#8243; alignment=\u00bbcenter\u00bb][\/vc_column_inner][\/vc_row_inner][vc_row_inner][vc_column_inner width=\u00bb1\/3&#8243;][vc_column_text]<\/p>\n<h4 style=\"text-align: center;\">Hornos de fusi\u00f3n<\/h4>\n<p>[\/vc_column_text][vc_single_image image=\u00bb1531&#8243; img_size=\u00bb200&#215;200&#8243; alignment=\u00bbcenter\u00bb][\/vc_column_inner][vc_column_inner width=\u00bb1\/3&#8243;][vc_column_text]<\/p>\n<h4 style=\"text-align: center;\">Cucharas de transporte<\/h4>\n<p>[\/vc_column_text][vc_single_image image=\u00bb1532&#8243; img_size=\u00bb200&#215;200&#8243; alignment=\u00bbcenter\u00bb][\/vc_column_inner][vc_column_inner width=\u00bb1\/3&#8243;][\/vc_column_inner][\/vc_row_inner][\/vc_column][vc_column][vc_empty_space]<div class=\"dt-fancy-separator\" style=\"width: 100%;\"><div class=\"dt-fancy-title\"><span class=\"separator-holder separator-left\"><\/span>un nivel de ba\u00f1o poco profundo?<span class=\"separator-holder separator-right\"><\/span><\/div><\/div>[\/vc_column][\/vc_row][vc_row animation=\u00bbfadeInRight\u00bb][vc_column width=\u00bb1\/2&#8243;][vc_single_image image=\u00bb1530&#8243; img_size=\u00bb200&#215;200&#8243; alignment=\u00bbcenter\u00bb][\/vc_column][vc_column width=\u00bb1\/2&#8243;][vc_btn title=\u00bbLee Mas\u00bb color=\u00bbdanger\u00bb align=\u00bbcenter\u00bb link=\u00bburl:https%3A%2F%2Flethiguel.com%2Fes%2Fcalentador-inmersion-tipo-l.html|title:Calentador%20de%20inmersi%C3%B3n%20Thermal%20Power%20tipo%20L||\u00bb css=\u00bb.vc_custom_1596183426069{padding-top: 80px !important;}\u00bb][\/vc_column][\/vc_row][vc_row][vc_column][vc_column_text]<\/p>\n<p style=\"text-align: center;\">\u00bfNo sabe cu\u00e1l ser\u00eda la mejor soluci\u00f3n para su situaci\u00f3n actual? No dude en comentarnos su caso: lo analizaremos minuciosamente y le daremos una respuesta lo antes posible.<\/p>\n<p>[\/vc_column_text][vc_btn title=\u00bbCont\u00e1ctenos\u00bb style=\u00bbcustom\u00bb custom_background=\u00bb#cf302d\u00bb custom_text=\u00bb#ffffff\u00bb size=\u00bblg\u00bb align=\u00bbcenter\u00bb link=\u00bburl:https%3A%2F%2Flethiguel.com%2Fcontact-us.html|title:Contact||\u00bb][\/vc_column][\/vc_row]<\/p>\n<\/section>","protected":false},"excerpt":{"rendered":"<p>[vc_row type=\u00bbvc_default\u00bb el_class=\u00bbbloc-article\u00bb][vc_column width=\u00bb1\/3&#8243; el_class=\u00bbtexteblanc bloc-text-bloc-article\u00bb][vc_column_text css=\u00bb.vc_custom_1649056208952{padding-top: 20px !important;padding-right: 20px !important;padding-bottom: 20px !important;padding-left: 20px !important;background-color: #313131 !important;}\u00bb] Ventajas del calentador de inmersi\u00f3n: Eficiencia de calefacci\u00f3n &gt;99%. 30 a 40 vatios por cm\u00b2. Potencia hasta 50kW Ahorro de energ\u00eda de hasta un 50% en comparaci\u00f3n con los m\u00e9todos de calefacci\u00f3n tradicionales Regulaci\u00f3n de temperatura +\/-2\u00b0C (+\/-&hellip;<\/p>\n","protected":false},"author":1,"featured_media":0,"parent":0,"menu_order":0,"comment_status":"closed","ping_status":"closed","template":"","meta":{"footnotes":""},"class_list":["post-291","page","type-page","status-publish","hentry","description-off"],"yoast_head":"<!-- This site is optimized with the Yoast SEO plugin v27.4 - https:\/\/yoast.com\/product\/yoast-seo-wordpress\/ -->\n<title>Lethiguel<\/title>\n<meta name=\"description\" content=\"LETHIGUEL fabrica calentadores de inmersi\u00f3n para fundici\u00f3n y reciclaje. Cont\u00e1ctenos para informaciones sobre nuestros productos dedicados a la fundici\u00f3n.\" \/>\n<meta name=\"robots\" content=\"index, follow, max-snippet:-1, max-image-preview:large, max-video-preview:-1\" \/>\n<link rel=\"canonical\" href=\"https:\/\/lethiguel.com\/es\/calentador-inmersion-thermal-power.html\" \/>\n<meta property=\"og:locale\" content=\"es_ES\" \/>\n<meta property=\"og:type\" content=\"article\" \/>\n<meta property=\"og:title\" content=\"Lethiguel\" \/>\n<meta property=\"og:description\" content=\"LETHIGUEL fabrica calentadores de inmersi\u00f3n para fundici\u00f3n y reciclaje. Cont\u00e1ctenos para informaciones sobre nuestros productos dedicados a la fundici\u00f3n.\" \/>\n<meta property=\"og:url\" content=\"https:\/\/lethiguel.com\/es\/calentador-inmersion-thermal-power.html\" \/>\n<meta property=\"og:site_name\" content=\"Lethiguel Espa\u00f1ol\" \/>\n<meta property=\"article:modified_time\" content=\"2022-04-04T07:10:11+00:00\" \/>\n<meta name=\"twitter:card\" content=\"summary_large_image\" \/>\n<meta name=\"twitter:label1\" content=\"Tiempo de lectura\" \/>\n\t<meta name=\"twitter:data1\" content=\"7 minutos\" \/>\n<script type=\"application\/ld+json\" class=\"yoast-schema-graph\">{\"@context\":\"https:\\\/\\\/schema.org\",\"@graph\":[{\"@type\":\"WebPage\",\"@id\":\"https:\\\/\\\/lethiguel.com\\\/es\\\/calentador-inmersion-thermal-power.html\",\"url\":\"https:\\\/\\\/lethiguel.com\\\/es\\\/calentador-inmersion-thermal-power.html\",\"name\":\"Lethiguel\",\"isPartOf\":{\"@id\":\"https:\\\/\\\/lethiguel.com\\\/es\\\/#website\"},\"datePublished\":\"2019-06-19T15:27:38+00:00\",\"dateModified\":\"2022-04-04T07:10:11+00:00\",\"description\":\"LETHIGUEL fabrica calentadores de inmersi\u00f3n para fundici\u00f3n y reciclaje. Cont\u00e1ctenos para informaciones sobre nuestros productos dedicados a la fundici\u00f3n.\",\"breadcrumb\":{\"@id\":\"https:\\\/\\\/lethiguel.com\\\/es\\\/calentador-inmersion-thermal-power.html#breadcrumb\"},\"inLanguage\":\"es\",\"potentialAction\":[{\"@type\":\"ReadAction\",\"target\":[\"https:\\\/\\\/lethiguel.com\\\/es\\\/calentador-inmersion-thermal-power.html\"]}]},{\"@type\":\"BreadcrumbList\",\"@id\":\"https:\\\/\\\/lethiguel.com\\\/es\\\/calentador-inmersion-thermal-power.html#breadcrumb\",\"itemListElement\":[{\"@type\":\"ListItem\",\"position\":1,\"name\":\"Accueil\",\"item\":\"https:\\\/\\\/lethiguel.com\\\/es\\\/\"},{\"@type\":\"ListItem\",\"position\":2,\"name\":\"Calentador de inmersi\u00f3n Thermal Power\"}]},{\"@type\":\"WebSite\",\"@id\":\"https:\\\/\\\/lethiguel.com\\\/es\\\/#website\",\"url\":\"https:\\\/\\\/lethiguel.com\\\/es\\\/\",\"name\":\"Lethiguel Espa\u00f1ol\",\"description\":\"Heating and cooling solutions\",\"potentialAction\":[{\"@type\":\"SearchAction\",\"target\":{\"@type\":\"EntryPoint\",\"urlTemplate\":\"https:\\\/\\\/lethiguel.com\\\/es\\\/?s={search_term_string}\"},\"query-input\":{\"@type\":\"PropertyValueSpecification\",\"valueRequired\":true,\"valueName\":\"search_term_string\"}}],\"inLanguage\":\"es\"}]}<\/script>\n<!-- \/ Yoast SEO plugin. -->","yoast_head_json":{"title":"Lethiguel","description":"LETHIGUEL fabrica calentadores de inmersi\u00f3n para fundici\u00f3n y reciclaje. Cont\u00e1ctenos para informaciones sobre nuestros productos dedicados a la fundici\u00f3n.","robots":{"index":"index","follow":"follow","max-snippet":"max-snippet:-1","max-image-preview":"max-image-preview:large","max-video-preview":"max-video-preview:-1"},"canonical":"https:\/\/lethiguel.com\/es\/calentador-inmersion-thermal-power.html","og_locale":"es_ES","og_type":"article","og_title":"Lethiguel","og_description":"LETHIGUEL fabrica calentadores de inmersi\u00f3n para fundici\u00f3n y reciclaje. Cont\u00e1ctenos para informaciones sobre nuestros productos dedicados a la fundici\u00f3n.","og_url":"https:\/\/lethiguel.com\/es\/calentador-inmersion-thermal-power.html","og_site_name":"Lethiguel Espa\u00f1ol","article_modified_time":"2022-04-04T07:10:11+00:00","twitter_card":"summary_large_image","twitter_misc":{"Tiempo de lectura":"7 minutos"},"schema":{"@context":"https:\/\/schema.org","@graph":[{"@type":"WebPage","@id":"https:\/\/lethiguel.com\/es\/calentador-inmersion-thermal-power.html","url":"https:\/\/lethiguel.com\/es\/calentador-inmersion-thermal-power.html","name":"Lethiguel","isPartOf":{"@id":"https:\/\/lethiguel.com\/es\/#website"},"datePublished":"2019-06-19T15:27:38+00:00","dateModified":"2022-04-04T07:10:11+00:00","description":"LETHIGUEL fabrica calentadores de inmersi\u00f3n para fundici\u00f3n y reciclaje. Cont\u00e1ctenos para informaciones sobre nuestros productos dedicados a la fundici\u00f3n.","breadcrumb":{"@id":"https:\/\/lethiguel.com\/es\/calentador-inmersion-thermal-power.html#breadcrumb"},"inLanguage":"es","potentialAction":[{"@type":"ReadAction","target":["https:\/\/lethiguel.com\/es\/calentador-inmersion-thermal-power.html"]}]},{"@type":"BreadcrumbList","@id":"https:\/\/lethiguel.com\/es\/calentador-inmersion-thermal-power.html#breadcrumb","itemListElement":[{"@type":"ListItem","position":1,"name":"Accueil","item":"https:\/\/lethiguel.com\/es\/"},{"@type":"ListItem","position":2,"name":"Calentador de inmersi\u00f3n Thermal Power"}]},{"@type":"WebSite","@id":"https:\/\/lethiguel.com\/es\/#website","url":"https:\/\/lethiguel.com\/es\/","name":"Lethiguel Espa\u00f1ol","description":"Heating and cooling solutions","potentialAction":[{"@type":"SearchAction","target":{"@type":"EntryPoint","urlTemplate":"https:\/\/lethiguel.com\/es\/?s={search_term_string}"},"query-input":{"@type":"PropertyValueSpecification","valueRequired":true,"valueName":"search_term_string"}}],"inLanguage":"es"}]}},"_links":{"self":[{"href":"https:\/\/lethiguel.com\/es\/wp-json\/wp\/v2\/pages\/291","targetHints":{"allow":["GET"]}}],"collection":[{"href":"https:\/\/lethiguel.com\/es\/wp-json\/wp\/v2\/pages"}],"about":[{"href":"https:\/\/lethiguel.com\/es\/wp-json\/wp\/v2\/types\/page"}],"author":[{"embeddable":true,"href":"https:\/\/lethiguel.com\/es\/wp-json\/wp\/v2\/users\/1"}],"replies":[{"embeddable":true,"href":"https:\/\/lethiguel.com\/es\/wp-json\/wp\/v2\/comments?post=291"}],"version-history":[{"count":25,"href":"https:\/\/lethiguel.com\/es\/wp-json\/wp\/v2\/pages\/291\/revisions"}],"predecessor-version":[{"id":1926,"href":"https:\/\/lethiguel.com\/es\/wp-json\/wp\/v2\/pages\/291\/revisions\/1926"}],"wp:attachment":[{"href":"https:\/\/lethiguel.com\/es\/wp-json\/wp\/v2\/media?parent=291"}],"curies":[{"name":"wp","href":"https:\/\/api.w.org\/{rel}","templated":true}]}}