{"id":299,"date":"2019-06-20T13:36:09","date_gmt":"2019-06-20T11:36:09","guid":{"rendered":"https:\/\/lethiguel.com\/es\/?page_id=299"},"modified":"2020-07-31T10:32:52","modified_gmt":"2020-07-31T08:32:52","slug":"calentador-inmersion-tipo-l","status":"publish","type":"page","link":"https:\/\/lethiguel.com\/es\/calentador-inmersion-tipo-l.html","title":{"rendered":"Calentador de inmersi\u00f3n Thermal Power tipo L"},"content":{"rendered":"<section class=\"wpb-content-wrapper\"><p>[vc_row el_class=\u00bbbloc-article\u00bb][vc_column width=\u00bb1\/3&#8243; el_class=\u00bbtexteblanc bloc-text-bloc-article\u00bb][vc_column_text css=\u00bb.vc_custom_1585137559990{padding-top: 20px !important;padding-right: 20px !important;padding-bottom: 20px !important;padding-left: 20px !important;background-color: #313131 !important;}\u00bb]<\/p>\n<h3 class=\"avantages1\">Ventajas del calentador de inmersi\u00f3n tipo L:<\/h3>\n<ul>\n<li>Eficiencia de calefacci\u00f3n &gt;99%.<\/li>\n<li>Adecuado para niveles de metal poco profundos<\/li>\n<li>Ahorro de energ\u00eda de hasta un 50% en comparaci\u00f3n con los m\u00e9todos de calefacci\u00f3n tradicionales<\/li>\n<li>Regulaci\u00f3n de temperatura +\/-2\u00b0C (+\/- 36\u00b0F)<\/li>\n<li>Calentamiento r\u00e1pido y suave<\/li>\n<li>Instalaci\u00f3n r\u00e1pida, mantenimiento f\u00e1cil<\/li>\n<\/ul>\n<p>[\/vc_column_text][vc_column_text css=\u00bb.vc_custom_1585137572448{margin-top: -40px !important;padding-top: 20px !important;padding-right: 20px !important;padding-bottom: 20px !important;padding-left: 20px !important;background-color: #cf302d !important;}\u00bb]El <strong class=\"d2b\">calentador Thermal Power\u00ae tipo L<\/strong> se instala r\u00e1pidamente y ofrece la mejor calidad metal\u00fargica al regular la temperatura de flujo con una precisi\u00f3n de +\/- 2\u00b0C.[\/vc_column_text][\/vc_column][vc_column width=\u00bb2\/3&#8243; animation=\u00bbfadeInRight\u00bb el_class=\u00bbbloc-img-bloc-article\u00bb][vc_row_inner content_placement=\u00bbmiddle\u00bb][vc_column_inner][vc_single_image image=\u00bb309&#8243; img_size=\u00bbfull\u00bb][\/vc_column_inner][\/vc_row_inner][\/vc_column][\/vc_row][vc_row][vc_column animation=\u00bbfadeInLeft\u00bb][vc_column_text]<\/p>\n<h3>Ofrecemos un amplio abanico de soluciones personalizadas basadas en dos tipos est\u00e1ndar de calentadores de inmersi\u00f3n:<\/h3>\n<ul>\n<li><strong>Calentador de inmersi\u00f3n Thermal Power tipo L<\/strong> para la artesa de transferencia: un m\u00e1stil muy corto para que quepa en cualquier tipo de artesa<\/li>\n<li><strong>Calentador de inmersi\u00f3n Thermal Power tipo L<\/strong> para hornos con un nivel de ba\u00f1o poco profundo: dise\u00f1ado en funci\u00f3n de la capacidad de colada<\/li>\n<\/ul>\n<p>[\/vc_column_text][\/vc_column][\/vc_row][vc_row][vc_column animation=\u00bbfadeInLeft\u00bb][vc_column_text]<\/p>\n<h2>Posicionamiento y calibraci\u00f3n de los calentadores de aluminio por inmersi\u00f3n<\/h2>\n<p>Todos los calentadores de inmersi\u00f3n que instalamos est\u00e1n dise\u00f1ados en funci\u00f3n de las necesidades de nuestros clientes en cuanto a potencia de calentamiento, aplicaci\u00f3n y finalidad. Nuestros calentadores Thermal Power tipo L tambi\u00e9n est\u00e1n identificados con un n\u00famero de ID propio y un\u00edvoco.<\/p>\n<p>En el caso de los calentadores Thermal Power tipo L, tenemos en cuenta un m\u00ednimo de 11 par\u00e1metros para calibrarlos. Nuestro departamento de ingenier\u00eda dise\u00f1a la mejor soluci\u00f3n personalizada teniendo en cuenta las limitaciones t\u00e9cnicas y de posicionamiento.[\/vc_column_text][vc_row_inner][vc_column_inner width=\u00bb1\/2&#8243;]<div class=\"standard-arrow bullet-top\"><ul>\n<li>Tipo de aleaci\u00f3n<\/li>\n<li>Temperatura del ba\u00f1o<\/li>\n<li>Potencia<\/li>\n<li>Tensi\u00f3n<\/li>\n<li>Di\u00e1metro del tubo de protecci\u00f3n \u00d8<\/li>\n<li>Nivel m\u00ednimo del ba\u00f1o<\/li>\n<\/ul>\n<\/div>[\/vc_column_inner][vc_column_inner width=\u00bb1\/2&#8243;]<div class=\"standard-arrow bullet-top\"><ul>\n<li>Longitud por debajo de la brida<\/li>\n<li>Longitud sumergida<\/li>\n<li>Tipo de extensi\u00f3n<\/li>\n<li>Termopar tipo K<\/li>\n<li>Longitud horizontal<\/li>\n<\/ul>\n<\/div>[\/vc_column_inner][\/vc_row_inner][vc_row_inner][vc_column_inner][vc_column_text]Utilizar un sistema de calentamiento de aluminio por inmersi\u00f3n es la manera m\u00e1s eficiente de supervisar y gestionar de forma precisa la temperatura del ba\u00f1o de aluminio. Permite ahorrar energ\u00eda y mejorar la calidad del metal y la productividad.[\/vc_column_text][\/vc_column_inner][\/vc_row_inner][vc_row_inner][vc_column_inner width=\u00bb1\/2&#8243;][vc_single_image image=\u00bb1554&#8243; img_size=\u00bb500&#215;300&#8243; alignment=\u00bbcenter\u00bb][\/vc_column_inner][vc_column_inner width=\u00bb1\/2&#8243;][vc_single_image image=\u00bb1555&#8243; img_size=\u00bb500&#215;300&#8243; alignment=\u00bbcenter\u00bb][\/vc_column_inner][\/vc_row_inner][\/vc_column][\/vc_row][vc_row][vc_column animation=\u00bbfadeInLeft\u00bb][vc_column_text]<\/p>\n<h4 style=\"text-align: left;\">Est\u00e1n espec\u00edficamente dise\u00f1ados para niveles de ba\u00f1o poco profundos y para las artesas de transferencia<\/h4>\n<p>[\/vc_column_text][vc_column_text]Uno de nuestros clientes ha resuelto con \u00e9xito sus problemas con nuestro Calentador de inmersi\u00f3n Thermal Power tipo L, \u00a1no dude en consultar el estudio de caso![\/vc_column_text][vc_btn title=\u00bbEstudio de caso\u00bb color=\u00bbdanger\u00bb link=\u00bburl:https%3A%2F%2Flethiguel.com%2Fes%2F1635-2.html|title:Calentador%20tipo%20L%20estudio%20de%20caso||rel:nofollow\u00bb][\/vc_column][\/vc_row][vc_row][vc_column animation=\u00bbfadeInLeft\u00bb]<div class=\"dt-fancy-separator text-big title-color\" style=\"width: 100%;\"><div class=\"dt-fancy-title\"><span class=\"separator-holder separator-left\"><\/span>Aplicaciones principales de nuestros calentadores de inmersi\u00f3n<span class=\"separator-holder separator-right\"><\/span><\/div><\/div>[\/vc_column][\/vc_row][vc_row][vc_column animation=\u00bbfadeInLeft\u00bb][vc_row_inner el_class=\u00bbbloc-petite-img\u00bb][vc_column_inner el_class=\u00bbbloc-img-centrage\u00bb width=\u00bb1\/2&#8243;][vc_single_image image=\u00bb957&#8243; img_size=\u00bb300&#215;300&#8243; alignment=\u00bbcenter\u00bb][vc_column_text]<\/p>\n<p style=\"text-align: center;\">Tipo L en artesas de transferencia<\/p>\n<p>[\/vc_column_text][\/vc_column_inner][vc_column_inner el_class=\u00bbbloc-img-centrage\u00bb width=\u00bb1\/2&#8243;][vc_single_image image=\u00bb956&#8243; img_size=\u00bb300&#215;300&#8243; alignment=\u00bbcenter\u00bb][vc_column_text]<\/p>\n<p style=\"text-align: center;\">Tipo L en hornos de soporte<\/p>\n<p>[\/vc_column_text][\/vc_column_inner][\/vc_row_inner][\/vc_column][\/vc_row][vc_row][vc_column][vc_btn title=\u00bbCont\u00e1ctenos\u00bb style=\u00bbcustom\u00bb custom_background=\u00bb#cf302d\u00bb custom_text=\u00bb#ffffff\u00bb size=\u00bblg\u00bb align=\u00bbcenter\u00bb link=\u00bburl:https%3A%2F%2Flethiguel.com%2Fcontact-us.html|title:Contact||\u00bb][\/vc_column][\/vc_row]<\/p>\n<\/section>","protected":false},"excerpt":{"rendered":"<p>[vc_row el_class=\u00bbbloc-article\u00bb][vc_column width=\u00bb1\/3&#8243; el_class=\u00bbtexteblanc bloc-text-bloc-article\u00bb][vc_column_text css=\u00bb.vc_custom_1585137559990{padding-top: 20px !important;padding-right: 20px !important;padding-bottom: 20px !important;padding-left: 20px !important;background-color: #313131 !important;}\u00bb] Ventajas del calentador de inmersi\u00f3n tipo L: Eficiencia de calefacci\u00f3n &gt;99%. Adecuado para niveles de metal poco profundos Ahorro de energ\u00eda de hasta un 50% en comparaci\u00f3n con los m\u00e9todos de calefacci\u00f3n tradicionales Regulaci\u00f3n de temperatura +\/-2\u00b0C (+\/- 36\u00b0F)&hellip;<\/p>\n","protected":false},"author":1,"featured_media":0,"parent":0,"menu_order":0,"comment_status":"closed","ping_status":"closed","template":"","meta":{"footnotes":""},"class_list":["post-299","page","type-page","status-publish","hentry","description-off"],"yoast_head":"<!-- This site is optimized with the Yoast SEO plugin v27.4 - https:\/\/yoast.com\/product\/yoast-seo-wordpress\/ -->\n<title>Lethiguel<\/title>\n<meta name=\"description\" content=\"LETHIGUEL fabrica calentadores de inmersi\u00f3n de tipo L para fundici\u00f3n. Cont\u00e1ctenos para m\u00e1s detalles sobre nuestros productos.\" \/>\n<meta name=\"robots\" content=\"index, follow, max-snippet:-1, max-image-preview:large, max-video-preview:-1\" \/>\n<link rel=\"canonical\" href=\"https:\/\/lethiguel.com\/es\/calentador-inmersion-tipo-l.html\" \/>\n<meta property=\"og:locale\" content=\"es_ES\" \/>\n<meta property=\"og:type\" content=\"article\" \/>\n<meta property=\"og:title\" content=\"Lethiguel\" \/>\n<meta property=\"og:description\" content=\"LETHIGUEL fabrica calentadores de inmersi\u00f3n de tipo L para fundici\u00f3n. Cont\u00e1ctenos para m\u00e1s detalles sobre nuestros productos.\" \/>\n<meta property=\"og:url\" content=\"https:\/\/lethiguel.com\/es\/calentador-inmersion-tipo-l.html\" \/>\n<meta property=\"og:site_name\" content=\"Lethiguel Espa\u00f1ol\" \/>\n<meta property=\"article:modified_time\" content=\"2020-07-31T08:32:52+00:00\" \/>\n<meta name=\"twitter:card\" content=\"summary_large_image\" \/>\n<meta name=\"twitter:label1\" content=\"Tiempo de lectura\" \/>\n\t<meta name=\"twitter:data1\" content=\"4 minutos\" \/>\n<script type=\"application\/ld+json\" class=\"yoast-schema-graph\">{\"@context\":\"https:\\\/\\\/schema.org\",\"@graph\":[{\"@type\":\"WebPage\",\"@id\":\"https:\\\/\\\/lethiguel.com\\\/es\\\/calentador-inmersion-tipo-l.html\",\"url\":\"https:\\\/\\\/lethiguel.com\\\/es\\\/calentador-inmersion-tipo-l.html\",\"name\":\"Lethiguel\",\"isPartOf\":{\"@id\":\"https:\\\/\\\/lethiguel.com\\\/es\\\/#website\"},\"datePublished\":\"2019-06-20T11:36:09+00:00\",\"dateModified\":\"2020-07-31T08:32:52+00:00\",\"description\":\"LETHIGUEL fabrica calentadores de inmersi\u00f3n de tipo L para fundici\u00f3n. Cont\u00e1ctenos para m\u00e1s detalles sobre nuestros productos.\",\"breadcrumb\":{\"@id\":\"https:\\\/\\\/lethiguel.com\\\/es\\\/calentador-inmersion-tipo-l.html#breadcrumb\"},\"inLanguage\":\"es\",\"potentialAction\":[{\"@type\":\"ReadAction\",\"target\":[\"https:\\\/\\\/lethiguel.com\\\/es\\\/calentador-inmersion-tipo-l.html\"]}]},{\"@type\":\"BreadcrumbList\",\"@id\":\"https:\\\/\\\/lethiguel.com\\\/es\\\/calentador-inmersion-tipo-l.html#breadcrumb\",\"itemListElement\":[{\"@type\":\"ListItem\",\"position\":1,\"name\":\"Accueil\",\"item\":\"https:\\\/\\\/lethiguel.com\\\/es\\\/\"},{\"@type\":\"ListItem\",\"position\":2,\"name\":\"Calentador de inmersi\u00f3n Thermal Power tipo L\"}]},{\"@type\":\"WebSite\",\"@id\":\"https:\\\/\\\/lethiguel.com\\\/es\\\/#website\",\"url\":\"https:\\\/\\\/lethiguel.com\\\/es\\\/\",\"name\":\"Lethiguel Espa\u00f1ol\",\"description\":\"Heating and cooling solutions\",\"potentialAction\":[{\"@type\":\"SearchAction\",\"target\":{\"@type\":\"EntryPoint\",\"urlTemplate\":\"https:\\\/\\\/lethiguel.com\\\/es\\\/?s={search_term_string}\"},\"query-input\":{\"@type\":\"PropertyValueSpecification\",\"valueRequired\":true,\"valueName\":\"search_term_string\"}}],\"inLanguage\":\"es\"}]}<\/script>\n<!-- \/ Yoast SEO plugin. -->","yoast_head_json":{"title":"Lethiguel","description":"LETHIGUEL fabrica calentadores de inmersi\u00f3n de tipo L para fundici\u00f3n. Cont\u00e1ctenos para m\u00e1s detalles sobre nuestros productos.","robots":{"index":"index","follow":"follow","max-snippet":"max-snippet:-1","max-image-preview":"max-image-preview:large","max-video-preview":"max-video-preview:-1"},"canonical":"https:\/\/lethiguel.com\/es\/calentador-inmersion-tipo-l.html","og_locale":"es_ES","og_type":"article","og_title":"Lethiguel","og_description":"LETHIGUEL fabrica calentadores de inmersi\u00f3n de tipo L para fundici\u00f3n. Cont\u00e1ctenos para m\u00e1s detalles sobre nuestros productos.","og_url":"https:\/\/lethiguel.com\/es\/calentador-inmersion-tipo-l.html","og_site_name":"Lethiguel Espa\u00f1ol","article_modified_time":"2020-07-31T08:32:52+00:00","twitter_card":"summary_large_image","twitter_misc":{"Tiempo de lectura":"4 minutos"},"schema":{"@context":"https:\/\/schema.org","@graph":[{"@type":"WebPage","@id":"https:\/\/lethiguel.com\/es\/calentador-inmersion-tipo-l.html","url":"https:\/\/lethiguel.com\/es\/calentador-inmersion-tipo-l.html","name":"Lethiguel","isPartOf":{"@id":"https:\/\/lethiguel.com\/es\/#website"},"datePublished":"2019-06-20T11:36:09+00:00","dateModified":"2020-07-31T08:32:52+00:00","description":"LETHIGUEL fabrica calentadores de inmersi\u00f3n de tipo L para fundici\u00f3n. Cont\u00e1ctenos para m\u00e1s detalles sobre nuestros productos.","breadcrumb":{"@id":"https:\/\/lethiguel.com\/es\/calentador-inmersion-tipo-l.html#breadcrumb"},"inLanguage":"es","potentialAction":[{"@type":"ReadAction","target":["https:\/\/lethiguel.com\/es\/calentador-inmersion-tipo-l.html"]}]},{"@type":"BreadcrumbList","@id":"https:\/\/lethiguel.com\/es\/calentador-inmersion-tipo-l.html#breadcrumb","itemListElement":[{"@type":"ListItem","position":1,"name":"Accueil","item":"https:\/\/lethiguel.com\/es\/"},{"@type":"ListItem","position":2,"name":"Calentador de inmersi\u00f3n Thermal Power tipo L"}]},{"@type":"WebSite","@id":"https:\/\/lethiguel.com\/es\/#website","url":"https:\/\/lethiguel.com\/es\/","name":"Lethiguel Espa\u00f1ol","description":"Heating and cooling solutions","potentialAction":[{"@type":"SearchAction","target":{"@type":"EntryPoint","urlTemplate":"https:\/\/lethiguel.com\/es\/?s={search_term_string}"},"query-input":{"@type":"PropertyValueSpecification","valueRequired":true,"valueName":"search_term_string"}}],"inLanguage":"es"}]}},"_links":{"self":[{"href":"https:\/\/lethiguel.com\/es\/wp-json\/wp\/v2\/pages\/299","targetHints":{"allow":["GET"]}}],"collection":[{"href":"https:\/\/lethiguel.com\/es\/wp-json\/wp\/v2\/pages"}],"about":[{"href":"https:\/\/lethiguel.com\/es\/wp-json\/wp\/v2\/types\/page"}],"author":[{"embeddable":true,"href":"https:\/\/lethiguel.com\/es\/wp-json\/wp\/v2\/users\/1"}],"replies":[{"embeddable":true,"href":"https:\/\/lethiguel.com\/es\/wp-json\/wp\/v2\/comments?post=299"}],"version-history":[{"count":21,"href":"https:\/\/lethiguel.com\/es\/wp-json\/wp\/v2\/pages\/299\/revisions"}],"predecessor-version":[{"id":1726,"href":"https:\/\/lethiguel.com\/es\/wp-json\/wp\/v2\/pages\/299\/revisions\/1726"}],"wp:attachment":[{"href":"https:\/\/lethiguel.com\/es\/wp-json\/wp\/v2\/media?parent=299"}],"curies":[{"name":"wp","href":"https:\/\/api.w.org\/{rel}","templated":true}]}}