{"id":311,"date":"2019-06-20T14:02:19","date_gmt":"2019-06-20T12:02:19","guid":{"rendered":"https:\/\/lethiguel.com\/es\/?page_id=311"},"modified":"2021-06-16T15:06:22","modified_gmt":"2021-06-16T13:06:22","slug":"solucion-calentamiento-wattmobil","status":"publish","type":"page","link":"https:\/\/lethiguel.com\/es\/solucion-calentamiento-wattmobil.html","title":{"rendered":"WattMobil, soluci\u00f3n de calentamiento"},"content":{"rendered":"<section class=\"wpb-content-wrapper\"><p>[vc_row type=\u00bbvc_default\u00bb content_placement=\u00bbmiddle\u00bb el_class=\u00bbbloc-article\u00bb][vc_column width=\u00bb1\/3&#8243; el_class=\u00bbtexteblanc bloc-text-bloc-article\u00bb][vc_column_text css=\u00bb.vc_custom_1576184659670{padding-top: 20px !important;padding-right: 20px !important;padding-bottom: 20px !important;padding-left: 20px !important;background-color: #313131 !important;}\u00bb]<\/p>\n<h3 class=\"avantages1\">La soluci\u00f3n de calentamiento WattMobil\u00ae est\u00e1 dise\u00f1ado para ayudar en las siguientes situaciones:<\/h3>\n<ul>\n<li><strong class=\"d2b\">Mantenimiento de hornos<\/strong><\/li>\n<li>Elevaci\u00f3n y control de la temperatura<\/li>\n<li>Aver\u00eda del horno<\/li>\n<li>Tiempo de <strong class=\"d2b\">desgasificaci\u00f3n<\/strong><\/li>\n<li>Aumentar el rendimiento del horno<\/li>\n<\/ul>\n<p>[\/vc_column_text][vc_column_text css=\u00bb.vc_custom_1610529240615{margin-top: -40px !important;padding-top: 20px !important;padding-right: 20px !important;padding-bottom: 20px !important;padding-left: 20px !important;background-color: #cf302d !important;}\u00bb]Dise\u00f1ado de acuerdo con los est\u00e1ndares requeridos por la <strong class=\"d2b\">fundici\u00f3n<\/strong>, la <strong class=\"d2b\">soluci\u00f3n de calentamiento WattMobil\u00ae<\/strong> es el concentrado perfecto de una varilla de calentamiento el\u00e9ctrica de alta eficiencia, un calentador de inmersi\u00f3n y una plataforma rodante con un gabinete de control el\u00e9ctrico integrado.[\/vc_column_text][\/vc_column][vc_column width=\u00bb2\/3&#8243; animation=\u00bbfadeInRight\u00bb el_class=\u00bbbloc-img-bloc-article\u00bb][vc_single_image image=\u00bb1815&#8243; img_size=\u00bbfull\u00bb alignment=\u00bbcenter\u00bb][\/vc_column][\/vc_row][vc_row][vc_column animation=\u00bbfadeInLeft\u00bb][vc_single_image image=\u00bb1813&#8243; img_size=\u00bbfull\u00bb alignment=\u00bbcenter\u00bb css_animation=\u00bbfadeInLeft\u00bb][\/vc_column][\/vc_row][vc_row][vc_column animation=\u00bbfadeInLeft\u00bb][vc_column_text]<\/p>\n<h3>Transmitiendo la potencia directamente al coraz\u00f3n del <strong class=\"d2b\">metal fundido<\/strong>, una estaci\u00f3n WattMobil\u00ae asegura tanto el mantenimiento eficiente como el aumento de la temperatura, utilizando el 99% de la disipaci\u00f3n de potencia del calentador.<\/h3>\n<p>[\/vc_column_text][\/vc_column][\/vc_row][vc_row][vc_column width=\u00bb1\/2&#8243; animation=\u00bbfadeInLeft\u00bb][vc_single_image image=\u00bb1814&#8243; img_size=\u00bbfull\u00bb css_animation=\u00bbfadeInLeft\u00bb][\/vc_column][vc_column width=\u00bb1\/2&#8243;][vc_single_image image=\u00bb1816&#8243; img_size=\u00bbfull\u00bb css_animation=\u00bbfadeInRight\u00bb][\/vc_column][\/vc_row][vc_row][vc_column animation=\u00bbfadeInLeft\u00bb][vc_column_text]<\/p>\n<h3>El uso continuo permite aliviar el techo de calefacci\u00f3n del horno<\/h3>\n<ul>\n<li>Ayudando as\u00ed a ahorrar notablemente energ\u00eda<\/li>\n<li>Reducir la oxidaci\u00f3n del ba\u00f1o y eliminar la acumulaci\u00f3n de corind\u00f3n.<\/li>\n<\/ul>\n<p>[\/vc_column_text][vc_single_image image=\u00bb1811&#8243; img_size=\u00bbfull\u00bb alignment=\u00bbcenter\u00bb][\/vc_column][\/vc_row][vc_row][vc_column animation=\u00bbfadeInLeft\u00bb][vc_column_text]WattMobil\u00ae es nuestra soluci\u00f3n ideal para el mantenimiento de la temperatura de sus hornos.<\/p>\n<p>[\/vc_column_text][vc_btn title=\u00bbWattMobil Estudio de caso\u00bb color=\u00bbdanger\u00bb link=\u00bburl:https%3A%2F%2Flethiguel.com%2Fes%2Fwattmobil-estudio-de-caso.html|title:WattMobil%20Estudio%20de%20caso||\u00bb][\/vc_column][\/vc_row][vc_row][vc_column animation=\u00bbfadeInRight\u00bb]<div class=\"dt-fancy-separator\" style=\"width: 100%;\"><div class=\"dt-fancy-title\"><span class=\"separator-holder separator-left\"><\/span>Aplicaciones principales<span class=\"separator-holder separator-right\"><\/span><\/div><\/div>[vc_row_inner][vc_column_inner width=\u00bb1\/3&#8243;][vc_column_text]<\/p>\n<p style=\"text-align: center;\">Cuchara de transporte<\/p>\n<p>[\/vc_column_text][vc_single_image image=\u00bb1856&#8243; img_size=\u00bbmedium\u00bb alignment=\u00bbcenter\u00bb][\/vc_column_inner][vc_column_inner width=\u00bb1\/3&#8243;][vc_column_text]<\/p>\n<p style=\"text-align: center;\">Mantenimiento del horno<\/p>\n<p>[\/vc_column_text][vc_single_image image=\u00bb1855&#8243; img_size=\u00bbmedium\u00bb alignment=\u00bbcenter\u00bb][\/vc_column_inner][vc_column_inner width=\u00bb1\/3&#8243;][vc_column_text]<\/p>\n<p style=\"text-align: center;\">Tiempo de desgasificaci\u00f3n<\/p>\n<p>[\/vc_column_text][vc_single_image image=\u00bb1854&#8243; img_size=\u00bbmedium\u00bb alignment=\u00bbcenter\u00bb][\/vc_column_inner][\/vc_row_inner][\/vc_column][\/vc_row][vc_row][vc_column][vc_btn title=\u00bbCont\u00e1ctenos\u00bb style=\u00bbcustom\u00bb custom_background=\u00bb#cf302d\u00bb custom_text=\u00bb#ffffff\u00bb size=\u00bblg\u00bb align=\u00bbcenter\u00bb link=\u00bburl:https%3A%2F%2Flethiguel.com\/es%2Fcontact.html|title:Contact||\u00bb][\/vc_column][\/vc_row]<\/p>\n<\/section>","protected":false},"excerpt":{"rendered":"<p>[vc_row type=\u00bbvc_default\u00bb content_placement=\u00bbmiddle\u00bb el_class=\u00bbbloc-article\u00bb][vc_column width=\u00bb1\/3&#8243; el_class=\u00bbtexteblanc bloc-text-bloc-article\u00bb][vc_column_text css=\u00bb.vc_custom_1576184659670{padding-top: 20px !important;padding-right: 20px !important;padding-bottom: 20px !important;padding-left: 20px !important;background-color: #313131 !important;}\u00bb] La soluci\u00f3n de calentamiento WattMobil\u00ae est\u00e1 dise\u00f1ado para ayudar en las siguientes situaciones: Mantenimiento de hornos Elevaci\u00f3n y control de la temperatura Aver\u00eda del horno Tiempo de desgasificaci\u00f3n Aumentar el rendimiento del horno [\/vc_column_text][vc_column_text css=\u00bb.vc_custom_1610529240615{margin-top: -40px !important;padding-top:&hellip;<\/p>\n","protected":false},"author":1,"featured_media":0,"parent":0,"menu_order":0,"comment_status":"closed","ping_status":"closed","template":"","meta":{"footnotes":""},"class_list":["post-311","page","type-page","status-publish","hentry","description-off"],"yoast_head":"<!-- This site is optimized with the Yoast SEO plugin v27.4 - https:\/\/yoast.com\/product\/yoast-seo-wordpress\/ -->\n<title>Lethiguel<\/title>\n<meta name=\"description\" content=\"LETHIGUEL es l\u00edder en control de temperatura para metales no ferrosos. Lea m\u00e1s sobre nuestra soluci\u00f3n Watt Mobil para sistemas de hornos industriales.\" \/>\n<meta name=\"robots\" content=\"index, follow, max-snippet:-1, max-image-preview:large, max-video-preview:-1\" \/>\n<link rel=\"canonical\" href=\"https:\/\/lethiguel.com\/es\/solucion-calentamiento-wattmobil.html\" \/>\n<meta property=\"og:locale\" content=\"es_ES\" \/>\n<meta property=\"og:type\" content=\"article\" \/>\n<meta property=\"og:title\" content=\"Lethiguel\" \/>\n<meta property=\"og:description\" content=\"LETHIGUEL es l\u00edder en control de temperatura para metales no ferrosos. Lea m\u00e1s sobre nuestra soluci\u00f3n Watt Mobil para sistemas de hornos industriales.\" \/>\n<meta property=\"og:url\" content=\"https:\/\/lethiguel.com\/es\/solucion-calentamiento-wattmobil.html\" \/>\n<meta property=\"og:site_name\" content=\"Lethiguel Espa\u00f1ol\" \/>\n<meta property=\"article:modified_time\" content=\"2021-06-16T13:06:22+00:00\" \/>\n<meta name=\"twitter:card\" content=\"summary_large_image\" \/>\n<meta name=\"twitter:label1\" content=\"Tiempo de lectura\" \/>\n\t<meta name=\"twitter:data1\" content=\"3 minutos\" \/>\n<script type=\"application\/ld+json\" class=\"yoast-schema-graph\">{\"@context\":\"https:\\\/\\\/schema.org\",\"@graph\":[{\"@type\":\"WebPage\",\"@id\":\"https:\\\/\\\/lethiguel.com\\\/es\\\/solucion-calentamiento-wattmobil.html\",\"url\":\"https:\\\/\\\/lethiguel.com\\\/es\\\/solucion-calentamiento-wattmobil.html\",\"name\":\"Lethiguel\",\"isPartOf\":{\"@id\":\"https:\\\/\\\/lethiguel.com\\\/es\\\/#website\"},\"datePublished\":\"2019-06-20T12:02:19+00:00\",\"dateModified\":\"2021-06-16T13:06:22+00:00\",\"description\":\"LETHIGUEL es l\u00edder en control de temperatura para metales no ferrosos. Lea m\u00e1s sobre nuestra soluci\u00f3n Watt Mobil para sistemas de hornos industriales.\",\"breadcrumb\":{\"@id\":\"https:\\\/\\\/lethiguel.com\\\/es\\\/solucion-calentamiento-wattmobil.html#breadcrumb\"},\"inLanguage\":\"es\",\"potentialAction\":[{\"@type\":\"ReadAction\",\"target\":[\"https:\\\/\\\/lethiguel.com\\\/es\\\/solucion-calentamiento-wattmobil.html\"]}]},{\"@type\":\"BreadcrumbList\",\"@id\":\"https:\\\/\\\/lethiguel.com\\\/es\\\/solucion-calentamiento-wattmobil.html#breadcrumb\",\"itemListElement\":[{\"@type\":\"ListItem\",\"position\":1,\"name\":\"Accueil\",\"item\":\"https:\\\/\\\/lethiguel.com\\\/es\\\/\"},{\"@type\":\"ListItem\",\"position\":2,\"name\":\"WattMobil, soluci\u00f3n de calentamiento\"}]},{\"@type\":\"WebSite\",\"@id\":\"https:\\\/\\\/lethiguel.com\\\/es\\\/#website\",\"url\":\"https:\\\/\\\/lethiguel.com\\\/es\\\/\",\"name\":\"Lethiguel Espa\u00f1ol\",\"description\":\"Heating and cooling solutions\",\"potentialAction\":[{\"@type\":\"SearchAction\",\"target\":{\"@type\":\"EntryPoint\",\"urlTemplate\":\"https:\\\/\\\/lethiguel.com\\\/es\\\/?s={search_term_string}\"},\"query-input\":{\"@type\":\"PropertyValueSpecification\",\"valueRequired\":true,\"valueName\":\"search_term_string\"}}],\"inLanguage\":\"es\"}]}<\/script>\n<!-- \/ Yoast SEO plugin. -->","yoast_head_json":{"title":"Lethiguel","description":"LETHIGUEL es l\u00edder en control de temperatura para metales no ferrosos. Lea m\u00e1s sobre nuestra soluci\u00f3n Watt Mobil para sistemas de hornos industriales.","robots":{"index":"index","follow":"follow","max-snippet":"max-snippet:-1","max-image-preview":"max-image-preview:large","max-video-preview":"max-video-preview:-1"},"canonical":"https:\/\/lethiguel.com\/es\/solucion-calentamiento-wattmobil.html","og_locale":"es_ES","og_type":"article","og_title":"Lethiguel","og_description":"LETHIGUEL es l\u00edder en control de temperatura para metales no ferrosos. Lea m\u00e1s sobre nuestra soluci\u00f3n Watt Mobil para sistemas de hornos industriales.","og_url":"https:\/\/lethiguel.com\/es\/solucion-calentamiento-wattmobil.html","og_site_name":"Lethiguel Espa\u00f1ol","article_modified_time":"2021-06-16T13:06:22+00:00","twitter_card":"summary_large_image","twitter_misc":{"Tiempo de lectura":"3 minutos"},"schema":{"@context":"https:\/\/schema.org","@graph":[{"@type":"WebPage","@id":"https:\/\/lethiguel.com\/es\/solucion-calentamiento-wattmobil.html","url":"https:\/\/lethiguel.com\/es\/solucion-calentamiento-wattmobil.html","name":"Lethiguel","isPartOf":{"@id":"https:\/\/lethiguel.com\/es\/#website"},"datePublished":"2019-06-20T12:02:19+00:00","dateModified":"2021-06-16T13:06:22+00:00","description":"LETHIGUEL es l\u00edder en control de temperatura para metales no ferrosos. Lea m\u00e1s sobre nuestra soluci\u00f3n Watt Mobil para sistemas de hornos industriales.","breadcrumb":{"@id":"https:\/\/lethiguel.com\/es\/solucion-calentamiento-wattmobil.html#breadcrumb"},"inLanguage":"es","potentialAction":[{"@type":"ReadAction","target":["https:\/\/lethiguel.com\/es\/solucion-calentamiento-wattmobil.html"]}]},{"@type":"BreadcrumbList","@id":"https:\/\/lethiguel.com\/es\/solucion-calentamiento-wattmobil.html#breadcrumb","itemListElement":[{"@type":"ListItem","position":1,"name":"Accueil","item":"https:\/\/lethiguel.com\/es\/"},{"@type":"ListItem","position":2,"name":"WattMobil, soluci\u00f3n de calentamiento"}]},{"@type":"WebSite","@id":"https:\/\/lethiguel.com\/es\/#website","url":"https:\/\/lethiguel.com\/es\/","name":"Lethiguel Espa\u00f1ol","description":"Heating and cooling solutions","potentialAction":[{"@type":"SearchAction","target":{"@type":"EntryPoint","urlTemplate":"https:\/\/lethiguel.com\/es\/?s={search_term_string}"},"query-input":{"@type":"PropertyValueSpecification","valueRequired":true,"valueName":"search_term_string"}}],"inLanguage":"es"}]}},"_links":{"self":[{"href":"https:\/\/lethiguel.com\/es\/wp-json\/wp\/v2\/pages\/311","targetHints":{"allow":["GET"]}}],"collection":[{"href":"https:\/\/lethiguel.com\/es\/wp-json\/wp\/v2\/pages"}],"about":[{"href":"https:\/\/lethiguel.com\/es\/wp-json\/wp\/v2\/types\/page"}],"author":[{"embeddable":true,"href":"https:\/\/lethiguel.com\/es\/wp-json\/wp\/v2\/users\/1"}],"replies":[{"embeddable":true,"href":"https:\/\/lethiguel.com\/es\/wp-json\/wp\/v2\/comments?post=311"}],"version-history":[{"count":20,"href":"https:\/\/lethiguel.com\/es\/wp-json\/wp\/v2\/pages\/311\/revisions"}],"predecessor-version":[{"id":1857,"href":"https:\/\/lethiguel.com\/es\/wp-json\/wp\/v2\/pages\/311\/revisions\/1857"}],"wp:attachment":[{"href":"https:\/\/lethiguel.com\/es\/wp-json\/wp\/v2\/media?parent=311"}],"curies":[{"name":"wp","href":"https:\/\/api.w.org\/{rel}","templated":true}]}}