{"id":318,"date":"2019-06-20T14:13:07","date_gmt":"2019-06-20T12:13:07","guid":{"rendered":"https:\/\/lethiguel.com\/es\/?page_id=318"},"modified":"2020-07-31T12:13:34","modified_gmt":"2020-07-31T10:13:34","slug":"termopar-quickcheck","status":"publish","type":"page","link":"https:\/\/lethiguel.com\/es\/termopar-quickcheck.html","title":{"rendered":"Termopar QuickCheck"},"content":{"rendered":"<section class=\"wpb-content-wrapper\"><p>[vc_row type=\u00bbvc_default\u00bb content_placement=\u00bbmiddle\u00bb el_class=\u00bbbloc-article\u00bb][vc_column width=\u00bb1\/3&#8243; el_class=\u00bbtexteblanc bloc-text-bloc-article\u00bb][vc_column_text css=\u00bb.vc_custom_1576161685852{padding-top: 20px !important;padding-right: 20px !important;padding-bottom: 20px !important;padding-left: 20px !important;background-color: #313131 !important;}\u00bb]<\/p>\n<h3 class=\"avantages1\">Ventajas del termopar QuickCheck para fundici\u00f3n:<\/h3>\n<ul>\n<li>Respuesta instant\u00e1nea de medici\u00f3n de temperatura. Se puede utilizar incluso en el punto de partida<\/li>\n<li><strong class=\"d2b\">Termopar interno tipo K extra\u00edble<\/strong><\/li>\n<li>Uno o dos puntos de medici\u00f3n en un dispositivo<\/li>\n<li><strong class=\"d2b\">Termopar de larga duraci\u00f3n<\/strong>: Una garant\u00eda de salud de 12 meses (vida \u00fatil observada de m\u00e1s de 2,5 a\u00f1os)<\/li>\n<li>Longitud bajo la brida disponible de 650mm a 1300mm<\/li>\n<li>Vaina SN no humectante<\/li>\n<\/ul>\n<p>[\/vc_column_text][vc_column_text css=\u00bb.vc_custom_1576161849518{margin-top: -40px !important;padding-top: 20px !important;padding-right: 20px !important;padding-bottom: 20px !important;padding-left: 20px !important;background-color: #cf302d !important;}\u00bb]<strong>Termopar de larga duraci\u00f3n con respuesta instant\u00e1nea<\/strong><br \/>\nPara la fundici\u00f3n, el refinado y la aleaci\u00f3n del <strong class=\"d2b\">aluminio<\/strong> se requiere una <strong class=\"d2b\">temperatura extremadamente alta<\/strong>, por lo que se requiere la aplicaci\u00f3n de QuickCheck tecnolog\u00eda. La medici\u00f3n precisa e instant\u00e1nea de la <strong class=\"d2b\">temperatura de los hornos<\/strong> es necesaria para que el control de procesos mejore la calidad del producto y la eficiencia de la producci\u00f3n. Los termopares se recomiendan en <strong class=\"d2b\">ba\u00f1os de aluminio fundido<\/strong>, especialmente cuando hay r\u00e1pidas fluctuaciones de temperatura. Un termopar QuickCheck evita la ca\u00edda de temperatura en el ba\u00f1o de aluminio fundido y contribuye en gran medida al ahorro de energ\u00eda.[\/vc_column_text][\/vc_column][vc_column width=\u00bb2\/3&#8243; animation=\u00bbfadeInRight\u00bb el_class=\u00bbbloc-img-bloc-article\u00bb][vc_single_image image=\u00bb1291&#8243; img_size=\u00bbfull\u00bb alignment=\u00bbcenter\u00bb][\/vc_column][\/vc_row][vc_row][vc_column animation=\u00bbfadeInLeft\u00bb][vc_column_text]Quickcheck\u00ae es el complemento perfecto para las aplicaciones de los calentadores Thermal Power\u00ae, como los hornos Al Clean, las estaciones de calentamiento Twiga y las soluciones WattMobil.[\/vc_column_text][\/vc_column][\/vc_row][vc_row][vc_column][vc_btn title=\u00bbCont\u00e1ctenos\u00bb style=\u00bbcustom\u00bb custom_background=\u00bb#cf302d\u00bb custom_text=\u00bb#ffffff\u00bb size=\u00bblg\u00bb align=\u00bbcenter\u00bb link=\u00bburl:https%3A%2F%2Flethiguel.com\/es%2Fcontact.html|title:Contact||\u00bb][\/vc_column][\/vc_row]<\/p>\n<\/section>","protected":false},"excerpt":{"rendered":"<p>[vc_row type=\u00bbvc_default\u00bb content_placement=\u00bbmiddle\u00bb el_class=\u00bbbloc-article\u00bb][vc_column width=\u00bb1\/3&#8243; el_class=\u00bbtexteblanc bloc-text-bloc-article\u00bb][vc_column_text css=\u00bb.vc_custom_1576161685852{padding-top: 20px !important;padding-right: 20px !important;padding-bottom: 20px !important;padding-left: 20px !important;background-color: #313131 !important;}\u00bb] Ventajas del termopar QuickCheck para fundici\u00f3n: Respuesta instant\u00e1nea de medici\u00f3n de temperatura. Se puede utilizar incluso en el punto de partida Termopar interno tipo K extra\u00edble Uno o dos puntos de medici\u00f3n en un dispositivo Termopar de&hellip;<\/p>\n","protected":false},"author":1,"featured_media":0,"parent":0,"menu_order":0,"comment_status":"closed","ping_status":"closed","template":"","meta":{"footnotes":""},"class_list":["post-318","page","type-page","status-publish","hentry","description-off"],"yoast_head":"<!-- This site is optimized with the Yoast SEO plugin v27.4 - https:\/\/yoast.com\/product\/yoast-seo-wordpress\/ -->\n<title>Lethiguel<\/title>\n<meta name=\"description\" content=\"LETHIGUEL fabrica termopar QuickCheck para aluminio fundido. Cont\u00e1ctenos para m\u00e1s informaci\u00f3n sobre nuestros productos de enfriamiento y calefacci\u00f3n.\" \/>\n<meta name=\"robots\" content=\"index, follow, max-snippet:-1, max-image-preview:large, max-video-preview:-1\" \/>\n<link rel=\"canonical\" href=\"https:\/\/lethiguel.com\/es\/termopar-quickcheck.html\" \/>\n<meta property=\"og:locale\" content=\"es_ES\" \/>\n<meta property=\"og:type\" content=\"article\" \/>\n<meta property=\"og:title\" content=\"Lethiguel\" \/>\n<meta property=\"og:description\" content=\"LETHIGUEL fabrica termopar QuickCheck para aluminio fundido. Cont\u00e1ctenos para m\u00e1s informaci\u00f3n sobre nuestros productos de enfriamiento y calefacci\u00f3n.\" \/>\n<meta property=\"og:url\" content=\"https:\/\/lethiguel.com\/es\/termopar-quickcheck.html\" \/>\n<meta property=\"og:site_name\" content=\"Lethiguel Espa\u00f1ol\" \/>\n<meta property=\"article:modified_time\" content=\"2020-07-31T10:13:34+00:00\" \/>\n<meta name=\"twitter:card\" content=\"summary_large_image\" \/>\n<meta name=\"twitter:label1\" content=\"Tiempo de lectura\" \/>\n\t<meta name=\"twitter:data1\" content=\"2 minutos\" \/>\n<script type=\"application\/ld+json\" class=\"yoast-schema-graph\">{\"@context\":\"https:\\\/\\\/schema.org\",\"@graph\":[{\"@type\":\"WebPage\",\"@id\":\"https:\\\/\\\/lethiguel.com\\\/es\\\/termopar-quickcheck.html\",\"url\":\"https:\\\/\\\/lethiguel.com\\\/es\\\/termopar-quickcheck.html\",\"name\":\"Lethiguel\",\"isPartOf\":{\"@id\":\"https:\\\/\\\/lethiguel.com\\\/es\\\/#website\"},\"datePublished\":\"2019-06-20T12:13:07+00:00\",\"dateModified\":\"2020-07-31T10:13:34+00:00\",\"description\":\"LETHIGUEL fabrica termopar QuickCheck para aluminio fundido. Cont\u00e1ctenos para m\u00e1s informaci\u00f3n sobre nuestros productos de enfriamiento y calefacci\u00f3n.\",\"breadcrumb\":{\"@id\":\"https:\\\/\\\/lethiguel.com\\\/es\\\/termopar-quickcheck.html#breadcrumb\"},\"inLanguage\":\"es\",\"potentialAction\":[{\"@type\":\"ReadAction\",\"target\":[\"https:\\\/\\\/lethiguel.com\\\/es\\\/termopar-quickcheck.html\"]}]},{\"@type\":\"BreadcrumbList\",\"@id\":\"https:\\\/\\\/lethiguel.com\\\/es\\\/termopar-quickcheck.html#breadcrumb\",\"itemListElement\":[{\"@type\":\"ListItem\",\"position\":1,\"name\":\"Accueil\",\"item\":\"https:\\\/\\\/lethiguel.com\\\/es\\\/\"},{\"@type\":\"ListItem\",\"position\":2,\"name\":\"Termopar QuickCheck\"}]},{\"@type\":\"WebSite\",\"@id\":\"https:\\\/\\\/lethiguel.com\\\/es\\\/#website\",\"url\":\"https:\\\/\\\/lethiguel.com\\\/es\\\/\",\"name\":\"Lethiguel Espa\u00f1ol\",\"description\":\"Heating and cooling solutions\",\"potentialAction\":[{\"@type\":\"SearchAction\",\"target\":{\"@type\":\"EntryPoint\",\"urlTemplate\":\"https:\\\/\\\/lethiguel.com\\\/es\\\/?s={search_term_string}\"},\"query-input\":{\"@type\":\"PropertyValueSpecification\",\"valueRequired\":true,\"valueName\":\"search_term_string\"}}],\"inLanguage\":\"es\"}]}<\/script>\n<!-- \/ Yoast SEO plugin. -->","yoast_head_json":{"title":"Lethiguel","description":"LETHIGUEL fabrica termopar QuickCheck para aluminio fundido. Cont\u00e1ctenos para m\u00e1s informaci\u00f3n sobre nuestros productos de enfriamiento y calefacci\u00f3n.","robots":{"index":"index","follow":"follow","max-snippet":"max-snippet:-1","max-image-preview":"max-image-preview:large","max-video-preview":"max-video-preview:-1"},"canonical":"https:\/\/lethiguel.com\/es\/termopar-quickcheck.html","og_locale":"es_ES","og_type":"article","og_title":"Lethiguel","og_description":"LETHIGUEL fabrica termopar QuickCheck para aluminio fundido. Cont\u00e1ctenos para m\u00e1s informaci\u00f3n sobre nuestros productos de enfriamiento y calefacci\u00f3n.","og_url":"https:\/\/lethiguel.com\/es\/termopar-quickcheck.html","og_site_name":"Lethiguel Espa\u00f1ol","article_modified_time":"2020-07-31T10:13:34+00:00","twitter_card":"summary_large_image","twitter_misc":{"Tiempo de lectura":"2 minutos"},"schema":{"@context":"https:\/\/schema.org","@graph":[{"@type":"WebPage","@id":"https:\/\/lethiguel.com\/es\/termopar-quickcheck.html","url":"https:\/\/lethiguel.com\/es\/termopar-quickcheck.html","name":"Lethiguel","isPartOf":{"@id":"https:\/\/lethiguel.com\/es\/#website"},"datePublished":"2019-06-20T12:13:07+00:00","dateModified":"2020-07-31T10:13:34+00:00","description":"LETHIGUEL fabrica termopar QuickCheck para aluminio fundido. Cont\u00e1ctenos para m\u00e1s informaci\u00f3n sobre nuestros productos de enfriamiento y calefacci\u00f3n.","breadcrumb":{"@id":"https:\/\/lethiguel.com\/es\/termopar-quickcheck.html#breadcrumb"},"inLanguage":"es","potentialAction":[{"@type":"ReadAction","target":["https:\/\/lethiguel.com\/es\/termopar-quickcheck.html"]}]},{"@type":"BreadcrumbList","@id":"https:\/\/lethiguel.com\/es\/termopar-quickcheck.html#breadcrumb","itemListElement":[{"@type":"ListItem","position":1,"name":"Accueil","item":"https:\/\/lethiguel.com\/es\/"},{"@type":"ListItem","position":2,"name":"Termopar QuickCheck"}]},{"@type":"WebSite","@id":"https:\/\/lethiguel.com\/es\/#website","url":"https:\/\/lethiguel.com\/es\/","name":"Lethiguel Espa\u00f1ol","description":"Heating and cooling solutions","potentialAction":[{"@type":"SearchAction","target":{"@type":"EntryPoint","urlTemplate":"https:\/\/lethiguel.com\/es\/?s={search_term_string}"},"query-input":{"@type":"PropertyValueSpecification","valueRequired":true,"valueName":"search_term_string"}}],"inLanguage":"es"}]}},"_links":{"self":[{"href":"https:\/\/lethiguel.com\/es\/wp-json\/wp\/v2\/pages\/318","targetHints":{"allow":["GET"]}}],"collection":[{"href":"https:\/\/lethiguel.com\/es\/wp-json\/wp\/v2\/pages"}],"about":[{"href":"https:\/\/lethiguel.com\/es\/wp-json\/wp\/v2\/types\/page"}],"author":[{"embeddable":true,"href":"https:\/\/lethiguel.com\/es\/wp-json\/wp\/v2\/users\/1"}],"replies":[{"embeddable":true,"href":"https:\/\/lethiguel.com\/es\/wp-json\/wp\/v2\/comments?post=318"}],"version-history":[{"count":15,"href":"https:\/\/lethiguel.com\/es\/wp-json\/wp\/v2\/pages\/318\/revisions"}],"predecessor-version":[{"id":1727,"href":"https:\/\/lethiguel.com\/es\/wp-json\/wp\/v2\/pages\/318\/revisions\/1727"}],"wp:attachment":[{"href":"https:\/\/lethiguel.com\/es\/wp-json\/wp\/v2\/media?parent=318"}],"curies":[{"name":"wp","href":"https:\/\/api.w.org\/{rel}","templated":true}]}}