{"id":331,"date":"2019-06-20T14:35:55","date_gmt":"2019-06-20T12:35:55","guid":{"rendered":"https:\/\/lethiguel.com\/es\/?page_id=331"},"modified":"2023-11-10T14:50:48","modified_gmt":"2023-11-10T13:50:48","slug":"horno-soporte-aluminio-al-clean","status":"publish","type":"page","link":"https:\/\/lethiguel.com\/es\/horno-soporte-aluminio-al-clean.html","title":{"rendered":"Horno de soporte de aluminio Al Clean"},"content":{"rendered":"<section class=\"wpb-content-wrapper\"><p>[vc_row type=\u00bbvc_default\u00bb content_placement=\u00bbmiddle\u00bb el_class=\u00bbbloc-article\u00bb][vc_column width=\u00bb1\/3&#8243; el_class=\u00bbtexteblanc bloc-text-bloc-article\u00bb][vc_single_image image=\u00bb1182&#8243; img_size=\u00bbfull\u00bb][vc_column_text css=\u00bb.vc_custom_1584970546864{padding-top: 20px !important;padding-right: 20px !important;padding-bottom: 20px !important;padding-left: 20px !important;background-color: #313131 !important;}\u00bb]<\/p>\n<h3 class=\"avantages1\">Ventajas del horno de soporte de aluminio Al Clean:<\/h3>\n<ul>\n<li>3 tama\u00f1os disponibles: Al Clean 6500, Al Clean 3500 y Al Clean 1500<\/li>\n<li>Bajo consumo de energ\u00eda,\u00a0<strong class=\"d2b\">horno de alta velocidad de calentamiento<\/strong><\/li>\n<li><strong class=\"d2b\">Alta calidad de aluminio<\/strong><\/li>\n<li><strong class=\"d2b\">Desgasificaci\u00f3n<\/strong> integrada<\/li>\n<li>Control avanzado para el mantenimiento preventivo<\/li>\n<li>F\u00e1cil mantenimiento<\/li>\n<\/ul>\n<p>[\/vc_column_text][vc_column_text css=\u00bb.vc_custom_1584970568523{margin-top: -40px !important;padding-top: 20px !important;padding-right: 20px !important;padding-bottom: 20px !important;padding-left: 20px !important;background-color: #cf302d !important;}\u00bb]Al Clean es la l\u00ednea de <strong class=\"d2b\">horno de soporte de aluminio<\/strong> de Lethiguel. Dise\u00f1ado para optimizar la calidad del aluminio y el consumo de energ\u00eda, Al Clean utiliza el <strong class=\"d2b\">sistema de calefacci\u00f3n<\/strong>\u00a0m\u00e1s\u00a0<strong class=\"d2b\">eficiente<\/strong>\u00a0del mercado para combinar un consumo medio de energ\u00eda muy bajo con una alta velocidad de calentamiento. Montado con\u00a0<strong class=\"d2b\">calentadores de ThermalPower\u00aeinmersi\u00f3n Lethiguel<\/strong>, Al Clean optimiza la calidad del aluminio.<\/p>\n<p>Como resultado de a\u00f1os de experiencia en el campo, Al Clean est\u00e1 dise\u00f1ado para reducir el tiempo de operaci\u00f3n y permite un mantenimiento preventivo muy eficiente.<br \/>\nAl Clean es el activo para\u00a0<strong class=\"d2b\">mantener el aluminio en HPDC o en la fundici\u00f3n a presi\u00f3n por gravedad<\/strong>. Combina el ahorro de energ\u00eda y un alto poder calor\u00edfico.<\/p>\n<p><span class=\"fort\">Aumente la calidad y la eficiencia con Al Clean!<\/span>[\/vc_column_text][\/vc_column][vc_column width=\u00bb2\/3&#8243; animation=\u00bbfadeInRight\u00bb el_class=\u00bbbloc-img-bloc-article\u00bb][vc_single_image image=\u00bb1184&#8243; img_size=\u00bbfull\u00bb alignment=\u00bbcenter\u00bb css=\u00bb.vc_custom_1584970700746{margin-top: 200px !important;}\u00bb][vc_single_image image=\u00bb1514&#8243; img_size=\u00bbfull\u00bb alignment=\u00bbcenter\u00bb css=\u00bb.vc_custom_1584970741040{margin-top: -90px !important;}\u00bb][\/vc_column][\/vc_row][vc_row][vc_column animation=\u00bbfadeInLeft\u00bb][vc_single_image image=\u00bb1515&#8243; img_size=\u00bbfull\u00bb alignment=\u00bbcenter\u00bb][\/vc_column][\/vc_row][vc_row][vc_column animation=\u00bbfadeInLeft\u00bb][vc_row_inner][vc_column_inner][vc_column_text]<\/p>\n<h3 style=\"text-align: center;\">Principales ventajas de Al Clean, el horno de soporte de aluminio de Lethiguel<\/h3>\n<p>[\/vc_column_text][\/vc_column_inner][\/vc_row_inner][vc_row_inner][vc_column_inner width=\u00bb1\/3&#8243;][vc_column_text]<\/p>\n<p style=\"text-align: center;\">Regulaci\u00f3n inteligente, supervisi\u00f3n total y un uso sencillo e intuitivo con Comfort TP1200 de Siemens. Los datos de control pueden exportarse a una memoria USB.<\/p>\n<p>[\/vc_column_text][\/vc_column_inner][vc_column_inner width=\u00bb1\/3&#8243;][vc_column_text]<\/p>\n<p style=\"text-align: center;\">Los calentadores Thermal Power\u00ae, personalizados en funci\u00f3n de las necesidades de potencia, la temperatura del metal y el suministro el\u00e9ctrico, garantizan una potencia de calentamiento y una vida \u00fatil m\u00e1ximas.<\/p>\n<p>[\/vc_column_text][\/vc_column_inner][vc_column_inner width=\u00bb1\/3&#8243;][vc_column_text]<\/p>\n<p style=\"text-align: center;\">Mantenimiento sencillo con una posici\u00f3n de f\u00e1cil acceso para reparaciones y sustituciones del rotor. Posici\u00f3n ergon\u00f3mica y de seguridad para un mantenimiento r\u00e1pido.<\/p>\n<p>[\/vc_column_text][\/vc_column_inner][\/vc_row_inner][vc_row_inner][vc_column_inner width=\u00bb1\/3&#8243;][vc_column_text]<\/p>\n<p style=\"text-align: center;\">Dise\u00f1o ergon\u00f3mico para operaci\u00f3n, limpieza y muestreo con un lado dedicado al usuario que brinda f\u00e1cil acceso a calentadores, termopares y todos los ba\u00f1os de aluminio.<\/p>\n<p>[\/vc_column_text][\/vc_column_inner][vc_column_inner width=\u00bb1\/3&#8243;][vc_column_text]<\/p>\n<p style=\"text-align: center;\">Material refractario y aislante de alta calidad para una baja temperatura de la pared (&lt;55 \u00b0 C) y baja p\u00e9rdida de potencia de convecci\u00f3n.<\/p>\n<p>[\/vc_column_text][\/vc_column_inner][vc_column_inner width=\u00bb1\/3&#8243;][vc_column_text]<\/p>\n<p style=\"text-align: center;\">Desgasificaci\u00f3n integrada: una soluci\u00f3n integral para un procedimiento de fundici\u00f3n optimizado.<\/p>\n<p>[\/vc_column_text][\/vc_column_inner][\/vc_row_inner][\/vc_column][\/vc_row][vc_row][vc_column animation=\u00bbfadeInLeft\u00bb][vc_single_image image=\u00bb1718&#8243; img_size=\u00bbfull\u00bb][vc_btn title=\u00bbCaso de estudio\u00bb color=\u00bbdanger\u00bb link=\u00bburl:https%3A%2F%2Flethiguel.com%2Fes%2Fhorno-de-soporte-de-aluminio-estudio-de-caso.html|title:Horno%20de%20soporte%20de%20aluminio%20estudio%20de%20caso||\u00bb css=\u00bb.vc_custom_1596182855936{margin-top: -125px !important;margin-left: 40px !important;}\u00bb][\/vc_column][\/vc_row][vc_row][vc_column animation=\u00bbfadeInLeft\u00bb][vc_column_text]<\/p>\n<h3 style=\"text-align: center;\">Especificaciones t\u00e9cnicas del horno de soporte de aluminio<\/h3>\n<p>[\/vc_column_text][vc_single_image image=\u00bb1517&#8243; img_size=\u00bbfull\u00bb alignment=\u00bbcenter\u00bb style=\u00bbvc_box_shadow_3d\u00bb][\/vc_column][\/vc_row][vc_row type=\u00bbvc_default\u00bb gap=\u00bb10&#8243; css=\u00bb.vc_custom_1560947205923{margin-top: 30px !important;}\u00bb][vc_column width=\u00bb1\/2&#8243; animation=\u00bbfadeInLeft\u00bb el_class=\u00bbsimilar\u00bb][vc_column_text]<\/p>\n<h3>Productos similares<\/h3>\n<p>[\/vc_column_text][vc_separator color=\u00bbcustom\u00bb accent_color=\u00bb#474747&#8243; css=\u00bb.vc_custom_1560947192642{margin-top: -15px !important;}\u00bb][\/vc_column][vc_column width=\u00bb1\/2&#8243; animation=\u00bbfadeInRight\u00bb el_class=\u00bbaccessorie\u00bb][vc_column_text]<\/p>\n<h3>Accesorios<\/h3>\n<p>[\/vc_column_text][vc_separator color=\u00bbcustom\u00bb accent_color=\u00bb#474747&#8243; css=\u00bb.vc_custom_1560947199074{margin-top: -15px !important;}\u00bb][\/vc_column][\/vc_row][vc_row][vc_column][vc_btn title=\u00bbCont\u00e1ctenos\u00bb style=\u00bbcustom\u00bb custom_background=\u00bb#cf302d\u00bb custom_text=\u00bb#ffffff\u00bb size=\u00bblg\u00bb align=\u00bbcenter\u00bb link=\u00bburl:https%3A%2F%2Flethiguel.com%2Fcontact-us.html|title:Contact||\u00bb][\/vc_column][\/vc_row]<\/p>\n<\/section>","protected":false},"excerpt":{"rendered":"<p>[vc_row type=\u00bbvc_default\u00bb content_placement=\u00bbmiddle\u00bb el_class=\u00bbbloc-article\u00bb][vc_column width=\u00bb1\/3&#8243; el_class=\u00bbtexteblanc bloc-text-bloc-article\u00bb][vc_single_image image=\u00bb1182&#8243; img_size=\u00bbfull\u00bb][vc_column_text css=\u00bb.vc_custom_1584970546864{padding-top: 20px !important;padding-right: 20px !important;padding-bottom: 20px !important;padding-left: 20px !important;background-color: #313131 !important;}\u00bb] Ventajas del horno de soporte de aluminio Al Clean: 3 tama\u00f1os disponibles: Al Clean 6500, Al Clean 3500 y Al Clean 1500 Bajo consumo de energ\u00eda,\u00a0horno de alta velocidad de calentamiento Alta calidad de aluminio&hellip;<\/p>\n","protected":false},"author":1,"featured_media":0,"parent":0,"menu_order":0,"comment_status":"closed","ping_status":"closed","template":"","meta":{"footnotes":""},"class_list":["post-331","page","type-page","status-publish","hentry","description-off"],"yoast_head":"<!-- This site is optimized with the Yoast SEO plugin v27.4 - https:\/\/yoast.com\/product\/yoast-seo-wordpress\/ -->\n<title>Lethiguel<\/title>\n<meta name=\"description\" content=\"Lethiguel fabrica hornos de aluminio para aplicaciones de fundici\u00f3n a alta presi\u00f3n y gravedad. Cont\u00e1ctenos para obtener detalles sobre nuestra gama.\" \/>\n<meta name=\"robots\" content=\"index, follow, max-snippet:-1, max-image-preview:large, max-video-preview:-1\" \/>\n<link rel=\"canonical\" href=\"https:\/\/lethiguel.com\/es\/horno-soporte-aluminio-al-clean.html\" \/>\n<meta property=\"og:locale\" content=\"es_ES\" \/>\n<meta property=\"og:type\" content=\"article\" \/>\n<meta property=\"og:title\" content=\"Lethiguel\" \/>\n<meta property=\"og:description\" content=\"Lethiguel fabrica hornos de aluminio para aplicaciones de fundici\u00f3n a alta presi\u00f3n y gravedad. Cont\u00e1ctenos para obtener detalles sobre nuestra gama.\" \/>\n<meta property=\"og:url\" content=\"https:\/\/lethiguel.com\/es\/horno-soporte-aluminio-al-clean.html\" \/>\n<meta property=\"og:site_name\" content=\"Lethiguel Espa\u00f1ol\" \/>\n<meta property=\"article:modified_time\" content=\"2023-11-10T13:50:48+00:00\" \/>\n<meta name=\"twitter:card\" content=\"summary_large_image\" \/>\n<meta name=\"twitter:label1\" content=\"Tiempo de lectura\" \/>\n\t<meta name=\"twitter:data1\" content=\"4 minutos\" \/>\n<script type=\"application\/ld+json\" class=\"yoast-schema-graph\">{\"@context\":\"https:\\\/\\\/schema.org\",\"@graph\":[{\"@type\":\"WebPage\",\"@id\":\"https:\\\/\\\/lethiguel.com\\\/es\\\/horno-soporte-aluminio-al-clean.html\",\"url\":\"https:\\\/\\\/lethiguel.com\\\/es\\\/horno-soporte-aluminio-al-clean.html\",\"name\":\"Lethiguel\",\"isPartOf\":{\"@id\":\"https:\\\/\\\/lethiguel.com\\\/es\\\/#website\"},\"datePublished\":\"2019-06-20T12:35:55+00:00\",\"dateModified\":\"2023-11-10T13:50:48+00:00\",\"description\":\"Lethiguel fabrica hornos de aluminio para aplicaciones de fundici\u00f3n a alta presi\u00f3n y gravedad. Cont\u00e1ctenos para obtener detalles sobre nuestra gama.\",\"breadcrumb\":{\"@id\":\"https:\\\/\\\/lethiguel.com\\\/es\\\/horno-soporte-aluminio-al-clean.html#breadcrumb\"},\"inLanguage\":\"es\",\"potentialAction\":[{\"@type\":\"ReadAction\",\"target\":[\"https:\\\/\\\/lethiguel.com\\\/es\\\/horno-soporte-aluminio-al-clean.html\"]}]},{\"@type\":\"BreadcrumbList\",\"@id\":\"https:\\\/\\\/lethiguel.com\\\/es\\\/horno-soporte-aluminio-al-clean.html#breadcrumb\",\"itemListElement\":[{\"@type\":\"ListItem\",\"position\":1,\"name\":\"Accueil\",\"item\":\"https:\\\/\\\/lethiguel.com\\\/es\\\/\"},{\"@type\":\"ListItem\",\"position\":2,\"name\":\"Horno de soporte de aluminio Al Clean\"}]},{\"@type\":\"WebSite\",\"@id\":\"https:\\\/\\\/lethiguel.com\\\/es\\\/#website\",\"url\":\"https:\\\/\\\/lethiguel.com\\\/es\\\/\",\"name\":\"Lethiguel Espa\u00f1ol\",\"description\":\"Heating and cooling solutions\",\"potentialAction\":[{\"@type\":\"SearchAction\",\"target\":{\"@type\":\"EntryPoint\",\"urlTemplate\":\"https:\\\/\\\/lethiguel.com\\\/es\\\/?s={search_term_string}\"},\"query-input\":{\"@type\":\"PropertyValueSpecification\",\"valueRequired\":true,\"valueName\":\"search_term_string\"}}],\"inLanguage\":\"es\"}]}<\/script>\n<!-- \/ Yoast SEO plugin. -->","yoast_head_json":{"title":"Lethiguel","description":"Lethiguel fabrica hornos de aluminio para aplicaciones de fundici\u00f3n a alta presi\u00f3n y gravedad. Cont\u00e1ctenos para obtener detalles sobre nuestra gama.","robots":{"index":"index","follow":"follow","max-snippet":"max-snippet:-1","max-image-preview":"max-image-preview:large","max-video-preview":"max-video-preview:-1"},"canonical":"https:\/\/lethiguel.com\/es\/horno-soporte-aluminio-al-clean.html","og_locale":"es_ES","og_type":"article","og_title":"Lethiguel","og_description":"Lethiguel fabrica hornos de aluminio para aplicaciones de fundici\u00f3n a alta presi\u00f3n y gravedad. Cont\u00e1ctenos para obtener detalles sobre nuestra gama.","og_url":"https:\/\/lethiguel.com\/es\/horno-soporte-aluminio-al-clean.html","og_site_name":"Lethiguel Espa\u00f1ol","article_modified_time":"2023-11-10T13:50:48+00:00","twitter_card":"summary_large_image","twitter_misc":{"Tiempo de lectura":"4 minutos"},"schema":{"@context":"https:\/\/schema.org","@graph":[{"@type":"WebPage","@id":"https:\/\/lethiguel.com\/es\/horno-soporte-aluminio-al-clean.html","url":"https:\/\/lethiguel.com\/es\/horno-soporte-aluminio-al-clean.html","name":"Lethiguel","isPartOf":{"@id":"https:\/\/lethiguel.com\/es\/#website"},"datePublished":"2019-06-20T12:35:55+00:00","dateModified":"2023-11-10T13:50:48+00:00","description":"Lethiguel fabrica hornos de aluminio para aplicaciones de fundici\u00f3n a alta presi\u00f3n y gravedad. Cont\u00e1ctenos para obtener detalles sobre nuestra gama.","breadcrumb":{"@id":"https:\/\/lethiguel.com\/es\/horno-soporte-aluminio-al-clean.html#breadcrumb"},"inLanguage":"es","potentialAction":[{"@type":"ReadAction","target":["https:\/\/lethiguel.com\/es\/horno-soporte-aluminio-al-clean.html"]}]},{"@type":"BreadcrumbList","@id":"https:\/\/lethiguel.com\/es\/horno-soporte-aluminio-al-clean.html#breadcrumb","itemListElement":[{"@type":"ListItem","position":1,"name":"Accueil","item":"https:\/\/lethiguel.com\/es\/"},{"@type":"ListItem","position":2,"name":"Horno de soporte de aluminio Al Clean"}]},{"@type":"WebSite","@id":"https:\/\/lethiguel.com\/es\/#website","url":"https:\/\/lethiguel.com\/es\/","name":"Lethiguel Espa\u00f1ol","description":"Heating and cooling solutions","potentialAction":[{"@type":"SearchAction","target":{"@type":"EntryPoint","urlTemplate":"https:\/\/lethiguel.com\/es\/?s={search_term_string}"},"query-input":{"@type":"PropertyValueSpecification","valueRequired":true,"valueName":"search_term_string"}}],"inLanguage":"es"}]}},"_links":{"self":[{"href":"https:\/\/lethiguel.com\/es\/wp-json\/wp\/v2\/pages\/331","targetHints":{"allow":["GET"]}}],"collection":[{"href":"https:\/\/lethiguel.com\/es\/wp-json\/wp\/v2\/pages"}],"about":[{"href":"https:\/\/lethiguel.com\/es\/wp-json\/wp\/v2\/types\/page"}],"author":[{"embeddable":true,"href":"https:\/\/lethiguel.com\/es\/wp-json\/wp\/v2\/users\/1"}],"replies":[{"embeddable":true,"href":"https:\/\/lethiguel.com\/es\/wp-json\/wp\/v2\/comments?post=331"}],"version-history":[{"count":41,"href":"https:\/\/lethiguel.com\/es\/wp-json\/wp\/v2\/pages\/331\/revisions"}],"predecessor-version":[{"id":1983,"href":"https:\/\/lethiguel.com\/es\/wp-json\/wp\/v2\/pages\/331\/revisions\/1983"}],"wp:attachment":[{"href":"https:\/\/lethiguel.com\/es\/wp-json\/wp\/v2\/media?parent=331"}],"curies":[{"name":"wp","href":"https:\/\/api.w.org\/{rel}","templated":true}]}}