{"id":341,"date":"2019-06-20T14:44:39","date_gmt":"2019-06-20T12:44:39","guid":{"rendered":"https:\/\/lethiguel.com\/es\/?page_id=341"},"modified":"2023-11-10T14:54:43","modified_gmt":"2023-11-10T13:54:43","slug":"horno-de-fundicion-a-medida","status":"publish","type":"page","link":"https:\/\/lethiguel.com\/es\/horno-de-fundicion-a-medida.html","title":{"rendered":"Hornos a medida para fundici\u00f3n"},"content":{"rendered":"<section class=\"wpb-content-wrapper\"><p>[vc_row type=\u00bbvc_default\u00bb content_placement=\u00bbmiddle\u00bb el_class=\u00bbbloc-article\u00bb][vc_column width=\u00bb1\/3&#8243; el_class=\u00bbtexteblanc bloc-text-bloc-article\u00bb][vc_column_text css=\u00bb.vc_custom_1576135349599{padding-top: 20px !important;padding-right: 20px !important;padding-bottom: 20px !important;padding-left: 20px !important;background-color: #313131 !important;}\u00bb]<\/p>\n<h3 class=\"avantages1\">Hornos de fundic\u00f3n a medida para:<\/h3>\n<ul>\n<li><strong class=\"d2b\">Fundici\u00f3n a alta presi\u00f3n<\/strong><\/li>\n<li><strong class=\"d2b\">Fundici\u00f3n por gravedad<\/strong><\/li>\n<\/ul>\n<p>[\/vc_column_text][vc_column_text css=\u00bb.vc_custom_1576135418714{margin-top: -40px !important;padding-top: 20px !important;padding-right: 20px !important;padding-bottom: 20px !important;padding-left: 20px !important;background-color: #cf302d !important;}\u00bb]<strong>Calidad, eficiencia y precisi\u00f3n<\/strong><\/p>\n<p>Lethiguel dise\u00f1a y vende\u00a0<strong class=\"d2b\">hornos de fundici\u00f3n totalmente personalizados<\/strong>, construidos con\u00a0<strong class=\"d2b\">tecnolog\u00eda de calentamiento por inmersi\u00f3n<\/strong>, con o sin un\u00a0<strong class=\"d2b\">sistema de desgasificaci\u00f3n<\/strong>\u00a0integrado. La capacidad \u00fatil, las prestaciones t\u00e9rmicas y la posici\u00f3n del calentador de inmersi\u00f3n est\u00e1n dise\u00f1adas espec\u00edficamente para cada cliente.<\/p>\n<p>Gracias al saber hacer de Lethiguel, nuestros\u00a0<strong class=\"d2b\">hornos de calentamiento por inmersi\u00f3n<\/strong>\u00a0ayudan a reducir el consumo de energ\u00eda y a mejorar la calidad del metal. El uso de calentadores en un horno aumenta la temperatura al mismo tiempo que evita la oxidaci\u00f3n. Cuando se utilizan con un sistema de <strong class=\"d2b\">desgasificaci\u00f3n<\/strong>, los calentadores de inmersi\u00f3n garantizan una calidad y densidad \u00f3ptimas del metal.[\/vc_column_text][\/vc_column][vc_column width=\u00bb2\/3&#8243; animation=\u00bbfadeInRight\u00bb el_class=\u00bbbloc-img-bloc-article\u00bb][vc_single_image image=\u00bb1730&#8243; img_size=\u00bbfull\u00bb alignment=\u00bbcenter\u00bb][\/vc_column][\/vc_row][vc_row][vc_column animation=\u00bbfadeInLeft\u00bb][vc_column_text]Cada vez son m\u00e1s los clientes que conf\u00edan en nuestro sistema de calentamiento principal: el calentador Thermal Power\u00ae. Hemos codise\u00f1ado hornos personalizados para satisfacer los requisitos t\u00e9cnicos extremadamente espec\u00edficos de los sectores que requieren una calidad cada vez mayor sin perder de vista un consumo de energ\u00eda bajo.<\/p>\n<p>Nuestro departamento de ingenier\u00eda est\u00e1 siempre disponible para dise\u00f1ar la mejor soluci\u00f3n en funci\u00f3n de las especificaciones t\u00e9cnicas \u00fanicas de cada cliente.[\/vc_column_text][\/vc_column][\/vc_row][vc_row type=\u00bbvc_default\u00bb gap=\u00bb10&#8243; css=\u00bb.vc_custom_1560947205923{margin-top: 30px !important;}\u00bb][vc_column width=\u00bb1\/2&#8243; animation=\u00bbfadeInLeft\u00bb el_class=\u00bbsimilar\u00bb][vc_column_text]<\/p>\n<h3>Productos similares<\/h3>\n<p>[\/vc_column_text][vc_separator color=\u00bbcustom\u00bb accent_color=\u00bb#474747&#8243; css=\u00bb.vc_custom_1560947192642{margin-top: -15px !important;}\u00bb][\/vc_column][vc_column width=\u00bb1\/2&#8243; animation=\u00bbfadeInRight\u00bb el_class=\u00bbaccess\u00bb][vc_column_text]<\/p>\n<h3>Accesorios<\/h3>\n<p>[\/vc_column_text][vc_separator color=\u00bbcustom\u00bb accent_color=\u00bb#474747&#8243; css=\u00bb.vc_custom_1560947199074{margin-top: -15px !important;}\u00bb][\/vc_column][vc_column][\/vc_column][\/vc_row][vc_row][vc_column][vc_btn title=\u00bbCont\u00e1ctenos\u00bb style=\u00bbcustom\u00bb custom_background=\u00bb#cf302d\u00bb custom_text=\u00bb#ffffff\u00bb size=\u00bblg\u00bb align=\u00bbcenter\u00bb link=\u00bburl:https%3A%2F%2Flethiguel.com\/es%2Fcontact.html|title:Contact||\u00bb][\/vc_column][\/vc_row]<\/p>\n<\/section>","protected":false},"excerpt":{"rendered":"<p>[vc_row type=\u00bbvc_default\u00bb content_placement=\u00bbmiddle\u00bb el_class=\u00bbbloc-article\u00bb][vc_column width=\u00bb1\/3&#8243; el_class=\u00bbtexteblanc bloc-text-bloc-article\u00bb][vc_column_text css=\u00bb.vc_custom_1576135349599{padding-top: 20px !important;padding-right: 20px !important;padding-bottom: 20px !important;padding-left: 20px !important;background-color: #313131 !important;}\u00bb] Hornos de fundic\u00f3n a medida para: Fundici\u00f3n a alta presi\u00f3n Fundici\u00f3n por gravedad [\/vc_column_text][vc_column_text css=\u00bb.vc_custom_1576135418714{margin-top: -40px !important;padding-top: 20px !important;padding-right: 20px !important;padding-bottom: 20px !important;padding-left: 20px !important;background-color: #cf302d !important;}\u00bb]Calidad, eficiencia y precisi\u00f3n Lethiguel dise\u00f1a y vende\u00a0hornos de fundici\u00f3n totalmente&hellip;<\/p>\n","protected":false},"author":1,"featured_media":0,"parent":0,"menu_order":0,"comment_status":"closed","ping_status":"closed","template":"","meta":{"footnotes":""},"class_list":["post-341","page","type-page","status-publish","hentry","description-off"],"yoast_head":"<!-- This site is optimized with the Yoast SEO plugin v27.4 - https:\/\/yoast.com\/product\/yoast-seo-wordpress\/ -->\n<title>Lethiguel<\/title>\n<meta name=\"description\" content=\"Lethiguel fabrica hornos a medida para fundici\u00f3n a presi\u00f3n, alta \/ baja presi\u00f3n, fundici\u00f3n por gravedad. Cont\u00e1ctenos para detalles.\" \/>\n<meta name=\"robots\" content=\"index, follow, max-snippet:-1, max-image-preview:large, max-video-preview:-1\" \/>\n<link rel=\"canonical\" href=\"https:\/\/lethiguel.com\/es\/horno-de-fundicion-a-medida.html\" \/>\n<meta property=\"og:locale\" content=\"es_ES\" \/>\n<meta property=\"og:type\" content=\"article\" \/>\n<meta property=\"og:title\" content=\"Lethiguel\" \/>\n<meta property=\"og:description\" content=\"Lethiguel fabrica hornos a medida para fundici\u00f3n a presi\u00f3n, alta \/ baja presi\u00f3n, fundici\u00f3n por gravedad. Cont\u00e1ctenos para detalles.\" \/>\n<meta property=\"og:url\" content=\"https:\/\/lethiguel.com\/es\/horno-de-fundicion-a-medida.html\" \/>\n<meta property=\"og:site_name\" content=\"Lethiguel Espa\u00f1ol\" \/>\n<meta property=\"article:modified_time\" content=\"2023-11-10T13:54:43+00:00\" \/>\n<meta name=\"twitter:card\" content=\"summary_large_image\" \/>\n<meta name=\"twitter:label1\" content=\"Tiempo de lectura\" \/>\n\t<meta name=\"twitter:data1\" content=\"3 minutos\" \/>\n<script type=\"application\/ld+json\" class=\"yoast-schema-graph\">{\"@context\":\"https:\\\/\\\/schema.org\",\"@graph\":[{\"@type\":\"WebPage\",\"@id\":\"https:\\\/\\\/lethiguel.com\\\/es\\\/horno-de-fundicion-a-medida.html\",\"url\":\"https:\\\/\\\/lethiguel.com\\\/es\\\/horno-de-fundicion-a-medida.html\",\"name\":\"Lethiguel\",\"isPartOf\":{\"@id\":\"https:\\\/\\\/lethiguel.com\\\/es\\\/#website\"},\"datePublished\":\"2019-06-20T12:44:39+00:00\",\"dateModified\":\"2023-11-10T13:54:43+00:00\",\"description\":\"Lethiguel fabrica hornos a medida para fundici\u00f3n a presi\u00f3n, alta \\\/ baja presi\u00f3n, fundici\u00f3n por gravedad. Cont\u00e1ctenos para detalles.\",\"breadcrumb\":{\"@id\":\"https:\\\/\\\/lethiguel.com\\\/es\\\/horno-de-fundicion-a-medida.html#breadcrumb\"},\"inLanguage\":\"es\",\"potentialAction\":[{\"@type\":\"ReadAction\",\"target\":[\"https:\\\/\\\/lethiguel.com\\\/es\\\/horno-de-fundicion-a-medida.html\"]}]},{\"@type\":\"BreadcrumbList\",\"@id\":\"https:\\\/\\\/lethiguel.com\\\/es\\\/horno-de-fundicion-a-medida.html#breadcrumb\",\"itemListElement\":[{\"@type\":\"ListItem\",\"position\":1,\"name\":\"Accueil\",\"item\":\"https:\\\/\\\/lethiguel.com\\\/es\\\/\"},{\"@type\":\"ListItem\",\"position\":2,\"name\":\"Hornos a medida para fundici\u00f3n\"}]},{\"@type\":\"WebSite\",\"@id\":\"https:\\\/\\\/lethiguel.com\\\/es\\\/#website\",\"url\":\"https:\\\/\\\/lethiguel.com\\\/es\\\/\",\"name\":\"Lethiguel Espa\u00f1ol\",\"description\":\"Heating and cooling solutions\",\"potentialAction\":[{\"@type\":\"SearchAction\",\"target\":{\"@type\":\"EntryPoint\",\"urlTemplate\":\"https:\\\/\\\/lethiguel.com\\\/es\\\/?s={search_term_string}\"},\"query-input\":{\"@type\":\"PropertyValueSpecification\",\"valueRequired\":true,\"valueName\":\"search_term_string\"}}],\"inLanguage\":\"es\"}]}<\/script>\n<!-- \/ Yoast SEO plugin. -->","yoast_head_json":{"title":"Lethiguel","description":"Lethiguel fabrica hornos a medida para fundici\u00f3n a presi\u00f3n, alta \/ baja presi\u00f3n, fundici\u00f3n por gravedad. Cont\u00e1ctenos para detalles.","robots":{"index":"index","follow":"follow","max-snippet":"max-snippet:-1","max-image-preview":"max-image-preview:large","max-video-preview":"max-video-preview:-1"},"canonical":"https:\/\/lethiguel.com\/es\/horno-de-fundicion-a-medida.html","og_locale":"es_ES","og_type":"article","og_title":"Lethiguel","og_description":"Lethiguel fabrica hornos a medida para fundici\u00f3n a presi\u00f3n, alta \/ baja presi\u00f3n, fundici\u00f3n por gravedad. Cont\u00e1ctenos para detalles.","og_url":"https:\/\/lethiguel.com\/es\/horno-de-fundicion-a-medida.html","og_site_name":"Lethiguel Espa\u00f1ol","article_modified_time":"2023-11-10T13:54:43+00:00","twitter_card":"summary_large_image","twitter_misc":{"Tiempo de lectura":"3 minutos"},"schema":{"@context":"https:\/\/schema.org","@graph":[{"@type":"WebPage","@id":"https:\/\/lethiguel.com\/es\/horno-de-fundicion-a-medida.html","url":"https:\/\/lethiguel.com\/es\/horno-de-fundicion-a-medida.html","name":"Lethiguel","isPartOf":{"@id":"https:\/\/lethiguel.com\/es\/#website"},"datePublished":"2019-06-20T12:44:39+00:00","dateModified":"2023-11-10T13:54:43+00:00","description":"Lethiguel fabrica hornos a medida para fundici\u00f3n a presi\u00f3n, alta \/ baja presi\u00f3n, fundici\u00f3n por gravedad. Cont\u00e1ctenos para detalles.","breadcrumb":{"@id":"https:\/\/lethiguel.com\/es\/horno-de-fundicion-a-medida.html#breadcrumb"},"inLanguage":"es","potentialAction":[{"@type":"ReadAction","target":["https:\/\/lethiguel.com\/es\/horno-de-fundicion-a-medida.html"]}]},{"@type":"BreadcrumbList","@id":"https:\/\/lethiguel.com\/es\/horno-de-fundicion-a-medida.html#breadcrumb","itemListElement":[{"@type":"ListItem","position":1,"name":"Accueil","item":"https:\/\/lethiguel.com\/es\/"},{"@type":"ListItem","position":2,"name":"Hornos a medida para fundici\u00f3n"}]},{"@type":"WebSite","@id":"https:\/\/lethiguel.com\/es\/#website","url":"https:\/\/lethiguel.com\/es\/","name":"Lethiguel Espa\u00f1ol","description":"Heating and cooling solutions","potentialAction":[{"@type":"SearchAction","target":{"@type":"EntryPoint","urlTemplate":"https:\/\/lethiguel.com\/es\/?s={search_term_string}"},"query-input":{"@type":"PropertyValueSpecification","valueRequired":true,"valueName":"search_term_string"}}],"inLanguage":"es"}]}},"_links":{"self":[{"href":"https:\/\/lethiguel.com\/es\/wp-json\/wp\/v2\/pages\/341","targetHints":{"allow":["GET"]}}],"collection":[{"href":"https:\/\/lethiguel.com\/es\/wp-json\/wp\/v2\/pages"}],"about":[{"href":"https:\/\/lethiguel.com\/es\/wp-json\/wp\/v2\/types\/page"}],"author":[{"embeddable":true,"href":"https:\/\/lethiguel.com\/es\/wp-json\/wp\/v2\/users\/1"}],"replies":[{"embeddable":true,"href":"https:\/\/lethiguel.com\/es\/wp-json\/wp\/v2\/comments?post=341"}],"version-history":[{"count":27,"href":"https:\/\/lethiguel.com\/es\/wp-json\/wp\/v2\/pages\/341\/revisions"}],"predecessor-version":[{"id":1986,"href":"https:\/\/lethiguel.com\/es\/wp-json\/wp\/v2\/pages\/341\/revisions\/1986"}],"wp:attachment":[{"href":"https:\/\/lethiguel.com\/es\/wp-json\/wp\/v2\/media?parent=341"}],"curies":[{"name":"wp","href":"https:\/\/api.w.org\/{rel}","templated":true}]}}