{"id":348,"date":"2019-06-20T14:49:22","date_gmt":"2019-06-20T12:49:22","guid":{"rendered":"https:\/\/lethiguel.com\/es\/?page_id=348"},"modified":"2023-11-10T14:53:28","modified_gmt":"2023-11-10T13:53:28","slug":"estacion-calentamiento-aluminio-twiga","status":"publish","type":"page","link":"https:\/\/lethiguel.com\/es\/estacion-calentamiento-aluminio-twiga.html","title":{"rendered":"Estaci\u00f3n de calentamiento Twiga"},"content":{"rendered":"<section class=\"wpb-content-wrapper\"><p>[vc_row type=\u00bbvc_default\u00bb content_placement=\u00bbmiddle\u00bb el_class=\u00bbbloc-article\u00bb][vc_column width=\u00bb1\/3&#8243; el_class=\u00bbtexteblanc bloc-text-bloc-article\u00bb][vc_single_image image=\u00bb1367&#8243; img_size=\u00bbfull\u00bb][vc_column_text css=\u00bb.vc_custom_1586246277651{margin-top: -30px !important;}\u00bb]<\/p>\n<h3 style=\"text-align: center;\"><strong><span style=\"color: #999999;\">Estaci\u00f3n de calefacci\u00f3n inteligente<\/span><\/strong><\/h3>\n<p>[\/vc_column_text][vc_column_text css=\u00bb.vc_custom_1584968209672{padding-top: 20px !important;padding-right: 20px !important;padding-bottom: 20px !important;padding-left: 20px !important;background-color: #313131 !important;}\u00bb]<\/p>\n<h3 class=\"avantages1\">Ventajas del la estaci\u00f3n de calentamiento de aluminio Twiga:<\/h3>\n<ul>\n<li>Tama\u00f1o de la cuchara desde 300kg hasta 5T<\/li>\n<li>Potencia calor\u00edfica de 2kW a 60kW<\/li>\n<li>Desgasificaci\u00f3n disponible<\/li>\n<li>Monitoreo avanzado disponible<\/li>\n<li>Dise\u00f1o compacto: 1,80m y ampliable<\/li>\n<\/ul>\n<p>[\/vc_column_text][vc_column_text css=\u00bb.vc_custom_1584968223792{margin-top: -40px !important;padding-top: 20px !important;padding-right: 20px !important;padding-bottom: 20px !important;padding-left: 20px !important;background-color: #cf302d !important;}\u00bb]Twiga es la \u00faltima <strong class=\"d2b\">estaci\u00f3n de calentamiento de aluminio<\/strong> de Lethiguel. Dise\u00f1ado para optimizar el espacio de trabajo y el consumo de energ\u00eda, Twiga puede adaptarse a cualquier tipo de cuchara de transporte y puede montarse para <strong class=\"d2b\">desgasificar<\/strong> gracias a un soporte de cubierta adaptable. Para ser montado con <strong class=\"d2b\">calentadores de inmersi\u00f3n ThermalPower\u00ae Lethiguel<\/strong>, Twiga permite una alta <strong>velocidad de calentamiento<\/strong> y una m\u00ednima p\u00e9rdida de calor.[\/vc_column_text][\/vc_column][vc_column width=\u00bb2\/3&#8243; animation=\u00bbfadeInRight\u00bb el_class=\u00bbbloc-img-bloc-article\u00bb][vc_single_image image=\u00bb1715&#8243; img_size=\u00bbfull\u00bb alignment=\u00bbcenter\u00bb][\/vc_column][\/vc_row][vc_row animation=\u00bbfadeInLeft\u00bb][vc_column][vc_empty_space][vc_column_text]<\/p>\n<h3 style=\"text-align: center;\">Configuraci\u00f3n disponible de Twiga, la estaci\u00f3n de calentamiento de aluminio<\/h3>\n<p>[\/vc_column_text][\/vc_column][\/vc_row][vc_row][vc_column animation=\u00bbfadeInLeft\u00bb][vc_single_image image=\u00bb1498&#8243; img_size=\u00bbfull\u00bb alignment=\u00bbcenter\u00bb][\/vc_column][\/vc_row][vc_row][vc_column width=\u00bb1\/2&#8243; animation=\u00bbfadeInLeft\u00bb css=\u00bb.vc_custom_1596181870848{margin-top: 35px !important;}\u00bb][vc_single_image image=\u00bb1497&#8243; img_size=\u00bbfull\u00bb alignment=\u00bbcenter\u00bb][vc_column_text]<\/p>\n<p style=\"text-align: center;\">Estaci\u00f3n de calentamiento de aluminio TWIGA: 2\u00a0calentadores<\/p>\n<p>[\/vc_column_text][\/vc_column][vc_column width=\u00bb1\/2&#8243; animation=\u00bbfadeInRight\u00bb][vc_single_image image=\u00bb1496&#8243; img_size=\u00bbfull\u00bb alignment=\u00bbcenter\u00bb][vc_column_text]<\/p>\n<p style=\"text-align: center;\">Estaci\u00f3n de calentamiento de aluminio TWIGA: 2\u00a0calentadores + desgasificaci\u00f3n<\/p>\n<p>[\/vc_column_text][\/vc_column][\/vc_row][vc_row][vc_column][vc_separator el_width=\u00bb80&#8243;][\/vc_column][vc_column animation=\u00bbfadeInUp\u00bb][vc_column_text]<\/p>\n<h3 style=\"text-align: center;\">Principales ventajas de la estaci\u00f3n de calentamiento<\/h3>\n<p>[\/vc_column_text][vc_row_inner][vc_column_inner width=\u00bb1\/2&#8243;][vc_column_text]<\/p>\n<h4 style=\"text-align: center;\">Ahorro de energ\u00eda<\/h4>\n<p style=\"text-align: center;\">Su dise\u00f1o compacto, fruto de muchos a\u00f1os de experiencia en el sector, permite optimizar tanto el espacio de trabajo (tan solo 1,80\u00a0m en posici\u00f3n de calentamiento) como el consumo de energ\u00eda, al disponer de un sistema de regulaci\u00f3n inteligente que suministra \u00fanicamente la energ\u00eda necesaria.<\/p>\n<p>[\/vc_column_text][\/vc_column_inner][vc_column_inner width=\u00bb1\/2&#8243;][vc_column_text]<\/p>\n<h4 style=\"text-align: center;\">Una soluci\u00f3n est\u00e1ndar personalizada<\/h4>\n<p style=\"text-align: center;\">TWIGA se puede adaptar a cualquier tipo de cuchara de transporte e instalarse para la desgasificaci\u00f3n gracias a un soporte de tapa adaptable y a una tapa personalizada adaptable a los calentadores de inmersi\u00f3n.<\/p>\n<p>[\/vc_column_text][\/vc_column_inner][\/vc_row_inner][vc_row_inner][vc_column_inner width=\u00bb1\/2&#8243;][vc_column_text]<\/p>\n<h4 style=\"text-align: center;\">Optimice el rendimiento de TWIGA con los calentadores Thermal Power\u00ae<\/h4>\n<p style=\"text-align: center;\">Al montarse con los calentadores de inmersi\u00f3n Thermal Power\u00ae de Lethiguel, TWIGA ofrece una alta velocidad de calentamiento y una p\u00e9rdida de calor m\u00ednima, as\u00ed como un aumento de la temperatura en funci\u00f3n de las necesidades de sus procesos (hasta 150\u00a0\u00b0C\/h). El sistema de regulaci\u00f3n inteligente est\u00e1 espec\u00edficamente dise\u00f1ado para aprovechar al 100\u00a0% el potencial de los calentadores Thermal Power\u00ae, al tiempo que proporciona un entorno controlado que garantiza su m\u00e1xima vida \u00fatil.<\/p>\n<p>[\/vc_column_text][\/vc_column_inner][vc_column_inner width=\u00bb1\/2&#8243;][vc_column_text]<\/p>\n<h4 style=\"text-align: center;\">La manera m\u00e1s r\u00e1pida de utilizar la desgasificaci\u00f3n<\/h4>\n<p style=\"text-align: center;\">Utilizar una estaci\u00f3n TWIGA montada con uno de nuestros sistemas de desgasificaci\u00f3n y una soluci\u00f3n de calentamiento es la mejor soluci\u00f3n para asegurar tanto el control de la calidad del aluminio como el de la temperatura.<\/p>\n<p>[\/vc_column_text][\/vc_column_inner][\/vc_row_inner][\/vc_column][\/vc_row][vc_row][vc_column animation=\u00bbfadeInLeft\u00bb][vc_single_image image=\u00bb1716&#8243; img_size=\u00bbfull\u00bb][vc_btn title=\u00bbSoluci\u00f3n de desgasificaci\u00f3n inteligente\u00bb color=\u00bbdanger\u00bb link=\u00bburl:https%3A%2F%2Fwww.youtube.com%2Fwatch%3Fv%3D_IUlfZDgUrM|||\u00bb css=\u00bb.vc_custom_1596182261004{margin-top: -200px !important;margin-left: 40px !important;}\u00bb][\/vc_column][\/vc_row][vc_row][vc_column animation=\u00bbfadeInLeft\u00bb][vc_column_text]<\/p>\n<h3 style=\"text-align: center;\">Especificaciones t\u00e9cnicas de la estaci\u00f3n de calentamiento Twiga<\/h3>\n<p>[\/vc_column_text][vc_single_image image=\u00bb1502&#8243; img_size=\u00bbfull\u00bb alignment=\u00bbcenter\u00bb style=\u00bbvc_box_shadow_3d\u00bb][\/vc_column][\/vc_row][vc_row][vc_column][\/vc_column][\/vc_row][vc_row][vc_column animation=\u00bbfadeInUp\u00bb][vc_column_text]<\/p>\n<h3 style=\"text-align: center;\">Soluci\u00f3n de desgasificaci\u00f3n inteligente<\/h3>\n<p>[\/vc_column_text][\/vc_column][vc_column][vc_row_inner][vc_column_inner width=\u00bb1\/2&#8243;][info_circle edge_radius=\u00bb80&#8243; start_degree=\u00bb90&#8243; eg_padding=\u00bb70&#8243; icon_size=\u00bb50&#8243; img_icon_size=\u00bb32&#8243; content_icon_size=\u00bb70&#8243; content_bg=\u00bb#ce403d\u00bb content_color=\u00bb#ffffff\u00bb eg_br_style=\u00bbdashed\u00bb eg_br_width=\u00bb1&#8243; eg_border_color=\u00bb#ce716f\u00bb auto_slide=\u00bbon\u00bb auto_slide_duration=\u00bb5&#8243; responsive_breakpoint=\u00bb800&#8243;][info_circle_item icon_type=\u00bbcustom\u00bb info_img=\u00bbid^1824|url^https:\/\/lethiguel.com\/wp-content\/uploads\/2020\/02\/temperature-icon.png|caption^null|alt^null|title^temperature icon|description^null\u00bb]Descenso de la temperatura[\/info_circle_item][info_circle_item icon_type=\u00bbcustom\u00bb info_img=\u00bbid^1822|url^https:\/\/lethiguel.com\/wp-content\/uploads\/2020\/02\/heat-icon.png|caption^null|alt^null|title^heat icon|description^null\u00bb]Sobrecalentamiento[\/info_circle_item][info_circle_item icon_type=\u00bbcustom\u00bb info_img=\u00bbid^1823|url^https:\/\/lethiguel.com\/wp-content\/uploads\/2020\/02\/metal-icon.png|caption^null|alt^null|title^metal icon|description^null\u00bb]Ca\u00edda de la calidad del metal[\/info_circle_item][info_circle_item icon_type=\u00bbcustom\u00bb info_img=\u00bbid^1825|url^https:\/\/lethiguel.com\/wp-content\/uploads\/2020\/02\/time-icon.png|caption^null|alt^null|title^time icon|description^null\u00bb]Mayor tiempo de desgasificaci\u00f3n[\/info_circle_item][\/info_circle][vc_empty_space][vc_column_text]<\/p>\n<p style=\"text-align: center;\"><strong>Desgasificaci\u00f3n sin TWIGA<\/strong><\/p>\n<p>[\/vc_column_text][\/vc_column_inner][vc_column_inner width=\u00bb1\/2&#8243;][info_circle edge_radius=\u00bb80&#8243; start_degree=\u00bb90&#8243; eg_padding=\u00bb70&#8243; icon_size=\u00bb50&#8243; img_icon_size=\u00bb32&#8243; content_icon_size=\u00bb70&#8243; content_bg=\u00bb#ce403d\u00bb content_color=\u00bb#ffffff\u00bb eg_br_style=\u00bbdashed\u00bb eg_br_width=\u00bb1&#8243; eg_border_color=\u00bb#ce5c5a\u00bb auto_slide=\u00bbon\u00bb auto_slide_duration=\u00bb5&#8243; responsive_breakpoint=\u00bb800&#8243;][info_circle_item icon_type=\u00bbcustom\u00bb info_img=\u00bbid^1824|url^https:\/\/lethiguel.com\/wp-content\/uploads\/2020\/02\/temperature-icon.png|caption^null|alt^null|title^temperature icon|description^null\u00bb]No hay p\u00e9rdida de temperatura[\/info_circle_item][info_circle_item icon_type=\u00bbcustom\u00bb info_img=\u00bbid^1822|url^https:\/\/lethiguel.com\/wp-content\/uploads\/2020\/02\/heat-icon.png|caption^null|alt^null|title^heat icon|description^null\u00bb]No hay sobrecalentamiento[\/info_circle_item][info_circle_item icon_type=\u00bbcustom\u00bb info_img=\u00bbid^1823|url^https:\/\/lethiguel.com\/wp-content\/uploads\/2020\/02\/metal-icon.png|caption^null|alt^null|title^metal icon|description^null\u00bb]Mejor calidad del metal[\/info_circle_item][info_circle_item icon_type=\u00bbcustom\u00bb info_img=\u00bbid^1825|url^https:\/\/lethiguel.com\/wp-content\/uploads\/2020\/02\/time-icon.png|caption^null|alt^null|title^time icon|description^null\u00bb]Menor tiempo de desgasificaci\u00f3n[\/info_circle_item][\/info_circle][vc_empty_space][vc_column_text]<\/p>\n<p style=\"text-align: center;\"><strong>Desgasificaci\u00f3n inteligente con TWIGA<\/strong><\/p>\n<p>[\/vc_column_text][\/vc_column_inner][\/vc_row_inner][vc_empty_space][\/vc_column][\/vc_row][vc_row][vc_column animation=\u00bbfadeInLeft\u00bb][vc_column_text]<\/p>\n<h3>Si busca una soluci\u00f3n de calentamiento integrada con la que mejorar sus procesos de fundici\u00f3n de metales, conf\u00ede en la estaci\u00f3n de calentamiento Twiga.<\/h3>\n<p>Nuestro departamento de ingenier\u00eda, en estrecha colaboraci\u00f3n con los ingenieros de nuestro departamento de ventas, es capaz de crear una soluci\u00f3n de calentamiento totalmente personalizada que tenga en cuenta las limitaciones de cada cliente. Todo el proyecto est\u00e1 dirigido por un equipo cuya misi\u00f3n es ofrecer la mejor soluci\u00f3n posible en un plazo definido.[\/vc_column_text][\/vc_column][\/vc_row][vc_row][vc_column][vc_video link=\u00bbhttps:\/\/www.youtube.com\/watch?v=_IUlfZDgUrM\u00bb align=\u00bbcenter\u00bb][\/vc_column][\/vc_row][vc_row type=\u00bbvc_default\u00bb gap=\u00bb10&#8243; css=\u00bb.vc_custom_1560947205923{margin-top: 30px !important;}\u00bb][vc_column width=\u00bb1\/2&#8243; animation=\u00bbfadeInLeft\u00bb el_class=\u00bbsimilar\u00bb][vc_column_text]<\/p>\n<h3>Productos similares<\/h3>\n<p>[\/vc_column_text][vc_separator color=\u00bbcustom\u00bb accent_color=\u00bb#474747&#8243; css=\u00bb.vc_custom_1560947192642{margin-top: -15px !important;}\u00bb][\/vc_column][vc_column width=\u00bb1\/2&#8243; animation=\u00bbfadeInRight\u00bb el_class=\u00bbaccessorie\u00bb][vc_column_text]<\/p>\n<h3>Accesorios<\/h3>\n<p>[\/vc_column_text][vc_separator color=\u00bbcustom\u00bb accent_color=\u00bb#474747&#8243; css=\u00bb.vc_custom_1560947199074{margin-top: -15px !important;}\u00bb][\/vc_column][\/vc_row][vc_row][vc_column][vc_btn title=\u00bbCont\u00e1ctenos\u00bb style=\u00bbcustom\u00bb custom_background=\u00bb#cf302d\u00bb custom_text=\u00bb#ffffff\u00bb size=\u00bblg\u00bb align=\u00bbcenter\u00bb link=\u00bburl:https%3A%2F%2Flethiguel.com%2Fcontact-us.html|title:Contact||\u00bb][\/vc_column][\/vc_row]<\/p>\n<\/section>","protected":false},"excerpt":{"rendered":"<p>[vc_row type=\u00bbvc_default\u00bb content_placement=\u00bbmiddle\u00bb el_class=\u00bbbloc-article\u00bb][vc_column width=\u00bb1\/3&#8243; el_class=\u00bbtexteblanc bloc-text-bloc-article\u00bb][vc_single_image image=\u00bb1367&#8243; img_size=\u00bbfull\u00bb][vc_column_text css=\u00bb.vc_custom_1586246277651{margin-top: -30px !important;}\u00bb] Estaci\u00f3n de calefacci\u00f3n inteligente [\/vc_column_text][vc_column_text css=\u00bb.vc_custom_1584968209672{padding-top: 20px !important;padding-right: 20px !important;padding-bottom: 20px !important;padding-left: 20px !important;background-color: #313131 !important;}\u00bb] Ventajas del la estaci\u00f3n de calentamiento de aluminio Twiga: Tama\u00f1o de la cuchara desde 300kg hasta 5T Potencia calor\u00edfica de 2kW a 60kW Desgasificaci\u00f3n disponible Monitoreo avanzado&hellip;<\/p>\n","protected":false},"author":1,"featured_media":0,"parent":0,"menu_order":0,"comment_status":"closed","ping_status":"closed","template":"","meta":{"footnotes":""},"class_list":["post-348","page","type-page","status-publish","hentry","description-off"],"yoast_head":"<!-- This site is optimized with the Yoast SEO plugin v27.4 - https:\/\/yoast.com\/product\/yoast-seo-wordpress\/ -->\n<title>Lethiguel<\/title>\n<meta name=\"description\" content=\"LETHIGUEL fabrica soluciones de calentamiento de aluminio para fundici\u00f3n. Cont\u00e1ctenos para informaciones sobre las soluciones que proponemos.\" \/>\n<meta name=\"robots\" content=\"index, follow, max-snippet:-1, max-image-preview:large, max-video-preview:-1\" \/>\n<link rel=\"canonical\" href=\"https:\/\/lethiguel.com\/es\/estacion-calentamiento-aluminio-twiga.html\" \/>\n<meta property=\"og:locale\" content=\"es_ES\" \/>\n<meta property=\"og:type\" content=\"article\" \/>\n<meta property=\"og:title\" content=\"Lethiguel\" \/>\n<meta property=\"og:description\" content=\"LETHIGUEL fabrica soluciones de calentamiento de aluminio para fundici\u00f3n. Cont\u00e1ctenos para informaciones sobre las soluciones que proponemos.\" \/>\n<meta property=\"og:url\" content=\"https:\/\/lethiguel.com\/es\/estacion-calentamiento-aluminio-twiga.html\" \/>\n<meta property=\"og:site_name\" content=\"Lethiguel Espa\u00f1ol\" \/>\n<meta property=\"article:modified_time\" content=\"2023-11-10T13:53:28+00:00\" \/>\n<meta name=\"twitter:card\" content=\"summary_large_image\" \/>\n<meta name=\"twitter:label1\" content=\"Tiempo de lectura\" \/>\n\t<meta name=\"twitter:data1\" content=\"5 minutos\" \/>\n<script type=\"application\/ld+json\" class=\"yoast-schema-graph\">{\"@context\":\"https:\\\/\\\/schema.org\",\"@graph\":[{\"@type\":\"WebPage\",\"@id\":\"https:\\\/\\\/lethiguel.com\\\/es\\\/estacion-calentamiento-aluminio-twiga.html\",\"url\":\"https:\\\/\\\/lethiguel.com\\\/es\\\/estacion-calentamiento-aluminio-twiga.html\",\"name\":\"Lethiguel\",\"isPartOf\":{\"@id\":\"https:\\\/\\\/lethiguel.com\\\/es\\\/#website\"},\"datePublished\":\"2019-06-20T12:49:22+00:00\",\"dateModified\":\"2023-11-10T13:53:28+00:00\",\"description\":\"LETHIGUEL fabrica soluciones de calentamiento de aluminio para fundici\u00f3n. Cont\u00e1ctenos para informaciones sobre las soluciones que proponemos.\",\"breadcrumb\":{\"@id\":\"https:\\\/\\\/lethiguel.com\\\/es\\\/estacion-calentamiento-aluminio-twiga.html#breadcrumb\"},\"inLanguage\":\"es\",\"potentialAction\":[{\"@type\":\"ReadAction\",\"target\":[\"https:\\\/\\\/lethiguel.com\\\/es\\\/estacion-calentamiento-aluminio-twiga.html\"]}]},{\"@type\":\"BreadcrumbList\",\"@id\":\"https:\\\/\\\/lethiguel.com\\\/es\\\/estacion-calentamiento-aluminio-twiga.html#breadcrumb\",\"itemListElement\":[{\"@type\":\"ListItem\",\"position\":1,\"name\":\"Accueil\",\"item\":\"https:\\\/\\\/lethiguel.com\\\/es\\\/\"},{\"@type\":\"ListItem\",\"position\":2,\"name\":\"Estaci\u00f3n de calentamiento Twiga\"}]},{\"@type\":\"WebSite\",\"@id\":\"https:\\\/\\\/lethiguel.com\\\/es\\\/#website\",\"url\":\"https:\\\/\\\/lethiguel.com\\\/es\\\/\",\"name\":\"Lethiguel Espa\u00f1ol\",\"description\":\"Heating and cooling solutions\",\"potentialAction\":[{\"@type\":\"SearchAction\",\"target\":{\"@type\":\"EntryPoint\",\"urlTemplate\":\"https:\\\/\\\/lethiguel.com\\\/es\\\/?s={search_term_string}\"},\"query-input\":{\"@type\":\"PropertyValueSpecification\",\"valueRequired\":true,\"valueName\":\"search_term_string\"}}],\"inLanguage\":\"es\"}]}<\/script>\n<!-- \/ Yoast SEO plugin. -->","yoast_head_json":{"title":"Lethiguel","description":"LETHIGUEL fabrica soluciones de calentamiento de aluminio para fundici\u00f3n. Cont\u00e1ctenos para informaciones sobre las soluciones que proponemos.","robots":{"index":"index","follow":"follow","max-snippet":"max-snippet:-1","max-image-preview":"max-image-preview:large","max-video-preview":"max-video-preview:-1"},"canonical":"https:\/\/lethiguel.com\/es\/estacion-calentamiento-aluminio-twiga.html","og_locale":"es_ES","og_type":"article","og_title":"Lethiguel","og_description":"LETHIGUEL fabrica soluciones de calentamiento de aluminio para fundici\u00f3n. Cont\u00e1ctenos para informaciones sobre las soluciones que proponemos.","og_url":"https:\/\/lethiguel.com\/es\/estacion-calentamiento-aluminio-twiga.html","og_site_name":"Lethiguel Espa\u00f1ol","article_modified_time":"2023-11-10T13:53:28+00:00","twitter_card":"summary_large_image","twitter_misc":{"Tiempo de lectura":"5 minutos"},"schema":{"@context":"https:\/\/schema.org","@graph":[{"@type":"WebPage","@id":"https:\/\/lethiguel.com\/es\/estacion-calentamiento-aluminio-twiga.html","url":"https:\/\/lethiguel.com\/es\/estacion-calentamiento-aluminio-twiga.html","name":"Lethiguel","isPartOf":{"@id":"https:\/\/lethiguel.com\/es\/#website"},"datePublished":"2019-06-20T12:49:22+00:00","dateModified":"2023-11-10T13:53:28+00:00","description":"LETHIGUEL fabrica soluciones de calentamiento de aluminio para fundici\u00f3n. Cont\u00e1ctenos para informaciones sobre las soluciones que proponemos.","breadcrumb":{"@id":"https:\/\/lethiguel.com\/es\/estacion-calentamiento-aluminio-twiga.html#breadcrumb"},"inLanguage":"es","potentialAction":[{"@type":"ReadAction","target":["https:\/\/lethiguel.com\/es\/estacion-calentamiento-aluminio-twiga.html"]}]},{"@type":"BreadcrumbList","@id":"https:\/\/lethiguel.com\/es\/estacion-calentamiento-aluminio-twiga.html#breadcrumb","itemListElement":[{"@type":"ListItem","position":1,"name":"Accueil","item":"https:\/\/lethiguel.com\/es\/"},{"@type":"ListItem","position":2,"name":"Estaci\u00f3n de calentamiento Twiga"}]},{"@type":"WebSite","@id":"https:\/\/lethiguel.com\/es\/#website","url":"https:\/\/lethiguel.com\/es\/","name":"Lethiguel Espa\u00f1ol","description":"Heating and cooling solutions","potentialAction":[{"@type":"SearchAction","target":{"@type":"EntryPoint","urlTemplate":"https:\/\/lethiguel.com\/es\/?s={search_term_string}"},"query-input":{"@type":"PropertyValueSpecification","valueRequired":true,"valueName":"search_term_string"}}],"inLanguage":"es"}]}},"_links":{"self":[{"href":"https:\/\/lethiguel.com\/es\/wp-json\/wp\/v2\/pages\/348","targetHints":{"allow":["GET"]}}],"collection":[{"href":"https:\/\/lethiguel.com\/es\/wp-json\/wp\/v2\/pages"}],"about":[{"href":"https:\/\/lethiguel.com\/es\/wp-json\/wp\/v2\/types\/page"}],"author":[{"embeddable":true,"href":"https:\/\/lethiguel.com\/es\/wp-json\/wp\/v2\/users\/1"}],"replies":[{"embeddable":true,"href":"https:\/\/lethiguel.com\/es\/wp-json\/wp\/v2\/comments?post=348"}],"version-history":[{"count":37,"href":"https:\/\/lethiguel.com\/es\/wp-json\/wp\/v2\/pages\/348\/revisions"}],"predecessor-version":[{"id":1985,"href":"https:\/\/lethiguel.com\/es\/wp-json\/wp\/v2\/pages\/348\/revisions\/1985"}],"wp:attachment":[{"href":"https:\/\/lethiguel.com\/es\/wp-json\/wp\/v2\/media?parent=348"}],"curies":[{"name":"wp","href":"https:\/\/api.w.org\/{rel}","templated":true}]}}