{"id":355,"date":"2019-06-20T15:12:00","date_gmt":"2019-06-20T13:12:00","guid":{"rendered":"https:\/\/lethiguel.com\/es\/?page_id=355"},"modified":"2020-07-31T12:27:38","modified_gmt":"2020-07-31T10:27:38","slug":"kit-limpieza","status":"publish","type":"page","link":"https:\/\/lethiguel.com\/es\/kit-limpieza.html","title":{"rendered":"Kit de limpieza para calentadores de inmersi\u00f3n"},"content":{"rendered":"<section class=\"wpb-content-wrapper\"><p>[vc_row el_class=\u00bbbloc-article\u00bb][vc_column width=\u00bb1\/2&#8243; el_class=\u00bbtexteblanc bloc-text-bloc-article\u00bb][vc_column_text css=\u00bb.vc_custom_1585555520994{padding-top: 20px !important;padding-right: 20px !important;padding-bottom: 20px !important;padding-left: 20px !important;background-color: #313131 !important;}\u00bb]La eficiencia de las herramientas de producci\u00f3n, como los <strong class=\"d2b\">calentadores de inmersi\u00f3n<\/strong>, se ve afectada en parte por el estado de la herramienta. Por lo tanto, el kit de limpiera es un \u00abmust have\u00bb para asegurarse de que est\u00e1 sacando lo mejor de su equipo.<\/p>\n<p><span class=\"fort\">ref. TOOL-CLEANKIT-00<\/span>[\/vc_column_text][\/vc_column][vc_column width=\u00bb1\/2&#8243; animation=\u00bbfadeInRight\u00bb][vc_single_image image=\u00bb1734&#8243; img_size=\u00bbfull\u00bb alignment=\u00bbcenter\u00bb el_class=\u00bbcentrage\u00bb][\/vc_column][\/vc_row][vc_row][vc_column][vc_separator][\/vc_column][vc_column][vc_column_text]<\/p>\n<h2 style=\"text-align: center;\">Perif\u00e9ricos para soluciones de calentamiento<\/h2>\n<p>[\/vc_column_text][vc_empty_space][\/vc_column][\/vc_row][vc_row animation=\u00bbfadeInLeft\u00bb][vc_column width=\u00bb1\/2&#8243;][vc_column_text]<\/p>\n<h3>Limpiador para calentadores de inmersi\u00f3n<\/h3>\n<p>El limpiador de calentadores es una herramienta que se utiliza para limpiar calentadores de inmersi\u00f3n. Est\u00e1 especialmente dise\u00f1ado para adaptarse a la gama de calentadores Thermal Power y ayudar a los operarios a realizar una limpieza adecuada del calentador. Cuanto mejor sea la limpieza, mayor ser\u00e1 la vida \u00fatil del calentador.<\/p>\n<p>Ref. TOOL-HEATERCL-00[\/vc_column_text][\/vc_column][vc_column width=\u00bb1\/2&#8243;][vc_single_image image=\u00bb1571&#8243; img_size=\u00bbmedium\u00bb alignment=\u00bbcenter\u00bb][\/vc_column][vc_column][vc_separator][\/vc_column][\/vc_row][vc_row animation=\u00bbfadeInRight\u00bb][vc_column width=\u00bb1\/2&#8243;][vc_single_image image=\u00bb1572&#8243; img_size=\u00bbmedium\u00bb alignment=\u00bbcenter\u00bb][\/vc_column][vc_column width=\u00bb1\/2&#8243;][vc_column_text]<\/p>\n<h3>Limpiador para ba\u00f1os de aluminio<\/h3>\n<p>Este limpiador se utiliza para los ba\u00f1os de aluminio. Est\u00e1 dise\u00f1ado para facilitar la eliminaci\u00f3n del \u00f3xido y la espuma de la superficie del horno o la cuchara de transporte.<\/p>\n<p>Ref. TOOL-BATHCL-00[\/vc_column_text][\/vc_column][\/vc_row][vc_row][vc_column][vc_separator][\/vc_column][\/vc_row][vc_row animation=\u00bbfadeInLeft\u00bb][vc_column width=\u00bb1\/2&#8243;][vc_column_text]<\/p>\n<h3>Limpiador para paredes refractarias<\/h3>\n<p>El limpiador de paredes permite limpiar las paredes refractarias de cualquier horno o cuchara de transporte. Su dise\u00f1o pr\u00e1ctico ayuda a eliminar los dep\u00f3sitos de espuma de las paredes refractarias.<\/p>\n<p>Ref. TOOL-WALLCL-00[\/vc_column_text][\/vc_column][vc_column width=\u00bb1\/2&#8243;][vc_single_image image=\u00bb1573&#8243; img_size=\u00bbmedium\u00bb alignment=\u00bbcenter\u00bb][\/vc_column][\/vc_row][vc_row][vc_column][vc_btn title=\u00bbCont\u00e1ctenos\u00bb style=\u00bbcustom\u00bb custom_background=\u00bb#cf302d\u00bb custom_text=\u00bb#ffffff\u00bb size=\u00bblg\u00bb align=\u00bbcenter\u00bb link=\u00bburl:https%3A%2F%2Flethiguel.com%2Fcontact-us.html|title:Contact||\u00bb][\/vc_column][\/vc_row]<\/p>\n<\/section>","protected":false},"excerpt":{"rendered":"<p>[vc_row el_class=\u00bbbloc-article\u00bb][vc_column width=\u00bb1\/2&#8243; el_class=\u00bbtexteblanc bloc-text-bloc-article\u00bb][vc_column_text css=\u00bb.vc_custom_1585555520994{padding-top: 20px !important;padding-right: 20px !important;padding-bottom: 20px !important;padding-left: 20px !important;background-color: #313131 !important;}\u00bb]La eficiencia de las herramientas de producci\u00f3n, como los calentadores de inmersi\u00f3n, se ve afectada en parte por el estado de la herramienta. Por lo tanto, el kit de limpiera es un \u00abmust have\u00bb para asegurarse de que est\u00e1 sacando&hellip;<\/p>\n","protected":false},"author":1,"featured_media":0,"parent":0,"menu_order":0,"comment_status":"closed","ping_status":"closed","template":"","meta":{"footnotes":""},"class_list":["post-355","page","type-page","status-publish","hentry","description-off"],"yoast_head":"<!-- This site is optimized with the Yoast SEO plugin v27.4 - https:\/\/yoast.com\/product\/yoast-seo-wordpress\/ -->\n<title>Lethiguel<\/title>\n<meta name=\"description\" content=\"LETHIGUEL fabrica equipo para la industria de fundici\u00f3n como el kit de limpieza para calentadores de inmersi\u00f3n. Cont\u00e1ctenos par m\u00e1s informaciones.\" \/>\n<meta name=\"robots\" content=\"index, follow, max-snippet:-1, max-image-preview:large, max-video-preview:-1\" \/>\n<link rel=\"canonical\" href=\"https:\/\/lethiguel.com\/es\/kit-limpieza.html\" \/>\n<meta property=\"og:locale\" content=\"es_ES\" \/>\n<meta property=\"og:type\" content=\"article\" \/>\n<meta property=\"og:title\" content=\"Lethiguel\" \/>\n<meta property=\"og:description\" content=\"LETHIGUEL fabrica equipo para la industria de fundici\u00f3n como el kit de limpieza para calentadores de inmersi\u00f3n. Cont\u00e1ctenos par m\u00e1s informaciones.\" \/>\n<meta property=\"og:url\" content=\"https:\/\/lethiguel.com\/es\/kit-limpieza.html\" \/>\n<meta property=\"og:site_name\" content=\"Lethiguel Espa\u00f1ol\" \/>\n<meta property=\"article:modified_time\" content=\"2020-07-31T10:27:38+00:00\" \/>\n<meta name=\"twitter:card\" content=\"summary_large_image\" \/>\n<meta name=\"twitter:label1\" content=\"Tiempo de lectura\" \/>\n\t<meta name=\"twitter:data1\" content=\"2 minutos\" \/>\n<script type=\"application\/ld+json\" class=\"yoast-schema-graph\">{\"@context\":\"https:\\\/\\\/schema.org\",\"@graph\":[{\"@type\":\"WebPage\",\"@id\":\"https:\\\/\\\/lethiguel.com\\\/es\\\/kit-limpieza.html\",\"url\":\"https:\\\/\\\/lethiguel.com\\\/es\\\/kit-limpieza.html\",\"name\":\"Lethiguel\",\"isPartOf\":{\"@id\":\"https:\\\/\\\/lethiguel.com\\\/es\\\/#website\"},\"datePublished\":\"2019-06-20T13:12:00+00:00\",\"dateModified\":\"2020-07-31T10:27:38+00:00\",\"description\":\"LETHIGUEL fabrica equipo para la industria de fundici\u00f3n como el kit de limpieza para calentadores de inmersi\u00f3n. Cont\u00e1ctenos par m\u00e1s informaciones.\",\"breadcrumb\":{\"@id\":\"https:\\\/\\\/lethiguel.com\\\/es\\\/kit-limpieza.html#breadcrumb\"},\"inLanguage\":\"es\",\"potentialAction\":[{\"@type\":\"ReadAction\",\"target\":[\"https:\\\/\\\/lethiguel.com\\\/es\\\/kit-limpieza.html\"]}]},{\"@type\":\"BreadcrumbList\",\"@id\":\"https:\\\/\\\/lethiguel.com\\\/es\\\/kit-limpieza.html#breadcrumb\",\"itemListElement\":[{\"@type\":\"ListItem\",\"position\":1,\"name\":\"Accueil\",\"item\":\"https:\\\/\\\/lethiguel.com\\\/es\\\/\"},{\"@type\":\"ListItem\",\"position\":2,\"name\":\"Kit de limpieza para calentadores de inmersi\u00f3n\"}]},{\"@type\":\"WebSite\",\"@id\":\"https:\\\/\\\/lethiguel.com\\\/es\\\/#website\",\"url\":\"https:\\\/\\\/lethiguel.com\\\/es\\\/\",\"name\":\"Lethiguel Espa\u00f1ol\",\"description\":\"Heating and cooling solutions\",\"potentialAction\":[{\"@type\":\"SearchAction\",\"target\":{\"@type\":\"EntryPoint\",\"urlTemplate\":\"https:\\\/\\\/lethiguel.com\\\/es\\\/?s={search_term_string}\"},\"query-input\":{\"@type\":\"PropertyValueSpecification\",\"valueRequired\":true,\"valueName\":\"search_term_string\"}}],\"inLanguage\":\"es\"}]}<\/script>\n<!-- \/ Yoast SEO plugin. -->","yoast_head_json":{"title":"Lethiguel","description":"LETHIGUEL fabrica equipo para la industria de fundici\u00f3n como el kit de limpieza para calentadores de inmersi\u00f3n. Cont\u00e1ctenos par m\u00e1s informaciones.","robots":{"index":"index","follow":"follow","max-snippet":"max-snippet:-1","max-image-preview":"max-image-preview:large","max-video-preview":"max-video-preview:-1"},"canonical":"https:\/\/lethiguel.com\/es\/kit-limpieza.html","og_locale":"es_ES","og_type":"article","og_title":"Lethiguel","og_description":"LETHIGUEL fabrica equipo para la industria de fundici\u00f3n como el kit de limpieza para calentadores de inmersi\u00f3n. Cont\u00e1ctenos par m\u00e1s informaciones.","og_url":"https:\/\/lethiguel.com\/es\/kit-limpieza.html","og_site_name":"Lethiguel Espa\u00f1ol","article_modified_time":"2020-07-31T10:27:38+00:00","twitter_card":"summary_large_image","twitter_misc":{"Tiempo de lectura":"2 minutos"},"schema":{"@context":"https:\/\/schema.org","@graph":[{"@type":"WebPage","@id":"https:\/\/lethiguel.com\/es\/kit-limpieza.html","url":"https:\/\/lethiguel.com\/es\/kit-limpieza.html","name":"Lethiguel","isPartOf":{"@id":"https:\/\/lethiguel.com\/es\/#website"},"datePublished":"2019-06-20T13:12:00+00:00","dateModified":"2020-07-31T10:27:38+00:00","description":"LETHIGUEL fabrica equipo para la industria de fundici\u00f3n como el kit de limpieza para calentadores de inmersi\u00f3n. Cont\u00e1ctenos par m\u00e1s informaciones.","breadcrumb":{"@id":"https:\/\/lethiguel.com\/es\/kit-limpieza.html#breadcrumb"},"inLanguage":"es","potentialAction":[{"@type":"ReadAction","target":["https:\/\/lethiguel.com\/es\/kit-limpieza.html"]}]},{"@type":"BreadcrumbList","@id":"https:\/\/lethiguel.com\/es\/kit-limpieza.html#breadcrumb","itemListElement":[{"@type":"ListItem","position":1,"name":"Accueil","item":"https:\/\/lethiguel.com\/es\/"},{"@type":"ListItem","position":2,"name":"Kit de limpieza para calentadores de inmersi\u00f3n"}]},{"@type":"WebSite","@id":"https:\/\/lethiguel.com\/es\/#website","url":"https:\/\/lethiguel.com\/es\/","name":"Lethiguel Espa\u00f1ol","description":"Heating and cooling solutions","potentialAction":[{"@type":"SearchAction","target":{"@type":"EntryPoint","urlTemplate":"https:\/\/lethiguel.com\/es\/?s={search_term_string}"},"query-input":{"@type":"PropertyValueSpecification","valueRequired":true,"valueName":"search_term_string"}}],"inLanguage":"es"}]}},"_links":{"self":[{"href":"https:\/\/lethiguel.com\/es\/wp-json\/wp\/v2\/pages\/355","targetHints":{"allow":["GET"]}}],"collection":[{"href":"https:\/\/lethiguel.com\/es\/wp-json\/wp\/v2\/pages"}],"about":[{"href":"https:\/\/lethiguel.com\/es\/wp-json\/wp\/v2\/types\/page"}],"author":[{"embeddable":true,"href":"https:\/\/lethiguel.com\/es\/wp-json\/wp\/v2\/users\/1"}],"replies":[{"embeddable":true,"href":"https:\/\/lethiguel.com\/es\/wp-json\/wp\/v2\/comments?post=355"}],"version-history":[{"count":16,"href":"https:\/\/lethiguel.com\/es\/wp-json\/wp\/v2\/pages\/355\/revisions"}],"predecessor-version":[{"id":1735,"href":"https:\/\/lethiguel.com\/es\/wp-json\/wp\/v2\/pages\/355\/revisions\/1735"}],"wp:attachment":[{"href":"https:\/\/lethiguel.com\/es\/wp-json\/wp\/v2\/media?parent=355"}],"curies":[{"name":"wp","href":"https:\/\/api.w.org\/{rel}","templated":true}]}}